{"id":12436,"date":"2023-12-05T15:51:57","date_gmt":"2023-12-05T14:51:57","guid":{"rendered":"https:\/\/la-ptite-cerise.be\/atelier-degustation-cafe-de-specialite\/"},"modified":"2025-03-20T15:13:02","modified_gmt":"2025-03-20T14:13:02","slug":"tasting-workshop","status":"publish","type":"page","link":"https:\/\/la-ptite-cerise.be\/en\/tasting-workshop\/","title":{"rendered":"Tasting Workshop"},"content":{"rendered":"<p class=\"p1\"><b>Tasting Workshop<\/b><b><\/b><\/p>\n<p class=\"p3\"><b>Dear coffee connoisseurs and passionate enthusiasts,<\/b><b><\/b><\/p>\n<p class=\"p4\">Have you ever wanted to learn more about specialty coffee and uncover the secrets of slow infusion brewing, just like the best baristas? Look no further\u2014our coffee tasting workshops are made for you!<\/p>\n<p class=\"p1\"><b>Discover the World of Specialty Coffee<\/b><b><\/b><\/p>\n<p class=\"p4\">Specialty coffee is much more than just a beverage. It\u2019s an art that highlights <span class=\"s1\"><b>subtle aromas, complex flavors, and unique origins<\/b><\/span> of high-quality coffee beans. During our workshops, you will explore the <span class=\"s1\"><b>diverse flavors and tasting profiles<\/b><\/span> of specialty coffees from around the world.<\/p>\n<p class=\"p1\"><b>Introduction to Coffee Tasting<\/b><b><\/b><\/p>\n<p class=\"p4\">Sharpen your senses and learn to recognize different <span class=\"s1\"><b>aromatic notes<\/b><\/span> in coffee. Our experts will guide you through an interactive tasting experience where you will discover the <span class=\"s1\"><b>aromas, flavors, and textures<\/b><\/span> of each coffee. You\u2019ll also be introduced to <span class=\"s1\"><b>professional tasting techniques<\/b><\/span>, helping you better appreciate every cup of coffee in the future.<\/p>\n<p class=\"p1\"><b>The Magic of Slow Infusion<\/b><b><\/b><\/p>\n<p class=\"p4\">Slow infusion is a <span class=\"s1\"><b>gentle and precise<\/b><\/span> brewing method that allows coffee aromas to develop gradually, offering a truly unique sensory experience. In our workshops, you\u2019ll learn the essential techniques of slow infusion, including:<\/p>\n<p class=\"p4\">\u2714 Choosing the right grinder<\/p>\n<p class=\"p4\">\u2714 The perfect coffee-to-water ratio<\/p>\n<p class=\"p4\">\u2714 The optimal water temperature<\/p>\n<p class=\"p4\">\u2714 The ideal brewing time<\/p>\n<p class=\"p4\">With these skills, you\u2019ll soon be able to prepare <span class=\"s1\"><b>slow-infused coffee like a professional barista<\/b><\/span>.<\/p>\n<p class=\"p1\"><b>Join Us for an Immersive Coffee Experience<\/b><b><\/b><\/p>\n<p class=\"p4\">If you\u2019re looking for a <span class=\"s1\"><b>rich and sensory journey into the world of specialty coffee<\/b><\/span>, don\u2019t miss our upcoming tasting workshops. Dive into the <span class=\"s1\"><b>fascinating universe of coffee<\/b><\/span> and uncover the secrets of the experts.<\/p>\n<p class=\"p3\"><b>Thursday, April 10, 2025<\/b><\/p>\n<p class=\"p3\"><b>6:30 PM \u2013 9:00 PM<\/b><\/p>\n<p class=\"p3\"><b>Tickets available on WeezTicket<\/b><\/p>\n<p class=\"p4\">Reserve your spot now and join us for a unique coffee experience! \u2615<\/p>\n","protected":false},"excerpt":{"rendered":"<p>Tasting Workshop Dear coffee connoisseurs and passionate enthusiasts, Have you ever wanted to learn more about specialty coffee and uncover<\/p>\n","protected":false},"author":3,"featured_media":0,"parent":0,"menu_order":0,"comment_status":"closed","ping_status":"closed","template":"","meta":{"footnotes":""},"class_list":["post-12436","page","type-page","status-publish","hentry"],"yoast_head":"<!-- This site is optimized with the Yoast SEO plugin v25.7 - https:\/\/yoast.com\/wordpress\/plugins\/seo\/ -->\n<title>Tasting Workshop - La P&#039;tite Cerise<\/title>\n<meta name=\"description\" content=\"Have you ever wanted to learn more about specialty coffee and discover the secrets to brewing a slow-infusion coffee worthy of the greatest baristas?\" \/>\n<meta name=\"robots\" content=\"index, follow, max-snippet:-1, max-image-preview:large, max-video-preview:-1\" \/>\n<link rel=\"canonical\" href=\"https:\/\/la-ptite-cerise.be\/en\/tasting-workshop\/\" \/>\n<meta property=\"og:locale\" content=\"en_US\" \/>\n<meta property=\"og:type\" content=\"article\" \/>\n<meta property=\"og:title\" content=\"Tasting Workshop - La P&#039;tite Cerise\" \/>\n<meta property=\"og:description\" content=\"Have you ever wanted to learn more about specialty coffee and discover the secrets to brewing a slow-infusion coffee worthy of the greatest baristas?\" \/>\n<meta property=\"og:url\" content=\"https:\/\/la-ptite-cerise.be\/en\/tasting-workshop\/\" \/>\n<meta property=\"og:site_name\" content=\"La P&#039;tite Cerise\" \/>\n<meta property=\"article:publisher\" content=\"https:\/\/www.facebook.com\/laptitecerise\/\" \/>\n<meta property=\"article:modified_time\" content=\"2025-03-20T14:13:02+00:00\" \/>\n<meta name=\"twitter:card\" content=\"summary_large_image\" \/>\n<meta name=\"twitter:label1\" content=\"Est. reading time\" \/>\n\t<meta name=\"twitter:data1\" content=\"2 minutes\" \/>\n<script type=\"application\/ld+json\" class=\"yoast-schema-graph\">{\"@context\":\"https:\/\/schema.org\",\"@graph\":[{\"@type\":\"WebPage\",\"@id\":\"https:\/\/la-ptite-cerise.be\/en\/tasting-workshop\/\",\"url\":\"https:\/\/la-ptite-cerise.be\/en\/tasting-workshop\/\",\"name\":\"Tasting Workshop - La P&#039;tite Cerise\",\"isPartOf\":{\"@id\":\"https:\/\/la-ptite-cerise.be\/#website\"},\"datePublished\":\"2023-12-05T14:51:57+00:00\",\"dateModified\":\"2025-03-20T14:13:02+00:00\",\"description\":\"Have you ever wanted to learn more about specialty coffee and discover the secrets to brewing a slow-infusion coffee worthy of the greatest baristas?\",\"breadcrumb\":{\"@id\":\"https:\/\/la-ptite-cerise.be\/en\/tasting-workshop\/#breadcrumb\"},\"inLanguage\":\"en-US\",\"potentialAction\":[{\"@type\":\"ReadAction\",\"target\":[\"https:\/\/la-ptite-cerise.be\/en\/tasting-workshop\/\"]}]},{\"@type\":\"BreadcrumbList\",\"@id\":\"https:\/\/la-ptite-cerise.be\/en\/tasting-workshop\/#breadcrumb\",\"itemListElement\":[{\"@type\":\"ListItem\",\"position\":1,\"name\":\"Accueil\",\"item\":\"https:\/\/la-ptite-cerise.be\/en\/\"},{\"@type\":\"ListItem\",\"position\":2,\"name\":\"Tasting Workshop\"}]},{\"@type\":\"WebSite\",\"@id\":\"https:\/\/la-ptite-cerise.be\/#website\",\"url\":\"https:\/\/la-ptite-cerise.be\/\",\"name\":\"La P'tite Cerise\",\"description\":\"Artisan torr\u00e9facteur de caf\u00e9 de sp\u00e9cialit\u00e9. S\u00e9lection de th\u00e9s &amp; tisanes.\",\"publisher\":{\"@id\":\"https:\/\/la-ptite-cerise.be\/#organization\"},\"potentialAction\":[{\"@type\":\"SearchAction\",\"target\":{\"@type\":\"EntryPoint\",\"urlTemplate\":\"https:\/\/la-ptite-cerise.be\/?s={search_term_string}\"},\"query-input\":{\"@type\":\"PropertyValueSpecification\",\"valueRequired\":true,\"valueName\":\"search_term_string\"}}],\"inLanguage\":\"en-US\"},{\"@type\":\"Organization\",\"@id\":\"https:\/\/la-ptite-cerise.be\/#organization\",\"name\":\"La P'tite Cerise\",\"url\":\"https:\/\/la-ptite-cerise.be\/\",\"logo\":{\"@type\":\"ImageObject\",\"inLanguage\":\"en-US\",\"@id\":\"https:\/\/la-ptite-cerise.be\/#\/schema\/logo\/image\/\",\"url\":\"https:\/\/la-ptite-cerise.be\/wp-content\/uploads\/2020\/10\/logo-header-01.jpg\",\"contentUrl\":\"https:\/\/la-ptite-cerise.be\/wp-content\/uploads\/2020\/10\/logo-header-01.jpg\",\"width\":176,\"height\":100,\"caption\":\"La P'tite Cerise\"},\"image\":{\"@id\":\"https:\/\/la-ptite-cerise.be\/#\/schema\/logo\/image\/\"},\"sameAs\":[\"https:\/\/www.facebook.com\/laptitecerise\/\",\"https:\/\/www.instagram.com\/la.ptite_cerise\/\"]}]}<\/script>\n<!-- \/ Yoast SEO plugin. -->","yoast_head_json":{"title":"Tasting Workshop - La P&#039;tite Cerise","description":"Have you ever wanted to learn more about specialty coffee and discover the secrets to brewing a slow-infusion coffee worthy of the greatest baristas?","robots":{"index":"index","follow":"follow","max-snippet":"max-snippet:-1","max-image-preview":"max-image-preview:large","max-video-preview":"max-video-preview:-1"},"canonical":"https:\/\/la-ptite-cerise.be\/en\/tasting-workshop\/","og_locale":"en_US","og_type":"article","og_title":"Tasting Workshop - La P&#039;tite Cerise","og_description":"Have you ever wanted to learn more about specialty coffee and discover the secrets to brewing a slow-infusion coffee worthy of the greatest baristas?","og_url":"https:\/\/la-ptite-cerise.be\/en\/tasting-workshop\/","og_site_name":"La P&#039;tite Cerise","article_publisher":"https:\/\/www.facebook.com\/laptitecerise\/","article_modified_time":"2025-03-20T14:13:02+00:00","twitter_card":"summary_large_image","twitter_misc":{"Est. reading time":"2 minutes"},"schema":{"@context":"https:\/\/schema.org","@graph":[{"@type":"WebPage","@id":"https:\/\/la-ptite-cerise.be\/en\/tasting-workshop\/","url":"https:\/\/la-ptite-cerise.be\/en\/tasting-workshop\/","name":"Tasting Workshop - La P&#039;tite Cerise","isPartOf":{"@id":"https:\/\/la-ptite-cerise.be\/#website"},"datePublished":"2023-12-05T14:51:57+00:00","dateModified":"2025-03-20T14:13:02+00:00","description":"Have you ever wanted to learn more about specialty coffee and discover the secrets to brewing a slow-infusion coffee worthy of the greatest baristas?","breadcrumb":{"@id":"https:\/\/la-ptite-cerise.be\/en\/tasting-workshop\/#breadcrumb"},"inLanguage":"en-US","potentialAction":[{"@type":"ReadAction","target":["https:\/\/la-ptite-cerise.be\/en\/tasting-workshop\/"]}]},{"@type":"BreadcrumbList","@id":"https:\/\/la-ptite-cerise.be\/en\/tasting-workshop\/#breadcrumb","itemListElement":[{"@type":"ListItem","position":1,"name":"Accueil","item":"https:\/\/la-ptite-cerise.be\/en\/"},{"@type":"ListItem","position":2,"name":"Tasting Workshop"}]},{"@type":"WebSite","@id":"https:\/\/la-ptite-cerise.be\/#website","url":"https:\/\/la-ptite-cerise.be\/","name":"La P'tite Cerise","description":"Artisan torr\u00e9facteur de caf\u00e9 de sp\u00e9cialit\u00e9. S\u00e9lection de th\u00e9s &amp; tisanes.","publisher":{"@id":"https:\/\/la-ptite-cerise.be\/#organization"},"potentialAction":[{"@type":"SearchAction","target":{"@type":"EntryPoint","urlTemplate":"https:\/\/la-ptite-cerise.be\/?s={search_term_string}"},"query-input":{"@type":"PropertyValueSpecification","valueRequired":true,"valueName":"search_term_string"}}],"inLanguage":"en-US"},{"@type":"Organization","@id":"https:\/\/la-ptite-cerise.be\/#organization","name":"La P'tite Cerise","url":"https:\/\/la-ptite-cerise.be\/","logo":{"@type":"ImageObject","inLanguage":"en-US","@id":"https:\/\/la-ptite-cerise.be\/#\/schema\/logo\/image\/","url":"https:\/\/la-ptite-cerise.be\/wp-content\/uploads\/2020\/10\/logo-header-01.jpg","contentUrl":"https:\/\/la-ptite-cerise.be\/wp-content\/uploads\/2020\/10\/logo-header-01.jpg","width":176,"height":100,"caption":"La P'tite Cerise"},"image":{"@id":"https:\/\/la-ptite-cerise.be\/#\/schema\/logo\/image\/"},"sameAs":["https:\/\/www.facebook.com\/laptitecerise\/","https:\/\/www.instagram.com\/la.ptite_cerise\/"]}]}},"_links":{"self":[{"href":"https:\/\/la-ptite-cerise.be\/en\/wp-json\/wp\/v2\/pages\/12436","targetHints":{"allow":["GET"]}}],"collection":[{"href":"https:\/\/la-ptite-cerise.be\/en\/wp-json\/wp\/v2\/pages"}],"about":[{"href":"https:\/\/la-ptite-cerise.be\/en\/wp-json\/wp\/v2\/types\/page"}],"author":[{"embeddable":true,"href":"https:\/\/la-ptite-cerise.be\/en\/wp-json\/wp\/v2\/users\/3"}],"replies":[{"embeddable":true,"href":"https:\/\/la-ptite-cerise.be\/en\/wp-json\/wp\/v2\/comments?post=12436"}],"version-history":[{"count":0,"href":"https:\/\/la-ptite-cerise.be\/en\/wp-json\/wp\/v2\/pages\/12436\/revisions"}],"wp:attachment":[{"href":"https:\/\/la-ptite-cerise.be\/en\/wp-json\/wp\/v2\/media?parent=12436"}],"curies":[{"name":"wp","href":"https:\/\/api.w.org\/{rel}","templated":true}]}}