{"id":12457,"date":"2025-03-20T15:38:39","date_gmt":"2025-03-20T14:38:39","guid":{"rendered":"https:\/\/la-ptite-cerise.be\/delivery\/"},"modified":"2025-05-25T19:17:34","modified_gmt":"2025-05-25T17:17:34","slug":"delivery","status":"publish","type":"page","link":"https:\/\/la-ptite-cerise.be\/en\/delivery\/","title":{"rendered":"Delivery"},"content":{"rendered":"<div class=\"wpb-content-wrapper\"><p>[vc_row][vc_column][vc_column_text css=&#8221;&#8221; text_larger=&#8221;no&#8221; woodmart_inline=&#8221;no&#8221;]<\/p>\n<h3 data-start=\"152\" data-end=\"200\"><strong data-start=\"161\" data-end=\"200\">Article 8 \u2013 Delivery and Collection<\/strong><\/h3>\n<p><\/p>\n<p data-start=\"202\" data-end=\"287\"><strong data-start=\"202\" data-end=\"225\">In-store collection<\/strong><br data-start=\"225\" data-end=\"228\" \/>Available at: Avenue de M\u00e9rode 87, 1330 Rixensart \u2013 Belgium<\/p>\n<p><\/p>\n<p data-start=\"289\" data-end=\"391\"><strong data-start=\"289\" data-end=\"301\">Delivery<\/strong><br data-start=\"301\" data-end=\"304\" \/>Handled by Bpost (home delivery or pick-up point) or Mondial Relay (pick-up point only)<\/p>\n<p><\/p>\n<p data-start=\"393\" data-end=\"532\"><strong data-start=\"393\" data-end=\"411\">Delivery zones<\/strong><br data-start=\"411\" data-end=\"414\" \/>Shipping available to Belgium and the following neighbouring countries:<br data-start=\"485\" data-end=\"488\" \/>France, Luxembourg, the Netherlands, Germany<\/p>\n<p><\/p>\n<p data-start=\"534\" data-end=\"627\"><strong data-start=\"534\" data-end=\"562\">Estimated delivery times<\/strong><br data-start=\"562\" data-end=\"565\" \/>Preparation: 2 working days from payment (Tuesday to Saturday)<\/p>\n<p><\/p>\n<p data-start=\"629\" data-end=\"641\"><strong data-start=\"629\" data-end=\"639\">Bpost:<\/strong><\/p>\n<ul data-start=\"642\" data-end=\"720\">\n<li data-start=\"642\" data-end=\"674\">\n<p data-start=\"644\" data-end=\"674\">Belgium: 1 to 2 working days<\/p>\n<\/li>\n<li data-start=\"675\" data-end=\"720\">\n<p data-start=\"677\" data-end=\"720\">Neighbouring countries: 3 to 5 working days<\/p>\n<\/li>\n<\/ul>\n<p><\/p>\n<p data-start=\"722\" data-end=\"742\"><strong data-start=\"722\" data-end=\"740\">Mondial Relay:<\/strong><\/p>\n<ul data-start=\"743\" data-end=\"821\">\n<li data-start=\"743\" data-end=\"775\">\n<p data-start=\"745\" data-end=\"775\">Belgium: 2 to 3 working days<\/p>\n<\/li>\n<li data-start=\"776\" data-end=\"821\">\n<p data-start=\"778\" data-end=\"821\">Neighbouring countries: 3 to 5 working days<\/p>\n<\/li>\n<\/ul>\n<p><\/p>\n<p data-start=\"823\" data-end=\"891\"><strong data-start=\"823\" data-end=\"840\">Shipping fees<\/strong><br data-start=\"840\" data-end=\"843\" \/>Automatically calculated at checkout based on:<\/p>\n<ul data-start=\"892\" data-end=\"943\">\n<li data-start=\"892\" data-end=\"909\">\n<p data-start=\"894\" data-end=\"909\">Parcel weight<\/p>\n<\/li>\n<li data-start=\"910\" data-end=\"929\">\n<p data-start=\"912\" data-end=\"929\">Delivery method<\/p>\n<\/li>\n<li data-start=\"930\" data-end=\"943\">\n<p data-start=\"932\" data-end=\"943\">Destination<\/p>\n<\/li>\n<\/ul>\n<p><\/p>\n<p data-start=\"945\" data-end=\"968\"><strong data-start=\"945\" data-end=\"966\">Indicative rates:<\/strong><\/p>\n<ul data-start=\"969\" data-end=\"1176\">\n<li data-start=\"969\" data-end=\"1008\">\n<p data-start=\"971\" data-end=\"1008\">Mondial Relay (Belgium): from \u20ac4.50<\/p>\n<\/li>\n<li data-start=\"1009\" data-end=\"1040\">\n<p data-start=\"1011\" data-end=\"1040\">Bpost (Belgium): from \u20ac6.90<\/p>\n<\/li>\n<li data-start=\"1041\" data-end=\"1113\">\n<p data-start=\"1043\" data-end=\"1113\">Mondial Relay (France, Luxembourg, Netherlands, Germany): from \u20ac6.00<\/p>\n<\/li>\n<li data-start=\"1114\" data-end=\"1176\">\n<p data-start=\"1116\" data-end=\"1176\">Bpost (France, Luxembourg, Netherlands, Germany): from \u20ac9.90<\/p>\n<\/li>\n<\/ul>\n<p><\/p>\n<p data-start=\"1178\" data-end=\"1314\">Rates may vary depending on the carriers\u2019 pricing policies.<br data-start=\"1237\" data-end=\"1240\" \/>The total amount is displayed before the final confirmation of your order.<\/p>\n<p>[\/vc_column_text][\/vc_column][\/vc_row]<\/p>\n<\/div>","protected":false},"excerpt":{"rendered":"<p>[vc_row][vc_column][vc_column_text css=&#8221;&#8221; text_larger=&#8221;no&#8221; woodmart_inline=&#8221;no&#8221;] Article 8 \u2013 Delivery and Collection In-store collectionAvailable at: Avenue de M\u00e9rode 87, 1330 Rixensart \u2013<\/p>\n","protected":false},"author":1,"featured_media":0,"parent":0,"menu_order":0,"comment_status":"closed","ping_status":"closed","template":"","meta":{"footnotes":""},"class_list":["post-12457","page","type-page","status-publish","hentry"],"yoast_head":"<!-- This site is optimized with the Yoast SEO plugin v25.7 - https:\/\/yoast.com\/wordpress\/plugins\/seo\/ -->\n<title>Delivery - La P&#039;tite Cerise<\/title>\n<meta name=\"robots\" content=\"index, follow, max-snippet:-1, max-image-preview:large, max-video-preview:-1\" \/>\n<link rel=\"canonical\" href=\"https:\/\/la-ptite-cerise.be\/livraison\/\" \/>\n<meta property=\"og:locale\" content=\"en_US\" \/>\n<meta property=\"og:type\" content=\"article\" \/>\n<meta property=\"og:title\" content=\"Delivery - La P&#039;tite Cerise\" \/>\n<meta property=\"og:description\" content=\"[vc_row][vc_column][vc_column_text css=&#8221;&#8221; text_larger=&#8221;no&#8221; woodmart_inline=&#8221;no&#8221;] Article 8 \u2013 Delivery and Collection In-store collectionAvailable at: Avenue de M\u00e9rode 87, 1330 Rixensart \u2013\" \/>\n<meta property=\"og:url\" content=\"https:\/\/la-ptite-cerise.be\/livraison\/\" \/>\n<meta property=\"og:site_name\" content=\"La P&#039;tite Cerise\" \/>\n<meta property=\"article:publisher\" content=\"https:\/\/www.facebook.com\/laptitecerise\/\" \/>\n<meta property=\"article:modified_time\" content=\"2025-05-25T17:17:34+00:00\" \/>\n<meta name=\"twitter:card\" content=\"summary_large_image\" \/>\n<meta name=\"twitter:label1\" content=\"Est. reading time\" \/>\n\t<meta name=\"twitter:data1\" content=\"1 minute\" \/>\n<script type=\"application\/ld+json\" class=\"yoast-schema-graph\">{\"@context\":\"https:\/\/schema.org\",\"@graph\":[{\"@type\":\"WebPage\",\"@id\":\"https:\/\/la-ptite-cerise.be\/livraison\/\",\"url\":\"https:\/\/la-ptite-cerise.be\/livraison\/\",\"name\":\"Delivery - La P&#039;tite Cerise\",\"isPartOf\":{\"@id\":\"https:\/\/la-ptite-cerise.be\/#website\"},\"datePublished\":\"2025-03-20T14:38:39+00:00\",\"dateModified\":\"2025-05-25T17:17:34+00:00\",\"breadcrumb\":{\"@id\":\"https:\/\/la-ptite-cerise.be\/livraison\/#breadcrumb\"},\"inLanguage\":\"en-US\",\"potentialAction\":[{\"@type\":\"ReadAction\",\"target\":[\"https:\/\/la-ptite-cerise.be\/livraison\/\"]}]},{\"@type\":\"BreadcrumbList\",\"@id\":\"https:\/\/la-ptite-cerise.be\/livraison\/#breadcrumb\",\"itemListElement\":[{\"@type\":\"ListItem\",\"position\":1,\"name\":\"Accueil\",\"item\":\"https:\/\/la-ptite-cerise.be\/en\/\"},{\"@type\":\"ListItem\",\"position\":2,\"name\":\"Delivery\"}]},{\"@type\":\"WebSite\",\"@id\":\"https:\/\/la-ptite-cerise.be\/#website\",\"url\":\"https:\/\/la-ptite-cerise.be\/\",\"name\":\"La P'tite Cerise\",\"description\":\"Artisan torr\u00e9facteur de caf\u00e9 de sp\u00e9cialit\u00e9. S\u00e9lection de th\u00e9s &amp; tisanes.\",\"publisher\":{\"@id\":\"https:\/\/la-ptite-cerise.be\/#organization\"},\"potentialAction\":[{\"@type\":\"SearchAction\",\"target\":{\"@type\":\"EntryPoint\",\"urlTemplate\":\"https:\/\/la-ptite-cerise.be\/?s={search_term_string}\"},\"query-input\":{\"@type\":\"PropertyValueSpecification\",\"valueRequired\":true,\"valueName\":\"search_term_string\"}}],\"inLanguage\":\"en-US\"},{\"@type\":\"Organization\",\"@id\":\"https:\/\/la-ptite-cerise.be\/#organization\",\"name\":\"La P'tite Cerise\",\"url\":\"https:\/\/la-ptite-cerise.be\/\",\"logo\":{\"@type\":\"ImageObject\",\"inLanguage\":\"en-US\",\"@id\":\"https:\/\/la-ptite-cerise.be\/#\/schema\/logo\/image\/\",\"url\":\"https:\/\/la-ptite-cerise.be\/wp-content\/uploads\/2020\/10\/logo-header-01.jpg\",\"contentUrl\":\"https:\/\/la-ptite-cerise.be\/wp-content\/uploads\/2020\/10\/logo-header-01.jpg\",\"width\":176,\"height\":100,\"caption\":\"La P'tite Cerise\"},\"image\":{\"@id\":\"https:\/\/la-ptite-cerise.be\/#\/schema\/logo\/image\/\"},\"sameAs\":[\"https:\/\/www.facebook.com\/laptitecerise\/\",\"https:\/\/www.instagram.com\/la.ptite_cerise\/\"]}]}<\/script>\n<!-- \/ Yoast SEO plugin. -->","yoast_head_json":{"title":"Delivery - La P&#039;tite Cerise","robots":{"index":"index","follow":"follow","max-snippet":"max-snippet:-1","max-image-preview":"max-image-preview:large","max-video-preview":"max-video-preview:-1"},"canonical":"https:\/\/la-ptite-cerise.be\/livraison\/","og_locale":"en_US","og_type":"article","og_title":"Delivery - La P&#039;tite Cerise","og_description":"[vc_row][vc_column][vc_column_text css=&#8221;&#8221; text_larger=&#8221;no&#8221; woodmart_inline=&#8221;no&#8221;] Article 8 \u2013 Delivery and Collection In-store collectionAvailable at: Avenue de M\u00e9rode 87, 1330 Rixensart \u2013","og_url":"https:\/\/la-ptite-cerise.be\/livraison\/","og_site_name":"La P&#039;tite Cerise","article_publisher":"https:\/\/www.facebook.com\/laptitecerise\/","article_modified_time":"2025-05-25T17:17:34+00:00","twitter_card":"summary_large_image","twitter_misc":{"Est. reading time":"1 minute"},"schema":{"@context":"https:\/\/schema.org","@graph":[{"@type":"WebPage","@id":"https:\/\/la-ptite-cerise.be\/livraison\/","url":"https:\/\/la-ptite-cerise.be\/livraison\/","name":"Delivery - La P&#039;tite Cerise","isPartOf":{"@id":"https:\/\/la-ptite-cerise.be\/#website"},"datePublished":"2025-03-20T14:38:39+00:00","dateModified":"2025-05-25T17:17:34+00:00","breadcrumb":{"@id":"https:\/\/la-ptite-cerise.be\/livraison\/#breadcrumb"},"inLanguage":"en-US","potentialAction":[{"@type":"ReadAction","target":["https:\/\/la-ptite-cerise.be\/livraison\/"]}]},{"@type":"BreadcrumbList","@id":"https:\/\/la-ptite-cerise.be\/livraison\/#breadcrumb","itemListElement":[{"@type":"ListItem","position":1,"name":"Accueil","item":"https:\/\/la-ptite-cerise.be\/en\/"},{"@type":"ListItem","position":2,"name":"Delivery"}]},{"@type":"WebSite","@id":"https:\/\/la-ptite-cerise.be\/#website","url":"https:\/\/la-ptite-cerise.be\/","name":"La P'tite Cerise","description":"Artisan torr\u00e9facteur de caf\u00e9 de sp\u00e9cialit\u00e9. S\u00e9lection de th\u00e9s &amp; tisanes.","publisher":{"@id":"https:\/\/la-ptite-cerise.be\/#organization"},"potentialAction":[{"@type":"SearchAction","target":{"@type":"EntryPoint","urlTemplate":"https:\/\/la-ptite-cerise.be\/?s={search_term_string}"},"query-input":{"@type":"PropertyValueSpecification","valueRequired":true,"valueName":"search_term_string"}}],"inLanguage":"en-US"},{"@type":"Organization","@id":"https:\/\/la-ptite-cerise.be\/#organization","name":"La P'tite Cerise","url":"https:\/\/la-ptite-cerise.be\/","logo":{"@type":"ImageObject","inLanguage":"en-US","@id":"https:\/\/la-ptite-cerise.be\/#\/schema\/logo\/image\/","url":"https:\/\/la-ptite-cerise.be\/wp-content\/uploads\/2020\/10\/logo-header-01.jpg","contentUrl":"https:\/\/la-ptite-cerise.be\/wp-content\/uploads\/2020\/10\/logo-header-01.jpg","width":176,"height":100,"caption":"La P'tite Cerise"},"image":{"@id":"https:\/\/la-ptite-cerise.be\/#\/schema\/logo\/image\/"},"sameAs":["https:\/\/www.facebook.com\/laptitecerise\/","https:\/\/www.instagram.com\/la.ptite_cerise\/"]}]}},"_links":{"self":[{"href":"https:\/\/la-ptite-cerise.be\/en\/wp-json\/wp\/v2\/pages\/12457","targetHints":{"allow":["GET"]}}],"collection":[{"href":"https:\/\/la-ptite-cerise.be\/en\/wp-json\/wp\/v2\/pages"}],"about":[{"href":"https:\/\/la-ptite-cerise.be\/en\/wp-json\/wp\/v2\/types\/page"}],"author":[{"embeddable":true,"href":"https:\/\/la-ptite-cerise.be\/en\/wp-json\/wp\/v2\/users\/1"}],"replies":[{"embeddable":true,"href":"https:\/\/la-ptite-cerise.be\/en\/wp-json\/wp\/v2\/comments?post=12457"}],"version-history":[{"count":0,"href":"https:\/\/la-ptite-cerise.be\/en\/wp-json\/wp\/v2\/pages\/12457\/revisions"}],"wp:attachment":[{"href":"https:\/\/la-ptite-cerise.be\/en\/wp-json\/wp\/v2\/media?parent=12457"}],"curies":[{"name":"wp","href":"https:\/\/api.w.org\/{rel}","templated":true}]}}