{"id":12467,"date":"2025-03-20T15:44:59","date_gmt":"2025-03-20T14:44:59","guid":{"rendered":"https:\/\/la-ptite-cerise.be\/withdrawal\/"},"modified":"2025-05-25T19:19:02","modified_gmt":"2025-05-25T17:19:02","slug":"withdrawal","status":"publish","type":"page","link":"https:\/\/la-ptite-cerise.be\/en\/withdrawal\/","title":{"rendered":"Withdrawal"},"content":{"rendered":"<div class=\"wpb-content-wrapper\"><p>[vc_row][vc_column][vc_column_text css=&#8221;&#8221; text_larger=&#8221;no&#8221; woodmart_inline=&#8221;no&#8221;]<\/p>\n<h2 data-start=\"239\" data-end=\"325\"><strong data-start=\"247\" data-end=\"325\">Right of Withdrawal \u2013 Articles VI.47 to VI.53 of the Belgian Economic Code<\/strong><\/h2>\n<p><\/p>\n<h3 data-start=\"327\" data-end=\"370\"><strong data-start=\"331\" data-end=\"370\">Article VI.47 \u2013 Right of withdrawal<\/strong><\/h3>\n<p><\/p>\n<p data-start=\"371\" data-end=\"578\"><strong data-start=\"371\" data-end=\"378\">\u00a71.<\/strong> The consumer has a period of fourteen days to withdraw from a distance contract without giving any reason and without incurring any costs other than those provided for in Articles VI.50 \u00a72 and VI.51.<\/p>\n<p><\/p>\n<p data-start=\"580\" data-end=\"643\"><strong data-start=\"580\" data-end=\"587\">\u00a72.<\/strong> The withdrawal period shall expire fourteen days after:<\/p>\n<ul data-start=\"644\" data-end=\"1183\">\n<li data-start=\"644\" data-end=\"714\">\n<p data-start=\"646\" data-end=\"714\">in the case of service contracts, the day the contract is concluded;<\/p>\n<\/li>\n<li data-start=\"715\" data-end=\"879\">\n<p data-start=\"717\" data-end=\"879\">in the case of sales contracts, the day on which the consumer or a third party designated by them (other than the carrier) takes physical possession of the goods;<\/p>\n<\/li>\n<li data-start=\"880\" data-end=\"1037\">\n<p data-start=\"882\" data-end=\"1037\">in the case of contracts for multiple goods ordered in one order and delivered separately, the day on which the consumer takes possession of the last item;<\/p>\n<\/li>\n<li data-start=\"1038\" data-end=\"1183\">\n<p data-start=\"1040\" data-end=\"1183\">in the case of contracts for regular delivery of goods over a defined period, the day on which the consumer takes possession of the first item.<\/p>\n<\/li>\n<\/ul>\n<p><\/p>\n<p data-start=\"1185\" data-end=\"1498\"><strong data-start=\"1185\" data-end=\"1192\">\u00a73.<\/strong> If the consumer has not been informed of their right of withdrawal, the withdrawal period shall be extended by twelve months from the end of the initial period. If the information is provided during this extended period, the fourteen-day withdrawal period starts from the date the information is received.<\/p>\n<p><\/p>\n<hr data-start=\"1500\" data-end=\"1503\" \/>\n<h3 data-start=\"1505\" data-end=\"1564\"><strong data-start=\"1509\" data-end=\"1564\">Article VI.48 \u2013 Exercise of the right of withdrawal<\/strong><\/h3>\n<p><\/p>\n<p data-start=\"1565\" data-end=\"1756\">The consumer must inform the seller of their decision to withdraw before the expiry of the deadline, by means of an unambiguous statement or by using the standard withdrawal form (see annex).<\/p>\n<p><\/p>\n<hr data-start=\"1758\" data-end=\"1761\" \/>\n<h3 data-start=\"1763\" data-end=\"1808\"><strong data-start=\"1767\" data-end=\"1808\">Article VI.49 \u2013 Effects of withdrawal<\/strong><\/h3>\n<p><\/p>\n<p data-start=\"1809\" data-end=\"2035\">In the event of a valid withdrawal, the seller shall reimburse all payments received from the consumer, including standard delivery costs, no later than fourteen days from the date on which they are informed of the withdrawal.<\/p>\n<p><\/p>\n<p data-start=\"2037\" data-end=\"2155\">The refund shall be made using the same payment method as the original transaction, unless expressly agreed otherwise.<\/p>\n<p><\/p>\n<hr data-start=\"2157\" data-end=\"2160\" \/>\n<h3 data-start=\"2162\" data-end=\"2213\"><strong data-start=\"2166\" data-end=\"2213\">Article VI.50 \u2013 Obligations of the consumer<\/strong><\/h3>\n<p><\/p>\n<p data-start=\"2214\" data-end=\"2390\"><strong data-start=\"2214\" data-end=\"2221\">\u00a71.<\/strong> The consumer shall return the goods or hand them over to the seller (or to a person authorised by the seller) within fourteen days of notifying the withdrawal decision.<\/p>\n<p><\/p>\n<p data-start=\"2392\" data-end=\"2463\"><strong data-start=\"2392\" data-end=\"2399\">\u00a72.<\/strong> The consumer shall bear the direct cost of returning the goods.<\/p>\n<p><\/p>\n<p data-start=\"2465\" data-end=\"2662\"><strong data-start=\"2465\" data-end=\"2472\">\u00a73.<\/strong> The consumer is only liable for any diminished value of the goods resulting from handling other than what is necessary to establish the nature, characteristics and functioning of the goods.<\/p>\n<p><\/p>\n<hr data-start=\"2664\" data-end=\"2667\" \/>\n<h3 data-start=\"2669\" data-end=\"2745\"><strong data-start=\"2673\" data-end=\"2745\">Article VI.51 \u2013 Performance of services during the withdrawal period<\/strong><\/h3>\n<p><\/p>\n<p data-start=\"2746\" data-end=\"2995\">In the case of services, performance may only begin during the withdrawal period if the consumer has expressly requested it. If the consumer withdraws after the performance has started, they shall pay an amount proportional to the services provided.<\/p>\n<p><\/p>\n<hr data-start=\"2997\" data-end=\"3000\" \/>\n<h2 data-start=\"3002\" data-end=\"3064\">\u274c <strong data-start=\"3007\" data-end=\"3064\">Exceptions to the right of withdrawal (Article VI.53)<\/strong><\/h2>\n<p><\/p>\n<p data-start=\"3066\" data-end=\"3148\">The consumer may not exercise the right of withdrawal for the following contracts:<\/p>\n<ul data-start=\"3149\" data-end=\"4459\">\n<li data-start=\"3149\" data-end=\"3233\">\n<p data-start=\"3151\" data-end=\"3233\">The supply of goods made to the consumer\u2019s specifications or clearly personalised.<\/p>\n<\/li>\n<li data-start=\"3234\" data-end=\"3305\">\n<p data-start=\"3236\" data-end=\"3305\">The supply of goods that are liable to deteriorate or expire rapidly.<\/p>\n<\/li>\n<li data-start=\"3306\" data-end=\"3453\">\n<p data-start=\"3308\" data-end=\"3453\">The supply of sealed goods which are not suitable for return due to health protection or hygiene reasons, and which were unsealed after delivery.<\/p>\n<\/li>\n<li data-start=\"3454\" data-end=\"3538\">\n<p data-start=\"3456\" data-end=\"3538\">The supply of goods which, after delivery, are inseparably mixed with other items.<\/p>\n<\/li>\n<li data-start=\"3539\" data-end=\"3765\">\n<p data-start=\"3541\" data-end=\"3765\">The supply of alcoholic beverages for which the price was agreed upon at the time of contract conclusion, the delivery of which can only take place after 30 days, and the actual value of which depends on market fluctuations.<\/p>\n<\/li>\n<li data-start=\"3766\" data-end=\"3878\">\n<p data-start=\"3768\" data-end=\"3878\">The supply of sealed audio or video recordings or sealed computer software which were unsealed after delivery.<\/p>\n<\/li>\n<li data-start=\"3879\" data-end=\"4070\">\n<p data-start=\"3881\" data-end=\"4070\">The supply of digital content not provided on a tangible medium, if performance has begun with the consumer\u2019s prior consent and they have acknowledged the loss of their right of withdrawal.<\/p>\n<\/li>\n<li data-start=\"4071\" data-end=\"4264\">\n<p data-start=\"4073\" data-end=\"4264\">Services fully performed before the end of the withdrawal period, where performance began with the consumer\u2019s prior express consent and acknowledgment that they waive the right of withdrawal.<\/p>\n<\/li>\n<li data-start=\"4265\" data-end=\"4306\">\n<p data-start=\"4267\" data-end=\"4306\">Contracts concluded at public auctions.<\/p>\n<\/li>\n<li data-start=\"4307\" data-end=\"4459\">\n<p data-start=\"4309\" data-end=\"4459\">Contracts for accommodation services, transport, catering or leisure activities if the contract provides for a specific date or period of performance.<\/p>\n<\/li>\n<\/ul>\n<hr data-start=\"4461\" data-end=\"4464\" \/>\n<h2 data-start=\"4466\" data-end=\"4508\">\ud83d\udcc4 <strong data-start=\"4472\" data-end=\"4508\">Annex \u2013 Standard withdrawal form<\/strong><\/h2>\n<p><\/p>\n<p data-start=\"4510\" data-end=\"4645\">To be sent to:<br data-start=\"4524\" data-end=\"4527\" \/><strong data-start=\"4527\" data-end=\"4599\">La P\u2019tite Cerise SRL \u2013 Avenue de M\u00e9rode 87, 1330 Rixensart \u2013 Belgium<\/strong><br data-start=\"4599\" data-end=\"4602\" \/>Or by email to: <strong data-start=\"4618\" data-end=\"4645\"><a class=\"cursor-pointer\" rel=\"noopener\" data-start=\"4620\" data-end=\"4643\">info@la-ptite-cerise.be<\/a><\/strong><\/p>\n<blockquote data-start=\"4647\" data-end=\"4753\">\n<p data-start=\"4649\" data-end=\"4753\">I hereby give notice that I withdraw from the contract relating to the sale of the following product(s):<\/p>\n<\/blockquote>\n<p><\/p>\n<ul data-start=\"4755\" data-end=\"4952\">\n<li data-start=\"4755\" data-end=\"4792\">\n<p data-start=\"4757\" data-end=\"4792\">Product(s): \u2026\u2026\u2026\u2026\u2026\u2026\u2026\u2026\u2026\u2026\u2026\u2026\u2026\u2026\u2026\u2026\u2026\u2026\u2026..<\/p>\n<\/li>\n<li data-start=\"4793\" data-end=\"4837\">\n<p data-start=\"4795\" data-end=\"4837\">Ordered on: \u2026\u2026\u2026\u2026\u2026.. Received on: \u2026\u2026\u2026\u2026\u2026..<\/p>\n<\/li>\n<li data-start=\"4838\" data-end=\"4869\">\n<p data-start=\"4840\" data-end=\"4869\">Name: \u2026\u2026\u2026\u2026\u2026\u2026\u2026\u2026\u2026\u2026\u2026\u2026\u2026\u2026\u2026\u2026\u2026\u2026\u2026..<\/p>\n<\/li>\n<li data-start=\"4870\" data-end=\"4904\">\n<p data-start=\"4872\" data-end=\"4904\">Address: \u2026\u2026\u2026\u2026\u2026\u2026\u2026\u2026\u2026\u2026\u2026\u2026\u2026\u2026\u2026\u2026\u2026\u2026\u2026..<\/p>\n<\/li>\n<li data-start=\"4905\" data-end=\"4922\">\n<p data-start=\"4907\" data-end=\"4922\">Date: \u2026\u2026\u2026\u2026\u2026..<\/p>\n<\/li>\n<li data-start=\"4923\" data-end=\"4952\">\n<p data-start=\"4925\" data-end=\"4952\">Signature (if sent by post)<\/p>\n<\/li>\n<\/ul>\n<p>[\/vc_column_text][\/vc_column][\/vc_row]<\/p>\n<\/div>","protected":false},"excerpt":{"rendered":"<p>[vc_row][vc_column][vc_column_text css=&#8221;&#8221; text_larger=&#8221;no&#8221; woodmart_inline=&#8221;no&#8221;] Right of Withdrawal \u2013 Articles VI.47 to VI.53 of the Belgian Economic Code Article VI.47 \u2013<\/p>\n","protected":false},"author":1,"featured_media":0,"parent":0,"menu_order":0,"comment_status":"closed","ping_status":"closed","template":"","meta":{"footnotes":""},"class_list":["post-12467","page","type-page","status-publish","hentry"],"yoast_head":"<!-- This site is optimized with the Yoast SEO plugin v25.7 - https:\/\/yoast.com\/wordpress\/plugins\/seo\/ -->\n<title>Withdrawal - La P&#039;tite Cerise<\/title>\n<meta name=\"robots\" content=\"index, follow, max-snippet:-1, max-image-preview:large, max-video-preview:-1\" \/>\n<link rel=\"canonical\" href=\"https:\/\/la-ptite-cerise.be\/droit-de-retractation\/\" \/>\n<meta property=\"og:locale\" content=\"en_US\" \/>\n<meta property=\"og:type\" content=\"article\" \/>\n<meta property=\"og:title\" content=\"Withdrawal - La P&#039;tite Cerise\" \/>\n<meta property=\"og:description\" content=\"[vc_row][vc_column][vc_column_text css=&#8221;&#8221; text_larger=&#8221;no&#8221; woodmart_inline=&#8221;no&#8221;] Right of Withdrawal \u2013 Articles VI.47 to VI.53 of the Belgian Economic Code Article VI.47 \u2013\" \/>\n<meta property=\"og:url\" content=\"https:\/\/la-ptite-cerise.be\/droit-de-retractation\/\" \/>\n<meta property=\"og:site_name\" content=\"La P&#039;tite Cerise\" \/>\n<meta property=\"article:publisher\" content=\"https:\/\/www.facebook.com\/laptitecerise\/\" \/>\n<meta property=\"article:modified_time\" content=\"2025-05-25T17:19:02+00:00\" \/>\n<meta name=\"twitter:card\" content=\"summary_large_image\" \/>\n<meta name=\"twitter:label1\" content=\"Est. reading time\" \/>\n\t<meta name=\"twitter:data1\" content=\"4 minutes\" \/>\n<script type=\"application\/ld+json\" class=\"yoast-schema-graph\">{\"@context\":\"https:\/\/schema.org\",\"@graph\":[{\"@type\":\"WebPage\",\"@id\":\"https:\/\/la-ptite-cerise.be\/droit-de-retractation\/\",\"url\":\"https:\/\/la-ptite-cerise.be\/droit-de-retractation\/\",\"name\":\"Withdrawal - La P&#039;tite Cerise\",\"isPartOf\":{\"@id\":\"https:\/\/la-ptite-cerise.be\/#website\"},\"datePublished\":\"2025-03-20T14:44:59+00:00\",\"dateModified\":\"2025-05-25T17:19:02+00:00\",\"breadcrumb\":{\"@id\":\"https:\/\/la-ptite-cerise.be\/droit-de-retractation\/#breadcrumb\"},\"inLanguage\":\"en-US\",\"potentialAction\":[{\"@type\":\"ReadAction\",\"target\":[\"https:\/\/la-ptite-cerise.be\/droit-de-retractation\/\"]}]},{\"@type\":\"BreadcrumbList\",\"@id\":\"https:\/\/la-ptite-cerise.be\/droit-de-retractation\/#breadcrumb\",\"itemListElement\":[{\"@type\":\"ListItem\",\"position\":1,\"name\":\"Accueil\",\"item\":\"https:\/\/la-ptite-cerise.be\/en\/\"},{\"@type\":\"ListItem\",\"position\":2,\"name\":\"Withdrawal\"}]},{\"@type\":\"WebSite\",\"@id\":\"https:\/\/la-ptite-cerise.be\/#website\",\"url\":\"https:\/\/la-ptite-cerise.be\/\",\"name\":\"La P'tite Cerise\",\"description\":\"Artisan torr\u00e9facteur de caf\u00e9 de sp\u00e9cialit\u00e9. S\u00e9lection de th\u00e9s &amp; tisanes.\",\"publisher\":{\"@id\":\"https:\/\/la-ptite-cerise.be\/#organization\"},\"potentialAction\":[{\"@type\":\"SearchAction\",\"target\":{\"@type\":\"EntryPoint\",\"urlTemplate\":\"https:\/\/la-ptite-cerise.be\/?s={search_term_string}\"},\"query-input\":{\"@type\":\"PropertyValueSpecification\",\"valueRequired\":true,\"valueName\":\"search_term_string\"}}],\"inLanguage\":\"en-US\"},{\"@type\":\"Organization\",\"@id\":\"https:\/\/la-ptite-cerise.be\/#organization\",\"name\":\"La P'tite Cerise\",\"url\":\"https:\/\/la-ptite-cerise.be\/\",\"logo\":{\"@type\":\"ImageObject\",\"inLanguage\":\"en-US\",\"@id\":\"https:\/\/la-ptite-cerise.be\/#\/schema\/logo\/image\/\",\"url\":\"https:\/\/la-ptite-cerise.be\/wp-content\/uploads\/2020\/10\/logo-header-01.jpg\",\"contentUrl\":\"https:\/\/la-ptite-cerise.be\/wp-content\/uploads\/2020\/10\/logo-header-01.jpg\",\"width\":176,\"height\":100,\"caption\":\"La P'tite Cerise\"},\"image\":{\"@id\":\"https:\/\/la-ptite-cerise.be\/#\/schema\/logo\/image\/\"},\"sameAs\":[\"https:\/\/www.facebook.com\/laptitecerise\/\",\"https:\/\/www.instagram.com\/la.ptite_cerise\/\"]}]}<\/script>\n<!-- \/ Yoast SEO plugin. -->","yoast_head_json":{"title":"Withdrawal - La P&#039;tite Cerise","robots":{"index":"index","follow":"follow","max-snippet":"max-snippet:-1","max-image-preview":"max-image-preview:large","max-video-preview":"max-video-preview:-1"},"canonical":"https:\/\/la-ptite-cerise.be\/droit-de-retractation\/","og_locale":"en_US","og_type":"article","og_title":"Withdrawal - La P&#039;tite Cerise","og_description":"[vc_row][vc_column][vc_column_text css=&#8221;&#8221; text_larger=&#8221;no&#8221; woodmart_inline=&#8221;no&#8221;] Right of Withdrawal \u2013 Articles VI.47 to VI.53 of the Belgian Economic Code Article VI.47 \u2013","og_url":"https:\/\/la-ptite-cerise.be\/droit-de-retractation\/","og_site_name":"La P&#039;tite Cerise","article_publisher":"https:\/\/www.facebook.com\/laptitecerise\/","article_modified_time":"2025-05-25T17:19:02+00:00","twitter_card":"summary_large_image","twitter_misc":{"Est. reading time":"4 minutes"},"schema":{"@context":"https:\/\/schema.org","@graph":[{"@type":"WebPage","@id":"https:\/\/la-ptite-cerise.be\/droit-de-retractation\/","url":"https:\/\/la-ptite-cerise.be\/droit-de-retractation\/","name":"Withdrawal - La P&#039;tite Cerise","isPartOf":{"@id":"https:\/\/la-ptite-cerise.be\/#website"},"datePublished":"2025-03-20T14:44:59+00:00","dateModified":"2025-05-25T17:19:02+00:00","breadcrumb":{"@id":"https:\/\/la-ptite-cerise.be\/droit-de-retractation\/#breadcrumb"},"inLanguage":"en-US","potentialAction":[{"@type":"ReadAction","target":["https:\/\/la-ptite-cerise.be\/droit-de-retractation\/"]}]},{"@type":"BreadcrumbList","@id":"https:\/\/la-ptite-cerise.be\/droit-de-retractation\/#breadcrumb","itemListElement":[{"@type":"ListItem","position":1,"name":"Accueil","item":"https:\/\/la-ptite-cerise.be\/en\/"},{"@type":"ListItem","position":2,"name":"Withdrawal"}]},{"@type":"WebSite","@id":"https:\/\/la-ptite-cerise.be\/#website","url":"https:\/\/la-ptite-cerise.be\/","name":"La P'tite Cerise","description":"Artisan torr\u00e9facteur de caf\u00e9 de sp\u00e9cialit\u00e9. S\u00e9lection de th\u00e9s &amp; tisanes.","publisher":{"@id":"https:\/\/la-ptite-cerise.be\/#organization"},"potentialAction":[{"@type":"SearchAction","target":{"@type":"EntryPoint","urlTemplate":"https:\/\/la-ptite-cerise.be\/?s={search_term_string}"},"query-input":{"@type":"PropertyValueSpecification","valueRequired":true,"valueName":"search_term_string"}}],"inLanguage":"en-US"},{"@type":"Organization","@id":"https:\/\/la-ptite-cerise.be\/#organization","name":"La P'tite Cerise","url":"https:\/\/la-ptite-cerise.be\/","logo":{"@type":"ImageObject","inLanguage":"en-US","@id":"https:\/\/la-ptite-cerise.be\/#\/schema\/logo\/image\/","url":"https:\/\/la-ptite-cerise.be\/wp-content\/uploads\/2020\/10\/logo-header-01.jpg","contentUrl":"https:\/\/la-ptite-cerise.be\/wp-content\/uploads\/2020\/10\/logo-header-01.jpg","width":176,"height":100,"caption":"La P'tite Cerise"},"image":{"@id":"https:\/\/la-ptite-cerise.be\/#\/schema\/logo\/image\/"},"sameAs":["https:\/\/www.facebook.com\/laptitecerise\/","https:\/\/www.instagram.com\/la.ptite_cerise\/"]}]}},"_links":{"self":[{"href":"https:\/\/la-ptite-cerise.be\/en\/wp-json\/wp\/v2\/pages\/12467","targetHints":{"allow":["GET"]}}],"collection":[{"href":"https:\/\/la-ptite-cerise.be\/en\/wp-json\/wp\/v2\/pages"}],"about":[{"href":"https:\/\/la-ptite-cerise.be\/en\/wp-json\/wp\/v2\/types\/page"}],"author":[{"embeddable":true,"href":"https:\/\/la-ptite-cerise.be\/en\/wp-json\/wp\/v2\/users\/1"}],"replies":[{"embeddable":true,"href":"https:\/\/la-ptite-cerise.be\/en\/wp-json\/wp\/v2\/comments?post=12467"}],"version-history":[{"count":0,"href":"https:\/\/la-ptite-cerise.be\/en\/wp-json\/wp\/v2\/pages\/12467\/revisions"}],"wp:attachment":[{"href":"https:\/\/la-ptite-cerise.be\/en\/wp-json\/wp\/v2\/media?parent=12467"}],"curies":[{"name":"wp","href":"https:\/\/api.w.org\/{rel}","templated":true}]}}