{"id":12408,"date":"2024-02-27T11:49:23","date_gmt":"2024-02-27T10:49:23","guid":{"rendered":"https:\/\/la-ptite-cerise.be\/produit\/biscuit-au-chocolat\/"},"modified":"2025-04-17T12:30:51","modified_gmt":"2025-04-17T10:30:51","slug":"biscuit-au-chocolat","status":"publish","type":"product","link":"https:\/\/la-ptite-cerise.be\/en\/produit\/biscuit-au-chocolat\/","title":{"rendered":"Biscuit au chocolat"},"content":{"rendered":"<h3 class=\"\" data-start=\"1633\" data-end=\"1691\"><strong data-start=\"1642\" data-end=\"1675\">Black Tea \u2013 Chocolate Biscuit<\/strong> (100 g pouch)<\/h3>\n<p class=\"\" data-start=\"1692\" data-end=\"1778\"><strong data-start=\"1692\" data-end=\"1778\">A rich and indulgent black tea with comforting notes of cocoa and buttery biscuit.<\/strong><\/p>\n<p class=\"\" data-start=\"1780\" data-end=\"1971\">This premium blend brings together a selection of black, fermented, roasted and semi-oxidised teas, enhanced with chocolatey, spiced and biscuity notes. Ideal for a smooth and cosy tea break.<\/p>\n<p class=\"\" data-start=\"1973\" data-end=\"2045\">\ud83d\udcac <em data-start=\"1976\" data-end=\"2045\">Delicious on its own or with a splash of milk for extra creaminess.<\/em><\/p>\n<hr class=\"\" data-start=\"2047\" data-end=\"2050\" \/>\n<h3 class=\"\" data-start=\"2052\" data-end=\"2072\">\u2705 <strong data-start=\"2058\" data-end=\"2072\">Highlights<\/strong><\/h3>\n<ul data-start=\"2073\" data-end=\"2266\">\n<li class=\"\" data-start=\"2073\" data-end=\"2151\">\n<p class=\"\" data-start=\"2075\" data-end=\"2151\">Premium blend with responsibly sourced ingredients and natural flavourings<\/p>\n<\/li>\n<li class=\"\" data-start=\"2152\" data-end=\"2228\">\n<p class=\"\" data-start=\"2154\" data-end=\"2228\">Layered mix of black tea, Pu Erh, Houjicha and Oolong for a unique depth<\/p>\n<\/li>\n<li class=\"\" data-start=\"2229\" data-end=\"2266\">\n<p class=\"\" data-start=\"2231\" data-end=\"2266\">Perfect for indulgent tea moments<\/p>\n<\/li>\n<\/ul>\n<hr class=\"\" data-start=\"2268\" data-end=\"2271\" \/>\n<h3 class=\"\" data-start=\"2273\" data-end=\"2297\">\ud83e\uddfe <strong data-start=\"2280\" data-end=\"2295\">Ingredients<\/strong><\/h3>\n<p class=\"\" data-start=\"2298\" data-end=\"2585\">Pu Erh tea (China), Assam black tea, South India black tea, Houjicha, crushed cocoa beans, Golden Yunnan OP black tea, Shui Xian Oolong (China), ginger, cinnamon sticks, coconut, cocoa extract, chicory root, vanilla extract, vanilla.<br data-start=\"2531\" data-end=\"2534\" \/><strong data-start=\"2534\" data-end=\"2547\">Allergens<\/strong>: May contain traces of milk and nuts.<\/p>\n<hr class=\"\" data-start=\"2587\" data-end=\"2590\" \/>\n<h3 class=\"\" data-start=\"2592\" data-end=\"2616\">\ud83c\udf7d\ufe0f <strong data-start=\"2600\" data-end=\"2616\">Brewing tips<\/strong><\/h3>\n<ul data-start=\"2617\" data-end=\"2810\">\n<li class=\"\" data-start=\"2617\" data-end=\"2650\">\n<p class=\"\" data-start=\"2619\" data-end=\"2650\"><strong data-start=\"2619\" data-end=\"2640\">Water temperature<\/strong>: 100\u202f\u00b0C<\/p>\n<\/li>\n<li class=\"\" data-start=\"2651\" data-end=\"2685\">\n<p class=\"\" data-start=\"2653\" data-end=\"2685\"><strong data-start=\"2653\" data-end=\"2670\">Steeping time<\/strong>: 4\u20135 minutes<\/p>\n<\/li>\n<li class=\"\" data-start=\"2686\" data-end=\"2747\">\n<p class=\"\" data-start=\"2688\" data-end=\"2701\"><strong data-start=\"2688\" data-end=\"2700\">Quantity<\/strong>:<\/p>\n<ul data-start=\"2704\" data-end=\"2747\">\n<li class=\"\" data-start=\"2704\" data-end=\"2722\">\n<p class=\"\" data-start=\"2706\" data-end=\"2722\">3 g per 200 ml<\/p>\n<\/li>\n<li class=\"\" data-start=\"2725\" data-end=\"2747\">\n<p class=\"\" data-start=\"2727\" data-end=\"2747\"><strong data-start=\"2727\" data-end=\"2745\">12 g per litre<\/strong><\/p>\n<\/li>\n<\/ul>\n<\/li>\n<li class=\"\" data-start=\"2748\" data-end=\"2810\">\n<p class=\"\" data-start=\"2750\" data-end=\"2810\"><strong data-start=\"2750\" data-end=\"2772\">Serving suggestion<\/strong>: Enjoy plain or with a splash of milk<\/p>\n<\/li>\n<\/ul>\n","protected":false},"excerpt":{"rendered":"<p>Premium black, Pu Erh and Oolong tea blend with natural cocoa and biscuit flavourings. 100 g pouch \u2013 a comforting tea treat.<\/p>\n","protected":false},"featured_media":11417,"template":"","meta":[],"product_brand":[],"product_cat":[143],"product_tag":[],"class_list":{"0":"post-12408","1":"product","2":"type-product","3":"status-publish","4":"has-post-thumbnail","6":"product_cat-tea","8":"first","9":"instock","10":"taxable","11":"shipping-taxable","12":"purchasable","13":"product-type-simple"},"yoast_head":"<!-- This site is optimized with the Yoast SEO plugin v25.7 - https:\/\/yoast.com\/wordpress\/plugins\/seo\/ -->\n<title>Biscuit au chocolat - La P&#039;tite Cerise<\/title>\n<meta name=\"description\" content=\"Rose flavor\" \/>\n<meta name=\"robots\" content=\"index, follow, max-snippet:-1, max-image-preview:large, max-video-preview:-1\" \/>\n<link rel=\"canonical\" href=\"https:\/\/la-ptite-cerise.be\/produit\/biscuit-au-chocolat\/\" \/>\n<meta property=\"og:locale\" content=\"en_US\" \/>\n<meta property=\"og:type\" content=\"article\" \/>\n<meta property=\"og:title\" content=\"Biscuit au chocolat - La P&#039;tite Cerise\" \/>\n<meta property=\"og:description\" content=\"Rose flavor\" \/>\n<meta property=\"og:url\" content=\"https:\/\/la-ptite-cerise.be\/produit\/biscuit-au-chocolat\/\" \/>\n<meta property=\"og:site_name\" content=\"La P&#039;tite Cerise\" \/>\n<meta property=\"article:publisher\" content=\"https:\/\/www.facebook.com\/laptitecerise\/\" \/>\n<meta property=\"article:modified_time\" content=\"2025-04-17T10:30:51+00:00\" \/>\n<meta property=\"og:image\" content=\"https:\/\/la-ptite-cerise.be\/wp-content\/uploads\/2024\/02\/84118_3872_84118_BiscuitauChocolatBIO_1-e1709031104457.jpg\" \/>\n\t<meta property=\"og:image:width\" content=\"800\" \/>\n\t<meta property=\"og:image:height\" content=\"800\" \/>\n\t<meta property=\"og:image:type\" content=\"image\/jpeg\" \/>\n<meta name=\"twitter:card\" content=\"summary_large_image\" \/>\n<meta name=\"twitter:label1\" content=\"Est. reading time\" \/>\n\t<meta name=\"twitter:data1\" content=\"1 minute\" \/>\n<script type=\"application\/ld+json\" class=\"yoast-schema-graph\">{\"@context\":\"https:\/\/schema.org\",\"@graph\":[{\"@type\":\"WebPage\",\"@id\":\"https:\/\/la-ptite-cerise.be\/produit\/biscuit-au-chocolat\/\",\"url\":\"https:\/\/la-ptite-cerise.be\/produit\/biscuit-au-chocolat\/\",\"name\":\"Biscuit au chocolat - La P&#039;tite Cerise\",\"isPartOf\":{\"@id\":\"https:\/\/la-ptite-cerise.be\/#website\"},\"primaryImageOfPage\":{\"@id\":\"https:\/\/la-ptite-cerise.be\/produit\/biscuit-au-chocolat\/#primaryimage\"},\"image\":{\"@id\":\"https:\/\/la-ptite-cerise.be\/produit\/biscuit-au-chocolat\/#primaryimage\"},\"thumbnailUrl\":\"https:\/\/la-ptite-cerise.be\/wp-content\/uploads\/2024\/02\/84118_3872_84118_BiscuitauChocolatBIO_1-e1709031104457.jpg\",\"datePublished\":\"2024-02-27T10:49:23+00:00\",\"dateModified\":\"2025-04-17T10:30:51+00:00\",\"description\":\"Rose flavor\",\"breadcrumb\":{\"@id\":\"https:\/\/la-ptite-cerise.be\/produit\/biscuit-au-chocolat\/#breadcrumb\"},\"inLanguage\":\"en-US\",\"potentialAction\":[{\"@type\":\"ReadAction\",\"target\":[\"https:\/\/la-ptite-cerise.be\/produit\/biscuit-au-chocolat\/\"]}]},{\"@type\":\"ImageObject\",\"inLanguage\":\"en-US\",\"@id\":\"https:\/\/la-ptite-cerise.be\/produit\/biscuit-au-chocolat\/#primaryimage\",\"url\":\"https:\/\/la-ptite-cerise.be\/wp-content\/uploads\/2024\/02\/84118_3872_84118_BiscuitauChocolatBIO_1-e1709031104457.jpg\",\"contentUrl\":\"https:\/\/la-ptite-cerise.be\/wp-content\/uploads\/2024\/02\/84118_3872_84118_BiscuitauChocolatBIO_1-e1709031104457.jpg\",\"width\":500,\"height\":500},{\"@type\":\"BreadcrumbList\",\"@id\":\"https:\/\/la-ptite-cerise.be\/produit\/biscuit-au-chocolat\/#breadcrumb\",\"itemListElement\":[{\"@type\":\"ListItem\",\"position\":1,\"name\":\"Accueil\",\"item\":\"https:\/\/la-ptite-cerise.be\/en\/\"},{\"@type\":\"ListItem\",\"position\":2,\"name\":\"Store\",\"item\":\"https:\/\/la-ptite-cerise.be\/boutique\/\"},{\"@type\":\"ListItem\",\"position\":3,\"name\":\"Biscuit au chocolat\"}]},{\"@type\":\"WebSite\",\"@id\":\"https:\/\/la-ptite-cerise.be\/#website\",\"url\":\"https:\/\/la-ptite-cerise.be\/\",\"name\":\"La P'tite Cerise\",\"description\":\"Artisan torr\u00e9facteur de caf\u00e9 de sp\u00e9cialit\u00e9. S\u00e9lection de th\u00e9s &amp; tisanes.\",\"publisher\":{\"@id\":\"https:\/\/la-ptite-cerise.be\/#organization\"},\"potentialAction\":[{\"@type\":\"SearchAction\",\"target\":{\"@type\":\"EntryPoint\",\"urlTemplate\":\"https:\/\/la-ptite-cerise.be\/?s={search_term_string}\"},\"query-input\":{\"@type\":\"PropertyValueSpecification\",\"valueRequired\":true,\"valueName\":\"search_term_string\"}}],\"inLanguage\":\"en-US\"},{\"@type\":\"Organization\",\"@id\":\"https:\/\/la-ptite-cerise.be\/#organization\",\"name\":\"La P'tite Cerise\",\"url\":\"https:\/\/la-ptite-cerise.be\/\",\"logo\":{\"@type\":\"ImageObject\",\"inLanguage\":\"en-US\",\"@id\":\"https:\/\/la-ptite-cerise.be\/#\/schema\/logo\/image\/\",\"url\":\"https:\/\/la-ptite-cerise.be\/wp-content\/uploads\/2020\/10\/logo-header-01.jpg\",\"contentUrl\":\"https:\/\/la-ptite-cerise.be\/wp-content\/uploads\/2020\/10\/logo-header-01.jpg\",\"width\":176,\"height\":100,\"caption\":\"La P'tite Cerise\"},\"image\":{\"@id\":\"https:\/\/la-ptite-cerise.be\/#\/schema\/logo\/image\/\"},\"sameAs\":[\"https:\/\/www.facebook.com\/laptitecerise\/\",\"https:\/\/www.instagram.com\/la.ptite_cerise\/\"]}]}<\/script>\n<!-- \/ Yoast SEO plugin. -->","yoast_head_json":{"title":"Biscuit au chocolat - La P&#039;tite Cerise","description":"Rose flavor","robots":{"index":"index","follow":"follow","max-snippet":"max-snippet:-1","max-image-preview":"max-image-preview:large","max-video-preview":"max-video-preview:-1"},"canonical":"https:\/\/la-ptite-cerise.be\/produit\/biscuit-au-chocolat\/","og_locale":"en_US","og_type":"article","og_title":"Biscuit au chocolat - La P&#039;tite Cerise","og_description":"Rose flavor","og_url":"https:\/\/la-ptite-cerise.be\/produit\/biscuit-au-chocolat\/","og_site_name":"La P&#039;tite Cerise","article_publisher":"https:\/\/www.facebook.com\/laptitecerise\/","article_modified_time":"2025-04-17T10:30:51+00:00","og_image":[{"width":800,"height":800,"url":"https:\/\/la-ptite-cerise.be\/wp-content\/uploads\/2024\/02\/84118_3872_84118_BiscuitauChocolatBIO_1-e1709031104457.jpg","type":"image\/jpeg"}],"twitter_card":"summary_large_image","twitter_misc":{"Est. reading time":"1 minute"},"schema":{"@context":"https:\/\/schema.org","@graph":[{"@type":"WebPage","@id":"https:\/\/la-ptite-cerise.be\/produit\/biscuit-au-chocolat\/","url":"https:\/\/la-ptite-cerise.be\/produit\/biscuit-au-chocolat\/","name":"Biscuit au chocolat - La P&#039;tite Cerise","isPartOf":{"@id":"https:\/\/la-ptite-cerise.be\/#website"},"primaryImageOfPage":{"@id":"https:\/\/la-ptite-cerise.be\/produit\/biscuit-au-chocolat\/#primaryimage"},"image":{"@id":"https:\/\/la-ptite-cerise.be\/produit\/biscuit-au-chocolat\/#primaryimage"},"thumbnailUrl":"https:\/\/la-ptite-cerise.be\/wp-content\/uploads\/2024\/02\/84118_3872_84118_BiscuitauChocolatBIO_1-e1709031104457.jpg","datePublished":"2024-02-27T10:49:23+00:00","dateModified":"2025-04-17T10:30:51+00:00","description":"Rose flavor","breadcrumb":{"@id":"https:\/\/la-ptite-cerise.be\/produit\/biscuit-au-chocolat\/#breadcrumb"},"inLanguage":"en-US","potentialAction":[{"@type":"ReadAction","target":["https:\/\/la-ptite-cerise.be\/produit\/biscuit-au-chocolat\/"]}]},{"@type":"ImageObject","inLanguage":"en-US","@id":"https:\/\/la-ptite-cerise.be\/produit\/biscuit-au-chocolat\/#primaryimage","url":"https:\/\/la-ptite-cerise.be\/wp-content\/uploads\/2024\/02\/84118_3872_84118_BiscuitauChocolatBIO_1-e1709031104457.jpg","contentUrl":"https:\/\/la-ptite-cerise.be\/wp-content\/uploads\/2024\/02\/84118_3872_84118_BiscuitauChocolatBIO_1-e1709031104457.jpg","width":500,"height":500},{"@type":"BreadcrumbList","@id":"https:\/\/la-ptite-cerise.be\/produit\/biscuit-au-chocolat\/#breadcrumb","itemListElement":[{"@type":"ListItem","position":1,"name":"Accueil","item":"https:\/\/la-ptite-cerise.be\/en\/"},{"@type":"ListItem","position":2,"name":"Store","item":"https:\/\/la-ptite-cerise.be\/boutique\/"},{"@type":"ListItem","position":3,"name":"Biscuit au chocolat"}]},{"@type":"WebSite","@id":"https:\/\/la-ptite-cerise.be\/#website","url":"https:\/\/la-ptite-cerise.be\/","name":"La P'tite Cerise","description":"Artisan torr\u00e9facteur de caf\u00e9 de sp\u00e9cialit\u00e9. S\u00e9lection de th\u00e9s &amp; tisanes.","publisher":{"@id":"https:\/\/la-ptite-cerise.be\/#organization"},"potentialAction":[{"@type":"SearchAction","target":{"@type":"EntryPoint","urlTemplate":"https:\/\/la-ptite-cerise.be\/?s={search_term_string}"},"query-input":{"@type":"PropertyValueSpecification","valueRequired":true,"valueName":"search_term_string"}}],"inLanguage":"en-US"},{"@type":"Organization","@id":"https:\/\/la-ptite-cerise.be\/#organization","name":"La P'tite Cerise","url":"https:\/\/la-ptite-cerise.be\/","logo":{"@type":"ImageObject","inLanguage":"en-US","@id":"https:\/\/la-ptite-cerise.be\/#\/schema\/logo\/image\/","url":"https:\/\/la-ptite-cerise.be\/wp-content\/uploads\/2020\/10\/logo-header-01.jpg","contentUrl":"https:\/\/la-ptite-cerise.be\/wp-content\/uploads\/2020\/10\/logo-header-01.jpg","width":176,"height":100,"caption":"La P'tite Cerise"},"image":{"@id":"https:\/\/la-ptite-cerise.be\/#\/schema\/logo\/image\/"},"sameAs":["https:\/\/www.facebook.com\/laptitecerise\/","https:\/\/www.instagram.com\/la.ptite_cerise\/"]}]}},"_links":{"self":[{"href":"https:\/\/la-ptite-cerise.be\/en\/wp-json\/wp\/v2\/product\/12408","targetHints":{"allow":["GET"]}}],"collection":[{"href":"https:\/\/la-ptite-cerise.be\/en\/wp-json\/wp\/v2\/product"}],"about":[{"href":"https:\/\/la-ptite-cerise.be\/en\/wp-json\/wp\/v2\/types\/product"}],"wp:featuredmedia":[{"embeddable":true,"href":"https:\/\/la-ptite-cerise.be\/en\/wp-json\/wp\/v2\/media\/11417"}],"wp:attachment":[{"href":"https:\/\/la-ptite-cerise.be\/en\/wp-json\/wp\/v2\/media?parent=12408"}],"wp:term":[{"taxonomy":"product_brand","embeddable":true,"href":"https:\/\/la-ptite-cerise.be\/en\/wp-json\/wp\/v2\/product_brand?post=12408"},{"taxonomy":"product_cat","embeddable":true,"href":"https:\/\/la-ptite-cerise.be\/en\/wp-json\/wp\/v2\/product_cat?post=12408"},{"taxonomy":"product_tag","embeddable":true,"href":"https:\/\/la-ptite-cerise.be\/en\/wp-json\/wp\/v2\/product_tag?post=12408"}],"curies":[{"name":"wp","href":"https:\/\/api.w.org\/{rel}","templated":true}]}}