{"id":12410,"date":"2020-11-23T16:09:41","date_gmt":"2020-11-23T15:09:41","guid":{"rendered":"https:\/\/la-ptite-cerise.be\/produit\/choc-shark-bio\/"},"modified":"2025-06-19T12:59:34","modified_gmt":"2025-06-19T10:59:34","slug":"choc-shark-bio","status":"publish","type":"product","link":"https:\/\/la-ptite-cerise.be\/en\/produit\/choc-shark-bio\/","title":{"rendered":"Choc Shark BIO"},"content":{"rendered":"<h3 class=\"\" data-start=\"1438\" data-end=\"1516\"><strong data-start=\"1447\" data-end=\"1484\">Choc Shark \u2013 Organic Cocoa Powder<\/strong> (125 g pouch \u2022 Brand: Alveus)<\/h3>\n<p class=\"\" data-start=\"1517\" data-end=\"1592\"><strong data-start=\"1517\" data-end=\"1592\">A pure and intense organic cocoa by Alveus \u2013 for true chocolate lovers.<\/strong><\/p>\n<p class=\"\" data-start=\"1594\" data-end=\"1784\">Choc Shark is made from premium quality organic cocoa beans. It\u2019s unsweetened, additive-free, and packed with authentic chocolate flavour. Ideal for hot drinks, baking, or indulgent moments.<\/p>\n<p class=\"\" data-start=\"1786\" data-end=\"1831\">\ud83d\udcac <em data-start=\"1789\" data-end=\"1831\">Pure quality. Pure aroma. Pure pleasure.<\/em><\/p>\n<hr class=\"\" data-start=\"1833\" data-end=\"1836\" \/>\n<h3 class=\"\" data-start=\"1838\" data-end=\"1858\">\u2705 <strong data-start=\"1844\" data-end=\"1858\">Highlights<\/strong><\/h3>\n<ul data-start=\"1859\" data-end=\"1960\">\n<li class=\"\" data-start=\"1859\" data-end=\"1886\">\n<p class=\"\" data-start=\"1861\" data-end=\"1886\">Organic cocoa by Alveus<\/p>\n<\/li>\n<li class=\"\" data-start=\"1887\" data-end=\"1909\">\n<p class=\"\" data-start=\"1889\" data-end=\"1909\">100 % cocoa powder<\/p>\n<\/li>\n<li class=\"\" data-start=\"1910\" data-end=\"1935\">\n<p class=\"\" data-start=\"1912\" data-end=\"1935\">No sugar or additives<\/p>\n<\/li>\n<li class=\"\" data-start=\"1936\" data-end=\"1960\">\n<p class=\"\" data-start=\"1938\" data-end=\"1960\">Compact 125 g format<\/p>\n<\/li>\n<\/ul>\n<hr class=\"\" data-start=\"1962\" data-end=\"1965\" \/>\n<h3 class=\"\" data-start=\"1967\" data-end=\"1991\">\ud83e\uddfe <strong data-start=\"1974\" data-end=\"1989\">Ingredients<\/strong><\/h3>\n<p class=\"\" data-start=\"1992\" data-end=\"2084\">Cocoa powder*<br data-start=\"2005\" data-end=\"2008\" \/>*From organic farming<br data-start=\"2030\" data-end=\"2033\" \/><strong data-start=\"2033\" data-end=\"2046\">Allergens<\/strong>: May contain traces of milk and nuts.<\/p>\n<hr class=\"\" data-start=\"2086\" data-end=\"2089\" \/>\n<h3 class=\"\" data-start=\"2091\" data-end=\"2115\">\ud83c\udf7d\ufe0f <strong data-start=\"2099\" data-end=\"2115\">Serving tips<\/strong><\/h3>\n<ul data-start=\"2116\" data-end=\"2305\">\n<li class=\"\" data-start=\"2116\" data-end=\"2197\">\n<p class=\"\" data-start=\"2118\" data-end=\"2143\"><strong data-start=\"2118\" data-end=\"2140\">Recommended amount<\/strong>:<\/p>\n<ul data-start=\"2146\" data-end=\"2197\">\n<li class=\"\" data-start=\"2146\" data-end=\"2197\">\n<p class=\"\" data-start=\"2148\" data-end=\"2197\">12\u201315 g per 250 ml of milk or plant-based drink<\/p>\n<\/li>\n<\/ul>\n<\/li>\n<li class=\"\" data-start=\"2198\" data-end=\"2305\">\n<p class=\"\" data-start=\"2200\" data-end=\"2305\"><strong data-start=\"2200\" data-end=\"2214\">Suggestion<\/strong>: Warm milk gently, stir in cocoa, sweeten to taste. Perfect for lattes or dessert recipes.<\/p>\n<\/li>\n<\/ul>\n","protected":false},"excerpt":{"rendered":"<p>Organic cocoa powder by Alveus. 125 g pouch \u2013 pure, unsweetened and rich.<\/p>\n","protected":false},"featured_media":13839,"template":"","meta":[],"product_brand":[],"product_cat":[144],"product_tag":[],"class_list":{"0":"post-12410","1":"product","2":"type-product","3":"status-publish","4":"has-post-thumbnail","6":"product_cat-cocoa","8":"first","9":"instock","10":"taxable","11":"shipping-taxable","12":"purchasable","13":"product-type-simple"},"yoast_head":"<!-- This site is optimized with the Yoast SEO plugin v25.7 - https:\/\/yoast.com\/wordpress\/plugins\/seo\/ -->\n<title>Choc Shark BIO - La P&#039;tite Cerise<\/title>\n<meta name=\"robots\" content=\"index, follow, max-snippet:-1, max-image-preview:large, max-video-preview:-1\" \/>\n<link rel=\"canonical\" href=\"https:\/\/la-ptite-cerise.be\/produit\/choc-shark-bio\/\" \/>\n<meta property=\"og:locale\" content=\"en_US\" \/>\n<meta property=\"og:type\" content=\"article\" \/>\n<meta property=\"og:title\" content=\"Choc Shark BIO - La P&#039;tite Cerise\" \/>\n<meta property=\"og:description\" content=\"Organic cocoa powder by Alveus. 125 g pouch \u2013 pure, unsweetened and rich.\" \/>\n<meta property=\"og:url\" content=\"https:\/\/la-ptite-cerise.be\/produit\/choc-shark-bio\/\" \/>\n<meta property=\"og:site_name\" content=\"La P&#039;tite Cerise\" \/>\n<meta property=\"article:publisher\" content=\"https:\/\/www.facebook.com\/laptitecerise\/\" \/>\n<meta property=\"article:modified_time\" content=\"2025-06-19T10:59:34+00:00\" \/>\n<meta property=\"og:image\" content=\"https:\/\/la-ptite-cerise.be\/wp-content\/uploads\/2020\/11\/72637_1.jpeg\" \/>\n\t<meta property=\"og:image:width\" content=\"500\" \/>\n\t<meta property=\"og:image:height\" content=\"500\" \/>\n\t<meta property=\"og:image:type\" content=\"image\/jpeg\" \/>\n<meta name=\"twitter:card\" content=\"summary_large_image\" \/>\n<meta name=\"twitter:label1\" content=\"Est. reading time\" \/>\n\t<meta name=\"twitter:data1\" content=\"1 minute\" \/>\n<script type=\"application\/ld+json\" class=\"yoast-schema-graph\">{\"@context\":\"https:\/\/schema.org\",\"@graph\":[{\"@type\":\"WebPage\",\"@id\":\"https:\/\/la-ptite-cerise.be\/produit\/choc-shark-bio\/\",\"url\":\"https:\/\/la-ptite-cerise.be\/produit\/choc-shark-bio\/\",\"name\":\"Choc Shark BIO - La P&#039;tite Cerise\",\"isPartOf\":{\"@id\":\"https:\/\/la-ptite-cerise.be\/#website\"},\"primaryImageOfPage\":{\"@id\":\"https:\/\/la-ptite-cerise.be\/produit\/choc-shark-bio\/#primaryimage\"},\"image\":{\"@id\":\"https:\/\/la-ptite-cerise.be\/produit\/choc-shark-bio\/#primaryimage\"},\"thumbnailUrl\":\"https:\/\/la-ptite-cerise.be\/wp-content\/uploads\/2020\/11\/72637_1.jpeg\",\"datePublished\":\"2020-11-23T15:09:41+00:00\",\"dateModified\":\"2025-06-19T10:59:34+00:00\",\"breadcrumb\":{\"@id\":\"https:\/\/la-ptite-cerise.be\/produit\/choc-shark-bio\/#breadcrumb\"},\"inLanguage\":\"en-US\",\"potentialAction\":[{\"@type\":\"ReadAction\",\"target\":[\"https:\/\/la-ptite-cerise.be\/produit\/choc-shark-bio\/\"]}]},{\"@type\":\"ImageObject\",\"inLanguage\":\"en-US\",\"@id\":\"https:\/\/la-ptite-cerise.be\/produit\/choc-shark-bio\/#primaryimage\",\"url\":\"https:\/\/la-ptite-cerise.be\/wp-content\/uploads\/2020\/11\/72637_1.jpeg\",\"contentUrl\":\"https:\/\/la-ptite-cerise.be\/wp-content\/uploads\/2020\/11\/72637_1.jpeg\",\"width\":500,\"height\":500},{\"@type\":\"BreadcrumbList\",\"@id\":\"https:\/\/la-ptite-cerise.be\/produit\/choc-shark-bio\/#breadcrumb\",\"itemListElement\":[{\"@type\":\"ListItem\",\"position\":1,\"name\":\"Accueil\",\"item\":\"https:\/\/la-ptite-cerise.be\/en\/\"},{\"@type\":\"ListItem\",\"position\":2,\"name\":\"Store\",\"item\":\"https:\/\/la-ptite-cerise.be\/boutique\/\"},{\"@type\":\"ListItem\",\"position\":3,\"name\":\"Choc Shark BIO\"}]},{\"@type\":\"WebSite\",\"@id\":\"https:\/\/la-ptite-cerise.be\/#website\",\"url\":\"https:\/\/la-ptite-cerise.be\/\",\"name\":\"La P'tite Cerise\",\"description\":\"Artisan torr\u00e9facteur de caf\u00e9 de sp\u00e9cialit\u00e9. S\u00e9lection de th\u00e9s &amp; tisanes.\",\"publisher\":{\"@id\":\"https:\/\/la-ptite-cerise.be\/#organization\"},\"potentialAction\":[{\"@type\":\"SearchAction\",\"target\":{\"@type\":\"EntryPoint\",\"urlTemplate\":\"https:\/\/la-ptite-cerise.be\/?s={search_term_string}\"},\"query-input\":{\"@type\":\"PropertyValueSpecification\",\"valueRequired\":true,\"valueName\":\"search_term_string\"}}],\"inLanguage\":\"en-US\"},{\"@type\":\"Organization\",\"@id\":\"https:\/\/la-ptite-cerise.be\/#organization\",\"name\":\"La P'tite Cerise\",\"url\":\"https:\/\/la-ptite-cerise.be\/\",\"logo\":{\"@type\":\"ImageObject\",\"inLanguage\":\"en-US\",\"@id\":\"https:\/\/la-ptite-cerise.be\/#\/schema\/logo\/image\/\",\"url\":\"https:\/\/la-ptite-cerise.be\/wp-content\/uploads\/2020\/10\/logo-header-01.jpg\",\"contentUrl\":\"https:\/\/la-ptite-cerise.be\/wp-content\/uploads\/2020\/10\/logo-header-01.jpg\",\"width\":176,\"height\":100,\"caption\":\"La P'tite Cerise\"},\"image\":{\"@id\":\"https:\/\/la-ptite-cerise.be\/#\/schema\/logo\/image\/\"},\"sameAs\":[\"https:\/\/www.facebook.com\/laptitecerise\/\",\"https:\/\/www.instagram.com\/la.ptite_cerise\/\"]}]}<\/script>\n<!-- \/ Yoast SEO plugin. -->","yoast_head_json":{"title":"Choc Shark BIO - La P&#039;tite Cerise","robots":{"index":"index","follow":"follow","max-snippet":"max-snippet:-1","max-image-preview":"max-image-preview:large","max-video-preview":"max-video-preview:-1"},"canonical":"https:\/\/la-ptite-cerise.be\/produit\/choc-shark-bio\/","og_locale":"en_US","og_type":"article","og_title":"Choc Shark BIO - La P&#039;tite Cerise","og_description":"Organic cocoa powder by Alveus. 125 g pouch \u2013 pure, unsweetened and rich.","og_url":"https:\/\/la-ptite-cerise.be\/produit\/choc-shark-bio\/","og_site_name":"La P&#039;tite Cerise","article_publisher":"https:\/\/www.facebook.com\/laptitecerise\/","article_modified_time":"2025-06-19T10:59:34+00:00","og_image":[{"width":500,"height":500,"url":"https:\/\/la-ptite-cerise.be\/wp-content\/uploads\/2020\/11\/72637_1.jpeg","type":"image\/jpeg"}],"twitter_card":"summary_large_image","twitter_misc":{"Est. reading time":"1 minute"},"schema":{"@context":"https:\/\/schema.org","@graph":[{"@type":"WebPage","@id":"https:\/\/la-ptite-cerise.be\/produit\/choc-shark-bio\/","url":"https:\/\/la-ptite-cerise.be\/produit\/choc-shark-bio\/","name":"Choc Shark BIO - La P&#039;tite Cerise","isPartOf":{"@id":"https:\/\/la-ptite-cerise.be\/#website"},"primaryImageOfPage":{"@id":"https:\/\/la-ptite-cerise.be\/produit\/choc-shark-bio\/#primaryimage"},"image":{"@id":"https:\/\/la-ptite-cerise.be\/produit\/choc-shark-bio\/#primaryimage"},"thumbnailUrl":"https:\/\/la-ptite-cerise.be\/wp-content\/uploads\/2020\/11\/72637_1.jpeg","datePublished":"2020-11-23T15:09:41+00:00","dateModified":"2025-06-19T10:59:34+00:00","breadcrumb":{"@id":"https:\/\/la-ptite-cerise.be\/produit\/choc-shark-bio\/#breadcrumb"},"inLanguage":"en-US","potentialAction":[{"@type":"ReadAction","target":["https:\/\/la-ptite-cerise.be\/produit\/choc-shark-bio\/"]}]},{"@type":"ImageObject","inLanguage":"en-US","@id":"https:\/\/la-ptite-cerise.be\/produit\/choc-shark-bio\/#primaryimage","url":"https:\/\/la-ptite-cerise.be\/wp-content\/uploads\/2020\/11\/72637_1.jpeg","contentUrl":"https:\/\/la-ptite-cerise.be\/wp-content\/uploads\/2020\/11\/72637_1.jpeg","width":500,"height":500},{"@type":"BreadcrumbList","@id":"https:\/\/la-ptite-cerise.be\/produit\/choc-shark-bio\/#breadcrumb","itemListElement":[{"@type":"ListItem","position":1,"name":"Accueil","item":"https:\/\/la-ptite-cerise.be\/en\/"},{"@type":"ListItem","position":2,"name":"Store","item":"https:\/\/la-ptite-cerise.be\/boutique\/"},{"@type":"ListItem","position":3,"name":"Choc Shark BIO"}]},{"@type":"WebSite","@id":"https:\/\/la-ptite-cerise.be\/#website","url":"https:\/\/la-ptite-cerise.be\/","name":"La P'tite Cerise","description":"Artisan torr\u00e9facteur de caf\u00e9 de sp\u00e9cialit\u00e9. S\u00e9lection de th\u00e9s &amp; tisanes.","publisher":{"@id":"https:\/\/la-ptite-cerise.be\/#organization"},"potentialAction":[{"@type":"SearchAction","target":{"@type":"EntryPoint","urlTemplate":"https:\/\/la-ptite-cerise.be\/?s={search_term_string}"},"query-input":{"@type":"PropertyValueSpecification","valueRequired":true,"valueName":"search_term_string"}}],"inLanguage":"en-US"},{"@type":"Organization","@id":"https:\/\/la-ptite-cerise.be\/#organization","name":"La P'tite Cerise","url":"https:\/\/la-ptite-cerise.be\/","logo":{"@type":"ImageObject","inLanguage":"en-US","@id":"https:\/\/la-ptite-cerise.be\/#\/schema\/logo\/image\/","url":"https:\/\/la-ptite-cerise.be\/wp-content\/uploads\/2020\/10\/logo-header-01.jpg","contentUrl":"https:\/\/la-ptite-cerise.be\/wp-content\/uploads\/2020\/10\/logo-header-01.jpg","width":176,"height":100,"caption":"La P'tite Cerise"},"image":{"@id":"https:\/\/la-ptite-cerise.be\/#\/schema\/logo\/image\/"},"sameAs":["https:\/\/www.facebook.com\/laptitecerise\/","https:\/\/www.instagram.com\/la.ptite_cerise\/"]}]}},"_links":{"self":[{"href":"https:\/\/la-ptite-cerise.be\/en\/wp-json\/wp\/v2\/product\/12410","targetHints":{"allow":["GET"]}}],"collection":[{"href":"https:\/\/la-ptite-cerise.be\/en\/wp-json\/wp\/v2\/product"}],"about":[{"href":"https:\/\/la-ptite-cerise.be\/en\/wp-json\/wp\/v2\/types\/product"}],"wp:featuredmedia":[{"embeddable":true,"href":"https:\/\/la-ptite-cerise.be\/en\/wp-json\/wp\/v2\/media\/13839"}],"wp:attachment":[{"href":"https:\/\/la-ptite-cerise.be\/en\/wp-json\/wp\/v2\/media?parent=12410"}],"wp:term":[{"taxonomy":"product_brand","embeddable":true,"href":"https:\/\/la-ptite-cerise.be\/en\/wp-json\/wp\/v2\/product_brand?post=12410"},{"taxonomy":"product_cat","embeddable":true,"href":"https:\/\/la-ptite-cerise.be\/en\/wp-json\/wp\/v2\/product_cat?post=12410"},{"taxonomy":"product_tag","embeddable":true,"href":"https:\/\/la-ptite-cerise.be\/en\/wp-json\/wp\/v2\/product_tag?post=12410"}],"curies":[{"name":"wp","href":"https:\/\/api.w.org\/{rel}","templated":true}]}}