{"id":12696,"date":"2025-03-04T13:02:06","date_gmt":"2025-03-04T12:02:06","guid":{"rendered":"https:\/\/la-ptite-cerise.be\/produit\/12696\/"},"modified":"2025-06-10T16:03:52","modified_gmt":"2025-06-10T14:03:52","slug":"12696","status":"publish","type":"product","link":"https:\/\/la-ptite-cerise.be\/en\/produit\/12696\/","title":{"rendered":"EQUATEUR Terrazas del Pisque LAVE"},"content":{"rendered":"<h3 class=\"\" data-start=\"1934\" data-end=\"2010\">\ud83c\udf3f A washed coffee grown in a hand-built forest in the Ecuadorian desert<\/h3>\n<p class=\"\" data-start=\"2012\" data-end=\"2410\"><strong data-start=\"2012\" data-end=\"2020\">Farm<\/strong>: Las Terrazas del Pisque<br data-start=\"2045\" data-end=\"2048\" \/><strong data-start=\"2048\" data-end=\"2060\">Producer<\/strong>: Arnaud Causse<br data-start=\"2075\" data-end=\"2078\" \/><strong data-start=\"2078\" data-end=\"2088\">Region<\/strong>: Pichincha, Quito, Ecuador<br data-start=\"2115\" data-end=\"2118\" \/><strong data-start=\"2118\" data-end=\"2130\">Altitude<\/strong>: 2000 m<br data-start=\"2138\" data-end=\"2141\" \/><strong data-start=\"2141\" data-end=\"2152\">Species<\/strong>: Arabica<br data-start=\"2161\" data-end=\"2164\" \/><strong data-start=\"2164\" data-end=\"2175\">Variety<\/strong>: Red Caturra<br data-start=\"2188\" data-end=\"2191\" \/><strong data-start=\"2191\" data-end=\"2202\">Harvest<\/strong>: \u2014<br data-start=\"2205\" data-end=\"2208\" \/><strong data-start=\"2208\" data-end=\"2229\">Harvesting Method<\/strong>: Hand-picked<br data-start=\"2242\" data-end=\"2245\" \/><strong data-start=\"2245\" data-end=\"2256\">Process<\/strong>: Washed<br data-start=\"2264\" data-end=\"2267\" \/><strong data-start=\"2267\" data-end=\"2277\">Drying<\/strong>: 8\u201312 days in shade after 48h fermentation (24h immersed)<br data-start=\"2335\" data-end=\"2338\" \/>\n<\/p>\n<hr class=\"\" data-start=\"2412\" data-end=\"2415\" \/>\n<h3 class=\"\" data-start=\"2417\" data-end=\"2438\">About this coffee<\/h3>\n<p class=\"\" data-start=\"2440\" data-end=\"2852\">What\u2019s the best way to grow coffee in a forest? Start by building the forest yourself. That\u2019s exactly what <strong data-start=\"2547\" data-end=\"2564\">Arnaud Causse<\/strong> did at Las Terrazas del Pisque \u2014 a pioneering farm established in a dry, desert-like zone on the Pacific side of the Andes. A trained agronomist, Arnaud planted over 25 species of trees, including ingas, lemon, and avocado, to create the perfect shaded microclimate for specialty coffee.<\/p>\n<p class=\"\" data-start=\"2854\" data-end=\"3164\">No pesticides are used here. Instead, coffee plants are treated with essential oils of lavender, marigold, and rosemary \u2014 all produced on-site. Flowering plants attract bees for honey production, leguminous crops enrich the soil, and fruit trees provide food and habitat for birds that naturally control pests.<\/p>\n<p class=\"\" data-start=\"3166\" data-end=\"3496\">This <strong data-start=\"3171\" data-end=\"3186\">Red Caturra<\/strong> lot \u2014 a natural mutation of Bourbon \u2014 thrives at 2000 metres above sea level. After careful handpicking, the beans undergo a 24-hour dry fermentation, followed by 24 hours in water, then slow drying under shade. The result is a refined, layered cup with notes of hazelnut, citrus, honey and floral undertones.<\/p>\n<p class=\"\" data-start=\"3498\" data-end=\"3570\"><strong data-start=\"3498\" data-end=\"3570\">A rare, vibrant coffee grown in a living, self-sustaining ecosystem.<\/strong><\/p>\n","protected":false},"excerpt":{"rendered":"<h4>(58\u20ac\/kg)<\/h4>\n<p><strong data-start=\"2338\" data-end=\"2351\" data-is-only-node=\"\">SCA Score<\/strong>: 86<br data-start=\"2355\" data-end=\"2358\" \/><strong data-start=\"2358\" data-end=\"2375\">Tasting Notes<\/strong>: Hazelnut, citrus, honey, floral<\/p>\n","protected":false},"featured_media":12342,"template":"","meta":[],"product_brand":[],"product_cat":[139],"product_tag":[],"class_list":{"0":"post-12696","1":"product","2":"type-product","3":"status-publish","4":"has-post-thumbnail","6":"product_cat-coffee","8":"first","9":"outofstock","10":"taxable","11":"shipping-taxable","12":"purchasable","13":"product-type-variable"},"yoast_head":"<!-- This site is optimized with the Yoast SEO plugin v25.7 - https:\/\/yoast.com\/wordpress\/plugins\/seo\/ -->\n<title>EQUATEUR Terrazas del Pisque LAVE - La P&#039;tite Cerise<\/title>\n<meta name=\"robots\" content=\"index, follow, max-snippet:-1, max-image-preview:large, max-video-preview:-1\" \/>\n<link rel=\"canonical\" href=\"https:\/\/la-ptite-cerise.be\/produit\/equateur-quito-terrazas-del-pisque-lave\/\" \/>\n<meta property=\"og:locale\" content=\"en_US\" \/>\n<meta property=\"og:type\" content=\"article\" \/>\n<meta property=\"og:title\" content=\"EQUATEUR Terrazas del Pisque LAVE - La P&#039;tite Cerise\" \/>\n<meta property=\"og:description\" content=\"(58\u20ac\/kg) SCA Score: 86Tasting Notes: Hazelnut, citrus, honey, floral\" \/>\n<meta property=\"og:url\" content=\"https:\/\/la-ptite-cerise.be\/produit\/equateur-quito-terrazas-del-pisque-lave\/\" \/>\n<meta property=\"og:site_name\" content=\"La P&#039;tite Cerise\" \/>\n<meta property=\"article:publisher\" content=\"https:\/\/www.facebook.com\/laptitecerise\/\" \/>\n<meta property=\"article:modified_time\" content=\"2025-06-10T14:03:52+00:00\" \/>\n<meta property=\"og:image\" content=\"https:\/\/la-ptite-cerise.be\/wp-content\/uploads\/2025\/03\/\u2022Etiquettes-500x500px-Terrazas.png\" \/>\n\t<meta property=\"og:image:width\" content=\"500\" \/>\n\t<meta property=\"og:image:height\" content=\"500\" \/>\n\t<meta property=\"og:image:type\" content=\"image\/png\" \/>\n<meta name=\"twitter:card\" content=\"summary_large_image\" \/>\n<meta name=\"twitter:label1\" content=\"Est. reading time\" \/>\n\t<meta name=\"twitter:data1\" content=\"1 minute\" \/>\n<script type=\"application\/ld+json\" class=\"yoast-schema-graph\">{\"@context\":\"https:\/\/schema.org\",\"@graph\":[{\"@type\":\"WebPage\",\"@id\":\"https:\/\/la-ptite-cerise.be\/produit\/equateur-quito-terrazas-del-pisque-lave\/\",\"url\":\"https:\/\/la-ptite-cerise.be\/produit\/equateur-quito-terrazas-del-pisque-lave\/\",\"name\":\"EQUATEUR Terrazas del Pisque LAVE - La P&#039;tite Cerise\",\"isPartOf\":{\"@id\":\"https:\/\/la-ptite-cerise.be\/#website\"},\"primaryImageOfPage\":{\"@id\":\"https:\/\/la-ptite-cerise.be\/produit\/equateur-quito-terrazas-del-pisque-lave\/#primaryimage\"},\"image\":{\"@id\":\"https:\/\/la-ptite-cerise.be\/produit\/equateur-quito-terrazas-del-pisque-lave\/#primaryimage\"},\"thumbnailUrl\":\"https:\/\/la-ptite-cerise.be\/wp-content\/uploads\/2025\/03\/\u2022Etiquettes-500x500px-Terrazas.png\",\"datePublished\":\"2025-03-04T12:02:06+00:00\",\"dateModified\":\"2025-06-10T14:03:52+00:00\",\"breadcrumb\":{\"@id\":\"https:\/\/la-ptite-cerise.be\/produit\/equateur-quito-terrazas-del-pisque-lave\/#breadcrumb\"},\"inLanguage\":\"en-US\",\"potentialAction\":[{\"@type\":\"ReadAction\",\"target\":[\"https:\/\/la-ptite-cerise.be\/produit\/equateur-quito-terrazas-del-pisque-lave\/\"]}]},{\"@type\":\"ImageObject\",\"inLanguage\":\"en-US\",\"@id\":\"https:\/\/la-ptite-cerise.be\/produit\/equateur-quito-terrazas-del-pisque-lave\/#primaryimage\",\"url\":\"https:\/\/la-ptite-cerise.be\/wp-content\/uploads\/2025\/03\/\u2022Etiquettes-500x500px-Terrazas.png\",\"contentUrl\":\"https:\/\/la-ptite-cerise.be\/wp-content\/uploads\/2025\/03\/\u2022Etiquettes-500x500px-Terrazas.png\",\"width\":500,\"height\":500},{\"@type\":\"BreadcrumbList\",\"@id\":\"https:\/\/la-ptite-cerise.be\/produit\/equateur-quito-terrazas-del-pisque-lave\/#breadcrumb\",\"itemListElement\":[{\"@type\":\"ListItem\",\"position\":1,\"name\":\"Accueil\",\"item\":\"https:\/\/la-ptite-cerise.be\/en\/\"},{\"@type\":\"ListItem\",\"position\":2,\"name\":\"Store\",\"item\":\"https:\/\/la-ptite-cerise.be\/boutique\/\"},{\"@type\":\"ListItem\",\"position\":3,\"name\":\"EQUATEUR Terrazas del Pisque LAVE\"}]},{\"@type\":\"WebSite\",\"@id\":\"https:\/\/la-ptite-cerise.be\/#website\",\"url\":\"https:\/\/la-ptite-cerise.be\/\",\"name\":\"La P'tite Cerise\",\"description\":\"Artisan torr\u00e9facteur de caf\u00e9 de sp\u00e9cialit\u00e9. S\u00e9lection de th\u00e9s &amp; tisanes.\",\"publisher\":{\"@id\":\"https:\/\/la-ptite-cerise.be\/#organization\"},\"potentialAction\":[{\"@type\":\"SearchAction\",\"target\":{\"@type\":\"EntryPoint\",\"urlTemplate\":\"https:\/\/la-ptite-cerise.be\/?s={search_term_string}\"},\"query-input\":{\"@type\":\"PropertyValueSpecification\",\"valueRequired\":true,\"valueName\":\"search_term_string\"}}],\"inLanguage\":\"en-US\"},{\"@type\":\"Organization\",\"@id\":\"https:\/\/la-ptite-cerise.be\/#organization\",\"name\":\"La P'tite Cerise\",\"url\":\"https:\/\/la-ptite-cerise.be\/\",\"logo\":{\"@type\":\"ImageObject\",\"inLanguage\":\"en-US\",\"@id\":\"https:\/\/la-ptite-cerise.be\/#\/schema\/logo\/image\/\",\"url\":\"https:\/\/la-ptite-cerise.be\/wp-content\/uploads\/2020\/10\/logo-header-01.jpg\",\"contentUrl\":\"https:\/\/la-ptite-cerise.be\/wp-content\/uploads\/2020\/10\/logo-header-01.jpg\",\"width\":176,\"height\":100,\"caption\":\"La P'tite Cerise\"},\"image\":{\"@id\":\"https:\/\/la-ptite-cerise.be\/#\/schema\/logo\/image\/\"},\"sameAs\":[\"https:\/\/www.facebook.com\/laptitecerise\/\",\"https:\/\/www.instagram.com\/la.ptite_cerise\/\"]}]}<\/script>\n<!-- \/ Yoast SEO plugin. -->","yoast_head_json":{"title":"EQUATEUR Terrazas del Pisque LAVE - La P&#039;tite Cerise","robots":{"index":"index","follow":"follow","max-snippet":"max-snippet:-1","max-image-preview":"max-image-preview:large","max-video-preview":"max-video-preview:-1"},"canonical":"https:\/\/la-ptite-cerise.be\/produit\/equateur-quito-terrazas-del-pisque-lave\/","og_locale":"en_US","og_type":"article","og_title":"EQUATEUR Terrazas del Pisque LAVE - La P&#039;tite Cerise","og_description":"(58\u20ac\/kg) SCA Score: 86Tasting Notes: Hazelnut, citrus, honey, floral","og_url":"https:\/\/la-ptite-cerise.be\/produit\/equateur-quito-terrazas-del-pisque-lave\/","og_site_name":"La P&#039;tite Cerise","article_publisher":"https:\/\/www.facebook.com\/laptitecerise\/","article_modified_time":"2025-06-10T14:03:52+00:00","og_image":[{"width":500,"height":500,"url":"https:\/\/la-ptite-cerise.be\/wp-content\/uploads\/2025\/03\/\u2022Etiquettes-500x500px-Terrazas.png","type":"image\/png"}],"twitter_card":"summary_large_image","twitter_misc":{"Est. reading time":"1 minute"},"schema":{"@context":"https:\/\/schema.org","@graph":[{"@type":"WebPage","@id":"https:\/\/la-ptite-cerise.be\/produit\/equateur-quito-terrazas-del-pisque-lave\/","url":"https:\/\/la-ptite-cerise.be\/produit\/equateur-quito-terrazas-del-pisque-lave\/","name":"EQUATEUR Terrazas del Pisque LAVE - La P&#039;tite Cerise","isPartOf":{"@id":"https:\/\/la-ptite-cerise.be\/#website"},"primaryImageOfPage":{"@id":"https:\/\/la-ptite-cerise.be\/produit\/equateur-quito-terrazas-del-pisque-lave\/#primaryimage"},"image":{"@id":"https:\/\/la-ptite-cerise.be\/produit\/equateur-quito-terrazas-del-pisque-lave\/#primaryimage"},"thumbnailUrl":"https:\/\/la-ptite-cerise.be\/wp-content\/uploads\/2025\/03\/\u2022Etiquettes-500x500px-Terrazas.png","datePublished":"2025-03-04T12:02:06+00:00","dateModified":"2025-06-10T14:03:52+00:00","breadcrumb":{"@id":"https:\/\/la-ptite-cerise.be\/produit\/equateur-quito-terrazas-del-pisque-lave\/#breadcrumb"},"inLanguage":"en-US","potentialAction":[{"@type":"ReadAction","target":["https:\/\/la-ptite-cerise.be\/produit\/equateur-quito-terrazas-del-pisque-lave\/"]}]},{"@type":"ImageObject","inLanguage":"en-US","@id":"https:\/\/la-ptite-cerise.be\/produit\/equateur-quito-terrazas-del-pisque-lave\/#primaryimage","url":"https:\/\/la-ptite-cerise.be\/wp-content\/uploads\/2025\/03\/\u2022Etiquettes-500x500px-Terrazas.png","contentUrl":"https:\/\/la-ptite-cerise.be\/wp-content\/uploads\/2025\/03\/\u2022Etiquettes-500x500px-Terrazas.png","width":500,"height":500},{"@type":"BreadcrumbList","@id":"https:\/\/la-ptite-cerise.be\/produit\/equateur-quito-terrazas-del-pisque-lave\/#breadcrumb","itemListElement":[{"@type":"ListItem","position":1,"name":"Accueil","item":"https:\/\/la-ptite-cerise.be\/en\/"},{"@type":"ListItem","position":2,"name":"Store","item":"https:\/\/la-ptite-cerise.be\/boutique\/"},{"@type":"ListItem","position":3,"name":"EQUATEUR Terrazas del Pisque LAVE"}]},{"@type":"WebSite","@id":"https:\/\/la-ptite-cerise.be\/#website","url":"https:\/\/la-ptite-cerise.be\/","name":"La P'tite Cerise","description":"Artisan torr\u00e9facteur de caf\u00e9 de sp\u00e9cialit\u00e9. S\u00e9lection de th\u00e9s &amp; tisanes.","publisher":{"@id":"https:\/\/la-ptite-cerise.be\/#organization"},"potentialAction":[{"@type":"SearchAction","target":{"@type":"EntryPoint","urlTemplate":"https:\/\/la-ptite-cerise.be\/?s={search_term_string}"},"query-input":{"@type":"PropertyValueSpecification","valueRequired":true,"valueName":"search_term_string"}}],"inLanguage":"en-US"},{"@type":"Organization","@id":"https:\/\/la-ptite-cerise.be\/#organization","name":"La P'tite Cerise","url":"https:\/\/la-ptite-cerise.be\/","logo":{"@type":"ImageObject","inLanguage":"en-US","@id":"https:\/\/la-ptite-cerise.be\/#\/schema\/logo\/image\/","url":"https:\/\/la-ptite-cerise.be\/wp-content\/uploads\/2020\/10\/logo-header-01.jpg","contentUrl":"https:\/\/la-ptite-cerise.be\/wp-content\/uploads\/2020\/10\/logo-header-01.jpg","width":176,"height":100,"caption":"La P'tite Cerise"},"image":{"@id":"https:\/\/la-ptite-cerise.be\/#\/schema\/logo\/image\/"},"sameAs":["https:\/\/www.facebook.com\/laptitecerise\/","https:\/\/www.instagram.com\/la.ptite_cerise\/"]}]}},"_links":{"self":[{"href":"https:\/\/la-ptite-cerise.be\/en\/wp-json\/wp\/v2\/product\/12696","targetHints":{"allow":["GET"]}}],"collection":[{"href":"https:\/\/la-ptite-cerise.be\/en\/wp-json\/wp\/v2\/product"}],"about":[{"href":"https:\/\/la-ptite-cerise.be\/en\/wp-json\/wp\/v2\/types\/product"}],"wp:featuredmedia":[{"embeddable":true,"href":"https:\/\/la-ptite-cerise.be\/en\/wp-json\/wp\/v2\/media\/12342"}],"wp:attachment":[{"href":"https:\/\/la-ptite-cerise.be\/en\/wp-json\/wp\/v2\/media?parent=12696"}],"wp:term":[{"taxonomy":"product_brand","embeddable":true,"href":"https:\/\/la-ptite-cerise.be\/en\/wp-json\/wp\/v2\/product_brand?post=12696"},{"taxonomy":"product_cat","embeddable":true,"href":"https:\/\/la-ptite-cerise.be\/en\/wp-json\/wp\/v2\/product_cat?post=12696"},{"taxonomy":"product_tag","embeddable":true,"href":"https:\/\/la-ptite-cerise.be\/en\/wp-json\/wp\/v2\/product_tag?post=12696"}],"curies":[{"name":"wp","href":"https:\/\/api.w.org\/{rel}","templated":true}]}}