{"id":12835,"date":"2025-01-06T15:52:41","date_gmt":"2025-01-06T14:52:41","guid":{"rendered":"https:\/\/la-ptite-cerise.be\/produit\/venezuela-cocollar-caracoli-honey\/"},"modified":"2025-06-19T13:14:15","modified_gmt":"2025-06-19T11:14:15","slug":"venezuela-cocollar-caracoli-honey","status":"publish","type":"product","link":"https:\/\/la-ptite-cerise.be\/en\/produit\/venezuela-cocollar-caracoli-honey\/","title":{"rendered":"VENEZUELA Cocollar &#8220;Caracoli&#8221; HONEY"},"content":{"rendered":"<h3 class=\"\" data-start=\"1851\" data-end=\"1918\">\ud83d\udc0c A rare and delicate peaberry from the mountains of Venezuela<\/h3>\n<p class=\"\" data-start=\"1920\" data-end=\"2297\"><strong data-start=\"1920\" data-end=\"1928\">Farm<\/strong>: Hacienda Cocollar<br data-start=\"1947\" data-end=\"1950\" \/><strong data-start=\"1950\" data-end=\"1962\">Producer<\/strong>: Carlos C\u00e9sar Avila<br data-start=\"1982\" data-end=\"1985\" \/><strong data-start=\"1985\" data-end=\"1995\">Region<\/strong>: Caripe, Monagas, Venezuela<br data-start=\"2023\" data-end=\"2026\" \/><strong data-start=\"2026\" data-end=\"2038\">Altitude<\/strong>: 900\u20131400 m<br data-start=\"2050\" data-end=\"2053\" \/><strong data-start=\"2053\" data-end=\"2064\">Species<\/strong>: Arabica<br data-start=\"2073\" data-end=\"2076\" \/><strong data-start=\"2076\" data-end=\"2087\">Variety<\/strong>: Bourbon, Catuai, Caturra<br data-start=\"2113\" data-end=\"2116\" \/><strong data-start=\"2116\" data-end=\"2127\">Harvest<\/strong>: \u2014<br data-start=\"2130\" data-end=\"2133\" \/><strong data-start=\"2133\" data-end=\"2154\">Harvesting Method<\/strong>: Hand-picked<br data-start=\"2167\" data-end=\"2170\" \/><strong data-start=\"2170\" data-end=\"2181\">Process<\/strong>: Honey<br data-start=\"2188\" data-end=\"2191\" \/><strong data-start=\"2191\" data-end=\"2201\">Drying<\/strong>: 12 days in sun with mucilage<br data-start=\"2231\" data-end=\"2234\" \/>\n<\/p>\n<hr class=\"\" data-start=\"2299\" data-end=\"2302\" \/>\n<h3 class=\"\" data-start=\"2304\" data-end=\"2325\">About this coffee<\/h3>\n<p class=\"\" data-start=\"2327\" data-end=\"2630\">Tucked into the lush mountains of <strong data-start=\"2361\" data-end=\"2390\">El Gu\u00e1charo National Park<\/strong>, <strong data-start=\"2392\" data-end=\"2413\">Hacienda Cocollar<\/strong> is a historic Venezuelan estate that has been in the <strong data-start=\"2467\" data-end=\"2483\">Avila family<\/strong> for over 50 years. Originally a wedding gift, the farm is now managed by <strong data-start=\"2557\" data-end=\"2579\">Carlos C\u00e9sar Avila<\/strong>, representing the third generation of stewardship.<\/p>\n<p class=\"\" data-start=\"2632\" data-end=\"2895\">The 250-hectare farm, shaded by banana and fruit trees, benefits from an ideal altitude and equatorial climate\u2014similar to renowned coffee regions in Costa Rica and Panama. These conditions are perfect for the <strong data-start=\"2841\" data-end=\"2873\">Bourbon, Catuai, and Caturra<\/strong> varieties grown here.<\/p>\n<p class=\"\" data-start=\"2897\" data-end=\"3206\">This unique lot is a <strong data-start=\"2918\" data-end=\"2932\">Caracolito<\/strong> (peaberry), a natural mutation where only one bean forms inside the cherry, resulting in a rounder shape and a higher concentration of flavour. Though peaberries make up only 5% of production, <strong data-start=\"3126\" data-end=\"3147\">Hacienda Cocollar<\/strong> has the sorting technology to separate and highlight them.<\/p>\n<p class=\"\" data-start=\"3208\" data-end=\"3378\">Dried in the sun for <strong data-start=\"3229\" data-end=\"3258\">12 days with its mucilage<\/strong> (honey process), this peaberry cup bursts with <strong data-start=\"3306\" data-end=\"3326\">floral intensity<\/strong>, <strong data-start=\"3328\" data-end=\"3349\">apricot sweetness<\/strong>, and a silky honeyed finish.<\/p>\n<p class=\"\" data-start=\"3380\" data-end=\"3450\"><strong data-start=\"3380\" data-end=\"3450\">A rare gem from Venezuela \u2014 elegant, expressive, and full of life.<\/strong><\/p>\n","protected":false},"excerpt":{"rendered":"<h4>(58\u20ac\/kg)<\/h4>\n<p><strong data-start=\"2234\" data-end=\"2247\">SCA Score<\/strong>: 84<br data-start=\"2251\" data-end=\"2254\" data-is-only-node=\"\" \/><strong data-start=\"2254\" data-end=\"2271\">Tasting Notes<\/strong>: Floral, apricot, honey<\/p>\n","protected":false},"featured_media":12086,"template":"","meta":[],"product_brand":[],"product_cat":[139],"product_tag":[],"class_list":{"0":"post-12835","1":"product","2":"type-product","3":"status-publish","4":"has-post-thumbnail","6":"product_cat-coffee","8":"first","9":"outofstock","10":"taxable","11":"shipping-taxable","12":"purchasable","13":"product-type-variable"},"yoast_head":"<!-- This site is optimized with the Yoast SEO plugin v25.7 - https:\/\/yoast.com\/wordpress\/plugins\/seo\/ -->\n<title>VENEZUELA Cocollar &quot;Caracoli&quot; HONEY - La P&#039;tite Cerise<\/title>\n<meta name=\"robots\" content=\"index, follow, max-snippet:-1, max-image-preview:large, max-video-preview:-1\" \/>\n<link rel=\"canonical\" href=\"https:\/\/la-ptite-cerise.be\/produit\/venezuella-cocollar-caracoli-honey\/\" \/>\n<meta property=\"og:locale\" content=\"en_US\" \/>\n<meta property=\"og:type\" content=\"article\" \/>\n<meta property=\"og:title\" content=\"VENEZUELA Cocollar &quot;Caracoli&quot; HONEY - La P&#039;tite Cerise\" \/>\n<meta property=\"og:description\" content=\"(58\u20ac\/kg) SCA Score: 84Tasting Notes: Floral, apricot, honey\" \/>\n<meta property=\"og:url\" content=\"https:\/\/la-ptite-cerise.be\/produit\/venezuella-cocollar-caracoli-honey\/\" \/>\n<meta property=\"og:site_name\" content=\"La P&#039;tite Cerise\" \/>\n<meta property=\"article:publisher\" content=\"https:\/\/www.facebook.com\/laptitecerise\/\" \/>\n<meta property=\"article:modified_time\" content=\"2025-06-19T11:14:15+00:00\" \/>\n<meta property=\"og:image\" content=\"https:\/\/la-ptite-cerise.be\/wp-content\/uploads\/2025\/01\/Etiquettes-500x500px-Cocollar-1.png\" \/>\n\t<meta property=\"og:image:width\" content=\"480\" \/>\n\t<meta property=\"og:image:height\" content=\"480\" \/>\n\t<meta property=\"og:image:type\" content=\"image\/png\" \/>\n<meta name=\"twitter:card\" content=\"summary_large_image\" \/>\n<meta name=\"twitter:label1\" content=\"Est. reading time\" \/>\n\t<meta name=\"twitter:data1\" content=\"1 minute\" \/>\n<script type=\"application\/ld+json\" class=\"yoast-schema-graph\">{\"@context\":\"https:\/\/schema.org\",\"@graph\":[{\"@type\":\"WebPage\",\"@id\":\"https:\/\/la-ptite-cerise.be\/produit\/venezuella-cocollar-caracoli-honey\/\",\"url\":\"https:\/\/la-ptite-cerise.be\/produit\/venezuella-cocollar-caracoli-honey\/\",\"name\":\"VENEZUELA Cocollar \\\"Caracoli\\\" HONEY - La P&#039;tite Cerise\",\"isPartOf\":{\"@id\":\"https:\/\/la-ptite-cerise.be\/#website\"},\"primaryImageOfPage\":{\"@id\":\"https:\/\/la-ptite-cerise.be\/produit\/venezuella-cocollar-caracoli-honey\/#primaryimage\"},\"image\":{\"@id\":\"https:\/\/la-ptite-cerise.be\/produit\/venezuella-cocollar-caracoli-honey\/#primaryimage\"},\"thumbnailUrl\":\"https:\/\/la-ptite-cerise.be\/wp-content\/uploads\/2025\/01\/Etiquettes-500x500px-Cocollar-1.png\",\"datePublished\":\"2025-01-06T14:52:41+00:00\",\"dateModified\":\"2025-06-19T11:14:15+00:00\",\"breadcrumb\":{\"@id\":\"https:\/\/la-ptite-cerise.be\/produit\/venezuella-cocollar-caracoli-honey\/#breadcrumb\"},\"inLanguage\":\"en-US\",\"potentialAction\":[{\"@type\":\"ReadAction\",\"target\":[\"https:\/\/la-ptite-cerise.be\/produit\/venezuella-cocollar-caracoli-honey\/\"]}]},{\"@type\":\"ImageObject\",\"inLanguage\":\"en-US\",\"@id\":\"https:\/\/la-ptite-cerise.be\/produit\/venezuella-cocollar-caracoli-honey\/#primaryimage\",\"url\":\"https:\/\/la-ptite-cerise.be\/wp-content\/uploads\/2025\/01\/Etiquettes-500x500px-Cocollar-1.png\",\"contentUrl\":\"https:\/\/la-ptite-cerise.be\/wp-content\/uploads\/2025\/01\/Etiquettes-500x500px-Cocollar-1.png\",\"width\":480,\"height\":480},{\"@type\":\"BreadcrumbList\",\"@id\":\"https:\/\/la-ptite-cerise.be\/produit\/venezuella-cocollar-caracoli-honey\/#breadcrumb\",\"itemListElement\":[{\"@type\":\"ListItem\",\"position\":1,\"name\":\"Accueil\",\"item\":\"https:\/\/la-ptite-cerise.be\/en\/\"},{\"@type\":\"ListItem\",\"position\":2,\"name\":\"Store\",\"item\":\"https:\/\/la-ptite-cerise.be\/boutique\/\"},{\"@type\":\"ListItem\",\"position\":3,\"name\":\"VENEZUELA Cocollar \u00ab\u00a0Caracoli\u00a0\u00bb HONEY\"}]},{\"@type\":\"WebSite\",\"@id\":\"https:\/\/la-ptite-cerise.be\/#website\",\"url\":\"https:\/\/la-ptite-cerise.be\/\",\"name\":\"La P'tite Cerise\",\"description\":\"Artisan torr\u00e9facteur de caf\u00e9 de sp\u00e9cialit\u00e9. S\u00e9lection de th\u00e9s &amp; tisanes.\",\"publisher\":{\"@id\":\"https:\/\/la-ptite-cerise.be\/#organization\"},\"potentialAction\":[{\"@type\":\"SearchAction\",\"target\":{\"@type\":\"EntryPoint\",\"urlTemplate\":\"https:\/\/la-ptite-cerise.be\/?s={search_term_string}\"},\"query-input\":{\"@type\":\"PropertyValueSpecification\",\"valueRequired\":true,\"valueName\":\"search_term_string\"}}],\"inLanguage\":\"en-US\"},{\"@type\":\"Organization\",\"@id\":\"https:\/\/la-ptite-cerise.be\/#organization\",\"name\":\"La P'tite Cerise\",\"url\":\"https:\/\/la-ptite-cerise.be\/\",\"logo\":{\"@type\":\"ImageObject\",\"inLanguage\":\"en-US\",\"@id\":\"https:\/\/la-ptite-cerise.be\/#\/schema\/logo\/image\/\",\"url\":\"https:\/\/la-ptite-cerise.be\/wp-content\/uploads\/2020\/10\/logo-header-01.jpg\",\"contentUrl\":\"https:\/\/la-ptite-cerise.be\/wp-content\/uploads\/2020\/10\/logo-header-01.jpg\",\"width\":176,\"height\":100,\"caption\":\"La P'tite Cerise\"},\"image\":{\"@id\":\"https:\/\/la-ptite-cerise.be\/#\/schema\/logo\/image\/\"},\"sameAs\":[\"https:\/\/www.facebook.com\/laptitecerise\/\",\"https:\/\/www.instagram.com\/la.ptite_cerise\/\"]}]}<\/script>\n<!-- \/ Yoast SEO plugin. -->","yoast_head_json":{"title":"VENEZUELA Cocollar \"Caracoli\" HONEY - La P&#039;tite Cerise","robots":{"index":"index","follow":"follow","max-snippet":"max-snippet:-1","max-image-preview":"max-image-preview:large","max-video-preview":"max-video-preview:-1"},"canonical":"https:\/\/la-ptite-cerise.be\/produit\/venezuella-cocollar-caracoli-honey\/","og_locale":"en_US","og_type":"article","og_title":"VENEZUELA Cocollar \"Caracoli\" HONEY - La P&#039;tite Cerise","og_description":"(58\u20ac\/kg) SCA Score: 84Tasting Notes: Floral, apricot, honey","og_url":"https:\/\/la-ptite-cerise.be\/produit\/venezuella-cocollar-caracoli-honey\/","og_site_name":"La P&#039;tite Cerise","article_publisher":"https:\/\/www.facebook.com\/laptitecerise\/","article_modified_time":"2025-06-19T11:14:15+00:00","og_image":[{"width":480,"height":480,"url":"https:\/\/la-ptite-cerise.be\/wp-content\/uploads\/2025\/01\/Etiquettes-500x500px-Cocollar-1.png","type":"image\/png"}],"twitter_card":"summary_large_image","twitter_misc":{"Est. reading time":"1 minute"},"schema":{"@context":"https:\/\/schema.org","@graph":[{"@type":"WebPage","@id":"https:\/\/la-ptite-cerise.be\/produit\/venezuella-cocollar-caracoli-honey\/","url":"https:\/\/la-ptite-cerise.be\/produit\/venezuella-cocollar-caracoli-honey\/","name":"VENEZUELA Cocollar \"Caracoli\" HONEY - La P&#039;tite Cerise","isPartOf":{"@id":"https:\/\/la-ptite-cerise.be\/#website"},"primaryImageOfPage":{"@id":"https:\/\/la-ptite-cerise.be\/produit\/venezuella-cocollar-caracoli-honey\/#primaryimage"},"image":{"@id":"https:\/\/la-ptite-cerise.be\/produit\/venezuella-cocollar-caracoli-honey\/#primaryimage"},"thumbnailUrl":"https:\/\/la-ptite-cerise.be\/wp-content\/uploads\/2025\/01\/Etiquettes-500x500px-Cocollar-1.png","datePublished":"2025-01-06T14:52:41+00:00","dateModified":"2025-06-19T11:14:15+00:00","breadcrumb":{"@id":"https:\/\/la-ptite-cerise.be\/produit\/venezuella-cocollar-caracoli-honey\/#breadcrumb"},"inLanguage":"en-US","potentialAction":[{"@type":"ReadAction","target":["https:\/\/la-ptite-cerise.be\/produit\/venezuella-cocollar-caracoli-honey\/"]}]},{"@type":"ImageObject","inLanguage":"en-US","@id":"https:\/\/la-ptite-cerise.be\/produit\/venezuella-cocollar-caracoli-honey\/#primaryimage","url":"https:\/\/la-ptite-cerise.be\/wp-content\/uploads\/2025\/01\/Etiquettes-500x500px-Cocollar-1.png","contentUrl":"https:\/\/la-ptite-cerise.be\/wp-content\/uploads\/2025\/01\/Etiquettes-500x500px-Cocollar-1.png","width":480,"height":480},{"@type":"BreadcrumbList","@id":"https:\/\/la-ptite-cerise.be\/produit\/venezuella-cocollar-caracoli-honey\/#breadcrumb","itemListElement":[{"@type":"ListItem","position":1,"name":"Accueil","item":"https:\/\/la-ptite-cerise.be\/en\/"},{"@type":"ListItem","position":2,"name":"Store","item":"https:\/\/la-ptite-cerise.be\/boutique\/"},{"@type":"ListItem","position":3,"name":"VENEZUELA Cocollar \u00ab\u00a0Caracoli\u00a0\u00bb HONEY"}]},{"@type":"WebSite","@id":"https:\/\/la-ptite-cerise.be\/#website","url":"https:\/\/la-ptite-cerise.be\/","name":"La P'tite Cerise","description":"Artisan torr\u00e9facteur de caf\u00e9 de sp\u00e9cialit\u00e9. S\u00e9lection de th\u00e9s &amp; tisanes.","publisher":{"@id":"https:\/\/la-ptite-cerise.be\/#organization"},"potentialAction":[{"@type":"SearchAction","target":{"@type":"EntryPoint","urlTemplate":"https:\/\/la-ptite-cerise.be\/?s={search_term_string}"},"query-input":{"@type":"PropertyValueSpecification","valueRequired":true,"valueName":"search_term_string"}}],"inLanguage":"en-US"},{"@type":"Organization","@id":"https:\/\/la-ptite-cerise.be\/#organization","name":"La P'tite Cerise","url":"https:\/\/la-ptite-cerise.be\/","logo":{"@type":"ImageObject","inLanguage":"en-US","@id":"https:\/\/la-ptite-cerise.be\/#\/schema\/logo\/image\/","url":"https:\/\/la-ptite-cerise.be\/wp-content\/uploads\/2020\/10\/logo-header-01.jpg","contentUrl":"https:\/\/la-ptite-cerise.be\/wp-content\/uploads\/2020\/10\/logo-header-01.jpg","width":176,"height":100,"caption":"La P'tite Cerise"},"image":{"@id":"https:\/\/la-ptite-cerise.be\/#\/schema\/logo\/image\/"},"sameAs":["https:\/\/www.facebook.com\/laptitecerise\/","https:\/\/www.instagram.com\/la.ptite_cerise\/"]}]}},"_links":{"self":[{"href":"https:\/\/la-ptite-cerise.be\/en\/wp-json\/wp\/v2\/product\/12835","targetHints":{"allow":["GET"]}}],"collection":[{"href":"https:\/\/la-ptite-cerise.be\/en\/wp-json\/wp\/v2\/product"}],"about":[{"href":"https:\/\/la-ptite-cerise.be\/en\/wp-json\/wp\/v2\/types\/product"}],"wp:featuredmedia":[{"embeddable":true,"href":"https:\/\/la-ptite-cerise.be\/en\/wp-json\/wp\/v2\/media\/12086"}],"wp:attachment":[{"href":"https:\/\/la-ptite-cerise.be\/en\/wp-json\/wp\/v2\/media?parent=12835"}],"wp:term":[{"taxonomy":"product_brand","embeddable":true,"href":"https:\/\/la-ptite-cerise.be\/en\/wp-json\/wp\/v2\/product_brand?post=12835"},{"taxonomy":"product_cat","embeddable":true,"href":"https:\/\/la-ptite-cerise.be\/en\/wp-json\/wp\/v2\/product_cat?post=12835"},{"taxonomy":"product_tag","embeddable":true,"href":"https:\/\/la-ptite-cerise.be\/en\/wp-json\/wp\/v2\/product_tag?post=12835"}],"curies":[{"name":"wp","href":"https:\/\/api.w.org\/{rel}","templated":true}]}}