{"id":12880,"date":"2024-11-05T10:00:03","date_gmt":"2024-11-05T09:00:03","guid":{"rendered":"https:\/\/la-ptite-cerise.be\/produit\/rwanda-karambi-honey\/"},"modified":"2025-06-19T13:15:20","modified_gmt":"2025-06-19T11:15:20","slug":"rwanda-karambi-honey","status":"publish","type":"product","link":"https:\/\/la-ptite-cerise.be\/en\/produit\/rwanda-karambi-honey\/","title":{"rendered":"RWANDA Karambi HONEY"},"content":{"rendered":"<h3 class=\"\" data-start=\"1957\" data-end=\"2034\">\ud83c\udf6f A bright, fruit-forward Rwandan coffee from the edge of Nyungwe Forest<\/h3>\n<p class=\"\" data-start=\"2036\" data-end=\"2401\"><strong data-start=\"2036\" data-end=\"2044\">Farm<\/strong>: Koakaka Cooperative<br data-start=\"2065\" data-end=\"2068\"><strong data-start=\"2068\" data-end=\"2080\">Producer<\/strong>: 1316 members (including 297 women)<br data-start=\"2116\" data-end=\"2119\"><strong data-start=\"2119\" data-end=\"2129\">Region<\/strong>: Southern Rwanda \u2013 Huye &amp; Nyamagabe<br data-start=\"2165\" data-end=\"2168\"><strong data-start=\"2168\" data-end=\"2180\">Altitude<\/strong>: 1900\u20132200 m<br data-start=\"2193\" data-end=\"2196\"><strong data-start=\"2196\" data-end=\"2207\">Species<\/strong>: Arabica<br data-start=\"2216\" data-end=\"2219\"><strong data-start=\"2219\" data-end=\"2230\">Variety<\/strong>: Red Bourbon<br data-start=\"2243\" data-end=\"2246\"><strong data-start=\"2246\" data-end=\"2257\">Harvest<\/strong>: \u2014<br data-start=\"2260\" data-end=\"2263\"><strong data-start=\"2263\" data-end=\"2284\">Harvesting Method<\/strong>: Hand-picked<br data-start=\"2297\" data-end=\"2300\"><strong data-start=\"2300\" data-end=\"2311\">Process<\/strong>: Honey<br data-start=\"2318\" data-end=\"2321\"><br data-start=\"2365\" data-end=\"2368\"><\/p>\n<hr class=\"\" data-start=\"2403\" data-end=\"2406\">\n<h3 class=\"\" data-start=\"2408\" data-end=\"2429\">About this coffee<\/h3>\n<p class=\"\" data-start=\"2431\" data-end=\"2743\">This coffee is produced by the&nbsp;<strong data-start=\"2462\" data-end=\"2485\">Koakaka Cooperative<\/strong>, founded in 2002 and located near the&nbsp;<strong data-start=\"2524\" data-end=\"2542\">Nyungwe Forest<\/strong>, a lush national park and biodiversity hotspot in southern Rwanda. The cooperative counts over&nbsp;<strong data-start=\"2638\" data-end=\"2654\">1300 members<\/strong>, including 297 women, and operates three washing stations: Karambi, Muganza, and Gaseke.<\/p>\n<p class=\"\" data-start=\"2745\" data-end=\"2978\">Cherries are carefully selected,&nbsp;<strong data-start=\"2778\" data-end=\"2824\">depulped, and dried on raised African beds<\/strong>&nbsp;under the sun for about two weeks. This&nbsp;<strong data-start=\"2865\" data-end=\"2884\">honey-processed<\/strong>&nbsp;lot showcases the natural sweetness and fruit clarity of high-altitude&nbsp;<strong data-start=\"2956\" data-end=\"2971\">red Bourbon<\/strong>&nbsp;beans.<\/p>\n<p class=\"\" data-start=\"2980\" data-end=\"3279\">Koakaka stands out not only for quality but also for its strong&nbsp;<strong data-start=\"3044\" data-end=\"3079\">social and environmental values<\/strong>. The cooperative provides access to clean water, electricity, zero-interest loans, and free health insurance to members, while actively supporting female farmers through dedicated premium programmes.<\/p>\n<p class=\"\" data-start=\"3281\" data-end=\"3395\">In the cup, this coffee is&nbsp;<strong data-start=\"3308\" data-end=\"3338\">light, juicy, and balanced<\/strong>, with gentle fruit acidity and a delicate, sweet finish.<\/p>\n<p><\/p>\n<p class=\"\" data-start=\"2036\" data-end=\"2401\"><strong data-start=\"2368\" data-end=\"2385\" data-is-only-node=\"\">Tasting Notes<\/strong>: Fruit, sugar<strong data-start=\"3397\" data-end=\"3466\">An inspiring Rwandan coffee \u2014 vibrant, ethical, and full of life.<\/strong><\/p>\n","protected":false},"excerpt":{"rendered":"<h4>(50\u20ac\/kg)<\/h4>\n<p><strong data-start=\"2321\" data-end=\"2331\">Drying<\/strong>: African beds<br data-start=\"2345\" data-end=\"2348\" \/><strong data-start=\"2348\" data-end=\"2361\">SCA Score<\/strong>: 86<\/p>\n","protected":false},"featured_media":11852,"template":"","meta":[],"product_brand":[],"product_cat":[139],"product_tag":[],"class_list":{"0":"post-12880","1":"product","2":"type-product","3":"status-publish","4":"has-post-thumbnail","6":"product_cat-coffee","8":"first","9":"outofstock","10":"taxable","11":"shipping-taxable","12":"purchasable","13":"product-type-variable"},"yoast_head":"<!-- This site is optimized with the Yoast SEO plugin v25.7 - https:\/\/yoast.com\/wordpress\/plugins\/seo\/ -->\n<title>RWANDA Karambi HONEY - La P&#039;tite Cerise<\/title>\n<meta name=\"robots\" content=\"index, follow, max-snippet:-1, max-image-preview:large, max-video-preview:-1\" \/>\n<link rel=\"canonical\" href=\"https:\/\/la-ptite-cerise.be\/en\/produit\/rwanda-karambi-honey\/\" \/>\n<meta property=\"og:locale\" content=\"en_US\" \/>\n<meta property=\"og:type\" content=\"article\" \/>\n<meta property=\"og:title\" content=\"RWANDA Karambi HONEY - La P&#039;tite Cerise\" \/>\n<meta property=\"og:description\" content=\"(50\u20ac\/kg) Drying: African bedsSCA Score: 86\" \/>\n<meta property=\"og:url\" content=\"https:\/\/la-ptite-cerise.be\/en\/produit\/rwanda-karambi-honey\/\" \/>\n<meta property=\"og:site_name\" content=\"La P&#039;tite Cerise\" \/>\n<meta property=\"article:publisher\" content=\"https:\/\/www.facebook.com\/laptitecerise\/\" \/>\n<meta property=\"article:modified_time\" content=\"2025-06-19T11:15:20+00:00\" \/>\n<meta property=\"og:image\" content=\"https:\/\/la-ptite-cerise.be\/wp-content\/uploads\/2024\/11\/\u2022Etiquettes-500x500px-Karambihoney.png\" \/>\n\t<meta property=\"og:image:width\" content=\"500\" \/>\n\t<meta property=\"og:image:height\" content=\"500\" \/>\n\t<meta property=\"og:image:type\" content=\"image\/png\" \/>\n<meta name=\"twitter:card\" content=\"summary_large_image\" \/>\n<meta name=\"twitter:label1\" content=\"Est. reading time\" \/>\n\t<meta name=\"twitter:data1\" content=\"1 minute\" \/>\n<script type=\"application\/ld+json\" class=\"yoast-schema-graph\">{\"@context\":\"https:\/\/schema.org\",\"@graph\":[{\"@type\":\"WebPage\",\"@id\":\"https:\/\/la-ptite-cerise.be\/en\/produit\/rwanda-karambi-honey\/\",\"url\":\"https:\/\/la-ptite-cerise.be\/en\/produit\/rwanda-karambi-honey\/\",\"name\":\"RWANDA Karambi HONEY - La P&#039;tite Cerise\",\"isPartOf\":{\"@id\":\"https:\/\/la-ptite-cerise.be\/#website\"},\"primaryImageOfPage\":{\"@id\":\"https:\/\/la-ptite-cerise.be\/en\/produit\/rwanda-karambi-honey\/#primaryimage\"},\"image\":{\"@id\":\"https:\/\/la-ptite-cerise.be\/en\/produit\/rwanda-karambi-honey\/#primaryimage\"},\"thumbnailUrl\":\"https:\/\/la-ptite-cerise.be\/wp-content\/uploads\/2024\/11\/\u2022Etiquettes-500x500px-Karambihoney.png\",\"datePublished\":\"2024-11-05T09:00:03+00:00\",\"dateModified\":\"2025-06-19T11:15:20+00:00\",\"breadcrumb\":{\"@id\":\"https:\/\/la-ptite-cerise.be\/en\/produit\/rwanda-karambi-honey\/#breadcrumb\"},\"inLanguage\":\"en-US\",\"potentialAction\":[{\"@type\":\"ReadAction\",\"target\":[\"https:\/\/la-ptite-cerise.be\/en\/produit\/rwanda-karambi-honey\/\"]}]},{\"@type\":\"ImageObject\",\"inLanguage\":\"en-US\",\"@id\":\"https:\/\/la-ptite-cerise.be\/en\/produit\/rwanda-karambi-honey\/#primaryimage\",\"url\":\"https:\/\/la-ptite-cerise.be\/wp-content\/uploads\/2024\/11\/\u2022Etiquettes-500x500px-Karambihoney.png\",\"contentUrl\":\"https:\/\/la-ptite-cerise.be\/wp-content\/uploads\/2024\/11\/\u2022Etiquettes-500x500px-Karambihoney.png\",\"width\":500,\"height\":500},{\"@type\":\"BreadcrumbList\",\"@id\":\"https:\/\/la-ptite-cerise.be\/en\/produit\/rwanda-karambi-honey\/#breadcrumb\",\"itemListElement\":[{\"@type\":\"ListItem\",\"position\":1,\"name\":\"Accueil\",\"item\":\"https:\/\/la-ptite-cerise.be\/en\/\"},{\"@type\":\"ListItem\",\"position\":2,\"name\":\"Store\",\"item\":\"https:\/\/la-ptite-cerise.be\/boutique\/\"},{\"@type\":\"ListItem\",\"position\":3,\"name\":\"RWANDA Karambi HONEY\"}]},{\"@type\":\"WebSite\",\"@id\":\"https:\/\/la-ptite-cerise.be\/#website\",\"url\":\"https:\/\/la-ptite-cerise.be\/\",\"name\":\"La P'tite Cerise\",\"description\":\"Artisan torr\u00e9facteur de caf\u00e9 de sp\u00e9cialit\u00e9. S\u00e9lection de th\u00e9s &amp; tisanes.\",\"publisher\":{\"@id\":\"https:\/\/la-ptite-cerise.be\/#organization\"},\"potentialAction\":[{\"@type\":\"SearchAction\",\"target\":{\"@type\":\"EntryPoint\",\"urlTemplate\":\"https:\/\/la-ptite-cerise.be\/?s={search_term_string}\"},\"query-input\":{\"@type\":\"PropertyValueSpecification\",\"valueRequired\":true,\"valueName\":\"search_term_string\"}}],\"inLanguage\":\"en-US\"},{\"@type\":\"Organization\",\"@id\":\"https:\/\/la-ptite-cerise.be\/#organization\",\"name\":\"La P'tite Cerise\",\"url\":\"https:\/\/la-ptite-cerise.be\/\",\"logo\":{\"@type\":\"ImageObject\",\"inLanguage\":\"en-US\",\"@id\":\"https:\/\/la-ptite-cerise.be\/#\/schema\/logo\/image\/\",\"url\":\"https:\/\/la-ptite-cerise.be\/wp-content\/uploads\/2020\/10\/logo-header-01.jpg\",\"contentUrl\":\"https:\/\/la-ptite-cerise.be\/wp-content\/uploads\/2020\/10\/logo-header-01.jpg\",\"width\":176,\"height\":100,\"caption\":\"La P'tite Cerise\"},\"image\":{\"@id\":\"https:\/\/la-ptite-cerise.be\/#\/schema\/logo\/image\/\"},\"sameAs\":[\"https:\/\/www.facebook.com\/laptitecerise\/\",\"https:\/\/www.instagram.com\/la.ptite_cerise\/\"]}]}<\/script>\n<!-- \/ Yoast SEO plugin. -->","yoast_head_json":{"title":"RWANDA Karambi HONEY - La P&#039;tite Cerise","robots":{"index":"index","follow":"follow","max-snippet":"max-snippet:-1","max-image-preview":"max-image-preview:large","max-video-preview":"max-video-preview:-1"},"canonical":"https:\/\/la-ptite-cerise.be\/en\/produit\/rwanda-karambi-honey\/","og_locale":"en_US","og_type":"article","og_title":"RWANDA Karambi HONEY - La P&#039;tite Cerise","og_description":"(50\u20ac\/kg) Drying: African bedsSCA Score: 86","og_url":"https:\/\/la-ptite-cerise.be\/en\/produit\/rwanda-karambi-honey\/","og_site_name":"La P&#039;tite Cerise","article_publisher":"https:\/\/www.facebook.com\/laptitecerise\/","article_modified_time":"2025-06-19T11:15:20+00:00","og_image":[{"width":500,"height":500,"url":"https:\/\/la-ptite-cerise.be\/wp-content\/uploads\/2024\/11\/\u2022Etiquettes-500x500px-Karambihoney.png","type":"image\/png"}],"twitter_card":"summary_large_image","twitter_misc":{"Est. reading time":"1 minute"},"schema":{"@context":"https:\/\/schema.org","@graph":[{"@type":"WebPage","@id":"https:\/\/la-ptite-cerise.be\/en\/produit\/rwanda-karambi-honey\/","url":"https:\/\/la-ptite-cerise.be\/en\/produit\/rwanda-karambi-honey\/","name":"RWANDA Karambi HONEY - La P&#039;tite Cerise","isPartOf":{"@id":"https:\/\/la-ptite-cerise.be\/#website"},"primaryImageOfPage":{"@id":"https:\/\/la-ptite-cerise.be\/en\/produit\/rwanda-karambi-honey\/#primaryimage"},"image":{"@id":"https:\/\/la-ptite-cerise.be\/en\/produit\/rwanda-karambi-honey\/#primaryimage"},"thumbnailUrl":"https:\/\/la-ptite-cerise.be\/wp-content\/uploads\/2024\/11\/\u2022Etiquettes-500x500px-Karambihoney.png","datePublished":"2024-11-05T09:00:03+00:00","dateModified":"2025-06-19T11:15:20+00:00","breadcrumb":{"@id":"https:\/\/la-ptite-cerise.be\/en\/produit\/rwanda-karambi-honey\/#breadcrumb"},"inLanguage":"en-US","potentialAction":[{"@type":"ReadAction","target":["https:\/\/la-ptite-cerise.be\/en\/produit\/rwanda-karambi-honey\/"]}]},{"@type":"ImageObject","inLanguage":"en-US","@id":"https:\/\/la-ptite-cerise.be\/en\/produit\/rwanda-karambi-honey\/#primaryimage","url":"https:\/\/la-ptite-cerise.be\/wp-content\/uploads\/2024\/11\/\u2022Etiquettes-500x500px-Karambihoney.png","contentUrl":"https:\/\/la-ptite-cerise.be\/wp-content\/uploads\/2024\/11\/\u2022Etiquettes-500x500px-Karambihoney.png","width":500,"height":500},{"@type":"BreadcrumbList","@id":"https:\/\/la-ptite-cerise.be\/en\/produit\/rwanda-karambi-honey\/#breadcrumb","itemListElement":[{"@type":"ListItem","position":1,"name":"Accueil","item":"https:\/\/la-ptite-cerise.be\/en\/"},{"@type":"ListItem","position":2,"name":"Store","item":"https:\/\/la-ptite-cerise.be\/boutique\/"},{"@type":"ListItem","position":3,"name":"RWANDA Karambi HONEY"}]},{"@type":"WebSite","@id":"https:\/\/la-ptite-cerise.be\/#website","url":"https:\/\/la-ptite-cerise.be\/","name":"La P'tite Cerise","description":"Artisan torr\u00e9facteur de caf\u00e9 de sp\u00e9cialit\u00e9. S\u00e9lection de th\u00e9s &amp; tisanes.","publisher":{"@id":"https:\/\/la-ptite-cerise.be\/#organization"},"potentialAction":[{"@type":"SearchAction","target":{"@type":"EntryPoint","urlTemplate":"https:\/\/la-ptite-cerise.be\/?s={search_term_string}"},"query-input":{"@type":"PropertyValueSpecification","valueRequired":true,"valueName":"search_term_string"}}],"inLanguage":"en-US"},{"@type":"Organization","@id":"https:\/\/la-ptite-cerise.be\/#organization","name":"La P'tite Cerise","url":"https:\/\/la-ptite-cerise.be\/","logo":{"@type":"ImageObject","inLanguage":"en-US","@id":"https:\/\/la-ptite-cerise.be\/#\/schema\/logo\/image\/","url":"https:\/\/la-ptite-cerise.be\/wp-content\/uploads\/2020\/10\/logo-header-01.jpg","contentUrl":"https:\/\/la-ptite-cerise.be\/wp-content\/uploads\/2020\/10\/logo-header-01.jpg","width":176,"height":100,"caption":"La P'tite Cerise"},"image":{"@id":"https:\/\/la-ptite-cerise.be\/#\/schema\/logo\/image\/"},"sameAs":["https:\/\/www.facebook.com\/laptitecerise\/","https:\/\/www.instagram.com\/la.ptite_cerise\/"]}]}},"_links":{"self":[{"href":"https:\/\/la-ptite-cerise.be\/en\/wp-json\/wp\/v2\/product\/12880","targetHints":{"allow":["GET"]}}],"collection":[{"href":"https:\/\/la-ptite-cerise.be\/en\/wp-json\/wp\/v2\/product"}],"about":[{"href":"https:\/\/la-ptite-cerise.be\/en\/wp-json\/wp\/v2\/types\/product"}],"wp:featuredmedia":[{"embeddable":true,"href":"https:\/\/la-ptite-cerise.be\/en\/wp-json\/wp\/v2\/media\/11852"}],"wp:attachment":[{"href":"https:\/\/la-ptite-cerise.be\/en\/wp-json\/wp\/v2\/media?parent=12880"}],"wp:term":[{"taxonomy":"product_brand","embeddable":true,"href":"https:\/\/la-ptite-cerise.be\/en\/wp-json\/wp\/v2\/product_brand?post=12880"},{"taxonomy":"product_cat","embeddable":true,"href":"https:\/\/la-ptite-cerise.be\/en\/wp-json\/wp\/v2\/product_cat?post=12880"},{"taxonomy":"product_tag","embeddable":true,"href":"https:\/\/la-ptite-cerise.be\/en\/wp-json\/wp\/v2\/product_tag?post=12880"}],"curies":[{"name":"wp","href":"https:\/\/api.w.org\/{rel}","templated":true}]}}