{"id":12914,"date":"2024-11-03T16:06:19","date_gmt":"2024-11-03T15:06:19","guid":{"rendered":"https:\/\/la-ptite-cerise.be\/produit\/ethiopie-guji-dimtu-lave\/"},"modified":"2025-06-19T13:15:58","modified_gmt":"2025-06-19T11:15:58","slug":"ethiopie-guji-dimtu-lave","status":"publish","type":"product","link":"https:\/\/la-ptite-cerise.be\/en\/produit\/ethiopie-guji-dimtu-lave\/","title":{"rendered":"ETHIOPIE Guji Dimtu LAVE"},"content":{"rendered":"<h3 class=\"\" data-start=\"1561\" data-end=\"1636\">\ud83c\udf51 A bright Ethiopian washed coffee \u2014 juicy peach and elegant black tea<\/h3>\n<p class=\"\" data-start=\"1638\" data-end=\"1983\"><strong data-start=\"1638\" data-end=\"1646\">Farm<\/strong>: Smallholder farmers supplying Dimtu washing station<br data-start=\"1699\" data-end=\"1702\" \/><strong data-start=\"1702\" data-end=\"1712\">Region<\/strong>: Guji, Ethiopia<br data-start=\"1728\" data-end=\"1731\" \/><strong data-start=\"1731\" data-end=\"1743\">Altitude<\/strong>: 2100\u20132300 m<br data-start=\"1756\" data-end=\"1759\" \/><strong data-start=\"1759\" data-end=\"1770\">Species<\/strong>: Arabica<br data-start=\"1779\" data-end=\"1782\" \/><strong data-start=\"1782\" data-end=\"1793\">Variety<\/strong>: JARC<br data-start=\"1799\" data-end=\"1802\" \/><strong data-start=\"1802\" data-end=\"1813\">Harvest<\/strong>: November to January<br data-start=\"1834\" data-end=\"1837\" \/><strong data-start=\"1837\" data-end=\"1858\">Harvesting Method<\/strong>: Hand-picked<br data-start=\"1871\" data-end=\"1874\" \/><strong data-start=\"1874\" data-end=\"1885\">Process<\/strong>: Washed<br data-start=\"1893\" data-end=\"1896\" \/><strong data-start=\"1896\" data-end=\"1906\">Drying<\/strong>: African beds<br data-start=\"1920\" data-end=\"1923\" \/>\n<\/p>\n<hr class=\"\" data-start=\"1985\" data-end=\"1988\" \/>\n<h3 class=\"\" data-start=\"1990\" data-end=\"2011\">About this coffee<\/h3>\n<p class=\"\" data-start=\"2013\" data-end=\"2328\">This washed Ethiopian coffee comes from the <strong data-start=\"2057\" data-end=\"2082\">Dimtu washing station<\/strong>, one of the most technologically advanced and modern dry mills in the <strong data-start=\"2153\" data-end=\"2168\">Yirgacheffe<\/strong> region. The facility features <strong data-start=\"2199\" data-end=\"2223\">Pinhalense machinery<\/strong>, <strong data-start=\"2225\" data-end=\"2244\">150 raised beds<\/strong>, an experimental shaded drying area, and housing for seasonal workers and visitors.<\/p>\n<p class=\"\" data-start=\"2330\" data-end=\"2548\">The cherries are grown by smallholder farmers in the <strong data-start=\"2383\" data-end=\"2391\">Guji<\/strong> region at impressive elevations ranging from <strong data-start=\"2437\" data-end=\"2460\">2100 to 2300 metres<\/strong>, ideal for developing <strong data-start=\"2483\" data-end=\"2508\">dense, sweet cherries<\/strong> and producing spectacular cup profiles.<\/p>\n<p class=\"\" data-start=\"2550\" data-end=\"2701\">This lot showcases vibrant notes of <strong data-start=\"2586\" data-end=\"2601\">juicy peach<\/strong> layered with the refined clarity of <strong data-start=\"2638\" data-end=\"2651\">black tea<\/strong>, resulting in a clean, floral, and lingering cup.<\/p>\n<p class=\"\" data-start=\"2703\" data-end=\"2790\"><strong data-start=\"2703\" data-end=\"2790\">A stellar expression of Ethiopian terroir \u2014 elegant, expressive, and unforgettable.<\/strong><\/p>\n","protected":false},"excerpt":{"rendered":"<h4>(52\u20ac\/kg)<\/h4>\n<p><strong data-start=\"1923\" data-end=\"1936\">SCA Score<\/strong>: 86.75<br data-start=\"1943\" data-end=\"1946\" \/><strong data-start=\"1946\" data-end=\"1963\" data-is-only-node=\"\">Tasting Notes<\/strong>: Peach, black tea<\/p>\n","protected":false},"featured_media":11781,"template":"","meta":[],"product_brand":[],"product_cat":[139],"product_tag":[],"class_list":{"0":"post-12914","1":"product","2":"type-product","3":"status-publish","4":"has-post-thumbnail","6":"product_cat-coffee","8":"first","9":"instock","10":"taxable","11":"shipping-taxable","12":"purchasable","13":"product-type-variable"},"yoast_head":"<!-- This site is optimized with the Yoast SEO plugin v25.7 - https:\/\/yoast.com\/wordpress\/plugins\/seo\/ -->\n<title>ETHIOPIE Guji Dimtu LAVE - La P&#039;tite Cerise<\/title>\n<meta name=\"robots\" content=\"index, follow, max-snippet:-1, max-image-preview:large, max-video-preview:-1\" \/>\n<link rel=\"canonical\" href=\"https:\/\/la-ptite-cerise.be\/produit\/ethiopie-guji-dimtu-lave\/\" \/>\n<meta property=\"og:locale\" content=\"en_US\" \/>\n<meta property=\"og:type\" content=\"article\" \/>\n<meta property=\"og:title\" content=\"ETHIOPIE Guji Dimtu LAVE - La P&#039;tite Cerise\" \/>\n<meta property=\"og:description\" content=\"(52\u20ac\/kg) SCA Score: 86.75Tasting Notes: Peach, black tea\" \/>\n<meta property=\"og:url\" content=\"https:\/\/la-ptite-cerise.be\/produit\/ethiopie-guji-dimtu-lave\/\" \/>\n<meta property=\"og:site_name\" content=\"La P&#039;tite Cerise\" \/>\n<meta property=\"article:publisher\" content=\"https:\/\/www.facebook.com\/laptitecerise\/\" \/>\n<meta property=\"article:modified_time\" content=\"2025-06-19T11:15:58+00:00\" \/>\n<meta property=\"og:image\" content=\"https:\/\/la-ptite-cerise.be\/wp-content\/uploads\/2024\/11\/Etiquettes-500x500px-Dimtu.png\" \/>\n\t<meta property=\"og:image:width\" content=\"500\" \/>\n\t<meta property=\"og:image:height\" content=\"500\" \/>\n\t<meta property=\"og:image:type\" content=\"image\/png\" \/>\n<meta name=\"twitter:card\" content=\"summary_large_image\" \/>\n<meta name=\"twitter:label1\" content=\"Est. reading time\" \/>\n\t<meta name=\"twitter:data1\" content=\"1 minute\" \/>\n<script type=\"application\/ld+json\" class=\"yoast-schema-graph\">{\"@context\":\"https:\/\/schema.org\",\"@graph\":[{\"@type\":\"WebPage\",\"@id\":\"https:\/\/la-ptite-cerise.be\/produit\/ethiopie-guji-dimtu-lave\/\",\"url\":\"https:\/\/la-ptite-cerise.be\/produit\/ethiopie-guji-dimtu-lave\/\",\"name\":\"ETHIOPIE Guji Dimtu LAVE - La P&#039;tite Cerise\",\"isPartOf\":{\"@id\":\"https:\/\/la-ptite-cerise.be\/#website\"},\"primaryImageOfPage\":{\"@id\":\"https:\/\/la-ptite-cerise.be\/produit\/ethiopie-guji-dimtu-lave\/#primaryimage\"},\"image\":{\"@id\":\"https:\/\/la-ptite-cerise.be\/produit\/ethiopie-guji-dimtu-lave\/#primaryimage\"},\"thumbnailUrl\":\"https:\/\/la-ptite-cerise.be\/wp-content\/uploads\/2024\/11\/Etiquettes-500x500px-Dimtu.png\",\"datePublished\":\"2024-11-03T15:06:19+00:00\",\"dateModified\":\"2025-06-19T11:15:58+00:00\",\"breadcrumb\":{\"@id\":\"https:\/\/la-ptite-cerise.be\/produit\/ethiopie-guji-dimtu-lave\/#breadcrumb\"},\"inLanguage\":\"en-US\",\"potentialAction\":[{\"@type\":\"ReadAction\",\"target\":[\"https:\/\/la-ptite-cerise.be\/produit\/ethiopie-guji-dimtu-lave\/\"]}]},{\"@type\":\"ImageObject\",\"inLanguage\":\"en-US\",\"@id\":\"https:\/\/la-ptite-cerise.be\/produit\/ethiopie-guji-dimtu-lave\/#primaryimage\",\"url\":\"https:\/\/la-ptite-cerise.be\/wp-content\/uploads\/2024\/11\/Etiquettes-500x500px-Dimtu.png\",\"contentUrl\":\"https:\/\/la-ptite-cerise.be\/wp-content\/uploads\/2024\/11\/Etiquettes-500x500px-Dimtu.png\",\"width\":500,\"height\":500},{\"@type\":\"BreadcrumbList\",\"@id\":\"https:\/\/la-ptite-cerise.be\/produit\/ethiopie-guji-dimtu-lave\/#breadcrumb\",\"itemListElement\":[{\"@type\":\"ListItem\",\"position\":1,\"name\":\"Accueil\",\"item\":\"https:\/\/la-ptite-cerise.be\/en\/\"},{\"@type\":\"ListItem\",\"position\":2,\"name\":\"Store\",\"item\":\"https:\/\/la-ptite-cerise.be\/boutique\/\"},{\"@type\":\"ListItem\",\"position\":3,\"name\":\"ETHIOPIE Guji Dimtu LAVE\"}]},{\"@type\":\"WebSite\",\"@id\":\"https:\/\/la-ptite-cerise.be\/#website\",\"url\":\"https:\/\/la-ptite-cerise.be\/\",\"name\":\"La P'tite Cerise\",\"description\":\"Artisan torr\u00e9facteur de caf\u00e9 de sp\u00e9cialit\u00e9. S\u00e9lection de th\u00e9s &amp; tisanes.\",\"publisher\":{\"@id\":\"https:\/\/la-ptite-cerise.be\/#organization\"},\"potentialAction\":[{\"@type\":\"SearchAction\",\"target\":{\"@type\":\"EntryPoint\",\"urlTemplate\":\"https:\/\/la-ptite-cerise.be\/?s={search_term_string}\"},\"query-input\":{\"@type\":\"PropertyValueSpecification\",\"valueRequired\":true,\"valueName\":\"search_term_string\"}}],\"inLanguage\":\"en-US\"},{\"@type\":\"Organization\",\"@id\":\"https:\/\/la-ptite-cerise.be\/#organization\",\"name\":\"La P'tite Cerise\",\"url\":\"https:\/\/la-ptite-cerise.be\/\",\"logo\":{\"@type\":\"ImageObject\",\"inLanguage\":\"en-US\",\"@id\":\"https:\/\/la-ptite-cerise.be\/#\/schema\/logo\/image\/\",\"url\":\"https:\/\/la-ptite-cerise.be\/wp-content\/uploads\/2020\/10\/logo-header-01.jpg\",\"contentUrl\":\"https:\/\/la-ptite-cerise.be\/wp-content\/uploads\/2020\/10\/logo-header-01.jpg\",\"width\":176,\"height\":100,\"caption\":\"La P'tite Cerise\"},\"image\":{\"@id\":\"https:\/\/la-ptite-cerise.be\/#\/schema\/logo\/image\/\"},\"sameAs\":[\"https:\/\/www.facebook.com\/laptitecerise\/\",\"https:\/\/www.instagram.com\/la.ptite_cerise\/\"]}]}<\/script>\n<!-- \/ Yoast SEO plugin. -->","yoast_head_json":{"title":"ETHIOPIE Guji Dimtu LAVE - La P&#039;tite Cerise","robots":{"index":"index","follow":"follow","max-snippet":"max-snippet:-1","max-image-preview":"max-image-preview:large","max-video-preview":"max-video-preview:-1"},"canonical":"https:\/\/la-ptite-cerise.be\/produit\/ethiopie-guji-dimtu-lave\/","og_locale":"en_US","og_type":"article","og_title":"ETHIOPIE Guji Dimtu LAVE - La P&#039;tite Cerise","og_description":"(52\u20ac\/kg) SCA Score: 86.75Tasting Notes: Peach, black tea","og_url":"https:\/\/la-ptite-cerise.be\/produit\/ethiopie-guji-dimtu-lave\/","og_site_name":"La P&#039;tite Cerise","article_publisher":"https:\/\/www.facebook.com\/laptitecerise\/","article_modified_time":"2025-06-19T11:15:58+00:00","og_image":[{"width":500,"height":500,"url":"https:\/\/la-ptite-cerise.be\/wp-content\/uploads\/2024\/11\/Etiquettes-500x500px-Dimtu.png","type":"image\/png"}],"twitter_card":"summary_large_image","twitter_misc":{"Est. reading time":"1 minute"},"schema":{"@context":"https:\/\/schema.org","@graph":[{"@type":"WebPage","@id":"https:\/\/la-ptite-cerise.be\/produit\/ethiopie-guji-dimtu-lave\/","url":"https:\/\/la-ptite-cerise.be\/produit\/ethiopie-guji-dimtu-lave\/","name":"ETHIOPIE Guji Dimtu LAVE - La P&#039;tite Cerise","isPartOf":{"@id":"https:\/\/la-ptite-cerise.be\/#website"},"primaryImageOfPage":{"@id":"https:\/\/la-ptite-cerise.be\/produit\/ethiopie-guji-dimtu-lave\/#primaryimage"},"image":{"@id":"https:\/\/la-ptite-cerise.be\/produit\/ethiopie-guji-dimtu-lave\/#primaryimage"},"thumbnailUrl":"https:\/\/la-ptite-cerise.be\/wp-content\/uploads\/2024\/11\/Etiquettes-500x500px-Dimtu.png","datePublished":"2024-11-03T15:06:19+00:00","dateModified":"2025-06-19T11:15:58+00:00","breadcrumb":{"@id":"https:\/\/la-ptite-cerise.be\/produit\/ethiopie-guji-dimtu-lave\/#breadcrumb"},"inLanguage":"en-US","potentialAction":[{"@type":"ReadAction","target":["https:\/\/la-ptite-cerise.be\/produit\/ethiopie-guji-dimtu-lave\/"]}]},{"@type":"ImageObject","inLanguage":"en-US","@id":"https:\/\/la-ptite-cerise.be\/produit\/ethiopie-guji-dimtu-lave\/#primaryimage","url":"https:\/\/la-ptite-cerise.be\/wp-content\/uploads\/2024\/11\/Etiquettes-500x500px-Dimtu.png","contentUrl":"https:\/\/la-ptite-cerise.be\/wp-content\/uploads\/2024\/11\/Etiquettes-500x500px-Dimtu.png","width":500,"height":500},{"@type":"BreadcrumbList","@id":"https:\/\/la-ptite-cerise.be\/produit\/ethiopie-guji-dimtu-lave\/#breadcrumb","itemListElement":[{"@type":"ListItem","position":1,"name":"Accueil","item":"https:\/\/la-ptite-cerise.be\/en\/"},{"@type":"ListItem","position":2,"name":"Store","item":"https:\/\/la-ptite-cerise.be\/boutique\/"},{"@type":"ListItem","position":3,"name":"ETHIOPIE Guji Dimtu LAVE"}]},{"@type":"WebSite","@id":"https:\/\/la-ptite-cerise.be\/#website","url":"https:\/\/la-ptite-cerise.be\/","name":"La P'tite Cerise","description":"Artisan torr\u00e9facteur de caf\u00e9 de sp\u00e9cialit\u00e9. S\u00e9lection de th\u00e9s &amp; tisanes.","publisher":{"@id":"https:\/\/la-ptite-cerise.be\/#organization"},"potentialAction":[{"@type":"SearchAction","target":{"@type":"EntryPoint","urlTemplate":"https:\/\/la-ptite-cerise.be\/?s={search_term_string}"},"query-input":{"@type":"PropertyValueSpecification","valueRequired":true,"valueName":"search_term_string"}}],"inLanguage":"en-US"},{"@type":"Organization","@id":"https:\/\/la-ptite-cerise.be\/#organization","name":"La P'tite Cerise","url":"https:\/\/la-ptite-cerise.be\/","logo":{"@type":"ImageObject","inLanguage":"en-US","@id":"https:\/\/la-ptite-cerise.be\/#\/schema\/logo\/image\/","url":"https:\/\/la-ptite-cerise.be\/wp-content\/uploads\/2020\/10\/logo-header-01.jpg","contentUrl":"https:\/\/la-ptite-cerise.be\/wp-content\/uploads\/2020\/10\/logo-header-01.jpg","width":176,"height":100,"caption":"La P'tite Cerise"},"image":{"@id":"https:\/\/la-ptite-cerise.be\/#\/schema\/logo\/image\/"},"sameAs":["https:\/\/www.facebook.com\/laptitecerise\/","https:\/\/www.instagram.com\/la.ptite_cerise\/"]}]}},"_links":{"self":[{"href":"https:\/\/la-ptite-cerise.be\/en\/wp-json\/wp\/v2\/product\/12914","targetHints":{"allow":["GET"]}}],"collection":[{"href":"https:\/\/la-ptite-cerise.be\/en\/wp-json\/wp\/v2\/product"}],"about":[{"href":"https:\/\/la-ptite-cerise.be\/en\/wp-json\/wp\/v2\/types\/product"}],"wp:featuredmedia":[{"embeddable":true,"href":"https:\/\/la-ptite-cerise.be\/en\/wp-json\/wp\/v2\/media\/11781"}],"wp:attachment":[{"href":"https:\/\/la-ptite-cerise.be\/en\/wp-json\/wp\/v2\/media?parent=12914"}],"wp:term":[{"taxonomy":"product_brand","embeddable":true,"href":"https:\/\/la-ptite-cerise.be\/en\/wp-json\/wp\/v2\/product_brand?post=12914"},{"taxonomy":"product_cat","embeddable":true,"href":"https:\/\/la-ptite-cerise.be\/en\/wp-json\/wp\/v2\/product_cat?post=12914"},{"taxonomy":"product_tag","embeddable":true,"href":"https:\/\/la-ptite-cerise.be\/en\/wp-json\/wp\/v2\/product_tag?post=12914"}],"curies":[{"name":"wp","href":"https:\/\/api.w.org\/{rel}","templated":true}]}}