{"id":12949,"date":"2024-09-27T15:47:07","date_gmt":"2024-09-27T13:47:07","guid":{"rendered":"https:\/\/la-ptite-cerise.be\/produit\/honduras-shg-decaf-swiss-water\/"},"modified":"2025-06-19T13:16:36","modified_gmt":"2025-06-19T11:16:36","slug":"honduras-shg-decaf-swiss-water","status":"publish","type":"product","link":"https:\/\/la-ptite-cerise.be\/en\/produit\/honduras-shg-decaf-swiss-water\/","title":{"rendered":"HONDURAS SHG Decaf Swiss water"},"content":{"rendered":"<h3 class=\"\" data-start=\"1799\" data-end=\"1879\">\ud83d\udca7 A smooth, chemical-free decaf with all the flavour \u2014 none of the caffeine<\/h3>\n<p class=\"\" data-start=\"1881\" data-end=\"2329\"><strong data-start=\"1881\" data-end=\"1889\">Farm<\/strong>: \u2014<br data-start=\"1892\" data-end=\"1895\"><strong data-start=\"1895\" data-end=\"1908\">Producers<\/strong>: Smallholder farmers from San Andr\u00e9s<br data-start=\"1945\" data-end=\"1948\"><strong data-start=\"1948\" data-end=\"1958\">Region<\/strong>: San Andr\u00e9s, Lempira, Honduras<br data-start=\"1989\" data-end=\"1992\"><strong data-start=\"1992\" data-end=\"2004\">Altitude<\/strong>: 1200\u20131700 m<br data-start=\"2017\" data-end=\"2020\"><strong data-start=\"2020\" data-end=\"2031\">Species<\/strong>: Arabica<br data-start=\"2040\" data-end=\"2043\"><strong data-start=\"2043\" data-end=\"2054\">Variety<\/strong>: Typica, Caturra, Bourbon<br data-start=\"2080\" data-end=\"2083\"><strong data-start=\"2083\" data-end=\"2094\">Harvest<\/strong>: December to March<br data-start=\"2113\" data-end=\"2116\"><strong data-start=\"2116\" data-end=\"2137\">Harvesting Method<\/strong>: Hand-picked<br data-start=\"2150\" data-end=\"2153\"><strong data-start=\"2153\" data-end=\"2164\">Process<\/strong>: Washed<br data-start=\"2172\" data-end=\"2175\"><strong data-start=\"2175\" data-end=\"2185\">Drying<\/strong>: Patio<br data-start=\"2192\" data-end=\"2195\"><strong data-start=\"2195\" data-end=\"2213\" data-is-only-node=\"\">Decaffeination<\/strong>: Swiss Water\u00ae Process (100% chemical-free)<br data-start=\"2256\" data-end=\"2259\"><\/p>\n<hr class=\"\" data-start=\"2331\" data-end=\"2334\">\n<h3 class=\"\" data-start=\"2336\" data-end=\"2357\">About this coffee<\/h3>\n<p class=\"\" data-start=\"2359\" data-end=\"2687\">This washed Arabica coffee is grown by <strong data-start=\"2398\" data-end=\"2421\">smallholder farmers<\/strong> in the highlands of <strong data-start=\"2442\" data-end=\"2465\">San Andr\u00e9s, Lempira<\/strong>, between 1200 and 1700 metres. The region\u2019s mountainous ecosystem, combined with temperate climate and traditional varieties like <strong data-start=\"2596\" data-end=\"2628\">Typica, Caturra, and Bourbon<\/strong>, offers ideal conditions for producing high-quality beans.<\/p>\n<p class=\"\" data-start=\"2689\" data-end=\"2980\">The lot is decaffeinated using the <strong data-start=\"2724\" data-end=\"2748\">Swiss Water\u00ae Process<\/strong>, a <strong data-start=\"2752\" data-end=\"2783\">fully natural, solvent-free<\/strong> method that removes <strong data-start=\"2804\" data-end=\"2825\">99.9% of caffeine<\/strong> using only water, temperature, time, and green coffee extract. The result is a clean, flavourful decaf that retains the complexity of the original coffee.<\/p>\n<p class=\"\" data-start=\"2982\" data-end=\"3127\">In the cup, expect a <strong data-start=\"3003\" data-end=\"3034\">smooth and aromatic profile<\/strong>, with <strong data-start=\"3041\" data-end=\"3072\">cocoa and citrus brightness<\/strong> rounded out by a gentle <strong data-start=\"3097\" data-end=\"3126\">hazelnut and sugar finish<\/strong>.<\/p>\n<p class=\"\" data-start=\"3129\" data-end=\"3197\"><strong data-start=\"3129\" data-end=\"3197\">The perfect decaf for those who want the taste without the buzz.<\/strong><\/p>\n","protected":false},"excerpt":{"rendered":"<h4>(42\u20ac\/kg)<\/h4>\n<p><strong data-start=\"2259\" data-end=\"2272\">SCA Score<\/strong>: \u2014<br data-start=\"2275\" data-end=\"2278\" \/><strong data-start=\"2278\" data-end=\"2295\">Tasting Notes<\/strong>: Cocoa, citrus, hazelnut, sugar<\/p>\n","protected":false},"featured_media":11612,"template":"","meta":[],"product_brand":[],"product_cat":[139],"product_tag":[],"class_list":{"0":"post-12949","1":"product","2":"type-product","3":"status-publish","4":"has-post-thumbnail","6":"product_cat-coffee","8":"first","9":"outofstock","10":"taxable","11":"shipping-taxable","12":"purchasable","13":"product-type-variable"},"yoast_head":"<!-- This site is optimized with the Yoast SEO plugin v25.7 - https:\/\/yoast.com\/wordpress\/plugins\/seo\/ -->\n<title>HONDURAS SHG Decaf Swiss water - La P&#039;tite Cerise<\/title>\n<meta name=\"robots\" content=\"index, follow, max-snippet:-1, max-image-preview:large, max-video-preview:-1\" \/>\n<link rel=\"canonical\" href=\"https:\/\/la-ptite-cerise.be\/produit\/honduras-shg-decaf-swiss-water\/\" \/>\n<meta property=\"og:locale\" content=\"en_US\" \/>\n<meta property=\"og:type\" content=\"article\" \/>\n<meta property=\"og:title\" content=\"HONDURAS SHG Decaf Swiss water - La P&#039;tite Cerise\" \/>\n<meta property=\"og:description\" content=\"(42\u20ac\/kg) SCA Score: \u2014Tasting Notes: Cocoa, citrus, hazelnut, sugar\" \/>\n<meta property=\"og:url\" content=\"https:\/\/la-ptite-cerise.be\/produit\/honduras-shg-decaf-swiss-water\/\" \/>\n<meta property=\"og:site_name\" content=\"La P&#039;tite Cerise\" \/>\n<meta property=\"article:publisher\" content=\"https:\/\/www.facebook.com\/laptitecerise\/\" \/>\n<meta property=\"article:modified_time\" content=\"2025-06-19T11:16:36+00:00\" \/>\n<meta property=\"og:image\" content=\"https:\/\/la-ptite-cerise.be\/wp-content\/uploads\/2024\/09\/E\u2560utiquettes-500x500px-Swiss-Water.png\" \/>\n\t<meta property=\"og:image:width\" content=\"500\" \/>\n\t<meta property=\"og:image:height\" content=\"500\" \/>\n\t<meta property=\"og:image:type\" content=\"image\/png\" \/>\n<meta name=\"twitter:card\" content=\"summary_large_image\" \/>\n<meta name=\"twitter:label1\" content=\"Est. reading time\" \/>\n\t<meta name=\"twitter:data1\" content=\"1 minute\" \/>\n<script type=\"application\/ld+json\" class=\"yoast-schema-graph\">{\"@context\":\"https:\/\/schema.org\",\"@graph\":[{\"@type\":\"WebPage\",\"@id\":\"https:\/\/la-ptite-cerise.be\/produit\/honduras-shg-decaf-swiss-water\/\",\"url\":\"https:\/\/la-ptite-cerise.be\/produit\/honduras-shg-decaf-swiss-water\/\",\"name\":\"HONDURAS SHG Decaf Swiss water - La P&#039;tite Cerise\",\"isPartOf\":{\"@id\":\"https:\/\/la-ptite-cerise.be\/#website\"},\"primaryImageOfPage\":{\"@id\":\"https:\/\/la-ptite-cerise.be\/produit\/honduras-shg-decaf-swiss-water\/#primaryimage\"},\"image\":{\"@id\":\"https:\/\/la-ptite-cerise.be\/produit\/honduras-shg-decaf-swiss-water\/#primaryimage\"},\"thumbnailUrl\":\"https:\/\/la-ptite-cerise.be\/wp-content\/uploads\/2024\/09\/E\u2560utiquettes-500x500px-Swiss-Water.png\",\"datePublished\":\"2024-09-27T13:47:07+00:00\",\"dateModified\":\"2025-06-19T11:16:36+00:00\",\"breadcrumb\":{\"@id\":\"https:\/\/la-ptite-cerise.be\/produit\/honduras-shg-decaf-swiss-water\/#breadcrumb\"},\"inLanguage\":\"en-US\",\"potentialAction\":[{\"@type\":\"ReadAction\",\"target\":[\"https:\/\/la-ptite-cerise.be\/produit\/honduras-shg-decaf-swiss-water\/\"]}]},{\"@type\":\"ImageObject\",\"inLanguage\":\"en-US\",\"@id\":\"https:\/\/la-ptite-cerise.be\/produit\/honduras-shg-decaf-swiss-water\/#primaryimage\",\"url\":\"https:\/\/la-ptite-cerise.be\/wp-content\/uploads\/2024\/09\/E\u2560utiquettes-500x500px-Swiss-Water.png\",\"contentUrl\":\"https:\/\/la-ptite-cerise.be\/wp-content\/uploads\/2024\/09\/E\u2560utiquettes-500x500px-Swiss-Water.png\",\"width\":500,\"height\":500},{\"@type\":\"BreadcrumbList\",\"@id\":\"https:\/\/la-ptite-cerise.be\/produit\/honduras-shg-decaf-swiss-water\/#breadcrumb\",\"itemListElement\":[{\"@type\":\"ListItem\",\"position\":1,\"name\":\"Accueil\",\"item\":\"https:\/\/la-ptite-cerise.be\/en\/\"},{\"@type\":\"ListItem\",\"position\":2,\"name\":\"Store\",\"item\":\"https:\/\/la-ptite-cerise.be\/boutique\/\"},{\"@type\":\"ListItem\",\"position\":3,\"name\":\"HONDURAS SHG Decaf Swiss water\"}]},{\"@type\":\"WebSite\",\"@id\":\"https:\/\/la-ptite-cerise.be\/#website\",\"url\":\"https:\/\/la-ptite-cerise.be\/\",\"name\":\"La P'tite Cerise\",\"description\":\"Artisan torr\u00e9facteur de caf\u00e9 de sp\u00e9cialit\u00e9. S\u00e9lection de th\u00e9s &amp; tisanes.\",\"publisher\":{\"@id\":\"https:\/\/la-ptite-cerise.be\/#organization\"},\"potentialAction\":[{\"@type\":\"SearchAction\",\"target\":{\"@type\":\"EntryPoint\",\"urlTemplate\":\"https:\/\/la-ptite-cerise.be\/?s={search_term_string}\"},\"query-input\":{\"@type\":\"PropertyValueSpecification\",\"valueRequired\":true,\"valueName\":\"search_term_string\"}}],\"inLanguage\":\"en-US\"},{\"@type\":\"Organization\",\"@id\":\"https:\/\/la-ptite-cerise.be\/#organization\",\"name\":\"La P'tite Cerise\",\"url\":\"https:\/\/la-ptite-cerise.be\/\",\"logo\":{\"@type\":\"ImageObject\",\"inLanguage\":\"en-US\",\"@id\":\"https:\/\/la-ptite-cerise.be\/#\/schema\/logo\/image\/\",\"url\":\"https:\/\/la-ptite-cerise.be\/wp-content\/uploads\/2020\/10\/logo-header-01.jpg\",\"contentUrl\":\"https:\/\/la-ptite-cerise.be\/wp-content\/uploads\/2020\/10\/logo-header-01.jpg\",\"width\":176,\"height\":100,\"caption\":\"La P'tite Cerise\"},\"image\":{\"@id\":\"https:\/\/la-ptite-cerise.be\/#\/schema\/logo\/image\/\"},\"sameAs\":[\"https:\/\/www.facebook.com\/laptitecerise\/\",\"https:\/\/www.instagram.com\/la.ptite_cerise\/\"]}]}<\/script>\n<!-- \/ Yoast SEO plugin. -->","yoast_head_json":{"title":"HONDURAS SHG Decaf Swiss water - La P&#039;tite Cerise","robots":{"index":"index","follow":"follow","max-snippet":"max-snippet:-1","max-image-preview":"max-image-preview:large","max-video-preview":"max-video-preview:-1"},"canonical":"https:\/\/la-ptite-cerise.be\/produit\/honduras-shg-decaf-swiss-water\/","og_locale":"en_US","og_type":"article","og_title":"HONDURAS SHG Decaf Swiss water - La P&#039;tite Cerise","og_description":"(42\u20ac\/kg) SCA Score: \u2014Tasting Notes: Cocoa, citrus, hazelnut, sugar","og_url":"https:\/\/la-ptite-cerise.be\/produit\/honduras-shg-decaf-swiss-water\/","og_site_name":"La P&#039;tite Cerise","article_publisher":"https:\/\/www.facebook.com\/laptitecerise\/","article_modified_time":"2025-06-19T11:16:36+00:00","og_image":[{"width":500,"height":500,"url":"https:\/\/la-ptite-cerise.be\/wp-content\/uploads\/2024\/09\/E\u2560utiquettes-500x500px-Swiss-Water.png","type":"image\/png"}],"twitter_card":"summary_large_image","twitter_misc":{"Est. reading time":"1 minute"},"schema":{"@context":"https:\/\/schema.org","@graph":[{"@type":"WebPage","@id":"https:\/\/la-ptite-cerise.be\/produit\/honduras-shg-decaf-swiss-water\/","url":"https:\/\/la-ptite-cerise.be\/produit\/honduras-shg-decaf-swiss-water\/","name":"HONDURAS SHG Decaf Swiss water - La P&#039;tite Cerise","isPartOf":{"@id":"https:\/\/la-ptite-cerise.be\/#website"},"primaryImageOfPage":{"@id":"https:\/\/la-ptite-cerise.be\/produit\/honduras-shg-decaf-swiss-water\/#primaryimage"},"image":{"@id":"https:\/\/la-ptite-cerise.be\/produit\/honduras-shg-decaf-swiss-water\/#primaryimage"},"thumbnailUrl":"https:\/\/la-ptite-cerise.be\/wp-content\/uploads\/2024\/09\/E\u2560utiquettes-500x500px-Swiss-Water.png","datePublished":"2024-09-27T13:47:07+00:00","dateModified":"2025-06-19T11:16:36+00:00","breadcrumb":{"@id":"https:\/\/la-ptite-cerise.be\/produit\/honduras-shg-decaf-swiss-water\/#breadcrumb"},"inLanguage":"en-US","potentialAction":[{"@type":"ReadAction","target":["https:\/\/la-ptite-cerise.be\/produit\/honduras-shg-decaf-swiss-water\/"]}]},{"@type":"ImageObject","inLanguage":"en-US","@id":"https:\/\/la-ptite-cerise.be\/produit\/honduras-shg-decaf-swiss-water\/#primaryimage","url":"https:\/\/la-ptite-cerise.be\/wp-content\/uploads\/2024\/09\/E\u2560utiquettes-500x500px-Swiss-Water.png","contentUrl":"https:\/\/la-ptite-cerise.be\/wp-content\/uploads\/2024\/09\/E\u2560utiquettes-500x500px-Swiss-Water.png","width":500,"height":500},{"@type":"BreadcrumbList","@id":"https:\/\/la-ptite-cerise.be\/produit\/honduras-shg-decaf-swiss-water\/#breadcrumb","itemListElement":[{"@type":"ListItem","position":1,"name":"Accueil","item":"https:\/\/la-ptite-cerise.be\/en\/"},{"@type":"ListItem","position":2,"name":"Store","item":"https:\/\/la-ptite-cerise.be\/boutique\/"},{"@type":"ListItem","position":3,"name":"HONDURAS SHG Decaf Swiss water"}]},{"@type":"WebSite","@id":"https:\/\/la-ptite-cerise.be\/#website","url":"https:\/\/la-ptite-cerise.be\/","name":"La P'tite Cerise","description":"Artisan torr\u00e9facteur de caf\u00e9 de sp\u00e9cialit\u00e9. S\u00e9lection de th\u00e9s &amp; tisanes.","publisher":{"@id":"https:\/\/la-ptite-cerise.be\/#organization"},"potentialAction":[{"@type":"SearchAction","target":{"@type":"EntryPoint","urlTemplate":"https:\/\/la-ptite-cerise.be\/?s={search_term_string}"},"query-input":{"@type":"PropertyValueSpecification","valueRequired":true,"valueName":"search_term_string"}}],"inLanguage":"en-US"},{"@type":"Organization","@id":"https:\/\/la-ptite-cerise.be\/#organization","name":"La P'tite Cerise","url":"https:\/\/la-ptite-cerise.be\/","logo":{"@type":"ImageObject","inLanguage":"en-US","@id":"https:\/\/la-ptite-cerise.be\/#\/schema\/logo\/image\/","url":"https:\/\/la-ptite-cerise.be\/wp-content\/uploads\/2020\/10\/logo-header-01.jpg","contentUrl":"https:\/\/la-ptite-cerise.be\/wp-content\/uploads\/2020\/10\/logo-header-01.jpg","width":176,"height":100,"caption":"La P'tite Cerise"},"image":{"@id":"https:\/\/la-ptite-cerise.be\/#\/schema\/logo\/image\/"},"sameAs":["https:\/\/www.facebook.com\/laptitecerise\/","https:\/\/www.instagram.com\/la.ptite_cerise\/"]}]}},"_links":{"self":[{"href":"https:\/\/la-ptite-cerise.be\/en\/wp-json\/wp\/v2\/product\/12949","targetHints":{"allow":["GET"]}}],"collection":[{"href":"https:\/\/la-ptite-cerise.be\/en\/wp-json\/wp\/v2\/product"}],"about":[{"href":"https:\/\/la-ptite-cerise.be\/en\/wp-json\/wp\/v2\/types\/product"}],"wp:featuredmedia":[{"embeddable":true,"href":"https:\/\/la-ptite-cerise.be\/en\/wp-json\/wp\/v2\/media\/11612"}],"wp:attachment":[{"href":"https:\/\/la-ptite-cerise.be\/en\/wp-json\/wp\/v2\/media?parent=12949"}],"wp:term":[{"taxonomy":"product_brand","embeddable":true,"href":"https:\/\/la-ptite-cerise.be\/en\/wp-json\/wp\/v2\/product_brand?post=12949"},{"taxonomy":"product_cat","embeddable":true,"href":"https:\/\/la-ptite-cerise.be\/en\/wp-json\/wp\/v2\/product_cat?post=12949"},{"taxonomy":"product_tag","embeddable":true,"href":"https:\/\/la-ptite-cerise.be\/en\/wp-json\/wp\/v2\/product_tag?post=12949"}],"curies":[{"name":"wp","href":"https:\/\/api.w.org\/{rel}","templated":true}]}}