{"id":12982,"date":"2024-05-21T12:08:45","date_gmt":"2024-05-21T10:08:45","guid":{"rendered":"https:\/\/la-ptite-cerise.be\/produit\/costa-rica-finca-las-lajas-nature\/"},"modified":"2025-06-19T13:17:15","modified_gmt":"2025-06-19T11:17:15","slug":"costa-rica-finca-las-lajas-nature","status":"publish","type":"product","link":"https:\/\/la-ptite-cerise.be\/en\/produit\/costa-rica-finca-las-lajas-nature\/","title":{"rendered":"COSTA RICA Finca Las Lajas NATURE"},"content":{"rendered":"<h3 class=\"\" data-start=\"194\" data-end=\"246\">\ud83c\udf0b A signature Costa Rican natural \u2014 Perla Negra<\/h3>\n<p class=\"\" data-start=\"248\" data-end=\"694\"><strong data-start=\"248\" data-end=\"256\">Farm<\/strong>: Las Lajas<br data-start=\"267\" data-end=\"270\" \/><strong data-start=\"270\" data-end=\"283\">Producers<\/strong>: Oscar &amp; Francisca Chac\u00f3n<br data-start=\"309\" data-end=\"312\" \/><strong data-start=\"312\" data-end=\"322\">Region<\/strong>: Los Angeles de Sabanilla, Alajuela, Costa Rica<br data-start=\"370\" data-end=\"373\" \/><strong data-start=\"373\" data-end=\"385\">Altitude<\/strong>: 1300\u20131500 m<br data-start=\"398\" data-end=\"401\" \/><strong data-start=\"401\" data-end=\"412\">Species<\/strong>: Arabica<br data-start=\"421\" data-end=\"424\" \/><strong data-start=\"424\" data-end=\"435\">Variety<\/strong>: Caturra, Catuai<br data-start=\"452\" data-end=\"455\" data-is-only-node=\"\" \/><strong data-start=\"455\" data-end=\"466\">Harvest<\/strong>: December to February<br data-start=\"488\" data-end=\"491\" \/><strong data-start=\"491\" data-end=\"512\">Harvesting Method<\/strong>: Hand-picked (3 passes)<br data-start=\"536\" data-end=\"539\" \/><strong data-start=\"539\" data-end=\"550\">Process<\/strong>: Natural \u2013 Perla Negra<br data-start=\"573\" data-end=\"576\" \/><strong data-start=\"576\" data-end=\"586\">Drying<\/strong>: 5\u20136 weeks on shaded African beds<br data-start=\"620\" data-end=\"623\" \/>\n<\/p>\n<hr class=\"\" data-start=\"696\" data-end=\"699\" \/>\n<h3 class=\"\" data-start=\"701\" data-end=\"722\">About this coffee<\/h3>\n<p class=\"\" data-start=\"724\" data-end=\"948\">This natural coffee comes from <strong data-start=\"755\" data-end=\"768\">Las Lajas<\/strong>, a family-run farm at the foot of the Po\u00e1s volcano. It\u2019s produced by <strong data-start=\"838\" data-end=\"868\">Oscar and Francisca Chac\u00f3n<\/strong>, known for their pioneering role in natural and honey processing in Costa Rica.<\/p>\n<p class=\"\" data-start=\"950\" data-end=\"1186\">In 2008, after an earthquake severely disrupted water access, they made the bold decision to process their coffees naturally \u2014 a first in the country. This approach has since become a benchmark in Latin America\u2019s specialty coffee scene.<\/p>\n<p class=\"\" data-start=\"1188\" data-end=\"1487\"><strong data-start=\"1188\" data-end=\"1203\">Perla Negra<\/strong> is their most advanced natural process: the cherries are dried slowly, <strong data-start=\"1275\" data-end=\"1311\">fully shaded for over five weeks<\/strong>, allowing a gentle, extended fermentation. The result is a cup that\u2019s rich and expressive, with <strong data-start=\"1408\" data-end=\"1432\">notes of ripe cherry<\/strong>, <strong data-start=\"1434\" data-end=\"1452\">candied fruits<\/strong>, and a clean <strong data-start=\"1466\" data-end=\"1486\">black tea finish<\/strong>.<\/p>\n<p class=\"\" data-start=\"1489\" data-end=\"1564\"><strong data-start=\"1489\" data-end=\"1564\">A precise, layered coffee \u2014 the hallmark of a true Costa Rican classic.<\/strong><\/p>\n","protected":false},"excerpt":{"rendered":"<h4>(58\u20ac\/kg)<\/h4>\n<p><strong data-start=\"623\" data-end=\"636\">SCA Score<\/strong>: 86<br data-start=\"640\" data-end=\"643\" \/><strong data-start=\"643\" data-end=\"660\">Tasting Notes<\/strong>: Cherry, ripe fruits, black tea<\/p>\n","protected":false},"featured_media":11614,"template":"","meta":[],"product_brand":[],"product_cat":[139],"product_tag":[],"class_list":{"0":"post-12982","1":"product","2":"type-product","3":"status-publish","4":"has-post-thumbnail","6":"product_cat-coffee","8":"first","9":"outofstock","10":"taxable","11":"shipping-taxable","12":"purchasable","13":"product-type-variable"},"yoast_head":"<!-- This site is optimized with the Yoast SEO plugin v25.7 - https:\/\/yoast.com\/wordpress\/plugins\/seo\/ -->\n<title>COSTA RICA Finca Las Lajas NATURE - La P&#039;tite Cerise<\/title>\n<meta name=\"robots\" content=\"index, follow, max-snippet:-1, max-image-preview:large, max-video-preview:-1\" \/>\n<link rel=\"canonical\" href=\"https:\/\/la-ptite-cerise.be\/produit\/costa-rica-finca-las-lajas-nature\/\" \/>\n<meta property=\"og:locale\" content=\"en_US\" \/>\n<meta property=\"og:type\" content=\"article\" \/>\n<meta property=\"og:title\" content=\"COSTA RICA Finca Las Lajas NATURE - La P&#039;tite Cerise\" \/>\n<meta property=\"og:description\" content=\"(58\u20ac\/kg) SCA Score: 86Tasting Notes: Cherry, ripe fruits, black tea\" \/>\n<meta property=\"og:url\" content=\"https:\/\/la-ptite-cerise.be\/produit\/costa-rica-finca-las-lajas-nature\/\" \/>\n<meta property=\"og:site_name\" content=\"La P&#039;tite Cerise\" \/>\n<meta property=\"article:publisher\" content=\"https:\/\/www.facebook.com\/laptitecerise\/\" \/>\n<meta property=\"article:modified_time\" content=\"2025-06-19T11:17:15+00:00\" \/>\n<meta property=\"og:image\" content=\"https:\/\/la-ptite-cerise.be\/wp-content\/uploads\/2024\/05\/E\u2560utiquettes-500x500px-Las-Lajas.png\" \/>\n\t<meta property=\"og:image:width\" content=\"500\" \/>\n\t<meta property=\"og:image:height\" content=\"500\" \/>\n\t<meta property=\"og:image:type\" content=\"image\/png\" \/>\n<meta name=\"twitter:card\" content=\"summary_large_image\" \/>\n<meta name=\"twitter:label1\" content=\"Est. reading time\" \/>\n\t<meta name=\"twitter:data1\" content=\"1 minute\" \/>\n<script type=\"application\/ld+json\" class=\"yoast-schema-graph\">{\"@context\":\"https:\/\/schema.org\",\"@graph\":[{\"@type\":\"WebPage\",\"@id\":\"https:\/\/la-ptite-cerise.be\/produit\/costa-rica-finca-las-lajas-nature\/\",\"url\":\"https:\/\/la-ptite-cerise.be\/produit\/costa-rica-finca-las-lajas-nature\/\",\"name\":\"COSTA RICA Finca Las Lajas NATURE - La P&#039;tite Cerise\",\"isPartOf\":{\"@id\":\"https:\/\/la-ptite-cerise.be\/#website\"},\"primaryImageOfPage\":{\"@id\":\"https:\/\/la-ptite-cerise.be\/produit\/costa-rica-finca-las-lajas-nature\/#primaryimage\"},\"image\":{\"@id\":\"https:\/\/la-ptite-cerise.be\/produit\/costa-rica-finca-las-lajas-nature\/#primaryimage\"},\"thumbnailUrl\":\"https:\/\/la-ptite-cerise.be\/wp-content\/uploads\/2024\/05\/E\u2560utiquettes-500x500px-Las-Lajas.png\",\"datePublished\":\"2024-05-21T10:08:45+00:00\",\"dateModified\":\"2025-06-19T11:17:15+00:00\",\"breadcrumb\":{\"@id\":\"https:\/\/la-ptite-cerise.be\/produit\/costa-rica-finca-las-lajas-nature\/#breadcrumb\"},\"inLanguage\":\"en-US\",\"potentialAction\":[{\"@type\":\"ReadAction\",\"target\":[\"https:\/\/la-ptite-cerise.be\/produit\/costa-rica-finca-las-lajas-nature\/\"]}]},{\"@type\":\"ImageObject\",\"inLanguage\":\"en-US\",\"@id\":\"https:\/\/la-ptite-cerise.be\/produit\/costa-rica-finca-las-lajas-nature\/#primaryimage\",\"url\":\"https:\/\/la-ptite-cerise.be\/wp-content\/uploads\/2024\/05\/E\u2560utiquettes-500x500px-Las-Lajas.png\",\"contentUrl\":\"https:\/\/la-ptite-cerise.be\/wp-content\/uploads\/2024\/05\/E\u2560utiquettes-500x500px-Las-Lajas.png\",\"width\":500,\"height\":500},{\"@type\":\"BreadcrumbList\",\"@id\":\"https:\/\/la-ptite-cerise.be\/produit\/costa-rica-finca-las-lajas-nature\/#breadcrumb\",\"itemListElement\":[{\"@type\":\"ListItem\",\"position\":1,\"name\":\"Accueil\",\"item\":\"https:\/\/la-ptite-cerise.be\/en\/\"},{\"@type\":\"ListItem\",\"position\":2,\"name\":\"Store\",\"item\":\"https:\/\/la-ptite-cerise.be\/boutique\/\"},{\"@type\":\"ListItem\",\"position\":3,\"name\":\"COSTA RICA Finca Las Lajas NATURE\"}]},{\"@type\":\"WebSite\",\"@id\":\"https:\/\/la-ptite-cerise.be\/#website\",\"url\":\"https:\/\/la-ptite-cerise.be\/\",\"name\":\"La P'tite Cerise\",\"description\":\"Artisan torr\u00e9facteur de caf\u00e9 de sp\u00e9cialit\u00e9. S\u00e9lection de th\u00e9s &amp; tisanes.\",\"publisher\":{\"@id\":\"https:\/\/la-ptite-cerise.be\/#organization\"},\"potentialAction\":[{\"@type\":\"SearchAction\",\"target\":{\"@type\":\"EntryPoint\",\"urlTemplate\":\"https:\/\/la-ptite-cerise.be\/?s={search_term_string}\"},\"query-input\":{\"@type\":\"PropertyValueSpecification\",\"valueRequired\":true,\"valueName\":\"search_term_string\"}}],\"inLanguage\":\"en-US\"},{\"@type\":\"Organization\",\"@id\":\"https:\/\/la-ptite-cerise.be\/#organization\",\"name\":\"La P'tite Cerise\",\"url\":\"https:\/\/la-ptite-cerise.be\/\",\"logo\":{\"@type\":\"ImageObject\",\"inLanguage\":\"en-US\",\"@id\":\"https:\/\/la-ptite-cerise.be\/#\/schema\/logo\/image\/\",\"url\":\"https:\/\/la-ptite-cerise.be\/wp-content\/uploads\/2020\/10\/logo-header-01.jpg\",\"contentUrl\":\"https:\/\/la-ptite-cerise.be\/wp-content\/uploads\/2020\/10\/logo-header-01.jpg\",\"width\":176,\"height\":100,\"caption\":\"La P'tite Cerise\"},\"image\":{\"@id\":\"https:\/\/la-ptite-cerise.be\/#\/schema\/logo\/image\/\"},\"sameAs\":[\"https:\/\/www.facebook.com\/laptitecerise\/\",\"https:\/\/www.instagram.com\/la.ptite_cerise\/\"]}]}<\/script>\n<!-- \/ Yoast SEO plugin. -->","yoast_head_json":{"title":"COSTA RICA Finca Las Lajas NATURE - La P&#039;tite Cerise","robots":{"index":"index","follow":"follow","max-snippet":"max-snippet:-1","max-image-preview":"max-image-preview:large","max-video-preview":"max-video-preview:-1"},"canonical":"https:\/\/la-ptite-cerise.be\/produit\/costa-rica-finca-las-lajas-nature\/","og_locale":"en_US","og_type":"article","og_title":"COSTA RICA Finca Las Lajas NATURE - La P&#039;tite Cerise","og_description":"(58\u20ac\/kg) SCA Score: 86Tasting Notes: Cherry, ripe fruits, black tea","og_url":"https:\/\/la-ptite-cerise.be\/produit\/costa-rica-finca-las-lajas-nature\/","og_site_name":"La P&#039;tite Cerise","article_publisher":"https:\/\/www.facebook.com\/laptitecerise\/","article_modified_time":"2025-06-19T11:17:15+00:00","og_image":[{"width":500,"height":500,"url":"https:\/\/la-ptite-cerise.be\/wp-content\/uploads\/2024\/05\/E\u2560utiquettes-500x500px-Las-Lajas.png","type":"image\/png"}],"twitter_card":"summary_large_image","twitter_misc":{"Est. reading time":"1 minute"},"schema":{"@context":"https:\/\/schema.org","@graph":[{"@type":"WebPage","@id":"https:\/\/la-ptite-cerise.be\/produit\/costa-rica-finca-las-lajas-nature\/","url":"https:\/\/la-ptite-cerise.be\/produit\/costa-rica-finca-las-lajas-nature\/","name":"COSTA RICA Finca Las Lajas NATURE - La P&#039;tite Cerise","isPartOf":{"@id":"https:\/\/la-ptite-cerise.be\/#website"},"primaryImageOfPage":{"@id":"https:\/\/la-ptite-cerise.be\/produit\/costa-rica-finca-las-lajas-nature\/#primaryimage"},"image":{"@id":"https:\/\/la-ptite-cerise.be\/produit\/costa-rica-finca-las-lajas-nature\/#primaryimage"},"thumbnailUrl":"https:\/\/la-ptite-cerise.be\/wp-content\/uploads\/2024\/05\/E\u2560utiquettes-500x500px-Las-Lajas.png","datePublished":"2024-05-21T10:08:45+00:00","dateModified":"2025-06-19T11:17:15+00:00","breadcrumb":{"@id":"https:\/\/la-ptite-cerise.be\/produit\/costa-rica-finca-las-lajas-nature\/#breadcrumb"},"inLanguage":"en-US","potentialAction":[{"@type":"ReadAction","target":["https:\/\/la-ptite-cerise.be\/produit\/costa-rica-finca-las-lajas-nature\/"]}]},{"@type":"ImageObject","inLanguage":"en-US","@id":"https:\/\/la-ptite-cerise.be\/produit\/costa-rica-finca-las-lajas-nature\/#primaryimage","url":"https:\/\/la-ptite-cerise.be\/wp-content\/uploads\/2024\/05\/E\u2560utiquettes-500x500px-Las-Lajas.png","contentUrl":"https:\/\/la-ptite-cerise.be\/wp-content\/uploads\/2024\/05\/E\u2560utiquettes-500x500px-Las-Lajas.png","width":500,"height":500},{"@type":"BreadcrumbList","@id":"https:\/\/la-ptite-cerise.be\/produit\/costa-rica-finca-las-lajas-nature\/#breadcrumb","itemListElement":[{"@type":"ListItem","position":1,"name":"Accueil","item":"https:\/\/la-ptite-cerise.be\/en\/"},{"@type":"ListItem","position":2,"name":"Store","item":"https:\/\/la-ptite-cerise.be\/boutique\/"},{"@type":"ListItem","position":3,"name":"COSTA RICA Finca Las Lajas NATURE"}]},{"@type":"WebSite","@id":"https:\/\/la-ptite-cerise.be\/#website","url":"https:\/\/la-ptite-cerise.be\/","name":"La P'tite Cerise","description":"Artisan torr\u00e9facteur de caf\u00e9 de sp\u00e9cialit\u00e9. S\u00e9lection de th\u00e9s &amp; tisanes.","publisher":{"@id":"https:\/\/la-ptite-cerise.be\/#organization"},"potentialAction":[{"@type":"SearchAction","target":{"@type":"EntryPoint","urlTemplate":"https:\/\/la-ptite-cerise.be\/?s={search_term_string}"},"query-input":{"@type":"PropertyValueSpecification","valueRequired":true,"valueName":"search_term_string"}}],"inLanguage":"en-US"},{"@type":"Organization","@id":"https:\/\/la-ptite-cerise.be\/#organization","name":"La P'tite Cerise","url":"https:\/\/la-ptite-cerise.be\/","logo":{"@type":"ImageObject","inLanguage":"en-US","@id":"https:\/\/la-ptite-cerise.be\/#\/schema\/logo\/image\/","url":"https:\/\/la-ptite-cerise.be\/wp-content\/uploads\/2020\/10\/logo-header-01.jpg","contentUrl":"https:\/\/la-ptite-cerise.be\/wp-content\/uploads\/2020\/10\/logo-header-01.jpg","width":176,"height":100,"caption":"La P'tite Cerise"},"image":{"@id":"https:\/\/la-ptite-cerise.be\/#\/schema\/logo\/image\/"},"sameAs":["https:\/\/www.facebook.com\/laptitecerise\/","https:\/\/www.instagram.com\/la.ptite_cerise\/"]}]}},"_links":{"self":[{"href":"https:\/\/la-ptite-cerise.be\/en\/wp-json\/wp\/v2\/product\/12982","targetHints":{"allow":["GET"]}}],"collection":[{"href":"https:\/\/la-ptite-cerise.be\/en\/wp-json\/wp\/v2\/product"}],"about":[{"href":"https:\/\/la-ptite-cerise.be\/en\/wp-json\/wp\/v2\/types\/product"}],"wp:featuredmedia":[{"embeddable":true,"href":"https:\/\/la-ptite-cerise.be\/en\/wp-json\/wp\/v2\/media\/11614"}],"wp:attachment":[{"href":"https:\/\/la-ptite-cerise.be\/en\/wp-json\/wp\/v2\/media?parent=12982"}],"wp:term":[{"taxonomy":"product_brand","embeddable":true,"href":"https:\/\/la-ptite-cerise.be\/en\/wp-json\/wp\/v2\/product_brand?post=12982"},{"taxonomy":"product_cat","embeddable":true,"href":"https:\/\/la-ptite-cerise.be\/en\/wp-json\/wp\/v2\/product_cat?post=12982"},{"taxonomy":"product_tag","embeddable":true,"href":"https:\/\/la-ptite-cerise.be\/en\/wp-json\/wp\/v2\/product_tag?post=12982"}],"curies":[{"name":"wp","href":"https:\/\/api.w.org\/{rel}","templated":true}]}}