{"id":13017,"date":"2024-02-07T11:12:47","date_gmt":"2024-02-07T10:12:47","guid":{"rendered":"https:\/\/la-ptite-cerise.be\/produit\/kenya-kiriaini-lave\/"},"modified":"2025-06-19T13:11:04","modified_gmt":"2025-06-19T11:11:04","slug":"kenya-kiriaini-lave","status":"publish","type":"product","link":"https:\/\/la-ptite-cerise.be\/en\/produit\/kenya-kiriaini-lave\/","title":{"rendered":"KENYA Kiriaini LAVE"},"content":{"rendered":"<h3 class=\"\" data-start=\"179\" data-end=\"238\">\ud83c\udf50 A clean and complex washed Kenyan \u2013 Kiriani, Muranga<\/h3>\n<p class=\"\" data-start=\"240\" data-end=\"679\"><strong data-start=\"240\" data-end=\"248\">Farm<\/strong>: Smallholder plots around Kiriani village<br data-start=\"290\" data-end=\"293\" \/><strong data-start=\"293\" data-end=\"306\">Producers<\/strong>: 571 members of the Thikagiki Cooperative<br data-start=\"348\" data-end=\"351\" \/><strong data-start=\"351\" data-end=\"361\">Region<\/strong>: Muranga, Kenya<br data-start=\"377\" data-end=\"380\" \/><strong data-start=\"380\" data-end=\"392\">Altitude<\/strong>: 1700\u20131900 m<br data-start=\"405\" data-end=\"408\" \/><strong data-start=\"408\" data-end=\"419\">Species<\/strong>: Arabica<br data-start=\"428\" data-end=\"431\" \/><strong data-start=\"431\" data-end=\"442\">Variety<\/strong>: SL28, SL34, Batian, Ruiru 11<br data-start=\"472\" data-end=\"475\" \/><strong data-start=\"475\" data-end=\"486\" data-is-only-node=\"\">Harvest<\/strong>: May to July<br data-start=\"499\" data-end=\"502\" \/><strong data-start=\"502\" data-end=\"523\">Harvesting Method<\/strong>: Hand-picked<br data-start=\"536\" data-end=\"539\" \/><strong data-start=\"539\" data-end=\"550\">Process<\/strong>: Washed<br data-start=\"558\" data-end=\"561\" \/><strong data-start=\"561\" data-end=\"571\">Drying<\/strong>: Sun-dried on African beds<br data-start=\"598\" data-end=\"601\" \/>\n<\/p>\n<hr class=\"\" data-start=\"681\" data-end=\"684\" \/>\n<h3 class=\"\" data-start=\"686\" data-end=\"707\">About this coffee<\/h3>\n<p class=\"\" data-start=\"709\" data-end=\"1010\">This lot comes from the <strong data-start=\"733\" data-end=\"760\">Kiriani washing station<\/strong> in Muranga, just south of Nyeri, where <strong data-start=\"800\" data-end=\"827\">571 smallholder farmers<\/strong> deliver ripe red cherries to be processed under the Thikagiki Cooperative. The station was established in 1974 and remains a key hub for high-quality coffee production in the region.<\/p>\n<p class=\"\" data-start=\"1012\" data-end=\"1252\">The farms sit at <strong data-start=\"1029\" data-end=\"1049\">1700\u20131900 metres<\/strong>, where rich volcanic soils and cool nights create optimal growing conditions. The cup profile reflects this unique terroir: <strong data-start=\"1174\" data-end=\"1200\">slow cherry maturation<\/strong>, higher sugar concentration, and excellent clarity.<\/p>\n<p class=\"\" data-start=\"1254\" data-end=\"1598\">The lot features Kenya\u2019s iconic <strong data-start=\"1286\" data-end=\"1303\">SL28 and SL34<\/strong>, known for their deep root systems and drought resistance, alongside newer, disease-resistant cultivars <strong data-start=\"1408\" data-end=\"1418\">Batian<\/strong> and <strong data-start=\"1423\" data-end=\"1435\">Ruiru 11<\/strong>. After selective hand-picking, cherries are <strong data-start=\"1480\" data-end=\"1519\">depulped, fermented for 12\u201316 hours<\/strong>, washed, then <strong data-start=\"1534\" data-end=\"1562\">sun-dried on raised beds<\/strong>, turned frequently for even drying.<\/p>\n<p class=\"\" data-start=\"1600\" data-end=\"1753\">Expect a bright and refined cup with <strong data-start=\"1637\" data-end=\"1660\">black tea aromatics<\/strong>, a touch of <strong data-start=\"1673\" data-end=\"1687\">lemon zest<\/strong>, soft <strong data-start=\"1694\" data-end=\"1712\">pear sweetness<\/strong>, and a lingering <strong data-start=\"1730\" data-end=\"1752\">brown sugar finish<\/strong>.<\/p>\n<p class=\"\" data-start=\"1755\" data-end=\"1832\"><strong data-start=\"1755\" data-end=\"1832\">A beautifully balanced Kenyan \u2014 structured, fresh, and full of character.<\/strong><\/p>\n","protected":false},"excerpt":{"rendered":"<h4>(38\u20ac\/kg)<\/h4>\n<p><strong data-start=\"601\" data-end=\"614\">SCA Score<\/strong>: 86.5<br data-start=\"620\" data-end=\"623\" \/><strong data-start=\"623\" data-end=\"640\">Tasting Notes<\/strong>: Black tea, lemon, pear, brown sugar<\/p>\n","protected":false},"featured_media":11616,"template":"","meta":[],"product_brand":[],"product_cat":[139],"product_tag":[],"class_list":{"0":"post-13017","1":"product","2":"type-product","3":"status-publish","4":"has-post-thumbnail","6":"product_cat-coffee","8":"first","9":"outofstock","10":"taxable","11":"shipping-taxable","12":"purchasable","13":"product-type-variable"},"yoast_head":"<!-- This site is optimized with the Yoast SEO plugin v25.7 - https:\/\/yoast.com\/wordpress\/plugins\/seo\/ -->\n<title>KENYA Kiriaini LAVE - La P&#039;tite Cerise<\/title>\n<meta name=\"robots\" content=\"index, follow, max-snippet:-1, max-image-preview:large, max-video-preview:-1\" \/>\n<link rel=\"canonical\" href=\"https:\/\/la-ptite-cerise.be\/produit\/kenya-kiriaini-lave\/\" \/>\n<meta property=\"og:locale\" content=\"en_US\" \/>\n<meta property=\"og:type\" content=\"article\" \/>\n<meta property=\"og:title\" content=\"KENYA Kiriaini LAVE - La P&#039;tite Cerise\" \/>\n<meta property=\"og:description\" content=\"(38\u20ac\/kg) SCA Score: 86.5Tasting Notes: Black tea, lemon, pear, brown sugar\" \/>\n<meta property=\"og:url\" content=\"https:\/\/la-ptite-cerise.be\/produit\/kenya-kiriaini-lave\/\" \/>\n<meta property=\"og:site_name\" content=\"La P&#039;tite Cerise\" \/>\n<meta property=\"article:publisher\" content=\"https:\/\/www.facebook.com\/laptitecerise\/\" \/>\n<meta property=\"article:modified_time\" content=\"2025-06-19T11:11:04+00:00\" \/>\n<meta property=\"og:image\" content=\"https:\/\/la-ptite-cerise.be\/wp-content\/uploads\/2024\/02\/E\u2560utiquettes-500x500px-Kiriaini.png\" \/>\n\t<meta property=\"og:image:width\" content=\"500\" \/>\n\t<meta property=\"og:image:height\" content=\"500\" \/>\n\t<meta property=\"og:image:type\" content=\"image\/png\" \/>\n<meta name=\"twitter:card\" content=\"summary_large_image\" \/>\n<meta name=\"twitter:label1\" content=\"Est. reading time\" \/>\n\t<meta name=\"twitter:data1\" content=\"1 minute\" \/>\n<script type=\"application\/ld+json\" class=\"yoast-schema-graph\">{\"@context\":\"https:\/\/schema.org\",\"@graph\":[{\"@type\":\"WebPage\",\"@id\":\"https:\/\/la-ptite-cerise.be\/produit\/kenya-kiriaini-lave\/\",\"url\":\"https:\/\/la-ptite-cerise.be\/produit\/kenya-kiriaini-lave\/\",\"name\":\"KENYA Kiriaini LAVE - La P&#039;tite Cerise\",\"isPartOf\":{\"@id\":\"https:\/\/la-ptite-cerise.be\/#website\"},\"primaryImageOfPage\":{\"@id\":\"https:\/\/la-ptite-cerise.be\/produit\/kenya-kiriaini-lave\/#primaryimage\"},\"image\":{\"@id\":\"https:\/\/la-ptite-cerise.be\/produit\/kenya-kiriaini-lave\/#primaryimage\"},\"thumbnailUrl\":\"https:\/\/la-ptite-cerise.be\/wp-content\/uploads\/2024\/02\/E\u2560utiquettes-500x500px-Kiriaini.png\",\"datePublished\":\"2024-02-07T10:12:47+00:00\",\"dateModified\":\"2025-06-19T11:11:04+00:00\",\"breadcrumb\":{\"@id\":\"https:\/\/la-ptite-cerise.be\/produit\/kenya-kiriaini-lave\/#breadcrumb\"},\"inLanguage\":\"en-US\",\"potentialAction\":[{\"@type\":\"ReadAction\",\"target\":[\"https:\/\/la-ptite-cerise.be\/produit\/kenya-kiriaini-lave\/\"]}]},{\"@type\":\"ImageObject\",\"inLanguage\":\"en-US\",\"@id\":\"https:\/\/la-ptite-cerise.be\/produit\/kenya-kiriaini-lave\/#primaryimage\",\"url\":\"https:\/\/la-ptite-cerise.be\/wp-content\/uploads\/2024\/02\/E\u2560utiquettes-500x500px-Kiriaini.png\",\"contentUrl\":\"https:\/\/la-ptite-cerise.be\/wp-content\/uploads\/2024\/02\/E\u2560utiquettes-500x500px-Kiriaini.png\",\"width\":500,\"height\":500},{\"@type\":\"BreadcrumbList\",\"@id\":\"https:\/\/la-ptite-cerise.be\/produit\/kenya-kiriaini-lave\/#breadcrumb\",\"itemListElement\":[{\"@type\":\"ListItem\",\"position\":1,\"name\":\"Accueil\",\"item\":\"https:\/\/la-ptite-cerise.be\/en\/\"},{\"@type\":\"ListItem\",\"position\":2,\"name\":\"Store\",\"item\":\"https:\/\/la-ptite-cerise.be\/boutique\/\"},{\"@type\":\"ListItem\",\"position\":3,\"name\":\"KENYA Kiriaini LAVE\"}]},{\"@type\":\"WebSite\",\"@id\":\"https:\/\/la-ptite-cerise.be\/#website\",\"url\":\"https:\/\/la-ptite-cerise.be\/\",\"name\":\"La P'tite Cerise\",\"description\":\"Artisan torr\u00e9facteur de caf\u00e9 de sp\u00e9cialit\u00e9. S\u00e9lection de th\u00e9s &amp; tisanes.\",\"publisher\":{\"@id\":\"https:\/\/la-ptite-cerise.be\/#organization\"},\"potentialAction\":[{\"@type\":\"SearchAction\",\"target\":{\"@type\":\"EntryPoint\",\"urlTemplate\":\"https:\/\/la-ptite-cerise.be\/?s={search_term_string}\"},\"query-input\":{\"@type\":\"PropertyValueSpecification\",\"valueRequired\":true,\"valueName\":\"search_term_string\"}}],\"inLanguage\":\"en-US\"},{\"@type\":\"Organization\",\"@id\":\"https:\/\/la-ptite-cerise.be\/#organization\",\"name\":\"La P'tite Cerise\",\"url\":\"https:\/\/la-ptite-cerise.be\/\",\"logo\":{\"@type\":\"ImageObject\",\"inLanguage\":\"en-US\",\"@id\":\"https:\/\/la-ptite-cerise.be\/#\/schema\/logo\/image\/\",\"url\":\"https:\/\/la-ptite-cerise.be\/wp-content\/uploads\/2020\/10\/logo-header-01.jpg\",\"contentUrl\":\"https:\/\/la-ptite-cerise.be\/wp-content\/uploads\/2020\/10\/logo-header-01.jpg\",\"width\":176,\"height\":100,\"caption\":\"La P'tite Cerise\"},\"image\":{\"@id\":\"https:\/\/la-ptite-cerise.be\/#\/schema\/logo\/image\/\"},\"sameAs\":[\"https:\/\/www.facebook.com\/laptitecerise\/\",\"https:\/\/www.instagram.com\/la.ptite_cerise\/\"]}]}<\/script>\n<!-- \/ Yoast SEO plugin. -->","yoast_head_json":{"title":"KENYA Kiriaini LAVE - La P&#039;tite Cerise","robots":{"index":"index","follow":"follow","max-snippet":"max-snippet:-1","max-image-preview":"max-image-preview:large","max-video-preview":"max-video-preview:-1"},"canonical":"https:\/\/la-ptite-cerise.be\/produit\/kenya-kiriaini-lave\/","og_locale":"en_US","og_type":"article","og_title":"KENYA Kiriaini LAVE - La P&#039;tite Cerise","og_description":"(38\u20ac\/kg) SCA Score: 86.5Tasting Notes: Black tea, lemon, pear, brown sugar","og_url":"https:\/\/la-ptite-cerise.be\/produit\/kenya-kiriaini-lave\/","og_site_name":"La P&#039;tite Cerise","article_publisher":"https:\/\/www.facebook.com\/laptitecerise\/","article_modified_time":"2025-06-19T11:11:04+00:00","og_image":[{"width":500,"height":500,"url":"https:\/\/la-ptite-cerise.be\/wp-content\/uploads\/2024\/02\/E\u2560utiquettes-500x500px-Kiriaini.png","type":"image\/png"}],"twitter_card":"summary_large_image","twitter_misc":{"Est. reading time":"1 minute"},"schema":{"@context":"https:\/\/schema.org","@graph":[{"@type":"WebPage","@id":"https:\/\/la-ptite-cerise.be\/produit\/kenya-kiriaini-lave\/","url":"https:\/\/la-ptite-cerise.be\/produit\/kenya-kiriaini-lave\/","name":"KENYA Kiriaini LAVE - La P&#039;tite Cerise","isPartOf":{"@id":"https:\/\/la-ptite-cerise.be\/#website"},"primaryImageOfPage":{"@id":"https:\/\/la-ptite-cerise.be\/produit\/kenya-kiriaini-lave\/#primaryimage"},"image":{"@id":"https:\/\/la-ptite-cerise.be\/produit\/kenya-kiriaini-lave\/#primaryimage"},"thumbnailUrl":"https:\/\/la-ptite-cerise.be\/wp-content\/uploads\/2024\/02\/E\u2560utiquettes-500x500px-Kiriaini.png","datePublished":"2024-02-07T10:12:47+00:00","dateModified":"2025-06-19T11:11:04+00:00","breadcrumb":{"@id":"https:\/\/la-ptite-cerise.be\/produit\/kenya-kiriaini-lave\/#breadcrumb"},"inLanguage":"en-US","potentialAction":[{"@type":"ReadAction","target":["https:\/\/la-ptite-cerise.be\/produit\/kenya-kiriaini-lave\/"]}]},{"@type":"ImageObject","inLanguage":"en-US","@id":"https:\/\/la-ptite-cerise.be\/produit\/kenya-kiriaini-lave\/#primaryimage","url":"https:\/\/la-ptite-cerise.be\/wp-content\/uploads\/2024\/02\/E\u2560utiquettes-500x500px-Kiriaini.png","contentUrl":"https:\/\/la-ptite-cerise.be\/wp-content\/uploads\/2024\/02\/E\u2560utiquettes-500x500px-Kiriaini.png","width":500,"height":500},{"@type":"BreadcrumbList","@id":"https:\/\/la-ptite-cerise.be\/produit\/kenya-kiriaini-lave\/#breadcrumb","itemListElement":[{"@type":"ListItem","position":1,"name":"Accueil","item":"https:\/\/la-ptite-cerise.be\/en\/"},{"@type":"ListItem","position":2,"name":"Store","item":"https:\/\/la-ptite-cerise.be\/boutique\/"},{"@type":"ListItem","position":3,"name":"KENYA Kiriaini LAVE"}]},{"@type":"WebSite","@id":"https:\/\/la-ptite-cerise.be\/#website","url":"https:\/\/la-ptite-cerise.be\/","name":"La P'tite Cerise","description":"Artisan torr\u00e9facteur de caf\u00e9 de sp\u00e9cialit\u00e9. S\u00e9lection de th\u00e9s &amp; tisanes.","publisher":{"@id":"https:\/\/la-ptite-cerise.be\/#organization"},"potentialAction":[{"@type":"SearchAction","target":{"@type":"EntryPoint","urlTemplate":"https:\/\/la-ptite-cerise.be\/?s={search_term_string}"},"query-input":{"@type":"PropertyValueSpecification","valueRequired":true,"valueName":"search_term_string"}}],"inLanguage":"en-US"},{"@type":"Organization","@id":"https:\/\/la-ptite-cerise.be\/#organization","name":"La P'tite Cerise","url":"https:\/\/la-ptite-cerise.be\/","logo":{"@type":"ImageObject","inLanguage":"en-US","@id":"https:\/\/la-ptite-cerise.be\/#\/schema\/logo\/image\/","url":"https:\/\/la-ptite-cerise.be\/wp-content\/uploads\/2020\/10\/logo-header-01.jpg","contentUrl":"https:\/\/la-ptite-cerise.be\/wp-content\/uploads\/2020\/10\/logo-header-01.jpg","width":176,"height":100,"caption":"La P'tite Cerise"},"image":{"@id":"https:\/\/la-ptite-cerise.be\/#\/schema\/logo\/image\/"},"sameAs":["https:\/\/www.facebook.com\/laptitecerise\/","https:\/\/www.instagram.com\/la.ptite_cerise\/"]}]}},"_links":{"self":[{"href":"https:\/\/la-ptite-cerise.be\/en\/wp-json\/wp\/v2\/product\/13017","targetHints":{"allow":["GET"]}}],"collection":[{"href":"https:\/\/la-ptite-cerise.be\/en\/wp-json\/wp\/v2\/product"}],"about":[{"href":"https:\/\/la-ptite-cerise.be\/en\/wp-json\/wp\/v2\/types\/product"}],"wp:featuredmedia":[{"embeddable":true,"href":"https:\/\/la-ptite-cerise.be\/en\/wp-json\/wp\/v2\/media\/11616"}],"wp:attachment":[{"href":"https:\/\/la-ptite-cerise.be\/en\/wp-json\/wp\/v2\/media?parent=13017"}],"wp:term":[{"taxonomy":"product_brand","embeddable":true,"href":"https:\/\/la-ptite-cerise.be\/en\/wp-json\/wp\/v2\/product_brand?post=13017"},{"taxonomy":"product_cat","embeddable":true,"href":"https:\/\/la-ptite-cerise.be\/en\/wp-json\/wp\/v2\/product_cat?post=13017"},{"taxonomy":"product_tag","embeddable":true,"href":"https:\/\/la-ptite-cerise.be\/en\/wp-json\/wp\/v2\/product_tag?post=13017"}],"curies":[{"name":"wp","href":"https:\/\/api.w.org\/{rel}","templated":true}]}}