{"id":13052,"date":"2024-11-05T09:47:15","date_gmt":"2024-11-05T08:47:15","guid":{"rendered":"https:\/\/la-ptite-cerise.be\/produit\/rwanda-karambi-lave\/"},"modified":"2024-11-05T09:47:15","modified_gmt":"2024-11-05T08:47:15","slug":"rwanda-karambi-lave","status":"publish","type":"product","link":"https:\/\/la-ptite-cerise.be\/en\/produit\/rwanda-karambi-lave\/","title":{"rendered":"RWANDA Karambi LAVE"},"content":{"rendered":"<h3 class=\"\" data-start=\"1775\" data-end=\"1827\">\ud83c\udf52 A clean and balanced washed Rwandan \u2014 Koakaka<\/h3>\n<p class=\"\" data-start=\"1829\" data-end=\"2215\"><strong data-start=\"1829\" data-end=\"1837\">Farm<\/strong>: Koakaka Cooperative<br data-start=\"1858\" data-end=\"1861\" \/><strong data-start=\"1861\" data-end=\"1874\">Producers<\/strong>: 1316 members (including 297 women)<br data-start=\"1910\" data-end=\"1913\" \/><strong data-start=\"1913\" data-end=\"1923\">Region<\/strong>: Huye &amp; Nyamagabe, Southern Rwanda<br data-start=\"1958\" data-end=\"1961\" \/><strong data-start=\"1961\" data-end=\"1973\">Altitude<\/strong>: 1900\u20132200 m<br data-start=\"1986\" data-end=\"1989\" \/><strong data-start=\"1989\" data-end=\"2000\">Species<\/strong>: Arabica<br data-start=\"2009\" data-end=\"2012\" \/><strong data-start=\"2012\" data-end=\"2023\">Variety<\/strong>: Red Bourbon<br data-start=\"2036\" data-end=\"2039\" \/><strong data-start=\"2039\" data-end=\"2050\">Harvest<\/strong>: \u2014<br data-start=\"2053\" data-end=\"2056\" \/><strong data-start=\"2056\" data-end=\"2077\">Harvesting Method<\/strong>: Hand-picked<br data-start=\"2090\" data-end=\"2093\" \/><strong data-start=\"2093\" data-end=\"2104\">Process<\/strong>: Washed<br data-start=\"2112\" data-end=\"2115\" \/><strong data-start=\"2115\" data-end=\"2125\">Drying<\/strong>: African beds<br data-start=\"2139\" data-end=\"2142\" \/>\n<\/p>\n<hr class=\"\" data-start=\"2217\" data-end=\"2220\" \/>\n<h3 class=\"\" data-start=\"2222\" data-end=\"2243\">About this coffee<\/h3>\n<p class=\"\" data-start=\"2245\" data-end=\"2571\">This washed lot is produced by the <strong data-start=\"2280\" data-end=\"2303\">Koakaka Cooperative<\/strong>, founded in 2002 and located near the <strong data-start=\"2342\" data-end=\"2364\">Nyungwe rainforest<\/strong>, a protected area and vital biodiversity hotspot in southern Rwanda. The cooperative counts over <strong data-start=\"2462\" data-end=\"2478\">1300 members<\/strong>, including nearly <strong data-start=\"2497\" data-end=\"2510\">300 women<\/strong>, and operates three washing stations across three districts.<\/p>\n<p class=\"\" data-start=\"2573\" data-end=\"2797\">Cherries are <strong data-start=\"2586\" data-end=\"2601\">hand-picked<\/strong>, <strong data-start=\"2603\" data-end=\"2615\">depulped<\/strong>, and then <strong data-start=\"2626\" data-end=\"2654\">sun-dried on raised beds<\/strong> for about two weeks. Quality is monitored throughout every step \u2014 from cherry sorting to final export \u2014 ensuring consistency and traceability.<\/p>\n<p class=\"\" data-start=\"2799\" data-end=\"3003\">Koakaka is also deeply committed to <strong data-start=\"2835\" data-end=\"2870\">social and environmental impact<\/strong>: from women-focused coffee premiums and free healthcare, to access to clean water, electricity, and interest-free loans for members.<\/p>\n<p class=\"\" data-start=\"3005\" data-end=\"3152\">In the cup, expect a <strong data-start=\"3026\" data-end=\"3060\">clean and approachable profile<\/strong>, with smooth <strong data-start=\"3074\" data-end=\"3092\">milk chocolate<\/strong>, <strong data-start=\"3094\" data-end=\"3119\">brown sugar sweetness<\/strong>, and a light <strong data-start=\"3133\" data-end=\"3151\">cherry acidity<\/strong>.<\/p>\n<p class=\"\" data-start=\"3154\" data-end=\"3238\"><strong data-start=\"3154\" data-end=\"3238\">A transparent, community-driven coffee \u2014 structured, sweet, and full of purpose.<\/strong><\/p>\n","protected":false},"excerpt":{"rendered":"<p><strong data-start=\"2142\" data-end=\"2155\">SCA Score<\/strong>: 86.5<br data-start=\"2161\" data-end=\"2164\" \/><strong data-start=\"2164\" data-end=\"2181\" data-is-only-node=\"\">Tasting Notes<\/strong>: Chocolate, brown sugar, cherry<\/p>\n","protected":false},"featured_media":11854,"template":"","meta":[],"product_brand":[],"product_cat":[139],"product_tag":[],"class_list":{"0":"post-13052","1":"product","2":"type-product","3":"status-publish","4":"has-post-thumbnail","6":"product_cat-coffee","8":"first","9":"instock","10":"taxable","11":"shipping-taxable","12":"purchasable","13":"product-type-variable"},"yoast_head":"<!-- This site is optimized with the Yoast SEO plugin v25.7 - https:\/\/yoast.com\/wordpress\/plugins\/seo\/ -->\n<title>RWANDA Karambi LAVE - La P&#039;tite Cerise<\/title>\n<meta name=\"robots\" content=\"index, follow, max-snippet:-1, max-image-preview:large, max-video-preview:-1\" \/>\n<link rel=\"canonical\" href=\"https:\/\/la-ptite-cerise.be\/en\/produit\/rwanda-karambi-lave\/\" \/>\n<meta property=\"og:locale\" content=\"en_US\" \/>\n<meta property=\"og:type\" content=\"article\" \/>\n<meta property=\"og:title\" content=\"RWANDA Karambi LAVE - La P&#039;tite Cerise\" \/>\n<meta property=\"og:description\" content=\"SCA Score: 86.5Tasting Notes: Chocolate, brown sugar, cherry\" \/>\n<meta property=\"og:url\" content=\"https:\/\/la-ptite-cerise.be\/en\/produit\/rwanda-karambi-lave\/\" \/>\n<meta property=\"og:site_name\" content=\"La P&#039;tite Cerise\" \/>\n<meta property=\"article:publisher\" content=\"https:\/\/www.facebook.com\/laptitecerise\/\" \/>\n<meta property=\"og:image\" content=\"https:\/\/la-ptite-cerise.be\/wp-content\/uploads\/2024\/11\/\u2022Etiquettes-500x500px-Karambilave.png\" \/>\n\t<meta property=\"og:image:width\" content=\"500\" \/>\n\t<meta property=\"og:image:height\" content=\"500\" \/>\n\t<meta property=\"og:image:type\" content=\"image\/png\" \/>\n<meta name=\"twitter:card\" content=\"summary_large_image\" \/>\n<meta name=\"twitter:label1\" content=\"Est. reading time\" \/>\n\t<meta name=\"twitter:data1\" content=\"1 minute\" \/>\n<script type=\"application\/ld+json\" class=\"yoast-schema-graph\">{\"@context\":\"https:\/\/schema.org\",\"@graph\":[{\"@type\":\"WebPage\",\"@id\":\"https:\/\/la-ptite-cerise.be\/en\/produit\/rwanda-karambi-lave\/\",\"url\":\"https:\/\/la-ptite-cerise.be\/en\/produit\/rwanda-karambi-lave\/\",\"name\":\"RWANDA Karambi LAVE - La P&#039;tite Cerise\",\"isPartOf\":{\"@id\":\"https:\/\/la-ptite-cerise.be\/#website\"},\"primaryImageOfPage\":{\"@id\":\"https:\/\/la-ptite-cerise.be\/en\/produit\/rwanda-karambi-lave\/#primaryimage\"},\"image\":{\"@id\":\"https:\/\/la-ptite-cerise.be\/en\/produit\/rwanda-karambi-lave\/#primaryimage\"},\"thumbnailUrl\":\"https:\/\/la-ptite-cerise.be\/wp-content\/uploads\/2024\/11\/\u2022Etiquettes-500x500px-Karambilave.png\",\"datePublished\":\"2024-11-05T08:47:15+00:00\",\"breadcrumb\":{\"@id\":\"https:\/\/la-ptite-cerise.be\/en\/produit\/rwanda-karambi-lave\/#breadcrumb\"},\"inLanguage\":\"en-US\",\"potentialAction\":[{\"@type\":\"ReadAction\",\"target\":[\"https:\/\/la-ptite-cerise.be\/en\/produit\/rwanda-karambi-lave\/\"]}]},{\"@type\":\"ImageObject\",\"inLanguage\":\"en-US\",\"@id\":\"https:\/\/la-ptite-cerise.be\/en\/produit\/rwanda-karambi-lave\/#primaryimage\",\"url\":\"https:\/\/la-ptite-cerise.be\/wp-content\/uploads\/2024\/11\/\u2022Etiquettes-500x500px-Karambilave.png\",\"contentUrl\":\"https:\/\/la-ptite-cerise.be\/wp-content\/uploads\/2024\/11\/\u2022Etiquettes-500x500px-Karambilave.png\",\"width\":500,\"height\":500},{\"@type\":\"BreadcrumbList\",\"@id\":\"https:\/\/la-ptite-cerise.be\/en\/produit\/rwanda-karambi-lave\/#breadcrumb\",\"itemListElement\":[{\"@type\":\"ListItem\",\"position\":1,\"name\":\"Accueil\",\"item\":\"https:\/\/la-ptite-cerise.be\/en\/\"},{\"@type\":\"ListItem\",\"position\":2,\"name\":\"Store\",\"item\":\"https:\/\/la-ptite-cerise.be\/boutique\/\"},{\"@type\":\"ListItem\",\"position\":3,\"name\":\"RWANDA Karambi LAVE\"}]},{\"@type\":\"WebSite\",\"@id\":\"https:\/\/la-ptite-cerise.be\/#website\",\"url\":\"https:\/\/la-ptite-cerise.be\/\",\"name\":\"La P'tite Cerise\",\"description\":\"Artisan torr\u00e9facteur de caf\u00e9 de sp\u00e9cialit\u00e9. S\u00e9lection de th\u00e9s &amp; tisanes.\",\"publisher\":{\"@id\":\"https:\/\/la-ptite-cerise.be\/#organization\"},\"potentialAction\":[{\"@type\":\"SearchAction\",\"target\":{\"@type\":\"EntryPoint\",\"urlTemplate\":\"https:\/\/la-ptite-cerise.be\/?s={search_term_string}\"},\"query-input\":{\"@type\":\"PropertyValueSpecification\",\"valueRequired\":true,\"valueName\":\"search_term_string\"}}],\"inLanguage\":\"en-US\"},{\"@type\":\"Organization\",\"@id\":\"https:\/\/la-ptite-cerise.be\/#organization\",\"name\":\"La P'tite Cerise\",\"url\":\"https:\/\/la-ptite-cerise.be\/\",\"logo\":{\"@type\":\"ImageObject\",\"inLanguage\":\"en-US\",\"@id\":\"https:\/\/la-ptite-cerise.be\/#\/schema\/logo\/image\/\",\"url\":\"https:\/\/la-ptite-cerise.be\/wp-content\/uploads\/2020\/10\/logo-header-01.jpg\",\"contentUrl\":\"https:\/\/la-ptite-cerise.be\/wp-content\/uploads\/2020\/10\/logo-header-01.jpg\",\"width\":176,\"height\":100,\"caption\":\"La P'tite Cerise\"},\"image\":{\"@id\":\"https:\/\/la-ptite-cerise.be\/#\/schema\/logo\/image\/\"},\"sameAs\":[\"https:\/\/www.facebook.com\/laptitecerise\/\",\"https:\/\/www.instagram.com\/la.ptite_cerise\/\"]}]}<\/script>\n<!-- \/ Yoast SEO plugin. -->","yoast_head_json":{"title":"RWANDA Karambi LAVE - La P&#039;tite Cerise","robots":{"index":"index","follow":"follow","max-snippet":"max-snippet:-1","max-image-preview":"max-image-preview:large","max-video-preview":"max-video-preview:-1"},"canonical":"https:\/\/la-ptite-cerise.be\/en\/produit\/rwanda-karambi-lave\/","og_locale":"en_US","og_type":"article","og_title":"RWANDA Karambi LAVE - La P&#039;tite Cerise","og_description":"SCA Score: 86.5Tasting Notes: Chocolate, brown sugar, cherry","og_url":"https:\/\/la-ptite-cerise.be\/en\/produit\/rwanda-karambi-lave\/","og_site_name":"La P&#039;tite Cerise","article_publisher":"https:\/\/www.facebook.com\/laptitecerise\/","og_image":[{"width":500,"height":500,"url":"https:\/\/la-ptite-cerise.be\/wp-content\/uploads\/2024\/11\/\u2022Etiquettes-500x500px-Karambilave.png","type":"image\/png"}],"twitter_card":"summary_large_image","twitter_misc":{"Est. reading time":"1 minute"},"schema":{"@context":"https:\/\/schema.org","@graph":[{"@type":"WebPage","@id":"https:\/\/la-ptite-cerise.be\/en\/produit\/rwanda-karambi-lave\/","url":"https:\/\/la-ptite-cerise.be\/en\/produit\/rwanda-karambi-lave\/","name":"RWANDA Karambi LAVE - La P&#039;tite Cerise","isPartOf":{"@id":"https:\/\/la-ptite-cerise.be\/#website"},"primaryImageOfPage":{"@id":"https:\/\/la-ptite-cerise.be\/en\/produit\/rwanda-karambi-lave\/#primaryimage"},"image":{"@id":"https:\/\/la-ptite-cerise.be\/en\/produit\/rwanda-karambi-lave\/#primaryimage"},"thumbnailUrl":"https:\/\/la-ptite-cerise.be\/wp-content\/uploads\/2024\/11\/\u2022Etiquettes-500x500px-Karambilave.png","datePublished":"2024-11-05T08:47:15+00:00","breadcrumb":{"@id":"https:\/\/la-ptite-cerise.be\/en\/produit\/rwanda-karambi-lave\/#breadcrumb"},"inLanguage":"en-US","potentialAction":[{"@type":"ReadAction","target":["https:\/\/la-ptite-cerise.be\/en\/produit\/rwanda-karambi-lave\/"]}]},{"@type":"ImageObject","inLanguage":"en-US","@id":"https:\/\/la-ptite-cerise.be\/en\/produit\/rwanda-karambi-lave\/#primaryimage","url":"https:\/\/la-ptite-cerise.be\/wp-content\/uploads\/2024\/11\/\u2022Etiquettes-500x500px-Karambilave.png","contentUrl":"https:\/\/la-ptite-cerise.be\/wp-content\/uploads\/2024\/11\/\u2022Etiquettes-500x500px-Karambilave.png","width":500,"height":500},{"@type":"BreadcrumbList","@id":"https:\/\/la-ptite-cerise.be\/en\/produit\/rwanda-karambi-lave\/#breadcrumb","itemListElement":[{"@type":"ListItem","position":1,"name":"Accueil","item":"https:\/\/la-ptite-cerise.be\/en\/"},{"@type":"ListItem","position":2,"name":"Store","item":"https:\/\/la-ptite-cerise.be\/boutique\/"},{"@type":"ListItem","position":3,"name":"RWANDA Karambi LAVE"}]},{"@type":"WebSite","@id":"https:\/\/la-ptite-cerise.be\/#website","url":"https:\/\/la-ptite-cerise.be\/","name":"La P'tite Cerise","description":"Artisan torr\u00e9facteur de caf\u00e9 de sp\u00e9cialit\u00e9. S\u00e9lection de th\u00e9s &amp; tisanes.","publisher":{"@id":"https:\/\/la-ptite-cerise.be\/#organization"},"potentialAction":[{"@type":"SearchAction","target":{"@type":"EntryPoint","urlTemplate":"https:\/\/la-ptite-cerise.be\/?s={search_term_string}"},"query-input":{"@type":"PropertyValueSpecification","valueRequired":true,"valueName":"search_term_string"}}],"inLanguage":"en-US"},{"@type":"Organization","@id":"https:\/\/la-ptite-cerise.be\/#organization","name":"La P'tite Cerise","url":"https:\/\/la-ptite-cerise.be\/","logo":{"@type":"ImageObject","inLanguage":"en-US","@id":"https:\/\/la-ptite-cerise.be\/#\/schema\/logo\/image\/","url":"https:\/\/la-ptite-cerise.be\/wp-content\/uploads\/2020\/10\/logo-header-01.jpg","contentUrl":"https:\/\/la-ptite-cerise.be\/wp-content\/uploads\/2020\/10\/logo-header-01.jpg","width":176,"height":100,"caption":"La P'tite Cerise"},"image":{"@id":"https:\/\/la-ptite-cerise.be\/#\/schema\/logo\/image\/"},"sameAs":["https:\/\/www.facebook.com\/laptitecerise\/","https:\/\/www.instagram.com\/la.ptite_cerise\/"]}]}},"_links":{"self":[{"href":"https:\/\/la-ptite-cerise.be\/en\/wp-json\/wp\/v2\/product\/13052","targetHints":{"allow":["GET"]}}],"collection":[{"href":"https:\/\/la-ptite-cerise.be\/en\/wp-json\/wp\/v2\/product"}],"about":[{"href":"https:\/\/la-ptite-cerise.be\/en\/wp-json\/wp\/v2\/types\/product"}],"wp:featuredmedia":[{"embeddable":true,"href":"https:\/\/la-ptite-cerise.be\/en\/wp-json\/wp\/v2\/media\/11854"}],"wp:attachment":[{"href":"https:\/\/la-ptite-cerise.be\/en\/wp-json\/wp\/v2\/media?parent=13052"}],"wp:term":[{"taxonomy":"product_brand","embeddable":true,"href":"https:\/\/la-ptite-cerise.be\/en\/wp-json\/wp\/v2\/product_brand?post=13052"},{"taxonomy":"product_cat","embeddable":true,"href":"https:\/\/la-ptite-cerise.be\/en\/wp-json\/wp\/v2\/product_cat?post=13052"},{"taxonomy":"product_tag","embeddable":true,"href":"https:\/\/la-ptite-cerise.be\/en\/wp-json\/wp\/v2\/product_tag?post=13052"}],"curies":[{"name":"wp","href":"https:\/\/api.w.org\/{rel}","templated":true}]}}