{"id":13121,"date":"2022-08-03T12:45:09","date_gmt":"2022-08-03T10:45:09","guid":{"rendered":"https:\/\/la-ptite-cerise.be\/produit\/colombie-excelso-decafeine\/"},"modified":"2022-08-03T12:45:09","modified_gmt":"2022-08-03T10:45:09","slug":"colombie-excelso-decafeine","status":"publish","type":"product","link":"https:\/\/la-ptite-cerise.be\/en\/produit\/colombie-excelso-decafeine\/","title":{"rendered":"COLOMBIE Excelso (D\u00e9caf\u00e9in\u00e9)"},"content":{"rendered":"<h3 class=\"\" data-start=\"1688\" data-end=\"1762\">\ud83d\udca7 A smooth and honest Colombian decaf \u2014 naturally sugarcane processed<\/h3>\n<p class=\"\" data-start=\"1764\" data-end=\"2127\"><strong data-start=\"1764\" data-end=\"1772\">Farm<\/strong>: Smallholder members of Caldas Cooperative<br data-start=\"1815\" data-end=\"1818\" \/><strong data-start=\"1818\" data-end=\"1831\">Producers<\/strong>: 3,600+ partner growers<br data-start=\"1855\" data-end=\"1858\" \/><strong data-start=\"1858\" data-end=\"1868\">Region<\/strong>: Caldas, Colombia<br data-start=\"1886\" data-end=\"1889\" \/><strong data-start=\"1889\" data-end=\"1901\">Altitude<\/strong>: 1600\u20131950 m<br data-start=\"1914\" data-end=\"1917\" \/><strong data-start=\"1917\" data-end=\"1928\">Species<\/strong>: Arabica<br data-start=\"1937\" data-end=\"1940\" \/><strong data-start=\"1940\" data-end=\"1951\">Variety<\/strong>: Castillo, Colombia, Caturra<br data-start=\"1980\" data-end=\"1983\" \/><strong data-start=\"1983\" data-end=\"1994\">Process<\/strong>: Washed<br data-start=\"2002\" data-end=\"2005\" \/><strong data-start=\"2005\" data-end=\"2023\">Decaffeination<\/strong>: Sugarcane (ethyl acetate process)<br data-start=\"2058\" data-end=\"2061\" \/><strong data-start=\"2061\" data-end=\"2074\">SCA Score<\/strong>: 81.25<br data-start=\"2081\" data-end=\"2084\" \/><strong data-start=\"2084\" data-end=\"2101\">Tasting Notes<\/strong>: Brown sugar, chocolate<\/p>\n<hr class=\"\" data-start=\"2129\" data-end=\"2132\" \/>\n<h3 class=\"\" data-start=\"2134\" data-end=\"2155\">About this coffee<\/h3>\n<p class=\"\" data-start=\"2157\" data-end=\"2479\">This decaf coffee comes from <strong data-start=\"2186\" data-end=\"2207\">smallholder farms<\/strong> across the <strong data-start=\"2219\" data-end=\"2240\">Caldas department<\/strong>, a historic growing region in Colombia\u2019s <strong data-start=\"2282\" data-end=\"2312\">Eje Cafetero (Coffee Axis)<\/strong>. The coffee is produced by members of the <strong data-start=\"2355\" data-end=\"2377\">Caldas Cooperative<\/strong>, founded in 1960 and now supporting over <strong data-start=\"2419\" data-end=\"2438\">3,600 producers<\/strong>, mostly farming less than five hectares.<\/p>\n<p class=\"\" data-start=\"2481\" data-end=\"2836\">Decaffeination is carried out by <strong data-start=\"2514\" data-end=\"2528\">Descafecol<\/strong>, a Colombian facility using the <strong data-start=\"2561\" data-end=\"2593\">natural sugarcane EA process<\/strong>. In this method, caffeine is removed using <strong data-start=\"2637\" data-end=\"2677\">ethyl acetate derived from sugarcane<\/strong>, along with steam and controlled temperature \u2014 no chemical solvents involved. The process preserves the original flavours while eliminating 99.9% of caffeine.<\/p>\n<p class=\"\" data-start=\"2838\" data-end=\"2987\">Grown between <strong data-start=\"2852\" data-end=\"2876\">1600 and 1950 metres<\/strong>, this washed decaf offers a <strong data-start=\"2905\" data-end=\"2935\">smooth, chocolatey profile<\/strong>, rounded out by a <strong data-start=\"2954\" data-end=\"2986\">gentle brown sugar sweetness<\/strong>.<\/p>\n<p class=\"\" data-start=\"2989\" data-end=\"3078\"><strong data-start=\"2989\" data-end=\"3078\">A clean and comforting cup \u2014 the kind of decaf that lets the origin speak for itself.<\/strong><\/p>\n","protected":false},"excerpt":{"rendered":"<p><strong data-start=\"2061\" data-end=\"2074\">SCA Score<\/strong>: 81.25<br data-start=\"2081\" data-end=\"2084\" \/><strong data-start=\"2084\" data-end=\"2101\">Tasting Notes<\/strong>: Brown sugar, chocolate<\/p>\n","protected":false},"featured_media":11654,"template":"","meta":[],"product_brand":[],"product_cat":[139],"product_tag":[],"class_list":{"0":"post-13121","1":"product","2":"type-product","3":"status-publish","4":"has-post-thumbnail","6":"product_cat-coffee","8":"first","9":"instock","10":"taxable","11":"shipping-taxable","12":"purchasable","13":"product-type-variable"},"yoast_head":"<!-- This site is optimized with the Yoast SEO plugin v25.7 - https:\/\/yoast.com\/wordpress\/plugins\/seo\/ -->\n<title>COLOMBIE Excelso (D\u00e9caf\u00e9in\u00e9) - La P&#039;tite Cerise<\/title>\n<meta name=\"robots\" content=\"index, follow, max-snippet:-1, max-image-preview:large, max-video-preview:-1\" \/>\n<link rel=\"canonical\" href=\"https:\/\/la-ptite-cerise.be\/en\/produit\/colombie-excelso-decafeine\/\" \/>\n<meta property=\"og:locale\" content=\"en_US\" \/>\n<meta property=\"og:type\" content=\"article\" \/>\n<meta property=\"og:title\" content=\"COLOMBIE Excelso (D\u00e9caf\u00e9in\u00e9) - La P&#039;tite Cerise\" \/>\n<meta property=\"og:description\" content=\"SCA Score: 81.25Tasting Notes: Brown sugar, chocolate\" \/>\n<meta property=\"og:url\" content=\"https:\/\/la-ptite-cerise.be\/en\/produit\/colombie-excelso-decafeine\/\" \/>\n<meta property=\"og:site_name\" content=\"La P&#039;tite Cerise\" \/>\n<meta property=\"article:publisher\" content=\"https:\/\/www.facebook.com\/laptitecerise\/\" \/>\n<meta property=\"og:image\" content=\"https:\/\/la-ptite-cerise.be\/wp-content\/uploads\/2022\/08\/1729685762608.png\" \/>\n\t<meta property=\"og:image:width\" content=\"500\" \/>\n\t<meta property=\"og:image:height\" content=\"500\" \/>\n\t<meta property=\"og:image:type\" content=\"image\/png\" \/>\n<meta name=\"twitter:card\" content=\"summary_large_image\" \/>\n<meta name=\"twitter:label1\" content=\"Est. reading time\" \/>\n\t<meta name=\"twitter:data1\" content=\"1 minute\" \/>\n<script type=\"application\/ld+json\" class=\"yoast-schema-graph\">{\"@context\":\"https:\/\/schema.org\",\"@graph\":[{\"@type\":\"WebPage\",\"@id\":\"https:\/\/la-ptite-cerise.be\/en\/produit\/colombie-excelso-decafeine\/\",\"url\":\"https:\/\/la-ptite-cerise.be\/en\/produit\/colombie-excelso-decafeine\/\",\"name\":\"COLOMBIE Excelso (D\u00e9caf\u00e9in\u00e9) - La P&#039;tite Cerise\",\"isPartOf\":{\"@id\":\"https:\/\/la-ptite-cerise.be\/#website\"},\"primaryImageOfPage\":{\"@id\":\"https:\/\/la-ptite-cerise.be\/en\/produit\/colombie-excelso-decafeine\/#primaryimage\"},\"image\":{\"@id\":\"https:\/\/la-ptite-cerise.be\/en\/produit\/colombie-excelso-decafeine\/#primaryimage\"},\"thumbnailUrl\":\"https:\/\/la-ptite-cerise.be\/wp-content\/uploads\/2022\/08\/1729685762608.png\",\"datePublished\":\"2022-08-03T10:45:09+00:00\",\"breadcrumb\":{\"@id\":\"https:\/\/la-ptite-cerise.be\/en\/produit\/colombie-excelso-decafeine\/#breadcrumb\"},\"inLanguage\":\"en-US\",\"potentialAction\":[{\"@type\":\"ReadAction\",\"target\":[\"https:\/\/la-ptite-cerise.be\/en\/produit\/colombie-excelso-decafeine\/\"]}]},{\"@type\":\"ImageObject\",\"inLanguage\":\"en-US\",\"@id\":\"https:\/\/la-ptite-cerise.be\/en\/produit\/colombie-excelso-decafeine\/#primaryimage\",\"url\":\"https:\/\/la-ptite-cerise.be\/wp-content\/uploads\/2022\/08\/1729685762608.png\",\"contentUrl\":\"https:\/\/la-ptite-cerise.be\/wp-content\/uploads\/2022\/08\/1729685762608.png\",\"width\":500,\"height\":500},{\"@type\":\"BreadcrumbList\",\"@id\":\"https:\/\/la-ptite-cerise.be\/en\/produit\/colombie-excelso-decafeine\/#breadcrumb\",\"itemListElement\":[{\"@type\":\"ListItem\",\"position\":1,\"name\":\"Accueil\",\"item\":\"https:\/\/la-ptite-cerise.be\/en\/\"},{\"@type\":\"ListItem\",\"position\":2,\"name\":\"Store\",\"item\":\"https:\/\/la-ptite-cerise.be\/boutique\/\"},{\"@type\":\"ListItem\",\"position\":3,\"name\":\"COLOMBIE Excelso (D\u00e9caf\u00e9in\u00e9)\"}]},{\"@type\":\"WebSite\",\"@id\":\"https:\/\/la-ptite-cerise.be\/#website\",\"url\":\"https:\/\/la-ptite-cerise.be\/\",\"name\":\"La P'tite Cerise\",\"description\":\"Artisan torr\u00e9facteur de caf\u00e9 de sp\u00e9cialit\u00e9. S\u00e9lection de th\u00e9s &amp; tisanes.\",\"publisher\":{\"@id\":\"https:\/\/la-ptite-cerise.be\/#organization\"},\"potentialAction\":[{\"@type\":\"SearchAction\",\"target\":{\"@type\":\"EntryPoint\",\"urlTemplate\":\"https:\/\/la-ptite-cerise.be\/?s={search_term_string}\"},\"query-input\":{\"@type\":\"PropertyValueSpecification\",\"valueRequired\":true,\"valueName\":\"search_term_string\"}}],\"inLanguage\":\"en-US\"},{\"@type\":\"Organization\",\"@id\":\"https:\/\/la-ptite-cerise.be\/#organization\",\"name\":\"La P'tite Cerise\",\"url\":\"https:\/\/la-ptite-cerise.be\/\",\"logo\":{\"@type\":\"ImageObject\",\"inLanguage\":\"en-US\",\"@id\":\"https:\/\/la-ptite-cerise.be\/#\/schema\/logo\/image\/\",\"url\":\"https:\/\/la-ptite-cerise.be\/wp-content\/uploads\/2020\/10\/logo-header-01.jpg\",\"contentUrl\":\"https:\/\/la-ptite-cerise.be\/wp-content\/uploads\/2020\/10\/logo-header-01.jpg\",\"width\":176,\"height\":100,\"caption\":\"La P'tite Cerise\"},\"image\":{\"@id\":\"https:\/\/la-ptite-cerise.be\/#\/schema\/logo\/image\/\"},\"sameAs\":[\"https:\/\/www.facebook.com\/laptitecerise\/\",\"https:\/\/www.instagram.com\/la.ptite_cerise\/\"]}]}<\/script>\n<!-- \/ Yoast SEO plugin. -->","yoast_head_json":{"title":"COLOMBIE Excelso (D\u00e9caf\u00e9in\u00e9) - La P&#039;tite Cerise","robots":{"index":"index","follow":"follow","max-snippet":"max-snippet:-1","max-image-preview":"max-image-preview:large","max-video-preview":"max-video-preview:-1"},"canonical":"https:\/\/la-ptite-cerise.be\/en\/produit\/colombie-excelso-decafeine\/","og_locale":"en_US","og_type":"article","og_title":"COLOMBIE Excelso (D\u00e9caf\u00e9in\u00e9) - La P&#039;tite Cerise","og_description":"SCA Score: 81.25Tasting Notes: Brown sugar, chocolate","og_url":"https:\/\/la-ptite-cerise.be\/en\/produit\/colombie-excelso-decafeine\/","og_site_name":"La P&#039;tite Cerise","article_publisher":"https:\/\/www.facebook.com\/laptitecerise\/","og_image":[{"width":500,"height":500,"url":"https:\/\/la-ptite-cerise.be\/wp-content\/uploads\/2022\/08\/1729685762608.png","type":"image\/png"}],"twitter_card":"summary_large_image","twitter_misc":{"Est. reading time":"1 minute"},"schema":{"@context":"https:\/\/schema.org","@graph":[{"@type":"WebPage","@id":"https:\/\/la-ptite-cerise.be\/en\/produit\/colombie-excelso-decafeine\/","url":"https:\/\/la-ptite-cerise.be\/en\/produit\/colombie-excelso-decafeine\/","name":"COLOMBIE Excelso (D\u00e9caf\u00e9in\u00e9) - La P&#039;tite Cerise","isPartOf":{"@id":"https:\/\/la-ptite-cerise.be\/#website"},"primaryImageOfPage":{"@id":"https:\/\/la-ptite-cerise.be\/en\/produit\/colombie-excelso-decafeine\/#primaryimage"},"image":{"@id":"https:\/\/la-ptite-cerise.be\/en\/produit\/colombie-excelso-decafeine\/#primaryimage"},"thumbnailUrl":"https:\/\/la-ptite-cerise.be\/wp-content\/uploads\/2022\/08\/1729685762608.png","datePublished":"2022-08-03T10:45:09+00:00","breadcrumb":{"@id":"https:\/\/la-ptite-cerise.be\/en\/produit\/colombie-excelso-decafeine\/#breadcrumb"},"inLanguage":"en-US","potentialAction":[{"@type":"ReadAction","target":["https:\/\/la-ptite-cerise.be\/en\/produit\/colombie-excelso-decafeine\/"]}]},{"@type":"ImageObject","inLanguage":"en-US","@id":"https:\/\/la-ptite-cerise.be\/en\/produit\/colombie-excelso-decafeine\/#primaryimage","url":"https:\/\/la-ptite-cerise.be\/wp-content\/uploads\/2022\/08\/1729685762608.png","contentUrl":"https:\/\/la-ptite-cerise.be\/wp-content\/uploads\/2022\/08\/1729685762608.png","width":500,"height":500},{"@type":"BreadcrumbList","@id":"https:\/\/la-ptite-cerise.be\/en\/produit\/colombie-excelso-decafeine\/#breadcrumb","itemListElement":[{"@type":"ListItem","position":1,"name":"Accueil","item":"https:\/\/la-ptite-cerise.be\/en\/"},{"@type":"ListItem","position":2,"name":"Store","item":"https:\/\/la-ptite-cerise.be\/boutique\/"},{"@type":"ListItem","position":3,"name":"COLOMBIE Excelso (D\u00e9caf\u00e9in\u00e9)"}]},{"@type":"WebSite","@id":"https:\/\/la-ptite-cerise.be\/#website","url":"https:\/\/la-ptite-cerise.be\/","name":"La P'tite Cerise","description":"Artisan torr\u00e9facteur de caf\u00e9 de sp\u00e9cialit\u00e9. S\u00e9lection de th\u00e9s &amp; tisanes.","publisher":{"@id":"https:\/\/la-ptite-cerise.be\/#organization"},"potentialAction":[{"@type":"SearchAction","target":{"@type":"EntryPoint","urlTemplate":"https:\/\/la-ptite-cerise.be\/?s={search_term_string}"},"query-input":{"@type":"PropertyValueSpecification","valueRequired":true,"valueName":"search_term_string"}}],"inLanguage":"en-US"},{"@type":"Organization","@id":"https:\/\/la-ptite-cerise.be\/#organization","name":"La P'tite Cerise","url":"https:\/\/la-ptite-cerise.be\/","logo":{"@type":"ImageObject","inLanguage":"en-US","@id":"https:\/\/la-ptite-cerise.be\/#\/schema\/logo\/image\/","url":"https:\/\/la-ptite-cerise.be\/wp-content\/uploads\/2020\/10\/logo-header-01.jpg","contentUrl":"https:\/\/la-ptite-cerise.be\/wp-content\/uploads\/2020\/10\/logo-header-01.jpg","width":176,"height":100,"caption":"La P'tite Cerise"},"image":{"@id":"https:\/\/la-ptite-cerise.be\/#\/schema\/logo\/image\/"},"sameAs":["https:\/\/www.facebook.com\/laptitecerise\/","https:\/\/www.instagram.com\/la.ptite_cerise\/"]}]}},"_links":{"self":[{"href":"https:\/\/la-ptite-cerise.be\/en\/wp-json\/wp\/v2\/product\/13121","targetHints":{"allow":["GET"]}}],"collection":[{"href":"https:\/\/la-ptite-cerise.be\/en\/wp-json\/wp\/v2\/product"}],"about":[{"href":"https:\/\/la-ptite-cerise.be\/en\/wp-json\/wp\/v2\/types\/product"}],"wp:featuredmedia":[{"embeddable":true,"href":"https:\/\/la-ptite-cerise.be\/en\/wp-json\/wp\/v2\/media\/11654"}],"wp:attachment":[{"href":"https:\/\/la-ptite-cerise.be\/en\/wp-json\/wp\/v2\/media?parent=13121"}],"wp:term":[{"taxonomy":"product_brand","embeddable":true,"href":"https:\/\/la-ptite-cerise.be\/en\/wp-json\/wp\/v2\/product_brand?post=13121"},{"taxonomy":"product_cat","embeddable":true,"href":"https:\/\/la-ptite-cerise.be\/en\/wp-json\/wp\/v2\/product_cat?post=13121"},{"taxonomy":"product_tag","embeddable":true,"href":"https:\/\/la-ptite-cerise.be\/en\/wp-json\/wp\/v2\/product_tag?post=13121"}],"curies":[{"name":"wp","href":"https:\/\/api.w.org\/{rel}","templated":true}]}}