{"id":13188,"date":"2022-02-25T13:19:49","date_gmt":"2022-02-25T12:19:49","guid":{"rendered":"https:\/\/la-ptite-cerise.be\/produit\/myanmar-blue-lake-nature\/"},"modified":"2025-06-19T13:05:00","modified_gmt":"2025-06-19T11:05:00","slug":"myanmar-blue-lake-nature","status":"publish","type":"product","link":"https:\/\/la-ptite-cerise.be\/en\/produit\/myanmar-blue-lake-nature\/","title":{"rendered":"MYANMAR Blue lake NATURE"},"content":{"rendered":"<h3 class=\"\" data-start=\"1839\" data-end=\"1906\">\ud83d\udc8e A floral and exotic natural from Myanmar \u2014 vibrant and sweet<\/h3>\n<p class=\"\" data-start=\"1908\" data-end=\"2290\"><strong data-start=\"1908\" data-end=\"1916\">Farm<\/strong>: Pha Yar Gyi Kone<br data-start=\"1934\" data-end=\"1937\" \/><strong data-start=\"1937\" data-end=\"1949\">Producer<\/strong>: War War Htwe<br data-start=\"1963\" data-end=\"1966\" \/><strong data-start=\"1966\" data-end=\"1976\">Region<\/strong>: Ywangan, Shan State, Myanmar<br data-start=\"2006\" data-end=\"2009\" \/><strong data-start=\"2009\" data-end=\"2021\">Altitude<\/strong>: 1323 m<br data-start=\"2029\" data-end=\"2032\" \/><strong data-start=\"2032\" data-end=\"2043\">Species<\/strong>: Arabica<br data-start=\"2052\" data-end=\"2055\" \/><strong data-start=\"2055\" data-end=\"2066\">Variety<\/strong>: Red Catua\u00ef<br data-start=\"2078\" data-end=\"2081\" \/><strong data-start=\"2081\" data-end=\"2092\">Harvest<\/strong>: January to March<br data-start=\"2110\" data-end=\"2113\" \/><strong data-start=\"2113\" data-end=\"2134\">Harvesting Method<\/strong>: Hand-picked<br data-start=\"2147\" data-end=\"2150\" \/><strong data-start=\"2150\" data-end=\"2161\">Process<\/strong>: Natural<br data-start=\"2170\" data-end=\"2173\" \/><strong data-start=\"2173\" data-end=\"2183\">Drying<\/strong>: African beds<br data-start=\"2197\" data-end=\"2200\" \/>\n<\/p>\n<hr class=\"\" data-start=\"2292\" data-end=\"2295\" \/>\n<h3 class=\"\" data-start=\"2297\" data-end=\"2318\">About this coffee<\/h3>\n<p class=\"\" data-start=\"2320\" data-end=\"2656\">Grown in the remote region of <strong data-start=\"2350\" data-end=\"2361\">Ywangan<\/strong>, in Myanmar\u2019s eastern <strong data-start=\"2384\" data-end=\"2398\">Shan State<\/strong>, this coffee is produced by the <strong data-start=\"2431\" data-end=\"2461\">Pha Yar Gyi Kone community<\/strong>, home to around 150 farming families, mostly from the <strong data-start=\"2516\" data-end=\"2537\">Danu ethnic group<\/strong>. Each household cultivates around <strong data-start=\"2572\" data-end=\"2585\">1.6 acres<\/strong>, delivering cherries by hand to be <strong data-start=\"2621\" data-end=\"2655\">naturally dried on raised beds<\/strong>.<\/p>\n<p class=\"\" data-start=\"2658\" data-end=\"2817\">The quality is overseen by <strong data-start=\"2685\" data-end=\"2701\">War War Htwe<\/strong>, both a producer and the community\u2019s designated quality lead \u2014 ensuring consistency throughout post-harvest stages.<\/p>\n<p class=\"\" data-start=\"2819\" data-end=\"3078\">Ywangan holds <strong data-start=\"2833\" data-end=\"2866\">protected geographical status<\/strong>, and is known for its bright, floral cup profiles. The coffee is also named in honour of the nearby <strong data-start=\"2967\" data-end=\"2980\">Blue Lake<\/strong>, a pristine, emerald-hued body of water deep in the Myanmar jungle \u2014 a symbol of purity and calm.<\/p>\n<p class=\"\" data-start=\"3080\" data-end=\"3224\">This lot offers <strong data-start=\"3096\" data-end=\"3114\">floral clarity<\/strong>, <strong data-start=\"3116\" data-end=\"3137\">jasmine aromatics<\/strong>, and lush <strong data-start=\"3148\" data-end=\"3186\">notes of lychee and tropical fruit<\/strong>, balanced by a natural <strong data-start=\"3210\" data-end=\"3223\">sweetness<\/strong>.<\/p>\n<p class=\"\" data-start=\"3226\" data-end=\"3293\"><strong data-start=\"3226\" data-end=\"3293\">An elegant, expressive coffee \u2014 a rare gem from Southeast Asia.<\/strong><\/p>\n","protected":false},"excerpt":{"rendered":"<h4>(44\u20ac\/kg)<\/h4>\n<p><strong data-start=\"2200\" data-end=\"2213\">SCA Score<\/strong>: 84.5<br data-start=\"2219\" data-end=\"2222\" \/><strong data-start=\"2222\" data-end=\"2239\" data-is-only-node=\"\">Tasting Notes<\/strong>: Floral, jasmine, tropical fruits, lychee, sweet<\/p>\n","protected":false},"featured_media":11626,"template":"","meta":[],"product_brand":[],"product_cat":[139],"product_tag":[],"class_list":{"0":"post-13188","1":"product","2":"type-product","3":"status-publish","4":"has-post-thumbnail","6":"product_cat-coffee","8":"first","9":"outofstock","10":"taxable","11":"shipping-taxable","12":"purchasable","13":"product-type-variable"},"yoast_head":"<!-- This site is optimized with the Yoast SEO plugin v25.7 - https:\/\/yoast.com\/wordpress\/plugins\/seo\/ -->\n<title>MYANMAR Blue lake NATURE - La P&#039;tite Cerise<\/title>\n<meta name=\"robots\" content=\"index, follow, max-snippet:-1, max-image-preview:large, max-video-preview:-1\" \/>\n<link rel=\"canonical\" href=\"https:\/\/la-ptite-cerise.be\/produit\/myanmar-blue-lake\/\" \/>\n<meta property=\"og:locale\" content=\"en_US\" \/>\n<meta property=\"og:type\" content=\"article\" \/>\n<meta property=\"og:title\" content=\"MYANMAR Blue lake NATURE - La P&#039;tite Cerise\" \/>\n<meta property=\"og:description\" content=\"(44\u20ac\/kg) SCA Score: 84.5Tasting Notes: Floral, jasmine, tropical fruits, lychee, sweet\" \/>\n<meta property=\"og:url\" content=\"https:\/\/la-ptite-cerise.be\/produit\/myanmar-blue-lake\/\" \/>\n<meta property=\"og:site_name\" content=\"La P&#039;tite Cerise\" \/>\n<meta property=\"article:publisher\" content=\"https:\/\/www.facebook.com\/laptitecerise\/\" \/>\n<meta property=\"article:modified_time\" content=\"2025-06-19T11:05:00+00:00\" \/>\n<meta property=\"og:image\" content=\"https:\/\/la-ptite-cerise.be\/wp-content\/uploads\/2022\/02\/E\u2560utiquettes-500x500px-Blue-Lake.png\" \/>\n\t<meta property=\"og:image:width\" content=\"500\" \/>\n\t<meta property=\"og:image:height\" content=\"500\" \/>\n\t<meta property=\"og:image:type\" content=\"image\/png\" \/>\n<meta name=\"twitter:card\" content=\"summary_large_image\" \/>\n<meta name=\"twitter:label1\" content=\"Est. reading time\" \/>\n\t<meta name=\"twitter:data1\" content=\"1 minute\" \/>\n<script type=\"application\/ld+json\" class=\"yoast-schema-graph\">{\"@context\":\"https:\/\/schema.org\",\"@graph\":[{\"@type\":\"WebPage\",\"@id\":\"https:\/\/la-ptite-cerise.be\/produit\/myanmar-blue-lake\/\",\"url\":\"https:\/\/la-ptite-cerise.be\/produit\/myanmar-blue-lake\/\",\"name\":\"MYANMAR Blue lake NATURE - La P&#039;tite Cerise\",\"isPartOf\":{\"@id\":\"https:\/\/la-ptite-cerise.be\/#website\"},\"primaryImageOfPage\":{\"@id\":\"https:\/\/la-ptite-cerise.be\/produit\/myanmar-blue-lake\/#primaryimage\"},\"image\":{\"@id\":\"https:\/\/la-ptite-cerise.be\/produit\/myanmar-blue-lake\/#primaryimage\"},\"thumbnailUrl\":\"https:\/\/la-ptite-cerise.be\/wp-content\/uploads\/2022\/02\/E\u2560utiquettes-500x500px-Blue-Lake.png\",\"datePublished\":\"2022-02-25T12:19:49+00:00\",\"dateModified\":\"2025-06-19T11:05:00+00:00\",\"breadcrumb\":{\"@id\":\"https:\/\/la-ptite-cerise.be\/produit\/myanmar-blue-lake\/#breadcrumb\"},\"inLanguage\":\"en-US\",\"potentialAction\":[{\"@type\":\"ReadAction\",\"target\":[\"https:\/\/la-ptite-cerise.be\/produit\/myanmar-blue-lake\/\"]}]},{\"@type\":\"ImageObject\",\"inLanguage\":\"en-US\",\"@id\":\"https:\/\/la-ptite-cerise.be\/produit\/myanmar-blue-lake\/#primaryimage\",\"url\":\"https:\/\/la-ptite-cerise.be\/wp-content\/uploads\/2022\/02\/E\u2560utiquettes-500x500px-Blue-Lake.png\",\"contentUrl\":\"https:\/\/la-ptite-cerise.be\/wp-content\/uploads\/2022\/02\/E\u2560utiquettes-500x500px-Blue-Lake.png\",\"width\":500,\"height\":500},{\"@type\":\"BreadcrumbList\",\"@id\":\"https:\/\/la-ptite-cerise.be\/produit\/myanmar-blue-lake\/#breadcrumb\",\"itemListElement\":[{\"@type\":\"ListItem\",\"position\":1,\"name\":\"Accueil\",\"item\":\"https:\/\/la-ptite-cerise.be\/en\/\"},{\"@type\":\"ListItem\",\"position\":2,\"name\":\"Store\",\"item\":\"https:\/\/la-ptite-cerise.be\/boutique\/\"},{\"@type\":\"ListItem\",\"position\":3,\"name\":\"MYANMAR Blue lake NATURE\"}]},{\"@type\":\"WebSite\",\"@id\":\"https:\/\/la-ptite-cerise.be\/#website\",\"url\":\"https:\/\/la-ptite-cerise.be\/\",\"name\":\"La P'tite Cerise\",\"description\":\"Artisan torr\u00e9facteur de caf\u00e9 de sp\u00e9cialit\u00e9. S\u00e9lection de th\u00e9s &amp; tisanes.\",\"publisher\":{\"@id\":\"https:\/\/la-ptite-cerise.be\/#organization\"},\"potentialAction\":[{\"@type\":\"SearchAction\",\"target\":{\"@type\":\"EntryPoint\",\"urlTemplate\":\"https:\/\/la-ptite-cerise.be\/?s={search_term_string}\"},\"query-input\":{\"@type\":\"PropertyValueSpecification\",\"valueRequired\":true,\"valueName\":\"search_term_string\"}}],\"inLanguage\":\"en-US\"},{\"@type\":\"Organization\",\"@id\":\"https:\/\/la-ptite-cerise.be\/#organization\",\"name\":\"La P'tite Cerise\",\"url\":\"https:\/\/la-ptite-cerise.be\/\",\"logo\":{\"@type\":\"ImageObject\",\"inLanguage\":\"en-US\",\"@id\":\"https:\/\/la-ptite-cerise.be\/#\/schema\/logo\/image\/\",\"url\":\"https:\/\/la-ptite-cerise.be\/wp-content\/uploads\/2020\/10\/logo-header-01.jpg\",\"contentUrl\":\"https:\/\/la-ptite-cerise.be\/wp-content\/uploads\/2020\/10\/logo-header-01.jpg\",\"width\":176,\"height\":100,\"caption\":\"La P'tite Cerise\"},\"image\":{\"@id\":\"https:\/\/la-ptite-cerise.be\/#\/schema\/logo\/image\/\"},\"sameAs\":[\"https:\/\/www.facebook.com\/laptitecerise\/\",\"https:\/\/www.instagram.com\/la.ptite_cerise\/\"]}]}<\/script>\n<!-- \/ Yoast SEO plugin. -->","yoast_head_json":{"title":"MYANMAR Blue lake NATURE - La P&#039;tite Cerise","robots":{"index":"index","follow":"follow","max-snippet":"max-snippet:-1","max-image-preview":"max-image-preview:large","max-video-preview":"max-video-preview:-1"},"canonical":"https:\/\/la-ptite-cerise.be\/produit\/myanmar-blue-lake\/","og_locale":"en_US","og_type":"article","og_title":"MYANMAR Blue lake NATURE - La P&#039;tite Cerise","og_description":"(44\u20ac\/kg) SCA Score: 84.5Tasting Notes: Floral, jasmine, tropical fruits, lychee, sweet","og_url":"https:\/\/la-ptite-cerise.be\/produit\/myanmar-blue-lake\/","og_site_name":"La P&#039;tite Cerise","article_publisher":"https:\/\/www.facebook.com\/laptitecerise\/","article_modified_time":"2025-06-19T11:05:00+00:00","og_image":[{"width":500,"height":500,"url":"https:\/\/la-ptite-cerise.be\/wp-content\/uploads\/2022\/02\/E\u2560utiquettes-500x500px-Blue-Lake.png","type":"image\/png"}],"twitter_card":"summary_large_image","twitter_misc":{"Est. reading time":"1 minute"},"schema":{"@context":"https:\/\/schema.org","@graph":[{"@type":"WebPage","@id":"https:\/\/la-ptite-cerise.be\/produit\/myanmar-blue-lake\/","url":"https:\/\/la-ptite-cerise.be\/produit\/myanmar-blue-lake\/","name":"MYANMAR Blue lake NATURE - La P&#039;tite Cerise","isPartOf":{"@id":"https:\/\/la-ptite-cerise.be\/#website"},"primaryImageOfPage":{"@id":"https:\/\/la-ptite-cerise.be\/produit\/myanmar-blue-lake\/#primaryimage"},"image":{"@id":"https:\/\/la-ptite-cerise.be\/produit\/myanmar-blue-lake\/#primaryimage"},"thumbnailUrl":"https:\/\/la-ptite-cerise.be\/wp-content\/uploads\/2022\/02\/E\u2560utiquettes-500x500px-Blue-Lake.png","datePublished":"2022-02-25T12:19:49+00:00","dateModified":"2025-06-19T11:05:00+00:00","breadcrumb":{"@id":"https:\/\/la-ptite-cerise.be\/produit\/myanmar-blue-lake\/#breadcrumb"},"inLanguage":"en-US","potentialAction":[{"@type":"ReadAction","target":["https:\/\/la-ptite-cerise.be\/produit\/myanmar-blue-lake\/"]}]},{"@type":"ImageObject","inLanguage":"en-US","@id":"https:\/\/la-ptite-cerise.be\/produit\/myanmar-blue-lake\/#primaryimage","url":"https:\/\/la-ptite-cerise.be\/wp-content\/uploads\/2022\/02\/E\u2560utiquettes-500x500px-Blue-Lake.png","contentUrl":"https:\/\/la-ptite-cerise.be\/wp-content\/uploads\/2022\/02\/E\u2560utiquettes-500x500px-Blue-Lake.png","width":500,"height":500},{"@type":"BreadcrumbList","@id":"https:\/\/la-ptite-cerise.be\/produit\/myanmar-blue-lake\/#breadcrumb","itemListElement":[{"@type":"ListItem","position":1,"name":"Accueil","item":"https:\/\/la-ptite-cerise.be\/en\/"},{"@type":"ListItem","position":2,"name":"Store","item":"https:\/\/la-ptite-cerise.be\/boutique\/"},{"@type":"ListItem","position":3,"name":"MYANMAR Blue lake NATURE"}]},{"@type":"WebSite","@id":"https:\/\/la-ptite-cerise.be\/#website","url":"https:\/\/la-ptite-cerise.be\/","name":"La P'tite Cerise","description":"Artisan torr\u00e9facteur de caf\u00e9 de sp\u00e9cialit\u00e9. S\u00e9lection de th\u00e9s &amp; tisanes.","publisher":{"@id":"https:\/\/la-ptite-cerise.be\/#organization"},"potentialAction":[{"@type":"SearchAction","target":{"@type":"EntryPoint","urlTemplate":"https:\/\/la-ptite-cerise.be\/?s={search_term_string}"},"query-input":{"@type":"PropertyValueSpecification","valueRequired":true,"valueName":"search_term_string"}}],"inLanguage":"en-US"},{"@type":"Organization","@id":"https:\/\/la-ptite-cerise.be\/#organization","name":"La P'tite Cerise","url":"https:\/\/la-ptite-cerise.be\/","logo":{"@type":"ImageObject","inLanguage":"en-US","@id":"https:\/\/la-ptite-cerise.be\/#\/schema\/logo\/image\/","url":"https:\/\/la-ptite-cerise.be\/wp-content\/uploads\/2020\/10\/logo-header-01.jpg","contentUrl":"https:\/\/la-ptite-cerise.be\/wp-content\/uploads\/2020\/10\/logo-header-01.jpg","width":176,"height":100,"caption":"La P'tite Cerise"},"image":{"@id":"https:\/\/la-ptite-cerise.be\/#\/schema\/logo\/image\/"},"sameAs":["https:\/\/www.facebook.com\/laptitecerise\/","https:\/\/www.instagram.com\/la.ptite_cerise\/"]}]}},"_links":{"self":[{"href":"https:\/\/la-ptite-cerise.be\/en\/wp-json\/wp\/v2\/product\/13188","targetHints":{"allow":["GET"]}}],"collection":[{"href":"https:\/\/la-ptite-cerise.be\/en\/wp-json\/wp\/v2\/product"}],"about":[{"href":"https:\/\/la-ptite-cerise.be\/en\/wp-json\/wp\/v2\/types\/product"}],"wp:featuredmedia":[{"embeddable":true,"href":"https:\/\/la-ptite-cerise.be\/en\/wp-json\/wp\/v2\/media\/11626"}],"wp:attachment":[{"href":"https:\/\/la-ptite-cerise.be\/en\/wp-json\/wp\/v2\/media?parent=13188"}],"wp:term":[{"taxonomy":"product_brand","embeddable":true,"href":"https:\/\/la-ptite-cerise.be\/en\/wp-json\/wp\/v2\/product_brand?post=13188"},{"taxonomy":"product_cat","embeddable":true,"href":"https:\/\/la-ptite-cerise.be\/en\/wp-json\/wp\/v2\/product_cat?post=13188"},{"taxonomy":"product_tag","embeddable":true,"href":"https:\/\/la-ptite-cerise.be\/en\/wp-json\/wp\/v2\/product_tag?post=13188"}],"curies":[{"name":"wp","href":"https:\/\/api.w.org\/{rel}","templated":true}]}}