{"id":13221,"date":"2021-12-28T14:43:24","date_gmt":"2021-12-28T13:43:24","guid":{"rendered":"https:\/\/la-ptite-cerise.be\/produit\/indonesie-java-makassar-lave\/"},"modified":"2025-06-19T13:05:36","modified_gmt":"2025-06-19T11:05:36","slug":"indonesie-java-makassar-lave","status":"publish","type":"product","link":"https:\/\/la-ptite-cerise.be\/en\/produit\/indonesie-java-makassar-lave\/","title":{"rendered":"INDONESIE Java Makassar LAVE"},"content":{"rendered":"<h3 class=\"\" data-start=\"1707\" data-end=\"1771\">\ud83c\udf3f A classic Indonesian cup \u2014 deep, spicy and softly fruited<\/h3>\n<p class=\"\" data-start=\"1773\" data-end=\"2198\"><strong data-start=\"1773\" data-end=\"1781\">Farm<\/strong>: Smallholder farms near Kalossi<br data-start=\"1813\" data-end=\"1816\" \/><strong data-start=\"1816\" data-end=\"1829\">Producers<\/strong>: Growers from the Toraja highlands<br data-start=\"1864\" data-end=\"1867\" \/><strong data-start=\"1867\" data-end=\"1877\">Region<\/strong>: Sulawesi (formerly Celebes), Indonesia<br data-start=\"1917\" data-end=\"1920\" \/><strong data-start=\"1920\" data-end=\"1932\">Altitude<\/strong>: 800\u20131350 m<br data-start=\"1944\" data-end=\"1947\" \/><strong data-start=\"1947\" data-end=\"1958\">Species<\/strong>: Arabica<br data-start=\"1967\" data-end=\"1970\" \/><strong data-start=\"1970\" data-end=\"1981\">Variety<\/strong>: Typica<br data-start=\"1989\" data-end=\"1992\" \/><strong data-start=\"1992\" data-end=\"2003\">Harvest<\/strong>: May to November<br data-start=\"2020\" data-end=\"2023\" \/><strong data-start=\"2023\" data-end=\"2044\">Harvesting Method<\/strong>: Hand-picked<br data-start=\"2057\" data-end=\"2060\" \/><strong data-start=\"2060\" data-end=\"2071\">Process<\/strong>: Semi-washed (wet-hulled)<br data-start=\"2097\" data-end=\"2100\" \/><strong data-start=\"2100\" data-end=\"2110\">Drying<\/strong>: Patio<br data-start=\"2117\" data-end=\"2120\" \/>\n<\/p>\n<hr class=\"\" data-start=\"2200\" data-end=\"2203\" \/>\n<h3 class=\"\" data-start=\"2205\" data-end=\"2226\">About this coffee<\/h3>\n<p class=\"\" data-start=\"2228\" data-end=\"2540\">Grown in the <strong data-start=\"2241\" data-end=\"2261\">Toraja highlands<\/strong> of central <strong data-start=\"2273\" data-end=\"2285\">Sulawesi<\/strong>, this coffee is collected in and around <strong data-start=\"2326\" data-end=\"2337\">Kalossi<\/strong>, a well-known hub for coffee from the region. Formerly known as <strong data-start=\"2402\" data-end=\"2413\">Celebes<\/strong>, Sulawesi is a stunning volcanic island with rich soil, high peaks and lush, tropical rainfall \u2014 ideal for coffee cultivation.<\/p>\n<p class=\"\" data-start=\"2542\" data-end=\"2753\">This lot comes from traditional <strong data-start=\"2574\" data-end=\"2592\">Typica arabica<\/strong> trees, hand-picked and processed using the local <strong data-start=\"2642\" data-end=\"2670\">wet-hulled (semi-washed)<\/strong> method, which gives many Indonesian coffees their distinctive flavour and texture.<\/p>\n<p class=\"\" data-start=\"2755\" data-end=\"2889\">Expect a <strong data-start=\"2764\" data-end=\"2786\">gentle, earthy cup<\/strong>, with <strong data-start=\"2793\" data-end=\"2818\">dried fruit sweetness<\/strong>, <strong data-start=\"2820\" data-end=\"2836\">subtle spice<\/strong>, and bright <strong data-start=\"2849\" data-end=\"2870\">red fruit acidity<\/strong> in the background.<\/p>\n<p class=\"\" data-start=\"2891\" data-end=\"2969\"><strong data-start=\"2891\" data-end=\"2969\">A comforting, traditional Indonesian \u2014 layered, rustic, and full of charm.<\/strong><\/p>\n","protected":false},"excerpt":{"rendered":"<h4 dir=\"ltr\" data-placeholder=\"Traduction\" aria-label=\"Texte traduit\" data-ved=\"2ahUKEwjV1-O8qZ6GAxXZf6QEHZBkAZoQ3ewLegQIBRAU\">(42\u20ac\/kg)<\/h4>\n<p><strong data-start=\"2120\" data-end=\"2133\" data-is-only-node=\"\">SCA Score<\/strong>: 83<br data-start=\"2137\" data-end=\"2140\" \/><strong data-start=\"2140\" data-end=\"2157\">Tasting Notes<\/strong>: Dried fruits, soft spices, red fruits<\/p>\n","protected":false},"featured_media":11628,"template":"","meta":[],"product_brand":[],"product_cat":[139],"product_tag":[],"class_list":{"0":"post-13221","1":"product","2":"type-product","3":"status-publish","4":"has-post-thumbnail","6":"product_cat-coffee","8":"first","9":"outofstock","10":"taxable","11":"shipping-taxable","12":"purchasable","13":"product-type-variable"},"yoast_head":"<!-- This site is optimized with the Yoast SEO plugin v25.7 - https:\/\/yoast.com\/wordpress\/plugins\/seo\/ -->\n<title>INDONESIE Java Makassar LAVE - La P&#039;tite Cerise<\/title>\n<meta name=\"robots\" content=\"index, follow, max-snippet:-1, max-image-preview:large, max-video-preview:-1\" \/>\n<link rel=\"canonical\" href=\"https:\/\/la-ptite-cerise.be\/produit\/indonesie-sulawesi-kalossi-lave\/\" \/>\n<meta property=\"og:locale\" content=\"en_US\" \/>\n<meta property=\"og:type\" content=\"article\" \/>\n<meta property=\"og:title\" content=\"INDONESIE Java Makassar LAVE - La P&#039;tite Cerise\" \/>\n<meta property=\"og:description\" content=\"(42\u20ac\/kg) SCA Score: 83Tasting Notes: Dried fruits, soft spices, red fruits\" \/>\n<meta property=\"og:url\" content=\"https:\/\/la-ptite-cerise.be\/produit\/indonesie-sulawesi-kalossi-lave\/\" \/>\n<meta property=\"og:site_name\" content=\"La P&#039;tite Cerise\" \/>\n<meta property=\"article:publisher\" content=\"https:\/\/www.facebook.com\/laptitecerise\/\" \/>\n<meta property=\"article:modified_time\" content=\"2025-06-19T11:05:36+00:00\" \/>\n<meta property=\"og:image\" content=\"https:\/\/la-ptite-cerise.be\/wp-content\/uploads\/2021\/12\/E\u2560utiquettes-500x500px-Java-Makassar.png\" \/>\n\t<meta property=\"og:image:width\" content=\"500\" \/>\n\t<meta property=\"og:image:height\" content=\"500\" \/>\n\t<meta property=\"og:image:type\" content=\"image\/png\" \/>\n<meta name=\"twitter:card\" content=\"summary_large_image\" \/>\n<meta name=\"twitter:label1\" content=\"Est. reading time\" \/>\n\t<meta name=\"twitter:data1\" content=\"1 minute\" \/>\n<script type=\"application\/ld+json\" class=\"yoast-schema-graph\">{\"@context\":\"https:\/\/schema.org\",\"@graph\":[{\"@type\":\"WebPage\",\"@id\":\"https:\/\/la-ptite-cerise.be\/produit\/indonesie-sulawesi-kalossi-lave\/\",\"url\":\"https:\/\/la-ptite-cerise.be\/produit\/indonesie-sulawesi-kalossi-lave\/\",\"name\":\"INDONESIE Java Makassar LAVE - La P&#039;tite Cerise\",\"isPartOf\":{\"@id\":\"https:\/\/la-ptite-cerise.be\/#website\"},\"primaryImageOfPage\":{\"@id\":\"https:\/\/la-ptite-cerise.be\/produit\/indonesie-sulawesi-kalossi-lave\/#primaryimage\"},\"image\":{\"@id\":\"https:\/\/la-ptite-cerise.be\/produit\/indonesie-sulawesi-kalossi-lave\/#primaryimage\"},\"thumbnailUrl\":\"https:\/\/la-ptite-cerise.be\/wp-content\/uploads\/2021\/12\/E\u2560utiquettes-500x500px-Java-Makassar.png\",\"datePublished\":\"2021-12-28T13:43:24+00:00\",\"dateModified\":\"2025-06-19T11:05:36+00:00\",\"breadcrumb\":{\"@id\":\"https:\/\/la-ptite-cerise.be\/produit\/indonesie-sulawesi-kalossi-lave\/#breadcrumb\"},\"inLanguage\":\"en-US\",\"potentialAction\":[{\"@type\":\"ReadAction\",\"target\":[\"https:\/\/la-ptite-cerise.be\/produit\/indonesie-sulawesi-kalossi-lave\/\"]}]},{\"@type\":\"ImageObject\",\"inLanguage\":\"en-US\",\"@id\":\"https:\/\/la-ptite-cerise.be\/produit\/indonesie-sulawesi-kalossi-lave\/#primaryimage\",\"url\":\"https:\/\/la-ptite-cerise.be\/wp-content\/uploads\/2021\/12\/E\u2560utiquettes-500x500px-Java-Makassar.png\",\"contentUrl\":\"https:\/\/la-ptite-cerise.be\/wp-content\/uploads\/2021\/12\/E\u2560utiquettes-500x500px-Java-Makassar.png\",\"width\":500,\"height\":500},{\"@type\":\"BreadcrumbList\",\"@id\":\"https:\/\/la-ptite-cerise.be\/produit\/indonesie-sulawesi-kalossi-lave\/#breadcrumb\",\"itemListElement\":[{\"@type\":\"ListItem\",\"position\":1,\"name\":\"Accueil\",\"item\":\"https:\/\/la-ptite-cerise.be\/en\/\"},{\"@type\":\"ListItem\",\"position\":2,\"name\":\"Store\",\"item\":\"https:\/\/la-ptite-cerise.be\/boutique\/\"},{\"@type\":\"ListItem\",\"position\":3,\"name\":\"INDONESIE Java Makassar LAVE\"}]},{\"@type\":\"WebSite\",\"@id\":\"https:\/\/la-ptite-cerise.be\/#website\",\"url\":\"https:\/\/la-ptite-cerise.be\/\",\"name\":\"La P'tite Cerise\",\"description\":\"Artisan torr\u00e9facteur de caf\u00e9 de sp\u00e9cialit\u00e9. S\u00e9lection de th\u00e9s &amp; tisanes.\",\"publisher\":{\"@id\":\"https:\/\/la-ptite-cerise.be\/#organization\"},\"potentialAction\":[{\"@type\":\"SearchAction\",\"target\":{\"@type\":\"EntryPoint\",\"urlTemplate\":\"https:\/\/la-ptite-cerise.be\/?s={search_term_string}\"},\"query-input\":{\"@type\":\"PropertyValueSpecification\",\"valueRequired\":true,\"valueName\":\"search_term_string\"}}],\"inLanguage\":\"en-US\"},{\"@type\":\"Organization\",\"@id\":\"https:\/\/la-ptite-cerise.be\/#organization\",\"name\":\"La P'tite Cerise\",\"url\":\"https:\/\/la-ptite-cerise.be\/\",\"logo\":{\"@type\":\"ImageObject\",\"inLanguage\":\"en-US\",\"@id\":\"https:\/\/la-ptite-cerise.be\/#\/schema\/logo\/image\/\",\"url\":\"https:\/\/la-ptite-cerise.be\/wp-content\/uploads\/2020\/10\/logo-header-01.jpg\",\"contentUrl\":\"https:\/\/la-ptite-cerise.be\/wp-content\/uploads\/2020\/10\/logo-header-01.jpg\",\"width\":176,\"height\":100,\"caption\":\"La P'tite Cerise\"},\"image\":{\"@id\":\"https:\/\/la-ptite-cerise.be\/#\/schema\/logo\/image\/\"},\"sameAs\":[\"https:\/\/www.facebook.com\/laptitecerise\/\",\"https:\/\/www.instagram.com\/la.ptite_cerise\/\"]}]}<\/script>\n<!-- \/ Yoast SEO plugin. -->","yoast_head_json":{"title":"INDONESIE Java Makassar LAVE - La P&#039;tite Cerise","robots":{"index":"index","follow":"follow","max-snippet":"max-snippet:-1","max-image-preview":"max-image-preview:large","max-video-preview":"max-video-preview:-1"},"canonical":"https:\/\/la-ptite-cerise.be\/produit\/indonesie-sulawesi-kalossi-lave\/","og_locale":"en_US","og_type":"article","og_title":"INDONESIE Java Makassar LAVE - La P&#039;tite Cerise","og_description":"(42\u20ac\/kg) SCA Score: 83Tasting Notes: Dried fruits, soft spices, red fruits","og_url":"https:\/\/la-ptite-cerise.be\/produit\/indonesie-sulawesi-kalossi-lave\/","og_site_name":"La P&#039;tite Cerise","article_publisher":"https:\/\/www.facebook.com\/laptitecerise\/","article_modified_time":"2025-06-19T11:05:36+00:00","og_image":[{"width":500,"height":500,"url":"https:\/\/la-ptite-cerise.be\/wp-content\/uploads\/2021\/12\/E\u2560utiquettes-500x500px-Java-Makassar.png","type":"image\/png"}],"twitter_card":"summary_large_image","twitter_misc":{"Est. reading time":"1 minute"},"schema":{"@context":"https:\/\/schema.org","@graph":[{"@type":"WebPage","@id":"https:\/\/la-ptite-cerise.be\/produit\/indonesie-sulawesi-kalossi-lave\/","url":"https:\/\/la-ptite-cerise.be\/produit\/indonesie-sulawesi-kalossi-lave\/","name":"INDONESIE Java Makassar LAVE - La P&#039;tite Cerise","isPartOf":{"@id":"https:\/\/la-ptite-cerise.be\/#website"},"primaryImageOfPage":{"@id":"https:\/\/la-ptite-cerise.be\/produit\/indonesie-sulawesi-kalossi-lave\/#primaryimage"},"image":{"@id":"https:\/\/la-ptite-cerise.be\/produit\/indonesie-sulawesi-kalossi-lave\/#primaryimage"},"thumbnailUrl":"https:\/\/la-ptite-cerise.be\/wp-content\/uploads\/2021\/12\/E\u2560utiquettes-500x500px-Java-Makassar.png","datePublished":"2021-12-28T13:43:24+00:00","dateModified":"2025-06-19T11:05:36+00:00","breadcrumb":{"@id":"https:\/\/la-ptite-cerise.be\/produit\/indonesie-sulawesi-kalossi-lave\/#breadcrumb"},"inLanguage":"en-US","potentialAction":[{"@type":"ReadAction","target":["https:\/\/la-ptite-cerise.be\/produit\/indonesie-sulawesi-kalossi-lave\/"]}]},{"@type":"ImageObject","inLanguage":"en-US","@id":"https:\/\/la-ptite-cerise.be\/produit\/indonesie-sulawesi-kalossi-lave\/#primaryimage","url":"https:\/\/la-ptite-cerise.be\/wp-content\/uploads\/2021\/12\/E\u2560utiquettes-500x500px-Java-Makassar.png","contentUrl":"https:\/\/la-ptite-cerise.be\/wp-content\/uploads\/2021\/12\/E\u2560utiquettes-500x500px-Java-Makassar.png","width":500,"height":500},{"@type":"BreadcrumbList","@id":"https:\/\/la-ptite-cerise.be\/produit\/indonesie-sulawesi-kalossi-lave\/#breadcrumb","itemListElement":[{"@type":"ListItem","position":1,"name":"Accueil","item":"https:\/\/la-ptite-cerise.be\/en\/"},{"@type":"ListItem","position":2,"name":"Store","item":"https:\/\/la-ptite-cerise.be\/boutique\/"},{"@type":"ListItem","position":3,"name":"INDONESIE Java Makassar LAVE"}]},{"@type":"WebSite","@id":"https:\/\/la-ptite-cerise.be\/#website","url":"https:\/\/la-ptite-cerise.be\/","name":"La P'tite Cerise","description":"Artisan torr\u00e9facteur de caf\u00e9 de sp\u00e9cialit\u00e9. S\u00e9lection de th\u00e9s &amp; tisanes.","publisher":{"@id":"https:\/\/la-ptite-cerise.be\/#organization"},"potentialAction":[{"@type":"SearchAction","target":{"@type":"EntryPoint","urlTemplate":"https:\/\/la-ptite-cerise.be\/?s={search_term_string}"},"query-input":{"@type":"PropertyValueSpecification","valueRequired":true,"valueName":"search_term_string"}}],"inLanguage":"en-US"},{"@type":"Organization","@id":"https:\/\/la-ptite-cerise.be\/#organization","name":"La P'tite Cerise","url":"https:\/\/la-ptite-cerise.be\/","logo":{"@type":"ImageObject","inLanguage":"en-US","@id":"https:\/\/la-ptite-cerise.be\/#\/schema\/logo\/image\/","url":"https:\/\/la-ptite-cerise.be\/wp-content\/uploads\/2020\/10\/logo-header-01.jpg","contentUrl":"https:\/\/la-ptite-cerise.be\/wp-content\/uploads\/2020\/10\/logo-header-01.jpg","width":176,"height":100,"caption":"La P'tite Cerise"},"image":{"@id":"https:\/\/la-ptite-cerise.be\/#\/schema\/logo\/image\/"},"sameAs":["https:\/\/www.facebook.com\/laptitecerise\/","https:\/\/www.instagram.com\/la.ptite_cerise\/"]}]}},"_links":{"self":[{"href":"https:\/\/la-ptite-cerise.be\/en\/wp-json\/wp\/v2\/product\/13221","targetHints":{"allow":["GET"]}}],"collection":[{"href":"https:\/\/la-ptite-cerise.be\/en\/wp-json\/wp\/v2\/product"}],"about":[{"href":"https:\/\/la-ptite-cerise.be\/en\/wp-json\/wp\/v2\/types\/product"}],"wp:featuredmedia":[{"embeddable":true,"href":"https:\/\/la-ptite-cerise.be\/en\/wp-json\/wp\/v2\/media\/11628"}],"wp:attachment":[{"href":"https:\/\/la-ptite-cerise.be\/en\/wp-json\/wp\/v2\/media?parent=13221"}],"wp:term":[{"taxonomy":"product_brand","embeddable":true,"href":"https:\/\/la-ptite-cerise.be\/en\/wp-json\/wp\/v2\/product_brand?post=13221"},{"taxonomy":"product_cat","embeddable":true,"href":"https:\/\/la-ptite-cerise.be\/en\/wp-json\/wp\/v2\/product_cat?post=13221"},{"taxonomy":"product_tag","embeddable":true,"href":"https:\/\/la-ptite-cerise.be\/en\/wp-json\/wp\/v2\/product_tag?post=13221"}],"curies":[{"name":"wp","href":"https:\/\/api.w.org\/{rel}","templated":true}]}}