{"id":13255,"date":"2021-11-03T13:00:40","date_gmt":"2021-11-03T12:00:40","guid":{"rendered":"https:\/\/la-ptite-cerise.be\/produit\/ethiopie-sidama-bona-zuria-anaerobic\/"},"modified":"2025-11-21T13:23:44","modified_gmt":"2025-11-21T12:23:44","slug":"ethiopie-sidama-bona-zuria-anaerobic","status":"publish","type":"product","link":"https:\/\/la-ptite-cerise.be\/en\/produit\/ethiopie-sidama-bona-zuria-anaerobic\/","title":{"rendered":"ETHIOPIE Sidama Bona Zuria Anaerobic"},"content":{"rendered":"<h3 class=\"\" data-start=\"1905\" data-end=\"1968\">\ud83c\udf38 A luminous anaerobic gem from the highlands of Bona Zuria<\/h3>\n<p class=\"\" data-start=\"1970\" data-end=\"2486\"><strong data-start=\"1970\" data-end=\"1978\">Farm<\/strong>: 600 smallholder farmers from Bona Zuria<br data-start=\"2019\" data-end=\"2022\" \/><strong data-start=\"2022\" data-end=\"2034\">Producer<\/strong>: Heleph Coffee \u2013 Ayele Tulu Washing Station<br data-start=\"2078\" data-end=\"2081\" \/><strong data-start=\"2081\" data-end=\"2091\">Region<\/strong>: Bona Zuria, Sidamo, Ethiopia<br data-start=\"2121\" data-end=\"2124\" \/><strong data-start=\"2124\" data-end=\"2136\">Altitude<\/strong>: 2130\u20132350 m<br data-start=\"2149\" data-end=\"2152\" \/><strong data-start=\"2152\" data-end=\"2163\">Species<\/strong>: Arabica<br data-start=\"2172\" data-end=\"2175\" \/><strong data-start=\"2175\" data-end=\"2186\">Variety<\/strong>: JARC 71158, 74165, Heirloom<br data-start=\"2215\" data-end=\"2218\" \/><strong data-start=\"2218\" data-end=\"2229\">Harvest<\/strong>: November to January<br data-start=\"2250\" data-end=\"2253\" \/><strong data-start=\"2253\" data-end=\"2274\">Harvesting Method<\/strong>: Hand-picked<br data-start=\"2287\" data-end=\"2290\" \/><strong data-start=\"2290\" data-end=\"2301\">Process<\/strong>: Anaerobic (fermentation 9\u201348 h)<br data-start=\"2334\" data-end=\"2337\" \/><strong data-start=\"2337\" data-end=\"2347\">Drying<\/strong>: Raised African beds, shade-dried (4 to 9 weeks)<\/p>\n<hr class=\"\" data-start=\"2488\" data-end=\"2491\" \/>\n<h3 data-start=\"4133\" data-end=\"4161\"><strong data-start=\"4137\" data-end=\"4161\"> About this coffee<\/strong><\/h3>\n<p data-start=\"4163\" data-end=\"4480\">Bona Zuria is one of Sidama\u2019s most captivating terroirs \u2014 a place where altitude, climate and tradition merge to create coffees of remarkable clarity and character. Perched above 2,300 metres, the area benefits from cool nights, mild days and nutrient-rich nitisol soils that promote extremely slow cherry maturation.<\/p>\n<p data-start=\"4482\" data-end=\"4878\">The farmers handpick their cherries and deliver them \u2014 sometimes by horse or mule \u2014 to the <strong data-start=\"4573\" data-end=\"4605\">Tsegab Ayele Washing Station<\/strong>, founded in 2014 by <strong data-start=\"4626\" data-end=\"4644\">Mr. Ayele Tulu<\/strong>, a respected figure with more than two decades of experience in the Ethiopian coffee sector. At 2,190 m, this is one of the country\u2019s highest washing stations, offering natural conditions perfectly suited for controlled fermentation.<\/p>\n<p data-start=\"4880\" data-end=\"5215\">This lot underwent a <strong data-start=\"4901\" data-end=\"4950\">meticulously monitored anaerobic fermentation<\/strong>. Only fully ripe cherries are selected before being sealed in airtight tanks where oxygen is regulated through a valve. Throughout the 9\u201348 h fermentation, pH and sugar levels are carefully checked to guide the development of fruity, clean and expressive flavours.<\/p>\n<p data-start=\"5217\" data-end=\"5387\">The cherries are then dried slowly for <strong data-start=\"5256\" data-end=\"5272\">4 to 9 weeks<\/strong> under shade on raised African beds \u2014 a long, patient process that enhances sweetness, complexity and floral depth.<\/p>\n<p data-start=\"5389\" data-end=\"5582\">The result is a sparkling cup: tropical fruit brightness, a gentle rose-like floral touch, and a silky, lingering finish. A refined, expressive and modern take on Sidama\u2019s traditional elegance.<\/p>\n","protected":false},"excerpt":{"rendered":"<h4 dir=\"ltr\" data-placeholder=\"Traduction\">(60\u20ac\/kg)<\/h4>\n<p><strong data-start=\"5618\" data-end=\"5632\">SCA Score:<\/strong> 87.5<br data-start=\"5637\" data-end=\"5640\" \/><strong data-start=\"5640\" data-end=\"5658\">Tasting notes:<\/strong> tropical fruits, rose<\/p>\n","protected":false},"featured_media":11634,"template":"","meta":[],"product_brand":[],"product_cat":[139],"product_tag":[],"class_list":{"0":"post-13255","1":"product","2":"type-product","3":"status-publish","4":"has-post-thumbnail","6":"product_cat-coffee","8":"first","9":"instock","10":"taxable","11":"shipping-taxable","12":"purchasable","13":"product-type-variable"},"yoast_head":"<!-- This site is optimized with the Yoast SEO plugin v25.7 - https:\/\/yoast.com\/wordpress\/plugins\/seo\/ -->\n<title>ETHIOPIE Sidama Bona Zuria Anaerobic - La P&#039;tite Cerise<\/title>\n<meta name=\"robots\" content=\"index, follow, max-snippet:-1, max-image-preview:large, max-video-preview:-1\" \/>\n<link rel=\"canonical\" href=\"https:\/\/la-ptite-cerise.be\/en\/produit\/ethiopie-sidama-bona-zuria-anaerobic\/\" \/>\n<meta property=\"og:locale\" content=\"en_US\" \/>\n<meta property=\"og:type\" content=\"article\" \/>\n<meta property=\"og:title\" content=\"ETHIOPIE Sidama Bona Zuria Anaerobic - La P&#039;tite Cerise\" \/>\n<meta property=\"og:description\" content=\"(60\u20ac\/kg) SCA Score: 87.5Tasting notes: tropical fruits, rose\" \/>\n<meta property=\"og:url\" content=\"https:\/\/la-ptite-cerise.be\/en\/produit\/ethiopie-sidama-bona-zuria-anaerobic\/\" \/>\n<meta property=\"og:site_name\" content=\"La P&#039;tite Cerise\" \/>\n<meta property=\"article:publisher\" content=\"https:\/\/www.facebook.com\/laptitecerise\/\" \/>\n<meta property=\"article:modified_time\" content=\"2025-11-21T12:23:44+00:00\" \/>\n<meta property=\"og:image\" content=\"https:\/\/la-ptite-cerise.be\/wp-content\/uploads\/2021\/11\/E\u2560utiquettes-500x500px-Bona-Zuria.png\" \/>\n\t<meta property=\"og:image:width\" content=\"500\" \/>\n\t<meta property=\"og:image:height\" content=\"500\" \/>\n\t<meta property=\"og:image:type\" content=\"image\/png\" \/>\n<meta name=\"twitter:card\" content=\"summary_large_image\" \/>\n<meta name=\"twitter:label1\" content=\"Est. reading time\" \/>\n\t<meta name=\"twitter:data1\" content=\"1 minute\" \/>\n<script type=\"application\/ld+json\" class=\"yoast-schema-graph\">{\"@context\":\"https:\/\/schema.org\",\"@graph\":[{\"@type\":\"WebPage\",\"@id\":\"https:\/\/la-ptite-cerise.be\/en\/produit\/ethiopie-sidama-bona-zuria-anaerobic\/\",\"url\":\"https:\/\/la-ptite-cerise.be\/en\/produit\/ethiopie-sidama-bona-zuria-anaerobic\/\",\"name\":\"ETHIOPIE Sidama Bona Zuria Anaerobic - La P&#039;tite Cerise\",\"isPartOf\":{\"@id\":\"https:\/\/la-ptite-cerise.be\/#website\"},\"primaryImageOfPage\":{\"@id\":\"https:\/\/la-ptite-cerise.be\/en\/produit\/ethiopie-sidama-bona-zuria-anaerobic\/#primaryimage\"},\"image\":{\"@id\":\"https:\/\/la-ptite-cerise.be\/en\/produit\/ethiopie-sidama-bona-zuria-anaerobic\/#primaryimage\"},\"thumbnailUrl\":\"https:\/\/la-ptite-cerise.be\/wp-content\/uploads\/2021\/11\/E\u2560utiquettes-500x500px-Bona-Zuria.png\",\"datePublished\":\"2021-11-03T12:00:40+00:00\",\"dateModified\":\"2025-11-21T12:23:44+00:00\",\"breadcrumb\":{\"@id\":\"https:\/\/la-ptite-cerise.be\/en\/produit\/ethiopie-sidama-bona-zuria-anaerobic\/#breadcrumb\"},\"inLanguage\":\"en-US\",\"potentialAction\":[{\"@type\":\"ReadAction\",\"target\":[\"https:\/\/la-ptite-cerise.be\/en\/produit\/ethiopie-sidama-bona-zuria-anaerobic\/\"]}]},{\"@type\":\"ImageObject\",\"inLanguage\":\"en-US\",\"@id\":\"https:\/\/la-ptite-cerise.be\/en\/produit\/ethiopie-sidama-bona-zuria-anaerobic\/#primaryimage\",\"url\":\"https:\/\/la-ptite-cerise.be\/wp-content\/uploads\/2021\/11\/E\u2560utiquettes-500x500px-Bona-Zuria.png\",\"contentUrl\":\"https:\/\/la-ptite-cerise.be\/wp-content\/uploads\/2021\/11\/E\u2560utiquettes-500x500px-Bona-Zuria.png\",\"width\":500,\"height\":500},{\"@type\":\"BreadcrumbList\",\"@id\":\"https:\/\/la-ptite-cerise.be\/en\/produit\/ethiopie-sidama-bona-zuria-anaerobic\/#breadcrumb\",\"itemListElement\":[{\"@type\":\"ListItem\",\"position\":1,\"name\":\"Accueil\",\"item\":\"https:\/\/la-ptite-cerise.be\/en\/\"},{\"@type\":\"ListItem\",\"position\":2,\"name\":\"Store\",\"item\":\"https:\/\/la-ptite-cerise.be\/boutique\/\"},{\"@type\":\"ListItem\",\"position\":3,\"name\":\"ETHIOPIE Sidama Bona Zuria Anaerobic\"}]},{\"@type\":\"WebSite\",\"@id\":\"https:\/\/la-ptite-cerise.be\/#website\",\"url\":\"https:\/\/la-ptite-cerise.be\/\",\"name\":\"La P'tite Cerise\",\"description\":\"Artisan torr\u00e9facteur de caf\u00e9 de sp\u00e9cialit\u00e9. S\u00e9lection de th\u00e9s &amp; tisanes.\",\"publisher\":{\"@id\":\"https:\/\/la-ptite-cerise.be\/#organization\"},\"potentialAction\":[{\"@type\":\"SearchAction\",\"target\":{\"@type\":\"EntryPoint\",\"urlTemplate\":\"https:\/\/la-ptite-cerise.be\/?s={search_term_string}\"},\"query-input\":{\"@type\":\"PropertyValueSpecification\",\"valueRequired\":true,\"valueName\":\"search_term_string\"}}],\"inLanguage\":\"en-US\"},{\"@type\":\"Organization\",\"@id\":\"https:\/\/la-ptite-cerise.be\/#organization\",\"name\":\"La P'tite Cerise\",\"url\":\"https:\/\/la-ptite-cerise.be\/\",\"logo\":{\"@type\":\"ImageObject\",\"inLanguage\":\"en-US\",\"@id\":\"https:\/\/la-ptite-cerise.be\/#\/schema\/logo\/image\/\",\"url\":\"https:\/\/la-ptite-cerise.be\/wp-content\/uploads\/2020\/10\/logo-header-01.jpg\",\"contentUrl\":\"https:\/\/la-ptite-cerise.be\/wp-content\/uploads\/2020\/10\/logo-header-01.jpg\",\"width\":176,\"height\":100,\"caption\":\"La P'tite Cerise\"},\"image\":{\"@id\":\"https:\/\/la-ptite-cerise.be\/#\/schema\/logo\/image\/\"},\"sameAs\":[\"https:\/\/www.facebook.com\/laptitecerise\/\",\"https:\/\/www.instagram.com\/la.ptite_cerise\/\"]}]}<\/script>\n<!-- \/ Yoast SEO plugin. -->","yoast_head_json":{"title":"ETHIOPIE Sidama Bona Zuria Anaerobic - La P&#039;tite Cerise","robots":{"index":"index","follow":"follow","max-snippet":"max-snippet:-1","max-image-preview":"max-image-preview:large","max-video-preview":"max-video-preview:-1"},"canonical":"https:\/\/la-ptite-cerise.be\/en\/produit\/ethiopie-sidama-bona-zuria-anaerobic\/","og_locale":"en_US","og_type":"article","og_title":"ETHIOPIE Sidama Bona Zuria Anaerobic - La P&#039;tite Cerise","og_description":"(60\u20ac\/kg) SCA Score: 87.5Tasting notes: tropical fruits, rose","og_url":"https:\/\/la-ptite-cerise.be\/en\/produit\/ethiopie-sidama-bona-zuria-anaerobic\/","og_site_name":"La P&#039;tite Cerise","article_publisher":"https:\/\/www.facebook.com\/laptitecerise\/","article_modified_time":"2025-11-21T12:23:44+00:00","og_image":[{"width":500,"height":500,"url":"https:\/\/la-ptite-cerise.be\/wp-content\/uploads\/2021\/11\/E\u2560utiquettes-500x500px-Bona-Zuria.png","type":"image\/png"}],"twitter_card":"summary_large_image","twitter_misc":{"Est. reading time":"1 minute"},"schema":{"@context":"https:\/\/schema.org","@graph":[{"@type":"WebPage","@id":"https:\/\/la-ptite-cerise.be\/en\/produit\/ethiopie-sidama-bona-zuria-anaerobic\/","url":"https:\/\/la-ptite-cerise.be\/en\/produit\/ethiopie-sidama-bona-zuria-anaerobic\/","name":"ETHIOPIE Sidama Bona Zuria Anaerobic - La P&#039;tite Cerise","isPartOf":{"@id":"https:\/\/la-ptite-cerise.be\/#website"},"primaryImageOfPage":{"@id":"https:\/\/la-ptite-cerise.be\/en\/produit\/ethiopie-sidama-bona-zuria-anaerobic\/#primaryimage"},"image":{"@id":"https:\/\/la-ptite-cerise.be\/en\/produit\/ethiopie-sidama-bona-zuria-anaerobic\/#primaryimage"},"thumbnailUrl":"https:\/\/la-ptite-cerise.be\/wp-content\/uploads\/2021\/11\/E\u2560utiquettes-500x500px-Bona-Zuria.png","datePublished":"2021-11-03T12:00:40+00:00","dateModified":"2025-11-21T12:23:44+00:00","breadcrumb":{"@id":"https:\/\/la-ptite-cerise.be\/en\/produit\/ethiopie-sidama-bona-zuria-anaerobic\/#breadcrumb"},"inLanguage":"en-US","potentialAction":[{"@type":"ReadAction","target":["https:\/\/la-ptite-cerise.be\/en\/produit\/ethiopie-sidama-bona-zuria-anaerobic\/"]}]},{"@type":"ImageObject","inLanguage":"en-US","@id":"https:\/\/la-ptite-cerise.be\/en\/produit\/ethiopie-sidama-bona-zuria-anaerobic\/#primaryimage","url":"https:\/\/la-ptite-cerise.be\/wp-content\/uploads\/2021\/11\/E\u2560utiquettes-500x500px-Bona-Zuria.png","contentUrl":"https:\/\/la-ptite-cerise.be\/wp-content\/uploads\/2021\/11\/E\u2560utiquettes-500x500px-Bona-Zuria.png","width":500,"height":500},{"@type":"BreadcrumbList","@id":"https:\/\/la-ptite-cerise.be\/en\/produit\/ethiopie-sidama-bona-zuria-anaerobic\/#breadcrumb","itemListElement":[{"@type":"ListItem","position":1,"name":"Accueil","item":"https:\/\/la-ptite-cerise.be\/en\/"},{"@type":"ListItem","position":2,"name":"Store","item":"https:\/\/la-ptite-cerise.be\/boutique\/"},{"@type":"ListItem","position":3,"name":"ETHIOPIE Sidama Bona Zuria Anaerobic"}]},{"@type":"WebSite","@id":"https:\/\/la-ptite-cerise.be\/#website","url":"https:\/\/la-ptite-cerise.be\/","name":"La P'tite Cerise","description":"Artisan torr\u00e9facteur de caf\u00e9 de sp\u00e9cialit\u00e9. S\u00e9lection de th\u00e9s &amp; tisanes.","publisher":{"@id":"https:\/\/la-ptite-cerise.be\/#organization"},"potentialAction":[{"@type":"SearchAction","target":{"@type":"EntryPoint","urlTemplate":"https:\/\/la-ptite-cerise.be\/?s={search_term_string}"},"query-input":{"@type":"PropertyValueSpecification","valueRequired":true,"valueName":"search_term_string"}}],"inLanguage":"en-US"},{"@type":"Organization","@id":"https:\/\/la-ptite-cerise.be\/#organization","name":"La P'tite Cerise","url":"https:\/\/la-ptite-cerise.be\/","logo":{"@type":"ImageObject","inLanguage":"en-US","@id":"https:\/\/la-ptite-cerise.be\/#\/schema\/logo\/image\/","url":"https:\/\/la-ptite-cerise.be\/wp-content\/uploads\/2020\/10\/logo-header-01.jpg","contentUrl":"https:\/\/la-ptite-cerise.be\/wp-content\/uploads\/2020\/10\/logo-header-01.jpg","width":176,"height":100,"caption":"La P'tite Cerise"},"image":{"@id":"https:\/\/la-ptite-cerise.be\/#\/schema\/logo\/image\/"},"sameAs":["https:\/\/www.facebook.com\/laptitecerise\/","https:\/\/www.instagram.com\/la.ptite_cerise\/"]}]}},"_links":{"self":[{"href":"https:\/\/la-ptite-cerise.be\/en\/wp-json\/wp\/v2\/product\/13255","targetHints":{"allow":["GET"]}}],"collection":[{"href":"https:\/\/la-ptite-cerise.be\/en\/wp-json\/wp\/v2\/product"}],"about":[{"href":"https:\/\/la-ptite-cerise.be\/en\/wp-json\/wp\/v2\/types\/product"}],"wp:featuredmedia":[{"embeddable":true,"href":"https:\/\/la-ptite-cerise.be\/en\/wp-json\/wp\/v2\/media\/11634"}],"wp:attachment":[{"href":"https:\/\/la-ptite-cerise.be\/en\/wp-json\/wp\/v2\/media?parent=13255"}],"wp:term":[{"taxonomy":"product_brand","embeddable":true,"href":"https:\/\/la-ptite-cerise.be\/en\/wp-json\/wp\/v2\/product_brand?post=13255"},{"taxonomy":"product_cat","embeddable":true,"href":"https:\/\/la-ptite-cerise.be\/en\/wp-json\/wp\/v2\/product_cat?post=13255"},{"taxonomy":"product_tag","embeddable":true,"href":"https:\/\/la-ptite-cerise.be\/en\/wp-json\/wp\/v2\/product_tag?post=13255"}],"curies":[{"name":"wp","href":"https:\/\/api.w.org\/{rel}","templated":true}]}}