{"id":13360,"date":"2021-04-14T13:45:24","date_gmt":"2021-04-14T11:45:24","guid":{"rendered":"https:\/\/la-ptite-cerise.be\/produit\/blend-maison\/"},"modified":"2025-06-19T13:08:09","modified_gmt":"2025-06-19T11:08:09","slug":"blend-maison","status":"publish","type":"product","link":"https:\/\/la-ptite-cerise.be\/en\/produit\/blend-maison\/","title":{"rendered":"Blend maison"},"content":{"rendered":"<h3 class=\"\" data-start=\"1496\" data-end=\"1556\">\u2615 House Blend 50\/50 \u2014 smooth and structured for espresso<\/h3>\n<p class=\"\" data-start=\"1558\" data-end=\"1981\"><strong data-start=\"1558\" data-end=\"1568\">Origin<\/strong>: 50% Colombia (Bucaramanga) \/ 50% DR Congo (Idjwi Island, Kivu)<br data-start=\"1632\" data-end=\"1635\" \/><strong data-start=\"1635\" data-end=\"1647\">Altitude<\/strong>: 1350\u20132000 m<br data-start=\"1660\" data-end=\"1663\" \/><strong data-start=\"1663\" data-end=\"1674\">Species<\/strong>: Arabica<br data-start=\"1683\" data-end=\"1686\" \/><strong data-start=\"1686\" data-end=\"1699\">Varieties<\/strong>: Caturra, Castillo, Colombia \/ Bourbon, Catimor<br data-start=\"1747\" data-end=\"1750\" \/><strong data-start=\"1750\" data-end=\"1761\">Process<\/strong>: Washed<br data-start=\"1769\" data-end=\"1772\" \/><strong data-start=\"1772\" data-end=\"1782\">Drying<\/strong>: Patio (Colombia) \/ Raised beds (Congo)<br data-start=\"1822\" data-end=\"1825\" \/>\n<\/p>\n<hr class=\"\" data-start=\"1983\" data-end=\"1986\" \/>\n<h3 class=\"\" data-start=\"1988\" data-end=\"2009\">About this coffee<\/h3>\n<p class=\"\" data-start=\"2011\" data-end=\"2250\">This 100% arabica <strong data-start=\"2029\" data-end=\"2044\">house blend<\/strong> combines the <strong data-start=\"2058\" data-end=\"2086\">smooth, chocolatey depth<\/strong> of high-grown Colombian coffees from <strong data-start=\"2124\" data-end=\"2139\">Bucaramanga<\/strong>, with the <strong data-start=\"2150\" data-end=\"2169\">spicy structure<\/strong> of <strong data-start=\"2173\" data-end=\"2197\">Congo\u2019s Idjwi Island<\/strong>, grown on volcanic slopes in the heart of Lake Kivu.<\/p>\n<p class=\"\" data-start=\"2252\" data-end=\"2468\">Roasted specifically for <strong data-start=\"2277\" data-end=\"2310\">espresso and stovetop brewing<\/strong>, this blend offers a rich and balanced cup with notes of <strong data-start=\"2368\" data-end=\"2386\">dark chocolate<\/strong>, <strong data-start=\"2388\" data-end=\"2402\">baked plum<\/strong>, <strong data-start=\"2404\" data-end=\"2418\">mild spice<\/strong>, and a finish reminiscent of <strong data-start=\"2448\" data-end=\"2467\">toasted almonds<\/strong>.<\/p>\n<p class=\"\" data-start=\"2470\" data-end=\"2592\">Perfect for those who love an <strong data-start=\"2500\" data-end=\"2538\">accessible yet flavourful espresso<\/strong> \u2014 bold enough for the morning, smooth enough all day.<\/p>\n<p class=\"\" data-start=\"2594\" data-end=\"2660\"><strong data-start=\"2594\" data-end=\"2660\">A clean and characterful shot \u2014 well-rounded and easy to love.<\/strong><\/p>\n","protected":false},"excerpt":{"rendered":"<h3>(36\u20ac\/kg)<\/h3>\n<p>100% Arabica<\/p>\n<p><strong data-start=\"1825\" data-end=\"1849\">Roast recommendation<\/strong>: <strong data-start=\"1851\" data-end=\"1874\">Espresso \/ Moka pot<\/strong><br data-start=\"1874\" data-end=\"1877\" \/><strong data-start=\"1877\" data-end=\"1894\">Tasting Notes<\/strong>: Dark chocolate, plum, soft spice, roasted almond<br data-start=\"1944\" data-end=\"1947\" \/><strong data-start=\"1947\" data-end=\"1970\">Estimated SCA Score<\/strong>: 83\u201384.5<\/p>\n","protected":false},"featured_media":11656,"template":"","meta":[],"product_brand":[],"product_cat":[139],"product_tag":[],"class_list":{"0":"post-13360","1":"product","2":"type-product","3":"status-publish","4":"has-post-thumbnail","6":"product_cat-coffee","8":"first","9":"instock","10":"taxable","11":"shipping-taxable","12":"purchasable","13":"product-type-variable"},"yoast_head":"<!-- This site is optimized with the Yoast SEO plugin v25.7 - https:\/\/yoast.com\/wordpress\/plugins\/seo\/ -->\n<title>Blend maison - La P&#039;tite Cerise<\/title>\n<meta name=\"robots\" content=\"index, follow, max-snippet:-1, max-image-preview:large, max-video-preview:-1\" \/>\n<link rel=\"canonical\" href=\"https:\/\/la-ptite-cerise.be\/produit\/blend-maison\/\" \/>\n<meta property=\"og:locale\" content=\"en_US\" \/>\n<meta property=\"og:type\" content=\"article\" \/>\n<meta property=\"og:title\" content=\"Blend maison - La P&#039;tite Cerise\" \/>\n<meta property=\"og:description\" content=\"(36\u20ac\/kg) 100% Arabica  Roast recommendation: Espresso \/ Moka potTasting Notes: Dark chocolate, plum, soft spice, roasted almondEstimated SCA Score: 83\u201384.5\" \/>\n<meta property=\"og:url\" content=\"https:\/\/la-ptite-cerise.be\/produit\/blend-maison\/\" \/>\n<meta property=\"og:site_name\" content=\"La P&#039;tite Cerise\" \/>\n<meta property=\"article:publisher\" content=\"https:\/\/www.facebook.com\/laptitecerise\/\" \/>\n<meta property=\"article:modified_time\" content=\"2025-06-19T11:08:09+00:00\" \/>\n<meta property=\"og:image\" content=\"https:\/\/la-ptite-cerise.be\/wp-content\/uploads\/2021\/04\/Etiquettes-500x500px-Maison.png\" \/>\n\t<meta property=\"og:image:width\" content=\"500\" \/>\n\t<meta property=\"og:image:height\" content=\"500\" \/>\n\t<meta property=\"og:image:type\" content=\"image\/png\" \/>\n<meta name=\"twitter:card\" content=\"summary_large_image\" \/>\n<meta name=\"twitter:label1\" content=\"Est. reading time\" \/>\n\t<meta name=\"twitter:data1\" content=\"1 minute\" \/>\n<script type=\"application\/ld+json\" class=\"yoast-schema-graph\">{\"@context\":\"https:\/\/schema.org\",\"@graph\":[{\"@type\":\"WebPage\",\"@id\":\"https:\/\/la-ptite-cerise.be\/produit\/blend-maison\/\",\"url\":\"https:\/\/la-ptite-cerise.be\/produit\/blend-maison\/\",\"name\":\"Blend maison - La P&#039;tite Cerise\",\"isPartOf\":{\"@id\":\"https:\/\/la-ptite-cerise.be\/#website\"},\"primaryImageOfPage\":{\"@id\":\"https:\/\/la-ptite-cerise.be\/produit\/blend-maison\/#primaryimage\"},\"image\":{\"@id\":\"https:\/\/la-ptite-cerise.be\/produit\/blend-maison\/#primaryimage\"},\"thumbnailUrl\":\"https:\/\/la-ptite-cerise.be\/wp-content\/uploads\/2021\/04\/Etiquettes-500x500px-Maison.png\",\"datePublished\":\"2021-04-14T11:45:24+00:00\",\"dateModified\":\"2025-06-19T11:08:09+00:00\",\"breadcrumb\":{\"@id\":\"https:\/\/la-ptite-cerise.be\/produit\/blend-maison\/#breadcrumb\"},\"inLanguage\":\"en-US\",\"potentialAction\":[{\"@type\":\"ReadAction\",\"target\":[\"https:\/\/la-ptite-cerise.be\/produit\/blend-maison\/\"]}]},{\"@type\":\"ImageObject\",\"inLanguage\":\"en-US\",\"@id\":\"https:\/\/la-ptite-cerise.be\/produit\/blend-maison\/#primaryimage\",\"url\":\"https:\/\/la-ptite-cerise.be\/wp-content\/uploads\/2021\/04\/Etiquettes-500x500px-Maison.png\",\"contentUrl\":\"https:\/\/la-ptite-cerise.be\/wp-content\/uploads\/2021\/04\/Etiquettes-500x500px-Maison.png\",\"width\":500,\"height\":500},{\"@type\":\"BreadcrumbList\",\"@id\":\"https:\/\/la-ptite-cerise.be\/produit\/blend-maison\/#breadcrumb\",\"itemListElement\":[{\"@type\":\"ListItem\",\"position\":1,\"name\":\"Accueil\",\"item\":\"https:\/\/la-ptite-cerise.be\/en\/\"},{\"@type\":\"ListItem\",\"position\":2,\"name\":\"Store\",\"item\":\"https:\/\/la-ptite-cerise.be\/boutique\/\"},{\"@type\":\"ListItem\",\"position\":3,\"name\":\"Blend maison\"}]},{\"@type\":\"WebSite\",\"@id\":\"https:\/\/la-ptite-cerise.be\/#website\",\"url\":\"https:\/\/la-ptite-cerise.be\/\",\"name\":\"La P'tite Cerise\",\"description\":\"Artisan torr\u00e9facteur de caf\u00e9 de sp\u00e9cialit\u00e9. S\u00e9lection de th\u00e9s &amp; tisanes.\",\"publisher\":{\"@id\":\"https:\/\/la-ptite-cerise.be\/#organization\"},\"potentialAction\":[{\"@type\":\"SearchAction\",\"target\":{\"@type\":\"EntryPoint\",\"urlTemplate\":\"https:\/\/la-ptite-cerise.be\/?s={search_term_string}\"},\"query-input\":{\"@type\":\"PropertyValueSpecification\",\"valueRequired\":true,\"valueName\":\"search_term_string\"}}],\"inLanguage\":\"en-US\"},{\"@type\":\"Organization\",\"@id\":\"https:\/\/la-ptite-cerise.be\/#organization\",\"name\":\"La P'tite Cerise\",\"url\":\"https:\/\/la-ptite-cerise.be\/\",\"logo\":{\"@type\":\"ImageObject\",\"inLanguage\":\"en-US\",\"@id\":\"https:\/\/la-ptite-cerise.be\/#\/schema\/logo\/image\/\",\"url\":\"https:\/\/la-ptite-cerise.be\/wp-content\/uploads\/2020\/10\/logo-header-01.jpg\",\"contentUrl\":\"https:\/\/la-ptite-cerise.be\/wp-content\/uploads\/2020\/10\/logo-header-01.jpg\",\"width\":176,\"height\":100,\"caption\":\"La P'tite Cerise\"},\"image\":{\"@id\":\"https:\/\/la-ptite-cerise.be\/#\/schema\/logo\/image\/\"},\"sameAs\":[\"https:\/\/www.facebook.com\/laptitecerise\/\",\"https:\/\/www.instagram.com\/la.ptite_cerise\/\"]}]}<\/script>\n<!-- \/ Yoast SEO plugin. -->","yoast_head_json":{"title":"Blend maison - La P&#039;tite Cerise","robots":{"index":"index","follow":"follow","max-snippet":"max-snippet:-1","max-image-preview":"max-image-preview:large","max-video-preview":"max-video-preview:-1"},"canonical":"https:\/\/la-ptite-cerise.be\/produit\/blend-maison\/","og_locale":"en_US","og_type":"article","og_title":"Blend maison - La P&#039;tite Cerise","og_description":"(36\u20ac\/kg) 100% Arabica  Roast recommendation: Espresso \/ Moka potTasting Notes: Dark chocolate, plum, soft spice, roasted almondEstimated SCA Score: 83\u201384.5","og_url":"https:\/\/la-ptite-cerise.be\/produit\/blend-maison\/","og_site_name":"La P&#039;tite Cerise","article_publisher":"https:\/\/www.facebook.com\/laptitecerise\/","article_modified_time":"2025-06-19T11:08:09+00:00","og_image":[{"width":500,"height":500,"url":"https:\/\/la-ptite-cerise.be\/wp-content\/uploads\/2021\/04\/Etiquettes-500x500px-Maison.png","type":"image\/png"}],"twitter_card":"summary_large_image","twitter_misc":{"Est. reading time":"1 minute"},"schema":{"@context":"https:\/\/schema.org","@graph":[{"@type":"WebPage","@id":"https:\/\/la-ptite-cerise.be\/produit\/blend-maison\/","url":"https:\/\/la-ptite-cerise.be\/produit\/blend-maison\/","name":"Blend maison - La P&#039;tite Cerise","isPartOf":{"@id":"https:\/\/la-ptite-cerise.be\/#website"},"primaryImageOfPage":{"@id":"https:\/\/la-ptite-cerise.be\/produit\/blend-maison\/#primaryimage"},"image":{"@id":"https:\/\/la-ptite-cerise.be\/produit\/blend-maison\/#primaryimage"},"thumbnailUrl":"https:\/\/la-ptite-cerise.be\/wp-content\/uploads\/2021\/04\/Etiquettes-500x500px-Maison.png","datePublished":"2021-04-14T11:45:24+00:00","dateModified":"2025-06-19T11:08:09+00:00","breadcrumb":{"@id":"https:\/\/la-ptite-cerise.be\/produit\/blend-maison\/#breadcrumb"},"inLanguage":"en-US","potentialAction":[{"@type":"ReadAction","target":["https:\/\/la-ptite-cerise.be\/produit\/blend-maison\/"]}]},{"@type":"ImageObject","inLanguage":"en-US","@id":"https:\/\/la-ptite-cerise.be\/produit\/blend-maison\/#primaryimage","url":"https:\/\/la-ptite-cerise.be\/wp-content\/uploads\/2021\/04\/Etiquettes-500x500px-Maison.png","contentUrl":"https:\/\/la-ptite-cerise.be\/wp-content\/uploads\/2021\/04\/Etiquettes-500x500px-Maison.png","width":500,"height":500},{"@type":"BreadcrumbList","@id":"https:\/\/la-ptite-cerise.be\/produit\/blend-maison\/#breadcrumb","itemListElement":[{"@type":"ListItem","position":1,"name":"Accueil","item":"https:\/\/la-ptite-cerise.be\/en\/"},{"@type":"ListItem","position":2,"name":"Store","item":"https:\/\/la-ptite-cerise.be\/boutique\/"},{"@type":"ListItem","position":3,"name":"Blend maison"}]},{"@type":"WebSite","@id":"https:\/\/la-ptite-cerise.be\/#website","url":"https:\/\/la-ptite-cerise.be\/","name":"La P'tite Cerise","description":"Artisan torr\u00e9facteur de caf\u00e9 de sp\u00e9cialit\u00e9. S\u00e9lection de th\u00e9s &amp; tisanes.","publisher":{"@id":"https:\/\/la-ptite-cerise.be\/#organization"},"potentialAction":[{"@type":"SearchAction","target":{"@type":"EntryPoint","urlTemplate":"https:\/\/la-ptite-cerise.be\/?s={search_term_string}"},"query-input":{"@type":"PropertyValueSpecification","valueRequired":true,"valueName":"search_term_string"}}],"inLanguage":"en-US"},{"@type":"Organization","@id":"https:\/\/la-ptite-cerise.be\/#organization","name":"La P'tite Cerise","url":"https:\/\/la-ptite-cerise.be\/","logo":{"@type":"ImageObject","inLanguage":"en-US","@id":"https:\/\/la-ptite-cerise.be\/#\/schema\/logo\/image\/","url":"https:\/\/la-ptite-cerise.be\/wp-content\/uploads\/2020\/10\/logo-header-01.jpg","contentUrl":"https:\/\/la-ptite-cerise.be\/wp-content\/uploads\/2020\/10\/logo-header-01.jpg","width":176,"height":100,"caption":"La P'tite Cerise"},"image":{"@id":"https:\/\/la-ptite-cerise.be\/#\/schema\/logo\/image\/"},"sameAs":["https:\/\/www.facebook.com\/laptitecerise\/","https:\/\/www.instagram.com\/la.ptite_cerise\/"]}]}},"_links":{"self":[{"href":"https:\/\/la-ptite-cerise.be\/en\/wp-json\/wp\/v2\/product\/13360","targetHints":{"allow":["GET"]}}],"collection":[{"href":"https:\/\/la-ptite-cerise.be\/en\/wp-json\/wp\/v2\/product"}],"about":[{"href":"https:\/\/la-ptite-cerise.be\/en\/wp-json\/wp\/v2\/types\/product"}],"wp:featuredmedia":[{"embeddable":true,"href":"https:\/\/la-ptite-cerise.be\/en\/wp-json\/wp\/v2\/media\/11656"}],"wp:attachment":[{"href":"https:\/\/la-ptite-cerise.be\/en\/wp-json\/wp\/v2\/media?parent=13360"}],"wp:term":[{"taxonomy":"product_brand","embeddable":true,"href":"https:\/\/la-ptite-cerise.be\/en\/wp-json\/wp\/v2\/product_brand?post=13360"},{"taxonomy":"product_cat","embeddable":true,"href":"https:\/\/la-ptite-cerise.be\/en\/wp-json\/wp\/v2\/product_cat?post=13360"},{"taxonomy":"product_tag","embeddable":true,"href":"https:\/\/la-ptite-cerise.be\/en\/wp-json\/wp\/v2\/product_tag?post=13360"}],"curies":[{"name":"wp","href":"https:\/\/api.w.org\/{rel}","templated":true}]}}