{"id":13415,"date":"2023-03-16T13:11:24","date_gmt":"2023-03-16T12:11:24","guid":{"rendered":"https:\/\/la-ptite-cerise.be\/produit\/cocktail-de-cerise\/"},"modified":"2025-04-17T12:34:28","modified_gmt":"2025-04-17T10:34:28","slug":"cocktail-de-cerise","status":"publish","type":"product","link":"https:\/\/la-ptite-cerise.be\/en\/produit\/cocktail-de-cerise\/","title":{"rendered":"Cocktail de Cerise"},"content":{"rendered":"<h3 class=\"\" data-start=\"1474\" data-end=\"1530\"><strong data-start=\"1483\" data-end=\"1514\">Black Tea \u2013 Cherry Cocktail<\/strong> (100 g pouch)<\/h3>\n<p class=\"\" data-start=\"1531\" data-end=\"1605\"><strong data-start=\"1531\" data-end=\"1605\">A bold and fruity black tea with juicy cherry notes and a hint of rum.<\/strong><\/p>\n<p class=\"\" data-start=\"1607\" data-end=\"1819\">This premium blend combines strong black teas with tangy sour cherry and vibrant hibiscus, finished with a touch of natural rum flavour. A perfect choice for a sweet and surprising tea break \u2013 served hot or iced.<\/p>\n<p class=\"\" data-start=\"1821\" data-end=\"1886\">\ud83d\udcac <em data-start=\"1824\" data-end=\"1886\">Try it hot or cold \u2013 equally refreshing and full of flavour.<\/em><\/p>\n<hr class=\"\" data-start=\"1888\" data-end=\"1891\" \/>\n<h3 class=\"\" data-start=\"1893\" data-end=\"1913\">\u2705 <strong data-start=\"1899\" data-end=\"1913\">Highlights<\/strong><\/h3>\n<ul data-start=\"1914\" data-end=\"2061\">\n<li class=\"\" data-start=\"1914\" data-end=\"1992\">\n<p class=\"\" data-start=\"1916\" data-end=\"1992\">Premium blend with responsibly sourced ingredients and natural flavourings<\/p>\n<\/li>\n<li class=\"\" data-start=\"1993\" data-end=\"2026\">\n<p class=\"\" data-start=\"1995\" data-end=\"2026\">Natural cherry and rum aromas<\/p>\n<\/li>\n<li class=\"\" data-start=\"2027\" data-end=\"2061\">\n<p class=\"\" data-start=\"2029\" data-end=\"2061\">Perfect served hot or over ice<\/p>\n<\/li>\n<\/ul>\n<hr class=\"\" data-start=\"2063\" data-end=\"2066\" \/>\n<h3 class=\"\" data-start=\"2068\" data-end=\"2092\">\ud83e\uddfe <strong data-start=\"2075\" data-end=\"2090\">Ingredients<\/strong><\/h3>\n<p class=\"\" data-start=\"2093\" data-end=\"2260\">Assam black tea, South India black tea, hibiscus, sour cherry, natural cherry flavouring, natural rum flavouring.<br data-start=\"2206\" data-end=\"2209\" \/><strong data-start=\"2209\" data-end=\"2222\">Allergens<\/strong>: May contain traces of milk and nuts.<\/p>\n<hr class=\"\" data-start=\"2262\" data-end=\"2265\" \/>\n<h3 class=\"\" data-start=\"2267\" data-end=\"2291\">\ud83c\udf7d\ufe0f <strong data-start=\"2275\" data-end=\"2291\">Brewing tips<\/strong><\/h3>\n<ul data-start=\"2292\" data-end=\"2466\">\n<li class=\"\" data-start=\"2292\" data-end=\"2325\">\n<p class=\"\" data-start=\"2294\" data-end=\"2325\"><strong data-start=\"2294\" data-end=\"2315\">Water temperature<\/strong>: 100\u202f\u00b0C<\/p>\n<\/li>\n<li class=\"\" data-start=\"2326\" data-end=\"2360\">\n<p class=\"\" data-start=\"2328\" data-end=\"2360\"><strong data-start=\"2328\" data-end=\"2345\">Steeping time<\/strong>: 3\u20135 minutes<\/p>\n<\/li>\n<li class=\"\" data-start=\"2361\" data-end=\"2422\">\n<p class=\"\" data-start=\"2363\" data-end=\"2376\"><strong data-start=\"2363\" data-end=\"2375\">Quantity<\/strong>:<\/p>\n<ul data-start=\"2379\" data-end=\"2422\">\n<li class=\"\" data-start=\"2379\" data-end=\"2397\">\n<p class=\"\" data-start=\"2381\" data-end=\"2397\">3 g per 200 ml<\/p>\n<\/li>\n<li class=\"\" data-start=\"2400\" data-end=\"2422\">\n<p class=\"\" data-start=\"2402\" data-end=\"2422\"><strong data-start=\"2402\" data-end=\"2420\">15 g per litre<\/strong><\/p>\n<\/li>\n<\/ul>\n<\/li>\n<li class=\"\" data-start=\"2423\" data-end=\"2466\">\n<p class=\"\" data-start=\"2425\" data-end=\"2466\"><strong data-start=\"2425\" data-end=\"2447\">Serving suggestion<\/strong>: Enjoy hot or iced<\/p>\n<\/li>\n<\/ul>\n","protected":false},"excerpt":{"rendered":"<p class=\"\" data-start=\"2558\" data-end=\"2657\">Premium black tea blend with natural cherry and rum flavourings. 100 g pouch \u2013 perfect hot or iced.<\/p>\n","protected":false},"featured_media":10813,"template":"","meta":[],"product_brand":[],"product_cat":[143],"product_tag":[],"class_list":{"0":"post-13415","1":"product","2":"type-product","3":"status-publish","4":"has-post-thumbnail","6":"product_cat-tea","8":"first","9":"instock","10":"taxable","11":"shipping-taxable","12":"purchasable","13":"product-type-simple"},"yoast_head":"<!-- This site is optimized with the Yoast SEO plugin v25.7 - https:\/\/yoast.com\/wordpress\/plugins\/seo\/ -->\n<title>Cocktail de Cerise - La P&#039;tite Cerise<\/title>\n<meta name=\"robots\" content=\"index, follow, max-snippet:-1, max-image-preview:large, max-video-preview:-1\" \/>\n<link rel=\"canonical\" href=\"https:\/\/la-ptite-cerise.be\/produit\/cocktail-de-cerise\/\" \/>\n<meta property=\"og:locale\" content=\"en_US\" \/>\n<meta property=\"og:type\" content=\"article\" \/>\n<meta property=\"og:title\" content=\"Cocktail de Cerise - La P&#039;tite Cerise\" \/>\n<meta property=\"og:description\" content=\"Premium black tea blend with natural cherry and rum flavourings. 100 g pouch \u2013 perfect hot or iced.\" \/>\n<meta property=\"og:url\" content=\"https:\/\/la-ptite-cerise.be\/produit\/cocktail-de-cerise\/\" \/>\n<meta property=\"og:site_name\" content=\"La P&#039;tite Cerise\" \/>\n<meta property=\"article:publisher\" content=\"https:\/\/www.facebook.com\/laptitecerise\/\" \/>\n<meta property=\"article:modified_time\" content=\"2025-04-17T10:34:28+00:00\" \/>\n<meta property=\"og:image\" content=\"https:\/\/la-ptite-cerise.be\/wp-content\/uploads\/2023\/03\/download-2-e1678968772714.jpg\" \/>\n\t<meta property=\"og:image:width\" content=\"500\" \/>\n\t<meta property=\"og:image:height\" content=\"500\" \/>\n\t<meta property=\"og:image:type\" content=\"image\/jpeg\" \/>\n<meta name=\"twitter:card\" content=\"summary_large_image\" \/>\n<meta name=\"twitter:label1\" content=\"Est. reading time\" \/>\n\t<meta name=\"twitter:data1\" content=\"1 minute\" \/>\n<script type=\"application\/ld+json\" class=\"yoast-schema-graph\">{\"@context\":\"https:\/\/schema.org\",\"@graph\":[{\"@type\":\"WebPage\",\"@id\":\"https:\/\/la-ptite-cerise.be\/produit\/cocktail-de-cerise\/\",\"url\":\"https:\/\/la-ptite-cerise.be\/produit\/cocktail-de-cerise\/\",\"name\":\"Cocktail de Cerise - La P&#039;tite Cerise\",\"isPartOf\":{\"@id\":\"https:\/\/la-ptite-cerise.be\/#website\"},\"primaryImageOfPage\":{\"@id\":\"https:\/\/la-ptite-cerise.be\/produit\/cocktail-de-cerise\/#primaryimage\"},\"image\":{\"@id\":\"https:\/\/la-ptite-cerise.be\/produit\/cocktail-de-cerise\/#primaryimage\"},\"thumbnailUrl\":\"https:\/\/la-ptite-cerise.be\/wp-content\/uploads\/2023\/03\/download-2-e1678968772714.jpg\",\"datePublished\":\"2023-03-16T12:11:24+00:00\",\"dateModified\":\"2025-04-17T10:34:28+00:00\",\"breadcrumb\":{\"@id\":\"https:\/\/la-ptite-cerise.be\/produit\/cocktail-de-cerise\/#breadcrumb\"},\"inLanguage\":\"en-US\",\"potentialAction\":[{\"@type\":\"ReadAction\",\"target\":[\"https:\/\/la-ptite-cerise.be\/produit\/cocktail-de-cerise\/\"]}]},{\"@type\":\"ImageObject\",\"inLanguage\":\"en-US\",\"@id\":\"https:\/\/la-ptite-cerise.be\/produit\/cocktail-de-cerise\/#primaryimage\",\"url\":\"https:\/\/la-ptite-cerise.be\/wp-content\/uploads\/2023\/03\/download-2-e1678968772714.jpg\",\"contentUrl\":\"https:\/\/la-ptite-cerise.be\/wp-content\/uploads\/2023\/03\/download-2-e1678968772714.jpg\",\"width\":500,\"height\":500},{\"@type\":\"BreadcrumbList\",\"@id\":\"https:\/\/la-ptite-cerise.be\/produit\/cocktail-de-cerise\/#breadcrumb\",\"itemListElement\":[{\"@type\":\"ListItem\",\"position\":1,\"name\":\"Accueil\",\"item\":\"https:\/\/la-ptite-cerise.be\/en\/\"},{\"@type\":\"ListItem\",\"position\":2,\"name\":\"Store\",\"item\":\"https:\/\/la-ptite-cerise.be\/boutique\/\"},{\"@type\":\"ListItem\",\"position\":3,\"name\":\"Cocktail de Cerise\"}]},{\"@type\":\"WebSite\",\"@id\":\"https:\/\/la-ptite-cerise.be\/#website\",\"url\":\"https:\/\/la-ptite-cerise.be\/\",\"name\":\"La P'tite Cerise\",\"description\":\"Artisan torr\u00e9facteur de caf\u00e9 de sp\u00e9cialit\u00e9. S\u00e9lection de th\u00e9s &amp; tisanes.\",\"publisher\":{\"@id\":\"https:\/\/la-ptite-cerise.be\/#organization\"},\"potentialAction\":[{\"@type\":\"SearchAction\",\"target\":{\"@type\":\"EntryPoint\",\"urlTemplate\":\"https:\/\/la-ptite-cerise.be\/?s={search_term_string}\"},\"query-input\":{\"@type\":\"PropertyValueSpecification\",\"valueRequired\":true,\"valueName\":\"search_term_string\"}}],\"inLanguage\":\"en-US\"},{\"@type\":\"Organization\",\"@id\":\"https:\/\/la-ptite-cerise.be\/#organization\",\"name\":\"La P'tite Cerise\",\"url\":\"https:\/\/la-ptite-cerise.be\/\",\"logo\":{\"@type\":\"ImageObject\",\"inLanguage\":\"en-US\",\"@id\":\"https:\/\/la-ptite-cerise.be\/#\/schema\/logo\/image\/\",\"url\":\"https:\/\/la-ptite-cerise.be\/wp-content\/uploads\/2020\/10\/logo-header-01.jpg\",\"contentUrl\":\"https:\/\/la-ptite-cerise.be\/wp-content\/uploads\/2020\/10\/logo-header-01.jpg\",\"width\":176,\"height\":100,\"caption\":\"La P'tite Cerise\"},\"image\":{\"@id\":\"https:\/\/la-ptite-cerise.be\/#\/schema\/logo\/image\/\"},\"sameAs\":[\"https:\/\/www.facebook.com\/laptitecerise\/\",\"https:\/\/www.instagram.com\/la.ptite_cerise\/\"]}]}<\/script>\n<!-- \/ Yoast SEO plugin. -->","yoast_head_json":{"title":"Cocktail de Cerise - La P&#039;tite Cerise","robots":{"index":"index","follow":"follow","max-snippet":"max-snippet:-1","max-image-preview":"max-image-preview:large","max-video-preview":"max-video-preview:-1"},"canonical":"https:\/\/la-ptite-cerise.be\/produit\/cocktail-de-cerise\/","og_locale":"en_US","og_type":"article","og_title":"Cocktail de Cerise - La P&#039;tite Cerise","og_description":"Premium black tea blend with natural cherry and rum flavourings. 100 g pouch \u2013 perfect hot or iced.","og_url":"https:\/\/la-ptite-cerise.be\/produit\/cocktail-de-cerise\/","og_site_name":"La P&#039;tite Cerise","article_publisher":"https:\/\/www.facebook.com\/laptitecerise\/","article_modified_time":"2025-04-17T10:34:28+00:00","og_image":[{"width":500,"height":500,"url":"https:\/\/la-ptite-cerise.be\/wp-content\/uploads\/2023\/03\/download-2-e1678968772714.jpg","type":"image\/jpeg"}],"twitter_card":"summary_large_image","twitter_misc":{"Est. reading time":"1 minute"},"schema":{"@context":"https:\/\/schema.org","@graph":[{"@type":"WebPage","@id":"https:\/\/la-ptite-cerise.be\/produit\/cocktail-de-cerise\/","url":"https:\/\/la-ptite-cerise.be\/produit\/cocktail-de-cerise\/","name":"Cocktail de Cerise - La P&#039;tite Cerise","isPartOf":{"@id":"https:\/\/la-ptite-cerise.be\/#website"},"primaryImageOfPage":{"@id":"https:\/\/la-ptite-cerise.be\/produit\/cocktail-de-cerise\/#primaryimage"},"image":{"@id":"https:\/\/la-ptite-cerise.be\/produit\/cocktail-de-cerise\/#primaryimage"},"thumbnailUrl":"https:\/\/la-ptite-cerise.be\/wp-content\/uploads\/2023\/03\/download-2-e1678968772714.jpg","datePublished":"2023-03-16T12:11:24+00:00","dateModified":"2025-04-17T10:34:28+00:00","breadcrumb":{"@id":"https:\/\/la-ptite-cerise.be\/produit\/cocktail-de-cerise\/#breadcrumb"},"inLanguage":"en-US","potentialAction":[{"@type":"ReadAction","target":["https:\/\/la-ptite-cerise.be\/produit\/cocktail-de-cerise\/"]}]},{"@type":"ImageObject","inLanguage":"en-US","@id":"https:\/\/la-ptite-cerise.be\/produit\/cocktail-de-cerise\/#primaryimage","url":"https:\/\/la-ptite-cerise.be\/wp-content\/uploads\/2023\/03\/download-2-e1678968772714.jpg","contentUrl":"https:\/\/la-ptite-cerise.be\/wp-content\/uploads\/2023\/03\/download-2-e1678968772714.jpg","width":500,"height":500},{"@type":"BreadcrumbList","@id":"https:\/\/la-ptite-cerise.be\/produit\/cocktail-de-cerise\/#breadcrumb","itemListElement":[{"@type":"ListItem","position":1,"name":"Accueil","item":"https:\/\/la-ptite-cerise.be\/en\/"},{"@type":"ListItem","position":2,"name":"Store","item":"https:\/\/la-ptite-cerise.be\/boutique\/"},{"@type":"ListItem","position":3,"name":"Cocktail de Cerise"}]},{"@type":"WebSite","@id":"https:\/\/la-ptite-cerise.be\/#website","url":"https:\/\/la-ptite-cerise.be\/","name":"La P'tite Cerise","description":"Artisan torr\u00e9facteur de caf\u00e9 de sp\u00e9cialit\u00e9. S\u00e9lection de th\u00e9s &amp; tisanes.","publisher":{"@id":"https:\/\/la-ptite-cerise.be\/#organization"},"potentialAction":[{"@type":"SearchAction","target":{"@type":"EntryPoint","urlTemplate":"https:\/\/la-ptite-cerise.be\/?s={search_term_string}"},"query-input":{"@type":"PropertyValueSpecification","valueRequired":true,"valueName":"search_term_string"}}],"inLanguage":"en-US"},{"@type":"Organization","@id":"https:\/\/la-ptite-cerise.be\/#organization","name":"La P'tite Cerise","url":"https:\/\/la-ptite-cerise.be\/","logo":{"@type":"ImageObject","inLanguage":"en-US","@id":"https:\/\/la-ptite-cerise.be\/#\/schema\/logo\/image\/","url":"https:\/\/la-ptite-cerise.be\/wp-content\/uploads\/2020\/10\/logo-header-01.jpg","contentUrl":"https:\/\/la-ptite-cerise.be\/wp-content\/uploads\/2020\/10\/logo-header-01.jpg","width":176,"height":100,"caption":"La P'tite Cerise"},"image":{"@id":"https:\/\/la-ptite-cerise.be\/#\/schema\/logo\/image\/"},"sameAs":["https:\/\/www.facebook.com\/laptitecerise\/","https:\/\/www.instagram.com\/la.ptite_cerise\/"]}]}},"_links":{"self":[{"href":"https:\/\/la-ptite-cerise.be\/en\/wp-json\/wp\/v2\/product\/13415","targetHints":{"allow":["GET"]}}],"collection":[{"href":"https:\/\/la-ptite-cerise.be\/en\/wp-json\/wp\/v2\/product"}],"about":[{"href":"https:\/\/la-ptite-cerise.be\/en\/wp-json\/wp\/v2\/types\/product"}],"wp:featuredmedia":[{"embeddable":true,"href":"https:\/\/la-ptite-cerise.be\/en\/wp-json\/wp\/v2\/media\/10813"}],"wp:attachment":[{"href":"https:\/\/la-ptite-cerise.be\/en\/wp-json\/wp\/v2\/media?parent=13415"}],"wp:term":[{"taxonomy":"product_brand","embeddable":true,"href":"https:\/\/la-ptite-cerise.be\/en\/wp-json\/wp\/v2\/product_brand?post=13415"},{"taxonomy":"product_cat","embeddable":true,"href":"https:\/\/la-ptite-cerise.be\/en\/wp-json\/wp\/v2\/product_cat?post=13415"},{"taxonomy":"product_tag","embeddable":true,"href":"https:\/\/la-ptite-cerise.be\/en\/wp-json\/wp\/v2\/product_tag?post=13415"}],"curies":[{"name":"wp","href":"https:\/\/api.w.org\/{rel}","templated":true}]}}