{"id":13417,"date":"2023-03-16T13:02:55","date_gmt":"2023-03-16T12:02:55","guid":{"rendered":"https:\/\/la-ptite-cerise.be\/produit\/amour-de-cerise\/"},"modified":"2023-03-16T13:02:55","modified_gmt":"2023-03-16T12:02:55","slug":"amour-de-cerise","status":"publish","type":"product","link":"https:\/\/la-ptite-cerise.be\/en\/produit\/amour-de-cerise\/","title":{"rendered":"Amour de cerise"},"content":{"rendered":"<h3 class=\"\" data-start=\"1464\" data-end=\"1516\"><strong data-start=\"1473\" data-end=\"1500\">Green Tea \u2013 Cherry Love<\/strong> (100 g pouch)<\/h3>\n<p class=\"\" data-start=\"1517\" data-end=\"1602\"><strong data-start=\"1517\" data-end=\"1602\">A delicate and fruity green tea with notes of cherry, hibiscus, and blackcurrant.<\/strong><\/p>\n<p class=\"\" data-start=\"1604\" data-end=\"1852\">This premium blend combines the freshness of China Sencha green tea with the sweetness of apple, the tanginess of sour cherry, and the lightness of rose petals. Enhanced by natural cherry and blackcurrant flavourings for a subtle and indulgent cup.<\/p>\n<p class=\"\" data-start=\"1854\" data-end=\"1911\">\ud83d\udcac <em data-start=\"1857\" data-end=\"1911\">Enjoy hot or iced for a fruity and refreshing break.<\/em><\/p>\n<hr class=\"\" data-start=\"1913\" data-end=\"1916\" \/>\n<h3 class=\"\" data-start=\"1918\" data-end=\"1938\">\u2705 <strong data-start=\"1924\" data-end=\"1938\">Highlights<\/strong><\/h3>\n<ul data-start=\"1939\" data-end=\"2113\">\n<li class=\"\" data-start=\"1939\" data-end=\"2017\">\n<p class=\"\" data-start=\"1941\" data-end=\"2017\">Premium blend with responsibly sourced ingredients and natural flavourings<\/p>\n<\/li>\n<li class=\"\" data-start=\"2018\" data-end=\"2078\">\n<p class=\"\" data-start=\"2020\" data-end=\"2078\">Harmonious combination of green tea, fruits, and flowers<\/p>\n<\/li>\n<li class=\"\" data-start=\"2079\" data-end=\"2113\">\n<p class=\"\" data-start=\"2081\" data-end=\"2113\">Perfect served hot or over ice<\/p>\n<\/li>\n<\/ul>\n<hr class=\"\" data-start=\"2115\" data-end=\"2118\" \/>\n<h3 class=\"\" data-start=\"2120\" data-end=\"2144\">\ud83e\uddfe <strong data-start=\"2127\" data-end=\"2142\">Ingredients<\/strong><\/h3>\n<p class=\"\" data-start=\"2145\" data-end=\"2330\">China Sencha green tea, apple, hibiscus, natural cherry flavouring, sour cherry (3%), rose petals, natural blackcurrant flavouring.<br data-start=\"2276\" data-end=\"2279\" \/><strong data-start=\"2279\" data-end=\"2292\">Allergens<\/strong>: May contain traces of milk and nuts.<\/p>\n<hr class=\"\" data-start=\"2332\" data-end=\"2335\" \/>\n<h3 class=\"\" data-start=\"2337\" data-end=\"2361\">\ud83c\udf7d\ufe0f <strong data-start=\"2345\" data-end=\"2361\">Brewing tips<\/strong><\/h3>\n<ul data-start=\"2362\" data-end=\"2547\">\n<li class=\"\" data-start=\"2362\" data-end=\"2397\">\n<p class=\"\" data-start=\"2364\" data-end=\"2397\"><strong data-start=\"2364\" data-end=\"2385\">Water temperature<\/strong>: 70\u201380\u202f\u00b0C<\/p>\n<\/li>\n<li class=\"\" data-start=\"2398\" data-end=\"2432\">\n<p class=\"\" data-start=\"2400\" data-end=\"2432\"><strong data-start=\"2400\" data-end=\"2417\">Steeping time<\/strong>: 2\u20133 minutes<\/p>\n<\/li>\n<li class=\"\" data-start=\"2433\" data-end=\"2497\">\n<p class=\"\" data-start=\"2435\" data-end=\"2448\"><strong data-start=\"2435\" data-end=\"2447\">Quantity<\/strong>:<\/p>\n<ul data-start=\"2451\" data-end=\"2497\">\n<li class=\"\" data-start=\"2451\" data-end=\"2469\">\n<p class=\"\" data-start=\"2453\" data-end=\"2469\">3 g per 200 ml<\/p>\n<\/li>\n<li class=\"\" data-start=\"2472\" data-end=\"2497\">\n<p class=\"\" data-start=\"2474\" data-end=\"2497\"><strong data-start=\"2474\" data-end=\"2495\">12\u201315 g per litre<\/strong><\/p>\n<\/li>\n<\/ul>\n<\/li>\n<li class=\"\" data-start=\"2498\" data-end=\"2547\">\n<p class=\"\" data-start=\"2500\" data-end=\"2547\"><strong data-start=\"2500\" data-end=\"2522\">Serving suggestion<\/strong>: Enjoy plain or over ice<\/p>\n<\/li>\n<\/ul>\n","protected":false},"excerpt":{"rendered":"<p class=\"\" data-start=\"2790\" data-end=\"2920\">Premium green tea blend with natural cherry and blackcurrant flavourings. 100 g pouch \u2013 perfect for a fruity and refreshing break.<\/p>\n","protected":false},"featured_media":10807,"template":"","meta":[],"product_brand":[],"product_cat":[143],"product_tag":[],"class_list":{"0":"post-13417","1":"product","2":"type-product","3":"status-publish","4":"has-post-thumbnail","6":"product_cat-tea","8":"first","9":"instock","10":"taxable","11":"shipping-taxable","12":"purchasable","13":"product-type-simple"},"yoast_head":"<!-- This site is optimized with the Yoast SEO plugin v25.7 - https:\/\/yoast.com\/wordpress\/plugins\/seo\/ -->\n<title>Amour de cerise - La P&#039;tite Cerise<\/title>\n<meta name=\"robots\" content=\"index, follow, max-snippet:-1, max-image-preview:large, max-video-preview:-1\" \/>\n<link rel=\"canonical\" href=\"https:\/\/la-ptite-cerise.be\/produit\/amour-de-cerise\/\" \/>\n<meta property=\"og:locale\" content=\"en_US\" \/>\n<meta property=\"og:type\" content=\"article\" \/>\n<meta property=\"og:title\" content=\"Amour de cerise - La P&#039;tite Cerise\" \/>\n<meta property=\"og:description\" content=\"Premium green tea blend with natural cherry and blackcurrant flavourings. 100 g pouch \u2013 perfect for a fruity and refreshing break.\" \/>\n<meta property=\"og:url\" content=\"https:\/\/la-ptite-cerise.be\/produit\/amour-de-cerise\/\" \/>\n<meta property=\"og:site_name\" content=\"La P&#039;tite Cerise\" \/>\n<meta property=\"article:publisher\" content=\"https:\/\/www.facebook.com\/laptitecerise\/\" \/>\n<meta property=\"og:image\" content=\"https:\/\/la-ptite-cerise.be\/wp-content\/uploads\/2023\/03\/download-e1678968275248.jpg\" \/>\n\t<meta property=\"og:image:width\" content=\"500\" \/>\n\t<meta property=\"og:image:height\" content=\"500\" \/>\n\t<meta property=\"og:image:type\" content=\"image\/jpeg\" \/>\n<meta name=\"twitter:card\" content=\"summary_large_image\" \/>\n<meta name=\"twitter:label1\" content=\"Est. reading time\" \/>\n\t<meta name=\"twitter:data1\" content=\"1 minute\" \/>\n<script type=\"application\/ld+json\" class=\"yoast-schema-graph\">{\"@context\":\"https:\/\/schema.org\",\"@graph\":[{\"@type\":\"WebPage\",\"@id\":\"https:\/\/la-ptite-cerise.be\/produit\/amour-de-cerise\/\",\"url\":\"https:\/\/la-ptite-cerise.be\/produit\/amour-de-cerise\/\",\"name\":\"Amour de cerise - La P&#039;tite Cerise\",\"isPartOf\":{\"@id\":\"https:\/\/la-ptite-cerise.be\/#website\"},\"primaryImageOfPage\":{\"@id\":\"https:\/\/la-ptite-cerise.be\/produit\/amour-de-cerise\/#primaryimage\"},\"image\":{\"@id\":\"https:\/\/la-ptite-cerise.be\/produit\/amour-de-cerise\/#primaryimage\"},\"thumbnailUrl\":\"https:\/\/la-ptite-cerise.be\/wp-content\/uploads\/2023\/03\/download-e1678968275248.jpg\",\"datePublished\":\"2023-03-16T12:02:55+00:00\",\"breadcrumb\":{\"@id\":\"https:\/\/la-ptite-cerise.be\/produit\/amour-de-cerise\/#breadcrumb\"},\"inLanguage\":\"en-US\",\"potentialAction\":[{\"@type\":\"ReadAction\",\"target\":[\"https:\/\/la-ptite-cerise.be\/produit\/amour-de-cerise\/\"]}]},{\"@type\":\"ImageObject\",\"inLanguage\":\"en-US\",\"@id\":\"https:\/\/la-ptite-cerise.be\/produit\/amour-de-cerise\/#primaryimage\",\"url\":\"https:\/\/la-ptite-cerise.be\/wp-content\/uploads\/2023\/03\/download-e1678968275248.jpg\",\"contentUrl\":\"https:\/\/la-ptite-cerise.be\/wp-content\/uploads\/2023\/03\/download-e1678968275248.jpg\",\"width\":500,\"height\":500},{\"@type\":\"BreadcrumbList\",\"@id\":\"https:\/\/la-ptite-cerise.be\/produit\/amour-de-cerise\/#breadcrumb\",\"itemListElement\":[{\"@type\":\"ListItem\",\"position\":1,\"name\":\"Accueil\",\"item\":\"https:\/\/la-ptite-cerise.be\/en\/\"},{\"@type\":\"ListItem\",\"position\":2,\"name\":\"Store\",\"item\":\"https:\/\/la-ptite-cerise.be\/boutique\/\"},{\"@type\":\"ListItem\",\"position\":3,\"name\":\"Amour de cerise\"}]},{\"@type\":\"WebSite\",\"@id\":\"https:\/\/la-ptite-cerise.be\/#website\",\"url\":\"https:\/\/la-ptite-cerise.be\/\",\"name\":\"La P'tite Cerise\",\"description\":\"Artisan torr\u00e9facteur de caf\u00e9 de sp\u00e9cialit\u00e9. S\u00e9lection de th\u00e9s &amp; tisanes.\",\"publisher\":{\"@id\":\"https:\/\/la-ptite-cerise.be\/#organization\"},\"potentialAction\":[{\"@type\":\"SearchAction\",\"target\":{\"@type\":\"EntryPoint\",\"urlTemplate\":\"https:\/\/la-ptite-cerise.be\/?s={search_term_string}\"},\"query-input\":{\"@type\":\"PropertyValueSpecification\",\"valueRequired\":true,\"valueName\":\"search_term_string\"}}],\"inLanguage\":\"en-US\"},{\"@type\":\"Organization\",\"@id\":\"https:\/\/la-ptite-cerise.be\/#organization\",\"name\":\"La P'tite Cerise\",\"url\":\"https:\/\/la-ptite-cerise.be\/\",\"logo\":{\"@type\":\"ImageObject\",\"inLanguage\":\"en-US\",\"@id\":\"https:\/\/la-ptite-cerise.be\/#\/schema\/logo\/image\/\",\"url\":\"https:\/\/la-ptite-cerise.be\/wp-content\/uploads\/2020\/10\/logo-header-01.jpg\",\"contentUrl\":\"https:\/\/la-ptite-cerise.be\/wp-content\/uploads\/2020\/10\/logo-header-01.jpg\",\"width\":176,\"height\":100,\"caption\":\"La P'tite Cerise\"},\"image\":{\"@id\":\"https:\/\/la-ptite-cerise.be\/#\/schema\/logo\/image\/\"},\"sameAs\":[\"https:\/\/www.facebook.com\/laptitecerise\/\",\"https:\/\/www.instagram.com\/la.ptite_cerise\/\"]}]}<\/script>\n<!-- \/ Yoast SEO plugin. -->","yoast_head_json":{"title":"Amour de cerise - La P&#039;tite Cerise","robots":{"index":"index","follow":"follow","max-snippet":"max-snippet:-1","max-image-preview":"max-image-preview:large","max-video-preview":"max-video-preview:-1"},"canonical":"https:\/\/la-ptite-cerise.be\/produit\/amour-de-cerise\/","og_locale":"en_US","og_type":"article","og_title":"Amour de cerise - La P&#039;tite Cerise","og_description":"Premium green tea blend with natural cherry and blackcurrant flavourings. 100 g pouch \u2013 perfect for a fruity and refreshing break.","og_url":"https:\/\/la-ptite-cerise.be\/produit\/amour-de-cerise\/","og_site_name":"La P&#039;tite Cerise","article_publisher":"https:\/\/www.facebook.com\/laptitecerise\/","og_image":[{"width":500,"height":500,"url":"https:\/\/la-ptite-cerise.be\/wp-content\/uploads\/2023\/03\/download-e1678968275248.jpg","type":"image\/jpeg"}],"twitter_card":"summary_large_image","twitter_misc":{"Est. reading time":"1 minute"},"schema":{"@context":"https:\/\/schema.org","@graph":[{"@type":"WebPage","@id":"https:\/\/la-ptite-cerise.be\/produit\/amour-de-cerise\/","url":"https:\/\/la-ptite-cerise.be\/produit\/amour-de-cerise\/","name":"Amour de cerise - La P&#039;tite Cerise","isPartOf":{"@id":"https:\/\/la-ptite-cerise.be\/#website"},"primaryImageOfPage":{"@id":"https:\/\/la-ptite-cerise.be\/produit\/amour-de-cerise\/#primaryimage"},"image":{"@id":"https:\/\/la-ptite-cerise.be\/produit\/amour-de-cerise\/#primaryimage"},"thumbnailUrl":"https:\/\/la-ptite-cerise.be\/wp-content\/uploads\/2023\/03\/download-e1678968275248.jpg","datePublished":"2023-03-16T12:02:55+00:00","breadcrumb":{"@id":"https:\/\/la-ptite-cerise.be\/produit\/amour-de-cerise\/#breadcrumb"},"inLanguage":"en-US","potentialAction":[{"@type":"ReadAction","target":["https:\/\/la-ptite-cerise.be\/produit\/amour-de-cerise\/"]}]},{"@type":"ImageObject","inLanguage":"en-US","@id":"https:\/\/la-ptite-cerise.be\/produit\/amour-de-cerise\/#primaryimage","url":"https:\/\/la-ptite-cerise.be\/wp-content\/uploads\/2023\/03\/download-e1678968275248.jpg","contentUrl":"https:\/\/la-ptite-cerise.be\/wp-content\/uploads\/2023\/03\/download-e1678968275248.jpg","width":500,"height":500},{"@type":"BreadcrumbList","@id":"https:\/\/la-ptite-cerise.be\/produit\/amour-de-cerise\/#breadcrumb","itemListElement":[{"@type":"ListItem","position":1,"name":"Accueil","item":"https:\/\/la-ptite-cerise.be\/en\/"},{"@type":"ListItem","position":2,"name":"Store","item":"https:\/\/la-ptite-cerise.be\/boutique\/"},{"@type":"ListItem","position":3,"name":"Amour de cerise"}]},{"@type":"WebSite","@id":"https:\/\/la-ptite-cerise.be\/#website","url":"https:\/\/la-ptite-cerise.be\/","name":"La P'tite Cerise","description":"Artisan torr\u00e9facteur de caf\u00e9 de sp\u00e9cialit\u00e9. S\u00e9lection de th\u00e9s &amp; tisanes.","publisher":{"@id":"https:\/\/la-ptite-cerise.be\/#organization"},"potentialAction":[{"@type":"SearchAction","target":{"@type":"EntryPoint","urlTemplate":"https:\/\/la-ptite-cerise.be\/?s={search_term_string}"},"query-input":{"@type":"PropertyValueSpecification","valueRequired":true,"valueName":"search_term_string"}}],"inLanguage":"en-US"},{"@type":"Organization","@id":"https:\/\/la-ptite-cerise.be\/#organization","name":"La P'tite Cerise","url":"https:\/\/la-ptite-cerise.be\/","logo":{"@type":"ImageObject","inLanguage":"en-US","@id":"https:\/\/la-ptite-cerise.be\/#\/schema\/logo\/image\/","url":"https:\/\/la-ptite-cerise.be\/wp-content\/uploads\/2020\/10\/logo-header-01.jpg","contentUrl":"https:\/\/la-ptite-cerise.be\/wp-content\/uploads\/2020\/10\/logo-header-01.jpg","width":176,"height":100,"caption":"La P'tite Cerise"},"image":{"@id":"https:\/\/la-ptite-cerise.be\/#\/schema\/logo\/image\/"},"sameAs":["https:\/\/www.facebook.com\/laptitecerise\/","https:\/\/www.instagram.com\/la.ptite_cerise\/"]}]}},"_links":{"self":[{"href":"https:\/\/la-ptite-cerise.be\/en\/wp-json\/wp\/v2\/product\/13417","targetHints":{"allow":["GET"]}}],"collection":[{"href":"https:\/\/la-ptite-cerise.be\/en\/wp-json\/wp\/v2\/product"}],"about":[{"href":"https:\/\/la-ptite-cerise.be\/en\/wp-json\/wp\/v2\/types\/product"}],"wp:featuredmedia":[{"embeddable":true,"href":"https:\/\/la-ptite-cerise.be\/en\/wp-json\/wp\/v2\/media\/10807"}],"wp:attachment":[{"href":"https:\/\/la-ptite-cerise.be\/en\/wp-json\/wp\/v2\/media?parent=13417"}],"wp:term":[{"taxonomy":"product_brand","embeddable":true,"href":"https:\/\/la-ptite-cerise.be\/en\/wp-json\/wp\/v2\/product_brand?post=13417"},{"taxonomy":"product_cat","embeddable":true,"href":"https:\/\/la-ptite-cerise.be\/en\/wp-json\/wp\/v2\/product_cat?post=13417"},{"taxonomy":"product_tag","embeddable":true,"href":"https:\/\/la-ptite-cerise.be\/en\/wp-json\/wp\/v2\/product_tag?post=13417"}],"curies":[{"name":"wp","href":"https:\/\/api.w.org\/{rel}","templated":true}]}}