{"id":13419,"date":"2023-01-10T16:15:32","date_gmt":"2023-01-10T15:15:32","guid":{"rendered":"https:\/\/la-ptite-cerise.be\/produit\/le-the-du-torrefacteur\/"},"modified":"2023-01-10T16:15:32","modified_gmt":"2023-01-10T15:15:32","slug":"le-the-du-torrefacteur","status":"publish","type":"product","link":"https:\/\/la-ptite-cerise.be\/en\/produit\/le-the-du-torrefacteur\/","title":{"rendered":"Le th\u00e9 du Torr\u00e9facteur"},"content":{"rendered":"<h3 class=\"\" data-start=\"1180\" data-end=\"1240\"><strong data-start=\"1189\" data-end=\"1224\">Black Tea \u2013 The Roaster&#8217;s Blend<\/strong> (100 g pouch)<\/h3>\n<p class=\"\" data-start=\"1241\" data-end=\"1316\"><strong data-start=\"1241\" data-end=\"1316\">A bold black tea with warm notes of freshly ground coffee and cardamom.<\/strong><\/p>\n<p class=\"\" data-start=\"1318\" data-end=\"1443\"><span class=\"relative -mx-px my-[-0.2rem] rounded px-px py-[0.2rem] transition-colors duration-100 ease-in-out\">This premium blend combines the richness of South Indian black tea with the sweetness of dates and raisins, enhanced by coffee beans and a spicy touch of cardamom.<\/span> <span class=\"relative -mx-px my-[-0.2rem] rounded px-px py-[0.2rem] transition-colors duration-100 ease-in-out\">A daring combination for an energizing and comforting cup.<\/span>\u200b<\/p>\n<p class=\"\" data-start=\"1445\" data-end=\"1513\">\ud83d\udcac <em data-start=\"1448\" data-end=\"1513\">Enjoy hot for a gourmet break or iced for a refreshing version.<\/em><\/p>\n<hr class=\"\" data-start=\"1515\" data-end=\"1518\" \/>\n<h3 class=\"\" data-start=\"1520\" data-end=\"1540\">\u2705 <strong data-start=\"1526\" data-end=\"1540\">Highlights<\/strong><\/h3>\n<ul data-start=\"1541\" data-end=\"1716\">\n<li class=\"\" data-start=\"1541\" data-end=\"1584\">\n<p class=\"\" data-start=\"1543\" data-end=\"1584\"><span class=\"relative -mx-px my-[-0.2rem] rounded px-px py-[0.2rem] transition-colors duration-100 ease-in-out\">Premium blend with responsibly sourced ingredients and natural flavourings<\/span><\/p>\n<\/li>\n<li class=\"\" data-start=\"1585\" data-end=\"1628\">\n<p class=\"\" data-start=\"1587\" data-end=\"1628\"><span class=\"relative -mx-px my-[-0.2rem] rounded px-px py-[0.2rem] transition-colors duration-100 ease-in-out\">Unique combination of black tea, coffee, and spices<\/span><\/p>\n<\/li>\n<li class=\"\" data-start=\"1629\" data-end=\"1716\">\n<p class=\"\" data-start=\"1631\" data-end=\"1716\"><span class=\"relative -mx-px my-[-0.2rem] rounded px-px py-[0.2rem] transition-colors duration-100 ease-in-out\">Perfect served hot or over ice<\/span>\u200b<\/p>\n<\/li>\n<\/ul>\n<hr class=\"\" data-start=\"1718\" data-end=\"1721\" \/>\n<h3 class=\"\" data-start=\"1723\" data-end=\"1747\">\ud83e\uddfe <strong data-start=\"1730\" data-end=\"1745\">Ingredients<\/strong><\/h3>\n<p class=\"\" data-start=\"1748\" data-end=\"1890\"><span class=\"relative -mx-px my-[-0.2rem] rounded px-px py-[0.2rem] transition-colors duration-100 ease-in-out\">South Indian OP black tea, date (date, rice flour), raisin (raisin, vegetable oil), coffee, cardamom, natural flavouring, ground cardamom.<\/span><br data-start=\"1787\" data-end=\"1790\" \/><strong data-start=\"1790\" data-end=\"1803\">Allergens<\/strong>: <span class=\"relative -mx-px my-[-0.2rem] rounded px-px py-[0.2rem] transition-colors duration-100 ease-in-out\">May contain traces of milk and nuts.<\/span>\u200b<span class=\"\" data-state=\"closed\"><span class=\"ms-1 inline-flex max-w-full items-center relative top-[-0.094rem] animate-[show_150ms_ease-in]\"><a class=\"flex h-6 overflow-hidden rounded-xl px-2.5 text-[0.5625em] font-medium text-token-text-secondary! bg-[#F4F4F4]! dark:bg-[#303030]! transition-colors duration-150 ease-in-out\" href=\"https:\/\/b2b.alveus.eu\/fr\/le-the-du-torrefacteur-ref-84325.html?utm_source=chatgpt.com\" target=\"_blank\" rel=\"noopener\"><span class=\"relative start-0 bottom-0 flex h-full w-full items-center\"><span class=\"flex h-4 w-full items-center justify-between overflow-hidden\"><span class=\"max-w-full grow truncate overflow-hidden text-center\">b2b.alveus.eu<\/span><\/span><\/span><\/a><\/span><\/span><\/p>\n<hr class=\"\" data-start=\"1892\" data-end=\"1895\" \/>\n<h3 class=\"\" data-start=\"1897\" data-end=\"1921\">\ud83c\udf7d\ufe0f <strong data-start=\"1905\" data-end=\"1921\">Brewing tips<\/strong><\/h3>\n<ul data-start=\"1922\" data-end=\"2271\">\n<li class=\"\" data-start=\"1922\" data-end=\"1988\">\n<p class=\"\" data-start=\"1924\" data-end=\"1988\"><strong data-start=\"1924\" data-end=\"1945\">Water temperature<\/strong>: <span class=\"relative -mx-px my-[-0.2rem] rounded px-px py-[0.2rem] transition-colors duration-100 ease-in-out\">100\u202f\u00b0C<\/span><\/p>\n<\/li>\n<li class=\"\" data-start=\"1989\" data-end=\"2051\">\n<p class=\"\" data-start=\"1991\" data-end=\"2051\"><strong data-start=\"1991\" data-end=\"2008\">Steeping time<\/strong>: <span class=\"relative -mx-px my-[-0.2rem] rounded px-px py-[0.2rem] transition-colors duration-100 ease-in-out\">3\u20135 minutes<\/span><\/p>\n<\/li>\n<li class=\"\" data-start=\"2052\" data-end=\"2159\">\n<p class=\"\" data-start=\"2054\" data-end=\"2067\"><strong data-start=\"2054\" data-end=\"2066\">Quantity<\/strong>:<\/p>\n<ul data-start=\"2070\" data-end=\"2159\">\n<li class=\"\" data-start=\"2070\" data-end=\"2113\">\n<p class=\"\" data-start=\"2072\" data-end=\"2113\"><span class=\"relative -mx-px my-[-0.2rem] rounded px-px py-[0.2rem] transition-colors duration-100 ease-in-out\">3 g per 200 ml<\/span><\/p>\n<\/li>\n<li class=\"\" data-start=\"2116\" data-end=\"2159\">\n<p class=\"\" data-start=\"2118\" data-end=\"2159\"><span class=\"relative -mx-px my-[-0.2rem] rounded px-px py-[0.2rem] transition-colors duration-100 ease-in-out\"><strong data-start=\"0\" data-end=\"18\" data-is-last-node=\"\" data-is-only-node=\"\">13 g per litre<\/strong><\/span><\/p>\n<\/li>\n<\/ul>\n<\/li>\n<li class=\"\" data-start=\"2160\" data-end=\"2271\">\n<p class=\"\" data-start=\"2162\" data-end=\"2271\"><strong data-start=\"2162\" data-end=\"2184\">Serving suggestion<\/strong>: <span class=\"relative -mx-px my-[-0.2rem] rounded px-px py-[0.2rem] transition-colors duration-100 ease-in-out\">Enjoy plain or with a splash of milk<\/span><\/p>\n<\/li>\n<\/ul>\n","protected":false},"excerpt":{"rendered":"<p>Premium black tea blend with natural coffee and spice flavourings. 100 g pouch \u2013 perfect for a gourmet and energizing break.<\/p>\n","protected":false},"featured_media":10627,"template":"","meta":[],"product_brand":[],"product_cat":[143],"product_tag":[],"class_list":{"0":"post-13419","1":"product","2":"type-product","3":"status-publish","4":"has-post-thumbnail","6":"product_cat-tea","8":"first","9":"instock","10":"taxable","11":"shipping-taxable","12":"purchasable","13":"product-type-simple"},"yoast_head":"<!-- This site is optimized with the Yoast SEO plugin v25.7 - https:\/\/yoast.com\/wordpress\/plugins\/seo\/ -->\n<title>Le th\u00e9 du Torr\u00e9facteur - La P&#039;tite Cerise<\/title>\n<meta name=\"robots\" content=\"index, follow, max-snippet:-1, max-image-preview:large, max-video-preview:-1\" \/>\n<link rel=\"canonical\" href=\"https:\/\/la-ptite-cerise.be\/produit\/le-the-du-torrefacteur\/\" \/>\n<meta property=\"og:locale\" content=\"en_US\" \/>\n<meta property=\"og:type\" content=\"article\" \/>\n<meta property=\"og:title\" content=\"Le th\u00e9 du Torr\u00e9facteur - La P&#039;tite Cerise\" \/>\n<meta property=\"og:description\" content=\"Premium black tea blend with natural coffee and spice flavourings. 100 g pouch \u2013 perfect for a gourmet and energizing break.\" \/>\n<meta property=\"og:url\" content=\"https:\/\/la-ptite-cerise.be\/produit\/le-the-du-torrefacteur\/\" \/>\n<meta property=\"og:site_name\" content=\"La P&#039;tite Cerise\" \/>\n<meta property=\"article:publisher\" content=\"https:\/\/www.facebook.com\/laptitecerise\/\" \/>\n<meta property=\"og:image\" content=\"https:\/\/la-ptite-cerise.be\/wp-content\/uploads\/2023\/01\/telechargement.jpg\" \/>\n\t<meta property=\"og:image:width\" content=\"500\" \/>\n\t<meta property=\"og:image:height\" content=\"500\" \/>\n\t<meta property=\"og:image:type\" content=\"image\/jpeg\" \/>\n<meta name=\"twitter:card\" content=\"summary_large_image\" \/>\n<meta name=\"twitter:label1\" content=\"Est. reading time\" \/>\n\t<meta name=\"twitter:data1\" content=\"1 minute\" \/>\n<script type=\"application\/ld+json\" class=\"yoast-schema-graph\">{\"@context\":\"https:\/\/schema.org\",\"@graph\":[{\"@type\":\"WebPage\",\"@id\":\"https:\/\/la-ptite-cerise.be\/produit\/le-the-du-torrefacteur\/\",\"url\":\"https:\/\/la-ptite-cerise.be\/produit\/le-the-du-torrefacteur\/\",\"name\":\"Le th\u00e9 du Torr\u00e9facteur - La P&#039;tite Cerise\",\"isPartOf\":{\"@id\":\"https:\/\/la-ptite-cerise.be\/#website\"},\"primaryImageOfPage\":{\"@id\":\"https:\/\/la-ptite-cerise.be\/produit\/le-the-du-torrefacteur\/#primaryimage\"},\"image\":{\"@id\":\"https:\/\/la-ptite-cerise.be\/produit\/le-the-du-torrefacteur\/#primaryimage\"},\"thumbnailUrl\":\"https:\/\/la-ptite-cerise.be\/wp-content\/uploads\/2023\/01\/telechargement.jpg\",\"datePublished\":\"2023-01-10T15:15:32+00:00\",\"breadcrumb\":{\"@id\":\"https:\/\/la-ptite-cerise.be\/produit\/le-the-du-torrefacteur\/#breadcrumb\"},\"inLanguage\":\"en-US\",\"potentialAction\":[{\"@type\":\"ReadAction\",\"target\":[\"https:\/\/la-ptite-cerise.be\/produit\/le-the-du-torrefacteur\/\"]}]},{\"@type\":\"ImageObject\",\"inLanguage\":\"en-US\",\"@id\":\"https:\/\/la-ptite-cerise.be\/produit\/le-the-du-torrefacteur\/#primaryimage\",\"url\":\"https:\/\/la-ptite-cerise.be\/wp-content\/uploads\/2023\/01\/telechargement.jpg\",\"contentUrl\":\"https:\/\/la-ptite-cerise.be\/wp-content\/uploads\/2023\/01\/telechargement.jpg\",\"width\":500,\"height\":500},{\"@type\":\"BreadcrumbList\",\"@id\":\"https:\/\/la-ptite-cerise.be\/produit\/le-the-du-torrefacteur\/#breadcrumb\",\"itemListElement\":[{\"@type\":\"ListItem\",\"position\":1,\"name\":\"Accueil\",\"item\":\"https:\/\/la-ptite-cerise.be\/en\/\"},{\"@type\":\"ListItem\",\"position\":2,\"name\":\"Store\",\"item\":\"https:\/\/la-ptite-cerise.be\/boutique\/\"},{\"@type\":\"ListItem\",\"position\":3,\"name\":\"Le th\u00e9 du Torr\u00e9facteur\"}]},{\"@type\":\"WebSite\",\"@id\":\"https:\/\/la-ptite-cerise.be\/#website\",\"url\":\"https:\/\/la-ptite-cerise.be\/\",\"name\":\"La P'tite Cerise\",\"description\":\"Artisan torr\u00e9facteur de caf\u00e9 de sp\u00e9cialit\u00e9. S\u00e9lection de th\u00e9s &amp; tisanes.\",\"publisher\":{\"@id\":\"https:\/\/la-ptite-cerise.be\/#organization\"},\"potentialAction\":[{\"@type\":\"SearchAction\",\"target\":{\"@type\":\"EntryPoint\",\"urlTemplate\":\"https:\/\/la-ptite-cerise.be\/?s={search_term_string}\"},\"query-input\":{\"@type\":\"PropertyValueSpecification\",\"valueRequired\":true,\"valueName\":\"search_term_string\"}}],\"inLanguage\":\"en-US\"},{\"@type\":\"Organization\",\"@id\":\"https:\/\/la-ptite-cerise.be\/#organization\",\"name\":\"La P'tite Cerise\",\"url\":\"https:\/\/la-ptite-cerise.be\/\",\"logo\":{\"@type\":\"ImageObject\",\"inLanguage\":\"en-US\",\"@id\":\"https:\/\/la-ptite-cerise.be\/#\/schema\/logo\/image\/\",\"url\":\"https:\/\/la-ptite-cerise.be\/wp-content\/uploads\/2020\/10\/logo-header-01.jpg\",\"contentUrl\":\"https:\/\/la-ptite-cerise.be\/wp-content\/uploads\/2020\/10\/logo-header-01.jpg\",\"width\":176,\"height\":100,\"caption\":\"La P'tite Cerise\"},\"image\":{\"@id\":\"https:\/\/la-ptite-cerise.be\/#\/schema\/logo\/image\/\"},\"sameAs\":[\"https:\/\/www.facebook.com\/laptitecerise\/\",\"https:\/\/www.instagram.com\/la.ptite_cerise\/\"]}]}<\/script>\n<!-- \/ Yoast SEO plugin. -->","yoast_head_json":{"title":"Le th\u00e9 du Torr\u00e9facteur - La P&#039;tite Cerise","robots":{"index":"index","follow":"follow","max-snippet":"max-snippet:-1","max-image-preview":"max-image-preview:large","max-video-preview":"max-video-preview:-1"},"canonical":"https:\/\/la-ptite-cerise.be\/produit\/le-the-du-torrefacteur\/","og_locale":"en_US","og_type":"article","og_title":"Le th\u00e9 du Torr\u00e9facteur - La P&#039;tite Cerise","og_description":"Premium black tea blend with natural coffee and spice flavourings. 100 g pouch \u2013 perfect for a gourmet and energizing break.","og_url":"https:\/\/la-ptite-cerise.be\/produit\/le-the-du-torrefacteur\/","og_site_name":"La P&#039;tite Cerise","article_publisher":"https:\/\/www.facebook.com\/laptitecerise\/","og_image":[{"width":500,"height":500,"url":"https:\/\/la-ptite-cerise.be\/wp-content\/uploads\/2023\/01\/telechargement.jpg","type":"image\/jpeg"}],"twitter_card":"summary_large_image","twitter_misc":{"Est. reading time":"1 minute"},"schema":{"@context":"https:\/\/schema.org","@graph":[{"@type":"WebPage","@id":"https:\/\/la-ptite-cerise.be\/produit\/le-the-du-torrefacteur\/","url":"https:\/\/la-ptite-cerise.be\/produit\/le-the-du-torrefacteur\/","name":"Le th\u00e9 du Torr\u00e9facteur - La P&#039;tite Cerise","isPartOf":{"@id":"https:\/\/la-ptite-cerise.be\/#website"},"primaryImageOfPage":{"@id":"https:\/\/la-ptite-cerise.be\/produit\/le-the-du-torrefacteur\/#primaryimage"},"image":{"@id":"https:\/\/la-ptite-cerise.be\/produit\/le-the-du-torrefacteur\/#primaryimage"},"thumbnailUrl":"https:\/\/la-ptite-cerise.be\/wp-content\/uploads\/2023\/01\/telechargement.jpg","datePublished":"2023-01-10T15:15:32+00:00","breadcrumb":{"@id":"https:\/\/la-ptite-cerise.be\/produit\/le-the-du-torrefacteur\/#breadcrumb"},"inLanguage":"en-US","potentialAction":[{"@type":"ReadAction","target":["https:\/\/la-ptite-cerise.be\/produit\/le-the-du-torrefacteur\/"]}]},{"@type":"ImageObject","inLanguage":"en-US","@id":"https:\/\/la-ptite-cerise.be\/produit\/le-the-du-torrefacteur\/#primaryimage","url":"https:\/\/la-ptite-cerise.be\/wp-content\/uploads\/2023\/01\/telechargement.jpg","contentUrl":"https:\/\/la-ptite-cerise.be\/wp-content\/uploads\/2023\/01\/telechargement.jpg","width":500,"height":500},{"@type":"BreadcrumbList","@id":"https:\/\/la-ptite-cerise.be\/produit\/le-the-du-torrefacteur\/#breadcrumb","itemListElement":[{"@type":"ListItem","position":1,"name":"Accueil","item":"https:\/\/la-ptite-cerise.be\/en\/"},{"@type":"ListItem","position":2,"name":"Store","item":"https:\/\/la-ptite-cerise.be\/boutique\/"},{"@type":"ListItem","position":3,"name":"Le th\u00e9 du Torr\u00e9facteur"}]},{"@type":"WebSite","@id":"https:\/\/la-ptite-cerise.be\/#website","url":"https:\/\/la-ptite-cerise.be\/","name":"La P'tite Cerise","description":"Artisan torr\u00e9facteur de caf\u00e9 de sp\u00e9cialit\u00e9. S\u00e9lection de th\u00e9s &amp; tisanes.","publisher":{"@id":"https:\/\/la-ptite-cerise.be\/#organization"},"potentialAction":[{"@type":"SearchAction","target":{"@type":"EntryPoint","urlTemplate":"https:\/\/la-ptite-cerise.be\/?s={search_term_string}"},"query-input":{"@type":"PropertyValueSpecification","valueRequired":true,"valueName":"search_term_string"}}],"inLanguage":"en-US"},{"@type":"Organization","@id":"https:\/\/la-ptite-cerise.be\/#organization","name":"La P'tite Cerise","url":"https:\/\/la-ptite-cerise.be\/","logo":{"@type":"ImageObject","inLanguage":"en-US","@id":"https:\/\/la-ptite-cerise.be\/#\/schema\/logo\/image\/","url":"https:\/\/la-ptite-cerise.be\/wp-content\/uploads\/2020\/10\/logo-header-01.jpg","contentUrl":"https:\/\/la-ptite-cerise.be\/wp-content\/uploads\/2020\/10\/logo-header-01.jpg","width":176,"height":100,"caption":"La P'tite Cerise"},"image":{"@id":"https:\/\/la-ptite-cerise.be\/#\/schema\/logo\/image\/"},"sameAs":["https:\/\/www.facebook.com\/laptitecerise\/","https:\/\/www.instagram.com\/la.ptite_cerise\/"]}]}},"_links":{"self":[{"href":"https:\/\/la-ptite-cerise.be\/en\/wp-json\/wp\/v2\/product\/13419","targetHints":{"allow":["GET"]}}],"collection":[{"href":"https:\/\/la-ptite-cerise.be\/en\/wp-json\/wp\/v2\/product"}],"about":[{"href":"https:\/\/la-ptite-cerise.be\/en\/wp-json\/wp\/v2\/types\/product"}],"wp:featuredmedia":[{"embeddable":true,"href":"https:\/\/la-ptite-cerise.be\/en\/wp-json\/wp\/v2\/media\/10627"}],"wp:attachment":[{"href":"https:\/\/la-ptite-cerise.be\/en\/wp-json\/wp\/v2\/media?parent=13419"}],"wp:term":[{"taxonomy":"product_brand","embeddable":true,"href":"https:\/\/la-ptite-cerise.be\/en\/wp-json\/wp\/v2\/product_brand?post=13419"},{"taxonomy":"product_cat","embeddable":true,"href":"https:\/\/la-ptite-cerise.be\/en\/wp-json\/wp\/v2\/product_cat?post=13419"},{"taxonomy":"product_tag","embeddable":true,"href":"https:\/\/la-ptite-cerise.be\/en\/wp-json\/wp\/v2\/product_tag?post=13419"}],"curies":[{"name":"wp","href":"https:\/\/api.w.org\/{rel}","templated":true}]}}