{"id":13420,"date":"2022-12-08T10:53:53","date_gmt":"2022-12-08T09:53:53","guid":{"rendered":"https:\/\/la-ptite-cerise.be\/produit\/the-noir-de-noel\/"},"modified":"2022-12-08T10:53:53","modified_gmt":"2022-12-08T09:53:53","slug":"the-noir-de-noel","status":"publish","type":"product","link":"https:\/\/la-ptite-cerise.be\/en\/produit\/the-noir-de-noel\/","title":{"rendered":"Th\u00e9 noir de No\u00ebl"},"content":{"rendered":"<h3 class=\"\" data-start=\"1447\" data-end=\"1501\"><strong data-start=\"1456\" data-end=\"1485\">Black Tea \u2013 Christmas Tea<\/strong> (100 g pouch)<\/h3>\n<p class=\"\" data-start=\"1502\" data-end=\"1563\"><strong data-start=\"1502\" data-end=\"1563\">A warm black tea with spicy notes of cinnamon and orange.<\/strong><\/p>\n<p class=\"\" data-start=\"1565\" data-end=\"1810\">This premium blend combines the richness of Assam and South India black teas with the sweetness of apple, the zest of orange peels, and the warmth of spices. Enhanced by natural cinnamon and orange flavourings, it&#8217;s a festive and comforting cup.<\/p>\n<p class=\"\" data-start=\"1812\" data-end=\"1883\">\ud83d\udcac <em data-start=\"1815\" data-end=\"1883\">Enjoy hot for a cosy winter moment or iced for a refreshing twist.<\/em><\/p>\n<hr class=\"\" data-start=\"1885\" data-end=\"1888\" \/>\n<h3 class=\"\" data-start=\"1890\" data-end=\"1910\">\u2705 <strong data-start=\"1896\" data-end=\"1910\">Highlights<\/strong><\/h3>\n<ul data-start=\"1911\" data-end=\"2084\">\n<li class=\"\" data-start=\"1911\" data-end=\"1989\">\n<p class=\"\" data-start=\"1913\" data-end=\"1989\">Premium blend with responsibly sourced ingredients and natural flavourings<\/p>\n<\/li>\n<li class=\"\" data-start=\"1990\" data-end=\"2049\">\n<p class=\"\" data-start=\"1992\" data-end=\"2049\">Harmonious combination of black tea, fruits, and spices<\/p>\n<\/li>\n<li class=\"\" data-start=\"2050\" data-end=\"2084\">\n<p class=\"\" data-start=\"2052\" data-end=\"2084\">Perfect served hot or over ice<\/p>\n<\/li>\n<\/ul>\n<hr class=\"\" data-start=\"2086\" data-end=\"2089\" \/>\n<h3 class=\"\" data-start=\"2091\" data-end=\"2115\">\ud83e\uddfe <strong data-start=\"2098\" data-end=\"2113\">Ingredients<\/strong><\/h3>\n<p class=\"\" data-start=\"2116\" data-end=\"2326\">Assam black tea, South India black tea, apple, orange peels, cinnamon sticks, natural orange flavouring, rose petals, cardamom, natural cinnamon flavouring.<br data-start=\"2272\" data-end=\"2275\" \/><strong data-start=\"2275\" data-end=\"2288\">Allergens<\/strong>: May contain traces of milk and nuts.<\/p>\n<hr class=\"\" data-start=\"2328\" data-end=\"2331\" \/>\n<h3 class=\"\" data-start=\"2333\" data-end=\"2357\">\ud83c\udf7d\ufe0f <strong data-start=\"2341\" data-end=\"2357\">Brewing tips<\/strong><\/h3>\n<ul data-start=\"2358\" data-end=\"2554\">\n<li class=\"\" data-start=\"2358\" data-end=\"2391\">\n<p class=\"\" data-start=\"2360\" data-end=\"2391\"><strong data-start=\"2360\" data-end=\"2381\">Water temperature<\/strong>: 100\u202f\u00b0C<\/p>\n<\/li>\n<li class=\"\" data-start=\"2392\" data-end=\"2426\">\n<p class=\"\" data-start=\"2394\" data-end=\"2426\"><strong data-start=\"2394\" data-end=\"2411\">Steeping time<\/strong>: 3\u20135 minutes<\/p>\n<\/li>\n<li class=\"\" data-start=\"2427\" data-end=\"2491\">\n<p class=\"\" data-start=\"2429\" data-end=\"2442\"><strong data-start=\"2429\" data-end=\"2441\">Quantity<\/strong>:<\/p>\n<ul data-start=\"2445\" data-end=\"2491\">\n<li class=\"\" data-start=\"2445\" data-end=\"2463\">\n<p class=\"\" data-start=\"2447\" data-end=\"2463\">3 g per 200 ml<\/p>\n<\/li>\n<li class=\"\" data-start=\"2466\" data-end=\"2491\">\n<p class=\"\" data-start=\"2468\" data-end=\"2491\"><strong data-start=\"2468\" data-end=\"2489\">12\u201315 g per litre<\/strong><\/p>\n<\/li>\n<\/ul>\n<\/li>\n<li class=\"\" data-start=\"2492\" data-end=\"2554\">\n<p class=\"\" data-start=\"2494\" data-end=\"2554\"><strong data-start=\"2494\" data-end=\"2516\">Serving suggestion<\/strong>: Enjoy plain or with a touch of honey<\/p>\n<\/li>\n<\/ul>\n","protected":false},"excerpt":{"rendered":"<p class=\"\" data-start=\"2798\" data-end=\"2925\">Premium black tea blend with natural cinnamon and orange flavourings. 100 g pouch \u2013 perfect for a festive and comforting break.<\/p>\n","protected":false},"featured_media":10602,"template":"","meta":[],"product_brand":[],"product_cat":[143],"product_tag":[],"class_list":{"0":"post-13420","1":"product","2":"type-product","3":"status-publish","4":"has-post-thumbnail","6":"product_cat-tea","8":"first","9":"outofstock","10":"taxable","11":"shipping-taxable","12":"purchasable","13":"product-type-simple"},"yoast_head":"<!-- This site is optimized with the Yoast SEO plugin v25.7 - https:\/\/yoast.com\/wordpress\/plugins\/seo\/ -->\n<title>Th\u00e9 noir de No\u00ebl - La P&#039;tite Cerise<\/title>\n<meta name=\"robots\" content=\"index, follow, max-snippet:-1, max-image-preview:large, max-video-preview:-1\" \/>\n<link rel=\"canonical\" href=\"https:\/\/la-ptite-cerise.be\/en\/produit\/the-noir-de-noel\/\" \/>\n<meta property=\"og:locale\" content=\"en_US\" \/>\n<meta property=\"og:type\" content=\"article\" \/>\n<meta property=\"og:title\" content=\"Th\u00e9 noir de No\u00ebl - La P&#039;tite Cerise\" \/>\n<meta property=\"og:description\" content=\"Premium black tea blend with natural cinnamon and orange flavourings. 100 g pouch \u2013 perfect for a festive and comforting break.\" \/>\n<meta property=\"og:url\" content=\"https:\/\/la-ptite-cerise.be\/en\/produit\/the-noir-de-noel\/\" \/>\n<meta property=\"og:site_name\" content=\"La P&#039;tite Cerise\" \/>\n<meta property=\"article:publisher\" content=\"https:\/\/www.facebook.com\/laptitecerise\/\" \/>\n<meta property=\"og:image\" content=\"https:\/\/la-ptite-cerise.be\/wp-content\/uploads\/2022\/12\/84061_4528_84061_Christmas_Tea_ORGANIC_1.jpg\" \/>\n\t<meta property=\"og:image:width\" content=\"500\" \/>\n\t<meta property=\"og:image:height\" content=\"500\" \/>\n\t<meta property=\"og:image:type\" content=\"image\/jpeg\" \/>\n<meta name=\"twitter:card\" content=\"summary_large_image\" \/>\n<meta name=\"twitter:label1\" content=\"Est. reading time\" \/>\n\t<meta name=\"twitter:data1\" content=\"1 minute\" \/>\n<script type=\"application\/ld+json\" class=\"yoast-schema-graph\">{\"@context\":\"https:\/\/schema.org\",\"@graph\":[{\"@type\":\"WebPage\",\"@id\":\"https:\/\/la-ptite-cerise.be\/en\/produit\/the-noir-de-noel\/\",\"url\":\"https:\/\/la-ptite-cerise.be\/en\/produit\/the-noir-de-noel\/\",\"name\":\"Th\u00e9 noir de No\u00ebl - La P&#039;tite Cerise\",\"isPartOf\":{\"@id\":\"https:\/\/la-ptite-cerise.be\/#website\"},\"primaryImageOfPage\":{\"@id\":\"https:\/\/la-ptite-cerise.be\/en\/produit\/the-noir-de-noel\/#primaryimage\"},\"image\":{\"@id\":\"https:\/\/la-ptite-cerise.be\/en\/produit\/the-noir-de-noel\/#primaryimage\"},\"thumbnailUrl\":\"https:\/\/la-ptite-cerise.be\/wp-content\/uploads\/2022\/12\/84061_4528_84061_Christmas_Tea_ORGANIC_1.jpg\",\"datePublished\":\"2022-12-08T09:53:53+00:00\",\"breadcrumb\":{\"@id\":\"https:\/\/la-ptite-cerise.be\/en\/produit\/the-noir-de-noel\/#breadcrumb\"},\"inLanguage\":\"en-US\",\"potentialAction\":[{\"@type\":\"ReadAction\",\"target\":[\"https:\/\/la-ptite-cerise.be\/en\/produit\/the-noir-de-noel\/\"]}]},{\"@type\":\"ImageObject\",\"inLanguage\":\"en-US\",\"@id\":\"https:\/\/la-ptite-cerise.be\/en\/produit\/the-noir-de-noel\/#primaryimage\",\"url\":\"https:\/\/la-ptite-cerise.be\/wp-content\/uploads\/2022\/12\/84061_4528_84061_Christmas_Tea_ORGANIC_1.jpg\",\"contentUrl\":\"https:\/\/la-ptite-cerise.be\/wp-content\/uploads\/2022\/12\/84061_4528_84061_Christmas_Tea_ORGANIC_1.jpg\",\"width\":500,\"height\":500},{\"@type\":\"BreadcrumbList\",\"@id\":\"https:\/\/la-ptite-cerise.be\/en\/produit\/the-noir-de-noel\/#breadcrumb\",\"itemListElement\":[{\"@type\":\"ListItem\",\"position\":1,\"name\":\"Accueil\",\"item\":\"https:\/\/la-ptite-cerise.be\/en\/\"},{\"@type\":\"ListItem\",\"position\":2,\"name\":\"Store\",\"item\":\"https:\/\/la-ptite-cerise.be\/boutique\/\"},{\"@type\":\"ListItem\",\"position\":3,\"name\":\"Th\u00e9 noir de No\u00ebl\"}]},{\"@type\":\"WebSite\",\"@id\":\"https:\/\/la-ptite-cerise.be\/#website\",\"url\":\"https:\/\/la-ptite-cerise.be\/\",\"name\":\"La P'tite Cerise\",\"description\":\"Artisan torr\u00e9facteur de caf\u00e9 de sp\u00e9cialit\u00e9. S\u00e9lection de th\u00e9s &amp; tisanes.\",\"publisher\":{\"@id\":\"https:\/\/la-ptite-cerise.be\/#organization\"},\"potentialAction\":[{\"@type\":\"SearchAction\",\"target\":{\"@type\":\"EntryPoint\",\"urlTemplate\":\"https:\/\/la-ptite-cerise.be\/?s={search_term_string}\"},\"query-input\":{\"@type\":\"PropertyValueSpecification\",\"valueRequired\":true,\"valueName\":\"search_term_string\"}}],\"inLanguage\":\"en-US\"},{\"@type\":\"Organization\",\"@id\":\"https:\/\/la-ptite-cerise.be\/#organization\",\"name\":\"La P'tite Cerise\",\"url\":\"https:\/\/la-ptite-cerise.be\/\",\"logo\":{\"@type\":\"ImageObject\",\"inLanguage\":\"en-US\",\"@id\":\"https:\/\/la-ptite-cerise.be\/#\/schema\/logo\/image\/\",\"url\":\"https:\/\/la-ptite-cerise.be\/wp-content\/uploads\/2020\/10\/logo-header-01.jpg\",\"contentUrl\":\"https:\/\/la-ptite-cerise.be\/wp-content\/uploads\/2020\/10\/logo-header-01.jpg\",\"width\":176,\"height\":100,\"caption\":\"La P'tite Cerise\"},\"image\":{\"@id\":\"https:\/\/la-ptite-cerise.be\/#\/schema\/logo\/image\/\"},\"sameAs\":[\"https:\/\/www.facebook.com\/laptitecerise\/\",\"https:\/\/www.instagram.com\/la.ptite_cerise\/\"]}]}<\/script>\n<!-- \/ Yoast SEO plugin. -->","yoast_head_json":{"title":"Th\u00e9 noir de No\u00ebl - La P&#039;tite Cerise","robots":{"index":"index","follow":"follow","max-snippet":"max-snippet:-1","max-image-preview":"max-image-preview:large","max-video-preview":"max-video-preview:-1"},"canonical":"https:\/\/la-ptite-cerise.be\/en\/produit\/the-noir-de-noel\/","og_locale":"en_US","og_type":"article","og_title":"Th\u00e9 noir de No\u00ebl - La P&#039;tite Cerise","og_description":"Premium black tea blend with natural cinnamon and orange flavourings. 100 g pouch \u2013 perfect for a festive and comforting break.","og_url":"https:\/\/la-ptite-cerise.be\/en\/produit\/the-noir-de-noel\/","og_site_name":"La P&#039;tite Cerise","article_publisher":"https:\/\/www.facebook.com\/laptitecerise\/","og_image":[{"width":500,"height":500,"url":"https:\/\/la-ptite-cerise.be\/wp-content\/uploads\/2022\/12\/84061_4528_84061_Christmas_Tea_ORGANIC_1.jpg","type":"image\/jpeg"}],"twitter_card":"summary_large_image","twitter_misc":{"Est. reading time":"1 minute"},"schema":{"@context":"https:\/\/schema.org","@graph":[{"@type":"WebPage","@id":"https:\/\/la-ptite-cerise.be\/en\/produit\/the-noir-de-noel\/","url":"https:\/\/la-ptite-cerise.be\/en\/produit\/the-noir-de-noel\/","name":"Th\u00e9 noir de No\u00ebl - La P&#039;tite Cerise","isPartOf":{"@id":"https:\/\/la-ptite-cerise.be\/#website"},"primaryImageOfPage":{"@id":"https:\/\/la-ptite-cerise.be\/en\/produit\/the-noir-de-noel\/#primaryimage"},"image":{"@id":"https:\/\/la-ptite-cerise.be\/en\/produit\/the-noir-de-noel\/#primaryimage"},"thumbnailUrl":"https:\/\/la-ptite-cerise.be\/wp-content\/uploads\/2022\/12\/84061_4528_84061_Christmas_Tea_ORGANIC_1.jpg","datePublished":"2022-12-08T09:53:53+00:00","breadcrumb":{"@id":"https:\/\/la-ptite-cerise.be\/en\/produit\/the-noir-de-noel\/#breadcrumb"},"inLanguage":"en-US","potentialAction":[{"@type":"ReadAction","target":["https:\/\/la-ptite-cerise.be\/en\/produit\/the-noir-de-noel\/"]}]},{"@type":"ImageObject","inLanguage":"en-US","@id":"https:\/\/la-ptite-cerise.be\/en\/produit\/the-noir-de-noel\/#primaryimage","url":"https:\/\/la-ptite-cerise.be\/wp-content\/uploads\/2022\/12\/84061_4528_84061_Christmas_Tea_ORGANIC_1.jpg","contentUrl":"https:\/\/la-ptite-cerise.be\/wp-content\/uploads\/2022\/12\/84061_4528_84061_Christmas_Tea_ORGANIC_1.jpg","width":500,"height":500},{"@type":"BreadcrumbList","@id":"https:\/\/la-ptite-cerise.be\/en\/produit\/the-noir-de-noel\/#breadcrumb","itemListElement":[{"@type":"ListItem","position":1,"name":"Accueil","item":"https:\/\/la-ptite-cerise.be\/en\/"},{"@type":"ListItem","position":2,"name":"Store","item":"https:\/\/la-ptite-cerise.be\/boutique\/"},{"@type":"ListItem","position":3,"name":"Th\u00e9 noir de No\u00ebl"}]},{"@type":"WebSite","@id":"https:\/\/la-ptite-cerise.be\/#website","url":"https:\/\/la-ptite-cerise.be\/","name":"La P'tite Cerise","description":"Artisan torr\u00e9facteur de caf\u00e9 de sp\u00e9cialit\u00e9. S\u00e9lection de th\u00e9s &amp; tisanes.","publisher":{"@id":"https:\/\/la-ptite-cerise.be\/#organization"},"potentialAction":[{"@type":"SearchAction","target":{"@type":"EntryPoint","urlTemplate":"https:\/\/la-ptite-cerise.be\/?s={search_term_string}"},"query-input":{"@type":"PropertyValueSpecification","valueRequired":true,"valueName":"search_term_string"}}],"inLanguage":"en-US"},{"@type":"Organization","@id":"https:\/\/la-ptite-cerise.be\/#organization","name":"La P'tite Cerise","url":"https:\/\/la-ptite-cerise.be\/","logo":{"@type":"ImageObject","inLanguage":"en-US","@id":"https:\/\/la-ptite-cerise.be\/#\/schema\/logo\/image\/","url":"https:\/\/la-ptite-cerise.be\/wp-content\/uploads\/2020\/10\/logo-header-01.jpg","contentUrl":"https:\/\/la-ptite-cerise.be\/wp-content\/uploads\/2020\/10\/logo-header-01.jpg","width":176,"height":100,"caption":"La P'tite Cerise"},"image":{"@id":"https:\/\/la-ptite-cerise.be\/#\/schema\/logo\/image\/"},"sameAs":["https:\/\/www.facebook.com\/laptitecerise\/","https:\/\/www.instagram.com\/la.ptite_cerise\/"]}]}},"_links":{"self":[{"href":"https:\/\/la-ptite-cerise.be\/en\/wp-json\/wp\/v2\/product\/13420","targetHints":{"allow":["GET"]}}],"collection":[{"href":"https:\/\/la-ptite-cerise.be\/en\/wp-json\/wp\/v2\/product"}],"about":[{"href":"https:\/\/la-ptite-cerise.be\/en\/wp-json\/wp\/v2\/types\/product"}],"wp:featuredmedia":[{"embeddable":true,"href":"https:\/\/la-ptite-cerise.be\/en\/wp-json\/wp\/v2\/media\/10602"}],"wp:attachment":[{"href":"https:\/\/la-ptite-cerise.be\/en\/wp-json\/wp\/v2\/media?parent=13420"}],"wp:term":[{"taxonomy":"product_brand","embeddable":true,"href":"https:\/\/la-ptite-cerise.be\/en\/wp-json\/wp\/v2\/product_brand?post=13420"},{"taxonomy":"product_cat","embeddable":true,"href":"https:\/\/la-ptite-cerise.be\/en\/wp-json\/wp\/v2\/product_cat?post=13420"},{"taxonomy":"product_tag","embeddable":true,"href":"https:\/\/la-ptite-cerise.be\/en\/wp-json\/wp\/v2\/product_tag?post=13420"}],"curies":[{"name":"wp","href":"https:\/\/api.w.org\/{rel}","templated":true}]}}