{"id":13422,"date":"2022-12-08T10:50:27","date_gmt":"2022-12-08T09:50:27","guid":{"rendered":"https:\/\/la-ptite-cerise.be\/produit\/the-blanc-de-noel\/"},"modified":"2022-12-08T10:50:27","modified_gmt":"2022-12-08T09:50:27","slug":"the-blanc-de-noel","status":"publish","type":"product","link":"https:\/\/la-ptite-cerise.be\/en\/produit\/the-blanc-de-noel\/","title":{"rendered":"Th\u00e9 blanc de No\u00ebl"},"content":{"rendered":"<h3 class=\"\" data-start=\"1611\" data-end=\"1667\"><strong data-start=\"1620\" data-end=\"1651\">White Tea \u2013 Christmas Blend<\/strong> (100 g pouch)<\/h3>\n<p class=\"\" data-start=\"1668\" data-end=\"1743\"><strong data-start=\"1668\" data-end=\"1743\">A festive white tea with notes of orange, cinnamon, and warming spices.<\/strong><\/p>\n<p class=\"\" data-start=\"1745\" data-end=\"1999\">This premium blend brings together delicate Pai Mu Tan white tea and fresh China Chun Mee green tea, complemented by apple, orange peel and a fragrant mix of spices. Enhanced with natural orange flavouring, it offers a refined and comforting festive cup.<\/p>\n<p class=\"\" data-start=\"2001\" data-end=\"2067\">\ud83d\udcac <em data-start=\"2004\" data-end=\"2067\">Enjoy hot to warm the season or iced for a refreshing change.<\/em><\/p>\n<hr class=\"\" data-start=\"2069\" data-end=\"2072\" \/>\n<h3 class=\"\" data-start=\"2074\" data-end=\"2094\">\u2705 <strong data-start=\"2080\" data-end=\"2094\">Highlights<\/strong><\/h3>\n<ul data-start=\"2095\" data-end=\"2269\">\n<li class=\"\" data-start=\"2095\" data-end=\"2173\">\n<p class=\"\" data-start=\"2097\" data-end=\"2173\">Premium blend with responsibly sourced ingredients and natural flavourings<\/p>\n<\/li>\n<li class=\"\" data-start=\"2174\" data-end=\"2226\">\n<p class=\"\" data-start=\"2176\" data-end=\"2226\">Delicate white tea enhanced with fruit and spice<\/p>\n<\/li>\n<li class=\"\" data-start=\"2227\" data-end=\"2269\">\n<p class=\"\" data-start=\"2229\" data-end=\"2269\">Ideal for festive moments, hot or cold<\/p>\n<\/li>\n<\/ul>\n<hr class=\"\" data-start=\"2271\" data-end=\"2274\" \/>\n<h3 class=\"\" data-start=\"2276\" data-end=\"2300\">\ud83e\uddfe <strong data-start=\"2283\" data-end=\"2298\">Ingredients<\/strong><\/h3>\n<p class=\"\" data-start=\"2301\" data-end=\"2551\">Pai Mu Tan white tea, China Chun Mee green tea, apple, orange peels, cinnamon sticks, ginger (ginger, raw cane sugar), cloves, natural orange flavouring, walnuts, cardamom.<br data-start=\"2473\" data-end=\"2476\" \/><strong data-start=\"2476\" data-end=\"2489\">Allergens<\/strong>: Contains walnuts. May contain traces of milk and other nuts.<\/p>\n<hr class=\"\" data-start=\"2553\" data-end=\"2556\" \/>\n<h3 class=\"\" data-start=\"2558\" data-end=\"2582\">\ud83c\udf7d\ufe0f <strong data-start=\"2566\" data-end=\"2582\">Brewing tips<\/strong><\/h3>\n<ul data-start=\"2583\" data-end=\"2781\">\n<li class=\"\" data-start=\"2583\" data-end=\"2618\">\n<p class=\"\" data-start=\"2585\" data-end=\"2618\"><strong data-start=\"2585\" data-end=\"2606\">Water temperature<\/strong>: 70\u201380\u202f\u00b0C<\/p>\n<\/li>\n<li class=\"\" data-start=\"2619\" data-end=\"2653\">\n<p class=\"\" data-start=\"2621\" data-end=\"2653\"><strong data-start=\"2621\" data-end=\"2638\">Steeping time<\/strong>: 1\u20132 minutes<\/p>\n<\/li>\n<li class=\"\" data-start=\"2654\" data-end=\"2718\">\n<p class=\"\" data-start=\"2656\" data-end=\"2669\"><strong data-start=\"2656\" data-end=\"2668\">Quantity<\/strong>:<\/p>\n<ul data-start=\"2672\" data-end=\"2718\">\n<li class=\"\" data-start=\"2672\" data-end=\"2690\">\n<p class=\"\" data-start=\"2674\" data-end=\"2690\">3 g per 200 ml<\/p>\n<\/li>\n<li class=\"\" data-start=\"2693\" data-end=\"2718\">\n<p class=\"\" data-start=\"2695\" data-end=\"2718\"><strong data-start=\"2695\" data-end=\"2716\">12\u201315 g per litre<\/strong><\/p>\n<\/li>\n<\/ul>\n<\/li>\n<li class=\"\" data-start=\"2719\" data-end=\"2781\">\n<p class=\"\" data-start=\"2721\" data-end=\"2781\"><strong data-start=\"2721\" data-end=\"2743\">Serving suggestion<\/strong>: Enjoy plain or with a touch of honey<\/p>\n<\/li>\n<\/ul>\n","protected":false},"excerpt":{"rendered":"<p>Premium white tea blend with natural orange flavourings. 100 g pouch \u2013 a delicate and festive treat.<\/p>\n","protected":false},"featured_media":10597,"template":"","meta":[],"product_brand":[],"product_cat":[143],"product_tag":[],"class_list":{"0":"post-13422","1":"product","2":"type-product","3":"status-publish","4":"has-post-thumbnail","6":"product_cat-tea","8":"first","9":"instock","10":"taxable","11":"shipping-taxable","12":"purchasable","13":"product-type-simple"},"yoast_head":"<!-- This site is optimized with the Yoast SEO plugin v25.7 - https:\/\/yoast.com\/wordpress\/plugins\/seo\/ -->\n<title>Th\u00e9 blanc de No\u00ebl - La P&#039;tite Cerise<\/title>\n<meta name=\"robots\" content=\"index, follow, max-snippet:-1, max-image-preview:large, max-video-preview:-1\" \/>\n<link rel=\"canonical\" href=\"https:\/\/la-ptite-cerise.be\/produit\/the-blanc-de-noel\/\" \/>\n<meta property=\"og:locale\" content=\"en_US\" \/>\n<meta property=\"og:type\" content=\"article\" \/>\n<meta property=\"og:title\" content=\"Th\u00e9 blanc de No\u00ebl - La P&#039;tite Cerise\" \/>\n<meta property=\"og:description\" content=\"Premium white tea blend with natural orange flavourings. 100 g pouch \u2013 a delicate and festive treat.\" \/>\n<meta property=\"og:url\" content=\"https:\/\/la-ptite-cerise.be\/produit\/the-blanc-de-noel\/\" \/>\n<meta property=\"og:site_name\" content=\"La P&#039;tite Cerise\" \/>\n<meta property=\"article:publisher\" content=\"https:\/\/www.facebook.com\/laptitecerise\/\" \/>\n<meta property=\"og:image\" content=\"https:\/\/la-ptite-cerise.be\/wp-content\/uploads\/2022\/12\/82040_4008_82040_ChristmasTeaORGANIC_1.jpg\" \/>\n\t<meta property=\"og:image:width\" content=\"500\" \/>\n\t<meta property=\"og:image:height\" content=\"500\" \/>\n\t<meta property=\"og:image:type\" content=\"image\/jpeg\" \/>\n<meta name=\"twitter:card\" content=\"summary_large_image\" \/>\n<meta name=\"twitter:label1\" content=\"Est. reading time\" \/>\n\t<meta name=\"twitter:data1\" content=\"1 minute\" \/>\n<script type=\"application\/ld+json\" class=\"yoast-schema-graph\">{\"@context\":\"https:\/\/schema.org\",\"@graph\":[{\"@type\":\"WebPage\",\"@id\":\"https:\/\/la-ptite-cerise.be\/produit\/the-blanc-de-noel\/\",\"url\":\"https:\/\/la-ptite-cerise.be\/produit\/the-blanc-de-noel\/\",\"name\":\"Th\u00e9 blanc de No\u00ebl - La P&#039;tite Cerise\",\"isPartOf\":{\"@id\":\"https:\/\/la-ptite-cerise.be\/#website\"},\"primaryImageOfPage\":{\"@id\":\"https:\/\/la-ptite-cerise.be\/produit\/the-blanc-de-noel\/#primaryimage\"},\"image\":{\"@id\":\"https:\/\/la-ptite-cerise.be\/produit\/the-blanc-de-noel\/#primaryimage\"},\"thumbnailUrl\":\"https:\/\/la-ptite-cerise.be\/wp-content\/uploads\/2022\/12\/82040_4008_82040_ChristmasTeaORGANIC_1.jpg\",\"datePublished\":\"2022-12-08T09:50:27+00:00\",\"breadcrumb\":{\"@id\":\"https:\/\/la-ptite-cerise.be\/produit\/the-blanc-de-noel\/#breadcrumb\"},\"inLanguage\":\"en-US\",\"potentialAction\":[{\"@type\":\"ReadAction\",\"target\":[\"https:\/\/la-ptite-cerise.be\/produit\/the-blanc-de-noel\/\"]}]},{\"@type\":\"ImageObject\",\"inLanguage\":\"en-US\",\"@id\":\"https:\/\/la-ptite-cerise.be\/produit\/the-blanc-de-noel\/#primaryimage\",\"url\":\"https:\/\/la-ptite-cerise.be\/wp-content\/uploads\/2022\/12\/82040_4008_82040_ChristmasTeaORGANIC_1.jpg\",\"contentUrl\":\"https:\/\/la-ptite-cerise.be\/wp-content\/uploads\/2022\/12\/82040_4008_82040_ChristmasTeaORGANIC_1.jpg\",\"width\":500,\"height\":500},{\"@type\":\"BreadcrumbList\",\"@id\":\"https:\/\/la-ptite-cerise.be\/produit\/the-blanc-de-noel\/#breadcrumb\",\"itemListElement\":[{\"@type\":\"ListItem\",\"position\":1,\"name\":\"Accueil\",\"item\":\"https:\/\/la-ptite-cerise.be\/en\/\"},{\"@type\":\"ListItem\",\"position\":2,\"name\":\"Store\",\"item\":\"https:\/\/la-ptite-cerise.be\/boutique\/\"},{\"@type\":\"ListItem\",\"position\":3,\"name\":\"Th\u00e9 blanc de No\u00ebl\"}]},{\"@type\":\"WebSite\",\"@id\":\"https:\/\/la-ptite-cerise.be\/#website\",\"url\":\"https:\/\/la-ptite-cerise.be\/\",\"name\":\"La P'tite Cerise\",\"description\":\"Artisan torr\u00e9facteur de caf\u00e9 de sp\u00e9cialit\u00e9. S\u00e9lection de th\u00e9s &amp; tisanes.\",\"publisher\":{\"@id\":\"https:\/\/la-ptite-cerise.be\/#organization\"},\"potentialAction\":[{\"@type\":\"SearchAction\",\"target\":{\"@type\":\"EntryPoint\",\"urlTemplate\":\"https:\/\/la-ptite-cerise.be\/?s={search_term_string}\"},\"query-input\":{\"@type\":\"PropertyValueSpecification\",\"valueRequired\":true,\"valueName\":\"search_term_string\"}}],\"inLanguage\":\"en-US\"},{\"@type\":\"Organization\",\"@id\":\"https:\/\/la-ptite-cerise.be\/#organization\",\"name\":\"La P'tite Cerise\",\"url\":\"https:\/\/la-ptite-cerise.be\/\",\"logo\":{\"@type\":\"ImageObject\",\"inLanguage\":\"en-US\",\"@id\":\"https:\/\/la-ptite-cerise.be\/#\/schema\/logo\/image\/\",\"url\":\"https:\/\/la-ptite-cerise.be\/wp-content\/uploads\/2020\/10\/logo-header-01.jpg\",\"contentUrl\":\"https:\/\/la-ptite-cerise.be\/wp-content\/uploads\/2020\/10\/logo-header-01.jpg\",\"width\":176,\"height\":100,\"caption\":\"La P'tite Cerise\"},\"image\":{\"@id\":\"https:\/\/la-ptite-cerise.be\/#\/schema\/logo\/image\/\"},\"sameAs\":[\"https:\/\/www.facebook.com\/laptitecerise\/\",\"https:\/\/www.instagram.com\/la.ptite_cerise\/\"]}]}<\/script>\n<!-- \/ Yoast SEO plugin. -->","yoast_head_json":{"title":"Th\u00e9 blanc de No\u00ebl - La P&#039;tite Cerise","robots":{"index":"index","follow":"follow","max-snippet":"max-snippet:-1","max-image-preview":"max-image-preview:large","max-video-preview":"max-video-preview:-1"},"canonical":"https:\/\/la-ptite-cerise.be\/produit\/the-blanc-de-noel\/","og_locale":"en_US","og_type":"article","og_title":"Th\u00e9 blanc de No\u00ebl - La P&#039;tite Cerise","og_description":"Premium white tea blend with natural orange flavourings. 100 g pouch \u2013 a delicate and festive treat.","og_url":"https:\/\/la-ptite-cerise.be\/produit\/the-blanc-de-noel\/","og_site_name":"La P&#039;tite Cerise","article_publisher":"https:\/\/www.facebook.com\/laptitecerise\/","og_image":[{"width":500,"height":500,"url":"https:\/\/la-ptite-cerise.be\/wp-content\/uploads\/2022\/12\/82040_4008_82040_ChristmasTeaORGANIC_1.jpg","type":"image\/jpeg"}],"twitter_card":"summary_large_image","twitter_misc":{"Est. reading time":"1 minute"},"schema":{"@context":"https:\/\/schema.org","@graph":[{"@type":"WebPage","@id":"https:\/\/la-ptite-cerise.be\/produit\/the-blanc-de-noel\/","url":"https:\/\/la-ptite-cerise.be\/produit\/the-blanc-de-noel\/","name":"Th\u00e9 blanc de No\u00ebl - La P&#039;tite Cerise","isPartOf":{"@id":"https:\/\/la-ptite-cerise.be\/#website"},"primaryImageOfPage":{"@id":"https:\/\/la-ptite-cerise.be\/produit\/the-blanc-de-noel\/#primaryimage"},"image":{"@id":"https:\/\/la-ptite-cerise.be\/produit\/the-blanc-de-noel\/#primaryimage"},"thumbnailUrl":"https:\/\/la-ptite-cerise.be\/wp-content\/uploads\/2022\/12\/82040_4008_82040_ChristmasTeaORGANIC_1.jpg","datePublished":"2022-12-08T09:50:27+00:00","breadcrumb":{"@id":"https:\/\/la-ptite-cerise.be\/produit\/the-blanc-de-noel\/#breadcrumb"},"inLanguage":"en-US","potentialAction":[{"@type":"ReadAction","target":["https:\/\/la-ptite-cerise.be\/produit\/the-blanc-de-noel\/"]}]},{"@type":"ImageObject","inLanguage":"en-US","@id":"https:\/\/la-ptite-cerise.be\/produit\/the-blanc-de-noel\/#primaryimage","url":"https:\/\/la-ptite-cerise.be\/wp-content\/uploads\/2022\/12\/82040_4008_82040_ChristmasTeaORGANIC_1.jpg","contentUrl":"https:\/\/la-ptite-cerise.be\/wp-content\/uploads\/2022\/12\/82040_4008_82040_ChristmasTeaORGANIC_1.jpg","width":500,"height":500},{"@type":"BreadcrumbList","@id":"https:\/\/la-ptite-cerise.be\/produit\/the-blanc-de-noel\/#breadcrumb","itemListElement":[{"@type":"ListItem","position":1,"name":"Accueil","item":"https:\/\/la-ptite-cerise.be\/en\/"},{"@type":"ListItem","position":2,"name":"Store","item":"https:\/\/la-ptite-cerise.be\/boutique\/"},{"@type":"ListItem","position":3,"name":"Th\u00e9 blanc de No\u00ebl"}]},{"@type":"WebSite","@id":"https:\/\/la-ptite-cerise.be\/#website","url":"https:\/\/la-ptite-cerise.be\/","name":"La P'tite Cerise","description":"Artisan torr\u00e9facteur de caf\u00e9 de sp\u00e9cialit\u00e9. S\u00e9lection de th\u00e9s &amp; tisanes.","publisher":{"@id":"https:\/\/la-ptite-cerise.be\/#organization"},"potentialAction":[{"@type":"SearchAction","target":{"@type":"EntryPoint","urlTemplate":"https:\/\/la-ptite-cerise.be\/?s={search_term_string}"},"query-input":{"@type":"PropertyValueSpecification","valueRequired":true,"valueName":"search_term_string"}}],"inLanguage":"en-US"},{"@type":"Organization","@id":"https:\/\/la-ptite-cerise.be\/#organization","name":"La P'tite Cerise","url":"https:\/\/la-ptite-cerise.be\/","logo":{"@type":"ImageObject","inLanguage":"en-US","@id":"https:\/\/la-ptite-cerise.be\/#\/schema\/logo\/image\/","url":"https:\/\/la-ptite-cerise.be\/wp-content\/uploads\/2020\/10\/logo-header-01.jpg","contentUrl":"https:\/\/la-ptite-cerise.be\/wp-content\/uploads\/2020\/10\/logo-header-01.jpg","width":176,"height":100,"caption":"La P'tite Cerise"},"image":{"@id":"https:\/\/la-ptite-cerise.be\/#\/schema\/logo\/image\/"},"sameAs":["https:\/\/www.facebook.com\/laptitecerise\/","https:\/\/www.instagram.com\/la.ptite_cerise\/"]}]}},"_links":{"self":[{"href":"https:\/\/la-ptite-cerise.be\/en\/wp-json\/wp\/v2\/product\/13422","targetHints":{"allow":["GET"]}}],"collection":[{"href":"https:\/\/la-ptite-cerise.be\/en\/wp-json\/wp\/v2\/product"}],"about":[{"href":"https:\/\/la-ptite-cerise.be\/en\/wp-json\/wp\/v2\/types\/product"}],"wp:featuredmedia":[{"embeddable":true,"href":"https:\/\/la-ptite-cerise.be\/en\/wp-json\/wp\/v2\/media\/10597"}],"wp:attachment":[{"href":"https:\/\/la-ptite-cerise.be\/en\/wp-json\/wp\/v2\/media?parent=13422"}],"wp:term":[{"taxonomy":"product_brand","embeddable":true,"href":"https:\/\/la-ptite-cerise.be\/en\/wp-json\/wp\/v2\/product_brand?post=13422"},{"taxonomy":"product_cat","embeddable":true,"href":"https:\/\/la-ptite-cerise.be\/en\/wp-json\/wp\/v2\/product_cat?post=13422"},{"taxonomy":"product_tag","embeddable":true,"href":"https:\/\/la-ptite-cerise.be\/en\/wp-json\/wp\/v2\/product_tag?post=13422"}],"curies":[{"name":"wp","href":"https:\/\/api.w.org\/{rel}","templated":true}]}}