{"id":13428,"date":"2022-09-27T15:41:38","date_gmt":"2022-09-27T13:41:38","guid":{"rendered":"https:\/\/la-ptite-cerise.be\/produit\/china-milky-oolong\/"},"modified":"2022-09-27T15:41:38","modified_gmt":"2022-09-27T13:41:38","slug":"china-milky-oolong","status":"publish","type":"product","link":"https:\/\/la-ptite-cerise.be\/en\/produit\/china-milky-oolong\/","title":{"rendered":"China Milky-Oolong"},"content":{"rendered":"<h3 class=\"\" data-start=\"1288\" data-end=\"1342\"><strong data-start=\"1297\" data-end=\"1326\">Oolong Tea \u2013 Milky Oolong<\/strong> (100 g pouch)<\/h3>\n<p class=\"\" data-start=\"1343\" data-end=\"1405\"><strong data-start=\"1343\" data-end=\"1405\">A delicately milky Oolong tea with sweet and creamy notes.<\/strong><\/p>\n<p class=\"\" data-start=\"1407\" data-end=\"1665\">This premium blend combines Chinese Oolong tea with natural vanilla flavouring and coffee extract, offering a smooth cup with indulgent milk and cream flavours. Its velvety texture and subtle notes make it a comforting beverage, perfect for a soothing break.<\/p>\n<p class=\"\" data-start=\"1667\" data-end=\"1735\">\ud83d\udcac <em data-start=\"1670\" data-end=\"1735\">Enjoy hot for a cosy experience or iced for a refreshing twist.<\/em><\/p>\n<hr class=\"\" data-start=\"1737\" data-end=\"1740\" \/>\n<h3 class=\"\" data-start=\"1742\" data-end=\"1762\">\u2705 <strong data-start=\"1748\" data-end=\"1762\">Highlights<\/strong><\/h3>\n<ul data-start=\"1763\" data-end=\"1875\">\n<li class=\"\" data-start=\"1763\" data-end=\"1807\">\n<p class=\"\" data-start=\"1765\" data-end=\"1807\">Premium tea from sustainable agriculture<\/p>\n<\/li>\n<li class=\"\" data-start=\"1808\" data-end=\"1835\">\n<p class=\"\" data-start=\"1810\" data-end=\"1835\">High-quality Oolong tea<\/p>\n<\/li>\n<li class=\"\" data-start=\"1836\" data-end=\"1875\">\n<p class=\"\" data-start=\"1838\" data-end=\"1875\">Ideal for hot or iced tea enjoyment<\/p>\n<\/li>\n<\/ul>\n<hr class=\"\" data-start=\"1877\" data-end=\"1880\" \/>\n<h3 class=\"\" data-start=\"1882\" data-end=\"1906\">\ud83e\uddfe <strong data-start=\"1889\" data-end=\"1904\">Ingredients<\/strong><\/h3>\n<p class=\"\" data-start=\"1907\" data-end=\"2024\">Chinese Oolong tea, coffee extract, natural vanilla flavouring.<br data-start=\"1970\" data-end=\"1973\" \/><strong data-start=\"1973\" data-end=\"1986\">Allergens<\/strong>: May contain traces of milk and nuts.<\/p>\n<hr class=\"\" data-start=\"2026\" data-end=\"2029\" \/>\n<h3 class=\"\" data-start=\"2031\" data-end=\"2055\">\ud83c\udf7d\ufe0f <strong data-start=\"2039\" data-end=\"2055\">Brewing tips<\/strong><\/h3>\n<ul data-start=\"2056\" data-end=\"2267\">\n<li class=\"\" data-start=\"2056\" data-end=\"2091\">\n<p class=\"\" data-start=\"2058\" data-end=\"2091\"><strong data-start=\"2058\" data-end=\"2079\">Water temperature<\/strong>: 75\u201385\u202f\u00b0C<\/p>\n<\/li>\n<li class=\"\" data-start=\"2092\" data-end=\"2126\">\n<p class=\"\" data-start=\"2094\" data-end=\"2126\"><strong data-start=\"2094\" data-end=\"2111\">Steeping time<\/strong>: 2\u20134 minutes<\/p>\n<\/li>\n<li class=\"\" data-start=\"2127\" data-end=\"2191\">\n<p class=\"\" data-start=\"2129\" data-end=\"2142\"><strong data-start=\"2129\" data-end=\"2141\">Quantity<\/strong>:<\/p>\n<ul data-start=\"2145\" data-end=\"2191\">\n<li class=\"\" data-start=\"2145\" data-end=\"2163\">\n<p class=\"\" data-start=\"2147\" data-end=\"2163\">3 g per 200 ml<\/p>\n<\/li>\n<li class=\"\" data-start=\"2166\" data-end=\"2191\">\n<p class=\"\" data-start=\"2168\" data-end=\"2191\"><strong data-start=\"2168\" data-end=\"2189\">12\u201315 g per litre<\/strong><\/p>\n<\/li>\n<\/ul>\n<\/li>\n<li class=\"\" data-start=\"2192\" data-end=\"2267\">\n<p class=\"\" data-start=\"2194\" data-end=\"2267\"><strong data-start=\"2194\" data-end=\"2216\">Serving suggestion<\/strong>: Enjoy plain to fully appreciate its subtle aromas<\/p>\n<\/li>\n<\/ul>\n","protected":false},"excerpt":{"rendered":"<p>Premium Oolong tea with milky and creamy notes. 100 g pouch \u2013 perfect for a comforting and indulgent break.<\/p>\n","protected":false},"featured_media":10410,"template":"","meta":[],"product_brand":[],"product_cat":[143],"product_tag":[],"class_list":{"0":"post-13428","1":"product","2":"type-product","3":"status-publish","4":"has-post-thumbnail","6":"product_cat-tea","8":"first","9":"instock","10":"taxable","11":"shipping-taxable","12":"purchasable","13":"product-type-simple"},"yoast_head":"<!-- This site is optimized with the Yoast SEO plugin v25.7 - https:\/\/yoast.com\/wordpress\/plugins\/seo\/ -->\n<title>China Milky-Oolong - La P&#039;tite Cerise<\/title>\n<meta name=\"robots\" content=\"index, follow, max-snippet:-1, max-image-preview:large, max-video-preview:-1\" \/>\n<link rel=\"canonical\" href=\"https:\/\/la-ptite-cerise.be\/produit\/china-milk-oolong\/\" \/>\n<meta property=\"og:locale\" content=\"en_US\" \/>\n<meta property=\"og:type\" content=\"article\" \/>\n<meta property=\"og:title\" content=\"China Milky-Oolong - La P&#039;tite Cerise\" \/>\n<meta property=\"og:description\" content=\"Premium Oolong tea with milky and creamy notes. 100 g pouch \u2013 perfect for a comforting and indulgent break.\" \/>\n<meta property=\"og:url\" content=\"https:\/\/la-ptite-cerise.be\/produit\/china-milk-oolong\/\" \/>\n<meta property=\"og:site_name\" content=\"La P&#039;tite Cerise\" \/>\n<meta property=\"article:publisher\" content=\"https:\/\/www.facebook.com\/laptitecerise\/\" \/>\n<meta property=\"og:image\" content=\"https:\/\/la-ptite-cerise.be\/wp-content\/uploads\/2022\/09\/21485_600x600.jpg\" \/>\n\t<meta property=\"og:image:width\" content=\"500\" \/>\n\t<meta property=\"og:image:height\" content=\"500\" \/>\n\t<meta property=\"og:image:type\" content=\"image\/jpeg\" \/>\n<meta name=\"twitter:card\" content=\"summary_large_image\" \/>\n<meta name=\"twitter:label1\" content=\"Est. reading time\" \/>\n\t<meta name=\"twitter:data1\" content=\"1 minute\" \/>\n<script type=\"application\/ld+json\" class=\"yoast-schema-graph\">{\"@context\":\"https:\/\/schema.org\",\"@graph\":[{\"@type\":\"WebPage\",\"@id\":\"https:\/\/la-ptite-cerise.be\/produit\/china-milk-oolong\/\",\"url\":\"https:\/\/la-ptite-cerise.be\/produit\/china-milk-oolong\/\",\"name\":\"China Milky-Oolong - La P&#039;tite Cerise\",\"isPartOf\":{\"@id\":\"https:\/\/la-ptite-cerise.be\/#website\"},\"primaryImageOfPage\":{\"@id\":\"https:\/\/la-ptite-cerise.be\/produit\/china-milk-oolong\/#primaryimage\"},\"image\":{\"@id\":\"https:\/\/la-ptite-cerise.be\/produit\/china-milk-oolong\/#primaryimage\"},\"thumbnailUrl\":\"https:\/\/la-ptite-cerise.be\/wp-content\/uploads\/2022\/09\/21485_600x600.jpg\",\"datePublished\":\"2022-09-27T13:41:38+00:00\",\"breadcrumb\":{\"@id\":\"https:\/\/la-ptite-cerise.be\/produit\/china-milk-oolong\/#breadcrumb\"},\"inLanguage\":\"en-US\",\"potentialAction\":[{\"@type\":\"ReadAction\",\"target\":[\"https:\/\/la-ptite-cerise.be\/produit\/china-milk-oolong\/\"]}]},{\"@type\":\"ImageObject\",\"inLanguage\":\"en-US\",\"@id\":\"https:\/\/la-ptite-cerise.be\/produit\/china-milk-oolong\/#primaryimage\",\"url\":\"https:\/\/la-ptite-cerise.be\/wp-content\/uploads\/2022\/09\/21485_600x600.jpg\",\"contentUrl\":\"https:\/\/la-ptite-cerise.be\/wp-content\/uploads\/2022\/09\/21485_600x600.jpg\",\"width\":500,\"height\":500},{\"@type\":\"BreadcrumbList\",\"@id\":\"https:\/\/la-ptite-cerise.be\/produit\/china-milk-oolong\/#breadcrumb\",\"itemListElement\":[{\"@type\":\"ListItem\",\"position\":1,\"name\":\"Accueil\",\"item\":\"https:\/\/la-ptite-cerise.be\/en\/\"},{\"@type\":\"ListItem\",\"position\":2,\"name\":\"Store\",\"item\":\"https:\/\/la-ptite-cerise.be\/boutique\/\"},{\"@type\":\"ListItem\",\"position\":3,\"name\":\"China Milky-Oolong\"}]},{\"@type\":\"WebSite\",\"@id\":\"https:\/\/la-ptite-cerise.be\/#website\",\"url\":\"https:\/\/la-ptite-cerise.be\/\",\"name\":\"La P'tite Cerise\",\"description\":\"Artisan torr\u00e9facteur de caf\u00e9 de sp\u00e9cialit\u00e9. S\u00e9lection de th\u00e9s &amp; tisanes.\",\"publisher\":{\"@id\":\"https:\/\/la-ptite-cerise.be\/#organization\"},\"potentialAction\":[{\"@type\":\"SearchAction\",\"target\":{\"@type\":\"EntryPoint\",\"urlTemplate\":\"https:\/\/la-ptite-cerise.be\/?s={search_term_string}\"},\"query-input\":{\"@type\":\"PropertyValueSpecification\",\"valueRequired\":true,\"valueName\":\"search_term_string\"}}],\"inLanguage\":\"en-US\"},{\"@type\":\"Organization\",\"@id\":\"https:\/\/la-ptite-cerise.be\/#organization\",\"name\":\"La P'tite Cerise\",\"url\":\"https:\/\/la-ptite-cerise.be\/\",\"logo\":{\"@type\":\"ImageObject\",\"inLanguage\":\"en-US\",\"@id\":\"https:\/\/la-ptite-cerise.be\/#\/schema\/logo\/image\/\",\"url\":\"https:\/\/la-ptite-cerise.be\/wp-content\/uploads\/2020\/10\/logo-header-01.jpg\",\"contentUrl\":\"https:\/\/la-ptite-cerise.be\/wp-content\/uploads\/2020\/10\/logo-header-01.jpg\",\"width\":176,\"height\":100,\"caption\":\"La P'tite Cerise\"},\"image\":{\"@id\":\"https:\/\/la-ptite-cerise.be\/#\/schema\/logo\/image\/\"},\"sameAs\":[\"https:\/\/www.facebook.com\/laptitecerise\/\",\"https:\/\/www.instagram.com\/la.ptite_cerise\/\"]}]}<\/script>\n<!-- \/ Yoast SEO plugin. -->","yoast_head_json":{"title":"China Milky-Oolong - La P&#039;tite Cerise","robots":{"index":"index","follow":"follow","max-snippet":"max-snippet:-1","max-image-preview":"max-image-preview:large","max-video-preview":"max-video-preview:-1"},"canonical":"https:\/\/la-ptite-cerise.be\/produit\/china-milk-oolong\/","og_locale":"en_US","og_type":"article","og_title":"China Milky-Oolong - La P&#039;tite Cerise","og_description":"Premium Oolong tea with milky and creamy notes. 100 g pouch \u2013 perfect for a comforting and indulgent break.","og_url":"https:\/\/la-ptite-cerise.be\/produit\/china-milk-oolong\/","og_site_name":"La P&#039;tite Cerise","article_publisher":"https:\/\/www.facebook.com\/laptitecerise\/","og_image":[{"width":500,"height":500,"url":"https:\/\/la-ptite-cerise.be\/wp-content\/uploads\/2022\/09\/21485_600x600.jpg","type":"image\/jpeg"}],"twitter_card":"summary_large_image","twitter_misc":{"Est. reading time":"1 minute"},"schema":{"@context":"https:\/\/schema.org","@graph":[{"@type":"WebPage","@id":"https:\/\/la-ptite-cerise.be\/produit\/china-milk-oolong\/","url":"https:\/\/la-ptite-cerise.be\/produit\/china-milk-oolong\/","name":"China Milky-Oolong - La P&#039;tite Cerise","isPartOf":{"@id":"https:\/\/la-ptite-cerise.be\/#website"},"primaryImageOfPage":{"@id":"https:\/\/la-ptite-cerise.be\/produit\/china-milk-oolong\/#primaryimage"},"image":{"@id":"https:\/\/la-ptite-cerise.be\/produit\/china-milk-oolong\/#primaryimage"},"thumbnailUrl":"https:\/\/la-ptite-cerise.be\/wp-content\/uploads\/2022\/09\/21485_600x600.jpg","datePublished":"2022-09-27T13:41:38+00:00","breadcrumb":{"@id":"https:\/\/la-ptite-cerise.be\/produit\/china-milk-oolong\/#breadcrumb"},"inLanguage":"en-US","potentialAction":[{"@type":"ReadAction","target":["https:\/\/la-ptite-cerise.be\/produit\/china-milk-oolong\/"]}]},{"@type":"ImageObject","inLanguage":"en-US","@id":"https:\/\/la-ptite-cerise.be\/produit\/china-milk-oolong\/#primaryimage","url":"https:\/\/la-ptite-cerise.be\/wp-content\/uploads\/2022\/09\/21485_600x600.jpg","contentUrl":"https:\/\/la-ptite-cerise.be\/wp-content\/uploads\/2022\/09\/21485_600x600.jpg","width":500,"height":500},{"@type":"BreadcrumbList","@id":"https:\/\/la-ptite-cerise.be\/produit\/china-milk-oolong\/#breadcrumb","itemListElement":[{"@type":"ListItem","position":1,"name":"Accueil","item":"https:\/\/la-ptite-cerise.be\/en\/"},{"@type":"ListItem","position":2,"name":"Store","item":"https:\/\/la-ptite-cerise.be\/boutique\/"},{"@type":"ListItem","position":3,"name":"China Milky-Oolong"}]},{"@type":"WebSite","@id":"https:\/\/la-ptite-cerise.be\/#website","url":"https:\/\/la-ptite-cerise.be\/","name":"La P'tite Cerise","description":"Artisan torr\u00e9facteur de caf\u00e9 de sp\u00e9cialit\u00e9. S\u00e9lection de th\u00e9s &amp; tisanes.","publisher":{"@id":"https:\/\/la-ptite-cerise.be\/#organization"},"potentialAction":[{"@type":"SearchAction","target":{"@type":"EntryPoint","urlTemplate":"https:\/\/la-ptite-cerise.be\/?s={search_term_string}"},"query-input":{"@type":"PropertyValueSpecification","valueRequired":true,"valueName":"search_term_string"}}],"inLanguage":"en-US"},{"@type":"Organization","@id":"https:\/\/la-ptite-cerise.be\/#organization","name":"La P'tite Cerise","url":"https:\/\/la-ptite-cerise.be\/","logo":{"@type":"ImageObject","inLanguage":"en-US","@id":"https:\/\/la-ptite-cerise.be\/#\/schema\/logo\/image\/","url":"https:\/\/la-ptite-cerise.be\/wp-content\/uploads\/2020\/10\/logo-header-01.jpg","contentUrl":"https:\/\/la-ptite-cerise.be\/wp-content\/uploads\/2020\/10\/logo-header-01.jpg","width":176,"height":100,"caption":"La P'tite Cerise"},"image":{"@id":"https:\/\/la-ptite-cerise.be\/#\/schema\/logo\/image\/"},"sameAs":["https:\/\/www.facebook.com\/laptitecerise\/","https:\/\/www.instagram.com\/la.ptite_cerise\/"]}]}},"_links":{"self":[{"href":"https:\/\/la-ptite-cerise.be\/en\/wp-json\/wp\/v2\/product\/13428","targetHints":{"allow":["GET"]}}],"collection":[{"href":"https:\/\/la-ptite-cerise.be\/en\/wp-json\/wp\/v2\/product"}],"about":[{"href":"https:\/\/la-ptite-cerise.be\/en\/wp-json\/wp\/v2\/types\/product"}],"wp:featuredmedia":[{"embeddable":true,"href":"https:\/\/la-ptite-cerise.be\/en\/wp-json\/wp\/v2\/media\/10410"}],"wp:attachment":[{"href":"https:\/\/la-ptite-cerise.be\/en\/wp-json\/wp\/v2\/media?parent=13428"}],"wp:term":[{"taxonomy":"product_brand","embeddable":true,"href":"https:\/\/la-ptite-cerise.be\/en\/wp-json\/wp\/v2\/product_brand?post=13428"},{"taxonomy":"product_cat","embeddable":true,"href":"https:\/\/la-ptite-cerise.be\/en\/wp-json\/wp\/v2\/product_cat?post=13428"},{"taxonomy":"product_tag","embeddable":true,"href":"https:\/\/la-ptite-cerise.be\/en\/wp-json\/wp\/v2\/product_tag?post=13428"}],"curies":[{"name":"wp","href":"https:\/\/api.w.org\/{rel}","templated":true}]}}