{"id":13432,"date":"2022-09-07T15:28:38","date_gmt":"2022-09-07T13:28:38","guid":{"rendered":"https:\/\/la-ptite-cerise.be\/produit\/china-bancha\/"},"modified":"2022-09-07T15:28:38","modified_gmt":"2022-09-07T13:28:38","slug":"china-bancha","status":"publish","type":"product","link":"https:\/\/la-ptite-cerise.be\/en\/produit\/china-bancha\/","title":{"rendered":"China Bancha"},"content":{"rendered":"<h3 class=\"\" data-start=\"1161\" data-end=\"1214\"><strong data-start=\"1170\" data-end=\"1198\">Green Tea \u2013 China Bancha<\/strong> (100 g pouch)<\/h3>\n<p class=\"\" data-start=\"1215\" data-end=\"1275\"><strong data-start=\"1215\" data-end=\"1275\">A mild and balanced green tea with subtle vegetal notes.<\/strong><\/p>\n<p class=\"\" data-start=\"1277\" data-end=\"1473\">This premium tea stands out with its large flat leaves and delicate flavour profile. Light and low in astringency, it&#8217;s perfect for daily enjoyment and offers a gentle cup with fresh green aromas.<\/p>\n<p class=\"\" data-start=\"1475\" data-end=\"1523\">\ud83d\udcac <em data-start=\"1478\" data-end=\"1523\">Ideal hot or iced, from morning to evening.<\/em><\/p>\n<hr class=\"\" data-start=\"1525\" data-end=\"1528\" \/>\n<h3 class=\"\" data-start=\"1530\" data-end=\"1550\">\u2705 <strong data-start=\"1536\" data-end=\"1550\">Highlights<\/strong><\/h3>\n<ul data-start=\"1551\" data-end=\"1664\">\n<li class=\"\" data-start=\"1551\" data-end=\"1595\">\n<p class=\"\" data-start=\"1553\" data-end=\"1595\">Premium tea from sustainable agriculture<\/p>\n<\/li>\n<li class=\"\" data-start=\"1596\" data-end=\"1622\">\n<p class=\"\" data-start=\"1598\" data-end=\"1622\">High-quality green tea<\/p>\n<\/li>\n<li class=\"\" data-start=\"1623\" data-end=\"1664\">\n<p class=\"\" data-start=\"1625\" data-end=\"1664\">Perfect for hot or iced tea enjoyment<\/p>\n<\/li>\n<\/ul>\n<hr class=\"\" data-start=\"1666\" data-end=\"1669\" \/>\n<h3 class=\"\" data-start=\"1671\" data-end=\"1695\">\ud83e\uddfe <strong data-start=\"1678\" data-end=\"1693\">Ingredients<\/strong><\/h3>\n<p class=\"\" data-start=\"1696\" data-end=\"1772\">China Bancha green tea<br data-start=\"1718\" data-end=\"1721\" \/><strong data-start=\"1721\" data-end=\"1734\">Allergens<\/strong>: May contain traces of milk and nuts.<\/p>\n<hr class=\"\" data-start=\"1774\" data-end=\"1777\" \/>\n<h3 class=\"\" data-start=\"1779\" data-end=\"1803\">\ud83c\udf7d\ufe0f <strong data-start=\"1787\" data-end=\"1803\">Brewing tips<\/strong><\/h3>\n<ul data-start=\"1804\" data-end=\"2028\">\n<li class=\"\" data-start=\"1804\" data-end=\"1839\">\n<p class=\"\" data-start=\"1806\" data-end=\"1839\"><strong data-start=\"1806\" data-end=\"1827\">Water temperature<\/strong>: 70\u201380\u202f\u00b0C<\/p>\n<\/li>\n<li class=\"\" data-start=\"1840\" data-end=\"1876\">\n<p class=\"\" data-start=\"1842\" data-end=\"1876\"><strong data-start=\"1842\" data-end=\"1859\">Steeping time<\/strong>: 1.5\u20132 minutes<\/p>\n<\/li>\n<li class=\"\" data-start=\"1877\" data-end=\"1941\">\n<p class=\"\" data-start=\"1879\" data-end=\"1892\"><strong data-start=\"1879\" data-end=\"1891\">Quantity<\/strong>:<\/p>\n<ul data-start=\"1895\" data-end=\"1941\">\n<li class=\"\" data-start=\"1895\" data-end=\"1913\">\n<p class=\"\" data-start=\"1897\" data-end=\"1913\">3 g per 200 ml<\/p>\n<\/li>\n<li class=\"\" data-start=\"1916\" data-end=\"1941\">\n<p class=\"\" data-start=\"1918\" data-end=\"1941\"><strong data-start=\"1918\" data-end=\"1939\">12\u201315 g per litre<\/strong><\/p>\n<\/li>\n<\/ul>\n<\/li>\n<li class=\"\" data-start=\"1942\" data-end=\"2028\">\n<p class=\"\" data-start=\"1944\" data-end=\"2028\"><strong data-start=\"1944\" data-end=\"1966\">Serving suggestion<\/strong>: Enjoy plain to fully appreciate its fresh, natural character<\/p>\n<\/li>\n<\/ul>\n","protected":false},"excerpt":{"rendered":"<p class=\"\" data-start=\"2238\" data-end=\"2317\">Premium green tea with gentle vegetal notes. 100 g pouch \u2013 a perfect daily tea.<\/p>\n","protected":false},"featured_media":13431,"template":"","meta":[],"product_brand":[],"product_cat":[143],"product_tag":[],"class_list":{"0":"post-13432","1":"product","2":"type-product","3":"status-publish","4":"has-post-thumbnail","6":"product_cat-tea","8":"first","9":"instock","10":"taxable","11":"shipping-taxable","12":"purchasable","13":"product-type-simple"},"yoast_head":"<!-- This site is optimized with the Yoast SEO plugin v25.7 - https:\/\/yoast.com\/wordpress\/plugins\/seo\/ -->\n<title>China Bancha - La P&#039;tite Cerise<\/title>\n<meta name=\"robots\" content=\"index, follow, max-snippet:-1, max-image-preview:large, max-video-preview:-1\" \/>\n<link rel=\"canonical\" href=\"https:\/\/la-ptite-cerise.be\/produit\/bancha\/\" \/>\n<meta property=\"og:locale\" content=\"en_US\" \/>\n<meta property=\"og:type\" content=\"article\" \/>\n<meta property=\"og:title\" content=\"China Bancha - La P&#039;tite Cerise\" \/>\n<meta property=\"og:description\" content=\"Premium green tea with gentle vegetal notes. 100 g pouch \u2013 a perfect daily tea.\" \/>\n<meta property=\"og:url\" content=\"https:\/\/la-ptite-cerise.be\/produit\/bancha\/\" \/>\n<meta property=\"og:site_name\" content=\"La P&#039;tite Cerise\" \/>\n<meta property=\"article:publisher\" content=\"https:\/\/www.facebook.com\/laptitecerise\/\" \/>\n<meta property=\"og:image\" content=\"https:\/\/la-ptite-cerise.be\/wp-content\/uploads\/2022\/09\/82531_1.jpeg\" \/>\n\t<meta property=\"og:image:width\" content=\"500\" \/>\n\t<meta property=\"og:image:height\" content=\"500\" \/>\n\t<meta property=\"og:image:type\" content=\"image\/jpeg\" \/>\n<meta name=\"twitter:card\" content=\"summary_large_image\" \/>\n<meta name=\"twitter:label1\" content=\"Est. reading time\" \/>\n\t<meta name=\"twitter:data1\" content=\"1 minute\" \/>\n<script type=\"application\/ld+json\" class=\"yoast-schema-graph\">{\"@context\":\"https:\/\/schema.org\",\"@graph\":[{\"@type\":\"WebPage\",\"@id\":\"https:\/\/la-ptite-cerise.be\/produit\/bancha\/\",\"url\":\"https:\/\/la-ptite-cerise.be\/produit\/bancha\/\",\"name\":\"China Bancha - La P&#039;tite Cerise\",\"isPartOf\":{\"@id\":\"https:\/\/la-ptite-cerise.be\/#website\"},\"primaryImageOfPage\":{\"@id\":\"https:\/\/la-ptite-cerise.be\/produit\/bancha\/#primaryimage\"},\"image\":{\"@id\":\"https:\/\/la-ptite-cerise.be\/produit\/bancha\/#primaryimage\"},\"thumbnailUrl\":\"https:\/\/la-ptite-cerise.be\/wp-content\/uploads\/2022\/09\/82531_1.jpeg\",\"datePublished\":\"2022-09-07T13:28:38+00:00\",\"breadcrumb\":{\"@id\":\"https:\/\/la-ptite-cerise.be\/produit\/bancha\/#breadcrumb\"},\"inLanguage\":\"en-US\",\"potentialAction\":[{\"@type\":\"ReadAction\",\"target\":[\"https:\/\/la-ptite-cerise.be\/produit\/bancha\/\"]}]},{\"@type\":\"ImageObject\",\"inLanguage\":\"en-US\",\"@id\":\"https:\/\/la-ptite-cerise.be\/produit\/bancha\/#primaryimage\",\"url\":\"https:\/\/la-ptite-cerise.be\/wp-content\/uploads\/2022\/09\/82531_1.jpeg\",\"contentUrl\":\"https:\/\/la-ptite-cerise.be\/wp-content\/uploads\/2022\/09\/82531_1.jpeg\",\"width\":500,\"height\":500},{\"@type\":\"BreadcrumbList\",\"@id\":\"https:\/\/la-ptite-cerise.be\/produit\/bancha\/#breadcrumb\",\"itemListElement\":[{\"@type\":\"ListItem\",\"position\":1,\"name\":\"Accueil\",\"item\":\"https:\/\/la-ptite-cerise.be\/en\/\"},{\"@type\":\"ListItem\",\"position\":2,\"name\":\"Store\",\"item\":\"https:\/\/la-ptite-cerise.be\/boutique\/\"},{\"@type\":\"ListItem\",\"position\":3,\"name\":\"China Bancha\"}]},{\"@type\":\"WebSite\",\"@id\":\"https:\/\/la-ptite-cerise.be\/#website\",\"url\":\"https:\/\/la-ptite-cerise.be\/\",\"name\":\"La P'tite Cerise\",\"description\":\"Artisan torr\u00e9facteur de caf\u00e9 de sp\u00e9cialit\u00e9. S\u00e9lection de th\u00e9s &amp; tisanes.\",\"publisher\":{\"@id\":\"https:\/\/la-ptite-cerise.be\/#organization\"},\"potentialAction\":[{\"@type\":\"SearchAction\",\"target\":{\"@type\":\"EntryPoint\",\"urlTemplate\":\"https:\/\/la-ptite-cerise.be\/?s={search_term_string}\"},\"query-input\":{\"@type\":\"PropertyValueSpecification\",\"valueRequired\":true,\"valueName\":\"search_term_string\"}}],\"inLanguage\":\"en-US\"},{\"@type\":\"Organization\",\"@id\":\"https:\/\/la-ptite-cerise.be\/#organization\",\"name\":\"La P'tite Cerise\",\"url\":\"https:\/\/la-ptite-cerise.be\/\",\"logo\":{\"@type\":\"ImageObject\",\"inLanguage\":\"en-US\",\"@id\":\"https:\/\/la-ptite-cerise.be\/#\/schema\/logo\/image\/\",\"url\":\"https:\/\/la-ptite-cerise.be\/wp-content\/uploads\/2020\/10\/logo-header-01.jpg\",\"contentUrl\":\"https:\/\/la-ptite-cerise.be\/wp-content\/uploads\/2020\/10\/logo-header-01.jpg\",\"width\":176,\"height\":100,\"caption\":\"La P'tite Cerise\"},\"image\":{\"@id\":\"https:\/\/la-ptite-cerise.be\/#\/schema\/logo\/image\/\"},\"sameAs\":[\"https:\/\/www.facebook.com\/laptitecerise\/\",\"https:\/\/www.instagram.com\/la.ptite_cerise\/\"]}]}<\/script>\n<!-- \/ Yoast SEO plugin. -->","yoast_head_json":{"title":"China Bancha - La P&#039;tite Cerise","robots":{"index":"index","follow":"follow","max-snippet":"max-snippet:-1","max-image-preview":"max-image-preview:large","max-video-preview":"max-video-preview:-1"},"canonical":"https:\/\/la-ptite-cerise.be\/produit\/bancha\/","og_locale":"en_US","og_type":"article","og_title":"China Bancha - La P&#039;tite Cerise","og_description":"Premium green tea with gentle vegetal notes. 100 g pouch \u2013 a perfect daily tea.","og_url":"https:\/\/la-ptite-cerise.be\/produit\/bancha\/","og_site_name":"La P&#039;tite Cerise","article_publisher":"https:\/\/www.facebook.com\/laptitecerise\/","og_image":[{"width":500,"height":500,"url":"https:\/\/la-ptite-cerise.be\/wp-content\/uploads\/2022\/09\/82531_1.jpeg","type":"image\/jpeg"}],"twitter_card":"summary_large_image","twitter_misc":{"Est. reading time":"1 minute"},"schema":{"@context":"https:\/\/schema.org","@graph":[{"@type":"WebPage","@id":"https:\/\/la-ptite-cerise.be\/produit\/bancha\/","url":"https:\/\/la-ptite-cerise.be\/produit\/bancha\/","name":"China Bancha - La P&#039;tite Cerise","isPartOf":{"@id":"https:\/\/la-ptite-cerise.be\/#website"},"primaryImageOfPage":{"@id":"https:\/\/la-ptite-cerise.be\/produit\/bancha\/#primaryimage"},"image":{"@id":"https:\/\/la-ptite-cerise.be\/produit\/bancha\/#primaryimage"},"thumbnailUrl":"https:\/\/la-ptite-cerise.be\/wp-content\/uploads\/2022\/09\/82531_1.jpeg","datePublished":"2022-09-07T13:28:38+00:00","breadcrumb":{"@id":"https:\/\/la-ptite-cerise.be\/produit\/bancha\/#breadcrumb"},"inLanguage":"en-US","potentialAction":[{"@type":"ReadAction","target":["https:\/\/la-ptite-cerise.be\/produit\/bancha\/"]}]},{"@type":"ImageObject","inLanguage":"en-US","@id":"https:\/\/la-ptite-cerise.be\/produit\/bancha\/#primaryimage","url":"https:\/\/la-ptite-cerise.be\/wp-content\/uploads\/2022\/09\/82531_1.jpeg","contentUrl":"https:\/\/la-ptite-cerise.be\/wp-content\/uploads\/2022\/09\/82531_1.jpeg","width":500,"height":500},{"@type":"BreadcrumbList","@id":"https:\/\/la-ptite-cerise.be\/produit\/bancha\/#breadcrumb","itemListElement":[{"@type":"ListItem","position":1,"name":"Accueil","item":"https:\/\/la-ptite-cerise.be\/en\/"},{"@type":"ListItem","position":2,"name":"Store","item":"https:\/\/la-ptite-cerise.be\/boutique\/"},{"@type":"ListItem","position":3,"name":"China Bancha"}]},{"@type":"WebSite","@id":"https:\/\/la-ptite-cerise.be\/#website","url":"https:\/\/la-ptite-cerise.be\/","name":"La P'tite Cerise","description":"Artisan torr\u00e9facteur de caf\u00e9 de sp\u00e9cialit\u00e9. S\u00e9lection de th\u00e9s &amp; tisanes.","publisher":{"@id":"https:\/\/la-ptite-cerise.be\/#organization"},"potentialAction":[{"@type":"SearchAction","target":{"@type":"EntryPoint","urlTemplate":"https:\/\/la-ptite-cerise.be\/?s={search_term_string}"},"query-input":{"@type":"PropertyValueSpecification","valueRequired":true,"valueName":"search_term_string"}}],"inLanguage":"en-US"},{"@type":"Organization","@id":"https:\/\/la-ptite-cerise.be\/#organization","name":"La P'tite Cerise","url":"https:\/\/la-ptite-cerise.be\/","logo":{"@type":"ImageObject","inLanguage":"en-US","@id":"https:\/\/la-ptite-cerise.be\/#\/schema\/logo\/image\/","url":"https:\/\/la-ptite-cerise.be\/wp-content\/uploads\/2020\/10\/logo-header-01.jpg","contentUrl":"https:\/\/la-ptite-cerise.be\/wp-content\/uploads\/2020\/10\/logo-header-01.jpg","width":176,"height":100,"caption":"La P'tite Cerise"},"image":{"@id":"https:\/\/la-ptite-cerise.be\/#\/schema\/logo\/image\/"},"sameAs":["https:\/\/www.facebook.com\/laptitecerise\/","https:\/\/www.instagram.com\/la.ptite_cerise\/"]}]}},"_links":{"self":[{"href":"https:\/\/la-ptite-cerise.be\/en\/wp-json\/wp\/v2\/product\/13432","targetHints":{"allow":["GET"]}}],"collection":[{"href":"https:\/\/la-ptite-cerise.be\/en\/wp-json\/wp\/v2\/product"}],"about":[{"href":"https:\/\/la-ptite-cerise.be\/en\/wp-json\/wp\/v2\/types\/product"}],"wp:featuredmedia":[{"embeddable":true,"href":"https:\/\/la-ptite-cerise.be\/en\/wp-json\/wp\/v2\/media\/13431"}],"wp:attachment":[{"href":"https:\/\/la-ptite-cerise.be\/en\/wp-json\/wp\/v2\/media?parent=13432"}],"wp:term":[{"taxonomy":"product_brand","embeddable":true,"href":"https:\/\/la-ptite-cerise.be\/en\/wp-json\/wp\/v2\/product_brand?post=13432"},{"taxonomy":"product_cat","embeddable":true,"href":"https:\/\/la-ptite-cerise.be\/en\/wp-json\/wp\/v2\/product_cat?post=13432"},{"taxonomy":"product_tag","embeddable":true,"href":"https:\/\/la-ptite-cerise.be\/en\/wp-json\/wp\/v2\/product_tag?post=13432"}],"curies":[{"name":"wp","href":"https:\/\/api.w.org\/{rel}","templated":true}]}}