{"id":13438,"date":"2022-04-28T12:41:47","date_gmt":"2022-04-28T10:41:47","guid":{"rendered":"https:\/\/la-ptite-cerise.be\/produit\/russian-earl-grey\/"},"modified":"2022-04-28T12:41:47","modified_gmt":"2022-04-28T10:41:47","slug":"russian-earl-grey","status":"publish","type":"product","link":"https:\/\/la-ptite-cerise.be\/en\/produit\/russian-earl-grey\/","title":{"rendered":"Russian Earl Grey"},"content":{"rendered":"<h3 class=\"\" data-start=\"1475\" data-end=\"1533\"><strong data-start=\"1484\" data-end=\"1517\">Black Tea \u2013 Russian Earl Grey<\/strong> (100 g pouch)<\/h3>\n<p class=\"\" data-start=\"1534\" data-end=\"1616\"><strong data-start=\"1534\" data-end=\"1616\">A revitalised Earl Grey with vibrant notes of grapefruit, lemon, and bergamot.<\/strong><\/p>\n<p class=\"\" data-start=\"1618\" data-end=\"1817\">This flavoured black tea combines the strength of Assam and South Indian teas with natural citrus flavourings. Marigold and cornflower petals add a floral, colourful touch to this invigorating blend.<\/p>\n<p class=\"\" data-start=\"1819\" data-end=\"1884\">\ud83d\udcac <em data-start=\"1822\" data-end=\"1884\">Enjoy hot or iced for a refreshing break at any time of day.<\/em><\/p>\n<hr class=\"\" data-start=\"1886\" data-end=\"1889\" \/>\n<h3 class=\"\" data-start=\"1891\" data-end=\"1911\">\u2705 <strong data-start=\"1897\" data-end=\"1911\">Highlights<\/strong><\/h3>\n<ul data-start=\"1912\" data-end=\"2097\">\n<li class=\"\" data-start=\"1912\" data-end=\"1990\">\n<p class=\"\" data-start=\"1914\" data-end=\"1990\">Premium blend with responsibly sourced ingredients and natural flavourings<\/p>\n<\/li>\n<li class=\"\" data-start=\"1991\" data-end=\"2044\">\n<p class=\"\" data-start=\"1993\" data-end=\"2044\">Bright citrus notes (grapefruit, lemon, bergamot)<\/p>\n<\/li>\n<li class=\"\" data-start=\"2045\" data-end=\"2097\">\n<p class=\"\" data-start=\"2047\" data-end=\"2097\">Perfect hot or iced for an energising tea moment<\/p>\n<\/li>\n<\/ul>\n<hr class=\"\" data-start=\"2099\" data-end=\"2102\" \/>\n<h3 class=\"\" data-start=\"2104\" data-end=\"2128\">\ud83e\uddfe <strong data-start=\"2111\" data-end=\"2126\">Ingredients<\/strong><\/h3>\n<p class=\"\" data-start=\"2129\" data-end=\"2345\">Assam black tea, South Indian black tea, natural grapefruit flavouring, natural lemon flavouring, natural bergamot flavouring, marigold petals, cornflower petals.<br data-start=\"2291\" data-end=\"2294\" \/><strong data-start=\"2294\" data-end=\"2307\">Allergens<\/strong>: May contain traces of milk and nuts.<\/p>\n<hr class=\"\" data-start=\"2347\" data-end=\"2350\" \/>\n<h3 class=\"\" data-start=\"2352\" data-end=\"2376\">\ud83c\udf7d\ufe0f <strong data-start=\"2360\" data-end=\"2376\">Brewing tips<\/strong><\/h3>\n<ul data-start=\"2377\" data-end=\"2601\">\n<li class=\"\" data-start=\"2377\" data-end=\"2410\">\n<p class=\"\" data-start=\"2379\" data-end=\"2410\"><strong data-start=\"2379\" data-end=\"2400\">Water temperature<\/strong>: 100\u202f\u00b0C<\/p>\n<\/li>\n<li class=\"\" data-start=\"2411\" data-end=\"2445\">\n<p class=\"\" data-start=\"2413\" data-end=\"2445\"><strong data-start=\"2413\" data-end=\"2430\">Steeping time<\/strong>: 3\u20135 minutes<\/p>\n<\/li>\n<li class=\"\" data-start=\"2446\" data-end=\"2510\">\n<p class=\"\" data-start=\"2448\" data-end=\"2461\"><strong data-start=\"2448\" data-end=\"2460\">Quantity<\/strong>:<\/p>\n<ul data-start=\"2464\" data-end=\"2510\">\n<li class=\"\" data-start=\"2464\" data-end=\"2482\">\n<p class=\"\" data-start=\"2466\" data-end=\"2482\">3 g per 200 ml<\/p>\n<\/li>\n<li class=\"\" data-start=\"2485\" data-end=\"2510\">\n<p class=\"\" data-start=\"2487\" data-end=\"2510\"><strong data-start=\"2487\" data-end=\"2508\">12\u201315 g per litre<\/strong><\/p>\n<\/li>\n<\/ul>\n<\/li>\n<li class=\"\" data-start=\"2511\" data-end=\"2601\">\n<p class=\"\" data-start=\"2513\" data-end=\"2601\"><strong data-start=\"2513\" data-end=\"2535\">Serving suggestion<\/strong>: Enjoy plain or with a slice of lemon to enhance the citrus notes<\/p>\n<\/li>\n<\/ul>\n","protected":false},"excerpt":{"rendered":"<p>Flavoured black tea with grapefruit, lemon, and bergamot notes. 100 g pouch \u2013 perfect for a refreshing tasting experience.<\/p>\n","protected":false},"featured_media":10088,"template":"","meta":[],"product_brand":[],"product_cat":[143],"product_tag":[],"class_list":{"0":"post-13438","1":"product","2":"type-product","3":"status-publish","4":"has-post-thumbnail","6":"product_cat-tea","8":"first","9":"instock","10":"taxable","11":"shipping-taxable","12":"purchasable","13":"product-type-simple"},"yoast_head":"<!-- This site is optimized with the Yoast SEO plugin v25.7 - https:\/\/yoast.com\/wordpress\/plugins\/seo\/ -->\n<title>Russian Earl Grey - La P&#039;tite Cerise<\/title>\n<meta name=\"robots\" content=\"index, follow, max-snippet:-1, max-image-preview:large, max-video-preview:-1\" \/>\n<link rel=\"canonical\" href=\"https:\/\/la-ptite-cerise.be\/produit\/russian-earl-grey\/\" \/>\n<meta property=\"og:locale\" content=\"en_US\" \/>\n<meta property=\"og:type\" content=\"article\" \/>\n<meta property=\"og:title\" content=\"Russian Earl Grey - La P&#039;tite Cerise\" \/>\n<meta property=\"og:description\" content=\"Flavoured black tea with grapefruit, lemon, and bergamot notes. 100 g pouch \u2013 perfect for a refreshing tasting experience.\" \/>\n<meta property=\"og:url\" content=\"https:\/\/la-ptite-cerise.be\/produit\/russian-earl-grey\/\" \/>\n<meta property=\"og:site_name\" content=\"La P&#039;tite Cerise\" \/>\n<meta property=\"article:publisher\" content=\"https:\/\/www.facebook.com\/laptitecerise\/\" \/>\n<meta property=\"og:image\" content=\"https:\/\/la-ptite-cerise.be\/wp-content\/uploads\/2022\/04\/84076_Russian_Earl_Grey_ORGANIC_LOW.jpg\" \/>\n\t<meta property=\"og:image:width\" content=\"500\" \/>\n\t<meta property=\"og:image:height\" content=\"500\" \/>\n\t<meta property=\"og:image:type\" content=\"image\/jpeg\" \/>\n<meta name=\"twitter:card\" content=\"summary_large_image\" \/>\n<meta name=\"twitter:label1\" content=\"Est. reading time\" \/>\n\t<meta name=\"twitter:data1\" content=\"1 minute\" \/>\n<script type=\"application\/ld+json\" class=\"yoast-schema-graph\">{\"@context\":\"https:\/\/schema.org\",\"@graph\":[{\"@type\":\"WebPage\",\"@id\":\"https:\/\/la-ptite-cerise.be\/produit\/russian-earl-grey\/\",\"url\":\"https:\/\/la-ptite-cerise.be\/produit\/russian-earl-grey\/\",\"name\":\"Russian Earl Grey - La P&#039;tite Cerise\",\"isPartOf\":{\"@id\":\"https:\/\/la-ptite-cerise.be\/#website\"},\"primaryImageOfPage\":{\"@id\":\"https:\/\/la-ptite-cerise.be\/produit\/russian-earl-grey\/#primaryimage\"},\"image\":{\"@id\":\"https:\/\/la-ptite-cerise.be\/produit\/russian-earl-grey\/#primaryimage\"},\"thumbnailUrl\":\"https:\/\/la-ptite-cerise.be\/wp-content\/uploads\/2022\/04\/84076_Russian_Earl_Grey_ORGANIC_LOW.jpg\",\"datePublished\":\"2022-04-28T10:41:47+00:00\",\"breadcrumb\":{\"@id\":\"https:\/\/la-ptite-cerise.be\/produit\/russian-earl-grey\/#breadcrumb\"},\"inLanguage\":\"en-US\",\"potentialAction\":[{\"@type\":\"ReadAction\",\"target\":[\"https:\/\/la-ptite-cerise.be\/produit\/russian-earl-grey\/\"]}]},{\"@type\":\"ImageObject\",\"inLanguage\":\"en-US\",\"@id\":\"https:\/\/la-ptite-cerise.be\/produit\/russian-earl-grey\/#primaryimage\",\"url\":\"https:\/\/la-ptite-cerise.be\/wp-content\/uploads\/2022\/04\/84076_Russian_Earl_Grey_ORGANIC_LOW.jpg\",\"contentUrl\":\"https:\/\/la-ptite-cerise.be\/wp-content\/uploads\/2022\/04\/84076_Russian_Earl_Grey_ORGANIC_LOW.jpg\",\"width\":500,\"height\":500},{\"@type\":\"BreadcrumbList\",\"@id\":\"https:\/\/la-ptite-cerise.be\/produit\/russian-earl-grey\/#breadcrumb\",\"itemListElement\":[{\"@type\":\"ListItem\",\"position\":1,\"name\":\"Accueil\",\"item\":\"https:\/\/la-ptite-cerise.be\/en\/\"},{\"@type\":\"ListItem\",\"position\":2,\"name\":\"Store\",\"item\":\"https:\/\/la-ptite-cerise.be\/boutique\/\"},{\"@type\":\"ListItem\",\"position\":3,\"name\":\"Russian Earl Grey\"}]},{\"@type\":\"WebSite\",\"@id\":\"https:\/\/la-ptite-cerise.be\/#website\",\"url\":\"https:\/\/la-ptite-cerise.be\/\",\"name\":\"La P'tite Cerise\",\"description\":\"Artisan torr\u00e9facteur de caf\u00e9 de sp\u00e9cialit\u00e9. S\u00e9lection de th\u00e9s &amp; tisanes.\",\"publisher\":{\"@id\":\"https:\/\/la-ptite-cerise.be\/#organization\"},\"potentialAction\":[{\"@type\":\"SearchAction\",\"target\":{\"@type\":\"EntryPoint\",\"urlTemplate\":\"https:\/\/la-ptite-cerise.be\/?s={search_term_string}\"},\"query-input\":{\"@type\":\"PropertyValueSpecification\",\"valueRequired\":true,\"valueName\":\"search_term_string\"}}],\"inLanguage\":\"en-US\"},{\"@type\":\"Organization\",\"@id\":\"https:\/\/la-ptite-cerise.be\/#organization\",\"name\":\"La P'tite Cerise\",\"url\":\"https:\/\/la-ptite-cerise.be\/\",\"logo\":{\"@type\":\"ImageObject\",\"inLanguage\":\"en-US\",\"@id\":\"https:\/\/la-ptite-cerise.be\/#\/schema\/logo\/image\/\",\"url\":\"https:\/\/la-ptite-cerise.be\/wp-content\/uploads\/2020\/10\/logo-header-01.jpg\",\"contentUrl\":\"https:\/\/la-ptite-cerise.be\/wp-content\/uploads\/2020\/10\/logo-header-01.jpg\",\"width\":176,\"height\":100,\"caption\":\"La P'tite Cerise\"},\"image\":{\"@id\":\"https:\/\/la-ptite-cerise.be\/#\/schema\/logo\/image\/\"},\"sameAs\":[\"https:\/\/www.facebook.com\/laptitecerise\/\",\"https:\/\/www.instagram.com\/la.ptite_cerise\/\"]}]}<\/script>\n<!-- \/ Yoast SEO plugin. -->","yoast_head_json":{"title":"Russian Earl Grey - La P&#039;tite Cerise","robots":{"index":"index","follow":"follow","max-snippet":"max-snippet:-1","max-image-preview":"max-image-preview:large","max-video-preview":"max-video-preview:-1"},"canonical":"https:\/\/la-ptite-cerise.be\/produit\/russian-earl-grey\/","og_locale":"en_US","og_type":"article","og_title":"Russian Earl Grey - La P&#039;tite Cerise","og_description":"Flavoured black tea with grapefruit, lemon, and bergamot notes. 100 g pouch \u2013 perfect for a refreshing tasting experience.","og_url":"https:\/\/la-ptite-cerise.be\/produit\/russian-earl-grey\/","og_site_name":"La P&#039;tite Cerise","article_publisher":"https:\/\/www.facebook.com\/laptitecerise\/","og_image":[{"width":500,"height":500,"url":"https:\/\/la-ptite-cerise.be\/wp-content\/uploads\/2022\/04\/84076_Russian_Earl_Grey_ORGANIC_LOW.jpg","type":"image\/jpeg"}],"twitter_card":"summary_large_image","twitter_misc":{"Est. reading time":"1 minute"},"schema":{"@context":"https:\/\/schema.org","@graph":[{"@type":"WebPage","@id":"https:\/\/la-ptite-cerise.be\/produit\/russian-earl-grey\/","url":"https:\/\/la-ptite-cerise.be\/produit\/russian-earl-grey\/","name":"Russian Earl Grey - La P&#039;tite Cerise","isPartOf":{"@id":"https:\/\/la-ptite-cerise.be\/#website"},"primaryImageOfPage":{"@id":"https:\/\/la-ptite-cerise.be\/produit\/russian-earl-grey\/#primaryimage"},"image":{"@id":"https:\/\/la-ptite-cerise.be\/produit\/russian-earl-grey\/#primaryimage"},"thumbnailUrl":"https:\/\/la-ptite-cerise.be\/wp-content\/uploads\/2022\/04\/84076_Russian_Earl_Grey_ORGANIC_LOW.jpg","datePublished":"2022-04-28T10:41:47+00:00","breadcrumb":{"@id":"https:\/\/la-ptite-cerise.be\/produit\/russian-earl-grey\/#breadcrumb"},"inLanguage":"en-US","potentialAction":[{"@type":"ReadAction","target":["https:\/\/la-ptite-cerise.be\/produit\/russian-earl-grey\/"]}]},{"@type":"ImageObject","inLanguage":"en-US","@id":"https:\/\/la-ptite-cerise.be\/produit\/russian-earl-grey\/#primaryimage","url":"https:\/\/la-ptite-cerise.be\/wp-content\/uploads\/2022\/04\/84076_Russian_Earl_Grey_ORGANIC_LOW.jpg","contentUrl":"https:\/\/la-ptite-cerise.be\/wp-content\/uploads\/2022\/04\/84076_Russian_Earl_Grey_ORGANIC_LOW.jpg","width":500,"height":500},{"@type":"BreadcrumbList","@id":"https:\/\/la-ptite-cerise.be\/produit\/russian-earl-grey\/#breadcrumb","itemListElement":[{"@type":"ListItem","position":1,"name":"Accueil","item":"https:\/\/la-ptite-cerise.be\/en\/"},{"@type":"ListItem","position":2,"name":"Store","item":"https:\/\/la-ptite-cerise.be\/boutique\/"},{"@type":"ListItem","position":3,"name":"Russian Earl Grey"}]},{"@type":"WebSite","@id":"https:\/\/la-ptite-cerise.be\/#website","url":"https:\/\/la-ptite-cerise.be\/","name":"La P'tite Cerise","description":"Artisan torr\u00e9facteur de caf\u00e9 de sp\u00e9cialit\u00e9. S\u00e9lection de th\u00e9s &amp; tisanes.","publisher":{"@id":"https:\/\/la-ptite-cerise.be\/#organization"},"potentialAction":[{"@type":"SearchAction","target":{"@type":"EntryPoint","urlTemplate":"https:\/\/la-ptite-cerise.be\/?s={search_term_string}"},"query-input":{"@type":"PropertyValueSpecification","valueRequired":true,"valueName":"search_term_string"}}],"inLanguage":"en-US"},{"@type":"Organization","@id":"https:\/\/la-ptite-cerise.be\/#organization","name":"La P'tite Cerise","url":"https:\/\/la-ptite-cerise.be\/","logo":{"@type":"ImageObject","inLanguage":"en-US","@id":"https:\/\/la-ptite-cerise.be\/#\/schema\/logo\/image\/","url":"https:\/\/la-ptite-cerise.be\/wp-content\/uploads\/2020\/10\/logo-header-01.jpg","contentUrl":"https:\/\/la-ptite-cerise.be\/wp-content\/uploads\/2020\/10\/logo-header-01.jpg","width":176,"height":100,"caption":"La P'tite Cerise"},"image":{"@id":"https:\/\/la-ptite-cerise.be\/#\/schema\/logo\/image\/"},"sameAs":["https:\/\/www.facebook.com\/laptitecerise\/","https:\/\/www.instagram.com\/la.ptite_cerise\/"]}]}},"_links":{"self":[{"href":"https:\/\/la-ptite-cerise.be\/en\/wp-json\/wp\/v2\/product\/13438","targetHints":{"allow":["GET"]}}],"collection":[{"href":"https:\/\/la-ptite-cerise.be\/en\/wp-json\/wp\/v2\/product"}],"about":[{"href":"https:\/\/la-ptite-cerise.be\/en\/wp-json\/wp\/v2\/types\/product"}],"wp:featuredmedia":[{"embeddable":true,"href":"https:\/\/la-ptite-cerise.be\/en\/wp-json\/wp\/v2\/media\/10088"}],"wp:attachment":[{"href":"https:\/\/la-ptite-cerise.be\/en\/wp-json\/wp\/v2\/media?parent=13438"}],"wp:term":[{"taxonomy":"product_brand","embeddable":true,"href":"https:\/\/la-ptite-cerise.be\/en\/wp-json\/wp\/v2\/product_brand?post=13438"},{"taxonomy":"product_cat","embeddable":true,"href":"https:\/\/la-ptite-cerise.be\/en\/wp-json\/wp\/v2\/product_cat?post=13438"},{"taxonomy":"product_tag","embeddable":true,"href":"https:\/\/la-ptite-cerise.be\/en\/wp-json\/wp\/v2\/product_tag?post=13438"}],"curies":[{"name":"wp","href":"https:\/\/api.w.org\/{rel}","templated":true}]}}