{"id":13440,"date":"2022-02-18T13:42:14","date_gmt":"2022-02-18T12:42:14","guid":{"rendered":"https:\/\/la-ptite-cerise.be\/produit\/tilleul-menthe\/"},"modified":"2022-02-18T13:42:14","modified_gmt":"2022-02-18T12:42:14","slug":"tilleul-menthe","status":"publish","type":"product","link":"https:\/\/la-ptite-cerise.be\/en\/produit\/tilleul-menthe\/","title":{"rendered":"Tilleul &#8211; menthe"},"content":{"rendered":"<h3 class=\"\" data-start=\"1346\" data-end=\"1402\"><strong data-start=\"1355\" data-end=\"1386\">Herbal Tisane \u2013 Linden Mint<\/strong> (100 g pouch)<\/h3>\n<p class=\"\" data-start=\"1403\" data-end=\"1469\"><strong data-start=\"1403\" data-end=\"1469\">A soothing and aromatic tisane with linden, verbena, and mint.<\/strong><\/p>\n<p class=\"\" data-start=\"1471\" data-end=\"1647\">This premium blend combines calming linden flowers and verbena with refreshing peppermint notes. Naturally caffeine-free, it\u2019s perfect for unwinding, especially in the evening.<\/p>\n<p class=\"\" data-start=\"1649\" data-end=\"1699\">\ud83d\udcac <em data-start=\"1652\" data-end=\"1699\">Enjoy hot as a relaxing treat or after meals.<\/em><\/p>\n<hr class=\"\" data-start=\"1701\" data-end=\"1704\" \/>\n<h3 class=\"\" data-start=\"1706\" data-end=\"1726\">\u2705 <strong data-start=\"1712\" data-end=\"1726\">Highlights<\/strong><\/h3>\n<ul data-start=\"1727\" data-end=\"1893\">\n<li class=\"\" data-start=\"1727\" data-end=\"1781\">\n<p class=\"\" data-start=\"1729\" data-end=\"1781\">Premium blend with sustainably sourced ingredients<\/p>\n<\/li>\n<li class=\"\" data-start=\"1782\" data-end=\"1833\">\n<p class=\"\" data-start=\"1784\" data-end=\"1833\">Natural combination of linden, verbena and mint<\/p>\n<\/li>\n<li class=\"\" data-start=\"1834\" data-end=\"1893\">\n<p class=\"\" data-start=\"1836\" data-end=\"1893\">Perfect for relaxing moments, especially in the evening<\/p>\n<\/li>\n<\/ul>\n<hr class=\"\" data-start=\"1895\" data-end=\"1898\" \/>\n<h3 class=\"\" data-start=\"1900\" data-end=\"1924\">\ud83e\uddfe <strong data-start=\"1907\" data-end=\"1922\">Ingredients<\/strong><\/h3>\n<p class=\"\" data-start=\"1925\" data-end=\"2058\">Linden flowers (64%), verbena, mint (16%), whole verbena, whole peppermint (5%)<br data-start=\"2004\" data-end=\"2007\" \/><strong data-start=\"2007\" data-end=\"2020\">Allergens<\/strong>: May contain traces of milk and nuts.<\/p>\n<hr class=\"\" data-start=\"2060\" data-end=\"2063\" \/>\n<h3 class=\"\" data-start=\"2065\" data-end=\"2089\">\ud83c\udf7d\ufe0f <strong data-start=\"2073\" data-end=\"2089\">Brewing tips<\/strong><\/h3>\n<ul data-start=\"2090\" data-end=\"2287\">\n<li class=\"\" data-start=\"2090\" data-end=\"2123\">\n<p class=\"\" data-start=\"2092\" data-end=\"2123\"><strong data-start=\"2092\" data-end=\"2113\">Water temperature<\/strong>: 100\u202f\u00b0C<\/p>\n<\/li>\n<li class=\"\" data-start=\"2124\" data-end=\"2159\">\n<p class=\"\" data-start=\"2126\" data-end=\"2159\"><strong data-start=\"2126\" data-end=\"2143\">Steeping time<\/strong>: 5\u201310 minutes<\/p>\n<\/li>\n<li class=\"\" data-start=\"2160\" data-end=\"2224\">\n<p class=\"\" data-start=\"2162\" data-end=\"2175\"><strong data-start=\"2162\" data-end=\"2174\">Quantity<\/strong>:<\/p>\n<ul data-start=\"2178\" data-end=\"2224\">\n<li class=\"\" data-start=\"2178\" data-end=\"2196\">\n<p class=\"\" data-start=\"2180\" data-end=\"2196\">3 g per 200 ml<\/p>\n<\/li>\n<li class=\"\" data-start=\"2199\" data-end=\"2224\">\n<p class=\"\" data-start=\"2201\" data-end=\"2224\"><strong data-start=\"2201\" data-end=\"2222\">12\u201315 g per litre<\/strong><\/p>\n<\/li>\n<\/ul>\n<\/li>\n<li class=\"\" data-start=\"2225\" data-end=\"2287\">\n<p class=\"\" data-start=\"2227\" data-end=\"2287\"><strong data-start=\"2227\" data-end=\"2249\">Serving suggestion<\/strong>: Enjoy plain or with a touch of honey<\/p>\n<\/li>\n<\/ul>\n","protected":false},"excerpt":{"rendered":"<p>Premium linden, verbena and mint tisane. 100 g pouch \u2013 a calming, herbal moment to end the day.<\/p>\n","protected":false},"featured_media":9918,"template":"","meta":[],"product_brand":[],"product_cat":[143],"product_tag":[],"class_list":{"0":"post-13440","1":"product","2":"type-product","3":"status-publish","4":"has-post-thumbnail","6":"product_cat-tea","8":"first","9":"instock","10":"taxable","11":"shipping-taxable","12":"purchasable","13":"product-type-simple"},"yoast_head":"<!-- This site is optimized with the Yoast SEO plugin v25.7 - https:\/\/yoast.com\/wordpress\/plugins\/seo\/ -->\n<title>Tilleul - menthe - La P&#039;tite Cerise<\/title>\n<meta name=\"robots\" content=\"index, follow, max-snippet:-1, max-image-preview:large, max-video-preview:-1\" \/>\n<link rel=\"canonical\" href=\"https:\/\/la-ptite-cerise.be\/produit\/tilleul-menthe\/\" \/>\n<meta property=\"og:locale\" content=\"en_US\" \/>\n<meta property=\"og:type\" content=\"article\" \/>\n<meta property=\"og:title\" content=\"Tilleul - menthe - La P&#039;tite Cerise\" \/>\n<meta property=\"og:description\" content=\"Premium linden, verbena and mint tisane. 100 g pouch \u2013 a calming, herbal moment to end the day.\" \/>\n<meta property=\"og:url\" content=\"https:\/\/la-ptite-cerise.be\/produit\/tilleul-menthe\/\" \/>\n<meta property=\"og:site_name\" content=\"La P&#039;tite Cerise\" \/>\n<meta property=\"article:publisher\" content=\"https:\/\/www.facebook.com\/laptitecerise\/\" \/>\n<meta property=\"og:image\" content=\"https:\/\/la-ptite-cerise.be\/wp-content\/uploads\/2022\/02\/82429_Linde-Minze_BIO_-_Lime_Mint_ORGANIC-1.jpg\" \/>\n\t<meta property=\"og:image:width\" content=\"500\" \/>\n\t<meta property=\"og:image:height\" content=\"500\" \/>\n\t<meta property=\"og:image:type\" content=\"image\/jpeg\" \/>\n<meta name=\"twitter:card\" content=\"summary_large_image\" \/>\n<meta name=\"twitter:label1\" content=\"Est. reading time\" \/>\n\t<meta name=\"twitter:data1\" content=\"1 minute\" \/>\n<script type=\"application\/ld+json\" class=\"yoast-schema-graph\">{\"@context\":\"https:\/\/schema.org\",\"@graph\":[{\"@type\":\"WebPage\",\"@id\":\"https:\/\/la-ptite-cerise.be\/produit\/tilleul-menthe\/\",\"url\":\"https:\/\/la-ptite-cerise.be\/produit\/tilleul-menthe\/\",\"name\":\"Tilleul - menthe - La P&#039;tite Cerise\",\"isPartOf\":{\"@id\":\"https:\/\/la-ptite-cerise.be\/#website\"},\"primaryImageOfPage\":{\"@id\":\"https:\/\/la-ptite-cerise.be\/produit\/tilleul-menthe\/#primaryimage\"},\"image\":{\"@id\":\"https:\/\/la-ptite-cerise.be\/produit\/tilleul-menthe\/#primaryimage\"},\"thumbnailUrl\":\"https:\/\/la-ptite-cerise.be\/wp-content\/uploads\/2022\/02\/82429_Linde-Minze_BIO_-_Lime_Mint_ORGANIC-1.jpg\",\"datePublished\":\"2022-02-18T12:42:14+00:00\",\"breadcrumb\":{\"@id\":\"https:\/\/la-ptite-cerise.be\/produit\/tilleul-menthe\/#breadcrumb\"},\"inLanguage\":\"en-US\",\"potentialAction\":[{\"@type\":\"ReadAction\",\"target\":[\"https:\/\/la-ptite-cerise.be\/produit\/tilleul-menthe\/\"]}]},{\"@type\":\"ImageObject\",\"inLanguage\":\"en-US\",\"@id\":\"https:\/\/la-ptite-cerise.be\/produit\/tilleul-menthe\/#primaryimage\",\"url\":\"https:\/\/la-ptite-cerise.be\/wp-content\/uploads\/2022\/02\/82429_Linde-Minze_BIO_-_Lime_Mint_ORGANIC-1.jpg\",\"contentUrl\":\"https:\/\/la-ptite-cerise.be\/wp-content\/uploads\/2022\/02\/82429_Linde-Minze_BIO_-_Lime_Mint_ORGANIC-1.jpg\",\"width\":500,\"height\":500},{\"@type\":\"BreadcrumbList\",\"@id\":\"https:\/\/la-ptite-cerise.be\/produit\/tilleul-menthe\/#breadcrumb\",\"itemListElement\":[{\"@type\":\"ListItem\",\"position\":1,\"name\":\"Accueil\",\"item\":\"https:\/\/la-ptite-cerise.be\/en\/\"},{\"@type\":\"ListItem\",\"position\":2,\"name\":\"Store\",\"item\":\"https:\/\/la-ptite-cerise.be\/boutique\/\"},{\"@type\":\"ListItem\",\"position\":3,\"name\":\"Tilleul &#8211; menthe\"}]},{\"@type\":\"WebSite\",\"@id\":\"https:\/\/la-ptite-cerise.be\/#website\",\"url\":\"https:\/\/la-ptite-cerise.be\/\",\"name\":\"La P'tite Cerise\",\"description\":\"Artisan torr\u00e9facteur de caf\u00e9 de sp\u00e9cialit\u00e9. S\u00e9lection de th\u00e9s &amp; tisanes.\",\"publisher\":{\"@id\":\"https:\/\/la-ptite-cerise.be\/#organization\"},\"potentialAction\":[{\"@type\":\"SearchAction\",\"target\":{\"@type\":\"EntryPoint\",\"urlTemplate\":\"https:\/\/la-ptite-cerise.be\/?s={search_term_string}\"},\"query-input\":{\"@type\":\"PropertyValueSpecification\",\"valueRequired\":true,\"valueName\":\"search_term_string\"}}],\"inLanguage\":\"en-US\"},{\"@type\":\"Organization\",\"@id\":\"https:\/\/la-ptite-cerise.be\/#organization\",\"name\":\"La P'tite Cerise\",\"url\":\"https:\/\/la-ptite-cerise.be\/\",\"logo\":{\"@type\":\"ImageObject\",\"inLanguage\":\"en-US\",\"@id\":\"https:\/\/la-ptite-cerise.be\/#\/schema\/logo\/image\/\",\"url\":\"https:\/\/la-ptite-cerise.be\/wp-content\/uploads\/2020\/10\/logo-header-01.jpg\",\"contentUrl\":\"https:\/\/la-ptite-cerise.be\/wp-content\/uploads\/2020\/10\/logo-header-01.jpg\",\"width\":176,\"height\":100,\"caption\":\"La P'tite Cerise\"},\"image\":{\"@id\":\"https:\/\/la-ptite-cerise.be\/#\/schema\/logo\/image\/\"},\"sameAs\":[\"https:\/\/www.facebook.com\/laptitecerise\/\",\"https:\/\/www.instagram.com\/la.ptite_cerise\/\"]}]}<\/script>\n<!-- \/ Yoast SEO plugin. -->","yoast_head_json":{"title":"Tilleul - menthe - La P&#039;tite Cerise","robots":{"index":"index","follow":"follow","max-snippet":"max-snippet:-1","max-image-preview":"max-image-preview:large","max-video-preview":"max-video-preview:-1"},"canonical":"https:\/\/la-ptite-cerise.be\/produit\/tilleul-menthe\/","og_locale":"en_US","og_type":"article","og_title":"Tilleul - menthe - La P&#039;tite Cerise","og_description":"Premium linden, verbena and mint tisane. 100 g pouch \u2013 a calming, herbal moment to end the day.","og_url":"https:\/\/la-ptite-cerise.be\/produit\/tilleul-menthe\/","og_site_name":"La P&#039;tite Cerise","article_publisher":"https:\/\/www.facebook.com\/laptitecerise\/","og_image":[{"width":500,"height":500,"url":"https:\/\/la-ptite-cerise.be\/wp-content\/uploads\/2022\/02\/82429_Linde-Minze_BIO_-_Lime_Mint_ORGANIC-1.jpg","type":"image\/jpeg"}],"twitter_card":"summary_large_image","twitter_misc":{"Est. reading time":"1 minute"},"schema":{"@context":"https:\/\/schema.org","@graph":[{"@type":"WebPage","@id":"https:\/\/la-ptite-cerise.be\/produit\/tilleul-menthe\/","url":"https:\/\/la-ptite-cerise.be\/produit\/tilleul-menthe\/","name":"Tilleul - menthe - La P&#039;tite Cerise","isPartOf":{"@id":"https:\/\/la-ptite-cerise.be\/#website"},"primaryImageOfPage":{"@id":"https:\/\/la-ptite-cerise.be\/produit\/tilleul-menthe\/#primaryimage"},"image":{"@id":"https:\/\/la-ptite-cerise.be\/produit\/tilleul-menthe\/#primaryimage"},"thumbnailUrl":"https:\/\/la-ptite-cerise.be\/wp-content\/uploads\/2022\/02\/82429_Linde-Minze_BIO_-_Lime_Mint_ORGANIC-1.jpg","datePublished":"2022-02-18T12:42:14+00:00","breadcrumb":{"@id":"https:\/\/la-ptite-cerise.be\/produit\/tilleul-menthe\/#breadcrumb"},"inLanguage":"en-US","potentialAction":[{"@type":"ReadAction","target":["https:\/\/la-ptite-cerise.be\/produit\/tilleul-menthe\/"]}]},{"@type":"ImageObject","inLanguage":"en-US","@id":"https:\/\/la-ptite-cerise.be\/produit\/tilleul-menthe\/#primaryimage","url":"https:\/\/la-ptite-cerise.be\/wp-content\/uploads\/2022\/02\/82429_Linde-Minze_BIO_-_Lime_Mint_ORGANIC-1.jpg","contentUrl":"https:\/\/la-ptite-cerise.be\/wp-content\/uploads\/2022\/02\/82429_Linde-Minze_BIO_-_Lime_Mint_ORGANIC-1.jpg","width":500,"height":500},{"@type":"BreadcrumbList","@id":"https:\/\/la-ptite-cerise.be\/produit\/tilleul-menthe\/#breadcrumb","itemListElement":[{"@type":"ListItem","position":1,"name":"Accueil","item":"https:\/\/la-ptite-cerise.be\/en\/"},{"@type":"ListItem","position":2,"name":"Store","item":"https:\/\/la-ptite-cerise.be\/boutique\/"},{"@type":"ListItem","position":3,"name":"Tilleul &#8211; menthe"}]},{"@type":"WebSite","@id":"https:\/\/la-ptite-cerise.be\/#website","url":"https:\/\/la-ptite-cerise.be\/","name":"La P'tite Cerise","description":"Artisan torr\u00e9facteur de caf\u00e9 de sp\u00e9cialit\u00e9. S\u00e9lection de th\u00e9s &amp; tisanes.","publisher":{"@id":"https:\/\/la-ptite-cerise.be\/#organization"},"potentialAction":[{"@type":"SearchAction","target":{"@type":"EntryPoint","urlTemplate":"https:\/\/la-ptite-cerise.be\/?s={search_term_string}"},"query-input":{"@type":"PropertyValueSpecification","valueRequired":true,"valueName":"search_term_string"}}],"inLanguage":"en-US"},{"@type":"Organization","@id":"https:\/\/la-ptite-cerise.be\/#organization","name":"La P'tite Cerise","url":"https:\/\/la-ptite-cerise.be\/","logo":{"@type":"ImageObject","inLanguage":"en-US","@id":"https:\/\/la-ptite-cerise.be\/#\/schema\/logo\/image\/","url":"https:\/\/la-ptite-cerise.be\/wp-content\/uploads\/2020\/10\/logo-header-01.jpg","contentUrl":"https:\/\/la-ptite-cerise.be\/wp-content\/uploads\/2020\/10\/logo-header-01.jpg","width":176,"height":100,"caption":"La P'tite Cerise"},"image":{"@id":"https:\/\/la-ptite-cerise.be\/#\/schema\/logo\/image\/"},"sameAs":["https:\/\/www.facebook.com\/laptitecerise\/","https:\/\/www.instagram.com\/la.ptite_cerise\/"]}]}},"_links":{"self":[{"href":"https:\/\/la-ptite-cerise.be\/en\/wp-json\/wp\/v2\/product\/13440","targetHints":{"allow":["GET"]}}],"collection":[{"href":"https:\/\/la-ptite-cerise.be\/en\/wp-json\/wp\/v2\/product"}],"about":[{"href":"https:\/\/la-ptite-cerise.be\/en\/wp-json\/wp\/v2\/types\/product"}],"wp:featuredmedia":[{"embeddable":true,"href":"https:\/\/la-ptite-cerise.be\/en\/wp-json\/wp\/v2\/media\/9918"}],"wp:attachment":[{"href":"https:\/\/la-ptite-cerise.be\/en\/wp-json\/wp\/v2\/media?parent=13440"}],"wp:term":[{"taxonomy":"product_brand","embeddable":true,"href":"https:\/\/la-ptite-cerise.be\/en\/wp-json\/wp\/v2\/product_brand?post=13440"},{"taxonomy":"product_cat","embeddable":true,"href":"https:\/\/la-ptite-cerise.be\/en\/wp-json\/wp\/v2\/product_cat?post=13440"},{"taxonomy":"product_tag","embeddable":true,"href":"https:\/\/la-ptite-cerise.be\/en\/wp-json\/wp\/v2\/product_tag?post=13440"}],"curies":[{"name":"wp","href":"https:\/\/api.w.org\/{rel}","templated":true}]}}