{"id":13444,"date":"2022-01-13T11:38:52","date_gmt":"2022-01-13T10:38:52","guid":{"rendered":"https:\/\/la-ptite-cerise.be\/produit\/snow-dragon-1st-grade\/"},"modified":"2022-01-13T11:38:52","modified_gmt":"2022-01-13T10:38:52","slug":"snow-dragon-1st-grade","status":"publish","type":"product","link":"https:\/\/la-ptite-cerise.be\/en\/produit\/snow-dragon-1st-grade\/","title":{"rendered":"Snow Dragon 1st Grade"},"content":{"rendered":"<h3 class=\"\" data-start=\"1332\" data-end=\"1394\"><strong data-start=\"1341\" data-end=\"1378\">White Tea \u2013 Snow Dragon 1st Grade<\/strong> (100 g pouch)<\/h3>\n<p class=\"\" data-start=\"1395\" data-end=\"1481\"><strong data-start=\"1395\" data-end=\"1481\">A rare white tea made of silky spring buds, offering a fresh and delicate profile.<\/strong><\/p>\n<p class=\"\" data-start=\"1483\" data-end=\"1745\">This premium tea is made exclusively from hand-picked spring buds covered in fine silver down. The leaves are rolled into tight curls, producing a bright and refined liquor with light vegetal and floral notes. A subtle and refreshing cup for any peaceful moment.<\/p>\n<p class=\"\" data-start=\"1747\" data-end=\"1818\">\ud83d\udcac <em data-start=\"1750\" data-end=\"1818\">Best enjoyed hot and plain to fully capture its elegant character.<\/em><\/p>\n<hr class=\"\" data-start=\"1820\" data-end=\"1823\" \/>\n<h3 class=\"\" data-start=\"1825\" data-end=\"1845\">\u2705 <strong data-start=\"1831\" data-end=\"1845\">Highlights<\/strong><\/h3>\n<ul data-start=\"1846\" data-end=\"1967\">\n<li class=\"\" data-start=\"1846\" data-end=\"1890\">\n<p class=\"\" data-start=\"1848\" data-end=\"1890\">Premium tea from sustainable agriculture<\/p>\n<\/li>\n<li class=\"\" data-start=\"1891\" data-end=\"1918\">\n<p class=\"\" data-start=\"1893\" data-end=\"1918\">Hand-picked spring buds<\/p>\n<\/li>\n<li class=\"\" data-start=\"1919\" data-end=\"1967\">\n<p class=\"\" data-start=\"1921\" data-end=\"1967\">Ideal for delicate hot or iced tea enjoyment<\/p>\n<\/li>\n<\/ul>\n<hr class=\"\" data-start=\"1969\" data-end=\"1972\" \/>\n<h3 class=\"\" data-start=\"1974\" data-end=\"1998\">\ud83e\uddfe <strong data-start=\"1981\" data-end=\"1996\">Ingredients<\/strong><\/h3>\n<p class=\"\" data-start=\"1999\" data-end=\"2070\">Chinese white tea<br data-start=\"2016\" data-end=\"2019\" \/><strong data-start=\"2019\" data-end=\"2032\">Allergens<\/strong>: May contain traces of milk and nuts.<\/p>\n<hr class=\"\" data-start=\"2072\" data-end=\"2075\" \/>\n<h3 class=\"\" data-start=\"2077\" data-end=\"2101\">\ud83c\udf7d\ufe0f <strong data-start=\"2085\" data-end=\"2101\">Brewing tips<\/strong><\/h3>\n<ul data-start=\"2102\" data-end=\"2315\">\n<li class=\"\" data-start=\"2102\" data-end=\"2137\">\n<p class=\"\" data-start=\"2104\" data-end=\"2137\"><strong data-start=\"2104\" data-end=\"2125\">Water temperature<\/strong>: 70\u201380\u202f\u00b0C<\/p>\n<\/li>\n<li class=\"\" data-start=\"2138\" data-end=\"2177\">\n<p class=\"\" data-start=\"2140\" data-end=\"2177\"><strong data-start=\"2140\" data-end=\"2157\">Steeping time<\/strong>: 1 to 1.5 minutes<\/p>\n<\/li>\n<li class=\"\" data-start=\"2178\" data-end=\"2242\">\n<p class=\"\" data-start=\"2180\" data-end=\"2193\"><strong data-start=\"2180\" data-end=\"2192\">Quantity<\/strong>:<\/p>\n<ul data-start=\"2196\" data-end=\"2242\">\n<li class=\"\" data-start=\"2196\" data-end=\"2214\">\n<p class=\"\" data-start=\"2198\" data-end=\"2214\">3 g per 200 ml<\/p>\n<\/li>\n<li class=\"\" data-start=\"2217\" data-end=\"2242\">\n<p class=\"\" data-start=\"2219\" data-end=\"2242\"><strong data-start=\"2219\" data-end=\"2240\">12\u201315 g per litre<\/strong><\/p>\n<\/li>\n<\/ul>\n<\/li>\n<li class=\"\" data-start=\"2243\" data-end=\"2315\">\n<p class=\"\" data-start=\"2245\" data-end=\"2315\"><strong data-start=\"2245\" data-end=\"2267\">Serving suggestion<\/strong>: Enjoy plain to appreciate its subtle freshness<\/p>\n<\/li>\n<\/ul>\n","protected":false},"excerpt":{"rendered":"<p>Rare white tea made from early spring buds. 100 g pouch \u2013 fresh, delicate and refined.<\/p>\n","protected":false},"featured_media":9204,"template":"","meta":[],"product_brand":[],"product_cat":[143],"product_tag":[],"class_list":{"0":"post-13444","1":"product","2":"type-product","3":"status-publish","4":"has-post-thumbnail","6":"product_cat-tea","8":"first","9":"instock","10":"taxable","11":"shipping-taxable","12":"purchasable","13":"product-type-simple"},"yoast_head":"<!-- This site is optimized with the Yoast SEO plugin v25.7 - https:\/\/yoast.com\/wordpress\/plugins\/seo\/ -->\n<title>Snow Dragon 1st Grade - La P&#039;tite Cerise<\/title>\n<meta name=\"robots\" content=\"index, follow, max-snippet:-1, max-image-preview:large, max-video-preview:-1\" \/>\n<link rel=\"canonical\" href=\"https:\/\/la-ptite-cerise.be\/produit\/snow-dragon-1st-grade\/\" \/>\n<meta property=\"og:locale\" content=\"en_US\" \/>\n<meta property=\"og:type\" content=\"article\" \/>\n<meta property=\"og:title\" content=\"Snow Dragon 1st Grade - La P&#039;tite Cerise\" \/>\n<meta property=\"og:description\" content=\"Rare white tea made from early spring buds. 100 g pouch \u2013 fresh, delicate and refined.\" \/>\n<meta property=\"og:url\" content=\"https:\/\/la-ptite-cerise.be\/produit\/snow-dragon-1st-grade\/\" \/>\n<meta property=\"og:site_name\" content=\"La P&#039;tite Cerise\" \/>\n<meta property=\"article:publisher\" content=\"https:\/\/www.facebook.com\/laptitecerise\/\" \/>\n<meta property=\"og:image\" content=\"https:\/\/la-ptite-cerise.be\/wp-content\/uploads\/2022\/01\/89002-Rare_White_Tea-Snow_Dragon_1st_Grade_1-Rarities.jpg\" \/>\n\t<meta property=\"og:image:width\" content=\"500\" \/>\n\t<meta property=\"og:image:height\" content=\"500\" \/>\n\t<meta property=\"og:image:type\" content=\"image\/jpeg\" \/>\n<meta name=\"twitter:card\" content=\"summary_large_image\" \/>\n<meta name=\"twitter:label1\" content=\"Est. reading time\" \/>\n\t<meta name=\"twitter:data1\" content=\"1 minute\" \/>\n<script type=\"application\/ld+json\" class=\"yoast-schema-graph\">{\"@context\":\"https:\/\/schema.org\",\"@graph\":[{\"@type\":\"WebPage\",\"@id\":\"https:\/\/la-ptite-cerise.be\/produit\/snow-dragon-1st-grade\/\",\"url\":\"https:\/\/la-ptite-cerise.be\/produit\/snow-dragon-1st-grade\/\",\"name\":\"Snow Dragon 1st Grade - La P&#039;tite Cerise\",\"isPartOf\":{\"@id\":\"https:\/\/la-ptite-cerise.be\/#website\"},\"primaryImageOfPage\":{\"@id\":\"https:\/\/la-ptite-cerise.be\/produit\/snow-dragon-1st-grade\/#primaryimage\"},\"image\":{\"@id\":\"https:\/\/la-ptite-cerise.be\/produit\/snow-dragon-1st-grade\/#primaryimage\"},\"thumbnailUrl\":\"https:\/\/la-ptite-cerise.be\/wp-content\/uploads\/2022\/01\/89002-Rare_White_Tea-Snow_Dragon_1st_Grade_1-Rarities.jpg\",\"datePublished\":\"2022-01-13T10:38:52+00:00\",\"breadcrumb\":{\"@id\":\"https:\/\/la-ptite-cerise.be\/produit\/snow-dragon-1st-grade\/#breadcrumb\"},\"inLanguage\":\"en-US\",\"potentialAction\":[{\"@type\":\"ReadAction\",\"target\":[\"https:\/\/la-ptite-cerise.be\/produit\/snow-dragon-1st-grade\/\"]}]},{\"@type\":\"ImageObject\",\"inLanguage\":\"en-US\",\"@id\":\"https:\/\/la-ptite-cerise.be\/produit\/snow-dragon-1st-grade\/#primaryimage\",\"url\":\"https:\/\/la-ptite-cerise.be\/wp-content\/uploads\/2022\/01\/89002-Rare_White_Tea-Snow_Dragon_1st_Grade_1-Rarities.jpg\",\"contentUrl\":\"https:\/\/la-ptite-cerise.be\/wp-content\/uploads\/2022\/01\/89002-Rare_White_Tea-Snow_Dragon_1st_Grade_1-Rarities.jpg\",\"width\":500,\"height\":500},{\"@type\":\"BreadcrumbList\",\"@id\":\"https:\/\/la-ptite-cerise.be\/produit\/snow-dragon-1st-grade\/#breadcrumb\",\"itemListElement\":[{\"@type\":\"ListItem\",\"position\":1,\"name\":\"Accueil\",\"item\":\"https:\/\/la-ptite-cerise.be\/en\/\"},{\"@type\":\"ListItem\",\"position\":2,\"name\":\"Store\",\"item\":\"https:\/\/la-ptite-cerise.be\/boutique\/\"},{\"@type\":\"ListItem\",\"position\":3,\"name\":\"Snow Dragon 1st Grade\"}]},{\"@type\":\"WebSite\",\"@id\":\"https:\/\/la-ptite-cerise.be\/#website\",\"url\":\"https:\/\/la-ptite-cerise.be\/\",\"name\":\"La P'tite Cerise\",\"description\":\"Artisan torr\u00e9facteur de caf\u00e9 de sp\u00e9cialit\u00e9. S\u00e9lection de th\u00e9s &amp; tisanes.\",\"publisher\":{\"@id\":\"https:\/\/la-ptite-cerise.be\/#organization\"},\"potentialAction\":[{\"@type\":\"SearchAction\",\"target\":{\"@type\":\"EntryPoint\",\"urlTemplate\":\"https:\/\/la-ptite-cerise.be\/?s={search_term_string}\"},\"query-input\":{\"@type\":\"PropertyValueSpecification\",\"valueRequired\":true,\"valueName\":\"search_term_string\"}}],\"inLanguage\":\"en-US\"},{\"@type\":\"Organization\",\"@id\":\"https:\/\/la-ptite-cerise.be\/#organization\",\"name\":\"La P'tite Cerise\",\"url\":\"https:\/\/la-ptite-cerise.be\/\",\"logo\":{\"@type\":\"ImageObject\",\"inLanguage\":\"en-US\",\"@id\":\"https:\/\/la-ptite-cerise.be\/#\/schema\/logo\/image\/\",\"url\":\"https:\/\/la-ptite-cerise.be\/wp-content\/uploads\/2020\/10\/logo-header-01.jpg\",\"contentUrl\":\"https:\/\/la-ptite-cerise.be\/wp-content\/uploads\/2020\/10\/logo-header-01.jpg\",\"width\":176,\"height\":100,\"caption\":\"La P'tite Cerise\"},\"image\":{\"@id\":\"https:\/\/la-ptite-cerise.be\/#\/schema\/logo\/image\/\"},\"sameAs\":[\"https:\/\/www.facebook.com\/laptitecerise\/\",\"https:\/\/www.instagram.com\/la.ptite_cerise\/\"]}]}<\/script>\n<!-- \/ Yoast SEO plugin. -->","yoast_head_json":{"title":"Snow Dragon 1st Grade - La P&#039;tite Cerise","robots":{"index":"index","follow":"follow","max-snippet":"max-snippet:-1","max-image-preview":"max-image-preview:large","max-video-preview":"max-video-preview:-1"},"canonical":"https:\/\/la-ptite-cerise.be\/produit\/snow-dragon-1st-grade\/","og_locale":"en_US","og_type":"article","og_title":"Snow Dragon 1st Grade - La P&#039;tite Cerise","og_description":"Rare white tea made from early spring buds. 100 g pouch \u2013 fresh, delicate and refined.","og_url":"https:\/\/la-ptite-cerise.be\/produit\/snow-dragon-1st-grade\/","og_site_name":"La P&#039;tite Cerise","article_publisher":"https:\/\/www.facebook.com\/laptitecerise\/","og_image":[{"width":500,"height":500,"url":"https:\/\/la-ptite-cerise.be\/wp-content\/uploads\/2022\/01\/89002-Rare_White_Tea-Snow_Dragon_1st_Grade_1-Rarities.jpg","type":"image\/jpeg"}],"twitter_card":"summary_large_image","twitter_misc":{"Est. reading time":"1 minute"},"schema":{"@context":"https:\/\/schema.org","@graph":[{"@type":"WebPage","@id":"https:\/\/la-ptite-cerise.be\/produit\/snow-dragon-1st-grade\/","url":"https:\/\/la-ptite-cerise.be\/produit\/snow-dragon-1st-grade\/","name":"Snow Dragon 1st Grade - La P&#039;tite Cerise","isPartOf":{"@id":"https:\/\/la-ptite-cerise.be\/#website"},"primaryImageOfPage":{"@id":"https:\/\/la-ptite-cerise.be\/produit\/snow-dragon-1st-grade\/#primaryimage"},"image":{"@id":"https:\/\/la-ptite-cerise.be\/produit\/snow-dragon-1st-grade\/#primaryimage"},"thumbnailUrl":"https:\/\/la-ptite-cerise.be\/wp-content\/uploads\/2022\/01\/89002-Rare_White_Tea-Snow_Dragon_1st_Grade_1-Rarities.jpg","datePublished":"2022-01-13T10:38:52+00:00","breadcrumb":{"@id":"https:\/\/la-ptite-cerise.be\/produit\/snow-dragon-1st-grade\/#breadcrumb"},"inLanguage":"en-US","potentialAction":[{"@type":"ReadAction","target":["https:\/\/la-ptite-cerise.be\/produit\/snow-dragon-1st-grade\/"]}]},{"@type":"ImageObject","inLanguage":"en-US","@id":"https:\/\/la-ptite-cerise.be\/produit\/snow-dragon-1st-grade\/#primaryimage","url":"https:\/\/la-ptite-cerise.be\/wp-content\/uploads\/2022\/01\/89002-Rare_White_Tea-Snow_Dragon_1st_Grade_1-Rarities.jpg","contentUrl":"https:\/\/la-ptite-cerise.be\/wp-content\/uploads\/2022\/01\/89002-Rare_White_Tea-Snow_Dragon_1st_Grade_1-Rarities.jpg","width":500,"height":500},{"@type":"BreadcrumbList","@id":"https:\/\/la-ptite-cerise.be\/produit\/snow-dragon-1st-grade\/#breadcrumb","itemListElement":[{"@type":"ListItem","position":1,"name":"Accueil","item":"https:\/\/la-ptite-cerise.be\/en\/"},{"@type":"ListItem","position":2,"name":"Store","item":"https:\/\/la-ptite-cerise.be\/boutique\/"},{"@type":"ListItem","position":3,"name":"Snow Dragon 1st Grade"}]},{"@type":"WebSite","@id":"https:\/\/la-ptite-cerise.be\/#website","url":"https:\/\/la-ptite-cerise.be\/","name":"La P'tite Cerise","description":"Artisan torr\u00e9facteur de caf\u00e9 de sp\u00e9cialit\u00e9. S\u00e9lection de th\u00e9s &amp; tisanes.","publisher":{"@id":"https:\/\/la-ptite-cerise.be\/#organization"},"potentialAction":[{"@type":"SearchAction","target":{"@type":"EntryPoint","urlTemplate":"https:\/\/la-ptite-cerise.be\/?s={search_term_string}"},"query-input":{"@type":"PropertyValueSpecification","valueRequired":true,"valueName":"search_term_string"}}],"inLanguage":"en-US"},{"@type":"Organization","@id":"https:\/\/la-ptite-cerise.be\/#organization","name":"La P'tite Cerise","url":"https:\/\/la-ptite-cerise.be\/","logo":{"@type":"ImageObject","inLanguage":"en-US","@id":"https:\/\/la-ptite-cerise.be\/#\/schema\/logo\/image\/","url":"https:\/\/la-ptite-cerise.be\/wp-content\/uploads\/2020\/10\/logo-header-01.jpg","contentUrl":"https:\/\/la-ptite-cerise.be\/wp-content\/uploads\/2020\/10\/logo-header-01.jpg","width":176,"height":100,"caption":"La P'tite Cerise"},"image":{"@id":"https:\/\/la-ptite-cerise.be\/#\/schema\/logo\/image\/"},"sameAs":["https:\/\/www.facebook.com\/laptitecerise\/","https:\/\/www.instagram.com\/la.ptite_cerise\/"]}]}},"_links":{"self":[{"href":"https:\/\/la-ptite-cerise.be\/en\/wp-json\/wp\/v2\/product\/13444","targetHints":{"allow":["GET"]}}],"collection":[{"href":"https:\/\/la-ptite-cerise.be\/en\/wp-json\/wp\/v2\/product"}],"about":[{"href":"https:\/\/la-ptite-cerise.be\/en\/wp-json\/wp\/v2\/types\/product"}],"wp:featuredmedia":[{"embeddable":true,"href":"https:\/\/la-ptite-cerise.be\/en\/wp-json\/wp\/v2\/media\/9204"}],"wp:attachment":[{"href":"https:\/\/la-ptite-cerise.be\/en\/wp-json\/wp\/v2\/media?parent=13444"}],"wp:term":[{"taxonomy":"product_brand","embeddable":true,"href":"https:\/\/la-ptite-cerise.be\/en\/wp-json\/wp\/v2\/product_brand?post=13444"},{"taxonomy":"product_cat","embeddable":true,"href":"https:\/\/la-ptite-cerise.be\/en\/wp-json\/wp\/v2\/product_cat?post=13444"},{"taxonomy":"product_tag","embeddable":true,"href":"https:\/\/la-ptite-cerise.be\/en\/wp-json\/wp\/v2\/product_tag?post=13444"}],"curies":[{"name":"wp","href":"https:\/\/api.w.org\/{rel}","templated":true}]}}