{"id":13446,"date":"2022-01-13T11:29:53","date_gmt":"2022-01-13T10:29:53","guid":{"rendered":"https:\/\/la-ptite-cerise.be\/produit\/premium-japan-sencha-konomi\/"},"modified":"2022-01-13T11:29:53","modified_gmt":"2022-01-13T10:29:53","slug":"premium-japan-sencha-konomi","status":"publish","type":"product","link":"https:\/\/la-ptite-cerise.be\/en\/produit\/premium-japan-sencha-konomi\/","title":{"rendered":"Premium Japan Sencha Konomi"},"content":{"rendered":"<h2 class=\"\" data-start=\"150\" data-end=\"212\">\ud83c\udf43 <strong data-start=\"156\" data-end=\"192\">Th\u00e9 vert \u2013 Sencha Konomi Premium<\/strong> (sachet de 100 g)<\/h2>\n<p class=\"\" data-start=\"213\" data-end=\"292\"><strong data-start=\"213\" data-end=\"292\">Un grand cru japonais aux feuilles d\u2019un vert profond et \u00e0 la liqueur dor\u00e9e.<\/strong><\/p>\n<p class=\"\" data-start=\"294\" data-end=\"612\">Ce Sencha d\u2019exception, cultiv\u00e9 dans la r\u00e9gion de Kagoshima, est compos\u00e9 de feuilles fines et sombres, gage de qualit\u00e9 sup\u00e9rieure. Sa liqueur limpide d\u00e9voile un parfum frais, v\u00e9g\u00e9tal et l\u00e9g\u00e8rement iod\u00e9. En bouche, il offre un bel \u00e9quilibre entre la douceur umami et une pointe d\u2019amertume, pour une d\u00e9gustation raffin\u00e9e.<\/p>\n<p class=\"\" data-start=\"614\" data-end=\"693\">\ud83d\udcac <em data-start=\"617\" data-end=\"693\">\u00c0 savourer chaud, nature, pour profiter pleinement de ses ar\u00f4mes d\u00e9licats.<\/em><\/p>\n<hr class=\"\" data-start=\"695\" data-end=\"698\" \/>\n<h3 class=\"\" data-start=\"700\" data-end=\"723\">\u2705 <strong data-start=\"706\" data-end=\"723\">Les + produit<\/strong><\/h3>\n<ul data-start=\"724\" data-end=\"865\">\n<li class=\"\" data-start=\"724\" data-end=\"769\">\n<p class=\"\" data-start=\"726\" data-end=\"769\">Th\u00e9 premium issu de l&#8217;agriculture durable<\/p>\n<\/li>\n<li class=\"\" data-start=\"770\" data-end=\"822\">\n<p class=\"\" data-start=\"772\" data-end=\"822\">Grand cru japonais aux feuilles sombres et fines<\/p>\n<\/li>\n<li class=\"\" data-start=\"823\" data-end=\"865\">\n<p class=\"\" data-start=\"825\" data-end=\"865\">D\u00e9gustation raffin\u00e9e, chaude ou glac\u00e9e<\/p>\n<\/li>\n<\/ul>\n<hr class=\"\" data-start=\"867\" data-end=\"870\" \/>\n<h3 class=\"\" data-start=\"872\" data-end=\"896\">\ud83e\uddfe <strong data-start=\"879\" data-end=\"894\">Ingr\u00e9dients<\/strong><\/h3>\n<p class=\"\" data-start=\"897\" data-end=\"988\">Th\u00e9 vert du Japon<br data-start=\"914\" data-end=\"917\" \/><strong data-start=\"917\" data-end=\"931\">Allerg\u00e8nes<\/strong> : Peut contenir des traces de lait et de fruits \u00e0 coque.<\/p>\n<hr class=\"\" data-start=\"990\" data-end=\"993\" \/>\n<h3 class=\"\" data-start=\"995\" data-end=\"1030\">\ud83c\udf7d\ufe0f <strong data-start=\"1003\" data-end=\"1030\">Conseils de pr\u00e9paration<\/strong><\/h3>\n<ul data-start=\"1031\" data-end=\"1270\">\n<li class=\"\" data-start=\"1031\" data-end=\"1067\">\n<p class=\"\" data-start=\"1033\" data-end=\"1067\"><strong data-start=\"1033\" data-end=\"1057\">Temp\u00e9rature de l\u2019eau<\/strong> : 80\u202f\u00b0C<\/p>\n<\/li>\n<li class=\"\" data-start=\"1068\" data-end=\"1108\">\n<p class=\"\" data-start=\"1070\" data-end=\"1108\"><strong data-start=\"1070\" data-end=\"1090\">Temps d\u2019infusion<\/strong> : 3 \u00e0 5 minutes<\/p>\n<\/li>\n<li class=\"\" data-start=\"1109\" data-end=\"1181\">\n<p class=\"\" data-start=\"1111\" data-end=\"1123\"><strong data-start=\"1111\" data-end=\"1121\">Dosage<\/strong> :<\/p>\n<ul data-start=\"1126\" data-end=\"1181\">\n<li class=\"\" data-start=\"1126\" data-end=\"1151\">\n<p class=\"\" data-start=\"1128\" data-end=\"1151\">3 g pour 200 ml d\u2019eau<\/p>\n<\/li>\n<li class=\"\" data-start=\"1154\" data-end=\"1181\">\n<p class=\"\" data-start=\"1156\" data-end=\"1181\"><strong data-start=\"1156\" data-end=\"1179\">12 \u00e0 15 g par litre<\/strong><\/p>\n<\/li>\n<\/ul>\n<\/li>\n<li class=\"\" data-start=\"1182\" data-end=\"1270\">\n<p class=\"\" data-start=\"1184\" data-end=\"1270\"><strong data-start=\"1184\" data-end=\"1198\">Suggestion<\/strong> : id\u00e9al en d\u00e9gustation pure pour savourer toute la finesse des feuilles<\/p>\n<\/li>\n<\/ul>\n<hr class=\"\" data-start=\"1272\" data-end=\"1275\" \/>\n<h3 class=\"\" data-start=\"1277\" data-end=\"1339\">\ud83c\uddec\ud83c\udde7 <strong data-start=\"1286\" data-end=\"1323\">Green Tea \u2013 Sencha Konomi Premium<\/strong> (100 g pouch)<\/h3>\n<p class=\"\" data-start=\"1340\" data-end=\"1425\"><strong data-start=\"1340\" data-end=\"1425\">A fine Japanese grand cru with deep green leaves and a golden, umami-rich liquor.<\/strong><\/p>\n<p class=\"\" data-start=\"1427\" data-end=\"1682\">This exceptional Sencha from Kagoshima features thin, dark leaves \u2013 a sign of superior quality. Its clear liquor offers a vegetal, fresh aroma with a subtle umami depth and light bitterness. A refined and invigorating cup, perfect for any peaceful moment.<\/p>\n<p class=\"\" data-start=\"1684\" data-end=\"1739\">\ud83d\udcac <em data-start=\"1687\" data-end=\"1739\">Enjoy hot and plain for a pure tasting experience.<\/em><\/p>\n<hr class=\"\" data-start=\"1741\" data-end=\"1744\" \/>\n<h3 class=\"\" data-start=\"1746\" data-end=\"1766\">\u2705 <strong data-start=\"1752\" data-end=\"1766\">Highlights<\/strong><\/h3>\n<ul data-start=\"1767\" data-end=\"1903\">\n<li class=\"\" data-start=\"1767\" data-end=\"1811\">\n<p class=\"\" data-start=\"1769\" data-end=\"1811\">Premium tea from sustainable agriculture<\/p>\n<\/li>\n<li class=\"\" data-start=\"1812\" data-end=\"1857\">\n<p class=\"\" data-start=\"1814\" data-end=\"1857\">Japanese grand cru with fine, dark leaves<\/p>\n<\/li>\n<li class=\"\" data-start=\"1858\" data-end=\"1903\">\n<p class=\"\" data-start=\"1860\" data-end=\"1903\">Elegant and refreshing tasting experience<\/p>\n<\/li>\n<\/ul>\n<hr class=\"\" data-start=\"1905\" data-end=\"1908\" \/>\n<h3 class=\"\" data-start=\"1910\" data-end=\"1934\">\ud83e\uddfe <strong data-start=\"1917\" data-end=\"1932\">Ingredients<\/strong><\/h3>\n<p class=\"\" data-start=\"1935\" data-end=\"2007\">Japanese green tea<br data-start=\"1953\" data-end=\"1956\" \/><strong data-start=\"1956\" data-end=\"1969\">Allergens<\/strong>: May contain traces of milk and nuts.<\/p>\n<hr class=\"\" data-start=\"2009\" data-end=\"2012\" \/>\n<h3 class=\"\" data-start=\"2014\" data-end=\"2038\">\ud83c\udf7d\ufe0f <strong data-start=\"2022\" data-end=\"2038\">Brewing tips<\/strong><\/h3>\n<ul data-start=\"2039\" data-end=\"2245\">\n<li class=\"\" data-start=\"2039\" data-end=\"2071\">\n<p class=\"\" data-start=\"2041\" data-end=\"2071\"><strong data-start=\"2041\" data-end=\"2062\">Water temperature<\/strong>: 80\u202f\u00b0C<\/p>\n<\/li>\n<li class=\"\" data-start=\"2072\" data-end=\"2106\">\n<p class=\"\" data-start=\"2074\" data-end=\"2106\"><strong data-start=\"2074\" data-end=\"2091\">Steeping time<\/strong>: 3\u20135 minutes<\/p>\n<\/li>\n<li class=\"\" data-start=\"2107\" data-end=\"2171\">\n<p class=\"\" data-start=\"2109\" data-end=\"2122\"><strong data-start=\"2109\" data-end=\"2121\">Quantity<\/strong>:<\/p>\n<ul data-start=\"2125\" data-end=\"2171\">\n<li class=\"\" data-start=\"2125\" data-end=\"2143\">\n<p class=\"\" data-start=\"2127\" data-end=\"2143\">3 g per 200 ml<\/p>\n<\/li>\n<li class=\"\" data-start=\"2146\" data-end=\"2171\">\n<p class=\"\" data-start=\"2148\" data-end=\"2171\"><strong data-start=\"2148\" data-end=\"2169\">12\u201315 g per litre<\/strong><\/p>\n<\/li>\n<\/ul>\n<\/li>\n<li class=\"\" data-start=\"2172\" data-end=\"2245\">\n<p class=\"\" data-start=\"2174\" data-end=\"2245\"><strong data-start=\"2174\" data-end=\"2196\">Serving suggestion<\/strong>: Best enjoyed plain to capture its full elegance<\/p>\n<\/li>\n<\/ul>\n","protected":false},"excerpt":{"rendered":"<p>Premium Japanese green tea with fine leaves. 100 g pouch \u2013 fresh, golden liquor with umami depth.<\/p>\n","protected":false},"featured_media":9196,"template":"","meta":[],"product_brand":[],"product_cat":[143],"product_tag":[],"class_list":{"0":"post-13446","1":"product","2":"type-product","3":"status-publish","4":"has-post-thumbnail","6":"product_cat-tea","8":"first","9":"instock","10":"taxable","11":"shipping-taxable","12":"purchasable","13":"product-type-simple"},"yoast_head":"<!-- This site is optimized with the Yoast SEO plugin v25.7 - https:\/\/yoast.com\/wordpress\/plugins\/seo\/ -->\n<title>Premium Japan Sencha Konomi - La P&#039;tite Cerise<\/title>\n<meta name=\"robots\" content=\"index, follow, max-snippet:-1, max-image-preview:large, max-video-preview:-1\" \/>\n<link rel=\"canonical\" href=\"https:\/\/la-ptite-cerise.be\/produit\/premium-japan-sencha-konomi\/\" \/>\n<meta property=\"og:locale\" content=\"en_US\" \/>\n<meta property=\"og:type\" content=\"article\" \/>\n<meta property=\"og:title\" content=\"Premium Japan Sencha Konomi - La P&#039;tite Cerise\" \/>\n<meta property=\"og:description\" content=\"Premium Japanese green tea with fine leaves. 100 g pouch \u2013 fresh, golden liquor with umami depth.\" \/>\n<meta property=\"og:url\" content=\"https:\/\/la-ptite-cerise.be\/produit\/premium-japan-sencha-konomi\/\" \/>\n<meta property=\"og:site_name\" content=\"La P&#039;tite Cerise\" \/>\n<meta property=\"article:publisher\" content=\"https:\/\/www.facebook.com\/laptitecerise\/\" \/>\n<meta property=\"og:image\" content=\"https:\/\/la-ptite-cerise.be\/wp-content\/uploads\/2022\/01\/82928-Rare_Green_Tea-Premium_Sencha_Konomi_1-Rarities.jpg\" \/>\n\t<meta property=\"og:image:width\" content=\"500\" \/>\n\t<meta property=\"og:image:height\" content=\"500\" \/>\n\t<meta property=\"og:image:type\" content=\"image\/jpeg\" \/>\n<meta name=\"twitter:card\" content=\"summary_large_image\" \/>\n<meta name=\"twitter:label1\" content=\"Est. reading time\" \/>\n\t<meta name=\"twitter:data1\" content=\"1 minute\" \/>\n<script type=\"application\/ld+json\" class=\"yoast-schema-graph\">{\"@context\":\"https:\/\/schema.org\",\"@graph\":[{\"@type\":\"WebPage\",\"@id\":\"https:\/\/la-ptite-cerise.be\/produit\/premium-japan-sencha-konomi\/\",\"url\":\"https:\/\/la-ptite-cerise.be\/produit\/premium-japan-sencha-konomi\/\",\"name\":\"Premium Japan Sencha Konomi - La P&#039;tite Cerise\",\"isPartOf\":{\"@id\":\"https:\/\/la-ptite-cerise.be\/#website\"},\"primaryImageOfPage\":{\"@id\":\"https:\/\/la-ptite-cerise.be\/produit\/premium-japan-sencha-konomi\/#primaryimage\"},\"image\":{\"@id\":\"https:\/\/la-ptite-cerise.be\/produit\/premium-japan-sencha-konomi\/#primaryimage\"},\"thumbnailUrl\":\"https:\/\/la-ptite-cerise.be\/wp-content\/uploads\/2022\/01\/82928-Rare_Green_Tea-Premium_Sencha_Konomi_1-Rarities.jpg\",\"datePublished\":\"2022-01-13T10:29:53+00:00\",\"breadcrumb\":{\"@id\":\"https:\/\/la-ptite-cerise.be\/produit\/premium-japan-sencha-konomi\/#breadcrumb\"},\"inLanguage\":\"en-US\",\"potentialAction\":[{\"@type\":\"ReadAction\",\"target\":[\"https:\/\/la-ptite-cerise.be\/produit\/premium-japan-sencha-konomi\/\"]}]},{\"@type\":\"ImageObject\",\"inLanguage\":\"en-US\",\"@id\":\"https:\/\/la-ptite-cerise.be\/produit\/premium-japan-sencha-konomi\/#primaryimage\",\"url\":\"https:\/\/la-ptite-cerise.be\/wp-content\/uploads\/2022\/01\/82928-Rare_Green_Tea-Premium_Sencha_Konomi_1-Rarities.jpg\",\"contentUrl\":\"https:\/\/la-ptite-cerise.be\/wp-content\/uploads\/2022\/01\/82928-Rare_Green_Tea-Premium_Sencha_Konomi_1-Rarities.jpg\",\"width\":500,\"height\":500},{\"@type\":\"BreadcrumbList\",\"@id\":\"https:\/\/la-ptite-cerise.be\/produit\/premium-japan-sencha-konomi\/#breadcrumb\",\"itemListElement\":[{\"@type\":\"ListItem\",\"position\":1,\"name\":\"Accueil\",\"item\":\"https:\/\/la-ptite-cerise.be\/en\/\"},{\"@type\":\"ListItem\",\"position\":2,\"name\":\"Store\",\"item\":\"https:\/\/la-ptite-cerise.be\/boutique\/\"},{\"@type\":\"ListItem\",\"position\":3,\"name\":\"Premium Japan Sencha Konomi\"}]},{\"@type\":\"WebSite\",\"@id\":\"https:\/\/la-ptite-cerise.be\/#website\",\"url\":\"https:\/\/la-ptite-cerise.be\/\",\"name\":\"La P'tite Cerise\",\"description\":\"Artisan torr\u00e9facteur de caf\u00e9 de sp\u00e9cialit\u00e9. S\u00e9lection de th\u00e9s &amp; tisanes.\",\"publisher\":{\"@id\":\"https:\/\/la-ptite-cerise.be\/#organization\"},\"potentialAction\":[{\"@type\":\"SearchAction\",\"target\":{\"@type\":\"EntryPoint\",\"urlTemplate\":\"https:\/\/la-ptite-cerise.be\/?s={search_term_string}\"},\"query-input\":{\"@type\":\"PropertyValueSpecification\",\"valueRequired\":true,\"valueName\":\"search_term_string\"}}],\"inLanguage\":\"en-US\"},{\"@type\":\"Organization\",\"@id\":\"https:\/\/la-ptite-cerise.be\/#organization\",\"name\":\"La P'tite Cerise\",\"url\":\"https:\/\/la-ptite-cerise.be\/\",\"logo\":{\"@type\":\"ImageObject\",\"inLanguage\":\"en-US\",\"@id\":\"https:\/\/la-ptite-cerise.be\/#\/schema\/logo\/image\/\",\"url\":\"https:\/\/la-ptite-cerise.be\/wp-content\/uploads\/2020\/10\/logo-header-01.jpg\",\"contentUrl\":\"https:\/\/la-ptite-cerise.be\/wp-content\/uploads\/2020\/10\/logo-header-01.jpg\",\"width\":176,\"height\":100,\"caption\":\"La P'tite Cerise\"},\"image\":{\"@id\":\"https:\/\/la-ptite-cerise.be\/#\/schema\/logo\/image\/\"},\"sameAs\":[\"https:\/\/www.facebook.com\/laptitecerise\/\",\"https:\/\/www.instagram.com\/la.ptite_cerise\/\"]}]}<\/script>\n<!-- \/ Yoast SEO plugin. -->","yoast_head_json":{"title":"Premium Japan Sencha Konomi - La P&#039;tite Cerise","robots":{"index":"index","follow":"follow","max-snippet":"max-snippet:-1","max-image-preview":"max-image-preview:large","max-video-preview":"max-video-preview:-1"},"canonical":"https:\/\/la-ptite-cerise.be\/produit\/premium-japan-sencha-konomi\/","og_locale":"en_US","og_type":"article","og_title":"Premium Japan Sencha Konomi - La P&#039;tite Cerise","og_description":"Premium Japanese green tea with fine leaves. 100 g pouch \u2013 fresh, golden liquor with umami depth.","og_url":"https:\/\/la-ptite-cerise.be\/produit\/premium-japan-sencha-konomi\/","og_site_name":"La P&#039;tite Cerise","article_publisher":"https:\/\/www.facebook.com\/laptitecerise\/","og_image":[{"width":500,"height":500,"url":"https:\/\/la-ptite-cerise.be\/wp-content\/uploads\/2022\/01\/82928-Rare_Green_Tea-Premium_Sencha_Konomi_1-Rarities.jpg","type":"image\/jpeg"}],"twitter_card":"summary_large_image","twitter_misc":{"Est. reading time":"1 minute"},"schema":{"@context":"https:\/\/schema.org","@graph":[{"@type":"WebPage","@id":"https:\/\/la-ptite-cerise.be\/produit\/premium-japan-sencha-konomi\/","url":"https:\/\/la-ptite-cerise.be\/produit\/premium-japan-sencha-konomi\/","name":"Premium Japan Sencha Konomi - La P&#039;tite Cerise","isPartOf":{"@id":"https:\/\/la-ptite-cerise.be\/#website"},"primaryImageOfPage":{"@id":"https:\/\/la-ptite-cerise.be\/produit\/premium-japan-sencha-konomi\/#primaryimage"},"image":{"@id":"https:\/\/la-ptite-cerise.be\/produit\/premium-japan-sencha-konomi\/#primaryimage"},"thumbnailUrl":"https:\/\/la-ptite-cerise.be\/wp-content\/uploads\/2022\/01\/82928-Rare_Green_Tea-Premium_Sencha_Konomi_1-Rarities.jpg","datePublished":"2022-01-13T10:29:53+00:00","breadcrumb":{"@id":"https:\/\/la-ptite-cerise.be\/produit\/premium-japan-sencha-konomi\/#breadcrumb"},"inLanguage":"en-US","potentialAction":[{"@type":"ReadAction","target":["https:\/\/la-ptite-cerise.be\/produit\/premium-japan-sencha-konomi\/"]}]},{"@type":"ImageObject","inLanguage":"en-US","@id":"https:\/\/la-ptite-cerise.be\/produit\/premium-japan-sencha-konomi\/#primaryimage","url":"https:\/\/la-ptite-cerise.be\/wp-content\/uploads\/2022\/01\/82928-Rare_Green_Tea-Premium_Sencha_Konomi_1-Rarities.jpg","contentUrl":"https:\/\/la-ptite-cerise.be\/wp-content\/uploads\/2022\/01\/82928-Rare_Green_Tea-Premium_Sencha_Konomi_1-Rarities.jpg","width":500,"height":500},{"@type":"BreadcrumbList","@id":"https:\/\/la-ptite-cerise.be\/produit\/premium-japan-sencha-konomi\/#breadcrumb","itemListElement":[{"@type":"ListItem","position":1,"name":"Accueil","item":"https:\/\/la-ptite-cerise.be\/en\/"},{"@type":"ListItem","position":2,"name":"Store","item":"https:\/\/la-ptite-cerise.be\/boutique\/"},{"@type":"ListItem","position":3,"name":"Premium Japan Sencha Konomi"}]},{"@type":"WebSite","@id":"https:\/\/la-ptite-cerise.be\/#website","url":"https:\/\/la-ptite-cerise.be\/","name":"La P'tite Cerise","description":"Artisan torr\u00e9facteur de caf\u00e9 de sp\u00e9cialit\u00e9. S\u00e9lection de th\u00e9s &amp; tisanes.","publisher":{"@id":"https:\/\/la-ptite-cerise.be\/#organization"},"potentialAction":[{"@type":"SearchAction","target":{"@type":"EntryPoint","urlTemplate":"https:\/\/la-ptite-cerise.be\/?s={search_term_string}"},"query-input":{"@type":"PropertyValueSpecification","valueRequired":true,"valueName":"search_term_string"}}],"inLanguage":"en-US"},{"@type":"Organization","@id":"https:\/\/la-ptite-cerise.be\/#organization","name":"La P'tite Cerise","url":"https:\/\/la-ptite-cerise.be\/","logo":{"@type":"ImageObject","inLanguage":"en-US","@id":"https:\/\/la-ptite-cerise.be\/#\/schema\/logo\/image\/","url":"https:\/\/la-ptite-cerise.be\/wp-content\/uploads\/2020\/10\/logo-header-01.jpg","contentUrl":"https:\/\/la-ptite-cerise.be\/wp-content\/uploads\/2020\/10\/logo-header-01.jpg","width":176,"height":100,"caption":"La P'tite Cerise"},"image":{"@id":"https:\/\/la-ptite-cerise.be\/#\/schema\/logo\/image\/"},"sameAs":["https:\/\/www.facebook.com\/laptitecerise\/","https:\/\/www.instagram.com\/la.ptite_cerise\/"]}]}},"_links":{"self":[{"href":"https:\/\/la-ptite-cerise.be\/en\/wp-json\/wp\/v2\/product\/13446","targetHints":{"allow":["GET"]}}],"collection":[{"href":"https:\/\/la-ptite-cerise.be\/en\/wp-json\/wp\/v2\/product"}],"about":[{"href":"https:\/\/la-ptite-cerise.be\/en\/wp-json\/wp\/v2\/types\/product"}],"wp:featuredmedia":[{"embeddable":true,"href":"https:\/\/la-ptite-cerise.be\/en\/wp-json\/wp\/v2\/media\/9196"}],"wp:attachment":[{"href":"https:\/\/la-ptite-cerise.be\/en\/wp-json\/wp\/v2\/media?parent=13446"}],"wp:term":[{"taxonomy":"product_brand","embeddable":true,"href":"https:\/\/la-ptite-cerise.be\/en\/wp-json\/wp\/v2\/product_brand?post=13446"},{"taxonomy":"product_cat","embeddable":true,"href":"https:\/\/la-ptite-cerise.be\/en\/wp-json\/wp\/v2\/product_cat?post=13446"},{"taxonomy":"product_tag","embeddable":true,"href":"https:\/\/la-ptite-cerise.be\/en\/wp-json\/wp\/v2\/product_tag?post=13446"}],"curies":[{"name":"wp","href":"https:\/\/api.w.org\/{rel}","templated":true}]}}