{"id":13448,"date":"2022-01-11T16:30:04","date_gmt":"2022-01-11T15:30:04","guid":{"rendered":"https:\/\/la-ptite-cerise.be\/produit\/reglisse\/"},"modified":"2022-01-11T16:30:04","modified_gmt":"2022-01-11T15:30:04","slug":"reglisse","status":"publish","type":"product","link":"https:\/\/la-ptite-cerise.be\/en\/produit\/reglisse\/","title":{"rendered":"R\u00e9glisse"},"content":{"rendered":"<h3 class=\"\" data-start=\"1518\" data-end=\"1576\"><strong data-start=\"1527\" data-end=\"1560\">Black Tea \u2013 Liquorice &amp; Anise<\/strong> (100 g pouch)<\/h3>\n<p class=\"\" data-start=\"1577\" data-end=\"1649\"><strong data-start=\"1577\" data-end=\"1649\">A naturally sweet black tea with spicy notes of anise and liquorice.<\/strong><\/p>\n<p class=\"\" data-start=\"1651\" data-end=\"1883\">This premium blend combines robust Assam and South Indian black teas with the warmth of anise, the sweetness of liquorice root, and a hint of floral character from cornflower petals. A bold, aromatic cup with a lingering smoothness.<\/p>\n<p class=\"\" data-start=\"1885\" data-end=\"1936\">\ud83d\udcac <em data-start=\"1888\" data-end=\"1936\">Best enjoyed hot, plain or sweetened to taste.<\/em><\/p>\n<hr class=\"\" data-start=\"1938\" data-end=\"1941\" \/>\n<h3 class=\"\" data-start=\"1943\" data-end=\"1963\">\u2705 <strong data-start=\"1949\" data-end=\"1963\">Highlights<\/strong><\/h3>\n<ul data-start=\"1964\" data-end=\"2151\">\n<li class=\"\" data-start=\"1964\" data-end=\"2042\">\n<p class=\"\" data-start=\"1966\" data-end=\"2042\">Premium blend with sustainably sourced ingredients and natural flavourings<\/p>\n<\/li>\n<li class=\"\" data-start=\"2043\" data-end=\"2104\">\n<p class=\"\" data-start=\"2045\" data-end=\"2104\">Harmonious combination of black tea, anise, and liquorice<\/p>\n<\/li>\n<li class=\"\" data-start=\"2105\" data-end=\"2151\">\n<p class=\"\" data-start=\"2107\" data-end=\"2151\">Ideal for a rich and flavourful tea moment<\/p>\n<\/li>\n<\/ul>\n<hr class=\"\" data-start=\"2153\" data-end=\"2156\" \/>\n<h3 class=\"\" data-start=\"2158\" data-end=\"2182\">\ud83e\uddfe <strong data-start=\"2165\" data-end=\"2180\">Ingredients<\/strong><\/h3>\n<p class=\"\" data-start=\"2183\" data-end=\"2349\">Assam black tea, South Indian black tea, anise, liquorice root (3%), natural anise flavouring, cornflower petals<br data-start=\"2295\" data-end=\"2298\" \/><strong data-start=\"2298\" data-end=\"2311\">Allergens<\/strong>: May contain traces of milk and nuts.<\/p>\n<hr class=\"\" data-start=\"2351\" data-end=\"2354\" \/>\n<h3 class=\"\" data-start=\"2356\" data-end=\"2380\">\ud83c\udf7d\ufe0f <strong data-start=\"2364\" data-end=\"2380\">Brewing tips<\/strong><\/h3>\n<ul data-start=\"2381\" data-end=\"2597\">\n<li class=\"\" data-start=\"2381\" data-end=\"2414\">\n<p class=\"\" data-start=\"2383\" data-end=\"2414\"><strong data-start=\"2383\" data-end=\"2404\">Water temperature<\/strong>: 100\u202f\u00b0C<\/p>\n<\/li>\n<li class=\"\" data-start=\"2415\" data-end=\"2449\">\n<p class=\"\" data-start=\"2417\" data-end=\"2449\"><strong data-start=\"2417\" data-end=\"2434\">Steeping time<\/strong>: 3\u20135 minutes<\/p>\n<\/li>\n<li class=\"\" data-start=\"2450\" data-end=\"2514\">\n<p class=\"\" data-start=\"2452\" data-end=\"2465\"><strong data-start=\"2452\" data-end=\"2464\">Quantity<\/strong>:<\/p>\n<ul data-start=\"2468\" data-end=\"2514\">\n<li class=\"\" data-start=\"2468\" data-end=\"2486\">\n<p class=\"\" data-start=\"2470\" data-end=\"2486\">3 g per 200 ml<\/p>\n<\/li>\n<li class=\"\" data-start=\"2489\" data-end=\"2514\">\n<p class=\"\" data-start=\"2491\" data-end=\"2514\"><strong data-start=\"2491\" data-end=\"2512\">12\u201315 g per litre<\/strong><\/p>\n<\/li>\n<\/ul>\n<\/li>\n<li class=\"\" data-start=\"2515\" data-end=\"2597\">\n<p class=\"\" data-start=\"2517\" data-end=\"2597\"><strong data-start=\"2517\" data-end=\"2539\">Serving suggestion<\/strong>: Enjoy plain or with a touch of honey for a softer finish<\/p>\n<\/li>\n<\/ul>\n","protected":false},"excerpt":{"rendered":"<p>Black tea with anise and liquorice root. 100 g pouch \u2013 a naturally sweet and aromatic blend.<\/p>\n","protected":false},"featured_media":9193,"template":"","meta":[],"product_brand":[],"product_cat":[143],"product_tag":[],"class_list":{"0":"post-13448","1":"product","2":"type-product","3":"status-publish","4":"has-post-thumbnail","6":"product_cat-tea","8":"first","9":"instock","10":"taxable","11":"shipping-taxable","12":"purchasable","13":"product-type-simple"},"yoast_head":"<!-- This site is optimized with the Yoast SEO plugin v25.7 - https:\/\/yoast.com\/wordpress\/plugins\/seo\/ -->\n<title>R\u00e9glisse - La P&#039;tite Cerise<\/title>\n<meta name=\"robots\" content=\"index, follow, max-snippet:-1, max-image-preview:large, max-video-preview:-1\" \/>\n<link rel=\"canonical\" href=\"https:\/\/la-ptite-cerise.be\/produit\/reglisse\/\" \/>\n<meta property=\"og:locale\" content=\"en_US\" \/>\n<meta property=\"og:type\" content=\"article\" \/>\n<meta property=\"og:title\" content=\"R\u00e9glisse - La P&#039;tite Cerise\" \/>\n<meta property=\"og:description\" content=\"Black tea with anise and liquorice root. 100 g pouch \u2013 a naturally sweet and aromatic blend.\" \/>\n<meta property=\"og:url\" content=\"https:\/\/la-ptite-cerise.be\/produit\/reglisse\/\" \/>\n<meta property=\"og:site_name\" content=\"La P&#039;tite Cerise\" \/>\n<meta property=\"article:publisher\" content=\"https:\/\/www.facebook.com\/laptitecerise\/\" \/>\n<meta property=\"og:image\" content=\"https:\/\/la-ptite-cerise.be\/wp-content\/uploads\/2022\/01\/84058_Liquorice_ORGANIC_LOW.jpg\" \/>\n\t<meta property=\"og:image:width\" content=\"500\" \/>\n\t<meta property=\"og:image:height\" content=\"500\" \/>\n\t<meta property=\"og:image:type\" content=\"image\/jpeg\" \/>\n<meta name=\"twitter:card\" content=\"summary_large_image\" \/>\n<meta name=\"twitter:label1\" content=\"Est. reading time\" \/>\n\t<meta name=\"twitter:data1\" content=\"1 minute\" \/>\n<script type=\"application\/ld+json\" class=\"yoast-schema-graph\">{\"@context\":\"https:\/\/schema.org\",\"@graph\":[{\"@type\":\"WebPage\",\"@id\":\"https:\/\/la-ptite-cerise.be\/produit\/reglisse\/\",\"url\":\"https:\/\/la-ptite-cerise.be\/produit\/reglisse\/\",\"name\":\"R\u00e9glisse - La P&#039;tite Cerise\",\"isPartOf\":{\"@id\":\"https:\/\/la-ptite-cerise.be\/#website\"},\"primaryImageOfPage\":{\"@id\":\"https:\/\/la-ptite-cerise.be\/produit\/reglisse\/#primaryimage\"},\"image\":{\"@id\":\"https:\/\/la-ptite-cerise.be\/produit\/reglisse\/#primaryimage\"},\"thumbnailUrl\":\"https:\/\/la-ptite-cerise.be\/wp-content\/uploads\/2022\/01\/84058_Liquorice_ORGANIC_LOW.jpg\",\"datePublished\":\"2022-01-11T15:30:04+00:00\",\"breadcrumb\":{\"@id\":\"https:\/\/la-ptite-cerise.be\/produit\/reglisse\/#breadcrumb\"},\"inLanguage\":\"en-US\",\"potentialAction\":[{\"@type\":\"ReadAction\",\"target\":[\"https:\/\/la-ptite-cerise.be\/produit\/reglisse\/\"]}]},{\"@type\":\"ImageObject\",\"inLanguage\":\"en-US\",\"@id\":\"https:\/\/la-ptite-cerise.be\/produit\/reglisse\/#primaryimage\",\"url\":\"https:\/\/la-ptite-cerise.be\/wp-content\/uploads\/2022\/01\/84058_Liquorice_ORGANIC_LOW.jpg\",\"contentUrl\":\"https:\/\/la-ptite-cerise.be\/wp-content\/uploads\/2022\/01\/84058_Liquorice_ORGANIC_LOW.jpg\",\"width\":500,\"height\":500},{\"@type\":\"BreadcrumbList\",\"@id\":\"https:\/\/la-ptite-cerise.be\/produit\/reglisse\/#breadcrumb\",\"itemListElement\":[{\"@type\":\"ListItem\",\"position\":1,\"name\":\"Accueil\",\"item\":\"https:\/\/la-ptite-cerise.be\/en\/\"},{\"@type\":\"ListItem\",\"position\":2,\"name\":\"Store\",\"item\":\"https:\/\/la-ptite-cerise.be\/boutique\/\"},{\"@type\":\"ListItem\",\"position\":3,\"name\":\"R\u00e9glisse\"}]},{\"@type\":\"WebSite\",\"@id\":\"https:\/\/la-ptite-cerise.be\/#website\",\"url\":\"https:\/\/la-ptite-cerise.be\/\",\"name\":\"La P'tite Cerise\",\"description\":\"Artisan torr\u00e9facteur de caf\u00e9 de sp\u00e9cialit\u00e9. S\u00e9lection de th\u00e9s &amp; tisanes.\",\"publisher\":{\"@id\":\"https:\/\/la-ptite-cerise.be\/#organization\"},\"potentialAction\":[{\"@type\":\"SearchAction\",\"target\":{\"@type\":\"EntryPoint\",\"urlTemplate\":\"https:\/\/la-ptite-cerise.be\/?s={search_term_string}\"},\"query-input\":{\"@type\":\"PropertyValueSpecification\",\"valueRequired\":true,\"valueName\":\"search_term_string\"}}],\"inLanguage\":\"en-US\"},{\"@type\":\"Organization\",\"@id\":\"https:\/\/la-ptite-cerise.be\/#organization\",\"name\":\"La P'tite Cerise\",\"url\":\"https:\/\/la-ptite-cerise.be\/\",\"logo\":{\"@type\":\"ImageObject\",\"inLanguage\":\"en-US\",\"@id\":\"https:\/\/la-ptite-cerise.be\/#\/schema\/logo\/image\/\",\"url\":\"https:\/\/la-ptite-cerise.be\/wp-content\/uploads\/2020\/10\/logo-header-01.jpg\",\"contentUrl\":\"https:\/\/la-ptite-cerise.be\/wp-content\/uploads\/2020\/10\/logo-header-01.jpg\",\"width\":176,\"height\":100,\"caption\":\"La P'tite Cerise\"},\"image\":{\"@id\":\"https:\/\/la-ptite-cerise.be\/#\/schema\/logo\/image\/\"},\"sameAs\":[\"https:\/\/www.facebook.com\/laptitecerise\/\",\"https:\/\/www.instagram.com\/la.ptite_cerise\/\"]}]}<\/script>\n<!-- \/ Yoast SEO plugin. -->","yoast_head_json":{"title":"R\u00e9glisse - La P&#039;tite Cerise","robots":{"index":"index","follow":"follow","max-snippet":"max-snippet:-1","max-image-preview":"max-image-preview:large","max-video-preview":"max-video-preview:-1"},"canonical":"https:\/\/la-ptite-cerise.be\/produit\/reglisse\/","og_locale":"en_US","og_type":"article","og_title":"R\u00e9glisse - La P&#039;tite Cerise","og_description":"Black tea with anise and liquorice root. 100 g pouch \u2013 a naturally sweet and aromatic blend.","og_url":"https:\/\/la-ptite-cerise.be\/produit\/reglisse\/","og_site_name":"La P&#039;tite Cerise","article_publisher":"https:\/\/www.facebook.com\/laptitecerise\/","og_image":[{"width":500,"height":500,"url":"https:\/\/la-ptite-cerise.be\/wp-content\/uploads\/2022\/01\/84058_Liquorice_ORGANIC_LOW.jpg","type":"image\/jpeg"}],"twitter_card":"summary_large_image","twitter_misc":{"Est. reading time":"1 minute"},"schema":{"@context":"https:\/\/schema.org","@graph":[{"@type":"WebPage","@id":"https:\/\/la-ptite-cerise.be\/produit\/reglisse\/","url":"https:\/\/la-ptite-cerise.be\/produit\/reglisse\/","name":"R\u00e9glisse - La P&#039;tite Cerise","isPartOf":{"@id":"https:\/\/la-ptite-cerise.be\/#website"},"primaryImageOfPage":{"@id":"https:\/\/la-ptite-cerise.be\/produit\/reglisse\/#primaryimage"},"image":{"@id":"https:\/\/la-ptite-cerise.be\/produit\/reglisse\/#primaryimage"},"thumbnailUrl":"https:\/\/la-ptite-cerise.be\/wp-content\/uploads\/2022\/01\/84058_Liquorice_ORGANIC_LOW.jpg","datePublished":"2022-01-11T15:30:04+00:00","breadcrumb":{"@id":"https:\/\/la-ptite-cerise.be\/produit\/reglisse\/#breadcrumb"},"inLanguage":"en-US","potentialAction":[{"@type":"ReadAction","target":["https:\/\/la-ptite-cerise.be\/produit\/reglisse\/"]}]},{"@type":"ImageObject","inLanguage":"en-US","@id":"https:\/\/la-ptite-cerise.be\/produit\/reglisse\/#primaryimage","url":"https:\/\/la-ptite-cerise.be\/wp-content\/uploads\/2022\/01\/84058_Liquorice_ORGANIC_LOW.jpg","contentUrl":"https:\/\/la-ptite-cerise.be\/wp-content\/uploads\/2022\/01\/84058_Liquorice_ORGANIC_LOW.jpg","width":500,"height":500},{"@type":"BreadcrumbList","@id":"https:\/\/la-ptite-cerise.be\/produit\/reglisse\/#breadcrumb","itemListElement":[{"@type":"ListItem","position":1,"name":"Accueil","item":"https:\/\/la-ptite-cerise.be\/en\/"},{"@type":"ListItem","position":2,"name":"Store","item":"https:\/\/la-ptite-cerise.be\/boutique\/"},{"@type":"ListItem","position":3,"name":"R\u00e9glisse"}]},{"@type":"WebSite","@id":"https:\/\/la-ptite-cerise.be\/#website","url":"https:\/\/la-ptite-cerise.be\/","name":"La P'tite Cerise","description":"Artisan torr\u00e9facteur de caf\u00e9 de sp\u00e9cialit\u00e9. S\u00e9lection de th\u00e9s &amp; tisanes.","publisher":{"@id":"https:\/\/la-ptite-cerise.be\/#organization"},"potentialAction":[{"@type":"SearchAction","target":{"@type":"EntryPoint","urlTemplate":"https:\/\/la-ptite-cerise.be\/?s={search_term_string}"},"query-input":{"@type":"PropertyValueSpecification","valueRequired":true,"valueName":"search_term_string"}}],"inLanguage":"en-US"},{"@type":"Organization","@id":"https:\/\/la-ptite-cerise.be\/#organization","name":"La P'tite Cerise","url":"https:\/\/la-ptite-cerise.be\/","logo":{"@type":"ImageObject","inLanguage":"en-US","@id":"https:\/\/la-ptite-cerise.be\/#\/schema\/logo\/image\/","url":"https:\/\/la-ptite-cerise.be\/wp-content\/uploads\/2020\/10\/logo-header-01.jpg","contentUrl":"https:\/\/la-ptite-cerise.be\/wp-content\/uploads\/2020\/10\/logo-header-01.jpg","width":176,"height":100,"caption":"La P'tite Cerise"},"image":{"@id":"https:\/\/la-ptite-cerise.be\/#\/schema\/logo\/image\/"},"sameAs":["https:\/\/www.facebook.com\/laptitecerise\/","https:\/\/www.instagram.com\/la.ptite_cerise\/"]}]}},"_links":{"self":[{"href":"https:\/\/la-ptite-cerise.be\/en\/wp-json\/wp\/v2\/product\/13448","targetHints":{"allow":["GET"]}}],"collection":[{"href":"https:\/\/la-ptite-cerise.be\/en\/wp-json\/wp\/v2\/product"}],"about":[{"href":"https:\/\/la-ptite-cerise.be\/en\/wp-json\/wp\/v2\/types\/product"}],"wp:featuredmedia":[{"embeddable":true,"href":"https:\/\/la-ptite-cerise.be\/en\/wp-json\/wp\/v2\/media\/9193"}],"wp:attachment":[{"href":"https:\/\/la-ptite-cerise.be\/en\/wp-json\/wp\/v2\/media?parent=13448"}],"wp:term":[{"taxonomy":"product_brand","embeddable":true,"href":"https:\/\/la-ptite-cerise.be\/en\/wp-json\/wp\/v2\/product_brand?post=13448"},{"taxonomy":"product_cat","embeddable":true,"href":"https:\/\/la-ptite-cerise.be\/en\/wp-json\/wp\/v2\/product_cat?post=13448"},{"taxonomy":"product_tag","embeddable":true,"href":"https:\/\/la-ptite-cerise.be\/en\/wp-json\/wp\/v2\/product_tag?post=13448"}],"curies":[{"name":"wp","href":"https:\/\/api.w.org\/{rel}","templated":true}]}}