{"id":13450,"date":"2021-11-03T13:47:22","date_gmt":"2021-11-03T12:47:22","guid":{"rendered":"https:\/\/la-ptite-cerise.be\/produit\/assam-tgfop-second-flush-rembeng\/"},"modified":"2021-11-03T13:47:22","modified_gmt":"2021-11-03T12:47:22","slug":"assam-tgfop-second-flush-rembeng","status":"publish","type":"product","link":"https:\/\/la-ptite-cerise.be\/en\/produit\/assam-tgfop-second-flush-rembeng\/","title":{"rendered":"ASSAM TGFOP second flush Rembeng"},"content":{"rendered":"<h3 class=\"\" data-start=\"1338\" data-end=\"1411\"><strong data-start=\"1347\" data-end=\"1395\">Black Tea \u2013 Assam TGFOP Second Flush Rembeng<\/strong> (100 g pouch)<\/h3>\n<p class=\"\" data-start=\"1412\" data-end=\"1469\"><strong data-start=\"1412\" data-end=\"1469\">A strong Indian black tea with malty and spicy notes.<\/strong><\/p>\n<p class=\"\" data-start=\"1471\" data-end=\"1689\">This premium tea comes from the Rembeng estate in Assam, India. Harvested during the second flush and graded TGFOP, it\u2019s rich in golden tips and offers a dark, robust liquor with deep malty aromas and a touch of spice.<\/p>\n<p class=\"\" data-start=\"1691\" data-end=\"1742\">\ud83d\udcac <em data-start=\"1694\" data-end=\"1742\">Ideal for mornings or an energising tea break.<\/em><\/p>\n<hr class=\"\" data-start=\"1744\" data-end=\"1747\" \/>\n<h3 class=\"\" data-start=\"1749\" data-end=\"1769\">\u2705 <strong data-start=\"1755\" data-end=\"1769\">Highlights<\/strong><\/h3>\n<ul data-start=\"1770\" data-end=\"1904\">\n<li class=\"\" data-start=\"1770\" data-end=\"1814\">\n<p class=\"\" data-start=\"1772\" data-end=\"1814\">Premium tea from sustainable agriculture<\/p>\n<\/li>\n<li class=\"\" data-start=\"1815\" data-end=\"1858\">\n<p class=\"\" data-start=\"1817\" data-end=\"1858\">Whole-leaf TGFOP grade with golden tips<\/p>\n<\/li>\n<li class=\"\" data-start=\"1859\" data-end=\"1904\">\n<p class=\"\" data-start=\"1861\" data-end=\"1904\">Great plain or with milk for a smooth cup<\/p>\n<\/li>\n<\/ul>\n<hr class=\"\" data-start=\"1906\" data-end=\"1909\" \/>\n<h3 class=\"\" data-start=\"1911\" data-end=\"1935\">\ud83e\uddfe <strong data-start=\"1918\" data-end=\"1933\">Ingredients<\/strong><\/h3>\n<p class=\"\" data-start=\"1936\" data-end=\"2005\">Assam black tea<br data-start=\"1951\" data-end=\"1954\" \/><strong data-start=\"1954\" data-end=\"1967\">Allergens<\/strong>: May contain traces of milk and nuts.<\/p>\n<hr class=\"\" data-start=\"2007\" data-end=\"2010\" \/>\n<h3 class=\"\" data-start=\"2012\" data-end=\"2036\">\ud83c\udf7d\ufe0f <strong data-start=\"2020\" data-end=\"2036\">Brewing tips<\/strong><\/h3>\n<ul data-start=\"2037\" data-end=\"2274\">\n<li class=\"\" data-start=\"2037\" data-end=\"2070\">\n<p class=\"\" data-start=\"2039\" data-end=\"2070\"><strong data-start=\"2039\" data-end=\"2060\">Water temperature<\/strong>: 100\u202f\u00b0C<\/p>\n<\/li>\n<li class=\"\" data-start=\"2071\" data-end=\"2105\">\n<p class=\"\" data-start=\"2073\" data-end=\"2105\"><strong data-start=\"2073\" data-end=\"2090\">Steeping time<\/strong>: 3\u20135 minutes<\/p>\n<\/li>\n<li class=\"\" data-start=\"2106\" data-end=\"2170\">\n<p class=\"\" data-start=\"2108\" data-end=\"2121\"><strong data-start=\"2108\" data-end=\"2120\">Quantity<\/strong>:<\/p>\n<ul data-start=\"2124\" data-end=\"2170\">\n<li class=\"\" data-start=\"2124\" data-end=\"2142\">\n<p class=\"\" data-start=\"2126\" data-end=\"2142\">3 g per 200 ml<\/p>\n<\/li>\n<li class=\"\" data-start=\"2145\" data-end=\"2170\">\n<p class=\"\" data-start=\"2147\" data-end=\"2170\"><strong data-start=\"2147\" data-end=\"2168\">12\u201315 g per litre<\/strong><\/p>\n<\/li>\n<\/ul>\n<\/li>\n<li class=\"\" data-start=\"2171\" data-end=\"2274\">\n<p class=\"\" data-start=\"2173\" data-end=\"2274\"><strong data-start=\"2173\" data-end=\"2195\">Serving suggestion<\/strong>: enjoy plain for its bold flavour or with a splash of milk for a mellow finish<\/p>\n<\/li>\n<\/ul>\n","protected":false},"excerpt":{"rendered":"<p>Bold Assam black tea with malty notes. 100 g pouch \u2013 powerful and well-balanced cup.<\/p>\n","protected":false},"featured_media":9038,"template":"","meta":[],"product_brand":[],"product_cat":[143],"product_tag":[],"class_list":{"0":"post-13450","1":"product","2":"type-product","3":"status-publish","4":"has-post-thumbnail","6":"product_cat-tea","8":"first","9":"instock","10":"taxable","11":"shipping-taxable","12":"purchasable","13":"product-type-simple"},"yoast_head":"<!-- This site is optimized with the Yoast SEO plugin v25.7 - https:\/\/yoast.com\/wordpress\/plugins\/seo\/ -->\n<title>ASSAM TGFOP second flush Rembeng - La P&#039;tite Cerise<\/title>\n<meta name=\"robots\" content=\"index, follow, max-snippet:-1, max-image-preview:large, max-video-preview:-1\" \/>\n<link rel=\"canonical\" href=\"https:\/\/la-ptite-cerise.be\/produit\/assam-tgfop-second-flush-rembeng\/\" \/>\n<meta property=\"og:locale\" content=\"en_US\" \/>\n<meta property=\"og:type\" content=\"article\" \/>\n<meta property=\"og:title\" content=\"ASSAM TGFOP second flush Rembeng - La P&#039;tite Cerise\" \/>\n<meta property=\"og:description\" content=\"Bold Assam black tea with malty notes. 100 g pouch \u2013 powerful and well-balanced cup.\" \/>\n<meta property=\"og:url\" content=\"https:\/\/la-ptite-cerise.be\/produit\/assam-tgfop-second-flush-rembeng\/\" \/>\n<meta property=\"og:site_name\" content=\"La P&#039;tite Cerise\" \/>\n<meta property=\"article:publisher\" content=\"https:\/\/www.facebook.com\/laptitecerise\/\" \/>\n<meta property=\"og:image\" content=\"https:\/\/la-ptite-cerise.be\/wp-content\/uploads\/2021\/11\/82525_Assam_TGFOP_Second_Flush_Rembeng_BIO.jpg\" \/>\n\t<meta property=\"og:image:width\" content=\"500\" \/>\n\t<meta property=\"og:image:height\" content=\"500\" \/>\n\t<meta property=\"og:image:type\" content=\"image\/jpeg\" \/>\n<meta name=\"twitter:card\" content=\"summary_large_image\" \/>\n<meta name=\"twitter:label1\" content=\"Est. reading time\" \/>\n\t<meta name=\"twitter:data1\" content=\"1 minute\" \/>\n<script type=\"application\/ld+json\" class=\"yoast-schema-graph\">{\"@context\":\"https:\/\/schema.org\",\"@graph\":[{\"@type\":\"WebPage\",\"@id\":\"https:\/\/la-ptite-cerise.be\/produit\/assam-tgfop-second-flush-rembeng\/\",\"url\":\"https:\/\/la-ptite-cerise.be\/produit\/assam-tgfop-second-flush-rembeng\/\",\"name\":\"ASSAM TGFOP second flush Rembeng - La P&#039;tite Cerise\",\"isPartOf\":{\"@id\":\"https:\/\/la-ptite-cerise.be\/#website\"},\"primaryImageOfPage\":{\"@id\":\"https:\/\/la-ptite-cerise.be\/produit\/assam-tgfop-second-flush-rembeng\/#primaryimage\"},\"image\":{\"@id\":\"https:\/\/la-ptite-cerise.be\/produit\/assam-tgfop-second-flush-rembeng\/#primaryimage\"},\"thumbnailUrl\":\"https:\/\/la-ptite-cerise.be\/wp-content\/uploads\/2021\/11\/82525_Assam_TGFOP_Second_Flush_Rembeng_BIO.jpg\",\"datePublished\":\"2021-11-03T12:47:22+00:00\",\"breadcrumb\":{\"@id\":\"https:\/\/la-ptite-cerise.be\/produit\/assam-tgfop-second-flush-rembeng\/#breadcrumb\"},\"inLanguage\":\"en-US\",\"potentialAction\":[{\"@type\":\"ReadAction\",\"target\":[\"https:\/\/la-ptite-cerise.be\/produit\/assam-tgfop-second-flush-rembeng\/\"]}]},{\"@type\":\"ImageObject\",\"inLanguage\":\"en-US\",\"@id\":\"https:\/\/la-ptite-cerise.be\/produit\/assam-tgfop-second-flush-rembeng\/#primaryimage\",\"url\":\"https:\/\/la-ptite-cerise.be\/wp-content\/uploads\/2021\/11\/82525_Assam_TGFOP_Second_Flush_Rembeng_BIO.jpg\",\"contentUrl\":\"https:\/\/la-ptite-cerise.be\/wp-content\/uploads\/2021\/11\/82525_Assam_TGFOP_Second_Flush_Rembeng_BIO.jpg\",\"width\":500,\"height\":500},{\"@type\":\"BreadcrumbList\",\"@id\":\"https:\/\/la-ptite-cerise.be\/produit\/assam-tgfop-second-flush-rembeng\/#breadcrumb\",\"itemListElement\":[{\"@type\":\"ListItem\",\"position\":1,\"name\":\"Accueil\",\"item\":\"https:\/\/la-ptite-cerise.be\/en\/\"},{\"@type\":\"ListItem\",\"position\":2,\"name\":\"Store\",\"item\":\"https:\/\/la-ptite-cerise.be\/boutique\/\"},{\"@type\":\"ListItem\",\"position\":3,\"name\":\"ASSAM TGFOP second flush Rembeng\"}]},{\"@type\":\"WebSite\",\"@id\":\"https:\/\/la-ptite-cerise.be\/#website\",\"url\":\"https:\/\/la-ptite-cerise.be\/\",\"name\":\"La P'tite Cerise\",\"description\":\"Artisan torr\u00e9facteur de caf\u00e9 de sp\u00e9cialit\u00e9. S\u00e9lection de th\u00e9s &amp; tisanes.\",\"publisher\":{\"@id\":\"https:\/\/la-ptite-cerise.be\/#organization\"},\"potentialAction\":[{\"@type\":\"SearchAction\",\"target\":{\"@type\":\"EntryPoint\",\"urlTemplate\":\"https:\/\/la-ptite-cerise.be\/?s={search_term_string}\"},\"query-input\":{\"@type\":\"PropertyValueSpecification\",\"valueRequired\":true,\"valueName\":\"search_term_string\"}}],\"inLanguage\":\"en-US\"},{\"@type\":\"Organization\",\"@id\":\"https:\/\/la-ptite-cerise.be\/#organization\",\"name\":\"La P'tite Cerise\",\"url\":\"https:\/\/la-ptite-cerise.be\/\",\"logo\":{\"@type\":\"ImageObject\",\"inLanguage\":\"en-US\",\"@id\":\"https:\/\/la-ptite-cerise.be\/#\/schema\/logo\/image\/\",\"url\":\"https:\/\/la-ptite-cerise.be\/wp-content\/uploads\/2020\/10\/logo-header-01.jpg\",\"contentUrl\":\"https:\/\/la-ptite-cerise.be\/wp-content\/uploads\/2020\/10\/logo-header-01.jpg\",\"width\":176,\"height\":100,\"caption\":\"La P'tite Cerise\"},\"image\":{\"@id\":\"https:\/\/la-ptite-cerise.be\/#\/schema\/logo\/image\/\"},\"sameAs\":[\"https:\/\/www.facebook.com\/laptitecerise\/\",\"https:\/\/www.instagram.com\/la.ptite_cerise\/\"]}]}<\/script>\n<!-- \/ Yoast SEO plugin. -->","yoast_head_json":{"title":"ASSAM TGFOP second flush Rembeng - La P&#039;tite Cerise","robots":{"index":"index","follow":"follow","max-snippet":"max-snippet:-1","max-image-preview":"max-image-preview:large","max-video-preview":"max-video-preview:-1"},"canonical":"https:\/\/la-ptite-cerise.be\/produit\/assam-tgfop-second-flush-rembeng\/","og_locale":"en_US","og_type":"article","og_title":"ASSAM TGFOP second flush Rembeng - La P&#039;tite Cerise","og_description":"Bold Assam black tea with malty notes. 100 g pouch \u2013 powerful and well-balanced cup.","og_url":"https:\/\/la-ptite-cerise.be\/produit\/assam-tgfop-second-flush-rembeng\/","og_site_name":"La P&#039;tite Cerise","article_publisher":"https:\/\/www.facebook.com\/laptitecerise\/","og_image":[{"width":500,"height":500,"url":"https:\/\/la-ptite-cerise.be\/wp-content\/uploads\/2021\/11\/82525_Assam_TGFOP_Second_Flush_Rembeng_BIO.jpg","type":"image\/jpeg"}],"twitter_card":"summary_large_image","twitter_misc":{"Est. reading time":"1 minute"},"schema":{"@context":"https:\/\/schema.org","@graph":[{"@type":"WebPage","@id":"https:\/\/la-ptite-cerise.be\/produit\/assam-tgfop-second-flush-rembeng\/","url":"https:\/\/la-ptite-cerise.be\/produit\/assam-tgfop-second-flush-rembeng\/","name":"ASSAM TGFOP second flush Rembeng - La P&#039;tite Cerise","isPartOf":{"@id":"https:\/\/la-ptite-cerise.be\/#website"},"primaryImageOfPage":{"@id":"https:\/\/la-ptite-cerise.be\/produit\/assam-tgfop-second-flush-rembeng\/#primaryimage"},"image":{"@id":"https:\/\/la-ptite-cerise.be\/produit\/assam-tgfop-second-flush-rembeng\/#primaryimage"},"thumbnailUrl":"https:\/\/la-ptite-cerise.be\/wp-content\/uploads\/2021\/11\/82525_Assam_TGFOP_Second_Flush_Rembeng_BIO.jpg","datePublished":"2021-11-03T12:47:22+00:00","breadcrumb":{"@id":"https:\/\/la-ptite-cerise.be\/produit\/assam-tgfop-second-flush-rembeng\/#breadcrumb"},"inLanguage":"en-US","potentialAction":[{"@type":"ReadAction","target":["https:\/\/la-ptite-cerise.be\/produit\/assam-tgfop-second-flush-rembeng\/"]}]},{"@type":"ImageObject","inLanguage":"en-US","@id":"https:\/\/la-ptite-cerise.be\/produit\/assam-tgfop-second-flush-rembeng\/#primaryimage","url":"https:\/\/la-ptite-cerise.be\/wp-content\/uploads\/2021\/11\/82525_Assam_TGFOP_Second_Flush_Rembeng_BIO.jpg","contentUrl":"https:\/\/la-ptite-cerise.be\/wp-content\/uploads\/2021\/11\/82525_Assam_TGFOP_Second_Flush_Rembeng_BIO.jpg","width":500,"height":500},{"@type":"BreadcrumbList","@id":"https:\/\/la-ptite-cerise.be\/produit\/assam-tgfop-second-flush-rembeng\/#breadcrumb","itemListElement":[{"@type":"ListItem","position":1,"name":"Accueil","item":"https:\/\/la-ptite-cerise.be\/en\/"},{"@type":"ListItem","position":2,"name":"Store","item":"https:\/\/la-ptite-cerise.be\/boutique\/"},{"@type":"ListItem","position":3,"name":"ASSAM TGFOP second flush Rembeng"}]},{"@type":"WebSite","@id":"https:\/\/la-ptite-cerise.be\/#website","url":"https:\/\/la-ptite-cerise.be\/","name":"La P'tite Cerise","description":"Artisan torr\u00e9facteur de caf\u00e9 de sp\u00e9cialit\u00e9. S\u00e9lection de th\u00e9s &amp; tisanes.","publisher":{"@id":"https:\/\/la-ptite-cerise.be\/#organization"},"potentialAction":[{"@type":"SearchAction","target":{"@type":"EntryPoint","urlTemplate":"https:\/\/la-ptite-cerise.be\/?s={search_term_string}"},"query-input":{"@type":"PropertyValueSpecification","valueRequired":true,"valueName":"search_term_string"}}],"inLanguage":"en-US"},{"@type":"Organization","@id":"https:\/\/la-ptite-cerise.be\/#organization","name":"La P'tite Cerise","url":"https:\/\/la-ptite-cerise.be\/","logo":{"@type":"ImageObject","inLanguage":"en-US","@id":"https:\/\/la-ptite-cerise.be\/#\/schema\/logo\/image\/","url":"https:\/\/la-ptite-cerise.be\/wp-content\/uploads\/2020\/10\/logo-header-01.jpg","contentUrl":"https:\/\/la-ptite-cerise.be\/wp-content\/uploads\/2020\/10\/logo-header-01.jpg","width":176,"height":100,"caption":"La P'tite Cerise"},"image":{"@id":"https:\/\/la-ptite-cerise.be\/#\/schema\/logo\/image\/"},"sameAs":["https:\/\/www.facebook.com\/laptitecerise\/","https:\/\/www.instagram.com\/la.ptite_cerise\/"]}]}},"_links":{"self":[{"href":"https:\/\/la-ptite-cerise.be\/en\/wp-json\/wp\/v2\/product\/13450","targetHints":{"allow":["GET"]}}],"collection":[{"href":"https:\/\/la-ptite-cerise.be\/en\/wp-json\/wp\/v2\/product"}],"about":[{"href":"https:\/\/la-ptite-cerise.be\/en\/wp-json\/wp\/v2\/types\/product"}],"wp:featuredmedia":[{"embeddable":true,"href":"https:\/\/la-ptite-cerise.be\/en\/wp-json\/wp\/v2\/media\/9038"}],"wp:attachment":[{"href":"https:\/\/la-ptite-cerise.be\/en\/wp-json\/wp\/v2\/media?parent=13450"}],"wp:term":[{"taxonomy":"product_brand","embeddable":true,"href":"https:\/\/la-ptite-cerise.be\/en\/wp-json\/wp\/v2\/product_brand?post=13450"},{"taxonomy":"product_cat","embeddable":true,"href":"https:\/\/la-ptite-cerise.be\/en\/wp-json\/wp\/v2\/product_cat?post=13450"},{"taxonomy":"product_tag","embeddable":true,"href":"https:\/\/la-ptite-cerise.be\/en\/wp-json\/wp\/v2\/product_tag?post=13450"}],"curies":[{"name":"wp","href":"https:\/\/api.w.org\/{rel}","templated":true}]}}