{"id":13463,"date":"2021-04-01T12:23:59","date_gmt":"2021-04-01T10:23:59","guid":{"rendered":"https:\/\/la-ptite-cerise.be\/produit\/mojito\/"},"modified":"2021-04-01T12:23:59","modified_gmt":"2021-04-01T10:23:59","slug":"mojito","status":"publish","type":"product","link":"https:\/\/la-ptite-cerise.be\/en\/produit\/mojito\/","title":{"rendered":"Mojito"},"content":{"rendered":"<h3 class=\"\" data-start=\"1490\" data-end=\"1537\"><strong data-start=\"1499\" data-end=\"1521\">Green Tea \u2013 Mojito<\/strong> (100 g pouch)<\/h3>\n<p class=\"\" data-start=\"1538\" data-end=\"1601\"><strong data-start=\"1538\" data-end=\"1601\">A bright and refreshing green tea with lime and mint notes.<\/strong><\/p>\n<p class=\"\" data-start=\"1603\" data-end=\"1862\">This premium blend combines the freshness of China Sencha green tea with zesty lime, peppermint, citrus peels and a hint of vanilla for roundness. Marigold petals add a touch of colour and subtle floral notes. A vibrant tea, perfect for a revitalising moment.<\/p>\n<p class=\"\" data-start=\"1864\" data-end=\"1933\">\ud83d\udcac <em data-start=\"1867\" data-end=\"1933\">Enjoy hot or iced for a refreshing, invigorating tea experience.<\/em><\/p>\n<hr class=\"\" data-start=\"1935\" data-end=\"1938\" \/>\n<h3 class=\"\" data-start=\"1940\" data-end=\"1960\">\u2705 <strong data-start=\"1946\" data-end=\"1960\">Highlights<\/strong><\/h3>\n<ul data-start=\"1961\" data-end=\"2134\">\n<li class=\"\" data-start=\"1961\" data-end=\"2039\">\n<p class=\"\" data-start=\"1963\" data-end=\"2039\">Premium blend with sustainably sourced ingredients and natural flavourings<\/p>\n<\/li>\n<li class=\"\" data-start=\"2040\" data-end=\"2096\">\n<p class=\"\" data-start=\"2042\" data-end=\"2096\">Fresh and tangy green tea with lime, mint and citrus<\/p>\n<\/li>\n<li class=\"\" data-start=\"2097\" data-end=\"2134\">\n<p class=\"\" data-start=\"2099\" data-end=\"2134\">Ideal for hot or iced tea moments<\/p>\n<\/li>\n<\/ul>\n<hr class=\"\" data-start=\"2136\" data-end=\"2139\" \/>\n<h3 class=\"\" data-start=\"2141\" data-end=\"2165\">\ud83e\uddfe <strong data-start=\"2148\" data-end=\"2163\">Ingredients<\/strong><\/h3>\n<p class=\"\" data-start=\"2166\" data-end=\"2384\">China Sencha green tea, lemongrass, lemon peel, lime essential oil, mint, marigold flowers, natural lemon flavouring, natural peppermint flavouring, vanilla extract<br data-start=\"2330\" data-end=\"2333\" \/><strong data-start=\"2333\" data-end=\"2346\">Allergens<\/strong>: May contain traces of milk and nuts.<\/p>\n<hr class=\"\" data-start=\"2386\" data-end=\"2389\" \/>\n<h3 class=\"\" data-start=\"2391\" data-end=\"2415\">\ud83c\udf7d\ufe0f <strong data-start=\"2399\" data-end=\"2415\">Brewing tips<\/strong><\/h3>\n<ul data-start=\"2416\" data-end=\"2628\">\n<li class=\"\" data-start=\"2416\" data-end=\"2451\">\n<p class=\"\" data-start=\"2418\" data-end=\"2451\"><strong data-start=\"2418\" data-end=\"2439\">Water temperature<\/strong>: 70\u201380\u202f\u00b0C<\/p>\n<\/li>\n<li class=\"\" data-start=\"2452\" data-end=\"2486\">\n<p class=\"\" data-start=\"2454\" data-end=\"2486\"><strong data-start=\"2454\" data-end=\"2471\">Steeping time<\/strong>: 2\u20133 minutes<\/p>\n<\/li>\n<li class=\"\" data-start=\"2487\" data-end=\"2551\">\n<p class=\"\" data-start=\"2489\" data-end=\"2502\"><strong data-start=\"2489\" data-end=\"2501\">Quantity<\/strong>:<\/p>\n<ul data-start=\"2505\" data-end=\"2551\">\n<li class=\"\" data-start=\"2505\" data-end=\"2523\">\n<p class=\"\" data-start=\"2507\" data-end=\"2523\">3 g per 200 ml<\/p>\n<\/li>\n<li class=\"\" data-start=\"2526\" data-end=\"2551\">\n<p class=\"\" data-start=\"2528\" data-end=\"2551\"><strong data-start=\"2528\" data-end=\"2549\">12\u201315 g per litre<\/strong><\/p>\n<\/li>\n<\/ul>\n<\/li>\n<li class=\"\" data-start=\"2552\" data-end=\"2628\">\n<p class=\"\" data-start=\"2554\" data-end=\"2628\"><strong data-start=\"2554\" data-end=\"2576\">Serving suggestion<\/strong>: Enjoy hot or iced, plain or with fresh mint leaves<\/p>\n<\/li>\n<\/ul>\n","protected":false},"excerpt":{"rendered":"<p>Green tea with lime and mint. 100 g pouch \u2013 a vibrant, refreshing infusion.<\/p>\n","protected":false},"featured_media":13462,"template":"","meta":[],"product_brand":[],"product_cat":[143],"product_tag":[],"class_list":{"0":"post-13463","1":"product","2":"type-product","3":"status-publish","4":"has-post-thumbnail","6":"product_cat-tea","8":"first","9":"instock","10":"taxable","11":"shipping-taxable","12":"purchasable","13":"product-type-simple"},"yoast_head":"<!-- This site is optimized with the Yoast SEO plugin v25.7 - https:\/\/yoast.com\/wordpress\/plugins\/seo\/ -->\n<title>Mojito - La P&#039;tite Cerise<\/title>\n<meta name=\"robots\" content=\"index, follow, max-snippet:-1, max-image-preview:large, max-video-preview:-1\" \/>\n<link rel=\"canonical\" href=\"https:\/\/la-ptite-cerise.be\/produit\/mojito\/\" \/>\n<meta property=\"og:locale\" content=\"en_US\" \/>\n<meta property=\"og:type\" content=\"article\" \/>\n<meta property=\"og:title\" content=\"Mojito - La P&#039;tite Cerise\" \/>\n<meta property=\"og:description\" content=\"Green tea with lime and mint. 100 g pouch \u2013 a vibrant, refreshing infusion.\" \/>\n<meta property=\"og:url\" content=\"https:\/\/la-ptite-cerise.be\/produit\/mojito\/\" \/>\n<meta property=\"og:site_name\" content=\"La P&#039;tite Cerise\" \/>\n<meta property=\"article:publisher\" content=\"https:\/\/www.facebook.com\/laptitecerise\/\" \/>\n<meta property=\"og:image\" content=\"https:\/\/la-ptite-cerise.be\/wp-content\/uploads\/2021\/04\/83132_1.jpeg\" \/>\n\t<meta property=\"og:image:width\" content=\"500\" \/>\n\t<meta property=\"og:image:height\" content=\"500\" \/>\n\t<meta property=\"og:image:type\" content=\"image\/jpeg\" \/>\n<meta name=\"twitter:card\" content=\"summary_large_image\" \/>\n<meta name=\"twitter:label1\" content=\"Est. reading time\" \/>\n\t<meta name=\"twitter:data1\" content=\"1 minute\" \/>\n<script type=\"application\/ld+json\" class=\"yoast-schema-graph\">{\"@context\":\"https:\/\/schema.org\",\"@graph\":[{\"@type\":\"WebPage\",\"@id\":\"https:\/\/la-ptite-cerise.be\/produit\/mojito\/\",\"url\":\"https:\/\/la-ptite-cerise.be\/produit\/mojito\/\",\"name\":\"Mojito - La P&#039;tite Cerise\",\"isPartOf\":{\"@id\":\"https:\/\/la-ptite-cerise.be\/#website\"},\"primaryImageOfPage\":{\"@id\":\"https:\/\/la-ptite-cerise.be\/produit\/mojito\/#primaryimage\"},\"image\":{\"@id\":\"https:\/\/la-ptite-cerise.be\/produit\/mojito\/#primaryimage\"},\"thumbnailUrl\":\"https:\/\/la-ptite-cerise.be\/wp-content\/uploads\/2021\/04\/83132_1.jpeg\",\"datePublished\":\"2021-04-01T10:23:59+00:00\",\"breadcrumb\":{\"@id\":\"https:\/\/la-ptite-cerise.be\/produit\/mojito\/#breadcrumb\"},\"inLanguage\":\"en-US\",\"potentialAction\":[{\"@type\":\"ReadAction\",\"target\":[\"https:\/\/la-ptite-cerise.be\/produit\/mojito\/\"]}]},{\"@type\":\"ImageObject\",\"inLanguage\":\"en-US\",\"@id\":\"https:\/\/la-ptite-cerise.be\/produit\/mojito\/#primaryimage\",\"url\":\"https:\/\/la-ptite-cerise.be\/wp-content\/uploads\/2021\/04\/83132_1.jpeg\",\"contentUrl\":\"https:\/\/la-ptite-cerise.be\/wp-content\/uploads\/2021\/04\/83132_1.jpeg\",\"width\":500,\"height\":500},{\"@type\":\"BreadcrumbList\",\"@id\":\"https:\/\/la-ptite-cerise.be\/produit\/mojito\/#breadcrumb\",\"itemListElement\":[{\"@type\":\"ListItem\",\"position\":1,\"name\":\"Accueil\",\"item\":\"https:\/\/la-ptite-cerise.be\/en\/\"},{\"@type\":\"ListItem\",\"position\":2,\"name\":\"Store\",\"item\":\"https:\/\/la-ptite-cerise.be\/boutique\/\"},{\"@type\":\"ListItem\",\"position\":3,\"name\":\"Mojito\"}]},{\"@type\":\"WebSite\",\"@id\":\"https:\/\/la-ptite-cerise.be\/#website\",\"url\":\"https:\/\/la-ptite-cerise.be\/\",\"name\":\"La P'tite Cerise\",\"description\":\"Artisan torr\u00e9facteur de caf\u00e9 de sp\u00e9cialit\u00e9. S\u00e9lection de th\u00e9s &amp; tisanes.\",\"publisher\":{\"@id\":\"https:\/\/la-ptite-cerise.be\/#organization\"},\"potentialAction\":[{\"@type\":\"SearchAction\",\"target\":{\"@type\":\"EntryPoint\",\"urlTemplate\":\"https:\/\/la-ptite-cerise.be\/?s={search_term_string}\"},\"query-input\":{\"@type\":\"PropertyValueSpecification\",\"valueRequired\":true,\"valueName\":\"search_term_string\"}}],\"inLanguage\":\"en-US\"},{\"@type\":\"Organization\",\"@id\":\"https:\/\/la-ptite-cerise.be\/#organization\",\"name\":\"La P'tite Cerise\",\"url\":\"https:\/\/la-ptite-cerise.be\/\",\"logo\":{\"@type\":\"ImageObject\",\"inLanguage\":\"en-US\",\"@id\":\"https:\/\/la-ptite-cerise.be\/#\/schema\/logo\/image\/\",\"url\":\"https:\/\/la-ptite-cerise.be\/wp-content\/uploads\/2020\/10\/logo-header-01.jpg\",\"contentUrl\":\"https:\/\/la-ptite-cerise.be\/wp-content\/uploads\/2020\/10\/logo-header-01.jpg\",\"width\":176,\"height\":100,\"caption\":\"La P'tite Cerise\"},\"image\":{\"@id\":\"https:\/\/la-ptite-cerise.be\/#\/schema\/logo\/image\/\"},\"sameAs\":[\"https:\/\/www.facebook.com\/laptitecerise\/\",\"https:\/\/www.instagram.com\/la.ptite_cerise\/\"]}]}<\/script>\n<!-- \/ Yoast SEO plugin. -->","yoast_head_json":{"title":"Mojito - La P&#039;tite Cerise","robots":{"index":"index","follow":"follow","max-snippet":"max-snippet:-1","max-image-preview":"max-image-preview:large","max-video-preview":"max-video-preview:-1"},"canonical":"https:\/\/la-ptite-cerise.be\/produit\/mojito\/","og_locale":"en_US","og_type":"article","og_title":"Mojito - La P&#039;tite Cerise","og_description":"Green tea with lime and mint. 100 g pouch \u2013 a vibrant, refreshing infusion.","og_url":"https:\/\/la-ptite-cerise.be\/produit\/mojito\/","og_site_name":"La P&#039;tite Cerise","article_publisher":"https:\/\/www.facebook.com\/laptitecerise\/","og_image":[{"width":500,"height":500,"url":"https:\/\/la-ptite-cerise.be\/wp-content\/uploads\/2021\/04\/83132_1.jpeg","type":"image\/jpeg"}],"twitter_card":"summary_large_image","twitter_misc":{"Est. reading time":"1 minute"},"schema":{"@context":"https:\/\/schema.org","@graph":[{"@type":"WebPage","@id":"https:\/\/la-ptite-cerise.be\/produit\/mojito\/","url":"https:\/\/la-ptite-cerise.be\/produit\/mojito\/","name":"Mojito - La P&#039;tite Cerise","isPartOf":{"@id":"https:\/\/la-ptite-cerise.be\/#website"},"primaryImageOfPage":{"@id":"https:\/\/la-ptite-cerise.be\/produit\/mojito\/#primaryimage"},"image":{"@id":"https:\/\/la-ptite-cerise.be\/produit\/mojito\/#primaryimage"},"thumbnailUrl":"https:\/\/la-ptite-cerise.be\/wp-content\/uploads\/2021\/04\/83132_1.jpeg","datePublished":"2021-04-01T10:23:59+00:00","breadcrumb":{"@id":"https:\/\/la-ptite-cerise.be\/produit\/mojito\/#breadcrumb"},"inLanguage":"en-US","potentialAction":[{"@type":"ReadAction","target":["https:\/\/la-ptite-cerise.be\/produit\/mojito\/"]}]},{"@type":"ImageObject","inLanguage":"en-US","@id":"https:\/\/la-ptite-cerise.be\/produit\/mojito\/#primaryimage","url":"https:\/\/la-ptite-cerise.be\/wp-content\/uploads\/2021\/04\/83132_1.jpeg","contentUrl":"https:\/\/la-ptite-cerise.be\/wp-content\/uploads\/2021\/04\/83132_1.jpeg","width":500,"height":500},{"@type":"BreadcrumbList","@id":"https:\/\/la-ptite-cerise.be\/produit\/mojito\/#breadcrumb","itemListElement":[{"@type":"ListItem","position":1,"name":"Accueil","item":"https:\/\/la-ptite-cerise.be\/en\/"},{"@type":"ListItem","position":2,"name":"Store","item":"https:\/\/la-ptite-cerise.be\/boutique\/"},{"@type":"ListItem","position":3,"name":"Mojito"}]},{"@type":"WebSite","@id":"https:\/\/la-ptite-cerise.be\/#website","url":"https:\/\/la-ptite-cerise.be\/","name":"La P'tite Cerise","description":"Artisan torr\u00e9facteur de caf\u00e9 de sp\u00e9cialit\u00e9. S\u00e9lection de th\u00e9s &amp; tisanes.","publisher":{"@id":"https:\/\/la-ptite-cerise.be\/#organization"},"potentialAction":[{"@type":"SearchAction","target":{"@type":"EntryPoint","urlTemplate":"https:\/\/la-ptite-cerise.be\/?s={search_term_string}"},"query-input":{"@type":"PropertyValueSpecification","valueRequired":true,"valueName":"search_term_string"}}],"inLanguage":"en-US"},{"@type":"Organization","@id":"https:\/\/la-ptite-cerise.be\/#organization","name":"La P'tite Cerise","url":"https:\/\/la-ptite-cerise.be\/","logo":{"@type":"ImageObject","inLanguage":"en-US","@id":"https:\/\/la-ptite-cerise.be\/#\/schema\/logo\/image\/","url":"https:\/\/la-ptite-cerise.be\/wp-content\/uploads\/2020\/10\/logo-header-01.jpg","contentUrl":"https:\/\/la-ptite-cerise.be\/wp-content\/uploads\/2020\/10\/logo-header-01.jpg","width":176,"height":100,"caption":"La P'tite Cerise"},"image":{"@id":"https:\/\/la-ptite-cerise.be\/#\/schema\/logo\/image\/"},"sameAs":["https:\/\/www.facebook.com\/laptitecerise\/","https:\/\/www.instagram.com\/la.ptite_cerise\/"]}]}},"_links":{"self":[{"href":"https:\/\/la-ptite-cerise.be\/en\/wp-json\/wp\/v2\/product\/13463","targetHints":{"allow":["GET"]}}],"collection":[{"href":"https:\/\/la-ptite-cerise.be\/en\/wp-json\/wp\/v2\/product"}],"about":[{"href":"https:\/\/la-ptite-cerise.be\/en\/wp-json\/wp\/v2\/types\/product"}],"wp:featuredmedia":[{"embeddable":true,"href":"https:\/\/la-ptite-cerise.be\/en\/wp-json\/wp\/v2\/media\/13462"}],"wp:attachment":[{"href":"https:\/\/la-ptite-cerise.be\/en\/wp-json\/wp\/v2\/media?parent=13463"}],"wp:term":[{"taxonomy":"product_brand","embeddable":true,"href":"https:\/\/la-ptite-cerise.be\/en\/wp-json\/wp\/v2\/product_brand?post=13463"},{"taxonomy":"product_cat","embeddable":true,"href":"https:\/\/la-ptite-cerise.be\/en\/wp-json\/wp\/v2\/product_cat?post=13463"},{"taxonomy":"product_tag","embeddable":true,"href":"https:\/\/la-ptite-cerise.be\/en\/wp-json\/wp\/v2\/product_tag?post=13463"}],"curies":[{"name":"wp","href":"https:\/\/api.w.org\/{rel}","templated":true}]}}