{"id":13471,"date":"2021-03-09T14:08:43","date_gmt":"2021-03-09T13:08:43","guid":{"rendered":"https:\/\/la-ptite-cerise.be\/produit\/rose\/"},"modified":"2021-03-09T14:08:43","modified_gmt":"2021-03-09T13:08:43","slug":"rose","status":"publish","type":"product","link":"https:\/\/la-ptite-cerise.be\/en\/produit\/rose\/","title":{"rendered":"Rose"},"content":{"rendered":"<h3 class=\"\" data-start=\"1298\" data-end=\"1343\"><strong data-start=\"1307\" data-end=\"1327\">Black Tea \u2013 Rose<\/strong> (100 g pouch)<\/h3>\n<p class=\"\" data-start=\"1344\" data-end=\"1393\"><strong data-start=\"1344\" data-end=\"1393\">An elegant black tea with natural rose notes.<\/strong><\/p>\n<p class=\"\" data-start=\"1395\" data-end=\"1601\">This premium blend combines the strength of Assam and South Indian black teas with delicate rose petals and natural rose flavouring. A graceful cup with floral charm, perfect for a quiet and soothing break.<\/p>\n<p class=\"\" data-start=\"1603\" data-end=\"1663\">\ud83d\udcac <em data-start=\"1606\" data-end=\"1663\">Best enjoyed hot and plain for a refined floral moment.<\/em><\/p>\n<hr class=\"\" data-start=\"1665\" data-end=\"1668\" \/>\n<h3 class=\"\" data-start=\"1670\" data-end=\"1690\">\u2705 <strong data-start=\"1676\" data-end=\"1690\">Highlights<\/strong><\/h3>\n<ul data-start=\"1691\" data-end=\"1879\">\n<li class=\"\" data-start=\"1691\" data-end=\"1769\">\n<p class=\"\" data-start=\"1693\" data-end=\"1769\">Premium blend with sustainably sourced ingredients and natural flavourings<\/p>\n<\/li>\n<li class=\"\" data-start=\"1770\" data-end=\"1827\">\n<p class=\"\" data-start=\"1772\" data-end=\"1827\">Elegant combination of black tea and real rose petals<\/p>\n<\/li>\n<li class=\"\" data-start=\"1828\" data-end=\"1879\">\n<p class=\"\" data-start=\"1830\" data-end=\"1879\">Perfect for a gentle, floral hot tea experience<\/p>\n<\/li>\n<\/ul>\n<hr class=\"\" data-start=\"1881\" data-end=\"1884\" \/>\n<h3 class=\"\" data-start=\"1886\" data-end=\"1910\">\ud83e\uddfe <strong data-start=\"1893\" data-end=\"1908\">Ingredients<\/strong><\/h3>\n<p class=\"\" data-start=\"1911\" data-end=\"2047\">Assam black tea, South India black tea, rose petals (2 %), natural rose flavouring<br data-start=\"1993\" data-end=\"1996\" \/><strong data-start=\"1996\" data-end=\"2009\">Allergens<\/strong>: May contain traces of milk and nuts.<\/p>\n<hr class=\"\" data-start=\"2049\" data-end=\"2052\" \/>\n<h3 class=\"\" data-start=\"2054\" data-end=\"2078\">\ud83c\udf7d\ufe0f <strong data-start=\"2062\" data-end=\"2078\">Brewing tips<\/strong><\/h3>\n<ul data-start=\"2079\" data-end=\"2300\">\n<li class=\"\" data-start=\"2079\" data-end=\"2112\">\n<p class=\"\" data-start=\"2081\" data-end=\"2112\"><strong data-start=\"2081\" data-end=\"2102\">Water temperature<\/strong>: 100\u202f\u00b0C<\/p>\n<\/li>\n<li class=\"\" data-start=\"2113\" data-end=\"2147\">\n<p class=\"\" data-start=\"2115\" data-end=\"2147\"><strong data-start=\"2115\" data-end=\"2132\">Steeping time<\/strong>: 3\u20135 minutes<\/p>\n<\/li>\n<li class=\"\" data-start=\"2148\" data-end=\"2212\">\n<p class=\"\" data-start=\"2150\" data-end=\"2163\"><strong data-start=\"2150\" data-end=\"2162\">Quantity<\/strong>:<\/p>\n<ul data-start=\"2166\" data-end=\"2212\">\n<li class=\"\" data-start=\"2166\" data-end=\"2184\">\n<p class=\"\" data-start=\"2168\" data-end=\"2184\">3 g per 200 ml<\/p>\n<\/li>\n<li class=\"\" data-start=\"2187\" data-end=\"2212\">\n<p class=\"\" data-start=\"2189\" data-end=\"2212\"><strong data-start=\"2189\" data-end=\"2210\">12\u201315 g per litre<\/strong><\/p>\n<\/li>\n<\/ul>\n<\/li>\n<li class=\"\" data-start=\"2213\" data-end=\"2300\">\n<p class=\"\" data-start=\"2215\" data-end=\"2300\"><strong data-start=\"2215\" data-end=\"2237\">Serving suggestion<\/strong>: Enjoy plain to fully appreciate its delicate floral character<\/p>\n<\/li>\n<\/ul>\n","protected":false},"excerpt":{"rendered":"<p>Black tea with rose. 100 g pouch \u2013 a delicate and floral infusion.<\/p>\n","protected":false},"featured_media":13469,"template":"","meta":[],"product_brand":[],"product_cat":[143],"product_tag":[],"class_list":{"0":"post-13471","1":"product","2":"type-product","3":"status-publish","4":"has-post-thumbnail","6":"product_cat-tea","8":"first","9":"instock","10":"taxable","11":"shipping-taxable","12":"purchasable","13":"product-type-simple"},"yoast_head":"<!-- This site is optimized with the Yoast SEO plugin v25.7 - https:\/\/yoast.com\/wordpress\/plugins\/seo\/ -->\n<title>Rose - La P&#039;tite Cerise<\/title>\n<meta name=\"robots\" content=\"index, follow, max-snippet:-1, max-image-preview:large, max-video-preview:-1\" \/>\n<link rel=\"canonical\" href=\"https:\/\/la-ptite-cerise.be\/produit\/rose\/\" \/>\n<meta property=\"og:locale\" content=\"en_US\" \/>\n<meta property=\"og:type\" content=\"article\" \/>\n<meta property=\"og:title\" content=\"Rose - La P&#039;tite Cerise\" \/>\n<meta property=\"og:description\" content=\"Black tea with rose. 100 g pouch \u2013 a delicate and floral infusion.\" \/>\n<meta property=\"og:url\" content=\"https:\/\/la-ptite-cerise.be\/produit\/rose\/\" \/>\n<meta property=\"og:site_name\" content=\"La P&#039;tite Cerise\" \/>\n<meta property=\"article:publisher\" content=\"https:\/\/www.facebook.com\/laptitecerise\/\" \/>\n<meta property=\"og:image\" content=\"https:\/\/la-ptite-cerise.be\/wp-content\/uploads\/2021\/03\/83427_1.png\" \/>\n\t<meta property=\"og:image:width\" content=\"500\" \/>\n\t<meta property=\"og:image:height\" content=\"500\" \/>\n\t<meta property=\"og:image:type\" content=\"image\/png\" \/>\n<meta name=\"twitter:card\" content=\"summary_large_image\" \/>\n<meta name=\"twitter:label1\" content=\"Est. reading time\" \/>\n\t<meta name=\"twitter:data1\" content=\"1 minute\" \/>\n<script type=\"application\/ld+json\" class=\"yoast-schema-graph\">{\"@context\":\"https:\/\/schema.org\",\"@graph\":[{\"@type\":\"WebPage\",\"@id\":\"https:\/\/la-ptite-cerise.be\/produit\/rose\/\",\"url\":\"https:\/\/la-ptite-cerise.be\/produit\/rose\/\",\"name\":\"Rose - La P&#039;tite Cerise\",\"isPartOf\":{\"@id\":\"https:\/\/la-ptite-cerise.be\/#website\"},\"primaryImageOfPage\":{\"@id\":\"https:\/\/la-ptite-cerise.be\/produit\/rose\/#primaryimage\"},\"image\":{\"@id\":\"https:\/\/la-ptite-cerise.be\/produit\/rose\/#primaryimage\"},\"thumbnailUrl\":\"https:\/\/la-ptite-cerise.be\/wp-content\/uploads\/2021\/03\/83427_1.png\",\"datePublished\":\"2021-03-09T13:08:43+00:00\",\"breadcrumb\":{\"@id\":\"https:\/\/la-ptite-cerise.be\/produit\/rose\/#breadcrumb\"},\"inLanguage\":\"en-US\",\"potentialAction\":[{\"@type\":\"ReadAction\",\"target\":[\"https:\/\/la-ptite-cerise.be\/produit\/rose\/\"]}]},{\"@type\":\"ImageObject\",\"inLanguage\":\"en-US\",\"@id\":\"https:\/\/la-ptite-cerise.be\/produit\/rose\/#primaryimage\",\"url\":\"https:\/\/la-ptite-cerise.be\/wp-content\/uploads\/2021\/03\/83427_1.png\",\"contentUrl\":\"https:\/\/la-ptite-cerise.be\/wp-content\/uploads\/2021\/03\/83427_1.png\",\"width\":500,\"height\":500},{\"@type\":\"BreadcrumbList\",\"@id\":\"https:\/\/la-ptite-cerise.be\/produit\/rose\/#breadcrumb\",\"itemListElement\":[{\"@type\":\"ListItem\",\"position\":1,\"name\":\"Accueil\",\"item\":\"https:\/\/la-ptite-cerise.be\/en\/\"},{\"@type\":\"ListItem\",\"position\":2,\"name\":\"Store\",\"item\":\"https:\/\/la-ptite-cerise.be\/boutique\/\"},{\"@type\":\"ListItem\",\"position\":3,\"name\":\"Rose\"}]},{\"@type\":\"WebSite\",\"@id\":\"https:\/\/la-ptite-cerise.be\/#website\",\"url\":\"https:\/\/la-ptite-cerise.be\/\",\"name\":\"La P'tite Cerise\",\"description\":\"Artisan torr\u00e9facteur de caf\u00e9 de sp\u00e9cialit\u00e9. S\u00e9lection de th\u00e9s &amp; tisanes.\",\"publisher\":{\"@id\":\"https:\/\/la-ptite-cerise.be\/#organization\"},\"potentialAction\":[{\"@type\":\"SearchAction\",\"target\":{\"@type\":\"EntryPoint\",\"urlTemplate\":\"https:\/\/la-ptite-cerise.be\/?s={search_term_string}\"},\"query-input\":{\"@type\":\"PropertyValueSpecification\",\"valueRequired\":true,\"valueName\":\"search_term_string\"}}],\"inLanguage\":\"en-US\"},{\"@type\":\"Organization\",\"@id\":\"https:\/\/la-ptite-cerise.be\/#organization\",\"name\":\"La P'tite Cerise\",\"url\":\"https:\/\/la-ptite-cerise.be\/\",\"logo\":{\"@type\":\"ImageObject\",\"inLanguage\":\"en-US\",\"@id\":\"https:\/\/la-ptite-cerise.be\/#\/schema\/logo\/image\/\",\"url\":\"https:\/\/la-ptite-cerise.be\/wp-content\/uploads\/2020\/10\/logo-header-01.jpg\",\"contentUrl\":\"https:\/\/la-ptite-cerise.be\/wp-content\/uploads\/2020\/10\/logo-header-01.jpg\",\"width\":176,\"height\":100,\"caption\":\"La P'tite Cerise\"},\"image\":{\"@id\":\"https:\/\/la-ptite-cerise.be\/#\/schema\/logo\/image\/\"},\"sameAs\":[\"https:\/\/www.facebook.com\/laptitecerise\/\",\"https:\/\/www.instagram.com\/la.ptite_cerise\/\"]}]}<\/script>\n<!-- \/ Yoast SEO plugin. -->","yoast_head_json":{"title":"Rose - La P&#039;tite Cerise","robots":{"index":"index","follow":"follow","max-snippet":"max-snippet:-1","max-image-preview":"max-image-preview:large","max-video-preview":"max-video-preview:-1"},"canonical":"https:\/\/la-ptite-cerise.be\/produit\/rose\/","og_locale":"en_US","og_type":"article","og_title":"Rose - La P&#039;tite Cerise","og_description":"Black tea with rose. 100 g pouch \u2013 a delicate and floral infusion.","og_url":"https:\/\/la-ptite-cerise.be\/produit\/rose\/","og_site_name":"La P&#039;tite Cerise","article_publisher":"https:\/\/www.facebook.com\/laptitecerise\/","og_image":[{"width":500,"height":500,"url":"https:\/\/la-ptite-cerise.be\/wp-content\/uploads\/2021\/03\/83427_1.png","type":"image\/png"}],"twitter_card":"summary_large_image","twitter_misc":{"Est. reading time":"1 minute"},"schema":{"@context":"https:\/\/schema.org","@graph":[{"@type":"WebPage","@id":"https:\/\/la-ptite-cerise.be\/produit\/rose\/","url":"https:\/\/la-ptite-cerise.be\/produit\/rose\/","name":"Rose - La P&#039;tite Cerise","isPartOf":{"@id":"https:\/\/la-ptite-cerise.be\/#website"},"primaryImageOfPage":{"@id":"https:\/\/la-ptite-cerise.be\/produit\/rose\/#primaryimage"},"image":{"@id":"https:\/\/la-ptite-cerise.be\/produit\/rose\/#primaryimage"},"thumbnailUrl":"https:\/\/la-ptite-cerise.be\/wp-content\/uploads\/2021\/03\/83427_1.png","datePublished":"2021-03-09T13:08:43+00:00","breadcrumb":{"@id":"https:\/\/la-ptite-cerise.be\/produit\/rose\/#breadcrumb"},"inLanguage":"en-US","potentialAction":[{"@type":"ReadAction","target":["https:\/\/la-ptite-cerise.be\/produit\/rose\/"]}]},{"@type":"ImageObject","inLanguage":"en-US","@id":"https:\/\/la-ptite-cerise.be\/produit\/rose\/#primaryimage","url":"https:\/\/la-ptite-cerise.be\/wp-content\/uploads\/2021\/03\/83427_1.png","contentUrl":"https:\/\/la-ptite-cerise.be\/wp-content\/uploads\/2021\/03\/83427_1.png","width":500,"height":500},{"@type":"BreadcrumbList","@id":"https:\/\/la-ptite-cerise.be\/produit\/rose\/#breadcrumb","itemListElement":[{"@type":"ListItem","position":1,"name":"Accueil","item":"https:\/\/la-ptite-cerise.be\/en\/"},{"@type":"ListItem","position":2,"name":"Store","item":"https:\/\/la-ptite-cerise.be\/boutique\/"},{"@type":"ListItem","position":3,"name":"Rose"}]},{"@type":"WebSite","@id":"https:\/\/la-ptite-cerise.be\/#website","url":"https:\/\/la-ptite-cerise.be\/","name":"La P'tite Cerise","description":"Artisan torr\u00e9facteur de caf\u00e9 de sp\u00e9cialit\u00e9. S\u00e9lection de th\u00e9s &amp; tisanes.","publisher":{"@id":"https:\/\/la-ptite-cerise.be\/#organization"},"potentialAction":[{"@type":"SearchAction","target":{"@type":"EntryPoint","urlTemplate":"https:\/\/la-ptite-cerise.be\/?s={search_term_string}"},"query-input":{"@type":"PropertyValueSpecification","valueRequired":true,"valueName":"search_term_string"}}],"inLanguage":"en-US"},{"@type":"Organization","@id":"https:\/\/la-ptite-cerise.be\/#organization","name":"La P'tite Cerise","url":"https:\/\/la-ptite-cerise.be\/","logo":{"@type":"ImageObject","inLanguage":"en-US","@id":"https:\/\/la-ptite-cerise.be\/#\/schema\/logo\/image\/","url":"https:\/\/la-ptite-cerise.be\/wp-content\/uploads\/2020\/10\/logo-header-01.jpg","contentUrl":"https:\/\/la-ptite-cerise.be\/wp-content\/uploads\/2020\/10\/logo-header-01.jpg","width":176,"height":100,"caption":"La P'tite Cerise"},"image":{"@id":"https:\/\/la-ptite-cerise.be\/#\/schema\/logo\/image\/"},"sameAs":["https:\/\/www.facebook.com\/laptitecerise\/","https:\/\/www.instagram.com\/la.ptite_cerise\/"]}]}},"_links":{"self":[{"href":"https:\/\/la-ptite-cerise.be\/en\/wp-json\/wp\/v2\/product\/13471","targetHints":{"allow":["GET"]}}],"collection":[{"href":"https:\/\/la-ptite-cerise.be\/en\/wp-json\/wp\/v2\/product"}],"about":[{"href":"https:\/\/la-ptite-cerise.be\/en\/wp-json\/wp\/v2\/types\/product"}],"wp:featuredmedia":[{"embeddable":true,"href":"https:\/\/la-ptite-cerise.be\/en\/wp-json\/wp\/v2\/media\/13469"}],"wp:attachment":[{"href":"https:\/\/la-ptite-cerise.be\/en\/wp-json\/wp\/v2\/media?parent=13471"}],"wp:term":[{"taxonomy":"product_brand","embeddable":true,"href":"https:\/\/la-ptite-cerise.be\/en\/wp-json\/wp\/v2\/product_brand?post=13471"},{"taxonomy":"product_cat","embeddable":true,"href":"https:\/\/la-ptite-cerise.be\/en\/wp-json\/wp\/v2\/product_cat?post=13471"},{"taxonomy":"product_tag","embeddable":true,"href":"https:\/\/la-ptite-cerise.be\/en\/wp-json\/wp\/v2\/product_tag?post=13471"}],"curies":[{"name":"wp","href":"https:\/\/api.w.org\/{rel}","templated":true}]}}