{"id":13475,"date":"2021-03-09T13:52:40","date_gmt":"2021-03-09T12:52:40","guid":{"rendered":"https:\/\/la-ptite-cerise.be\/produit\/temple-de-glace\/"},"modified":"2021-03-09T13:52:40","modified_gmt":"2021-03-09T12:52:40","slug":"temple-de-glace","status":"publish","type":"product","link":"https:\/\/la-ptite-cerise.be\/en\/produit\/temple-de-glace\/","title":{"rendered":"Temple de glace"},"content":{"rendered":"<h3 class=\"\" data-start=\"1470\" data-end=\"1519\"><strong data-start=\"1479\" data-end=\"1503\">Rooibos \u2013 Ice Temple<\/strong> (100 g pouch)<\/h3>\n<p class=\"\" data-start=\"1520\" data-end=\"1575\"><strong data-start=\"1520\" data-end=\"1575\">A fresh and invigorating rooibos with citrus notes.<\/strong><\/p>\n<p class=\"\" data-start=\"1577\" data-end=\"1795\">This premium blend combines smooth natural rooibos with lemongrass, citrus peels and natural flavours of lemon, orange, grapefruit and bergamot. A light and refreshing cup that\u2019s ideal hot or iced, whatever the season.<\/p>\n<p class=\"\" data-start=\"1797\" data-end=\"1872\">\ud83d\udcac <em data-start=\"1800\" data-end=\"1872\">Enjoy hot or iced, plain, for a bright and soothing citrus experience.<\/em><\/p>\n<hr class=\"\" data-start=\"1874\" data-end=\"1877\" \/>\n<h3 class=\"\" data-start=\"1879\" data-end=\"1899\">\u2705 <strong data-start=\"1885\" data-end=\"1899\">Highlights<\/strong><\/h3>\n<ul data-start=\"1900\" data-end=\"2072\">\n<li class=\"\" data-start=\"1900\" data-end=\"1978\">\n<p class=\"\" data-start=\"1902\" data-end=\"1978\">Premium blend with sustainably sourced ingredients and natural flavourings<\/p>\n<\/li>\n<li class=\"\" data-start=\"1979\" data-end=\"2034\">\n<p class=\"\" data-start=\"1981\" data-end=\"2034\">Rooibos base with vibrant citrus and floral touches<\/p>\n<\/li>\n<li class=\"\" data-start=\"2035\" data-end=\"2072\">\n<p class=\"\" data-start=\"2037\" data-end=\"2072\">Ideal for hot or iced tea moments<\/p>\n<\/li>\n<\/ul>\n<hr class=\"\" data-start=\"2074\" data-end=\"2077\" \/>\n<h3 class=\"\" data-start=\"2079\" data-end=\"2103\">\ud83e\uddfe <strong data-start=\"2086\" data-end=\"2101\">Ingredients<\/strong><\/h3>\n<p class=\"\" data-start=\"2104\" data-end=\"2341\">Natural rooibos, lemongrass, orange peel, lemon peel, marigold flowers, natural lemon flavouring, natural orange flavouring, natural grapefruit flavouring, natural bergamot flavouring<br data-start=\"2287\" data-end=\"2290\" \/><strong data-start=\"2290\" data-end=\"2303\">Allergens<\/strong>: May contain traces of milk and nuts.<\/p>\n<hr class=\"\" data-start=\"2343\" data-end=\"2346\" \/>\n<h3 class=\"\" data-start=\"2348\" data-end=\"2372\">\ud83c\udf7d\ufe0f <strong data-start=\"2356\" data-end=\"2372\">Brewing tips<\/strong><\/h3>\n<ul data-start=\"2373\" data-end=\"2598\">\n<li class=\"\" data-start=\"2373\" data-end=\"2406\">\n<p class=\"\" data-start=\"2375\" data-end=\"2406\"><strong data-start=\"2375\" data-end=\"2396\">Water temperature<\/strong>: 100\u202f\u00b0C<\/p>\n<\/li>\n<li class=\"\" data-start=\"2407\" data-end=\"2442\">\n<p class=\"\" data-start=\"2409\" data-end=\"2442\"><strong data-start=\"2409\" data-end=\"2426\">Steeping time<\/strong>: 7\u201310 minutes<\/p>\n<\/li>\n<li class=\"\" data-start=\"2443\" data-end=\"2507\">\n<p class=\"\" data-start=\"2445\" data-end=\"2458\"><strong data-start=\"2445\" data-end=\"2457\">Quantity<\/strong>:<\/p>\n<ul data-start=\"2461\" data-end=\"2507\">\n<li class=\"\" data-start=\"2461\" data-end=\"2479\">\n<p class=\"\" data-start=\"2463\" data-end=\"2479\">3 g per 200 ml<\/p>\n<\/li>\n<li class=\"\" data-start=\"2482\" data-end=\"2507\">\n<p class=\"\" data-start=\"2484\" data-end=\"2507\"><strong data-start=\"2484\" data-end=\"2505\">20\u201325 g per litre<\/strong><\/p>\n<\/li>\n<\/ul>\n<\/li>\n<li class=\"\" data-start=\"2508\" data-end=\"2598\">\n<p class=\"\" data-start=\"2510\" data-end=\"2598\"><strong data-start=\"2510\" data-end=\"2532\">Serving suggestion<\/strong>: Enjoy plain, hot or iced, to fully appreciate its citrus bouquet<\/p>\n<\/li>\n<\/ul>\n","protected":false},"excerpt":{"rendered":"<p>Citrus rooibos infusion. 100 g pouch \u2013 fresh, smooth and perfectly balanced.<\/p>\n","protected":false},"featured_media":13474,"template":"","meta":[],"product_brand":[],"product_cat":[143],"product_tag":[],"class_list":{"0":"post-13475","1":"product","2":"type-product","3":"status-publish","4":"has-post-thumbnail","6":"product_cat-tea","8":"first","9":"instock","10":"taxable","11":"shipping-taxable","12":"purchasable","13":"product-type-simple"},"yoast_head":"<!-- This site is optimized with the Yoast SEO plugin v25.7 - https:\/\/yoast.com\/wordpress\/plugins\/seo\/ -->\n<title>Temple de glace - La P&#039;tite Cerise<\/title>\n<meta name=\"robots\" content=\"index, follow, max-snippet:-1, max-image-preview:large, max-video-preview:-1\" \/>\n<link rel=\"canonical\" href=\"https:\/\/la-ptite-cerise.be\/produit\/temple-de-glace\/\" \/>\n<meta property=\"og:locale\" content=\"en_US\" \/>\n<meta property=\"og:type\" content=\"article\" \/>\n<meta property=\"og:title\" content=\"Temple de glace - La P&#039;tite Cerise\" \/>\n<meta property=\"og:description\" content=\"Citrus rooibos infusion. 100 g pouch \u2013 fresh, smooth and perfectly balanced.\" \/>\n<meta property=\"og:url\" content=\"https:\/\/la-ptite-cerise.be\/produit\/temple-de-glace\/\" \/>\n<meta property=\"og:site_name\" content=\"La P&#039;tite Cerise\" \/>\n<meta property=\"article:publisher\" content=\"https:\/\/www.facebook.com\/laptitecerise\/\" \/>\n<meta property=\"og:image\" content=\"https:\/\/la-ptite-cerise.be\/wp-content\/uploads\/2021\/03\/87099_1.jpeg\" \/>\n\t<meta property=\"og:image:width\" content=\"500\" \/>\n\t<meta property=\"og:image:height\" content=\"500\" \/>\n\t<meta property=\"og:image:type\" content=\"image\/jpeg\" \/>\n<meta name=\"twitter:card\" content=\"summary_large_image\" \/>\n<meta name=\"twitter:label1\" content=\"Est. reading time\" \/>\n\t<meta name=\"twitter:data1\" content=\"1 minute\" \/>\n<script type=\"application\/ld+json\" class=\"yoast-schema-graph\">{\"@context\":\"https:\/\/schema.org\",\"@graph\":[{\"@type\":\"WebPage\",\"@id\":\"https:\/\/la-ptite-cerise.be\/produit\/temple-de-glace\/\",\"url\":\"https:\/\/la-ptite-cerise.be\/produit\/temple-de-glace\/\",\"name\":\"Temple de glace - La P&#039;tite Cerise\",\"isPartOf\":{\"@id\":\"https:\/\/la-ptite-cerise.be\/#website\"},\"primaryImageOfPage\":{\"@id\":\"https:\/\/la-ptite-cerise.be\/produit\/temple-de-glace\/#primaryimage\"},\"image\":{\"@id\":\"https:\/\/la-ptite-cerise.be\/produit\/temple-de-glace\/#primaryimage\"},\"thumbnailUrl\":\"https:\/\/la-ptite-cerise.be\/wp-content\/uploads\/2021\/03\/87099_1.jpeg\",\"datePublished\":\"2021-03-09T12:52:40+00:00\",\"breadcrumb\":{\"@id\":\"https:\/\/la-ptite-cerise.be\/produit\/temple-de-glace\/#breadcrumb\"},\"inLanguage\":\"en-US\",\"potentialAction\":[{\"@type\":\"ReadAction\",\"target\":[\"https:\/\/la-ptite-cerise.be\/produit\/temple-de-glace\/\"]}]},{\"@type\":\"ImageObject\",\"inLanguage\":\"en-US\",\"@id\":\"https:\/\/la-ptite-cerise.be\/produit\/temple-de-glace\/#primaryimage\",\"url\":\"https:\/\/la-ptite-cerise.be\/wp-content\/uploads\/2021\/03\/87099_1.jpeg\",\"contentUrl\":\"https:\/\/la-ptite-cerise.be\/wp-content\/uploads\/2021\/03\/87099_1.jpeg\",\"width\":500,\"height\":500},{\"@type\":\"BreadcrumbList\",\"@id\":\"https:\/\/la-ptite-cerise.be\/produit\/temple-de-glace\/#breadcrumb\",\"itemListElement\":[{\"@type\":\"ListItem\",\"position\":1,\"name\":\"Accueil\",\"item\":\"https:\/\/la-ptite-cerise.be\/en\/\"},{\"@type\":\"ListItem\",\"position\":2,\"name\":\"Store\",\"item\":\"https:\/\/la-ptite-cerise.be\/boutique\/\"},{\"@type\":\"ListItem\",\"position\":3,\"name\":\"Temple de glace\"}]},{\"@type\":\"WebSite\",\"@id\":\"https:\/\/la-ptite-cerise.be\/#website\",\"url\":\"https:\/\/la-ptite-cerise.be\/\",\"name\":\"La P'tite Cerise\",\"description\":\"Artisan torr\u00e9facteur de caf\u00e9 de sp\u00e9cialit\u00e9. S\u00e9lection de th\u00e9s &amp; tisanes.\",\"publisher\":{\"@id\":\"https:\/\/la-ptite-cerise.be\/#organization\"},\"potentialAction\":[{\"@type\":\"SearchAction\",\"target\":{\"@type\":\"EntryPoint\",\"urlTemplate\":\"https:\/\/la-ptite-cerise.be\/?s={search_term_string}\"},\"query-input\":{\"@type\":\"PropertyValueSpecification\",\"valueRequired\":true,\"valueName\":\"search_term_string\"}}],\"inLanguage\":\"en-US\"},{\"@type\":\"Organization\",\"@id\":\"https:\/\/la-ptite-cerise.be\/#organization\",\"name\":\"La P'tite Cerise\",\"url\":\"https:\/\/la-ptite-cerise.be\/\",\"logo\":{\"@type\":\"ImageObject\",\"inLanguage\":\"en-US\",\"@id\":\"https:\/\/la-ptite-cerise.be\/#\/schema\/logo\/image\/\",\"url\":\"https:\/\/la-ptite-cerise.be\/wp-content\/uploads\/2020\/10\/logo-header-01.jpg\",\"contentUrl\":\"https:\/\/la-ptite-cerise.be\/wp-content\/uploads\/2020\/10\/logo-header-01.jpg\",\"width\":176,\"height\":100,\"caption\":\"La P'tite Cerise\"},\"image\":{\"@id\":\"https:\/\/la-ptite-cerise.be\/#\/schema\/logo\/image\/\"},\"sameAs\":[\"https:\/\/www.facebook.com\/laptitecerise\/\",\"https:\/\/www.instagram.com\/la.ptite_cerise\/\"]}]}<\/script>\n<!-- \/ Yoast SEO plugin. -->","yoast_head_json":{"title":"Temple de glace - La P&#039;tite Cerise","robots":{"index":"index","follow":"follow","max-snippet":"max-snippet:-1","max-image-preview":"max-image-preview:large","max-video-preview":"max-video-preview:-1"},"canonical":"https:\/\/la-ptite-cerise.be\/produit\/temple-de-glace\/","og_locale":"en_US","og_type":"article","og_title":"Temple de glace - La P&#039;tite Cerise","og_description":"Citrus rooibos infusion. 100 g pouch \u2013 fresh, smooth and perfectly balanced.","og_url":"https:\/\/la-ptite-cerise.be\/produit\/temple-de-glace\/","og_site_name":"La P&#039;tite Cerise","article_publisher":"https:\/\/www.facebook.com\/laptitecerise\/","og_image":[{"width":500,"height":500,"url":"https:\/\/la-ptite-cerise.be\/wp-content\/uploads\/2021\/03\/87099_1.jpeg","type":"image\/jpeg"}],"twitter_card":"summary_large_image","twitter_misc":{"Est. reading time":"1 minute"},"schema":{"@context":"https:\/\/schema.org","@graph":[{"@type":"WebPage","@id":"https:\/\/la-ptite-cerise.be\/produit\/temple-de-glace\/","url":"https:\/\/la-ptite-cerise.be\/produit\/temple-de-glace\/","name":"Temple de glace - La P&#039;tite Cerise","isPartOf":{"@id":"https:\/\/la-ptite-cerise.be\/#website"},"primaryImageOfPage":{"@id":"https:\/\/la-ptite-cerise.be\/produit\/temple-de-glace\/#primaryimage"},"image":{"@id":"https:\/\/la-ptite-cerise.be\/produit\/temple-de-glace\/#primaryimage"},"thumbnailUrl":"https:\/\/la-ptite-cerise.be\/wp-content\/uploads\/2021\/03\/87099_1.jpeg","datePublished":"2021-03-09T12:52:40+00:00","breadcrumb":{"@id":"https:\/\/la-ptite-cerise.be\/produit\/temple-de-glace\/#breadcrumb"},"inLanguage":"en-US","potentialAction":[{"@type":"ReadAction","target":["https:\/\/la-ptite-cerise.be\/produit\/temple-de-glace\/"]}]},{"@type":"ImageObject","inLanguage":"en-US","@id":"https:\/\/la-ptite-cerise.be\/produit\/temple-de-glace\/#primaryimage","url":"https:\/\/la-ptite-cerise.be\/wp-content\/uploads\/2021\/03\/87099_1.jpeg","contentUrl":"https:\/\/la-ptite-cerise.be\/wp-content\/uploads\/2021\/03\/87099_1.jpeg","width":500,"height":500},{"@type":"BreadcrumbList","@id":"https:\/\/la-ptite-cerise.be\/produit\/temple-de-glace\/#breadcrumb","itemListElement":[{"@type":"ListItem","position":1,"name":"Accueil","item":"https:\/\/la-ptite-cerise.be\/en\/"},{"@type":"ListItem","position":2,"name":"Store","item":"https:\/\/la-ptite-cerise.be\/boutique\/"},{"@type":"ListItem","position":3,"name":"Temple de glace"}]},{"@type":"WebSite","@id":"https:\/\/la-ptite-cerise.be\/#website","url":"https:\/\/la-ptite-cerise.be\/","name":"La P'tite Cerise","description":"Artisan torr\u00e9facteur de caf\u00e9 de sp\u00e9cialit\u00e9. S\u00e9lection de th\u00e9s &amp; tisanes.","publisher":{"@id":"https:\/\/la-ptite-cerise.be\/#organization"},"potentialAction":[{"@type":"SearchAction","target":{"@type":"EntryPoint","urlTemplate":"https:\/\/la-ptite-cerise.be\/?s={search_term_string}"},"query-input":{"@type":"PropertyValueSpecification","valueRequired":true,"valueName":"search_term_string"}}],"inLanguage":"en-US"},{"@type":"Organization","@id":"https:\/\/la-ptite-cerise.be\/#organization","name":"La P'tite Cerise","url":"https:\/\/la-ptite-cerise.be\/","logo":{"@type":"ImageObject","inLanguage":"en-US","@id":"https:\/\/la-ptite-cerise.be\/#\/schema\/logo\/image\/","url":"https:\/\/la-ptite-cerise.be\/wp-content\/uploads\/2020\/10\/logo-header-01.jpg","contentUrl":"https:\/\/la-ptite-cerise.be\/wp-content\/uploads\/2020\/10\/logo-header-01.jpg","width":176,"height":100,"caption":"La P'tite Cerise"},"image":{"@id":"https:\/\/la-ptite-cerise.be\/#\/schema\/logo\/image\/"},"sameAs":["https:\/\/www.facebook.com\/laptitecerise\/","https:\/\/www.instagram.com\/la.ptite_cerise\/"]}]}},"_links":{"self":[{"href":"https:\/\/la-ptite-cerise.be\/en\/wp-json\/wp\/v2\/product\/13475","targetHints":{"allow":["GET"]}}],"collection":[{"href":"https:\/\/la-ptite-cerise.be\/en\/wp-json\/wp\/v2\/product"}],"about":[{"href":"https:\/\/la-ptite-cerise.be\/en\/wp-json\/wp\/v2\/types\/product"}],"wp:featuredmedia":[{"embeddable":true,"href":"https:\/\/la-ptite-cerise.be\/en\/wp-json\/wp\/v2\/media\/13474"}],"wp:attachment":[{"href":"https:\/\/la-ptite-cerise.be\/en\/wp-json\/wp\/v2\/media?parent=13475"}],"wp:term":[{"taxonomy":"product_brand","embeddable":true,"href":"https:\/\/la-ptite-cerise.be\/en\/wp-json\/wp\/v2\/product_brand?post=13475"},{"taxonomy":"product_cat","embeddable":true,"href":"https:\/\/la-ptite-cerise.be\/en\/wp-json\/wp\/v2\/product_cat?post=13475"},{"taxonomy":"product_tag","embeddable":true,"href":"https:\/\/la-ptite-cerise.be\/en\/wp-json\/wp\/v2\/product_tag?post=13475"}],"curies":[{"name":"wp","href":"https:\/\/api.w.org\/{rel}","templated":true}]}}