{"id":13479,"date":"2021-03-09T13:48:55","date_gmt":"2021-03-09T12:48:55","guid":{"rendered":"https:\/\/la-ptite-cerise.be\/produit\/exotique\/"},"modified":"2021-03-09T13:48:55","modified_gmt":"2021-03-09T12:48:55","slug":"exotique","status":"publish","type":"product","link":"https:\/\/la-ptite-cerise.be\/en\/produit\/exotique\/","title":{"rendered":"Exotique"},"content":{"rendered":"<h3 class=\"\" data-start=\"1357\" data-end=\"1402\"><strong data-start=\"1366\" data-end=\"1386\">Rooibos \u2013 Exotic<\/strong> (100 g pouch)<\/h3>\n<p class=\"\" data-start=\"1403\" data-end=\"1460\"><strong data-start=\"1403\" data-end=\"1460\">A smooth and sunny rooibos with tropical fruit notes.<\/strong><\/p>\n<p class=\"\" data-start=\"1462\" data-end=\"1650\">This premium blend combines naturally sweet rooibos and honeybush with fruity touches of orange, mango, banana and apricot. A comforting and flavourful infusion, perfect both hot and iced.<\/p>\n<p class=\"\" data-start=\"1652\" data-end=\"1707\">\ud83d\udcac <em data-start=\"1655\" data-end=\"1707\">Enjoy any time of day for a mellow, exotic escape.<\/em><\/p>\n<hr class=\"\" data-start=\"1709\" data-end=\"1712\" \/>\n<h3 class=\"\" data-start=\"1714\" data-end=\"1734\">\u2705 <strong data-start=\"1720\" data-end=\"1734\">Highlights<\/strong><\/h3>\n<ul data-start=\"1735\" data-end=\"1909\">\n<li class=\"\" data-start=\"1735\" data-end=\"1813\">\n<p class=\"\" data-start=\"1737\" data-end=\"1813\">Premium blend with sustainably sourced ingredients and natural flavourings<\/p>\n<\/li>\n<li class=\"\" data-start=\"1814\" data-end=\"1885\">\n<p class=\"\" data-start=\"1816\" data-end=\"1885\">Rooibos and honeybush paired with orange, mango, banana and apricot<\/p>\n<\/li>\n<li class=\"\" data-start=\"1886\" data-end=\"1909\">\n<p class=\"\" data-start=\"1888\" data-end=\"1909\">Perfect hot or iced<\/p>\n<\/li>\n<\/ul>\n<hr class=\"\" data-start=\"1911\" data-end=\"1914\" \/>\n<h3 class=\"\" data-start=\"1916\" data-end=\"1940\">\ud83e\uddfe <strong data-start=\"1923\" data-end=\"1938\">Ingredients<\/strong><\/h3>\n<p class=\"\" data-start=\"1941\" data-end=\"2145\">Natural rooibos, honeybush, orange peel, banana (banana, coconut oil, cane sugar, honey), natural orange flavouring, natural mango flavouring, apricot<br data-start=\"2091\" data-end=\"2094\" \/><strong data-start=\"2094\" data-end=\"2107\">Allergens<\/strong>: May contain traces of milk and nuts.<\/p>\n<hr class=\"\" data-start=\"2147\" data-end=\"2150\" \/>\n<h3 class=\"\" data-start=\"2152\" data-end=\"2176\">\ud83c\udf7d\ufe0f <strong data-start=\"2160\" data-end=\"2176\">Brewing tips<\/strong><\/h3>\n<ul data-start=\"2177\" data-end=\"2386\">\n<li class=\"\" data-start=\"2177\" data-end=\"2210\">\n<p class=\"\" data-start=\"2179\" data-end=\"2210\"><strong data-start=\"2179\" data-end=\"2200\">Water temperature<\/strong>: 100\u202f\u00b0C<\/p>\n<\/li>\n<li class=\"\" data-start=\"2211\" data-end=\"2246\">\n<p class=\"\" data-start=\"2213\" data-end=\"2246\"><strong data-start=\"2213\" data-end=\"2230\">Steeping time<\/strong>: 7\u201310 minutes<\/p>\n<\/li>\n<li class=\"\" data-start=\"2247\" data-end=\"2311\">\n<p class=\"\" data-start=\"2249\" data-end=\"2262\"><strong data-start=\"2249\" data-end=\"2261\">Quantity<\/strong>:<\/p>\n<ul data-start=\"2265\" data-end=\"2311\">\n<li class=\"\" data-start=\"2265\" data-end=\"2283\">\n<p class=\"\" data-start=\"2267\" data-end=\"2283\">3 g per 200 ml<\/p>\n<\/li>\n<li class=\"\" data-start=\"2286\" data-end=\"2311\">\n<p class=\"\" data-start=\"2288\" data-end=\"2311\"><strong data-start=\"2288\" data-end=\"2309\">15\u201320 g per litre<\/strong><\/p>\n<\/li>\n<\/ul>\n<\/li>\n<li class=\"\" data-start=\"2312\" data-end=\"2386\">\n<p class=\"\" data-start=\"2314\" data-end=\"2386\"><strong data-start=\"2314\" data-end=\"2336\">Serving suggestion<\/strong>: Enjoy hot or iced, plain or with a hint of honey<\/p>\n<\/li>\n<\/ul>\n","protected":false},"excerpt":{"rendered":"<p>Rooibos with exotic fruits: orange, mango, banana, apricot. 100 g pouch \u2013 sweet and tropical infusion.<\/p>\n","protected":false},"featured_media":13478,"template":"","meta":[],"product_brand":[],"product_cat":[143],"product_tag":[],"class_list":{"0":"post-13479","1":"product","2":"type-product","3":"status-publish","4":"has-post-thumbnail","6":"product_cat-tea","8":"first","9":"instock","10":"taxable","11":"shipping-taxable","12":"purchasable","13":"product-type-simple"},"yoast_head":"<!-- This site is optimized with the Yoast SEO plugin v25.7 - https:\/\/yoast.com\/wordpress\/plugins\/seo\/ -->\n<title>Exotique - La P&#039;tite Cerise<\/title>\n<meta name=\"robots\" content=\"index, follow, max-snippet:-1, max-image-preview:large, max-video-preview:-1\" \/>\n<link rel=\"canonical\" href=\"https:\/\/la-ptite-cerise.be\/produit\/exotique\/\" \/>\n<meta property=\"og:locale\" content=\"en_US\" \/>\n<meta property=\"og:type\" content=\"article\" \/>\n<meta property=\"og:title\" content=\"Exotique - La P&#039;tite Cerise\" \/>\n<meta property=\"og:description\" content=\"Rooibos with exotic fruits: orange, mango, banana, apricot. 100 g pouch \u2013 sweet and tropical infusion.\" \/>\n<meta property=\"og:url\" content=\"https:\/\/la-ptite-cerise.be\/produit\/exotique\/\" \/>\n<meta property=\"og:site_name\" content=\"La P&#039;tite Cerise\" \/>\n<meta property=\"article:publisher\" content=\"https:\/\/www.facebook.com\/laptitecerise\/\" \/>\n<meta property=\"og:image\" content=\"https:\/\/la-ptite-cerise.be\/wp-content\/uploads\/2021\/03\/87016_1.jpeg\" \/>\n\t<meta property=\"og:image:width\" content=\"500\" \/>\n\t<meta property=\"og:image:height\" content=\"500\" \/>\n\t<meta property=\"og:image:type\" content=\"image\/jpeg\" \/>\n<meta name=\"twitter:card\" content=\"summary_large_image\" \/>\n<meta name=\"twitter:label1\" content=\"Est. reading time\" \/>\n\t<meta name=\"twitter:data1\" content=\"1 minute\" \/>\n<script type=\"application\/ld+json\" class=\"yoast-schema-graph\">{\"@context\":\"https:\/\/schema.org\",\"@graph\":[{\"@type\":\"WebPage\",\"@id\":\"https:\/\/la-ptite-cerise.be\/produit\/exotique\/\",\"url\":\"https:\/\/la-ptite-cerise.be\/produit\/exotique\/\",\"name\":\"Exotique - La P&#039;tite Cerise\",\"isPartOf\":{\"@id\":\"https:\/\/la-ptite-cerise.be\/#website\"},\"primaryImageOfPage\":{\"@id\":\"https:\/\/la-ptite-cerise.be\/produit\/exotique\/#primaryimage\"},\"image\":{\"@id\":\"https:\/\/la-ptite-cerise.be\/produit\/exotique\/#primaryimage\"},\"thumbnailUrl\":\"https:\/\/la-ptite-cerise.be\/wp-content\/uploads\/2021\/03\/87016_1.jpeg\",\"datePublished\":\"2021-03-09T12:48:55+00:00\",\"breadcrumb\":{\"@id\":\"https:\/\/la-ptite-cerise.be\/produit\/exotique\/#breadcrumb\"},\"inLanguage\":\"en-US\",\"potentialAction\":[{\"@type\":\"ReadAction\",\"target\":[\"https:\/\/la-ptite-cerise.be\/produit\/exotique\/\"]}]},{\"@type\":\"ImageObject\",\"inLanguage\":\"en-US\",\"@id\":\"https:\/\/la-ptite-cerise.be\/produit\/exotique\/#primaryimage\",\"url\":\"https:\/\/la-ptite-cerise.be\/wp-content\/uploads\/2021\/03\/87016_1.jpeg\",\"contentUrl\":\"https:\/\/la-ptite-cerise.be\/wp-content\/uploads\/2021\/03\/87016_1.jpeg\",\"width\":500,\"height\":500},{\"@type\":\"BreadcrumbList\",\"@id\":\"https:\/\/la-ptite-cerise.be\/produit\/exotique\/#breadcrumb\",\"itemListElement\":[{\"@type\":\"ListItem\",\"position\":1,\"name\":\"Accueil\",\"item\":\"https:\/\/la-ptite-cerise.be\/en\/\"},{\"@type\":\"ListItem\",\"position\":2,\"name\":\"Store\",\"item\":\"https:\/\/la-ptite-cerise.be\/boutique\/\"},{\"@type\":\"ListItem\",\"position\":3,\"name\":\"Exotique\"}]},{\"@type\":\"WebSite\",\"@id\":\"https:\/\/la-ptite-cerise.be\/#website\",\"url\":\"https:\/\/la-ptite-cerise.be\/\",\"name\":\"La P'tite Cerise\",\"description\":\"Artisan torr\u00e9facteur de caf\u00e9 de sp\u00e9cialit\u00e9. S\u00e9lection de th\u00e9s &amp; tisanes.\",\"publisher\":{\"@id\":\"https:\/\/la-ptite-cerise.be\/#organization\"},\"potentialAction\":[{\"@type\":\"SearchAction\",\"target\":{\"@type\":\"EntryPoint\",\"urlTemplate\":\"https:\/\/la-ptite-cerise.be\/?s={search_term_string}\"},\"query-input\":{\"@type\":\"PropertyValueSpecification\",\"valueRequired\":true,\"valueName\":\"search_term_string\"}}],\"inLanguage\":\"en-US\"},{\"@type\":\"Organization\",\"@id\":\"https:\/\/la-ptite-cerise.be\/#organization\",\"name\":\"La P'tite Cerise\",\"url\":\"https:\/\/la-ptite-cerise.be\/\",\"logo\":{\"@type\":\"ImageObject\",\"inLanguage\":\"en-US\",\"@id\":\"https:\/\/la-ptite-cerise.be\/#\/schema\/logo\/image\/\",\"url\":\"https:\/\/la-ptite-cerise.be\/wp-content\/uploads\/2020\/10\/logo-header-01.jpg\",\"contentUrl\":\"https:\/\/la-ptite-cerise.be\/wp-content\/uploads\/2020\/10\/logo-header-01.jpg\",\"width\":176,\"height\":100,\"caption\":\"La P'tite Cerise\"},\"image\":{\"@id\":\"https:\/\/la-ptite-cerise.be\/#\/schema\/logo\/image\/\"},\"sameAs\":[\"https:\/\/www.facebook.com\/laptitecerise\/\",\"https:\/\/www.instagram.com\/la.ptite_cerise\/\"]}]}<\/script>\n<!-- \/ Yoast SEO plugin. -->","yoast_head_json":{"title":"Exotique - La P&#039;tite Cerise","robots":{"index":"index","follow":"follow","max-snippet":"max-snippet:-1","max-image-preview":"max-image-preview:large","max-video-preview":"max-video-preview:-1"},"canonical":"https:\/\/la-ptite-cerise.be\/produit\/exotique\/","og_locale":"en_US","og_type":"article","og_title":"Exotique - La P&#039;tite Cerise","og_description":"Rooibos with exotic fruits: orange, mango, banana, apricot. 100 g pouch \u2013 sweet and tropical infusion.","og_url":"https:\/\/la-ptite-cerise.be\/produit\/exotique\/","og_site_name":"La P&#039;tite Cerise","article_publisher":"https:\/\/www.facebook.com\/laptitecerise\/","og_image":[{"width":500,"height":500,"url":"https:\/\/la-ptite-cerise.be\/wp-content\/uploads\/2021\/03\/87016_1.jpeg","type":"image\/jpeg"}],"twitter_card":"summary_large_image","twitter_misc":{"Est. reading time":"1 minute"},"schema":{"@context":"https:\/\/schema.org","@graph":[{"@type":"WebPage","@id":"https:\/\/la-ptite-cerise.be\/produit\/exotique\/","url":"https:\/\/la-ptite-cerise.be\/produit\/exotique\/","name":"Exotique - La P&#039;tite Cerise","isPartOf":{"@id":"https:\/\/la-ptite-cerise.be\/#website"},"primaryImageOfPage":{"@id":"https:\/\/la-ptite-cerise.be\/produit\/exotique\/#primaryimage"},"image":{"@id":"https:\/\/la-ptite-cerise.be\/produit\/exotique\/#primaryimage"},"thumbnailUrl":"https:\/\/la-ptite-cerise.be\/wp-content\/uploads\/2021\/03\/87016_1.jpeg","datePublished":"2021-03-09T12:48:55+00:00","breadcrumb":{"@id":"https:\/\/la-ptite-cerise.be\/produit\/exotique\/#breadcrumb"},"inLanguage":"en-US","potentialAction":[{"@type":"ReadAction","target":["https:\/\/la-ptite-cerise.be\/produit\/exotique\/"]}]},{"@type":"ImageObject","inLanguage":"en-US","@id":"https:\/\/la-ptite-cerise.be\/produit\/exotique\/#primaryimage","url":"https:\/\/la-ptite-cerise.be\/wp-content\/uploads\/2021\/03\/87016_1.jpeg","contentUrl":"https:\/\/la-ptite-cerise.be\/wp-content\/uploads\/2021\/03\/87016_1.jpeg","width":500,"height":500},{"@type":"BreadcrumbList","@id":"https:\/\/la-ptite-cerise.be\/produit\/exotique\/#breadcrumb","itemListElement":[{"@type":"ListItem","position":1,"name":"Accueil","item":"https:\/\/la-ptite-cerise.be\/en\/"},{"@type":"ListItem","position":2,"name":"Store","item":"https:\/\/la-ptite-cerise.be\/boutique\/"},{"@type":"ListItem","position":3,"name":"Exotique"}]},{"@type":"WebSite","@id":"https:\/\/la-ptite-cerise.be\/#website","url":"https:\/\/la-ptite-cerise.be\/","name":"La P'tite Cerise","description":"Artisan torr\u00e9facteur de caf\u00e9 de sp\u00e9cialit\u00e9. S\u00e9lection de th\u00e9s &amp; tisanes.","publisher":{"@id":"https:\/\/la-ptite-cerise.be\/#organization"},"potentialAction":[{"@type":"SearchAction","target":{"@type":"EntryPoint","urlTemplate":"https:\/\/la-ptite-cerise.be\/?s={search_term_string}"},"query-input":{"@type":"PropertyValueSpecification","valueRequired":true,"valueName":"search_term_string"}}],"inLanguage":"en-US"},{"@type":"Organization","@id":"https:\/\/la-ptite-cerise.be\/#organization","name":"La P'tite Cerise","url":"https:\/\/la-ptite-cerise.be\/","logo":{"@type":"ImageObject","inLanguage":"en-US","@id":"https:\/\/la-ptite-cerise.be\/#\/schema\/logo\/image\/","url":"https:\/\/la-ptite-cerise.be\/wp-content\/uploads\/2020\/10\/logo-header-01.jpg","contentUrl":"https:\/\/la-ptite-cerise.be\/wp-content\/uploads\/2020\/10\/logo-header-01.jpg","width":176,"height":100,"caption":"La P'tite Cerise"},"image":{"@id":"https:\/\/la-ptite-cerise.be\/#\/schema\/logo\/image\/"},"sameAs":["https:\/\/www.facebook.com\/laptitecerise\/","https:\/\/www.instagram.com\/la.ptite_cerise\/"]}]}},"_links":{"self":[{"href":"https:\/\/la-ptite-cerise.be\/en\/wp-json\/wp\/v2\/product\/13479","targetHints":{"allow":["GET"]}}],"collection":[{"href":"https:\/\/la-ptite-cerise.be\/en\/wp-json\/wp\/v2\/product"}],"about":[{"href":"https:\/\/la-ptite-cerise.be\/en\/wp-json\/wp\/v2\/types\/product"}],"wp:featuredmedia":[{"embeddable":true,"href":"https:\/\/la-ptite-cerise.be\/en\/wp-json\/wp\/v2\/media\/13478"}],"wp:attachment":[{"href":"https:\/\/la-ptite-cerise.be\/en\/wp-json\/wp\/v2\/media?parent=13479"}],"wp:term":[{"taxonomy":"product_brand","embeddable":true,"href":"https:\/\/la-ptite-cerise.be\/en\/wp-json\/wp\/v2\/product_brand?post=13479"},{"taxonomy":"product_cat","embeddable":true,"href":"https:\/\/la-ptite-cerise.be\/en\/wp-json\/wp\/v2\/product_cat?post=13479"},{"taxonomy":"product_tag","embeddable":true,"href":"https:\/\/la-ptite-cerise.be\/en\/wp-json\/wp\/v2\/product_tag?post=13479"}],"curies":[{"name":"wp","href":"https:\/\/api.w.org\/{rel}","templated":true}]}}