{"id":13483,"date":"2021-03-09T13:41:41","date_gmt":"2021-03-09T12:41:41","guid":{"rendered":"https:\/\/la-ptite-cerise.be\/produit\/japan-kukicha-grille\/"},"modified":"2021-03-09T13:41:41","modified_gmt":"2021-03-09T12:41:41","slug":"japan-kukicha-grille","status":"publish","type":"product","link":"https:\/\/la-ptite-cerise.be\/en\/produit\/japan-kukicha-grille\/","title":{"rendered":"Japan Kukicha grill\u00e9"},"content":{"rendered":"<h3 class=\"\" data-start=\"1345\" data-end=\"1410\"><strong data-start=\"1354\" data-end=\"1394\">Roasted Green Tea \u2013 Japanese Kukicha<\/strong> (100 g pouch)<\/h3>\n<p class=\"\" data-start=\"1411\" data-end=\"1497\"><strong data-start=\"1411\" data-end=\"1497\">A Japanese green tea with mild roasted and woody notes, naturally low in caffeine.<\/strong><\/p>\n<p class=\"\" data-start=\"1499\" data-end=\"1702\">Made from tea stems, this traditional Kukicha is gently roasted to bring out its toasted, slightly sweet aroma. With very little caffeine, it&#8217;s an ideal cup for any time of day \u2013 from morning to evening.<\/p>\n<p class=\"\" data-start=\"1704\" data-end=\"1784\">\ud83d\udcac <em data-start=\"1707\" data-end=\"1784\">Enjoy hot or iced, plain, for a smooth and calming Japanese tea experience.<\/em><\/p>\n<hr class=\"\" data-start=\"1786\" data-end=\"1789\" \/>\n<h3 class=\"\" data-start=\"1791\" data-end=\"1811\">\u2705 <strong data-start=\"1797\" data-end=\"1811\">Highlights<\/strong><\/h3>\n<ul data-start=\"1812\" data-end=\"1981\">\n<li class=\"\" data-start=\"1812\" data-end=\"1866\">\n<p class=\"\" data-start=\"1814\" data-end=\"1866\">Premium blend with sustainably sourced ingredients<\/p>\n<\/li>\n<li class=\"\" data-start=\"1867\" data-end=\"1922\">\n<p class=\"\" data-start=\"1869\" data-end=\"1922\">Mild, roasted flavour from gently toasted tea stems<\/p>\n<\/li>\n<li class=\"\" data-start=\"1923\" data-end=\"1981\">\n<p class=\"\" data-start=\"1925\" data-end=\"1981\">Low in caffeine \u2013 perfect for day or evening enjoyment<\/p>\n<\/li>\n<\/ul>\n<hr class=\"\" data-start=\"1983\" data-end=\"1986\" \/>\n<h3 class=\"\" data-start=\"1988\" data-end=\"2012\">\ud83e\uddfe <strong data-start=\"1995\" data-end=\"2010\">Ingredients<\/strong><\/h3>\n<p class=\"\" data-start=\"2013\" data-end=\"2100\">Roasted green tea stems (Kukicha)<br data-start=\"2046\" data-end=\"2049\" \/><strong data-start=\"2049\" data-end=\"2062\">Allergens<\/strong>: May contain traces of milk and nuts.<\/p>\n<hr class=\"\" data-start=\"2102\" data-end=\"2105\" \/>\n<h3 class=\"\" data-start=\"2107\" data-end=\"2131\">\ud83c\udf7d\ufe0f <strong data-start=\"2115\" data-end=\"2131\">Brewing tips<\/strong><\/h3>\n<ul data-start=\"2132\" data-end=\"2348\">\n<li class=\"\" data-start=\"2132\" data-end=\"2167\">\n<p class=\"\" data-start=\"2134\" data-end=\"2167\"><strong data-start=\"2134\" data-end=\"2155\">Water temperature<\/strong>: 75\u201380\u202f\u00b0C<\/p>\n<\/li>\n<li class=\"\" data-start=\"2168\" data-end=\"2204\">\n<p class=\"\" data-start=\"2170\" data-end=\"2204\"><strong data-start=\"2170\" data-end=\"2187\">Steeping time<\/strong>: 1.5\u20132 minutes<\/p>\n<\/li>\n<li class=\"\" data-start=\"2205\" data-end=\"2269\">\n<p class=\"\" data-start=\"2207\" data-end=\"2220\"><strong data-start=\"2207\" data-end=\"2219\">Quantity<\/strong>:<\/p>\n<ul data-start=\"2223\" data-end=\"2269\">\n<li class=\"\" data-start=\"2223\" data-end=\"2241\">\n<p class=\"\" data-start=\"2225\" data-end=\"2241\">3 g per 200 ml<\/p>\n<\/li>\n<li class=\"\" data-start=\"2244\" data-end=\"2269\">\n<p class=\"\" data-start=\"2246\" data-end=\"2269\"><strong data-start=\"2246\" data-end=\"2267\">12\u201315 g per litre<\/strong><\/p>\n<\/li>\n<\/ul>\n<\/li>\n<li class=\"\" data-start=\"2270\" data-end=\"2348\">\n<p class=\"\" data-start=\"2272\" data-end=\"2348\"><strong data-start=\"2272\" data-end=\"2294\">Serving suggestion<\/strong>: Best enjoyed plain to reveal its gentle, woody aroma<\/p>\n<\/li>\n<\/ul>\n","protected":false},"excerpt":{"rendered":"<p>Japanese roasted green tea with woody notes. 100 g pouch \u2013 mild, low in caffeine, perfect all day.<\/p>\n","protected":false},"featured_media":13482,"template":"","meta":[],"product_brand":[],"product_cat":[143],"product_tag":[],"class_list":{"0":"post-13483","1":"product","2":"type-product","3":"status-publish","4":"has-post-thumbnail","6":"product_cat-tea","8":"first","9":"instock","10":"taxable","11":"shipping-taxable","12":"purchasable","13":"product-type-simple"},"yoast_head":"<!-- This site is optimized with the Yoast SEO plugin v25.7 - https:\/\/yoast.com\/wordpress\/plugins\/seo\/ -->\n<title>Japan Kukicha grill\u00e9 - La P&#039;tite Cerise<\/title>\n<meta name=\"robots\" content=\"index, follow, max-snippet:-1, max-image-preview:large, max-video-preview:-1\" \/>\n<link rel=\"canonical\" href=\"https:\/\/la-ptite-cerise.be\/produit\/japan-kukicha-grille\/\" \/>\n<meta property=\"og:locale\" content=\"en_US\" \/>\n<meta property=\"og:type\" content=\"article\" \/>\n<meta property=\"og:title\" content=\"Japan Kukicha grill\u00e9 - La P&#039;tite Cerise\" \/>\n<meta property=\"og:description\" content=\"Japanese roasted green tea with woody notes. 100 g pouch \u2013 mild, low in caffeine, perfect all day.\" \/>\n<meta property=\"og:url\" content=\"https:\/\/la-ptite-cerise.be\/produit\/japan-kukicha-grille\/\" \/>\n<meta property=\"og:site_name\" content=\"La P&#039;tite Cerise\" \/>\n<meta property=\"article:publisher\" content=\"https:\/\/www.facebook.com\/laptitecerise\/\" \/>\n<meta property=\"og:image\" content=\"https:\/\/la-ptite-cerise.be\/wp-content\/uploads\/2021\/03\/83103_1.jpeg\" \/>\n\t<meta property=\"og:image:width\" content=\"500\" \/>\n\t<meta property=\"og:image:height\" content=\"500\" \/>\n\t<meta property=\"og:image:type\" content=\"image\/jpeg\" \/>\n<meta name=\"twitter:card\" content=\"summary_large_image\" \/>\n<meta name=\"twitter:label1\" content=\"Est. reading time\" \/>\n\t<meta name=\"twitter:data1\" content=\"1 minute\" \/>\n<script type=\"application\/ld+json\" class=\"yoast-schema-graph\">{\"@context\":\"https:\/\/schema.org\",\"@graph\":[{\"@type\":\"WebPage\",\"@id\":\"https:\/\/la-ptite-cerise.be\/produit\/japan-kukicha-grille\/\",\"url\":\"https:\/\/la-ptite-cerise.be\/produit\/japan-kukicha-grille\/\",\"name\":\"Japan Kukicha grill\u00e9 - La P&#039;tite Cerise\",\"isPartOf\":{\"@id\":\"https:\/\/la-ptite-cerise.be\/#website\"},\"primaryImageOfPage\":{\"@id\":\"https:\/\/la-ptite-cerise.be\/produit\/japan-kukicha-grille\/#primaryimage\"},\"image\":{\"@id\":\"https:\/\/la-ptite-cerise.be\/produit\/japan-kukicha-grille\/#primaryimage\"},\"thumbnailUrl\":\"https:\/\/la-ptite-cerise.be\/wp-content\/uploads\/2021\/03\/83103_1.jpeg\",\"datePublished\":\"2021-03-09T12:41:41+00:00\",\"breadcrumb\":{\"@id\":\"https:\/\/la-ptite-cerise.be\/produit\/japan-kukicha-grille\/#breadcrumb\"},\"inLanguage\":\"en-US\",\"potentialAction\":[{\"@type\":\"ReadAction\",\"target\":[\"https:\/\/la-ptite-cerise.be\/produit\/japan-kukicha-grille\/\"]}]},{\"@type\":\"ImageObject\",\"inLanguage\":\"en-US\",\"@id\":\"https:\/\/la-ptite-cerise.be\/produit\/japan-kukicha-grille\/#primaryimage\",\"url\":\"https:\/\/la-ptite-cerise.be\/wp-content\/uploads\/2021\/03\/83103_1.jpeg\",\"contentUrl\":\"https:\/\/la-ptite-cerise.be\/wp-content\/uploads\/2021\/03\/83103_1.jpeg\",\"width\":500,\"height\":500},{\"@type\":\"BreadcrumbList\",\"@id\":\"https:\/\/la-ptite-cerise.be\/produit\/japan-kukicha-grille\/#breadcrumb\",\"itemListElement\":[{\"@type\":\"ListItem\",\"position\":1,\"name\":\"Accueil\",\"item\":\"https:\/\/la-ptite-cerise.be\/en\/\"},{\"@type\":\"ListItem\",\"position\":2,\"name\":\"Store\",\"item\":\"https:\/\/la-ptite-cerise.be\/boutique\/\"},{\"@type\":\"ListItem\",\"position\":3,\"name\":\"Japan Kukicha grill\u00e9\"}]},{\"@type\":\"WebSite\",\"@id\":\"https:\/\/la-ptite-cerise.be\/#website\",\"url\":\"https:\/\/la-ptite-cerise.be\/\",\"name\":\"La P'tite Cerise\",\"description\":\"Artisan torr\u00e9facteur de caf\u00e9 de sp\u00e9cialit\u00e9. S\u00e9lection de th\u00e9s &amp; tisanes.\",\"publisher\":{\"@id\":\"https:\/\/la-ptite-cerise.be\/#organization\"},\"potentialAction\":[{\"@type\":\"SearchAction\",\"target\":{\"@type\":\"EntryPoint\",\"urlTemplate\":\"https:\/\/la-ptite-cerise.be\/?s={search_term_string}\"},\"query-input\":{\"@type\":\"PropertyValueSpecification\",\"valueRequired\":true,\"valueName\":\"search_term_string\"}}],\"inLanguage\":\"en-US\"},{\"@type\":\"Organization\",\"@id\":\"https:\/\/la-ptite-cerise.be\/#organization\",\"name\":\"La P'tite Cerise\",\"url\":\"https:\/\/la-ptite-cerise.be\/\",\"logo\":{\"@type\":\"ImageObject\",\"inLanguage\":\"en-US\",\"@id\":\"https:\/\/la-ptite-cerise.be\/#\/schema\/logo\/image\/\",\"url\":\"https:\/\/la-ptite-cerise.be\/wp-content\/uploads\/2020\/10\/logo-header-01.jpg\",\"contentUrl\":\"https:\/\/la-ptite-cerise.be\/wp-content\/uploads\/2020\/10\/logo-header-01.jpg\",\"width\":176,\"height\":100,\"caption\":\"La P'tite Cerise\"},\"image\":{\"@id\":\"https:\/\/la-ptite-cerise.be\/#\/schema\/logo\/image\/\"},\"sameAs\":[\"https:\/\/www.facebook.com\/laptitecerise\/\",\"https:\/\/www.instagram.com\/la.ptite_cerise\/\"]}]}<\/script>\n<!-- \/ Yoast SEO plugin. -->","yoast_head_json":{"title":"Japan Kukicha grill\u00e9 - La P&#039;tite Cerise","robots":{"index":"index","follow":"follow","max-snippet":"max-snippet:-1","max-image-preview":"max-image-preview:large","max-video-preview":"max-video-preview:-1"},"canonical":"https:\/\/la-ptite-cerise.be\/produit\/japan-kukicha-grille\/","og_locale":"en_US","og_type":"article","og_title":"Japan Kukicha grill\u00e9 - La P&#039;tite Cerise","og_description":"Japanese roasted green tea with woody notes. 100 g pouch \u2013 mild, low in caffeine, perfect all day.","og_url":"https:\/\/la-ptite-cerise.be\/produit\/japan-kukicha-grille\/","og_site_name":"La P&#039;tite Cerise","article_publisher":"https:\/\/www.facebook.com\/laptitecerise\/","og_image":[{"width":500,"height":500,"url":"https:\/\/la-ptite-cerise.be\/wp-content\/uploads\/2021\/03\/83103_1.jpeg","type":"image\/jpeg"}],"twitter_card":"summary_large_image","twitter_misc":{"Est. reading time":"1 minute"},"schema":{"@context":"https:\/\/schema.org","@graph":[{"@type":"WebPage","@id":"https:\/\/la-ptite-cerise.be\/produit\/japan-kukicha-grille\/","url":"https:\/\/la-ptite-cerise.be\/produit\/japan-kukicha-grille\/","name":"Japan Kukicha grill\u00e9 - La P&#039;tite Cerise","isPartOf":{"@id":"https:\/\/la-ptite-cerise.be\/#website"},"primaryImageOfPage":{"@id":"https:\/\/la-ptite-cerise.be\/produit\/japan-kukicha-grille\/#primaryimage"},"image":{"@id":"https:\/\/la-ptite-cerise.be\/produit\/japan-kukicha-grille\/#primaryimage"},"thumbnailUrl":"https:\/\/la-ptite-cerise.be\/wp-content\/uploads\/2021\/03\/83103_1.jpeg","datePublished":"2021-03-09T12:41:41+00:00","breadcrumb":{"@id":"https:\/\/la-ptite-cerise.be\/produit\/japan-kukicha-grille\/#breadcrumb"},"inLanguage":"en-US","potentialAction":[{"@type":"ReadAction","target":["https:\/\/la-ptite-cerise.be\/produit\/japan-kukicha-grille\/"]}]},{"@type":"ImageObject","inLanguage":"en-US","@id":"https:\/\/la-ptite-cerise.be\/produit\/japan-kukicha-grille\/#primaryimage","url":"https:\/\/la-ptite-cerise.be\/wp-content\/uploads\/2021\/03\/83103_1.jpeg","contentUrl":"https:\/\/la-ptite-cerise.be\/wp-content\/uploads\/2021\/03\/83103_1.jpeg","width":500,"height":500},{"@type":"BreadcrumbList","@id":"https:\/\/la-ptite-cerise.be\/produit\/japan-kukicha-grille\/#breadcrumb","itemListElement":[{"@type":"ListItem","position":1,"name":"Accueil","item":"https:\/\/la-ptite-cerise.be\/en\/"},{"@type":"ListItem","position":2,"name":"Store","item":"https:\/\/la-ptite-cerise.be\/boutique\/"},{"@type":"ListItem","position":3,"name":"Japan Kukicha grill\u00e9"}]},{"@type":"WebSite","@id":"https:\/\/la-ptite-cerise.be\/#website","url":"https:\/\/la-ptite-cerise.be\/","name":"La P'tite Cerise","description":"Artisan torr\u00e9facteur de caf\u00e9 de sp\u00e9cialit\u00e9. S\u00e9lection de th\u00e9s &amp; tisanes.","publisher":{"@id":"https:\/\/la-ptite-cerise.be\/#organization"},"potentialAction":[{"@type":"SearchAction","target":{"@type":"EntryPoint","urlTemplate":"https:\/\/la-ptite-cerise.be\/?s={search_term_string}"},"query-input":{"@type":"PropertyValueSpecification","valueRequired":true,"valueName":"search_term_string"}}],"inLanguage":"en-US"},{"@type":"Organization","@id":"https:\/\/la-ptite-cerise.be\/#organization","name":"La P'tite Cerise","url":"https:\/\/la-ptite-cerise.be\/","logo":{"@type":"ImageObject","inLanguage":"en-US","@id":"https:\/\/la-ptite-cerise.be\/#\/schema\/logo\/image\/","url":"https:\/\/la-ptite-cerise.be\/wp-content\/uploads\/2020\/10\/logo-header-01.jpg","contentUrl":"https:\/\/la-ptite-cerise.be\/wp-content\/uploads\/2020\/10\/logo-header-01.jpg","width":176,"height":100,"caption":"La P'tite Cerise"},"image":{"@id":"https:\/\/la-ptite-cerise.be\/#\/schema\/logo\/image\/"},"sameAs":["https:\/\/www.facebook.com\/laptitecerise\/","https:\/\/www.instagram.com\/la.ptite_cerise\/"]}]}},"_links":{"self":[{"href":"https:\/\/la-ptite-cerise.be\/en\/wp-json\/wp\/v2\/product\/13483","targetHints":{"allow":["GET"]}}],"collection":[{"href":"https:\/\/la-ptite-cerise.be\/en\/wp-json\/wp\/v2\/product"}],"about":[{"href":"https:\/\/la-ptite-cerise.be\/en\/wp-json\/wp\/v2\/types\/product"}],"wp:featuredmedia":[{"embeddable":true,"href":"https:\/\/la-ptite-cerise.be\/en\/wp-json\/wp\/v2\/media\/13482"}],"wp:attachment":[{"href":"https:\/\/la-ptite-cerise.be\/en\/wp-json\/wp\/v2\/media?parent=13483"}],"wp:term":[{"taxonomy":"product_brand","embeddable":true,"href":"https:\/\/la-ptite-cerise.be\/en\/wp-json\/wp\/v2\/product_brand?post=13483"},{"taxonomy":"product_cat","embeddable":true,"href":"https:\/\/la-ptite-cerise.be\/en\/wp-json\/wp\/v2\/product_cat?post=13483"},{"taxonomy":"product_tag","embeddable":true,"href":"https:\/\/la-ptite-cerise.be\/en\/wp-json\/wp\/v2\/product_tag?post=13483"}],"curies":[{"name":"wp","href":"https:\/\/api.w.org\/{rel}","templated":true}]}}