{"id":13495,"date":"2021-02-17T14:35:14","date_gmt":"2021-02-17T13:35:14","guid":{"rendered":"https:\/\/la-ptite-cerise.be\/produit\/feuilles-eucalyptus\/"},"modified":"2021-02-17T14:35:14","modified_gmt":"2021-02-17T13:35:14","slug":"feuilles-eucalyptus","status":"publish","type":"product","link":"https:\/\/la-ptite-cerise.be\/en\/produit\/feuilles-eucalyptus\/","title":{"rendered":"Feuilles eucalyptus"},"content":{"rendered":"<h3 class=\"\" data-start=\"1211\" data-end=\"1257\"><strong data-start=\"1220\" data-end=\"1241\">Eucalyptus Leaves<\/strong> (100 g pouch)<\/h3>\n<p class=\"\" data-start=\"1258\" data-end=\"1319\"><strong data-start=\"1258\" data-end=\"1319\">A refreshing and naturally camphoraceous herbal infusion.<\/strong><\/p>\n<p class=\"\" data-start=\"1321\" data-end=\"1542\">These dried eucalyptus leaves offer a strong, aromatic brew with fresh and menthol-like notes. Traditionally appreciated for their wellness properties, they are perfect for a hot infusion or as a natural steam inhalation.<\/p>\n<p class=\"\" data-start=\"1544\" data-end=\"1611\">\ud83d\udcac <em data-start=\"1547\" data-end=\"1611\">Enjoy hot, or use in inhalation for a clean, fresh experience.<\/em><\/p>\n<hr class=\"\" data-start=\"1613\" data-end=\"1616\" \/>\n<h3 class=\"\" data-start=\"1618\" data-end=\"1638\">\u2705 <strong data-start=\"1624\" data-end=\"1638\">Highlights<\/strong><\/h3>\n<ul data-start=\"1639\" data-end=\"1784\">\n<li class=\"\" data-start=\"1639\" data-end=\"1698\">\n<p class=\"\" data-start=\"1641\" data-end=\"1698\">Premium blend made with sustainably sourced ingredients<\/p>\n<\/li>\n<li class=\"\" data-start=\"1699\" data-end=\"1741\">\n<p class=\"\" data-start=\"1701\" data-end=\"1741\">Naturally refreshing and camphoraceous<\/p>\n<\/li>\n<li class=\"\" data-start=\"1742\" data-end=\"1784\">\n<p class=\"\" data-start=\"1744\" data-end=\"1784\">Perfect as a tea or for aromatic steam<\/p>\n<\/li>\n<\/ul>\n<hr class=\"\" data-start=\"1786\" data-end=\"1789\" \/>\n<h3 class=\"\" data-start=\"1791\" data-end=\"1815\">\ud83e\uddfe <strong data-start=\"1798\" data-end=\"1813\">Ingredients<\/strong><\/h3>\n<p class=\"\" data-start=\"1816\" data-end=\"1887\">Eucalyptus leaves<br data-start=\"1833\" data-end=\"1836\" \/><strong data-start=\"1836\" data-end=\"1849\">Allergens<\/strong>: May contain traces of milk and nuts.<\/p>\n<hr class=\"\" data-start=\"1889\" data-end=\"1892\" \/>\n<h3 class=\"\" data-start=\"1894\" data-end=\"1918\">\ud83c\udf7d\ufe0f <strong data-start=\"1902\" data-end=\"1918\">Brewing tips<\/strong><\/h3>\n<ul data-start=\"1919\" data-end=\"2136\">\n<li class=\"\" data-start=\"1919\" data-end=\"1952\">\n<p class=\"\" data-start=\"1921\" data-end=\"1952\"><strong data-start=\"1921\" data-end=\"1942\">Water temperature<\/strong>: 100\u202f\u00b0C<\/p>\n<\/li>\n<li class=\"\" data-start=\"1953\" data-end=\"1988\">\n<p class=\"\" data-start=\"1955\" data-end=\"1988\"><strong data-start=\"1955\" data-end=\"1972\">Steeping time<\/strong>: 5\u201310 minutes<\/p>\n<\/li>\n<li class=\"\" data-start=\"1989\" data-end=\"2053\">\n<p class=\"\" data-start=\"1991\" data-end=\"2004\"><strong data-start=\"1991\" data-end=\"2003\">Quantity<\/strong>:<\/p>\n<ul data-start=\"2007\" data-end=\"2053\">\n<li class=\"\" data-start=\"2007\" data-end=\"2025\">\n<p class=\"\" data-start=\"2009\" data-end=\"2025\">3 g per 200 ml<\/p>\n<\/li>\n<li class=\"\" data-start=\"2028\" data-end=\"2053\">\n<p class=\"\" data-start=\"2030\" data-end=\"2053\"><strong data-start=\"2030\" data-end=\"2051\">13\u201318 g per litre<\/strong><\/p>\n<\/li>\n<\/ul>\n<\/li>\n<li class=\"\" data-start=\"2054\" data-end=\"2136\">\n<p class=\"\" data-start=\"2056\" data-end=\"2136\"><strong data-start=\"2056\" data-end=\"2078\">Serving suggestion<\/strong>: Ideal in winter or after meals for a breath of freshness<\/p>\n<\/li>\n<\/ul>\n","protected":false},"excerpt":{"rendered":"<p>Eucalyptus leaf infusion. 100 g pouch \u2013 intense, fresh and naturally purifying.<\/p>\n","protected":false},"featured_media":13494,"template":"","meta":[],"product_brand":[],"product_cat":[143],"product_tag":[],"class_list":{"0":"post-13495","1":"product","2":"type-product","3":"status-publish","4":"has-post-thumbnail","6":"product_cat-tea","8":"first","9":"instock","10":"taxable","11":"shipping-taxable","12":"purchasable","13":"product-type-simple"},"yoast_head":"<!-- This site is optimized with the Yoast SEO plugin v25.7 - https:\/\/yoast.com\/wordpress\/plugins\/seo\/ -->\n<title>Feuilles eucalyptus - La P&#039;tite Cerise<\/title>\n<meta name=\"robots\" content=\"index, follow, max-snippet:-1, max-image-preview:large, max-video-preview:-1\" \/>\n<link rel=\"canonical\" href=\"https:\/\/la-ptite-cerise.be\/produit\/feuilles-eucalyptus\/\" \/>\n<meta property=\"og:locale\" content=\"en_US\" \/>\n<meta property=\"og:type\" content=\"article\" \/>\n<meta property=\"og:title\" content=\"Feuilles eucalyptus - La P&#039;tite Cerise\" \/>\n<meta property=\"og:description\" content=\"Eucalyptus leaf infusion. 100 g pouch \u2013 intense, fresh and naturally purifying.\" \/>\n<meta property=\"og:url\" content=\"https:\/\/la-ptite-cerise.be\/produit\/feuilles-eucalyptus\/\" \/>\n<meta property=\"og:site_name\" content=\"La P&#039;tite Cerise\" \/>\n<meta property=\"article:publisher\" content=\"https:\/\/www.facebook.com\/laptitecerise\/\" \/>\n<meta property=\"og:image\" content=\"https:\/\/la-ptite-cerise.be\/wp-content\/uploads\/2021\/02\/82288_1.jpeg\" \/>\n\t<meta property=\"og:image:width\" content=\"500\" \/>\n\t<meta property=\"og:image:height\" content=\"500\" \/>\n\t<meta property=\"og:image:type\" content=\"image\/jpeg\" \/>\n<meta name=\"twitter:card\" content=\"summary_large_image\" \/>\n<meta name=\"twitter:label1\" content=\"Est. reading time\" \/>\n\t<meta name=\"twitter:data1\" content=\"1 minute\" \/>\n<script type=\"application\/ld+json\" class=\"yoast-schema-graph\">{\"@context\":\"https:\/\/schema.org\",\"@graph\":[{\"@type\":\"WebPage\",\"@id\":\"https:\/\/la-ptite-cerise.be\/produit\/feuilles-eucalyptus\/\",\"url\":\"https:\/\/la-ptite-cerise.be\/produit\/feuilles-eucalyptus\/\",\"name\":\"Feuilles eucalyptus - La P&#039;tite Cerise\",\"isPartOf\":{\"@id\":\"https:\/\/la-ptite-cerise.be\/#website\"},\"primaryImageOfPage\":{\"@id\":\"https:\/\/la-ptite-cerise.be\/produit\/feuilles-eucalyptus\/#primaryimage\"},\"image\":{\"@id\":\"https:\/\/la-ptite-cerise.be\/produit\/feuilles-eucalyptus\/#primaryimage\"},\"thumbnailUrl\":\"https:\/\/la-ptite-cerise.be\/wp-content\/uploads\/2021\/02\/82288_1.jpeg\",\"datePublished\":\"2021-02-17T13:35:14+00:00\",\"breadcrumb\":{\"@id\":\"https:\/\/la-ptite-cerise.be\/produit\/feuilles-eucalyptus\/#breadcrumb\"},\"inLanguage\":\"en-US\",\"potentialAction\":[{\"@type\":\"ReadAction\",\"target\":[\"https:\/\/la-ptite-cerise.be\/produit\/feuilles-eucalyptus\/\"]}]},{\"@type\":\"ImageObject\",\"inLanguage\":\"en-US\",\"@id\":\"https:\/\/la-ptite-cerise.be\/produit\/feuilles-eucalyptus\/#primaryimage\",\"url\":\"https:\/\/la-ptite-cerise.be\/wp-content\/uploads\/2021\/02\/82288_1.jpeg\",\"contentUrl\":\"https:\/\/la-ptite-cerise.be\/wp-content\/uploads\/2021\/02\/82288_1.jpeg\",\"width\":500,\"height\":500},{\"@type\":\"BreadcrumbList\",\"@id\":\"https:\/\/la-ptite-cerise.be\/produit\/feuilles-eucalyptus\/#breadcrumb\",\"itemListElement\":[{\"@type\":\"ListItem\",\"position\":1,\"name\":\"Accueil\",\"item\":\"https:\/\/la-ptite-cerise.be\/en\/\"},{\"@type\":\"ListItem\",\"position\":2,\"name\":\"Store\",\"item\":\"https:\/\/la-ptite-cerise.be\/boutique\/\"},{\"@type\":\"ListItem\",\"position\":3,\"name\":\"Feuilles eucalyptus\"}]},{\"@type\":\"WebSite\",\"@id\":\"https:\/\/la-ptite-cerise.be\/#website\",\"url\":\"https:\/\/la-ptite-cerise.be\/\",\"name\":\"La P'tite Cerise\",\"description\":\"Artisan torr\u00e9facteur de caf\u00e9 de sp\u00e9cialit\u00e9. S\u00e9lection de th\u00e9s &amp; tisanes.\",\"publisher\":{\"@id\":\"https:\/\/la-ptite-cerise.be\/#organization\"},\"potentialAction\":[{\"@type\":\"SearchAction\",\"target\":{\"@type\":\"EntryPoint\",\"urlTemplate\":\"https:\/\/la-ptite-cerise.be\/?s={search_term_string}\"},\"query-input\":{\"@type\":\"PropertyValueSpecification\",\"valueRequired\":true,\"valueName\":\"search_term_string\"}}],\"inLanguage\":\"en-US\"},{\"@type\":\"Organization\",\"@id\":\"https:\/\/la-ptite-cerise.be\/#organization\",\"name\":\"La P'tite Cerise\",\"url\":\"https:\/\/la-ptite-cerise.be\/\",\"logo\":{\"@type\":\"ImageObject\",\"inLanguage\":\"en-US\",\"@id\":\"https:\/\/la-ptite-cerise.be\/#\/schema\/logo\/image\/\",\"url\":\"https:\/\/la-ptite-cerise.be\/wp-content\/uploads\/2020\/10\/logo-header-01.jpg\",\"contentUrl\":\"https:\/\/la-ptite-cerise.be\/wp-content\/uploads\/2020\/10\/logo-header-01.jpg\",\"width\":176,\"height\":100,\"caption\":\"La P'tite Cerise\"},\"image\":{\"@id\":\"https:\/\/la-ptite-cerise.be\/#\/schema\/logo\/image\/\"},\"sameAs\":[\"https:\/\/www.facebook.com\/laptitecerise\/\",\"https:\/\/www.instagram.com\/la.ptite_cerise\/\"]}]}<\/script>\n<!-- \/ Yoast SEO plugin. -->","yoast_head_json":{"title":"Feuilles eucalyptus - La P&#039;tite Cerise","robots":{"index":"index","follow":"follow","max-snippet":"max-snippet:-1","max-image-preview":"max-image-preview:large","max-video-preview":"max-video-preview:-1"},"canonical":"https:\/\/la-ptite-cerise.be\/produit\/feuilles-eucalyptus\/","og_locale":"en_US","og_type":"article","og_title":"Feuilles eucalyptus - La P&#039;tite Cerise","og_description":"Eucalyptus leaf infusion. 100 g pouch \u2013 intense, fresh and naturally purifying.","og_url":"https:\/\/la-ptite-cerise.be\/produit\/feuilles-eucalyptus\/","og_site_name":"La P&#039;tite Cerise","article_publisher":"https:\/\/www.facebook.com\/laptitecerise\/","og_image":[{"width":500,"height":500,"url":"https:\/\/la-ptite-cerise.be\/wp-content\/uploads\/2021\/02\/82288_1.jpeg","type":"image\/jpeg"}],"twitter_card":"summary_large_image","twitter_misc":{"Est. reading time":"1 minute"},"schema":{"@context":"https:\/\/schema.org","@graph":[{"@type":"WebPage","@id":"https:\/\/la-ptite-cerise.be\/produit\/feuilles-eucalyptus\/","url":"https:\/\/la-ptite-cerise.be\/produit\/feuilles-eucalyptus\/","name":"Feuilles eucalyptus - La P&#039;tite Cerise","isPartOf":{"@id":"https:\/\/la-ptite-cerise.be\/#website"},"primaryImageOfPage":{"@id":"https:\/\/la-ptite-cerise.be\/produit\/feuilles-eucalyptus\/#primaryimage"},"image":{"@id":"https:\/\/la-ptite-cerise.be\/produit\/feuilles-eucalyptus\/#primaryimage"},"thumbnailUrl":"https:\/\/la-ptite-cerise.be\/wp-content\/uploads\/2021\/02\/82288_1.jpeg","datePublished":"2021-02-17T13:35:14+00:00","breadcrumb":{"@id":"https:\/\/la-ptite-cerise.be\/produit\/feuilles-eucalyptus\/#breadcrumb"},"inLanguage":"en-US","potentialAction":[{"@type":"ReadAction","target":["https:\/\/la-ptite-cerise.be\/produit\/feuilles-eucalyptus\/"]}]},{"@type":"ImageObject","inLanguage":"en-US","@id":"https:\/\/la-ptite-cerise.be\/produit\/feuilles-eucalyptus\/#primaryimage","url":"https:\/\/la-ptite-cerise.be\/wp-content\/uploads\/2021\/02\/82288_1.jpeg","contentUrl":"https:\/\/la-ptite-cerise.be\/wp-content\/uploads\/2021\/02\/82288_1.jpeg","width":500,"height":500},{"@type":"BreadcrumbList","@id":"https:\/\/la-ptite-cerise.be\/produit\/feuilles-eucalyptus\/#breadcrumb","itemListElement":[{"@type":"ListItem","position":1,"name":"Accueil","item":"https:\/\/la-ptite-cerise.be\/en\/"},{"@type":"ListItem","position":2,"name":"Store","item":"https:\/\/la-ptite-cerise.be\/boutique\/"},{"@type":"ListItem","position":3,"name":"Feuilles eucalyptus"}]},{"@type":"WebSite","@id":"https:\/\/la-ptite-cerise.be\/#website","url":"https:\/\/la-ptite-cerise.be\/","name":"La P'tite Cerise","description":"Artisan torr\u00e9facteur de caf\u00e9 de sp\u00e9cialit\u00e9. S\u00e9lection de th\u00e9s &amp; tisanes.","publisher":{"@id":"https:\/\/la-ptite-cerise.be\/#organization"},"potentialAction":[{"@type":"SearchAction","target":{"@type":"EntryPoint","urlTemplate":"https:\/\/la-ptite-cerise.be\/?s={search_term_string}"},"query-input":{"@type":"PropertyValueSpecification","valueRequired":true,"valueName":"search_term_string"}}],"inLanguage":"en-US"},{"@type":"Organization","@id":"https:\/\/la-ptite-cerise.be\/#organization","name":"La P'tite Cerise","url":"https:\/\/la-ptite-cerise.be\/","logo":{"@type":"ImageObject","inLanguage":"en-US","@id":"https:\/\/la-ptite-cerise.be\/#\/schema\/logo\/image\/","url":"https:\/\/la-ptite-cerise.be\/wp-content\/uploads\/2020\/10\/logo-header-01.jpg","contentUrl":"https:\/\/la-ptite-cerise.be\/wp-content\/uploads\/2020\/10\/logo-header-01.jpg","width":176,"height":100,"caption":"La P'tite Cerise"},"image":{"@id":"https:\/\/la-ptite-cerise.be\/#\/schema\/logo\/image\/"},"sameAs":["https:\/\/www.facebook.com\/laptitecerise\/","https:\/\/www.instagram.com\/la.ptite_cerise\/"]}]}},"_links":{"self":[{"href":"https:\/\/la-ptite-cerise.be\/en\/wp-json\/wp\/v2\/product\/13495","targetHints":{"allow":["GET"]}}],"collection":[{"href":"https:\/\/la-ptite-cerise.be\/en\/wp-json\/wp\/v2\/product"}],"about":[{"href":"https:\/\/la-ptite-cerise.be\/en\/wp-json\/wp\/v2\/types\/product"}],"wp:featuredmedia":[{"embeddable":true,"href":"https:\/\/la-ptite-cerise.be\/en\/wp-json\/wp\/v2\/media\/13494"}],"wp:attachment":[{"href":"https:\/\/la-ptite-cerise.be\/en\/wp-json\/wp\/v2\/media?parent=13495"}],"wp:term":[{"taxonomy":"product_brand","embeddable":true,"href":"https:\/\/la-ptite-cerise.be\/en\/wp-json\/wp\/v2\/product_brand?post=13495"},{"taxonomy":"product_cat","embeddable":true,"href":"https:\/\/la-ptite-cerise.be\/en\/wp-json\/wp\/v2\/product_cat?post=13495"},{"taxonomy":"product_tag","embeddable":true,"href":"https:\/\/la-ptite-cerise.be\/en\/wp-json\/wp\/v2\/product_tag?post=13495"}],"curies":[{"name":"wp","href":"https:\/\/api.w.org\/{rel}","templated":true}]}}