{"id":13499,"date":"2021-02-17T14:28:36","date_gmt":"2021-02-17T13:28:36","guid":{"rendered":"https:\/\/la-ptite-cerise.be\/produit\/lapsang-souchong\/"},"modified":"2021-02-17T14:28:36","modified_gmt":"2021-02-17T13:28:36","slug":"lapsang-souchong","status":"publish","type":"product","link":"https:\/\/la-ptite-cerise.be\/en\/produit\/lapsang-souchong\/","title":{"rendered":"Lapsang Souchong"},"content":{"rendered":"<h3 class=\"\" data-start=\"1282\" data-end=\"1339\"><strong data-start=\"1291\" data-end=\"1323\">Black Tea \u2013 Lapsang Souchong<\/strong> (100 g pouch)<\/h3>\n<p class=\"\" data-start=\"1340\" data-end=\"1391\"><strong data-start=\"1340\" data-end=\"1391\">A bold, smoked black tea with deep woody notes.<\/strong><\/p>\n<p class=\"\" data-start=\"1393\" data-end=\"1615\">This traditional Lapsang Souchong is smoke-dried over wood fires, giving it its signature strong and smoky character. With an intense, full-bodied profile, it\u2019s ideal for tea lovers who enjoy bold and distinctive flavours.<\/p>\n<p class=\"\" data-start=\"1617\" data-end=\"1677\">\ud83d\udcac <em data-start=\"1620\" data-end=\"1677\">Best enjoyed plain to fully experience its smoky depth.<\/em><\/p>\n<hr class=\"\" data-start=\"1679\" data-end=\"1682\" \/>\n<h3 class=\"\" data-start=\"1684\" data-end=\"1704\">\u2705 <strong data-start=\"1690\" data-end=\"1704\">Highlights<\/strong><\/h3>\n<ul data-start=\"1705\" data-end=\"1845\">\n<li class=\"\" data-start=\"1705\" data-end=\"1759\">\n<p class=\"\" data-start=\"1707\" data-end=\"1759\">Premium blend with sustainably sourced ingredients<\/p>\n<\/li>\n<li class=\"\" data-start=\"1760\" data-end=\"1797\">\n<p class=\"\" data-start=\"1762\" data-end=\"1797\">Traditional smoke-dried black tea<\/p>\n<\/li>\n<li class=\"\" data-start=\"1798\" data-end=\"1845\">\n<p class=\"\" data-start=\"1800\" data-end=\"1845\">Deep, smoky flavour with a strong character<\/p>\n<\/li>\n<\/ul>\n<hr class=\"\" data-start=\"1847\" data-end=\"1850\" \/>\n<h3 class=\"\" data-start=\"1852\" data-end=\"1876\">\ud83e\uddfe <strong data-start=\"1859\" data-end=\"1874\">Ingredients<\/strong><\/h3>\n<p class=\"\" data-start=\"1877\" data-end=\"1966\">Smoked black tea (Lapsang Souchong)<br data-start=\"1912\" data-end=\"1915\" \/><strong data-start=\"1915\" data-end=\"1928\">Allergens<\/strong>: May contain traces of milk and nuts.<\/p>\n<hr class=\"\" data-start=\"1968\" data-end=\"1971\" \/>\n<h3 class=\"\" data-start=\"1973\" data-end=\"1997\">\ud83c\udf7d\ufe0f <strong data-start=\"1981\" data-end=\"1997\">Brewing tips<\/strong><\/h3>\n<ul data-start=\"1998\" data-end=\"2197\">\n<li class=\"\" data-start=\"1998\" data-end=\"2031\">\n<p class=\"\" data-start=\"2000\" data-end=\"2031\"><strong data-start=\"2000\" data-end=\"2021\">Water temperature<\/strong>: 100\u202f\u00b0C<\/p>\n<\/li>\n<li class=\"\" data-start=\"2032\" data-end=\"2066\">\n<p class=\"\" data-start=\"2034\" data-end=\"2066\"><strong data-start=\"2034\" data-end=\"2051\">Steeping time<\/strong>: 3\u20135 minutes<\/p>\n<\/li>\n<li class=\"\" data-start=\"2067\" data-end=\"2131\">\n<p class=\"\" data-start=\"2069\" data-end=\"2082\"><strong data-start=\"2069\" data-end=\"2081\">Quantity<\/strong>:<\/p>\n<ul data-start=\"2085\" data-end=\"2131\">\n<li class=\"\" data-start=\"2085\" data-end=\"2103\">\n<p class=\"\" data-start=\"2087\" data-end=\"2103\">3 g per 200 ml<\/p>\n<\/li>\n<li class=\"\" data-start=\"2106\" data-end=\"2131\">\n<p class=\"\" data-start=\"2108\" data-end=\"2131\"><strong data-start=\"2108\" data-end=\"2129\">12\u201315 g per litre<\/strong><\/p>\n<\/li>\n<\/ul>\n<\/li>\n<li class=\"\" data-start=\"2132\" data-end=\"2197\">\n<p class=\"\" data-start=\"2134\" data-end=\"2197\"><strong data-start=\"2134\" data-end=\"2156\">Serving suggestion<\/strong>: Enjoy plain or pair with savoury dishes<\/p>\n<\/li>\n<\/ul>\n","protected":false},"excerpt":{"rendered":"<p>Smoke-dried black tea. 100 g pouch \u2013 intense, woody and full of character.<\/p>\n","protected":false},"featured_media":13498,"template":"","meta":[],"product_brand":[],"product_cat":[143],"product_tag":[],"class_list":{"0":"post-13499","1":"product","2":"type-product","3":"status-publish","4":"has-post-thumbnail","6":"product_cat-tea","8":"first","9":"instock","10":"taxable","11":"shipping-taxable","12":"purchasable","13":"product-type-simple"},"yoast_head":"<!-- This site is optimized with the Yoast SEO plugin v25.7 - https:\/\/yoast.com\/wordpress\/plugins\/seo\/ -->\n<title>Lapsang Souchong - La P&#039;tite Cerise<\/title>\n<meta name=\"robots\" content=\"index, follow, max-snippet:-1, max-image-preview:large, max-video-preview:-1\" \/>\n<link rel=\"canonical\" href=\"https:\/\/la-ptite-cerise.be\/produit\/lapsang-souchong\/\" \/>\n<meta property=\"og:locale\" content=\"en_US\" \/>\n<meta property=\"og:type\" content=\"article\" \/>\n<meta property=\"og:title\" content=\"Lapsang Souchong - La P&#039;tite Cerise\" \/>\n<meta property=\"og:description\" content=\"Smoke-dried black tea. 100 g pouch \u2013 intense, woody and full of character.\" \/>\n<meta property=\"og:url\" content=\"https:\/\/la-ptite-cerise.be\/produit\/lapsang-souchong\/\" \/>\n<meta property=\"og:site_name\" content=\"La P&#039;tite Cerise\" \/>\n<meta property=\"article:publisher\" content=\"https:\/\/www.facebook.com\/laptitecerise\/\" \/>\n<meta property=\"og:image\" content=\"https:\/\/la-ptite-cerise.be\/wp-content\/uploads\/2021\/02\/82911_1.jpeg\" \/>\n\t<meta property=\"og:image:width\" content=\"500\" \/>\n\t<meta property=\"og:image:height\" content=\"500\" \/>\n\t<meta property=\"og:image:type\" content=\"image\/jpeg\" \/>\n<meta name=\"twitter:card\" content=\"summary_large_image\" \/>\n<meta name=\"twitter:label1\" content=\"Est. reading time\" \/>\n\t<meta name=\"twitter:data1\" content=\"1 minute\" \/>\n<script type=\"application\/ld+json\" class=\"yoast-schema-graph\">{\"@context\":\"https:\/\/schema.org\",\"@graph\":[{\"@type\":\"WebPage\",\"@id\":\"https:\/\/la-ptite-cerise.be\/produit\/lapsang-souchong\/\",\"url\":\"https:\/\/la-ptite-cerise.be\/produit\/lapsang-souchong\/\",\"name\":\"Lapsang Souchong - La P&#039;tite Cerise\",\"isPartOf\":{\"@id\":\"https:\/\/la-ptite-cerise.be\/#website\"},\"primaryImageOfPage\":{\"@id\":\"https:\/\/la-ptite-cerise.be\/produit\/lapsang-souchong\/#primaryimage\"},\"image\":{\"@id\":\"https:\/\/la-ptite-cerise.be\/produit\/lapsang-souchong\/#primaryimage\"},\"thumbnailUrl\":\"https:\/\/la-ptite-cerise.be\/wp-content\/uploads\/2021\/02\/82911_1.jpeg\",\"datePublished\":\"2021-02-17T13:28:36+00:00\",\"breadcrumb\":{\"@id\":\"https:\/\/la-ptite-cerise.be\/produit\/lapsang-souchong\/#breadcrumb\"},\"inLanguage\":\"en-US\",\"potentialAction\":[{\"@type\":\"ReadAction\",\"target\":[\"https:\/\/la-ptite-cerise.be\/produit\/lapsang-souchong\/\"]}]},{\"@type\":\"ImageObject\",\"inLanguage\":\"en-US\",\"@id\":\"https:\/\/la-ptite-cerise.be\/produit\/lapsang-souchong\/#primaryimage\",\"url\":\"https:\/\/la-ptite-cerise.be\/wp-content\/uploads\/2021\/02\/82911_1.jpeg\",\"contentUrl\":\"https:\/\/la-ptite-cerise.be\/wp-content\/uploads\/2021\/02\/82911_1.jpeg\",\"width\":500,\"height\":500},{\"@type\":\"BreadcrumbList\",\"@id\":\"https:\/\/la-ptite-cerise.be\/produit\/lapsang-souchong\/#breadcrumb\",\"itemListElement\":[{\"@type\":\"ListItem\",\"position\":1,\"name\":\"Accueil\",\"item\":\"https:\/\/la-ptite-cerise.be\/en\/\"},{\"@type\":\"ListItem\",\"position\":2,\"name\":\"Store\",\"item\":\"https:\/\/la-ptite-cerise.be\/boutique\/\"},{\"@type\":\"ListItem\",\"position\":3,\"name\":\"Lapsang Souchong\"}]},{\"@type\":\"WebSite\",\"@id\":\"https:\/\/la-ptite-cerise.be\/#website\",\"url\":\"https:\/\/la-ptite-cerise.be\/\",\"name\":\"La P'tite Cerise\",\"description\":\"Artisan torr\u00e9facteur de caf\u00e9 de sp\u00e9cialit\u00e9. S\u00e9lection de th\u00e9s &amp; tisanes.\",\"publisher\":{\"@id\":\"https:\/\/la-ptite-cerise.be\/#organization\"},\"potentialAction\":[{\"@type\":\"SearchAction\",\"target\":{\"@type\":\"EntryPoint\",\"urlTemplate\":\"https:\/\/la-ptite-cerise.be\/?s={search_term_string}\"},\"query-input\":{\"@type\":\"PropertyValueSpecification\",\"valueRequired\":true,\"valueName\":\"search_term_string\"}}],\"inLanguage\":\"en-US\"},{\"@type\":\"Organization\",\"@id\":\"https:\/\/la-ptite-cerise.be\/#organization\",\"name\":\"La P'tite Cerise\",\"url\":\"https:\/\/la-ptite-cerise.be\/\",\"logo\":{\"@type\":\"ImageObject\",\"inLanguage\":\"en-US\",\"@id\":\"https:\/\/la-ptite-cerise.be\/#\/schema\/logo\/image\/\",\"url\":\"https:\/\/la-ptite-cerise.be\/wp-content\/uploads\/2020\/10\/logo-header-01.jpg\",\"contentUrl\":\"https:\/\/la-ptite-cerise.be\/wp-content\/uploads\/2020\/10\/logo-header-01.jpg\",\"width\":176,\"height\":100,\"caption\":\"La P'tite Cerise\"},\"image\":{\"@id\":\"https:\/\/la-ptite-cerise.be\/#\/schema\/logo\/image\/\"},\"sameAs\":[\"https:\/\/www.facebook.com\/laptitecerise\/\",\"https:\/\/www.instagram.com\/la.ptite_cerise\/\"]}]}<\/script>\n<!-- \/ Yoast SEO plugin. -->","yoast_head_json":{"title":"Lapsang Souchong - La P&#039;tite Cerise","robots":{"index":"index","follow":"follow","max-snippet":"max-snippet:-1","max-image-preview":"max-image-preview:large","max-video-preview":"max-video-preview:-1"},"canonical":"https:\/\/la-ptite-cerise.be\/produit\/lapsang-souchong\/","og_locale":"en_US","og_type":"article","og_title":"Lapsang Souchong - La P&#039;tite Cerise","og_description":"Smoke-dried black tea. 100 g pouch \u2013 intense, woody and full of character.","og_url":"https:\/\/la-ptite-cerise.be\/produit\/lapsang-souchong\/","og_site_name":"La P&#039;tite Cerise","article_publisher":"https:\/\/www.facebook.com\/laptitecerise\/","og_image":[{"width":500,"height":500,"url":"https:\/\/la-ptite-cerise.be\/wp-content\/uploads\/2021\/02\/82911_1.jpeg","type":"image\/jpeg"}],"twitter_card":"summary_large_image","twitter_misc":{"Est. reading time":"1 minute"},"schema":{"@context":"https:\/\/schema.org","@graph":[{"@type":"WebPage","@id":"https:\/\/la-ptite-cerise.be\/produit\/lapsang-souchong\/","url":"https:\/\/la-ptite-cerise.be\/produit\/lapsang-souchong\/","name":"Lapsang Souchong - La P&#039;tite Cerise","isPartOf":{"@id":"https:\/\/la-ptite-cerise.be\/#website"},"primaryImageOfPage":{"@id":"https:\/\/la-ptite-cerise.be\/produit\/lapsang-souchong\/#primaryimage"},"image":{"@id":"https:\/\/la-ptite-cerise.be\/produit\/lapsang-souchong\/#primaryimage"},"thumbnailUrl":"https:\/\/la-ptite-cerise.be\/wp-content\/uploads\/2021\/02\/82911_1.jpeg","datePublished":"2021-02-17T13:28:36+00:00","breadcrumb":{"@id":"https:\/\/la-ptite-cerise.be\/produit\/lapsang-souchong\/#breadcrumb"},"inLanguage":"en-US","potentialAction":[{"@type":"ReadAction","target":["https:\/\/la-ptite-cerise.be\/produit\/lapsang-souchong\/"]}]},{"@type":"ImageObject","inLanguage":"en-US","@id":"https:\/\/la-ptite-cerise.be\/produit\/lapsang-souchong\/#primaryimage","url":"https:\/\/la-ptite-cerise.be\/wp-content\/uploads\/2021\/02\/82911_1.jpeg","contentUrl":"https:\/\/la-ptite-cerise.be\/wp-content\/uploads\/2021\/02\/82911_1.jpeg","width":500,"height":500},{"@type":"BreadcrumbList","@id":"https:\/\/la-ptite-cerise.be\/produit\/lapsang-souchong\/#breadcrumb","itemListElement":[{"@type":"ListItem","position":1,"name":"Accueil","item":"https:\/\/la-ptite-cerise.be\/en\/"},{"@type":"ListItem","position":2,"name":"Store","item":"https:\/\/la-ptite-cerise.be\/boutique\/"},{"@type":"ListItem","position":3,"name":"Lapsang Souchong"}]},{"@type":"WebSite","@id":"https:\/\/la-ptite-cerise.be\/#website","url":"https:\/\/la-ptite-cerise.be\/","name":"La P'tite Cerise","description":"Artisan torr\u00e9facteur de caf\u00e9 de sp\u00e9cialit\u00e9. S\u00e9lection de th\u00e9s &amp; tisanes.","publisher":{"@id":"https:\/\/la-ptite-cerise.be\/#organization"},"potentialAction":[{"@type":"SearchAction","target":{"@type":"EntryPoint","urlTemplate":"https:\/\/la-ptite-cerise.be\/?s={search_term_string}"},"query-input":{"@type":"PropertyValueSpecification","valueRequired":true,"valueName":"search_term_string"}}],"inLanguage":"en-US"},{"@type":"Organization","@id":"https:\/\/la-ptite-cerise.be\/#organization","name":"La P'tite Cerise","url":"https:\/\/la-ptite-cerise.be\/","logo":{"@type":"ImageObject","inLanguage":"en-US","@id":"https:\/\/la-ptite-cerise.be\/#\/schema\/logo\/image\/","url":"https:\/\/la-ptite-cerise.be\/wp-content\/uploads\/2020\/10\/logo-header-01.jpg","contentUrl":"https:\/\/la-ptite-cerise.be\/wp-content\/uploads\/2020\/10\/logo-header-01.jpg","width":176,"height":100,"caption":"La P'tite Cerise"},"image":{"@id":"https:\/\/la-ptite-cerise.be\/#\/schema\/logo\/image\/"},"sameAs":["https:\/\/www.facebook.com\/laptitecerise\/","https:\/\/www.instagram.com\/la.ptite_cerise\/"]}]}},"_links":{"self":[{"href":"https:\/\/la-ptite-cerise.be\/en\/wp-json\/wp\/v2\/product\/13499","targetHints":{"allow":["GET"]}}],"collection":[{"href":"https:\/\/la-ptite-cerise.be\/en\/wp-json\/wp\/v2\/product"}],"about":[{"href":"https:\/\/la-ptite-cerise.be\/en\/wp-json\/wp\/v2\/types\/product"}],"wp:featuredmedia":[{"embeddable":true,"href":"https:\/\/la-ptite-cerise.be\/en\/wp-json\/wp\/v2\/media\/13498"}],"wp:attachment":[{"href":"https:\/\/la-ptite-cerise.be\/en\/wp-json\/wp\/v2\/media?parent=13499"}],"wp:term":[{"taxonomy":"product_brand","embeddable":true,"href":"https:\/\/la-ptite-cerise.be\/en\/wp-json\/wp\/v2\/product_brand?post=13499"},{"taxonomy":"product_cat","embeddable":true,"href":"https:\/\/la-ptite-cerise.be\/en\/wp-json\/wp\/v2\/product_cat?post=13499"},{"taxonomy":"product_tag","embeddable":true,"href":"https:\/\/la-ptite-cerise.be\/en\/wp-json\/wp\/v2\/product_tag?post=13499"}],"curies":[{"name":"wp","href":"https:\/\/api.w.org\/{rel}","templated":true}]}}