{"id":13511,"date":"2021-01-28T13:05:07","date_gmt":"2021-01-28T12:05:07","guid":{"rendered":"https:\/\/la-ptite-cerise.be\/produit\/darjeeling-ftgfop-1-first-flush-steinthal\/"},"modified":"2021-01-28T13:05:07","modified_gmt":"2021-01-28T12:05:07","slug":"darjeeling-ftgfop-1-first-flush-steinthal","status":"publish","type":"product","link":"https:\/\/la-ptite-cerise.be\/en\/produit\/darjeeling-ftgfop-1-first-flush-steinthal\/","title":{"rendered":"Darjeeling FTGFOP 1 First Flush Steinthal"},"content":{"rendered":"<h3 class=\"\" data-start=\"1420\" data-end=\"1501\"><strong data-start=\"1429\" data-end=\"1485\">Black Tea \u2013 Darjeeling FTGFOP1 First Flush Steinthal<\/strong> (100 g pouch)<\/h3>\n<p class=\"\" data-start=\"1502\" data-end=\"1561\"><strong data-start=\"1502\" data-end=\"1561\">A refined spring harvest with floral and mineral notes.<\/strong><\/p>\n<p class=\"\" data-start=\"1563\" data-end=\"1817\">This hand-picked Darjeeling comes from the historic Steinthal garden, located at over 1,600 m altitude. Made from China variety tea bushes, it offers a light and elegant liquor with delicate floral and slightly fruity notes, reminiscent of dry champagne.<\/p>\n<p class=\"\" data-start=\"1819\" data-end=\"1886\">\ud83d\udcac <em data-start=\"1822\" data-end=\"1886\">Best enjoyed plain to savour its subtle and nuanced character.<\/em><\/p>\n<hr class=\"\" data-start=\"1888\" data-end=\"1891\" \/>\n<h3 class=\"\" data-start=\"1893\" data-end=\"1913\">\u2705 <strong data-start=\"1899\" data-end=\"1913\">Highlights<\/strong><\/h3>\n<ul data-start=\"1914\" data-end=\"2087\">\n<li class=\"\" data-start=\"1914\" data-end=\"1968\">\n<p class=\"\" data-start=\"1916\" data-end=\"1968\">Premium blend with sustainably sourced ingredients<\/p>\n<\/li>\n<li class=\"\" data-start=\"1969\" data-end=\"2034\">\n<p class=\"\" data-start=\"1971\" data-end=\"2034\">First flush Darjeeling hand-picked from high altitude gardens<\/p>\n<\/li>\n<li class=\"\" data-start=\"2035\" data-end=\"2087\">\n<p class=\"\" data-start=\"2037\" data-end=\"2087\">Floral and mineral character, delicate and fresh<\/p>\n<\/li>\n<\/ul>\n<hr class=\"\" data-start=\"2089\" data-end=\"2092\" \/>\n<h3 class=\"\" data-start=\"2094\" data-end=\"2118\">\ud83e\uddfe <strong data-start=\"2101\" data-end=\"2116\">Ingredients<\/strong><\/h3>\n<p class=\"\" data-start=\"2119\" data-end=\"2223\">Darjeeling FTGFOP1 First Flush Steinthal black tea<br data-start=\"2169\" data-end=\"2172\" \/><strong data-start=\"2172\" data-end=\"2185\">Allergens<\/strong>: May contain traces of milk and nuts.<\/p>\n<hr class=\"\" data-start=\"2225\" data-end=\"2228\" \/>\n<h3 class=\"\" data-start=\"2230\" data-end=\"2254\">\ud83c\udf7d\ufe0f <strong data-start=\"2238\" data-end=\"2254\">Brewing tips<\/strong><\/h3>\n<ul data-start=\"2255\" data-end=\"2473\">\n<li class=\"\" data-start=\"2255\" data-end=\"2290\">\n<p class=\"\" data-start=\"2257\" data-end=\"2290\"><strong data-start=\"2257\" data-end=\"2278\">Water temperature<\/strong>: 80\u201390\u202f\u00b0C<\/p>\n<\/li>\n<li class=\"\" data-start=\"2291\" data-end=\"2325\">\n<p class=\"\" data-start=\"2293\" data-end=\"2325\"><strong data-start=\"2293\" data-end=\"2310\">Steeping time<\/strong>: 2\u20133 minutes<\/p>\n<\/li>\n<li class=\"\" data-start=\"2326\" data-end=\"2390\">\n<p class=\"\" data-start=\"2328\" data-end=\"2341\"><strong data-start=\"2328\" data-end=\"2340\">Quantity<\/strong>:<\/p>\n<ul data-start=\"2344\" data-end=\"2390\">\n<li class=\"\" data-start=\"2344\" data-end=\"2362\">\n<p class=\"\" data-start=\"2346\" data-end=\"2362\">3 g per 200 ml<\/p>\n<\/li>\n<li class=\"\" data-start=\"2365\" data-end=\"2390\">\n<p class=\"\" data-start=\"2367\" data-end=\"2390\"><strong data-start=\"2367\" data-end=\"2388\">12\u201315 g per litre<\/strong><\/p>\n<\/li>\n<\/ul>\n<\/li>\n<li class=\"\" data-start=\"2391\" data-end=\"2473\">\n<p class=\"\" data-start=\"2393\" data-end=\"2473\"><strong data-start=\"2393\" data-end=\"2415\">Serving suggestion<\/strong>: Ideal for quiet afternoon sipping or refined tea tasting<\/p>\n<\/li>\n<\/ul>\n","protected":false},"excerpt":{"rendered":"<p>First flush Darjeeling black tea. 100 g pouch \u2013 elegant, floral and mineral.<\/p>\n","protected":false},"featured_media":13509,"template":"","meta":[],"product_brand":[],"product_cat":[143],"product_tag":[],"class_list":{"0":"post-13511","1":"product","2":"type-product","3":"status-publish","4":"has-post-thumbnail","6":"product_cat-tea","8":"first","9":"instock","10":"taxable","11":"shipping-taxable","12":"purchasable","13":"product-type-simple"},"yoast_head":"<!-- This site is optimized with the Yoast SEO plugin v25.7 - https:\/\/yoast.com\/wordpress\/plugins\/seo\/ -->\n<title>Darjeeling FTGFOP 1 First Flush Steinthal - La P&#039;tite Cerise<\/title>\n<meta name=\"robots\" content=\"index, follow, max-snippet:-1, max-image-preview:large, max-video-preview:-1\" \/>\n<link rel=\"canonical\" href=\"https:\/\/la-ptite-cerise.be\/produit\/darjeeling-ftgfop-1-first-flush-steinthal\/\" \/>\n<meta property=\"og:locale\" content=\"en_US\" \/>\n<meta property=\"og:type\" content=\"article\" \/>\n<meta property=\"og:title\" content=\"Darjeeling FTGFOP 1 First Flush Steinthal - La P&#039;tite Cerise\" \/>\n<meta property=\"og:description\" content=\"First flush Darjeeling black tea. 100 g pouch \u2013 elegant, floral and mineral.\" \/>\n<meta property=\"og:url\" content=\"https:\/\/la-ptite-cerise.be\/produit\/darjeeling-ftgfop-1-first-flush-steinthal\/\" \/>\n<meta property=\"og:site_name\" content=\"La P&#039;tite Cerise\" \/>\n<meta property=\"article:publisher\" content=\"https:\/\/www.facebook.com\/laptitecerise\/\" \/>\n<meta property=\"og:image\" content=\"https:\/\/la-ptite-cerise.be\/wp-content\/uploads\/2021\/01\/82738_1.jpeg\" \/>\n\t<meta property=\"og:image:width\" content=\"500\" \/>\n\t<meta property=\"og:image:height\" content=\"500\" \/>\n\t<meta property=\"og:image:type\" content=\"image\/jpeg\" \/>\n<meta name=\"twitter:card\" content=\"summary_large_image\" \/>\n<meta name=\"twitter:label1\" content=\"Est. reading time\" \/>\n\t<meta name=\"twitter:data1\" content=\"1 minute\" \/>\n<script type=\"application\/ld+json\" class=\"yoast-schema-graph\">{\"@context\":\"https:\/\/schema.org\",\"@graph\":[{\"@type\":\"WebPage\",\"@id\":\"https:\/\/la-ptite-cerise.be\/produit\/darjeeling-ftgfop-1-first-flush-steinthal\/\",\"url\":\"https:\/\/la-ptite-cerise.be\/produit\/darjeeling-ftgfop-1-first-flush-steinthal\/\",\"name\":\"Darjeeling FTGFOP 1 First Flush Steinthal - La P&#039;tite Cerise\",\"isPartOf\":{\"@id\":\"https:\/\/la-ptite-cerise.be\/#website\"},\"primaryImageOfPage\":{\"@id\":\"https:\/\/la-ptite-cerise.be\/produit\/darjeeling-ftgfop-1-first-flush-steinthal\/#primaryimage\"},\"image\":{\"@id\":\"https:\/\/la-ptite-cerise.be\/produit\/darjeeling-ftgfop-1-first-flush-steinthal\/#primaryimage\"},\"thumbnailUrl\":\"https:\/\/la-ptite-cerise.be\/wp-content\/uploads\/2021\/01\/82738_1.jpeg\",\"datePublished\":\"2021-01-28T12:05:07+00:00\",\"breadcrumb\":{\"@id\":\"https:\/\/la-ptite-cerise.be\/produit\/darjeeling-ftgfop-1-first-flush-steinthal\/#breadcrumb\"},\"inLanguage\":\"en-US\",\"potentialAction\":[{\"@type\":\"ReadAction\",\"target\":[\"https:\/\/la-ptite-cerise.be\/produit\/darjeeling-ftgfop-1-first-flush-steinthal\/\"]}]},{\"@type\":\"ImageObject\",\"inLanguage\":\"en-US\",\"@id\":\"https:\/\/la-ptite-cerise.be\/produit\/darjeeling-ftgfop-1-first-flush-steinthal\/#primaryimage\",\"url\":\"https:\/\/la-ptite-cerise.be\/wp-content\/uploads\/2021\/01\/82738_1.jpeg\",\"contentUrl\":\"https:\/\/la-ptite-cerise.be\/wp-content\/uploads\/2021\/01\/82738_1.jpeg\",\"width\":500,\"height\":500},{\"@type\":\"BreadcrumbList\",\"@id\":\"https:\/\/la-ptite-cerise.be\/produit\/darjeeling-ftgfop-1-first-flush-steinthal\/#breadcrumb\",\"itemListElement\":[{\"@type\":\"ListItem\",\"position\":1,\"name\":\"Accueil\",\"item\":\"https:\/\/la-ptite-cerise.be\/en\/\"},{\"@type\":\"ListItem\",\"position\":2,\"name\":\"Store\",\"item\":\"https:\/\/la-ptite-cerise.be\/boutique\/\"},{\"@type\":\"ListItem\",\"position\":3,\"name\":\"Darjeeling FTGFOP 1 First Flush Steinthal\"}]},{\"@type\":\"WebSite\",\"@id\":\"https:\/\/la-ptite-cerise.be\/#website\",\"url\":\"https:\/\/la-ptite-cerise.be\/\",\"name\":\"La P'tite Cerise\",\"description\":\"Artisan torr\u00e9facteur de caf\u00e9 de sp\u00e9cialit\u00e9. S\u00e9lection de th\u00e9s &amp; tisanes.\",\"publisher\":{\"@id\":\"https:\/\/la-ptite-cerise.be\/#organization\"},\"potentialAction\":[{\"@type\":\"SearchAction\",\"target\":{\"@type\":\"EntryPoint\",\"urlTemplate\":\"https:\/\/la-ptite-cerise.be\/?s={search_term_string}\"},\"query-input\":{\"@type\":\"PropertyValueSpecification\",\"valueRequired\":true,\"valueName\":\"search_term_string\"}}],\"inLanguage\":\"en-US\"},{\"@type\":\"Organization\",\"@id\":\"https:\/\/la-ptite-cerise.be\/#organization\",\"name\":\"La P'tite Cerise\",\"url\":\"https:\/\/la-ptite-cerise.be\/\",\"logo\":{\"@type\":\"ImageObject\",\"inLanguage\":\"en-US\",\"@id\":\"https:\/\/la-ptite-cerise.be\/#\/schema\/logo\/image\/\",\"url\":\"https:\/\/la-ptite-cerise.be\/wp-content\/uploads\/2020\/10\/logo-header-01.jpg\",\"contentUrl\":\"https:\/\/la-ptite-cerise.be\/wp-content\/uploads\/2020\/10\/logo-header-01.jpg\",\"width\":176,\"height\":100,\"caption\":\"La P'tite Cerise\"},\"image\":{\"@id\":\"https:\/\/la-ptite-cerise.be\/#\/schema\/logo\/image\/\"},\"sameAs\":[\"https:\/\/www.facebook.com\/laptitecerise\/\",\"https:\/\/www.instagram.com\/la.ptite_cerise\/\"]}]}<\/script>\n<!-- \/ Yoast SEO plugin. -->","yoast_head_json":{"title":"Darjeeling FTGFOP 1 First Flush Steinthal - La P&#039;tite Cerise","robots":{"index":"index","follow":"follow","max-snippet":"max-snippet:-1","max-image-preview":"max-image-preview:large","max-video-preview":"max-video-preview:-1"},"canonical":"https:\/\/la-ptite-cerise.be\/produit\/darjeeling-ftgfop-1-first-flush-steinthal\/","og_locale":"en_US","og_type":"article","og_title":"Darjeeling FTGFOP 1 First Flush Steinthal - La P&#039;tite Cerise","og_description":"First flush Darjeeling black tea. 100 g pouch \u2013 elegant, floral and mineral.","og_url":"https:\/\/la-ptite-cerise.be\/produit\/darjeeling-ftgfop-1-first-flush-steinthal\/","og_site_name":"La P&#039;tite Cerise","article_publisher":"https:\/\/www.facebook.com\/laptitecerise\/","og_image":[{"width":500,"height":500,"url":"https:\/\/la-ptite-cerise.be\/wp-content\/uploads\/2021\/01\/82738_1.jpeg","type":"image\/jpeg"}],"twitter_card":"summary_large_image","twitter_misc":{"Est. reading time":"1 minute"},"schema":{"@context":"https:\/\/schema.org","@graph":[{"@type":"WebPage","@id":"https:\/\/la-ptite-cerise.be\/produit\/darjeeling-ftgfop-1-first-flush-steinthal\/","url":"https:\/\/la-ptite-cerise.be\/produit\/darjeeling-ftgfop-1-first-flush-steinthal\/","name":"Darjeeling FTGFOP 1 First Flush Steinthal - La P&#039;tite Cerise","isPartOf":{"@id":"https:\/\/la-ptite-cerise.be\/#website"},"primaryImageOfPage":{"@id":"https:\/\/la-ptite-cerise.be\/produit\/darjeeling-ftgfop-1-first-flush-steinthal\/#primaryimage"},"image":{"@id":"https:\/\/la-ptite-cerise.be\/produit\/darjeeling-ftgfop-1-first-flush-steinthal\/#primaryimage"},"thumbnailUrl":"https:\/\/la-ptite-cerise.be\/wp-content\/uploads\/2021\/01\/82738_1.jpeg","datePublished":"2021-01-28T12:05:07+00:00","breadcrumb":{"@id":"https:\/\/la-ptite-cerise.be\/produit\/darjeeling-ftgfop-1-first-flush-steinthal\/#breadcrumb"},"inLanguage":"en-US","potentialAction":[{"@type":"ReadAction","target":["https:\/\/la-ptite-cerise.be\/produit\/darjeeling-ftgfop-1-first-flush-steinthal\/"]}]},{"@type":"ImageObject","inLanguage":"en-US","@id":"https:\/\/la-ptite-cerise.be\/produit\/darjeeling-ftgfop-1-first-flush-steinthal\/#primaryimage","url":"https:\/\/la-ptite-cerise.be\/wp-content\/uploads\/2021\/01\/82738_1.jpeg","contentUrl":"https:\/\/la-ptite-cerise.be\/wp-content\/uploads\/2021\/01\/82738_1.jpeg","width":500,"height":500},{"@type":"BreadcrumbList","@id":"https:\/\/la-ptite-cerise.be\/produit\/darjeeling-ftgfop-1-first-flush-steinthal\/#breadcrumb","itemListElement":[{"@type":"ListItem","position":1,"name":"Accueil","item":"https:\/\/la-ptite-cerise.be\/en\/"},{"@type":"ListItem","position":2,"name":"Store","item":"https:\/\/la-ptite-cerise.be\/boutique\/"},{"@type":"ListItem","position":3,"name":"Darjeeling FTGFOP 1 First Flush Steinthal"}]},{"@type":"WebSite","@id":"https:\/\/la-ptite-cerise.be\/#website","url":"https:\/\/la-ptite-cerise.be\/","name":"La P'tite Cerise","description":"Artisan torr\u00e9facteur de caf\u00e9 de sp\u00e9cialit\u00e9. S\u00e9lection de th\u00e9s &amp; tisanes.","publisher":{"@id":"https:\/\/la-ptite-cerise.be\/#organization"},"potentialAction":[{"@type":"SearchAction","target":{"@type":"EntryPoint","urlTemplate":"https:\/\/la-ptite-cerise.be\/?s={search_term_string}"},"query-input":{"@type":"PropertyValueSpecification","valueRequired":true,"valueName":"search_term_string"}}],"inLanguage":"en-US"},{"@type":"Organization","@id":"https:\/\/la-ptite-cerise.be\/#organization","name":"La P'tite Cerise","url":"https:\/\/la-ptite-cerise.be\/","logo":{"@type":"ImageObject","inLanguage":"en-US","@id":"https:\/\/la-ptite-cerise.be\/#\/schema\/logo\/image\/","url":"https:\/\/la-ptite-cerise.be\/wp-content\/uploads\/2020\/10\/logo-header-01.jpg","contentUrl":"https:\/\/la-ptite-cerise.be\/wp-content\/uploads\/2020\/10\/logo-header-01.jpg","width":176,"height":100,"caption":"La P'tite Cerise"},"image":{"@id":"https:\/\/la-ptite-cerise.be\/#\/schema\/logo\/image\/"},"sameAs":["https:\/\/www.facebook.com\/laptitecerise\/","https:\/\/www.instagram.com\/la.ptite_cerise\/"]}]}},"_links":{"self":[{"href":"https:\/\/la-ptite-cerise.be\/en\/wp-json\/wp\/v2\/product\/13511","targetHints":{"allow":["GET"]}}],"collection":[{"href":"https:\/\/la-ptite-cerise.be\/en\/wp-json\/wp\/v2\/product"}],"about":[{"href":"https:\/\/la-ptite-cerise.be\/en\/wp-json\/wp\/v2\/types\/product"}],"wp:featuredmedia":[{"embeddable":true,"href":"https:\/\/la-ptite-cerise.be\/en\/wp-json\/wp\/v2\/media\/13509"}],"wp:attachment":[{"href":"https:\/\/la-ptite-cerise.be\/en\/wp-json\/wp\/v2\/media?parent=13511"}],"wp:term":[{"taxonomy":"product_brand","embeddable":true,"href":"https:\/\/la-ptite-cerise.be\/en\/wp-json\/wp\/v2\/product_brand?post=13511"},{"taxonomy":"product_cat","embeddable":true,"href":"https:\/\/la-ptite-cerise.be\/en\/wp-json\/wp\/v2\/product_cat?post=13511"},{"taxonomy":"product_tag","embeddable":true,"href":"https:\/\/la-ptite-cerise.be\/en\/wp-json\/wp\/v2\/product_tag?post=13511"}],"curies":[{"name":"wp","href":"https:\/\/api.w.org\/{rel}","templated":true}]}}