{"id":13517,"date":"2021-01-02T10:28:50","date_gmt":"2021-01-02T09:28:50","guid":{"rendered":"https:\/\/la-ptite-cerise.be\/produit\/golden-yunnan-gfop\/"},"modified":"2021-01-02T10:28:50","modified_gmt":"2021-01-02T09:28:50","slug":"golden-yunnan-gfop","status":"publish","type":"product","link":"https:\/\/la-ptite-cerise.be\/en\/produit\/golden-yunnan-gfop\/","title":{"rendered":"Golden Yunnan GFOP"},"content":{"rendered":"<h3 class=\"\" data-start=\"1314\" data-end=\"1373\"><strong data-start=\"1323\" data-end=\"1357\">Black Tea \u2013 Golden Yunnan GFOP<\/strong> (100 g pouch)<\/h3>\n<p class=\"\" data-start=\"1374\" data-end=\"1437\"><strong data-start=\"1374\" data-end=\"1437\">A full-bodied Chinese black tea with malty and woody notes.<\/strong><\/p>\n<p class=\"\" data-start=\"1439\" data-end=\"1664\">Grown in Yunnan, one of China\u2019s oldest tea-growing regions, this GFOP-grade tea offers a rich, amber liquor with hints of malt, wood and a touch of spice. The carefully picked golden tips lend depth and smoothness to the cup.<\/p>\n<p class=\"\" data-start=\"1666\" data-end=\"1724\">\ud83d\udcac <em data-start=\"1669\" data-end=\"1724\">Enjoy plain for a deep and comforting tea experience.<\/em><\/p>\n<hr class=\"\" data-start=\"1726\" data-end=\"1729\" \/>\n<h3 class=\"\" data-start=\"1731\" data-end=\"1751\">\u2705 <strong data-start=\"1737\" data-end=\"1751\">Highlights<\/strong><\/h3>\n<ul data-start=\"1752\" data-end=\"1901\">\n<li class=\"\" data-start=\"1752\" data-end=\"1806\">\n<p class=\"\" data-start=\"1754\" data-end=\"1806\">Premium blend with sustainably sourced ingredients<\/p>\n<\/li>\n<li class=\"\" data-start=\"1807\" data-end=\"1856\">\n<p class=\"\" data-start=\"1809\" data-end=\"1856\">Chinese black tea with GFOP-grade golden tips<\/p>\n<\/li>\n<li class=\"\" data-start=\"1857\" data-end=\"1901\">\n<p class=\"\" data-start=\"1859\" data-end=\"1901\">Malty, woody, and slightly spicy profile<\/p>\n<\/li>\n<\/ul>\n<hr class=\"\" data-start=\"1903\" data-end=\"1906\" \/>\n<h3 class=\"\" data-start=\"1908\" data-end=\"1932\">\ud83e\uddfe <strong data-start=\"1915\" data-end=\"1930\">Ingredients<\/strong><\/h3>\n<p class=\"\" data-start=\"1933\" data-end=\"2015\">Golden Yunnan GFOP black tea<br data-start=\"1961\" data-end=\"1964\" \/><strong data-start=\"1964\" data-end=\"1977\">Allergens<\/strong>: May contain traces of milk and nuts.<\/p>\n<hr class=\"\" data-start=\"2017\" data-end=\"2020\" \/>\n<h3 class=\"\" data-start=\"2022\" data-end=\"2046\">\ud83c\udf7d\ufe0f <strong data-start=\"2030\" data-end=\"2046\">Brewing tips<\/strong><\/h3>\n<ul data-start=\"2047\" data-end=\"2255\">\n<li class=\"\" data-start=\"2047\" data-end=\"2080\">\n<p class=\"\" data-start=\"2049\" data-end=\"2080\"><strong data-start=\"2049\" data-end=\"2070\">Water temperature<\/strong>: 100\u202f\u00b0C<\/p>\n<\/li>\n<li class=\"\" data-start=\"2081\" data-end=\"2115\">\n<p class=\"\" data-start=\"2083\" data-end=\"2115\"><strong data-start=\"2083\" data-end=\"2100\">Steeping time<\/strong>: 3\u20135 minutes<\/p>\n<\/li>\n<li class=\"\" data-start=\"2116\" data-end=\"2180\">\n<p class=\"\" data-start=\"2118\" data-end=\"2131\"><strong data-start=\"2118\" data-end=\"2130\">Quantity<\/strong>:<\/p>\n<ul data-start=\"2134\" data-end=\"2180\">\n<li class=\"\" data-start=\"2134\" data-end=\"2152\">\n<p class=\"\" data-start=\"2136\" data-end=\"2152\">3 g per 200 ml<\/p>\n<\/li>\n<li class=\"\" data-start=\"2155\" data-end=\"2180\">\n<p class=\"\" data-start=\"2157\" data-end=\"2180\"><strong data-start=\"2157\" data-end=\"2178\">12\u201315 g per litre<\/strong><\/p>\n<\/li>\n<\/ul>\n<\/li>\n<li class=\"\" data-start=\"2181\" data-end=\"2255\">\n<p class=\"\" data-start=\"2183\" data-end=\"2255\"><strong data-start=\"2183\" data-end=\"2205\">Serving suggestion<\/strong>: best enjoyed hot, plain or with a splash of milk<\/p>\n<\/li>\n<\/ul>\n","protected":false},"excerpt":{"rendered":"<p class=\"\" data-start=\"2430\" data-end=\"2510\">Chinese black tea with malty notes. 100 g pouch \u2013 warm, full-bodied and refined.<\/p>\n","protected":false},"featured_media":10916,"template":"","meta":[],"product_brand":[],"product_cat":[143],"product_tag":[],"class_list":{"0":"post-13517","1":"product","2":"type-product","3":"status-publish","4":"has-post-thumbnail","6":"product_cat-tea","8":"first","9":"instock","10":"taxable","11":"shipping-taxable","12":"purchasable","13":"product-type-simple"},"yoast_head":"<!-- This site is optimized with the Yoast SEO plugin v25.7 - https:\/\/yoast.com\/wordpress\/plugins\/seo\/ -->\n<title>Golden Yunnan GFOP - La P&#039;tite Cerise<\/title>\n<meta name=\"robots\" content=\"index, follow, max-snippet:-1, max-image-preview:large, max-video-preview:-1\" \/>\n<link rel=\"canonical\" href=\"https:\/\/la-ptite-cerise.be\/produit\/golden-yunnan-gfop\/\" \/>\n<meta property=\"og:locale\" content=\"en_US\" \/>\n<meta property=\"og:type\" content=\"article\" \/>\n<meta property=\"og:title\" content=\"Golden Yunnan GFOP - La P&#039;tite Cerise\" \/>\n<meta property=\"og:description\" content=\"Chinese black tea with malty notes. 100 g pouch \u2013 warm, full-bodied and refined.\" \/>\n<meta property=\"og:url\" content=\"https:\/\/la-ptite-cerise.be\/produit\/golden-yunnan-gfop\/\" \/>\n<meta property=\"og:site_name\" content=\"La P&#039;tite Cerise\" \/>\n<meta property=\"article:publisher\" content=\"https:\/\/www.facebook.com\/laptitecerise\/\" \/>\n<meta property=\"og:image\" content=\"https:\/\/la-ptite-cerise.be\/wp-content\/uploads\/2021\/01\/82504_4339_82504_Golden-Yunnan-GFOP-ORGANIC_1-e1685703028728.jpg\" \/>\n\t<meta property=\"og:image:width\" content=\"500\" \/>\n\t<meta property=\"og:image:height\" content=\"500\" \/>\n\t<meta property=\"og:image:type\" content=\"image\/jpeg\" \/>\n<meta name=\"twitter:card\" content=\"summary_large_image\" \/>\n<meta name=\"twitter:label1\" content=\"Est. reading time\" \/>\n\t<meta name=\"twitter:data1\" content=\"1 minute\" \/>\n<script type=\"application\/ld+json\" class=\"yoast-schema-graph\">{\"@context\":\"https:\/\/schema.org\",\"@graph\":[{\"@type\":\"WebPage\",\"@id\":\"https:\/\/la-ptite-cerise.be\/produit\/golden-yunnan-gfop\/\",\"url\":\"https:\/\/la-ptite-cerise.be\/produit\/golden-yunnan-gfop\/\",\"name\":\"Golden Yunnan GFOP - La P&#039;tite Cerise\",\"isPartOf\":{\"@id\":\"https:\/\/la-ptite-cerise.be\/#website\"},\"primaryImageOfPage\":{\"@id\":\"https:\/\/la-ptite-cerise.be\/produit\/golden-yunnan-gfop\/#primaryimage\"},\"image\":{\"@id\":\"https:\/\/la-ptite-cerise.be\/produit\/golden-yunnan-gfop\/#primaryimage\"},\"thumbnailUrl\":\"https:\/\/la-ptite-cerise.be\/wp-content\/uploads\/2021\/01\/82504_4339_82504_Golden-Yunnan-GFOP-ORGANIC_1-e1685703028728.jpg\",\"datePublished\":\"2021-01-02T09:28:50+00:00\",\"breadcrumb\":{\"@id\":\"https:\/\/la-ptite-cerise.be\/produit\/golden-yunnan-gfop\/#breadcrumb\"},\"inLanguage\":\"en-US\",\"potentialAction\":[{\"@type\":\"ReadAction\",\"target\":[\"https:\/\/la-ptite-cerise.be\/produit\/golden-yunnan-gfop\/\"]}]},{\"@type\":\"ImageObject\",\"inLanguage\":\"en-US\",\"@id\":\"https:\/\/la-ptite-cerise.be\/produit\/golden-yunnan-gfop\/#primaryimage\",\"url\":\"https:\/\/la-ptite-cerise.be\/wp-content\/uploads\/2021\/01\/82504_4339_82504_Golden-Yunnan-GFOP-ORGANIC_1-e1685703028728.jpg\",\"contentUrl\":\"https:\/\/la-ptite-cerise.be\/wp-content\/uploads\/2021\/01\/82504_4339_82504_Golden-Yunnan-GFOP-ORGANIC_1-e1685703028728.jpg\",\"width\":500,\"height\":500},{\"@type\":\"BreadcrumbList\",\"@id\":\"https:\/\/la-ptite-cerise.be\/produit\/golden-yunnan-gfop\/#breadcrumb\",\"itemListElement\":[{\"@type\":\"ListItem\",\"position\":1,\"name\":\"Accueil\",\"item\":\"https:\/\/la-ptite-cerise.be\/en\/\"},{\"@type\":\"ListItem\",\"position\":2,\"name\":\"Store\",\"item\":\"https:\/\/la-ptite-cerise.be\/boutique\/\"},{\"@type\":\"ListItem\",\"position\":3,\"name\":\"Golden Yunnan GFOP\"}]},{\"@type\":\"WebSite\",\"@id\":\"https:\/\/la-ptite-cerise.be\/#website\",\"url\":\"https:\/\/la-ptite-cerise.be\/\",\"name\":\"La P'tite Cerise\",\"description\":\"Artisan torr\u00e9facteur de caf\u00e9 de sp\u00e9cialit\u00e9. S\u00e9lection de th\u00e9s &amp; tisanes.\",\"publisher\":{\"@id\":\"https:\/\/la-ptite-cerise.be\/#organization\"},\"potentialAction\":[{\"@type\":\"SearchAction\",\"target\":{\"@type\":\"EntryPoint\",\"urlTemplate\":\"https:\/\/la-ptite-cerise.be\/?s={search_term_string}\"},\"query-input\":{\"@type\":\"PropertyValueSpecification\",\"valueRequired\":true,\"valueName\":\"search_term_string\"}}],\"inLanguage\":\"en-US\"},{\"@type\":\"Organization\",\"@id\":\"https:\/\/la-ptite-cerise.be\/#organization\",\"name\":\"La P'tite Cerise\",\"url\":\"https:\/\/la-ptite-cerise.be\/\",\"logo\":{\"@type\":\"ImageObject\",\"inLanguage\":\"en-US\",\"@id\":\"https:\/\/la-ptite-cerise.be\/#\/schema\/logo\/image\/\",\"url\":\"https:\/\/la-ptite-cerise.be\/wp-content\/uploads\/2020\/10\/logo-header-01.jpg\",\"contentUrl\":\"https:\/\/la-ptite-cerise.be\/wp-content\/uploads\/2020\/10\/logo-header-01.jpg\",\"width\":176,\"height\":100,\"caption\":\"La P'tite Cerise\"},\"image\":{\"@id\":\"https:\/\/la-ptite-cerise.be\/#\/schema\/logo\/image\/\"},\"sameAs\":[\"https:\/\/www.facebook.com\/laptitecerise\/\",\"https:\/\/www.instagram.com\/la.ptite_cerise\/\"]}]}<\/script>\n<!-- \/ Yoast SEO plugin. -->","yoast_head_json":{"title":"Golden Yunnan GFOP - La P&#039;tite Cerise","robots":{"index":"index","follow":"follow","max-snippet":"max-snippet:-1","max-image-preview":"max-image-preview:large","max-video-preview":"max-video-preview:-1"},"canonical":"https:\/\/la-ptite-cerise.be\/produit\/golden-yunnan-gfop\/","og_locale":"en_US","og_type":"article","og_title":"Golden Yunnan GFOP - La P&#039;tite Cerise","og_description":"Chinese black tea with malty notes. 100 g pouch \u2013 warm, full-bodied and refined.","og_url":"https:\/\/la-ptite-cerise.be\/produit\/golden-yunnan-gfop\/","og_site_name":"La P&#039;tite Cerise","article_publisher":"https:\/\/www.facebook.com\/laptitecerise\/","og_image":[{"width":500,"height":500,"url":"https:\/\/la-ptite-cerise.be\/wp-content\/uploads\/2021\/01\/82504_4339_82504_Golden-Yunnan-GFOP-ORGANIC_1-e1685703028728.jpg","type":"image\/jpeg"}],"twitter_card":"summary_large_image","twitter_misc":{"Est. reading time":"1 minute"},"schema":{"@context":"https:\/\/schema.org","@graph":[{"@type":"WebPage","@id":"https:\/\/la-ptite-cerise.be\/produit\/golden-yunnan-gfop\/","url":"https:\/\/la-ptite-cerise.be\/produit\/golden-yunnan-gfop\/","name":"Golden Yunnan GFOP - La P&#039;tite Cerise","isPartOf":{"@id":"https:\/\/la-ptite-cerise.be\/#website"},"primaryImageOfPage":{"@id":"https:\/\/la-ptite-cerise.be\/produit\/golden-yunnan-gfop\/#primaryimage"},"image":{"@id":"https:\/\/la-ptite-cerise.be\/produit\/golden-yunnan-gfop\/#primaryimage"},"thumbnailUrl":"https:\/\/la-ptite-cerise.be\/wp-content\/uploads\/2021\/01\/82504_4339_82504_Golden-Yunnan-GFOP-ORGANIC_1-e1685703028728.jpg","datePublished":"2021-01-02T09:28:50+00:00","breadcrumb":{"@id":"https:\/\/la-ptite-cerise.be\/produit\/golden-yunnan-gfop\/#breadcrumb"},"inLanguage":"en-US","potentialAction":[{"@type":"ReadAction","target":["https:\/\/la-ptite-cerise.be\/produit\/golden-yunnan-gfop\/"]}]},{"@type":"ImageObject","inLanguage":"en-US","@id":"https:\/\/la-ptite-cerise.be\/produit\/golden-yunnan-gfop\/#primaryimage","url":"https:\/\/la-ptite-cerise.be\/wp-content\/uploads\/2021\/01\/82504_4339_82504_Golden-Yunnan-GFOP-ORGANIC_1-e1685703028728.jpg","contentUrl":"https:\/\/la-ptite-cerise.be\/wp-content\/uploads\/2021\/01\/82504_4339_82504_Golden-Yunnan-GFOP-ORGANIC_1-e1685703028728.jpg","width":500,"height":500},{"@type":"BreadcrumbList","@id":"https:\/\/la-ptite-cerise.be\/produit\/golden-yunnan-gfop\/#breadcrumb","itemListElement":[{"@type":"ListItem","position":1,"name":"Accueil","item":"https:\/\/la-ptite-cerise.be\/en\/"},{"@type":"ListItem","position":2,"name":"Store","item":"https:\/\/la-ptite-cerise.be\/boutique\/"},{"@type":"ListItem","position":3,"name":"Golden Yunnan GFOP"}]},{"@type":"WebSite","@id":"https:\/\/la-ptite-cerise.be\/#website","url":"https:\/\/la-ptite-cerise.be\/","name":"La P'tite Cerise","description":"Artisan torr\u00e9facteur de caf\u00e9 de sp\u00e9cialit\u00e9. S\u00e9lection de th\u00e9s &amp; tisanes.","publisher":{"@id":"https:\/\/la-ptite-cerise.be\/#organization"},"potentialAction":[{"@type":"SearchAction","target":{"@type":"EntryPoint","urlTemplate":"https:\/\/la-ptite-cerise.be\/?s={search_term_string}"},"query-input":{"@type":"PropertyValueSpecification","valueRequired":true,"valueName":"search_term_string"}}],"inLanguage":"en-US"},{"@type":"Organization","@id":"https:\/\/la-ptite-cerise.be\/#organization","name":"La P'tite Cerise","url":"https:\/\/la-ptite-cerise.be\/","logo":{"@type":"ImageObject","inLanguage":"en-US","@id":"https:\/\/la-ptite-cerise.be\/#\/schema\/logo\/image\/","url":"https:\/\/la-ptite-cerise.be\/wp-content\/uploads\/2020\/10\/logo-header-01.jpg","contentUrl":"https:\/\/la-ptite-cerise.be\/wp-content\/uploads\/2020\/10\/logo-header-01.jpg","width":176,"height":100,"caption":"La P'tite Cerise"},"image":{"@id":"https:\/\/la-ptite-cerise.be\/#\/schema\/logo\/image\/"},"sameAs":["https:\/\/www.facebook.com\/laptitecerise\/","https:\/\/www.instagram.com\/la.ptite_cerise\/"]}]}},"_links":{"self":[{"href":"https:\/\/la-ptite-cerise.be\/en\/wp-json\/wp\/v2\/product\/13517","targetHints":{"allow":["GET"]}}],"collection":[{"href":"https:\/\/la-ptite-cerise.be\/en\/wp-json\/wp\/v2\/product"}],"about":[{"href":"https:\/\/la-ptite-cerise.be\/en\/wp-json\/wp\/v2\/types\/product"}],"wp:featuredmedia":[{"embeddable":true,"href":"https:\/\/la-ptite-cerise.be\/en\/wp-json\/wp\/v2\/media\/10916"}],"wp:attachment":[{"href":"https:\/\/la-ptite-cerise.be\/en\/wp-json\/wp\/v2\/media?parent=13517"}],"wp:term":[{"taxonomy":"product_brand","embeddable":true,"href":"https:\/\/la-ptite-cerise.be\/en\/wp-json\/wp\/v2\/product_brand?post=13517"},{"taxonomy":"product_cat","embeddable":true,"href":"https:\/\/la-ptite-cerise.be\/en\/wp-json\/wp\/v2\/product_cat?post=13517"},{"taxonomy":"product_tag","embeddable":true,"href":"https:\/\/la-ptite-cerise.be\/en\/wp-json\/wp\/v2\/product_tag?post=13517"}],"curies":[{"name":"wp","href":"https:\/\/api.w.org\/{rel}","templated":true}]}}