{"id":13521,"date":"2020-12-30T12:00:46","date_gmt":"2020-12-30T11:00:46","guid":{"rendered":"https:\/\/la-ptite-cerise.be\/produit\/sweet-spirit\/"},"modified":"2020-12-30T12:00:46","modified_gmt":"2020-12-30T11:00:46","slug":"sweet-spirit","status":"publish","type":"product","link":"https:\/\/la-ptite-cerise.be\/en\/produit\/sweet-spirit\/","title":{"rendered":"Sweet Spirit"},"content":{"rendered":"<h3 class=\"\" data-start=\"1575\" data-end=\"1634\"><strong data-start=\"1584\" data-end=\"1618\">Herbal Infusion \u2013 Sweet Spirit<\/strong> (100 g pouch)<\/h3>\n<p class=\"\" data-start=\"1635\" data-end=\"1699\"><strong data-start=\"1635\" data-end=\"1699\">A fruity and floral infusion with notes of peach and papaya.<\/strong><\/p>\n<p class=\"\" data-start=\"1701\" data-end=\"1982\">This indulgent blend combines the sweetness of apple and date with the exotic flavours of papaya and banana. Lemongrass and ginger add a refreshing twist, while lavender and goji berries provide a soft floral finish. A naturally caffeine-free infusion for a sweet, soothing moment.<\/p>\n<p class=\"\" data-start=\"1984\" data-end=\"2043\">\ud83d\udcac <em data-start=\"1987\" data-end=\"2043\">Enjoy hot or iced, for a comforting and fruity escape.<\/em><\/p>\n<hr class=\"\" data-start=\"2045\" data-end=\"2048\" \/>\n<h3 class=\"\" data-start=\"2050\" data-end=\"2070\">\u2705 <strong data-start=\"2056\" data-end=\"2070\">Highlights<\/strong><\/h3>\n<ul data-start=\"2071\" data-end=\"2263\">\n<li class=\"\" data-start=\"2071\" data-end=\"2154\">\n<p class=\"\" data-start=\"2073\" data-end=\"2154\">Premium blend made with sustainably sourced ingredients and natural flavourings<\/p>\n<\/li>\n<li class=\"\" data-start=\"2155\" data-end=\"2202\">\n<p class=\"\" data-start=\"2157\" data-end=\"2202\">Caffeine-free, suitable for any time of day<\/p>\n<\/li>\n<li class=\"\" data-start=\"2203\" data-end=\"2263\">\n<p class=\"\" data-start=\"2205\" data-end=\"2263\">A fruity and floral profile with a gentle touch of spice<\/p>\n<\/li>\n<\/ul>\n<hr class=\"\" data-start=\"2265\" data-end=\"2268\" \/>\n<h3 class=\"\" data-start=\"2270\" data-end=\"2294\">\ud83e\uddfe <strong data-start=\"2277\" data-end=\"2292\">Ingredients<\/strong><\/h3>\n<p class=\"\" data-start=\"2295\" data-end=\"2530\">Apple, date (date, rice flour), lemongrass, banana (banana, coconut oil, cane sugar, honey), raisin (raisin, vegetable oil), ginger, carrot, natural flavouring, goji berry, lavender<br data-start=\"2476\" data-end=\"2479\" \/><strong data-start=\"2479\" data-end=\"2492\">Allergens<\/strong>: May contain traces of milk and nuts.<\/p>\n<hr class=\"\" data-start=\"2532\" data-end=\"2535\" \/>\n<h3 class=\"\" data-start=\"2537\" data-end=\"2561\">\ud83c\udf7d\ufe0f <strong data-start=\"2545\" data-end=\"2561\">Brewing tips<\/strong><\/h3>\n<ul data-start=\"2562\" data-end=\"2786\">\n<li class=\"\" data-start=\"2562\" data-end=\"2595\">\n<p class=\"\" data-start=\"2564\" data-end=\"2595\"><strong data-start=\"2564\" data-end=\"2585\">Water temperature<\/strong>: 100\u202f\u00b0C<\/p>\n<\/li>\n<li class=\"\" data-start=\"2596\" data-end=\"2631\">\n<p class=\"\" data-start=\"2598\" data-end=\"2631\"><strong data-start=\"2598\" data-end=\"2615\">Steeping time<\/strong>: 7\u201310 minutes<\/p>\n<\/li>\n<li class=\"\" data-start=\"2632\" data-end=\"2696\">\n<p class=\"\" data-start=\"2634\" data-end=\"2647\"><strong data-start=\"2634\" data-end=\"2646\">Quantity<\/strong>:<\/p>\n<ul data-start=\"2650\" data-end=\"2696\">\n<li class=\"\" data-start=\"2650\" data-end=\"2668\">\n<p class=\"\" data-start=\"2652\" data-end=\"2668\">3 g per 200 ml<\/p>\n<\/li>\n<li class=\"\" data-start=\"2671\" data-end=\"2696\">\n<p class=\"\" data-start=\"2673\" data-end=\"2696\"><strong data-start=\"2673\" data-end=\"2694\">12\u201315 g per litre<\/strong><\/p>\n<\/li>\n<\/ul>\n<\/li>\n<li class=\"\" data-start=\"2697\" data-end=\"2786\">\n<p class=\"\" data-start=\"2699\" data-end=\"2786\"><strong data-start=\"2699\" data-end=\"2721\">Serving suggestion<\/strong>: Try it iced with fresh fruit for a deliciously exotic tea break<\/p>\n<\/li>\n<\/ul>\n","protected":false},"excerpt":{"rendered":"<p>Fruity infusion with peach and papaya notes. 100 g pouch \u2013 a sweet, exotic, caffeine-free treat.<\/p>\n","protected":false},"featured_media":13519,"template":"","meta":[],"product_brand":[],"product_cat":[143],"product_tag":[],"class_list":{"0":"post-13521","1":"product","2":"type-product","3":"status-publish","4":"has-post-thumbnail","6":"product_cat-tea","8":"first","9":"instock","10":"taxable","11":"shipping-taxable","12":"purchasable","13":"product-type-simple"},"yoast_head":"<!-- This site is optimized with the Yoast SEO plugin v25.7 - https:\/\/yoast.com\/wordpress\/plugins\/seo\/ -->\n<title>Sweet Spirit - La P&#039;tite Cerise<\/title>\n<meta name=\"robots\" content=\"index, follow, max-snippet:-1, max-image-preview:large, max-video-preview:-1\" \/>\n<link rel=\"canonical\" href=\"https:\/\/la-ptite-cerise.be\/produit\/sweet-spirit\/\" \/>\n<meta property=\"og:locale\" content=\"en_US\" \/>\n<meta property=\"og:type\" content=\"article\" \/>\n<meta property=\"og:title\" content=\"Sweet Spirit - La P&#039;tite Cerise\" \/>\n<meta property=\"og:description\" content=\"Fruity infusion with peach and papaya notes. 100 g pouch \u2013 a sweet, exotic, caffeine-free treat.\" \/>\n<meta property=\"og:url\" content=\"https:\/\/la-ptite-cerise.be\/produit\/sweet-spirit\/\" \/>\n<meta property=\"og:site_name\" content=\"La P&#039;tite Cerise\" \/>\n<meta property=\"article:publisher\" content=\"https:\/\/www.facebook.com\/laptitecerise\/\" \/>\n<meta property=\"og:image\" content=\"https:\/\/la-ptite-cerise.be\/wp-content\/uploads\/2020\/12\/86024_1.jpeg\" \/>\n\t<meta property=\"og:image:width\" content=\"500\" \/>\n\t<meta property=\"og:image:height\" content=\"500\" \/>\n\t<meta property=\"og:image:type\" content=\"image\/jpeg\" \/>\n<meta name=\"twitter:card\" content=\"summary_large_image\" \/>\n<meta name=\"twitter:label1\" content=\"Est. reading time\" \/>\n\t<meta name=\"twitter:data1\" content=\"1 minute\" \/>\n<script type=\"application\/ld+json\" class=\"yoast-schema-graph\">{\"@context\":\"https:\/\/schema.org\",\"@graph\":[{\"@type\":\"WebPage\",\"@id\":\"https:\/\/la-ptite-cerise.be\/produit\/sweet-spirit\/\",\"url\":\"https:\/\/la-ptite-cerise.be\/produit\/sweet-spirit\/\",\"name\":\"Sweet Spirit - La P&#039;tite Cerise\",\"isPartOf\":{\"@id\":\"https:\/\/la-ptite-cerise.be\/#website\"},\"primaryImageOfPage\":{\"@id\":\"https:\/\/la-ptite-cerise.be\/produit\/sweet-spirit\/#primaryimage\"},\"image\":{\"@id\":\"https:\/\/la-ptite-cerise.be\/produit\/sweet-spirit\/#primaryimage\"},\"thumbnailUrl\":\"https:\/\/la-ptite-cerise.be\/wp-content\/uploads\/2020\/12\/86024_1.jpeg\",\"datePublished\":\"2020-12-30T11:00:46+00:00\",\"breadcrumb\":{\"@id\":\"https:\/\/la-ptite-cerise.be\/produit\/sweet-spirit\/#breadcrumb\"},\"inLanguage\":\"en-US\",\"potentialAction\":[{\"@type\":\"ReadAction\",\"target\":[\"https:\/\/la-ptite-cerise.be\/produit\/sweet-spirit\/\"]}]},{\"@type\":\"ImageObject\",\"inLanguage\":\"en-US\",\"@id\":\"https:\/\/la-ptite-cerise.be\/produit\/sweet-spirit\/#primaryimage\",\"url\":\"https:\/\/la-ptite-cerise.be\/wp-content\/uploads\/2020\/12\/86024_1.jpeg\",\"contentUrl\":\"https:\/\/la-ptite-cerise.be\/wp-content\/uploads\/2020\/12\/86024_1.jpeg\",\"width\":500,\"height\":500},{\"@type\":\"BreadcrumbList\",\"@id\":\"https:\/\/la-ptite-cerise.be\/produit\/sweet-spirit\/#breadcrumb\",\"itemListElement\":[{\"@type\":\"ListItem\",\"position\":1,\"name\":\"Accueil\",\"item\":\"https:\/\/la-ptite-cerise.be\/en\/\"},{\"@type\":\"ListItem\",\"position\":2,\"name\":\"Store\",\"item\":\"https:\/\/la-ptite-cerise.be\/boutique\/\"},{\"@type\":\"ListItem\",\"position\":3,\"name\":\"Sweet Spirit\"}]},{\"@type\":\"WebSite\",\"@id\":\"https:\/\/la-ptite-cerise.be\/#website\",\"url\":\"https:\/\/la-ptite-cerise.be\/\",\"name\":\"La P'tite Cerise\",\"description\":\"Artisan torr\u00e9facteur de caf\u00e9 de sp\u00e9cialit\u00e9. S\u00e9lection de th\u00e9s &amp; tisanes.\",\"publisher\":{\"@id\":\"https:\/\/la-ptite-cerise.be\/#organization\"},\"potentialAction\":[{\"@type\":\"SearchAction\",\"target\":{\"@type\":\"EntryPoint\",\"urlTemplate\":\"https:\/\/la-ptite-cerise.be\/?s={search_term_string}\"},\"query-input\":{\"@type\":\"PropertyValueSpecification\",\"valueRequired\":true,\"valueName\":\"search_term_string\"}}],\"inLanguage\":\"en-US\"},{\"@type\":\"Organization\",\"@id\":\"https:\/\/la-ptite-cerise.be\/#organization\",\"name\":\"La P'tite Cerise\",\"url\":\"https:\/\/la-ptite-cerise.be\/\",\"logo\":{\"@type\":\"ImageObject\",\"inLanguage\":\"en-US\",\"@id\":\"https:\/\/la-ptite-cerise.be\/#\/schema\/logo\/image\/\",\"url\":\"https:\/\/la-ptite-cerise.be\/wp-content\/uploads\/2020\/10\/logo-header-01.jpg\",\"contentUrl\":\"https:\/\/la-ptite-cerise.be\/wp-content\/uploads\/2020\/10\/logo-header-01.jpg\",\"width\":176,\"height\":100,\"caption\":\"La P'tite Cerise\"},\"image\":{\"@id\":\"https:\/\/la-ptite-cerise.be\/#\/schema\/logo\/image\/\"},\"sameAs\":[\"https:\/\/www.facebook.com\/laptitecerise\/\",\"https:\/\/www.instagram.com\/la.ptite_cerise\/\"]}]}<\/script>\n<!-- \/ Yoast SEO plugin. -->","yoast_head_json":{"title":"Sweet Spirit - La P&#039;tite Cerise","robots":{"index":"index","follow":"follow","max-snippet":"max-snippet:-1","max-image-preview":"max-image-preview:large","max-video-preview":"max-video-preview:-1"},"canonical":"https:\/\/la-ptite-cerise.be\/produit\/sweet-spirit\/","og_locale":"en_US","og_type":"article","og_title":"Sweet Spirit - La P&#039;tite Cerise","og_description":"Fruity infusion with peach and papaya notes. 100 g pouch \u2013 a sweet, exotic, caffeine-free treat.","og_url":"https:\/\/la-ptite-cerise.be\/produit\/sweet-spirit\/","og_site_name":"La P&#039;tite Cerise","article_publisher":"https:\/\/www.facebook.com\/laptitecerise\/","og_image":[{"width":500,"height":500,"url":"https:\/\/la-ptite-cerise.be\/wp-content\/uploads\/2020\/12\/86024_1.jpeg","type":"image\/jpeg"}],"twitter_card":"summary_large_image","twitter_misc":{"Est. reading time":"1 minute"},"schema":{"@context":"https:\/\/schema.org","@graph":[{"@type":"WebPage","@id":"https:\/\/la-ptite-cerise.be\/produit\/sweet-spirit\/","url":"https:\/\/la-ptite-cerise.be\/produit\/sweet-spirit\/","name":"Sweet Spirit - La P&#039;tite Cerise","isPartOf":{"@id":"https:\/\/la-ptite-cerise.be\/#website"},"primaryImageOfPage":{"@id":"https:\/\/la-ptite-cerise.be\/produit\/sweet-spirit\/#primaryimage"},"image":{"@id":"https:\/\/la-ptite-cerise.be\/produit\/sweet-spirit\/#primaryimage"},"thumbnailUrl":"https:\/\/la-ptite-cerise.be\/wp-content\/uploads\/2020\/12\/86024_1.jpeg","datePublished":"2020-12-30T11:00:46+00:00","breadcrumb":{"@id":"https:\/\/la-ptite-cerise.be\/produit\/sweet-spirit\/#breadcrumb"},"inLanguage":"en-US","potentialAction":[{"@type":"ReadAction","target":["https:\/\/la-ptite-cerise.be\/produit\/sweet-spirit\/"]}]},{"@type":"ImageObject","inLanguage":"en-US","@id":"https:\/\/la-ptite-cerise.be\/produit\/sweet-spirit\/#primaryimage","url":"https:\/\/la-ptite-cerise.be\/wp-content\/uploads\/2020\/12\/86024_1.jpeg","contentUrl":"https:\/\/la-ptite-cerise.be\/wp-content\/uploads\/2020\/12\/86024_1.jpeg","width":500,"height":500},{"@type":"BreadcrumbList","@id":"https:\/\/la-ptite-cerise.be\/produit\/sweet-spirit\/#breadcrumb","itemListElement":[{"@type":"ListItem","position":1,"name":"Accueil","item":"https:\/\/la-ptite-cerise.be\/en\/"},{"@type":"ListItem","position":2,"name":"Store","item":"https:\/\/la-ptite-cerise.be\/boutique\/"},{"@type":"ListItem","position":3,"name":"Sweet Spirit"}]},{"@type":"WebSite","@id":"https:\/\/la-ptite-cerise.be\/#website","url":"https:\/\/la-ptite-cerise.be\/","name":"La P'tite Cerise","description":"Artisan torr\u00e9facteur de caf\u00e9 de sp\u00e9cialit\u00e9. S\u00e9lection de th\u00e9s &amp; tisanes.","publisher":{"@id":"https:\/\/la-ptite-cerise.be\/#organization"},"potentialAction":[{"@type":"SearchAction","target":{"@type":"EntryPoint","urlTemplate":"https:\/\/la-ptite-cerise.be\/?s={search_term_string}"},"query-input":{"@type":"PropertyValueSpecification","valueRequired":true,"valueName":"search_term_string"}}],"inLanguage":"en-US"},{"@type":"Organization","@id":"https:\/\/la-ptite-cerise.be\/#organization","name":"La P'tite Cerise","url":"https:\/\/la-ptite-cerise.be\/","logo":{"@type":"ImageObject","inLanguage":"en-US","@id":"https:\/\/la-ptite-cerise.be\/#\/schema\/logo\/image\/","url":"https:\/\/la-ptite-cerise.be\/wp-content\/uploads\/2020\/10\/logo-header-01.jpg","contentUrl":"https:\/\/la-ptite-cerise.be\/wp-content\/uploads\/2020\/10\/logo-header-01.jpg","width":176,"height":100,"caption":"La P'tite Cerise"},"image":{"@id":"https:\/\/la-ptite-cerise.be\/#\/schema\/logo\/image\/"},"sameAs":["https:\/\/www.facebook.com\/laptitecerise\/","https:\/\/www.instagram.com\/la.ptite_cerise\/"]}]}},"_links":{"self":[{"href":"https:\/\/la-ptite-cerise.be\/en\/wp-json\/wp\/v2\/product\/13521","targetHints":{"allow":["GET"]}}],"collection":[{"href":"https:\/\/la-ptite-cerise.be\/en\/wp-json\/wp\/v2\/product"}],"about":[{"href":"https:\/\/la-ptite-cerise.be\/en\/wp-json\/wp\/v2\/types\/product"}],"wp:featuredmedia":[{"embeddable":true,"href":"https:\/\/la-ptite-cerise.be\/en\/wp-json\/wp\/v2\/media\/13519"}],"wp:attachment":[{"href":"https:\/\/la-ptite-cerise.be\/en\/wp-json\/wp\/v2\/media?parent=13521"}],"wp:term":[{"taxonomy":"product_brand","embeddable":true,"href":"https:\/\/la-ptite-cerise.be\/en\/wp-json\/wp\/v2\/product_brand?post=13521"},{"taxonomy":"product_cat","embeddable":true,"href":"https:\/\/la-ptite-cerise.be\/en\/wp-json\/wp\/v2\/product_cat?post=13521"},{"taxonomy":"product_tag","embeddable":true,"href":"https:\/\/la-ptite-cerise.be\/en\/wp-json\/wp\/v2\/product_tag?post=13521"}],"curies":[{"name":"wp","href":"https:\/\/api.w.org\/{rel}","templated":true}]}}