{"id":13530,"date":"2020-12-25T17:14:04","date_gmt":"2020-12-25T16:14:04","guid":{"rendered":"https:\/\/la-ptite-cerise.be\/produit\/japan-matcha-deluxe\/"},"modified":"2020-12-25T17:14:04","modified_gmt":"2020-12-25T16:14:04","slug":"japan-matcha-deluxe","status":"publish","type":"product","link":"https:\/\/la-ptite-cerise.be\/en\/produit\/japan-matcha-deluxe\/","title":{"rendered":"Japan matcha deluxe"},"content":{"rendered":"<h3 class=\"\" data-start=\"1406\" data-end=\"1461\"><strong data-start=\"1415\" data-end=\"1448\">Matcha \u2013 Japan Deluxe ORGANIC<\/strong> (30 g tin)<\/h3>\n<p class=\"\" data-start=\"1462\" data-end=\"1535\"><strong data-start=\"1462\" data-end=\"1535\">A premium organic Japanese matcha with a smooth and balanced flavour.<\/strong><\/p>\n<p class=\"\" data-start=\"1537\" data-end=\"1814\">Harvested from Saemidori, Yutakamidori and Yabukita cultivars in the Shizuoka and Kagoshima regions, this matcha offers a bright green powder and a silky, umami-rich cup. Its mild vegetal profile and subtle sweetness make it perfect for both traditional use and modern recipes.<\/p>\n<p class=\"\" data-start=\"1816\" data-end=\"1887\">\ud83d\udcac <em data-start=\"1819\" data-end=\"1887\">Whisk with a bamboo chasen for a velvety and creamy matcha moment.<\/em><\/p>\n<hr class=\"\" data-start=\"1889\" data-end=\"1892\" \/>\n<h3 class=\"\" data-start=\"1894\" data-end=\"1914\">\u2705 <strong data-start=\"1900\" data-end=\"1914\">Highlights<\/strong><\/h3>\n<ul data-start=\"1915\" data-end=\"2090\">\n<li class=\"\" data-start=\"1915\" data-end=\"1970\">\n<p class=\"\" data-start=\"1917\" data-end=\"1970\">Organic Japanese matcha from Shizuoka and Kagoshima<\/p>\n<\/li>\n<li class=\"\" data-start=\"1971\" data-end=\"2028\">\n<p class=\"\" data-start=\"1973\" data-end=\"2028\">Smooth, lightly sweet flavour with gentle umami notes<\/p>\n<\/li>\n<li class=\"\" data-start=\"2029\" data-end=\"2090\">\n<p class=\"\" data-start=\"2031\" data-end=\"2090\">Ideal for ceremonial matcha or creative drinks and dishes<\/p>\n<\/li>\n<\/ul>\n<hr class=\"\" data-start=\"2092\" data-end=\"2095\" \/>\n<h3 class=\"\" data-start=\"2097\" data-end=\"2121\">\ud83e\uddfe <strong data-start=\"2104\" data-end=\"2119\">Ingredients<\/strong><\/h3>\n<p class=\"\" data-start=\"2122\" data-end=\"2200\">Organic matcha green tea<br data-start=\"2146\" data-end=\"2149\" \/><strong data-start=\"2149\" data-end=\"2162\">Allergens<\/strong>: May contain traces of milk and nuts.<\/p>\n<hr class=\"\" data-start=\"2202\" data-end=\"2205\" \/>\n<h3 class=\"\" data-start=\"2207\" data-end=\"2231\">\ud83c\udf7d\ufe0f <strong data-start=\"2215\" data-end=\"2231\">Brewing tips<\/strong><\/h3>\n<ul data-start=\"2232\" data-end=\"2407\">\n<li class=\"\" data-start=\"2232\" data-end=\"2264\">\n<p class=\"\" data-start=\"2234\" data-end=\"2264\"><strong data-start=\"2234\" data-end=\"2255\">Water temperature<\/strong>: 80\u202f\u00b0C<\/p>\n<\/li>\n<li class=\"\" data-start=\"2265\" data-end=\"2298\">\n<p class=\"\" data-start=\"2267\" data-end=\"2298\"><strong data-start=\"2267\" data-end=\"2284\">Whisking time<\/strong>: 15 seconds<\/p>\n<\/li>\n<li class=\"\" data-start=\"2299\" data-end=\"2335\">\n<p class=\"\" data-start=\"2301\" data-end=\"2314\"><strong data-start=\"2301\" data-end=\"2313\">Quantity<\/strong>:<\/p>\n<ul data-start=\"2317\" data-end=\"2335\">\n<li class=\"\" data-start=\"2317\" data-end=\"2335\">\n<p class=\"\" data-start=\"2319\" data-end=\"2335\">1 g per 100 ml<\/p>\n<\/li>\n<\/ul>\n<\/li>\n<li class=\"\" data-start=\"2336\" data-end=\"2407\">\n<p class=\"\" data-start=\"2338\" data-end=\"2407\"><strong data-start=\"2338\" data-end=\"2360\">Serving suggestion<\/strong>: Whisk until smooth and foamy for best results<\/p>\n<\/li>\n<\/ul>\n","protected":false},"excerpt":{"rendered":"<p>Organic matcha from Shizuoka and Kagoshima. 30 g tin \u2013 smooth, vibrant and naturally refined.<\/p>\n","protected":false},"featured_media":8431,"template":"","meta":[],"product_brand":[],"product_cat":[143],"product_tag":[],"class_list":{"0":"post-13530","1":"product","2":"type-product","3":"status-publish","4":"has-post-thumbnail","6":"product_cat-tea","8":"first","9":"instock","10":"taxable","11":"shipping-taxable","12":"purchasable","13":"product-type-simple"},"yoast_head":"<!-- This site is optimized with the Yoast SEO plugin v25.7 - https:\/\/yoast.com\/wordpress\/plugins\/seo\/ -->\n<title>Japan matcha deluxe - La P&#039;tite Cerise<\/title>\n<meta name=\"robots\" content=\"index, follow, max-snippet:-1, max-image-preview:large, max-video-preview:-1\" \/>\n<link rel=\"canonical\" href=\"https:\/\/la-ptite-cerise.be\/produit\/japan-matcha-deluxe\/\" \/>\n<meta property=\"og:locale\" content=\"en_US\" \/>\n<meta property=\"og:type\" content=\"article\" \/>\n<meta property=\"og:title\" content=\"Japan matcha deluxe - La P&#039;tite Cerise\" \/>\n<meta property=\"og:description\" content=\"Organic matcha from Shizuoka and Kagoshima. 30 g tin \u2013 smooth, vibrant and naturally refined.\" \/>\n<meta property=\"og:url\" content=\"https:\/\/la-ptite-cerise.be\/produit\/japan-matcha-deluxe\/\" \/>\n<meta property=\"og:site_name\" content=\"La P&#039;tite Cerise\" \/>\n<meta property=\"article:publisher\" content=\"https:\/\/www.facebook.com\/laptitecerise\/\" \/>\n<meta property=\"og:image\" content=\"https:\/\/la-ptite-cerise.be\/wp-content\/uploads\/2020\/12\/89106_Matcha_Deluxe_BIO.jpg\" \/>\n\t<meta property=\"og:image:width\" content=\"500\" \/>\n\t<meta property=\"og:image:height\" content=\"500\" \/>\n\t<meta property=\"og:image:type\" content=\"image\/jpeg\" \/>\n<meta name=\"twitter:card\" content=\"summary_large_image\" \/>\n<meta name=\"twitter:label1\" content=\"Est. reading time\" \/>\n\t<meta name=\"twitter:data1\" content=\"1 minute\" \/>\n<script type=\"application\/ld+json\" class=\"yoast-schema-graph\">{\"@context\":\"https:\/\/schema.org\",\"@graph\":[{\"@type\":\"WebPage\",\"@id\":\"https:\/\/la-ptite-cerise.be\/produit\/japan-matcha-deluxe\/\",\"url\":\"https:\/\/la-ptite-cerise.be\/produit\/japan-matcha-deluxe\/\",\"name\":\"Japan matcha deluxe - La P&#039;tite Cerise\",\"isPartOf\":{\"@id\":\"https:\/\/la-ptite-cerise.be\/#website\"},\"primaryImageOfPage\":{\"@id\":\"https:\/\/la-ptite-cerise.be\/produit\/japan-matcha-deluxe\/#primaryimage\"},\"image\":{\"@id\":\"https:\/\/la-ptite-cerise.be\/produit\/japan-matcha-deluxe\/#primaryimage\"},\"thumbnailUrl\":\"https:\/\/la-ptite-cerise.be\/wp-content\/uploads\/2020\/12\/89106_Matcha_Deluxe_BIO.jpg\",\"datePublished\":\"2020-12-25T16:14:04+00:00\",\"breadcrumb\":{\"@id\":\"https:\/\/la-ptite-cerise.be\/produit\/japan-matcha-deluxe\/#breadcrumb\"},\"inLanguage\":\"en-US\",\"potentialAction\":[{\"@type\":\"ReadAction\",\"target\":[\"https:\/\/la-ptite-cerise.be\/produit\/japan-matcha-deluxe\/\"]}]},{\"@type\":\"ImageObject\",\"inLanguage\":\"en-US\",\"@id\":\"https:\/\/la-ptite-cerise.be\/produit\/japan-matcha-deluxe\/#primaryimage\",\"url\":\"https:\/\/la-ptite-cerise.be\/wp-content\/uploads\/2020\/12\/89106_Matcha_Deluxe_BIO.jpg\",\"contentUrl\":\"https:\/\/la-ptite-cerise.be\/wp-content\/uploads\/2020\/12\/89106_Matcha_Deluxe_BIO.jpg\",\"width\":500,\"height\":500},{\"@type\":\"BreadcrumbList\",\"@id\":\"https:\/\/la-ptite-cerise.be\/produit\/japan-matcha-deluxe\/#breadcrumb\",\"itemListElement\":[{\"@type\":\"ListItem\",\"position\":1,\"name\":\"Accueil\",\"item\":\"https:\/\/la-ptite-cerise.be\/en\/\"},{\"@type\":\"ListItem\",\"position\":2,\"name\":\"Store\",\"item\":\"https:\/\/la-ptite-cerise.be\/boutique\/\"},{\"@type\":\"ListItem\",\"position\":3,\"name\":\"Japan matcha deluxe\"}]},{\"@type\":\"WebSite\",\"@id\":\"https:\/\/la-ptite-cerise.be\/#website\",\"url\":\"https:\/\/la-ptite-cerise.be\/\",\"name\":\"La P'tite Cerise\",\"description\":\"Artisan torr\u00e9facteur de caf\u00e9 de sp\u00e9cialit\u00e9. S\u00e9lection de th\u00e9s &amp; tisanes.\",\"publisher\":{\"@id\":\"https:\/\/la-ptite-cerise.be\/#organization\"},\"potentialAction\":[{\"@type\":\"SearchAction\",\"target\":{\"@type\":\"EntryPoint\",\"urlTemplate\":\"https:\/\/la-ptite-cerise.be\/?s={search_term_string}\"},\"query-input\":{\"@type\":\"PropertyValueSpecification\",\"valueRequired\":true,\"valueName\":\"search_term_string\"}}],\"inLanguage\":\"en-US\"},{\"@type\":\"Organization\",\"@id\":\"https:\/\/la-ptite-cerise.be\/#organization\",\"name\":\"La P'tite Cerise\",\"url\":\"https:\/\/la-ptite-cerise.be\/\",\"logo\":{\"@type\":\"ImageObject\",\"inLanguage\":\"en-US\",\"@id\":\"https:\/\/la-ptite-cerise.be\/#\/schema\/logo\/image\/\",\"url\":\"https:\/\/la-ptite-cerise.be\/wp-content\/uploads\/2020\/10\/logo-header-01.jpg\",\"contentUrl\":\"https:\/\/la-ptite-cerise.be\/wp-content\/uploads\/2020\/10\/logo-header-01.jpg\",\"width\":176,\"height\":100,\"caption\":\"La P'tite Cerise\"},\"image\":{\"@id\":\"https:\/\/la-ptite-cerise.be\/#\/schema\/logo\/image\/\"},\"sameAs\":[\"https:\/\/www.facebook.com\/laptitecerise\/\",\"https:\/\/www.instagram.com\/la.ptite_cerise\/\"]}]}<\/script>\n<!-- \/ Yoast SEO plugin. -->","yoast_head_json":{"title":"Japan matcha deluxe - La P&#039;tite Cerise","robots":{"index":"index","follow":"follow","max-snippet":"max-snippet:-1","max-image-preview":"max-image-preview:large","max-video-preview":"max-video-preview:-1"},"canonical":"https:\/\/la-ptite-cerise.be\/produit\/japan-matcha-deluxe\/","og_locale":"en_US","og_type":"article","og_title":"Japan matcha deluxe - La P&#039;tite Cerise","og_description":"Organic matcha from Shizuoka and Kagoshima. 30 g tin \u2013 smooth, vibrant and naturally refined.","og_url":"https:\/\/la-ptite-cerise.be\/produit\/japan-matcha-deluxe\/","og_site_name":"La P&#039;tite Cerise","article_publisher":"https:\/\/www.facebook.com\/laptitecerise\/","og_image":[{"width":500,"height":500,"url":"https:\/\/la-ptite-cerise.be\/wp-content\/uploads\/2020\/12\/89106_Matcha_Deluxe_BIO.jpg","type":"image\/jpeg"}],"twitter_card":"summary_large_image","twitter_misc":{"Est. reading time":"1 minute"},"schema":{"@context":"https:\/\/schema.org","@graph":[{"@type":"WebPage","@id":"https:\/\/la-ptite-cerise.be\/produit\/japan-matcha-deluxe\/","url":"https:\/\/la-ptite-cerise.be\/produit\/japan-matcha-deluxe\/","name":"Japan matcha deluxe - La P&#039;tite Cerise","isPartOf":{"@id":"https:\/\/la-ptite-cerise.be\/#website"},"primaryImageOfPage":{"@id":"https:\/\/la-ptite-cerise.be\/produit\/japan-matcha-deluxe\/#primaryimage"},"image":{"@id":"https:\/\/la-ptite-cerise.be\/produit\/japan-matcha-deluxe\/#primaryimage"},"thumbnailUrl":"https:\/\/la-ptite-cerise.be\/wp-content\/uploads\/2020\/12\/89106_Matcha_Deluxe_BIO.jpg","datePublished":"2020-12-25T16:14:04+00:00","breadcrumb":{"@id":"https:\/\/la-ptite-cerise.be\/produit\/japan-matcha-deluxe\/#breadcrumb"},"inLanguage":"en-US","potentialAction":[{"@type":"ReadAction","target":["https:\/\/la-ptite-cerise.be\/produit\/japan-matcha-deluxe\/"]}]},{"@type":"ImageObject","inLanguage":"en-US","@id":"https:\/\/la-ptite-cerise.be\/produit\/japan-matcha-deluxe\/#primaryimage","url":"https:\/\/la-ptite-cerise.be\/wp-content\/uploads\/2020\/12\/89106_Matcha_Deluxe_BIO.jpg","contentUrl":"https:\/\/la-ptite-cerise.be\/wp-content\/uploads\/2020\/12\/89106_Matcha_Deluxe_BIO.jpg","width":500,"height":500},{"@type":"BreadcrumbList","@id":"https:\/\/la-ptite-cerise.be\/produit\/japan-matcha-deluxe\/#breadcrumb","itemListElement":[{"@type":"ListItem","position":1,"name":"Accueil","item":"https:\/\/la-ptite-cerise.be\/en\/"},{"@type":"ListItem","position":2,"name":"Store","item":"https:\/\/la-ptite-cerise.be\/boutique\/"},{"@type":"ListItem","position":3,"name":"Japan matcha deluxe"}]},{"@type":"WebSite","@id":"https:\/\/la-ptite-cerise.be\/#website","url":"https:\/\/la-ptite-cerise.be\/","name":"La P'tite Cerise","description":"Artisan torr\u00e9facteur de caf\u00e9 de sp\u00e9cialit\u00e9. S\u00e9lection de th\u00e9s &amp; tisanes.","publisher":{"@id":"https:\/\/la-ptite-cerise.be\/#organization"},"potentialAction":[{"@type":"SearchAction","target":{"@type":"EntryPoint","urlTemplate":"https:\/\/la-ptite-cerise.be\/?s={search_term_string}"},"query-input":{"@type":"PropertyValueSpecification","valueRequired":true,"valueName":"search_term_string"}}],"inLanguage":"en-US"},{"@type":"Organization","@id":"https:\/\/la-ptite-cerise.be\/#organization","name":"La P'tite Cerise","url":"https:\/\/la-ptite-cerise.be\/","logo":{"@type":"ImageObject","inLanguage":"en-US","@id":"https:\/\/la-ptite-cerise.be\/#\/schema\/logo\/image\/","url":"https:\/\/la-ptite-cerise.be\/wp-content\/uploads\/2020\/10\/logo-header-01.jpg","contentUrl":"https:\/\/la-ptite-cerise.be\/wp-content\/uploads\/2020\/10\/logo-header-01.jpg","width":176,"height":100,"caption":"La P'tite Cerise"},"image":{"@id":"https:\/\/la-ptite-cerise.be\/#\/schema\/logo\/image\/"},"sameAs":["https:\/\/www.facebook.com\/laptitecerise\/","https:\/\/www.instagram.com\/la.ptite_cerise\/"]}]}},"_links":{"self":[{"href":"https:\/\/la-ptite-cerise.be\/en\/wp-json\/wp\/v2\/product\/13530","targetHints":{"allow":["GET"]}}],"collection":[{"href":"https:\/\/la-ptite-cerise.be\/en\/wp-json\/wp\/v2\/product"}],"about":[{"href":"https:\/\/la-ptite-cerise.be\/en\/wp-json\/wp\/v2\/types\/product"}],"wp:featuredmedia":[{"embeddable":true,"href":"https:\/\/la-ptite-cerise.be\/en\/wp-json\/wp\/v2\/media\/8431"}],"wp:attachment":[{"href":"https:\/\/la-ptite-cerise.be\/en\/wp-json\/wp\/v2\/media?parent=13530"}],"wp:term":[{"taxonomy":"product_brand","embeddable":true,"href":"https:\/\/la-ptite-cerise.be\/en\/wp-json\/wp\/v2\/product_brand?post=13530"},{"taxonomy":"product_cat","embeddable":true,"href":"https:\/\/la-ptite-cerise.be\/en\/wp-json\/wp\/v2\/product_cat?post=13530"},{"taxonomy":"product_tag","embeddable":true,"href":"https:\/\/la-ptite-cerise.be\/en\/wp-json\/wp\/v2\/product_tag?post=13530"}],"curies":[{"name":"wp","href":"https:\/\/api.w.org\/{rel}","templated":true}]}}