{"id":13536,"date":"2020-12-23T17:45:12","date_gmt":"2020-12-23T16:45:12","guid":{"rendered":"https:\/\/la-ptite-cerise.be\/produit\/nice-dreams\/"},"modified":"2020-12-23T17:45:12","modified_gmt":"2020-12-23T16:45:12","slug":"nice-dreams","status":"publish","type":"product","link":"https:\/\/la-ptite-cerise.be\/en\/produit\/nice-dreams\/","title":{"rendered":"Nice dreams"},"content":{"rendered":"<h3 class=\"\" data-start=\"1703\" data-end=\"1756\"><strong data-start=\"1712\" data-end=\"1740\">Herbal Tea \u2013 Nice Dreams<\/strong> (100 g pouch)<\/h3>\n<p class=\"\" data-start=\"1757\" data-end=\"1817\"><strong data-start=\"1757\" data-end=\"1817\">A soothing herbal tea with soft fruity and floral notes.<\/strong><\/p>\n<p class=\"\" data-start=\"1819\" data-end=\"2070\">This gentle blend combines calming herbs like lemon balm, verbena, raspberry leaves and chamomile with the natural sweetness of date, apple and peach. Lavender, lemon peel, hops and cornflower add a soft floral depth to this caffeine-free evening tea.<\/p>\n<p class=\"\" data-start=\"2072\" data-end=\"2156\">\ud83d\udcac <em data-start=\"2075\" data-end=\"2156\">Best enjoyed at night, plain or with a drop of honey, for a peaceful wind-down.<\/em><\/p>\n<hr class=\"\" data-start=\"2158\" data-end=\"2161\" \/>\n<h3 class=\"\" data-start=\"2163\" data-end=\"2183\">\u2705 <strong data-start=\"2169\" data-end=\"2183\">Highlights<\/strong><\/h3>\n<ul data-start=\"2184\" data-end=\"2365\">\n<li class=\"\" data-start=\"2184\" data-end=\"2267\">\n<p class=\"\" data-start=\"2186\" data-end=\"2267\">Premium blend made with sustainably sourced ingredients and natural flavourings<\/p>\n<\/li>\n<li class=\"\" data-start=\"2268\" data-end=\"2315\">\n<p class=\"\" data-start=\"2270\" data-end=\"2315\">A relaxing mix of herbs, fruits and flowers<\/p>\n<\/li>\n<li class=\"\" data-start=\"2316\" data-end=\"2365\">\n<p class=\"\" data-start=\"2318\" data-end=\"2365\">Naturally caffeine-free, perfect for evenings<\/p>\n<\/li>\n<\/ul>\n<hr class=\"\" data-start=\"2367\" data-end=\"2370\" \/>\n<h3 class=\"\" data-start=\"2372\" data-end=\"2396\">\ud83e\uddfe <strong data-start=\"2379\" data-end=\"2394\">Ingredients<\/strong><\/h3>\n<p class=\"\" data-start=\"2397\" data-end=\"2734\">Date (date, rice flour), apple, lemon balm, raspberry leaves, chamomile, carrot, fennel, lemon peel, whole verbena, apple pieces, yarrow, natural peach flavouring, natural lemon flavouring, St. John&#8217;s wort, peach, lavender, hop flowers, cornflower petals, natural bergamot flavouring<br data-start=\"2680\" data-end=\"2683\" \/><strong data-start=\"2683\" data-end=\"2696\">Allergens<\/strong>: May contain traces of milk and nuts.<\/p>\n<hr class=\"\" data-start=\"2736\" data-end=\"2739\" \/>\n<h3 class=\"\" data-start=\"2741\" data-end=\"2765\">\ud83c\udf7d\ufe0f <strong data-start=\"2749\" data-end=\"2765\">Brewing tips<\/strong><\/h3>\n<ul data-start=\"2766\" data-end=\"2982\">\n<li class=\"\" data-start=\"2766\" data-end=\"2799\">\n<p class=\"\" data-start=\"2768\" data-end=\"2799\"><strong data-start=\"2768\" data-end=\"2789\">Water temperature<\/strong>: 100\u202f\u00b0C<\/p>\n<\/li>\n<li class=\"\" data-start=\"2800\" data-end=\"2835\">\n<p class=\"\" data-start=\"2802\" data-end=\"2835\"><strong data-start=\"2802\" data-end=\"2819\">Steeping time<\/strong>: 7\u201310 minutes<\/p>\n<\/li>\n<li class=\"\" data-start=\"2836\" data-end=\"2900\">\n<p class=\"\" data-start=\"2838\" data-end=\"2851\"><strong data-start=\"2838\" data-end=\"2850\">Quantity<\/strong>:<\/p>\n<ul data-start=\"2854\" data-end=\"2900\">\n<li class=\"\" data-start=\"2854\" data-end=\"2872\">\n<p class=\"\" data-start=\"2856\" data-end=\"2872\">3 g per 200 ml<\/p>\n<\/li>\n<li class=\"\" data-start=\"2875\" data-end=\"2900\">\n<p class=\"\" data-start=\"2877\" data-end=\"2900\"><strong data-start=\"2877\" data-end=\"2898\">12\u201315 g per litre<\/strong><\/p>\n<\/li>\n<\/ul>\n<\/li>\n<li class=\"\" data-start=\"2901\" data-end=\"2982\">\n<p class=\"\" data-start=\"2903\" data-end=\"2982\"><strong data-start=\"2903\" data-end=\"2925\">Serving suggestion<\/strong>: Best enjoyed before bed, in a quiet and relaxing moment<\/p>\n<\/li>\n<\/ul>\n","protected":false},"excerpt":{"rendered":"<p>Bedtime herbal tea with calming plants. 100 g pouch \u2013 soft, fruity and floral, naturally caffeine-free.<\/p>\n","protected":false},"featured_media":13534,"template":"","meta":[],"product_brand":[],"product_cat":[143],"product_tag":[],"class_list":{"0":"post-13536","1":"product","2":"type-product","3":"status-publish","4":"has-post-thumbnail","6":"product_cat-tea","8":"first","9":"instock","10":"taxable","11":"shipping-taxable","12":"purchasable","13":"product-type-simple"},"yoast_head":"<!-- This site is optimized with the Yoast SEO plugin v25.7 - https:\/\/yoast.com\/wordpress\/plugins\/seo\/ -->\n<title>Nice dreams - La P&#039;tite Cerise<\/title>\n<meta name=\"robots\" content=\"index, follow, max-snippet:-1, max-image-preview:large, max-video-preview:-1\" \/>\n<link rel=\"canonical\" href=\"https:\/\/la-ptite-cerise.be\/produit\/nice-dreams\/\" \/>\n<meta property=\"og:locale\" content=\"en_US\" \/>\n<meta property=\"og:type\" content=\"article\" \/>\n<meta property=\"og:title\" content=\"Nice dreams - La P&#039;tite Cerise\" \/>\n<meta property=\"og:description\" content=\"Bedtime herbal tea with calming plants. 100 g pouch \u2013 soft, fruity and floral, naturally caffeine-free.\" \/>\n<meta property=\"og:url\" content=\"https:\/\/la-ptite-cerise.be\/produit\/nice-dreams\/\" \/>\n<meta property=\"og:site_name\" content=\"La P&#039;tite Cerise\" \/>\n<meta property=\"article:publisher\" content=\"https:\/\/www.facebook.com\/laptitecerise\/\" \/>\n<meta property=\"og:image\" content=\"https:\/\/la-ptite-cerise.be\/wp-content\/uploads\/2020\/12\/83464_1.jpeg\" \/>\n\t<meta property=\"og:image:width\" content=\"500\" \/>\n\t<meta property=\"og:image:height\" content=\"500\" \/>\n\t<meta property=\"og:image:type\" content=\"image\/jpeg\" \/>\n<meta name=\"twitter:card\" content=\"summary_large_image\" \/>\n<meta name=\"twitter:label1\" content=\"Est. reading time\" \/>\n\t<meta name=\"twitter:data1\" content=\"1 minute\" \/>\n<script type=\"application\/ld+json\" class=\"yoast-schema-graph\">{\"@context\":\"https:\/\/schema.org\",\"@graph\":[{\"@type\":\"WebPage\",\"@id\":\"https:\/\/la-ptite-cerise.be\/produit\/nice-dreams\/\",\"url\":\"https:\/\/la-ptite-cerise.be\/produit\/nice-dreams\/\",\"name\":\"Nice dreams - La P&#039;tite Cerise\",\"isPartOf\":{\"@id\":\"https:\/\/la-ptite-cerise.be\/#website\"},\"primaryImageOfPage\":{\"@id\":\"https:\/\/la-ptite-cerise.be\/produit\/nice-dreams\/#primaryimage\"},\"image\":{\"@id\":\"https:\/\/la-ptite-cerise.be\/produit\/nice-dreams\/#primaryimage\"},\"thumbnailUrl\":\"https:\/\/la-ptite-cerise.be\/wp-content\/uploads\/2020\/12\/83464_1.jpeg\",\"datePublished\":\"2020-12-23T16:45:12+00:00\",\"breadcrumb\":{\"@id\":\"https:\/\/la-ptite-cerise.be\/produit\/nice-dreams\/#breadcrumb\"},\"inLanguage\":\"en-US\",\"potentialAction\":[{\"@type\":\"ReadAction\",\"target\":[\"https:\/\/la-ptite-cerise.be\/produit\/nice-dreams\/\"]}]},{\"@type\":\"ImageObject\",\"inLanguage\":\"en-US\",\"@id\":\"https:\/\/la-ptite-cerise.be\/produit\/nice-dreams\/#primaryimage\",\"url\":\"https:\/\/la-ptite-cerise.be\/wp-content\/uploads\/2020\/12\/83464_1.jpeg\",\"contentUrl\":\"https:\/\/la-ptite-cerise.be\/wp-content\/uploads\/2020\/12\/83464_1.jpeg\",\"width\":500,\"height\":500},{\"@type\":\"BreadcrumbList\",\"@id\":\"https:\/\/la-ptite-cerise.be\/produit\/nice-dreams\/#breadcrumb\",\"itemListElement\":[{\"@type\":\"ListItem\",\"position\":1,\"name\":\"Accueil\",\"item\":\"https:\/\/la-ptite-cerise.be\/en\/\"},{\"@type\":\"ListItem\",\"position\":2,\"name\":\"Store\",\"item\":\"https:\/\/la-ptite-cerise.be\/boutique\/\"},{\"@type\":\"ListItem\",\"position\":3,\"name\":\"Nice dreams\"}]},{\"@type\":\"WebSite\",\"@id\":\"https:\/\/la-ptite-cerise.be\/#website\",\"url\":\"https:\/\/la-ptite-cerise.be\/\",\"name\":\"La P'tite Cerise\",\"description\":\"Artisan torr\u00e9facteur de caf\u00e9 de sp\u00e9cialit\u00e9. S\u00e9lection de th\u00e9s &amp; tisanes.\",\"publisher\":{\"@id\":\"https:\/\/la-ptite-cerise.be\/#organization\"},\"potentialAction\":[{\"@type\":\"SearchAction\",\"target\":{\"@type\":\"EntryPoint\",\"urlTemplate\":\"https:\/\/la-ptite-cerise.be\/?s={search_term_string}\"},\"query-input\":{\"@type\":\"PropertyValueSpecification\",\"valueRequired\":true,\"valueName\":\"search_term_string\"}}],\"inLanguage\":\"en-US\"},{\"@type\":\"Organization\",\"@id\":\"https:\/\/la-ptite-cerise.be\/#organization\",\"name\":\"La P'tite Cerise\",\"url\":\"https:\/\/la-ptite-cerise.be\/\",\"logo\":{\"@type\":\"ImageObject\",\"inLanguage\":\"en-US\",\"@id\":\"https:\/\/la-ptite-cerise.be\/#\/schema\/logo\/image\/\",\"url\":\"https:\/\/la-ptite-cerise.be\/wp-content\/uploads\/2020\/10\/logo-header-01.jpg\",\"contentUrl\":\"https:\/\/la-ptite-cerise.be\/wp-content\/uploads\/2020\/10\/logo-header-01.jpg\",\"width\":176,\"height\":100,\"caption\":\"La P'tite Cerise\"},\"image\":{\"@id\":\"https:\/\/la-ptite-cerise.be\/#\/schema\/logo\/image\/\"},\"sameAs\":[\"https:\/\/www.facebook.com\/laptitecerise\/\",\"https:\/\/www.instagram.com\/la.ptite_cerise\/\"]}]}<\/script>\n<!-- \/ Yoast SEO plugin. -->","yoast_head_json":{"title":"Nice dreams - La P&#039;tite Cerise","robots":{"index":"index","follow":"follow","max-snippet":"max-snippet:-1","max-image-preview":"max-image-preview:large","max-video-preview":"max-video-preview:-1"},"canonical":"https:\/\/la-ptite-cerise.be\/produit\/nice-dreams\/","og_locale":"en_US","og_type":"article","og_title":"Nice dreams - La P&#039;tite Cerise","og_description":"Bedtime herbal tea with calming plants. 100 g pouch \u2013 soft, fruity and floral, naturally caffeine-free.","og_url":"https:\/\/la-ptite-cerise.be\/produit\/nice-dreams\/","og_site_name":"La P&#039;tite Cerise","article_publisher":"https:\/\/www.facebook.com\/laptitecerise\/","og_image":[{"width":500,"height":500,"url":"https:\/\/la-ptite-cerise.be\/wp-content\/uploads\/2020\/12\/83464_1.jpeg","type":"image\/jpeg"}],"twitter_card":"summary_large_image","twitter_misc":{"Est. reading time":"1 minute"},"schema":{"@context":"https:\/\/schema.org","@graph":[{"@type":"WebPage","@id":"https:\/\/la-ptite-cerise.be\/produit\/nice-dreams\/","url":"https:\/\/la-ptite-cerise.be\/produit\/nice-dreams\/","name":"Nice dreams - La P&#039;tite Cerise","isPartOf":{"@id":"https:\/\/la-ptite-cerise.be\/#website"},"primaryImageOfPage":{"@id":"https:\/\/la-ptite-cerise.be\/produit\/nice-dreams\/#primaryimage"},"image":{"@id":"https:\/\/la-ptite-cerise.be\/produit\/nice-dreams\/#primaryimage"},"thumbnailUrl":"https:\/\/la-ptite-cerise.be\/wp-content\/uploads\/2020\/12\/83464_1.jpeg","datePublished":"2020-12-23T16:45:12+00:00","breadcrumb":{"@id":"https:\/\/la-ptite-cerise.be\/produit\/nice-dreams\/#breadcrumb"},"inLanguage":"en-US","potentialAction":[{"@type":"ReadAction","target":["https:\/\/la-ptite-cerise.be\/produit\/nice-dreams\/"]}]},{"@type":"ImageObject","inLanguage":"en-US","@id":"https:\/\/la-ptite-cerise.be\/produit\/nice-dreams\/#primaryimage","url":"https:\/\/la-ptite-cerise.be\/wp-content\/uploads\/2020\/12\/83464_1.jpeg","contentUrl":"https:\/\/la-ptite-cerise.be\/wp-content\/uploads\/2020\/12\/83464_1.jpeg","width":500,"height":500},{"@type":"BreadcrumbList","@id":"https:\/\/la-ptite-cerise.be\/produit\/nice-dreams\/#breadcrumb","itemListElement":[{"@type":"ListItem","position":1,"name":"Accueil","item":"https:\/\/la-ptite-cerise.be\/en\/"},{"@type":"ListItem","position":2,"name":"Store","item":"https:\/\/la-ptite-cerise.be\/boutique\/"},{"@type":"ListItem","position":3,"name":"Nice dreams"}]},{"@type":"WebSite","@id":"https:\/\/la-ptite-cerise.be\/#website","url":"https:\/\/la-ptite-cerise.be\/","name":"La P'tite Cerise","description":"Artisan torr\u00e9facteur de caf\u00e9 de sp\u00e9cialit\u00e9. S\u00e9lection de th\u00e9s &amp; tisanes.","publisher":{"@id":"https:\/\/la-ptite-cerise.be\/#organization"},"potentialAction":[{"@type":"SearchAction","target":{"@type":"EntryPoint","urlTemplate":"https:\/\/la-ptite-cerise.be\/?s={search_term_string}"},"query-input":{"@type":"PropertyValueSpecification","valueRequired":true,"valueName":"search_term_string"}}],"inLanguage":"en-US"},{"@type":"Organization","@id":"https:\/\/la-ptite-cerise.be\/#organization","name":"La P'tite Cerise","url":"https:\/\/la-ptite-cerise.be\/","logo":{"@type":"ImageObject","inLanguage":"en-US","@id":"https:\/\/la-ptite-cerise.be\/#\/schema\/logo\/image\/","url":"https:\/\/la-ptite-cerise.be\/wp-content\/uploads\/2020\/10\/logo-header-01.jpg","contentUrl":"https:\/\/la-ptite-cerise.be\/wp-content\/uploads\/2020\/10\/logo-header-01.jpg","width":176,"height":100,"caption":"La P'tite Cerise"},"image":{"@id":"https:\/\/la-ptite-cerise.be\/#\/schema\/logo\/image\/"},"sameAs":["https:\/\/www.facebook.com\/laptitecerise\/","https:\/\/www.instagram.com\/la.ptite_cerise\/"]}]}},"_links":{"self":[{"href":"https:\/\/la-ptite-cerise.be\/en\/wp-json\/wp\/v2\/product\/13536","targetHints":{"allow":["GET"]}}],"collection":[{"href":"https:\/\/la-ptite-cerise.be\/en\/wp-json\/wp\/v2\/product"}],"about":[{"href":"https:\/\/la-ptite-cerise.be\/en\/wp-json\/wp\/v2\/types\/product"}],"wp:featuredmedia":[{"embeddable":true,"href":"https:\/\/la-ptite-cerise.be\/en\/wp-json\/wp\/v2\/media\/13534"}],"wp:attachment":[{"href":"https:\/\/la-ptite-cerise.be\/en\/wp-json\/wp\/v2\/media?parent=13536"}],"wp:term":[{"taxonomy":"product_brand","embeddable":true,"href":"https:\/\/la-ptite-cerise.be\/en\/wp-json\/wp\/v2\/product_brand?post=13536"},{"taxonomy":"product_cat","embeddable":true,"href":"https:\/\/la-ptite-cerise.be\/en\/wp-json\/wp\/v2\/product_cat?post=13536"},{"taxonomy":"product_tag","embeddable":true,"href":"https:\/\/la-ptite-cerise.be\/en\/wp-json\/wp\/v2\/product_tag?post=13536"}],"curies":[{"name":"wp","href":"https:\/\/api.w.org\/{rel}","templated":true}]}}