{"id":13540,"date":"2020-12-23T13:00:28","date_gmt":"2020-12-23T12:00:28","guid":{"rendered":"https:\/\/la-ptite-cerise.be\/produit\/mangue-orange-sanguine\/"},"modified":"2020-12-23T13:00:28","modified_gmt":"2020-12-23T12:00:28","slug":"mangue-orange-sanguine","status":"publish","type":"product","link":"https:\/\/la-ptite-cerise.be\/en\/produit\/mangue-orange-sanguine\/","title":{"rendered":"Mangue \u2013 orange sanguine"},"content":{"rendered":"<h3 class=\"\" data-start=\"1636\" data-end=\"1698\"><strong data-start=\"1645\" data-end=\"1682\">Herbal Tea \u2013 Mango &amp; Blood Orange<\/strong> (100 g pouch)<\/h3>\n<p class=\"\" data-start=\"1699\" data-end=\"1777\"><strong data-start=\"1699\" data-end=\"1777\">A fruity and sunny herbal tea with exotic notes of mango and blood orange.<\/strong><\/p>\n<p class=\"\" data-start=\"1779\" data-end=\"2038\">This blend combines the natural sweetness of apple and banana with the tangy freshness of orange peel and mango. Olive leaves add a Mediterranean twist, while marigold and cornflower petals offer floral elegance. Naturally caffeine-free and ideal hot or iced.<\/p>\n<p class=\"\" data-start=\"2040\" data-end=\"2103\">\ud83d\udcac <em data-start=\"2043\" data-end=\"2103\">Enjoy throughout the day for a tropical, refreshing break.<\/em><\/p>\n<hr class=\"\" data-start=\"2105\" data-end=\"2108\" \/>\n<h3 class=\"\" data-start=\"2110\" data-end=\"2130\">\u2705 <strong data-start=\"2116\" data-end=\"2130\">Highlights<\/strong><\/h3>\n<ul data-start=\"2131\" data-end=\"2318\">\n<li class=\"\" data-start=\"2131\" data-end=\"2209\">\n<p class=\"\" data-start=\"2133\" data-end=\"2209\">Premium blend with sustainably sourced ingredients and natural flavourings<\/p>\n<\/li>\n<li class=\"\" data-start=\"2210\" data-end=\"2257\">\n<p class=\"\" data-start=\"2212\" data-end=\"2257\">Exotic fruit taste with gentle floral notes<\/p>\n<\/li>\n<li class=\"\" data-start=\"2258\" data-end=\"2318\">\n<p class=\"\" data-start=\"2260\" data-end=\"2318\">Naturally caffeine-free and suitable for iced or hot tea<\/p>\n<\/li>\n<\/ul>\n<hr class=\"\" data-start=\"2320\" data-end=\"2323\" \/>\n<h3 class=\"\" data-start=\"2325\" data-end=\"2349\">\ud83e\uddfe <strong data-start=\"2332\" data-end=\"2347\">Ingredients<\/strong><\/h3>\n<p class=\"\" data-start=\"2350\" data-end=\"2597\">Apple, olive leaves, banana (banana, coconut oil, cane sugar, honey), orange peel (7%), natural mango flavouring, natural blood orange flavouring, mango (2%), marigold petals, cornflower petals<br data-start=\"2543\" data-end=\"2546\" \/><strong data-start=\"2546\" data-end=\"2559\">Allergens<\/strong>: May contain traces of milk and nuts.<\/p>\n<hr class=\"\" data-start=\"2599\" data-end=\"2602\" \/>\n<h3 class=\"\" data-start=\"2604\" data-end=\"2628\">\ud83c\udf7d\ufe0f <strong data-start=\"2612\" data-end=\"2628\">Brewing tips<\/strong><\/h3>\n<ul data-start=\"2629\" data-end=\"2862\">\n<li class=\"\" data-start=\"2629\" data-end=\"2662\">\n<p class=\"\" data-start=\"2631\" data-end=\"2662\"><strong data-start=\"2631\" data-end=\"2652\">Water temperature<\/strong>: 100\u202f\u00b0C<\/p>\n<\/li>\n<li class=\"\" data-start=\"2663\" data-end=\"2698\">\n<p class=\"\" data-start=\"2665\" data-end=\"2698\"><strong data-start=\"2665\" data-end=\"2682\">Steeping time<\/strong>: 7\u201310 minutes<\/p>\n<\/li>\n<li class=\"\" data-start=\"2699\" data-end=\"2763\">\n<p class=\"\" data-start=\"2701\" data-end=\"2714\"><strong data-start=\"2701\" data-end=\"2713\">Quantity<\/strong>:<\/p>\n<ul data-start=\"2717\" data-end=\"2763\">\n<li class=\"\" data-start=\"2717\" data-end=\"2735\">\n<p class=\"\" data-start=\"2719\" data-end=\"2735\">3 g per 200 ml<\/p>\n<\/li>\n<li class=\"\" data-start=\"2738\" data-end=\"2763\">\n<p class=\"\" data-start=\"2740\" data-end=\"2763\"><strong data-start=\"2740\" data-end=\"2761\">12\u201315 g per litre<\/strong><\/p>\n<\/li>\n<\/ul>\n<\/li>\n<li class=\"\" data-start=\"2764\" data-end=\"2862\">\n<p class=\"\" data-start=\"2766\" data-end=\"2862\"><strong data-start=\"2766\" data-end=\"2788\">Serving suggestion<\/strong>: Perfect as iced tea with fruit pieces or hot for a comforting experience<\/p>\n<\/li>\n<\/ul>\n","protected":false},"excerpt":{"rendered":"<p>Fruity tea with mango and blood orange. 100 g pouch \u2013 tropical, caffeine-free and refreshing.<\/p>\n","protected":false},"featured_media":13538,"template":"","meta":[],"product_brand":[],"product_cat":[143],"product_tag":[],"class_list":{"0":"post-13540","1":"product","2":"type-product","3":"status-publish","4":"has-post-thumbnail","6":"product_cat-tea","8":"first","9":"instock","10":"taxable","11":"shipping-taxable","12":"purchasable","13":"product-type-simple"},"yoast_head":"<!-- This site is optimized with the Yoast SEO plugin v25.7 - https:\/\/yoast.com\/wordpress\/plugins\/seo\/ -->\n<title>Mangue \u2013 orange sanguine - La P&#039;tite Cerise<\/title>\n<meta name=\"robots\" content=\"index, follow, max-snippet:-1, max-image-preview:large, max-video-preview:-1\" \/>\n<link rel=\"canonical\" href=\"https:\/\/la-ptite-cerise.be\/en\/produit\/mangue-orange-sanguine\/\" \/>\n<meta property=\"og:locale\" content=\"en_US\" \/>\n<meta property=\"og:type\" content=\"article\" \/>\n<meta property=\"og:title\" content=\"Mangue \u2013 orange sanguine - La P&#039;tite Cerise\" \/>\n<meta property=\"og:description\" content=\"Fruity tea with mango and blood orange. 100 g pouch \u2013 tropical, caffeine-free and refreshing.\" \/>\n<meta property=\"og:url\" content=\"https:\/\/la-ptite-cerise.be\/en\/produit\/mangue-orange-sanguine\/\" \/>\n<meta property=\"og:site_name\" content=\"La P&#039;tite Cerise\" \/>\n<meta property=\"article:publisher\" content=\"https:\/\/www.facebook.com\/laptitecerise\/\" \/>\n<meta property=\"og:image\" content=\"https:\/\/la-ptite-cerise.be\/wp-content\/uploads\/2020\/12\/81131_1.jpeg\" \/>\n\t<meta property=\"og:image:width\" content=\"500\" \/>\n\t<meta property=\"og:image:height\" content=\"500\" \/>\n\t<meta property=\"og:image:type\" content=\"image\/jpeg\" \/>\n<meta name=\"twitter:card\" content=\"summary_large_image\" \/>\n<meta name=\"twitter:label1\" content=\"Est. reading time\" \/>\n\t<meta name=\"twitter:data1\" content=\"1 minute\" \/>\n<script type=\"application\/ld+json\" class=\"yoast-schema-graph\">{\"@context\":\"https:\/\/schema.org\",\"@graph\":[{\"@type\":\"WebPage\",\"@id\":\"https:\/\/la-ptite-cerise.be\/en\/produit\/mangue-orange-sanguine\/\",\"url\":\"https:\/\/la-ptite-cerise.be\/en\/produit\/mangue-orange-sanguine\/\",\"name\":\"Mangue \u2013 orange sanguine - La P&#039;tite Cerise\",\"isPartOf\":{\"@id\":\"https:\/\/la-ptite-cerise.be\/#website\"},\"primaryImageOfPage\":{\"@id\":\"https:\/\/la-ptite-cerise.be\/en\/produit\/mangue-orange-sanguine\/#primaryimage\"},\"image\":{\"@id\":\"https:\/\/la-ptite-cerise.be\/en\/produit\/mangue-orange-sanguine\/#primaryimage\"},\"thumbnailUrl\":\"https:\/\/la-ptite-cerise.be\/wp-content\/uploads\/2020\/12\/81131_1.jpeg\",\"datePublished\":\"2020-12-23T12:00:28+00:00\",\"breadcrumb\":{\"@id\":\"https:\/\/la-ptite-cerise.be\/en\/produit\/mangue-orange-sanguine\/#breadcrumb\"},\"inLanguage\":\"en-US\",\"potentialAction\":[{\"@type\":\"ReadAction\",\"target\":[\"https:\/\/la-ptite-cerise.be\/en\/produit\/mangue-orange-sanguine\/\"]}]},{\"@type\":\"ImageObject\",\"inLanguage\":\"en-US\",\"@id\":\"https:\/\/la-ptite-cerise.be\/en\/produit\/mangue-orange-sanguine\/#primaryimage\",\"url\":\"https:\/\/la-ptite-cerise.be\/wp-content\/uploads\/2020\/12\/81131_1.jpeg\",\"contentUrl\":\"https:\/\/la-ptite-cerise.be\/wp-content\/uploads\/2020\/12\/81131_1.jpeg\",\"width\":500,\"height\":500},{\"@type\":\"BreadcrumbList\",\"@id\":\"https:\/\/la-ptite-cerise.be\/en\/produit\/mangue-orange-sanguine\/#breadcrumb\",\"itemListElement\":[{\"@type\":\"ListItem\",\"position\":1,\"name\":\"Accueil\",\"item\":\"https:\/\/la-ptite-cerise.be\/en\/\"},{\"@type\":\"ListItem\",\"position\":2,\"name\":\"Store\",\"item\":\"https:\/\/la-ptite-cerise.be\/boutique\/\"},{\"@type\":\"ListItem\",\"position\":3,\"name\":\"Mangue \u2013 orange sanguine\"}]},{\"@type\":\"WebSite\",\"@id\":\"https:\/\/la-ptite-cerise.be\/#website\",\"url\":\"https:\/\/la-ptite-cerise.be\/\",\"name\":\"La P'tite Cerise\",\"description\":\"Artisan torr\u00e9facteur de caf\u00e9 de sp\u00e9cialit\u00e9. S\u00e9lection de th\u00e9s &amp; tisanes.\",\"publisher\":{\"@id\":\"https:\/\/la-ptite-cerise.be\/#organization\"},\"potentialAction\":[{\"@type\":\"SearchAction\",\"target\":{\"@type\":\"EntryPoint\",\"urlTemplate\":\"https:\/\/la-ptite-cerise.be\/?s={search_term_string}\"},\"query-input\":{\"@type\":\"PropertyValueSpecification\",\"valueRequired\":true,\"valueName\":\"search_term_string\"}}],\"inLanguage\":\"en-US\"},{\"@type\":\"Organization\",\"@id\":\"https:\/\/la-ptite-cerise.be\/#organization\",\"name\":\"La P'tite Cerise\",\"url\":\"https:\/\/la-ptite-cerise.be\/\",\"logo\":{\"@type\":\"ImageObject\",\"inLanguage\":\"en-US\",\"@id\":\"https:\/\/la-ptite-cerise.be\/#\/schema\/logo\/image\/\",\"url\":\"https:\/\/la-ptite-cerise.be\/wp-content\/uploads\/2020\/10\/logo-header-01.jpg\",\"contentUrl\":\"https:\/\/la-ptite-cerise.be\/wp-content\/uploads\/2020\/10\/logo-header-01.jpg\",\"width\":176,\"height\":100,\"caption\":\"La P'tite Cerise\"},\"image\":{\"@id\":\"https:\/\/la-ptite-cerise.be\/#\/schema\/logo\/image\/\"},\"sameAs\":[\"https:\/\/www.facebook.com\/laptitecerise\/\",\"https:\/\/www.instagram.com\/la.ptite_cerise\/\"]}]}<\/script>\n<!-- \/ Yoast SEO plugin. -->","yoast_head_json":{"title":"Mangue \u2013 orange sanguine - La P&#039;tite Cerise","robots":{"index":"index","follow":"follow","max-snippet":"max-snippet:-1","max-image-preview":"max-image-preview:large","max-video-preview":"max-video-preview:-1"},"canonical":"https:\/\/la-ptite-cerise.be\/en\/produit\/mangue-orange-sanguine\/","og_locale":"en_US","og_type":"article","og_title":"Mangue \u2013 orange sanguine - La P&#039;tite Cerise","og_description":"Fruity tea with mango and blood orange. 100 g pouch \u2013 tropical, caffeine-free and refreshing.","og_url":"https:\/\/la-ptite-cerise.be\/en\/produit\/mangue-orange-sanguine\/","og_site_name":"La P&#039;tite Cerise","article_publisher":"https:\/\/www.facebook.com\/laptitecerise\/","og_image":[{"width":500,"height":500,"url":"https:\/\/la-ptite-cerise.be\/wp-content\/uploads\/2020\/12\/81131_1.jpeg","type":"image\/jpeg"}],"twitter_card":"summary_large_image","twitter_misc":{"Est. reading time":"1 minute"},"schema":{"@context":"https:\/\/schema.org","@graph":[{"@type":"WebPage","@id":"https:\/\/la-ptite-cerise.be\/en\/produit\/mangue-orange-sanguine\/","url":"https:\/\/la-ptite-cerise.be\/en\/produit\/mangue-orange-sanguine\/","name":"Mangue \u2013 orange sanguine - La P&#039;tite Cerise","isPartOf":{"@id":"https:\/\/la-ptite-cerise.be\/#website"},"primaryImageOfPage":{"@id":"https:\/\/la-ptite-cerise.be\/en\/produit\/mangue-orange-sanguine\/#primaryimage"},"image":{"@id":"https:\/\/la-ptite-cerise.be\/en\/produit\/mangue-orange-sanguine\/#primaryimage"},"thumbnailUrl":"https:\/\/la-ptite-cerise.be\/wp-content\/uploads\/2020\/12\/81131_1.jpeg","datePublished":"2020-12-23T12:00:28+00:00","breadcrumb":{"@id":"https:\/\/la-ptite-cerise.be\/en\/produit\/mangue-orange-sanguine\/#breadcrumb"},"inLanguage":"en-US","potentialAction":[{"@type":"ReadAction","target":["https:\/\/la-ptite-cerise.be\/en\/produit\/mangue-orange-sanguine\/"]}]},{"@type":"ImageObject","inLanguage":"en-US","@id":"https:\/\/la-ptite-cerise.be\/en\/produit\/mangue-orange-sanguine\/#primaryimage","url":"https:\/\/la-ptite-cerise.be\/wp-content\/uploads\/2020\/12\/81131_1.jpeg","contentUrl":"https:\/\/la-ptite-cerise.be\/wp-content\/uploads\/2020\/12\/81131_1.jpeg","width":500,"height":500},{"@type":"BreadcrumbList","@id":"https:\/\/la-ptite-cerise.be\/en\/produit\/mangue-orange-sanguine\/#breadcrumb","itemListElement":[{"@type":"ListItem","position":1,"name":"Accueil","item":"https:\/\/la-ptite-cerise.be\/en\/"},{"@type":"ListItem","position":2,"name":"Store","item":"https:\/\/la-ptite-cerise.be\/boutique\/"},{"@type":"ListItem","position":3,"name":"Mangue \u2013 orange sanguine"}]},{"@type":"WebSite","@id":"https:\/\/la-ptite-cerise.be\/#website","url":"https:\/\/la-ptite-cerise.be\/","name":"La P'tite Cerise","description":"Artisan torr\u00e9facteur de caf\u00e9 de sp\u00e9cialit\u00e9. S\u00e9lection de th\u00e9s &amp; tisanes.","publisher":{"@id":"https:\/\/la-ptite-cerise.be\/#organization"},"potentialAction":[{"@type":"SearchAction","target":{"@type":"EntryPoint","urlTemplate":"https:\/\/la-ptite-cerise.be\/?s={search_term_string}"},"query-input":{"@type":"PropertyValueSpecification","valueRequired":true,"valueName":"search_term_string"}}],"inLanguage":"en-US"},{"@type":"Organization","@id":"https:\/\/la-ptite-cerise.be\/#organization","name":"La P'tite Cerise","url":"https:\/\/la-ptite-cerise.be\/","logo":{"@type":"ImageObject","inLanguage":"en-US","@id":"https:\/\/la-ptite-cerise.be\/#\/schema\/logo\/image\/","url":"https:\/\/la-ptite-cerise.be\/wp-content\/uploads\/2020\/10\/logo-header-01.jpg","contentUrl":"https:\/\/la-ptite-cerise.be\/wp-content\/uploads\/2020\/10\/logo-header-01.jpg","width":176,"height":100,"caption":"La P'tite Cerise"},"image":{"@id":"https:\/\/la-ptite-cerise.be\/#\/schema\/logo\/image\/"},"sameAs":["https:\/\/www.facebook.com\/laptitecerise\/","https:\/\/www.instagram.com\/la.ptite_cerise\/"]}]}},"_links":{"self":[{"href":"https:\/\/la-ptite-cerise.be\/en\/wp-json\/wp\/v2\/product\/13540","targetHints":{"allow":["GET"]}}],"collection":[{"href":"https:\/\/la-ptite-cerise.be\/en\/wp-json\/wp\/v2\/product"}],"about":[{"href":"https:\/\/la-ptite-cerise.be\/en\/wp-json\/wp\/v2\/types\/product"}],"wp:featuredmedia":[{"embeddable":true,"href":"https:\/\/la-ptite-cerise.be\/en\/wp-json\/wp\/v2\/media\/13538"}],"wp:attachment":[{"href":"https:\/\/la-ptite-cerise.be\/en\/wp-json\/wp\/v2\/media?parent=13540"}],"wp:term":[{"taxonomy":"product_brand","embeddable":true,"href":"https:\/\/la-ptite-cerise.be\/en\/wp-json\/wp\/v2\/product_brand?post=13540"},{"taxonomy":"product_cat","embeddable":true,"href":"https:\/\/la-ptite-cerise.be\/en\/wp-json\/wp\/v2\/product_cat?post=13540"},{"taxonomy":"product_tag","embeddable":true,"href":"https:\/\/la-ptite-cerise.be\/en\/wp-json\/wp\/v2\/product_tag?post=13540"}],"curies":[{"name":"wp","href":"https:\/\/api.w.org\/{rel}","templated":true}]}}