{"id":13556,"date":"2020-12-23T12:42:15","date_gmt":"2020-12-23T11:42:15","guid":{"rendered":"https:\/\/la-ptite-cerise.be\/produit\/le-secret-du-chaperon-rouge\/"},"modified":"2020-12-23T12:42:15","modified_gmt":"2020-12-23T11:42:15","slug":"le-secret-du-chaperon-rouge","status":"publish","type":"product","link":"https:\/\/la-ptite-cerise.be\/en\/produit\/le-secret-du-chaperon-rouge\/","title":{"rendered":"Le secret du chaperon rouge"},"content":{"rendered":"<h3 class=\"\" data-start=\"1575\" data-end=\"1640\"><strong data-start=\"1584\" data-end=\"1624\">Black Tea \u2013 Red Riding Hood&#8217;s Secret<\/strong> (100 g pouch)<\/h3>\n<p class=\"\" data-start=\"1641\" data-end=\"1696\"><strong data-start=\"1641\" data-end=\"1696\">A rich black tea with cocoa and wild berries notes.<\/strong><\/p>\n<p class=\"\" data-start=\"1698\" data-end=\"1943\">This indulgent blend brings together Assam and South India black teas, sweet raisins, crushed cocoa beans and wild berries like blueberry, currant and strawberry. Enhanced with natural flavourings, this creation is both comforting and delicious.<\/p>\n<p class=\"\" data-start=\"1945\" data-end=\"1999\">\ud83d\udcac <em data-start=\"1948\" data-end=\"1999\">Enjoy hot or iced for a truly gourmet tea moment.<\/em><\/p>\n<hr class=\"\" data-start=\"2001\" data-end=\"2004\" \/>\n<h3 class=\"\" data-start=\"2006\" data-end=\"2026\">\u2705 <strong data-start=\"2012\" data-end=\"2026\">Highlights<\/strong><\/h3>\n<ul data-start=\"2027\" data-end=\"2197\">\n<li class=\"\" data-start=\"2027\" data-end=\"2110\">\n<p class=\"\" data-start=\"2029\" data-end=\"2110\">Premium blend made with sustainably sourced ingredients and natural flavourings<\/p>\n<\/li>\n<li class=\"\" data-start=\"2111\" data-end=\"2158\">\n<p class=\"\" data-start=\"2113\" data-end=\"2158\">Deep cocoa notes with a fruity, tangy twist<\/p>\n<\/li>\n<li class=\"\" data-start=\"2159\" data-end=\"2197\">\n<p class=\"\" data-start=\"2161\" data-end=\"2197\">Perfect for an indulgent tea break<\/p>\n<\/li>\n<\/ul>\n<hr class=\"\" data-start=\"2199\" data-end=\"2202\" \/>\n<h3 class=\"\" data-start=\"2204\" data-end=\"2228\">\ud83e\uddfe <strong data-start=\"2211\" data-end=\"2226\">Ingredients<\/strong><\/h3>\n<p class=\"\" data-start=\"2229\" data-end=\"2479\">Black tea Assam, South India, raisin (raisin, vegetable oil), crushed cocoa beans, aronia, cocoa extract, natural strawberry flavour, natural blueberry flavour, wild blueberry, currant, strawberry<br data-start=\"2425\" data-end=\"2428\" \/><strong data-start=\"2428\" data-end=\"2441\">Allergens<\/strong>: May contain traces of milk and nuts.<\/p>\n<hr class=\"\" data-start=\"2481\" data-end=\"2484\" \/>\n<h3 class=\"\" data-start=\"2486\" data-end=\"2510\">\ud83c\udf7d\ufe0f <strong data-start=\"2494\" data-end=\"2510\">Brewing tips<\/strong><\/h3>\n<ul data-start=\"2511\" data-end=\"2726\">\n<li class=\"\" data-start=\"2511\" data-end=\"2544\">\n<p class=\"\" data-start=\"2513\" data-end=\"2544\"><strong data-start=\"2513\" data-end=\"2534\">Water temperature<\/strong>: 100\u202f\u00b0C<\/p>\n<\/li>\n<li class=\"\" data-start=\"2545\" data-end=\"2579\">\n<p class=\"\" data-start=\"2547\" data-end=\"2579\"><strong data-start=\"2547\" data-end=\"2564\">Steeping time<\/strong>: 3\u20135 minutes<\/p>\n<\/li>\n<li class=\"\" data-start=\"2580\" data-end=\"2641\">\n<p class=\"\" data-start=\"2582\" data-end=\"2595\"><strong data-start=\"2582\" data-end=\"2594\">Quantity<\/strong>:<\/p>\n<ul data-start=\"2598\" data-end=\"2641\">\n<li class=\"\" data-start=\"2598\" data-end=\"2616\">\n<p class=\"\" data-start=\"2600\" data-end=\"2616\">3 g per 200 ml<\/p>\n<\/li>\n<li class=\"\" data-start=\"2619\" data-end=\"2641\">\n<p class=\"\" data-start=\"2621\" data-end=\"2641\"><strong data-start=\"2621\" data-end=\"2639\">13 g per litre<\/strong><\/p>\n<\/li>\n<\/ul>\n<\/li>\n<li class=\"\" data-start=\"2642\" data-end=\"2726\">\n<p class=\"\" data-start=\"2644\" data-end=\"2726\"><strong data-start=\"2644\" data-end=\"2666\">Serving suggestion<\/strong>: Great hot with or without milk, or iced with fresh berries<\/p>\n<\/li>\n<\/ul>\n","protected":false},"excerpt":{"rendered":"<p>Black tea with cocoa and berries. 100 g pouch \u2013 rich, fruity and indulgent.<\/p>\n","protected":false},"featured_media":13554,"template":"","meta":[],"product_brand":[],"product_cat":[143],"product_tag":[],"class_list":{"0":"post-13556","1":"product","2":"type-product","3":"status-publish","4":"has-post-thumbnail","6":"product_cat-tea","8":"first","9":"instock","10":"taxable","11":"shipping-taxable","12":"purchasable","13":"product-type-simple"},"yoast_head":"<!-- This site is optimized with the Yoast SEO plugin v25.7 - https:\/\/yoast.com\/wordpress\/plugins\/seo\/ -->\n<title>Le secret du chaperon rouge - La P&#039;tite Cerise<\/title>\n<meta name=\"robots\" content=\"index, follow, max-snippet:-1, max-image-preview:large, max-video-preview:-1\" \/>\n<link rel=\"canonical\" href=\"https:\/\/la-ptite-cerise.be\/produit\/le-secret-du-chaperon-rouge\/\" \/>\n<meta property=\"og:locale\" content=\"en_US\" \/>\n<meta property=\"og:type\" content=\"article\" \/>\n<meta property=\"og:title\" content=\"Le secret du chaperon rouge - La P&#039;tite Cerise\" \/>\n<meta property=\"og:description\" content=\"Black tea with cocoa and berries. 100 g pouch \u2013 rich, fruity and indulgent.\" \/>\n<meta property=\"og:url\" content=\"https:\/\/la-ptite-cerise.be\/produit\/le-secret-du-chaperon-rouge\/\" \/>\n<meta property=\"og:site_name\" content=\"La P&#039;tite Cerise\" \/>\n<meta property=\"article:publisher\" content=\"https:\/\/www.facebook.com\/laptitecerise\/\" \/>\n<meta property=\"og:image\" content=\"https:\/\/la-ptite-cerise.be\/wp-content\/uploads\/2020\/12\/84097_1.jpeg\" \/>\n\t<meta property=\"og:image:width\" content=\"500\" \/>\n\t<meta property=\"og:image:height\" content=\"500\" \/>\n\t<meta property=\"og:image:type\" content=\"image\/jpeg\" \/>\n<meta name=\"twitter:card\" content=\"summary_large_image\" \/>\n<meta name=\"twitter:label1\" content=\"Est. reading time\" \/>\n\t<meta name=\"twitter:data1\" content=\"1 minute\" \/>\n<script type=\"application\/ld+json\" class=\"yoast-schema-graph\">{\"@context\":\"https:\/\/schema.org\",\"@graph\":[{\"@type\":\"WebPage\",\"@id\":\"https:\/\/la-ptite-cerise.be\/produit\/le-secret-du-chaperon-rouge\/\",\"url\":\"https:\/\/la-ptite-cerise.be\/produit\/le-secret-du-chaperon-rouge\/\",\"name\":\"Le secret du chaperon rouge - La P&#039;tite Cerise\",\"isPartOf\":{\"@id\":\"https:\/\/la-ptite-cerise.be\/#website\"},\"primaryImageOfPage\":{\"@id\":\"https:\/\/la-ptite-cerise.be\/produit\/le-secret-du-chaperon-rouge\/#primaryimage\"},\"image\":{\"@id\":\"https:\/\/la-ptite-cerise.be\/produit\/le-secret-du-chaperon-rouge\/#primaryimage\"},\"thumbnailUrl\":\"https:\/\/la-ptite-cerise.be\/wp-content\/uploads\/2020\/12\/84097_1.jpeg\",\"datePublished\":\"2020-12-23T11:42:15+00:00\",\"breadcrumb\":{\"@id\":\"https:\/\/la-ptite-cerise.be\/produit\/le-secret-du-chaperon-rouge\/#breadcrumb\"},\"inLanguage\":\"en-US\",\"potentialAction\":[{\"@type\":\"ReadAction\",\"target\":[\"https:\/\/la-ptite-cerise.be\/produit\/le-secret-du-chaperon-rouge\/\"]}]},{\"@type\":\"ImageObject\",\"inLanguage\":\"en-US\",\"@id\":\"https:\/\/la-ptite-cerise.be\/produit\/le-secret-du-chaperon-rouge\/#primaryimage\",\"url\":\"https:\/\/la-ptite-cerise.be\/wp-content\/uploads\/2020\/12\/84097_1.jpeg\",\"contentUrl\":\"https:\/\/la-ptite-cerise.be\/wp-content\/uploads\/2020\/12\/84097_1.jpeg\",\"width\":500,\"height\":500},{\"@type\":\"BreadcrumbList\",\"@id\":\"https:\/\/la-ptite-cerise.be\/produit\/le-secret-du-chaperon-rouge\/#breadcrumb\",\"itemListElement\":[{\"@type\":\"ListItem\",\"position\":1,\"name\":\"Accueil\",\"item\":\"https:\/\/la-ptite-cerise.be\/en\/\"},{\"@type\":\"ListItem\",\"position\":2,\"name\":\"Store\",\"item\":\"https:\/\/la-ptite-cerise.be\/boutique\/\"},{\"@type\":\"ListItem\",\"position\":3,\"name\":\"Le secret du chaperon rouge\"}]},{\"@type\":\"WebSite\",\"@id\":\"https:\/\/la-ptite-cerise.be\/#website\",\"url\":\"https:\/\/la-ptite-cerise.be\/\",\"name\":\"La P'tite Cerise\",\"description\":\"Artisan torr\u00e9facteur de caf\u00e9 de sp\u00e9cialit\u00e9. S\u00e9lection de th\u00e9s &amp; tisanes.\",\"publisher\":{\"@id\":\"https:\/\/la-ptite-cerise.be\/#organization\"},\"potentialAction\":[{\"@type\":\"SearchAction\",\"target\":{\"@type\":\"EntryPoint\",\"urlTemplate\":\"https:\/\/la-ptite-cerise.be\/?s={search_term_string}\"},\"query-input\":{\"@type\":\"PropertyValueSpecification\",\"valueRequired\":true,\"valueName\":\"search_term_string\"}}],\"inLanguage\":\"en-US\"},{\"@type\":\"Organization\",\"@id\":\"https:\/\/la-ptite-cerise.be\/#organization\",\"name\":\"La P'tite Cerise\",\"url\":\"https:\/\/la-ptite-cerise.be\/\",\"logo\":{\"@type\":\"ImageObject\",\"inLanguage\":\"en-US\",\"@id\":\"https:\/\/la-ptite-cerise.be\/#\/schema\/logo\/image\/\",\"url\":\"https:\/\/la-ptite-cerise.be\/wp-content\/uploads\/2020\/10\/logo-header-01.jpg\",\"contentUrl\":\"https:\/\/la-ptite-cerise.be\/wp-content\/uploads\/2020\/10\/logo-header-01.jpg\",\"width\":176,\"height\":100,\"caption\":\"La P'tite Cerise\"},\"image\":{\"@id\":\"https:\/\/la-ptite-cerise.be\/#\/schema\/logo\/image\/\"},\"sameAs\":[\"https:\/\/www.facebook.com\/laptitecerise\/\",\"https:\/\/www.instagram.com\/la.ptite_cerise\/\"]}]}<\/script>\n<!-- \/ Yoast SEO plugin. -->","yoast_head_json":{"title":"Le secret du chaperon rouge - La P&#039;tite Cerise","robots":{"index":"index","follow":"follow","max-snippet":"max-snippet:-1","max-image-preview":"max-image-preview:large","max-video-preview":"max-video-preview:-1"},"canonical":"https:\/\/la-ptite-cerise.be\/produit\/le-secret-du-chaperon-rouge\/","og_locale":"en_US","og_type":"article","og_title":"Le secret du chaperon rouge - La P&#039;tite Cerise","og_description":"Black tea with cocoa and berries. 100 g pouch \u2013 rich, fruity and indulgent.","og_url":"https:\/\/la-ptite-cerise.be\/produit\/le-secret-du-chaperon-rouge\/","og_site_name":"La P&#039;tite Cerise","article_publisher":"https:\/\/www.facebook.com\/laptitecerise\/","og_image":[{"width":500,"height":500,"url":"https:\/\/la-ptite-cerise.be\/wp-content\/uploads\/2020\/12\/84097_1.jpeg","type":"image\/jpeg"}],"twitter_card":"summary_large_image","twitter_misc":{"Est. reading time":"1 minute"},"schema":{"@context":"https:\/\/schema.org","@graph":[{"@type":"WebPage","@id":"https:\/\/la-ptite-cerise.be\/produit\/le-secret-du-chaperon-rouge\/","url":"https:\/\/la-ptite-cerise.be\/produit\/le-secret-du-chaperon-rouge\/","name":"Le secret du chaperon rouge - La P&#039;tite Cerise","isPartOf":{"@id":"https:\/\/la-ptite-cerise.be\/#website"},"primaryImageOfPage":{"@id":"https:\/\/la-ptite-cerise.be\/produit\/le-secret-du-chaperon-rouge\/#primaryimage"},"image":{"@id":"https:\/\/la-ptite-cerise.be\/produit\/le-secret-du-chaperon-rouge\/#primaryimage"},"thumbnailUrl":"https:\/\/la-ptite-cerise.be\/wp-content\/uploads\/2020\/12\/84097_1.jpeg","datePublished":"2020-12-23T11:42:15+00:00","breadcrumb":{"@id":"https:\/\/la-ptite-cerise.be\/produit\/le-secret-du-chaperon-rouge\/#breadcrumb"},"inLanguage":"en-US","potentialAction":[{"@type":"ReadAction","target":["https:\/\/la-ptite-cerise.be\/produit\/le-secret-du-chaperon-rouge\/"]}]},{"@type":"ImageObject","inLanguage":"en-US","@id":"https:\/\/la-ptite-cerise.be\/produit\/le-secret-du-chaperon-rouge\/#primaryimage","url":"https:\/\/la-ptite-cerise.be\/wp-content\/uploads\/2020\/12\/84097_1.jpeg","contentUrl":"https:\/\/la-ptite-cerise.be\/wp-content\/uploads\/2020\/12\/84097_1.jpeg","width":500,"height":500},{"@type":"BreadcrumbList","@id":"https:\/\/la-ptite-cerise.be\/produit\/le-secret-du-chaperon-rouge\/#breadcrumb","itemListElement":[{"@type":"ListItem","position":1,"name":"Accueil","item":"https:\/\/la-ptite-cerise.be\/en\/"},{"@type":"ListItem","position":2,"name":"Store","item":"https:\/\/la-ptite-cerise.be\/boutique\/"},{"@type":"ListItem","position":3,"name":"Le secret du chaperon rouge"}]},{"@type":"WebSite","@id":"https:\/\/la-ptite-cerise.be\/#website","url":"https:\/\/la-ptite-cerise.be\/","name":"La P'tite Cerise","description":"Artisan torr\u00e9facteur de caf\u00e9 de sp\u00e9cialit\u00e9. S\u00e9lection de th\u00e9s &amp; tisanes.","publisher":{"@id":"https:\/\/la-ptite-cerise.be\/#organization"},"potentialAction":[{"@type":"SearchAction","target":{"@type":"EntryPoint","urlTemplate":"https:\/\/la-ptite-cerise.be\/?s={search_term_string}"},"query-input":{"@type":"PropertyValueSpecification","valueRequired":true,"valueName":"search_term_string"}}],"inLanguage":"en-US"},{"@type":"Organization","@id":"https:\/\/la-ptite-cerise.be\/#organization","name":"La P'tite Cerise","url":"https:\/\/la-ptite-cerise.be\/","logo":{"@type":"ImageObject","inLanguage":"en-US","@id":"https:\/\/la-ptite-cerise.be\/#\/schema\/logo\/image\/","url":"https:\/\/la-ptite-cerise.be\/wp-content\/uploads\/2020\/10\/logo-header-01.jpg","contentUrl":"https:\/\/la-ptite-cerise.be\/wp-content\/uploads\/2020\/10\/logo-header-01.jpg","width":176,"height":100,"caption":"La P'tite Cerise"},"image":{"@id":"https:\/\/la-ptite-cerise.be\/#\/schema\/logo\/image\/"},"sameAs":["https:\/\/www.facebook.com\/laptitecerise\/","https:\/\/www.instagram.com\/la.ptite_cerise\/"]}]}},"_links":{"self":[{"href":"https:\/\/la-ptite-cerise.be\/en\/wp-json\/wp\/v2\/product\/13556","targetHints":{"allow":["GET"]}}],"collection":[{"href":"https:\/\/la-ptite-cerise.be\/en\/wp-json\/wp\/v2\/product"}],"about":[{"href":"https:\/\/la-ptite-cerise.be\/en\/wp-json\/wp\/v2\/types\/product"}],"wp:featuredmedia":[{"embeddable":true,"href":"https:\/\/la-ptite-cerise.be\/en\/wp-json\/wp\/v2\/media\/13554"}],"wp:attachment":[{"href":"https:\/\/la-ptite-cerise.be\/en\/wp-json\/wp\/v2\/media?parent=13556"}],"wp:term":[{"taxonomy":"product_brand","embeddable":true,"href":"https:\/\/la-ptite-cerise.be\/en\/wp-json\/wp\/v2\/product_brand?post=13556"},{"taxonomy":"product_cat","embeddable":true,"href":"https:\/\/la-ptite-cerise.be\/en\/wp-json\/wp\/v2\/product_cat?post=13556"},{"taxonomy":"product_tag","embeddable":true,"href":"https:\/\/la-ptite-cerise.be\/en\/wp-json\/wp\/v2\/product_tag?post=13556"}],"curies":[{"name":"wp","href":"https:\/\/api.w.org\/{rel}","templated":true}]}}