{"id":13601,"date":"2020-12-08T22:37:03","date_gmt":"2020-12-08T21:37:03","guid":{"rendered":"https:\/\/la-ptite-cerise.be\/produit\/tisane-des-alpes\/"},"modified":"2020-12-08T22:37:03","modified_gmt":"2020-12-08T21:37:03","slug":"tisane-des-alpes","status":"publish","type":"product","link":"https:\/\/la-ptite-cerise.be\/en\/produit\/tisane-des-alpes\/","title":{"rendered":"Tisane des Alpes"},"content":{"rendered":"<h3 class=\"\" data-start=\"1757\" data-end=\"1811\"><strong data-start=\"1766\" data-end=\"1795\">Herbal Tea \u2013 Alpine Blend<\/strong> (100 g pouch)<\/h3>\n<p class=\"\" data-start=\"1812\" data-end=\"1886\"><strong data-start=\"1812\" data-end=\"1886\">A soothing herbal blend with a gentle orange flavour and alpine herbs.<\/strong><\/p>\n<p class=\"\" data-start=\"1888\" data-end=\"2122\">This comforting infusion blends carrot, ginger, rooibos and orange peel with peppermint, verbena and passionflower. Enhanced with natural orange and mint flavours, it\u2019s naturally caffeine-free and perfect for unwinding in the evening.<\/p>\n<p class=\"\" data-start=\"2124\" data-end=\"2180\">\ud83d\udcac <em data-start=\"2127\" data-end=\"2180\">Great for cosy moments or after outdoor activities.<\/em><\/p>\n<hr class=\"\" data-start=\"2182\" data-end=\"2185\" \/>\n<h3 class=\"\" data-start=\"2187\" data-end=\"2207\">\u2705 <strong data-start=\"2193\" data-end=\"2207\">Highlights<\/strong><\/h3>\n<ul data-start=\"2208\" data-end=\"2383\">\n<li class=\"\" data-start=\"2208\" data-end=\"2286\">\n<p class=\"\" data-start=\"2210\" data-end=\"2286\">Premium blend with sustainably sourced ingredients and natural flavourings<\/p>\n<\/li>\n<li class=\"\" data-start=\"2287\" data-end=\"2331\">\n<p class=\"\" data-start=\"2289\" data-end=\"2331\">Orange and herbal profile, caffeine-free<\/p>\n<\/li>\n<li class=\"\" data-start=\"2332\" data-end=\"2383\">\n<p class=\"\" data-start=\"2334\" data-end=\"2383\">Perfect for relaxing moments at any time of day<\/p>\n<\/li>\n<\/ul>\n<hr class=\"\" data-start=\"2385\" data-end=\"2388\" \/>\n<h3 class=\"\" data-start=\"2390\" data-end=\"2414\">\ud83e\uddfe <strong data-start=\"2397\" data-end=\"2412\">Ingredients<\/strong><\/h3>\n<p class=\"\" data-start=\"2415\" data-end=\"2685\">Carrot, ginger, orange peel, natural rooibos, apple, blackberry leaves, ginger (ginger, raw cane sugar), peppermint, whole verbena, natural orange flavour, passionflower, natural peppermint flavour, cornflower petals<br data-start=\"2631\" data-end=\"2634\" \/><strong data-start=\"2634\" data-end=\"2647\">Allergens<\/strong>: May contain traces of milk and nuts.<\/p>\n<hr class=\"\" data-start=\"2687\" data-end=\"2690\" \/>\n<h3 class=\"\" data-start=\"2692\" data-end=\"2716\">\ud83c\udf7d\ufe0f <strong data-start=\"2700\" data-end=\"2716\">Brewing tips<\/strong><\/h3>\n<ul data-start=\"2717\" data-end=\"2935\">\n<li class=\"\" data-start=\"2717\" data-end=\"2750\">\n<p class=\"\" data-start=\"2719\" data-end=\"2750\"><strong data-start=\"2719\" data-end=\"2740\">Water temperature<\/strong>: 100\u202f\u00b0C<\/p>\n<\/li>\n<li class=\"\" data-start=\"2751\" data-end=\"2787\">\n<p class=\"\" data-start=\"2753\" data-end=\"2787\"><strong data-start=\"2753\" data-end=\"2770\">Steeping time<\/strong>: 10\u201312 minutes<\/p>\n<\/li>\n<li class=\"\" data-start=\"2788\" data-end=\"2852\">\n<p class=\"\" data-start=\"2790\" data-end=\"2803\"><strong data-start=\"2790\" data-end=\"2802\">Quantity<\/strong>:<\/p>\n<ul data-start=\"2806\" data-end=\"2852\">\n<li class=\"\" data-start=\"2806\" data-end=\"2824\">\n<p class=\"\" data-start=\"2808\" data-end=\"2824\">3 g per 200 ml<\/p>\n<\/li>\n<li class=\"\" data-start=\"2827\" data-end=\"2852\">\n<p class=\"\" data-start=\"2829\" data-end=\"2852\"><strong data-start=\"2829\" data-end=\"2850\">15\u201320 g per litre<\/strong><\/p>\n<\/li>\n<\/ul>\n<\/li>\n<li class=\"\" data-start=\"2853\" data-end=\"2935\">\n<p class=\"\" data-start=\"2855\" data-end=\"2935\"><strong data-start=\"2855\" data-end=\"2877\">Serving suggestion<\/strong>: Enjoy warm with a bit of honey for a soothing experience<\/p>\n<\/li>\n<\/ul>\n","protected":false},"excerpt":{"rendered":"<p>Fruity herbal tea with orange and alpine herbs. 100 g pouch \u2013 gentle and caffeine-free.<\/p>\n","protected":false},"featured_media":8258,"template":"","meta":[],"product_brand":[],"product_cat":[143],"product_tag":[],"class_list":{"0":"post-13601","1":"product","2":"type-product","3":"status-publish","4":"has-post-thumbnail","6":"product_cat-tea","8":"first","9":"instock","10":"taxable","11":"shipping-taxable","12":"purchasable","13":"product-type-simple"},"yoast_head":"<!-- This site is optimized with the Yoast SEO plugin v25.7 - https:\/\/yoast.com\/wordpress\/plugins\/seo\/ -->\n<title>Tisane des Alpes - La P&#039;tite Cerise<\/title>\n<meta name=\"robots\" content=\"index, follow, max-snippet:-1, max-image-preview:large, max-video-preview:-1\" \/>\n<link rel=\"canonical\" href=\"https:\/\/la-ptite-cerise.be\/produit\/tisane-des-alpes\/\" \/>\n<meta property=\"og:locale\" content=\"en_US\" \/>\n<meta property=\"og:type\" content=\"article\" \/>\n<meta property=\"og:title\" content=\"Tisane des Alpes - La P&#039;tite Cerise\" \/>\n<meta property=\"og:description\" content=\"Fruity herbal tea with orange and alpine herbs. 100 g pouch \u2013 gentle and caffeine-free.\" \/>\n<meta property=\"og:url\" content=\"https:\/\/la-ptite-cerise.be\/produit\/tisane-des-alpes\/\" \/>\n<meta property=\"og:site_name\" content=\"La P&#039;tite Cerise\" \/>\n<meta property=\"article:publisher\" content=\"https:\/\/www.facebook.com\/laptitecerise\/\" \/>\n<meta property=\"og:image\" content=\"https:\/\/la-ptite-cerise.be\/wp-content\/uploads\/2020\/12\/82324_Alpenpanorama_BIO_-_Alps_Panorama_ORGANIC.jpg\" \/>\n\t<meta property=\"og:image:width\" content=\"500\" \/>\n\t<meta property=\"og:image:height\" content=\"500\" \/>\n\t<meta property=\"og:image:type\" content=\"image\/jpeg\" \/>\n<meta name=\"twitter:card\" content=\"summary_large_image\" \/>\n<meta name=\"twitter:label1\" content=\"Est. reading time\" \/>\n\t<meta name=\"twitter:data1\" content=\"1 minute\" \/>\n<script type=\"application\/ld+json\" class=\"yoast-schema-graph\">{\"@context\":\"https:\/\/schema.org\",\"@graph\":[{\"@type\":\"WebPage\",\"@id\":\"https:\/\/la-ptite-cerise.be\/produit\/tisane-des-alpes\/\",\"url\":\"https:\/\/la-ptite-cerise.be\/produit\/tisane-des-alpes\/\",\"name\":\"Tisane des Alpes - La P&#039;tite Cerise\",\"isPartOf\":{\"@id\":\"https:\/\/la-ptite-cerise.be\/#website\"},\"primaryImageOfPage\":{\"@id\":\"https:\/\/la-ptite-cerise.be\/produit\/tisane-des-alpes\/#primaryimage\"},\"image\":{\"@id\":\"https:\/\/la-ptite-cerise.be\/produit\/tisane-des-alpes\/#primaryimage\"},\"thumbnailUrl\":\"https:\/\/la-ptite-cerise.be\/wp-content\/uploads\/2020\/12\/82324_Alpenpanorama_BIO_-_Alps_Panorama_ORGANIC.jpg\",\"datePublished\":\"2020-12-08T21:37:03+00:00\",\"breadcrumb\":{\"@id\":\"https:\/\/la-ptite-cerise.be\/produit\/tisane-des-alpes\/#breadcrumb\"},\"inLanguage\":\"en-US\",\"potentialAction\":[{\"@type\":\"ReadAction\",\"target\":[\"https:\/\/la-ptite-cerise.be\/produit\/tisane-des-alpes\/\"]}]},{\"@type\":\"ImageObject\",\"inLanguage\":\"en-US\",\"@id\":\"https:\/\/la-ptite-cerise.be\/produit\/tisane-des-alpes\/#primaryimage\",\"url\":\"https:\/\/la-ptite-cerise.be\/wp-content\/uploads\/2020\/12\/82324_Alpenpanorama_BIO_-_Alps_Panorama_ORGANIC.jpg\",\"contentUrl\":\"https:\/\/la-ptite-cerise.be\/wp-content\/uploads\/2020\/12\/82324_Alpenpanorama_BIO_-_Alps_Panorama_ORGANIC.jpg\",\"width\":500,\"height\":500},{\"@type\":\"BreadcrumbList\",\"@id\":\"https:\/\/la-ptite-cerise.be\/produit\/tisane-des-alpes\/#breadcrumb\",\"itemListElement\":[{\"@type\":\"ListItem\",\"position\":1,\"name\":\"Accueil\",\"item\":\"https:\/\/la-ptite-cerise.be\/en\/\"},{\"@type\":\"ListItem\",\"position\":2,\"name\":\"Store\",\"item\":\"https:\/\/la-ptite-cerise.be\/boutique\/\"},{\"@type\":\"ListItem\",\"position\":3,\"name\":\"Tisane des Alpes\"}]},{\"@type\":\"WebSite\",\"@id\":\"https:\/\/la-ptite-cerise.be\/#website\",\"url\":\"https:\/\/la-ptite-cerise.be\/\",\"name\":\"La P'tite Cerise\",\"description\":\"Artisan torr\u00e9facteur de caf\u00e9 de sp\u00e9cialit\u00e9. S\u00e9lection de th\u00e9s &amp; tisanes.\",\"publisher\":{\"@id\":\"https:\/\/la-ptite-cerise.be\/#organization\"},\"potentialAction\":[{\"@type\":\"SearchAction\",\"target\":{\"@type\":\"EntryPoint\",\"urlTemplate\":\"https:\/\/la-ptite-cerise.be\/?s={search_term_string}\"},\"query-input\":{\"@type\":\"PropertyValueSpecification\",\"valueRequired\":true,\"valueName\":\"search_term_string\"}}],\"inLanguage\":\"en-US\"},{\"@type\":\"Organization\",\"@id\":\"https:\/\/la-ptite-cerise.be\/#organization\",\"name\":\"La P'tite Cerise\",\"url\":\"https:\/\/la-ptite-cerise.be\/\",\"logo\":{\"@type\":\"ImageObject\",\"inLanguage\":\"en-US\",\"@id\":\"https:\/\/la-ptite-cerise.be\/#\/schema\/logo\/image\/\",\"url\":\"https:\/\/la-ptite-cerise.be\/wp-content\/uploads\/2020\/10\/logo-header-01.jpg\",\"contentUrl\":\"https:\/\/la-ptite-cerise.be\/wp-content\/uploads\/2020\/10\/logo-header-01.jpg\",\"width\":176,\"height\":100,\"caption\":\"La P'tite Cerise\"},\"image\":{\"@id\":\"https:\/\/la-ptite-cerise.be\/#\/schema\/logo\/image\/\"},\"sameAs\":[\"https:\/\/www.facebook.com\/laptitecerise\/\",\"https:\/\/www.instagram.com\/la.ptite_cerise\/\"]}]}<\/script>\n<!-- \/ Yoast SEO plugin. -->","yoast_head_json":{"title":"Tisane des Alpes - La P&#039;tite Cerise","robots":{"index":"index","follow":"follow","max-snippet":"max-snippet:-1","max-image-preview":"max-image-preview:large","max-video-preview":"max-video-preview:-1"},"canonical":"https:\/\/la-ptite-cerise.be\/produit\/tisane-des-alpes\/","og_locale":"en_US","og_type":"article","og_title":"Tisane des Alpes - La P&#039;tite Cerise","og_description":"Fruity herbal tea with orange and alpine herbs. 100 g pouch \u2013 gentle and caffeine-free.","og_url":"https:\/\/la-ptite-cerise.be\/produit\/tisane-des-alpes\/","og_site_name":"La P&#039;tite Cerise","article_publisher":"https:\/\/www.facebook.com\/laptitecerise\/","og_image":[{"width":500,"height":500,"url":"https:\/\/la-ptite-cerise.be\/wp-content\/uploads\/2020\/12\/82324_Alpenpanorama_BIO_-_Alps_Panorama_ORGANIC.jpg","type":"image\/jpeg"}],"twitter_card":"summary_large_image","twitter_misc":{"Est. reading time":"1 minute"},"schema":{"@context":"https:\/\/schema.org","@graph":[{"@type":"WebPage","@id":"https:\/\/la-ptite-cerise.be\/produit\/tisane-des-alpes\/","url":"https:\/\/la-ptite-cerise.be\/produit\/tisane-des-alpes\/","name":"Tisane des Alpes - La P&#039;tite Cerise","isPartOf":{"@id":"https:\/\/la-ptite-cerise.be\/#website"},"primaryImageOfPage":{"@id":"https:\/\/la-ptite-cerise.be\/produit\/tisane-des-alpes\/#primaryimage"},"image":{"@id":"https:\/\/la-ptite-cerise.be\/produit\/tisane-des-alpes\/#primaryimage"},"thumbnailUrl":"https:\/\/la-ptite-cerise.be\/wp-content\/uploads\/2020\/12\/82324_Alpenpanorama_BIO_-_Alps_Panorama_ORGANIC.jpg","datePublished":"2020-12-08T21:37:03+00:00","breadcrumb":{"@id":"https:\/\/la-ptite-cerise.be\/produit\/tisane-des-alpes\/#breadcrumb"},"inLanguage":"en-US","potentialAction":[{"@type":"ReadAction","target":["https:\/\/la-ptite-cerise.be\/produit\/tisane-des-alpes\/"]}]},{"@type":"ImageObject","inLanguage":"en-US","@id":"https:\/\/la-ptite-cerise.be\/produit\/tisane-des-alpes\/#primaryimage","url":"https:\/\/la-ptite-cerise.be\/wp-content\/uploads\/2020\/12\/82324_Alpenpanorama_BIO_-_Alps_Panorama_ORGANIC.jpg","contentUrl":"https:\/\/la-ptite-cerise.be\/wp-content\/uploads\/2020\/12\/82324_Alpenpanorama_BIO_-_Alps_Panorama_ORGANIC.jpg","width":500,"height":500},{"@type":"BreadcrumbList","@id":"https:\/\/la-ptite-cerise.be\/produit\/tisane-des-alpes\/#breadcrumb","itemListElement":[{"@type":"ListItem","position":1,"name":"Accueil","item":"https:\/\/la-ptite-cerise.be\/en\/"},{"@type":"ListItem","position":2,"name":"Store","item":"https:\/\/la-ptite-cerise.be\/boutique\/"},{"@type":"ListItem","position":3,"name":"Tisane des Alpes"}]},{"@type":"WebSite","@id":"https:\/\/la-ptite-cerise.be\/#website","url":"https:\/\/la-ptite-cerise.be\/","name":"La P'tite Cerise","description":"Artisan torr\u00e9facteur de caf\u00e9 de sp\u00e9cialit\u00e9. S\u00e9lection de th\u00e9s &amp; tisanes.","publisher":{"@id":"https:\/\/la-ptite-cerise.be\/#organization"},"potentialAction":[{"@type":"SearchAction","target":{"@type":"EntryPoint","urlTemplate":"https:\/\/la-ptite-cerise.be\/?s={search_term_string}"},"query-input":{"@type":"PropertyValueSpecification","valueRequired":true,"valueName":"search_term_string"}}],"inLanguage":"en-US"},{"@type":"Organization","@id":"https:\/\/la-ptite-cerise.be\/#organization","name":"La P'tite Cerise","url":"https:\/\/la-ptite-cerise.be\/","logo":{"@type":"ImageObject","inLanguage":"en-US","@id":"https:\/\/la-ptite-cerise.be\/#\/schema\/logo\/image\/","url":"https:\/\/la-ptite-cerise.be\/wp-content\/uploads\/2020\/10\/logo-header-01.jpg","contentUrl":"https:\/\/la-ptite-cerise.be\/wp-content\/uploads\/2020\/10\/logo-header-01.jpg","width":176,"height":100,"caption":"La P'tite Cerise"},"image":{"@id":"https:\/\/la-ptite-cerise.be\/#\/schema\/logo\/image\/"},"sameAs":["https:\/\/www.facebook.com\/laptitecerise\/","https:\/\/www.instagram.com\/la.ptite_cerise\/"]}]}},"_links":{"self":[{"href":"https:\/\/la-ptite-cerise.be\/en\/wp-json\/wp\/v2\/product\/13601","targetHints":{"allow":["GET"]}}],"collection":[{"href":"https:\/\/la-ptite-cerise.be\/en\/wp-json\/wp\/v2\/product"}],"about":[{"href":"https:\/\/la-ptite-cerise.be\/en\/wp-json\/wp\/v2\/types\/product"}],"wp:featuredmedia":[{"embeddable":true,"href":"https:\/\/la-ptite-cerise.be\/en\/wp-json\/wp\/v2\/media\/8258"}],"wp:attachment":[{"href":"https:\/\/la-ptite-cerise.be\/en\/wp-json\/wp\/v2\/media?parent=13601"}],"wp:term":[{"taxonomy":"product_brand","embeddable":true,"href":"https:\/\/la-ptite-cerise.be\/en\/wp-json\/wp\/v2\/product_brand?post=13601"},{"taxonomy":"product_cat","embeddable":true,"href":"https:\/\/la-ptite-cerise.be\/en\/wp-json\/wp\/v2\/product_cat?post=13601"},{"taxonomy":"product_tag","embeddable":true,"href":"https:\/\/la-ptite-cerise.be\/en\/wp-json\/wp\/v2\/product_tag?post=13601"}],"curies":[{"name":"wp","href":"https:\/\/api.w.org\/{rel}","templated":true}]}}