{"id":13607,"date":"2020-12-08T22:32:18","date_gmt":"2020-12-08T21:32:18","guid":{"rendered":"https:\/\/la-ptite-cerise.be\/produit\/paix-interieur\/"},"modified":"2020-12-08T22:32:18","modified_gmt":"2020-12-08T21:32:18","slug":"paix-interieur","status":"publish","type":"product","link":"https:\/\/la-ptite-cerise.be\/en\/produit\/paix-interieur\/","title":{"rendered":"Paix int\u00e9rieur"},"content":{"rendered":"<h3 class=\"\" data-start=\"1405\" data-end=\"1458\"><strong data-start=\"1414\" data-end=\"1442\">Herbal Tea \u2013 Inner Peace<\/strong> (100 g pouch)<\/h3>\n<p class=\"\" data-start=\"1459\" data-end=\"1526\"><strong data-start=\"1459\" data-end=\"1526\">A pure and soothing herbal blend to help find balance and calm.<\/strong><\/p>\n<p class=\"\" data-start=\"1528\" data-end=\"1715\">This naturally caffeine-free infusion features lemon balm, chamomile, nettle and blackberry leaves. Non-flavoured and gentle, it\u2019s perfect for quiet moments or a relaxing evening routine.<\/p>\n<p class=\"\" data-start=\"1717\" data-end=\"1770\">\ud83d\udcac <em data-start=\"1720\" data-end=\"1770\">A warm and grounding infusion for body and mind.<\/em><\/p>\n<hr class=\"\" data-start=\"1772\" data-end=\"1775\" \/>\n<h3 class=\"\" data-start=\"1777\" data-end=\"1797\">\u2705 <strong data-start=\"1783\" data-end=\"1797\">Highlights<\/strong><\/h3>\n<ul data-start=\"1798\" data-end=\"1932\">\n<li class=\"\" data-start=\"1798\" data-end=\"1859\">\n<p class=\"\" data-start=\"1800\" data-end=\"1859\">Premium herbal blend with sustainably sourced ingredients<\/p>\n<\/li>\n<li class=\"\" data-start=\"1860\" data-end=\"1892\">\n<p class=\"\" data-start=\"1862\" data-end=\"1892\">Non-flavoured, caffeine-free<\/p>\n<\/li>\n<li class=\"\" data-start=\"1893\" data-end=\"1932\">\n<p class=\"\" data-start=\"1895\" data-end=\"1932\">Soothing and ideal for winding down<\/p>\n<\/li>\n<\/ul>\n<hr class=\"\" data-start=\"1934\" data-end=\"1937\" \/>\n<h3 class=\"\" data-start=\"1939\" data-end=\"1963\">\ud83e\uddfe <strong data-start=\"1946\" data-end=\"1961\">Ingredients<\/strong><\/h3>\n<p class=\"\" data-start=\"1964\" data-end=\"2066\">Lemon balm, blackberry leaves, nettle, chamomile<br data-start=\"2012\" data-end=\"2015\" \/><strong data-start=\"2015\" data-end=\"2028\">Allergens<\/strong>: May contain traces of milk and nuts.<\/p>\n<hr class=\"\" data-start=\"2068\" data-end=\"2071\" \/>\n<h3 class=\"\" data-start=\"2073\" data-end=\"2097\">\ud83c\udf7d\ufe0f <strong data-start=\"2081\" data-end=\"2097\">Brewing tips<\/strong><\/h3>\n<ul data-start=\"2098\" data-end=\"2306\">\n<li class=\"\" data-start=\"2098\" data-end=\"2131\">\n<p class=\"\" data-start=\"2100\" data-end=\"2131\"><strong data-start=\"2100\" data-end=\"2121\">Water temperature<\/strong>: 100\u202f\u00b0C<\/p>\n<\/li>\n<li class=\"\" data-start=\"2132\" data-end=\"2167\">\n<p class=\"\" data-start=\"2134\" data-end=\"2167\"><strong data-start=\"2134\" data-end=\"2151\">Steeping time<\/strong>: 6\u201310 minutes<\/p>\n<\/li>\n<li class=\"\" data-start=\"2168\" data-end=\"2232\">\n<p class=\"\" data-start=\"2170\" data-end=\"2183\"><strong data-start=\"2170\" data-end=\"2182\">Quantity<\/strong>:<\/p>\n<ul data-start=\"2186\" data-end=\"2232\">\n<li class=\"\" data-start=\"2186\" data-end=\"2204\">\n<p class=\"\" data-start=\"2188\" data-end=\"2204\">3 g per 200 ml<\/p>\n<\/li>\n<li class=\"\" data-start=\"2207\" data-end=\"2232\">\n<p class=\"\" data-start=\"2209\" data-end=\"2232\"><strong data-start=\"2209\" data-end=\"2230\">13\u201318 g per litre<\/strong><\/p>\n<\/li>\n<\/ul>\n<\/li>\n<li class=\"\" data-start=\"2233\" data-end=\"2306\">\n<p class=\"\" data-start=\"2235\" data-end=\"2306\"><strong data-start=\"2235\" data-end=\"2257\">Serving suggestion<\/strong>: Enjoy warm and plain, especially in the evening<\/p>\n<\/li>\n<\/ul>\n","protected":false},"excerpt":{"rendered":"<p>Non-flavoured herbal tea for calm and balance. 100 g pouch \u2013 naturally soothing.<\/p>\n","protected":false},"featured_media":13606,"template":"","meta":[],"product_brand":[],"product_cat":[143],"product_tag":[],"class_list":{"0":"post-13607","1":"product","2":"type-product","3":"status-publish","4":"has-post-thumbnail","6":"product_cat-tea","8":"first","9":"instock","10":"taxable","11":"shipping-taxable","12":"purchasable","13":"product-type-simple"},"yoast_head":"<!-- This site is optimized with the Yoast SEO plugin v25.7 - https:\/\/yoast.com\/wordpress\/plugins\/seo\/ -->\n<title>Paix int\u00e9rieur - La P&#039;tite Cerise<\/title>\n<meta name=\"robots\" content=\"index, follow, max-snippet:-1, max-image-preview:large, max-video-preview:-1\" \/>\n<link rel=\"canonical\" href=\"https:\/\/la-ptite-cerise.be\/produit\/paix-interieur\/\" \/>\n<meta property=\"og:locale\" content=\"en_US\" \/>\n<meta property=\"og:type\" content=\"article\" \/>\n<meta property=\"og:title\" content=\"Paix int\u00e9rieur - La P&#039;tite Cerise\" \/>\n<meta property=\"og:description\" content=\"Non-flavoured herbal tea for calm and balance. 100 g pouch \u2013 naturally soothing.\" \/>\n<meta property=\"og:url\" content=\"https:\/\/la-ptite-cerise.be\/produit\/paix-interieur\/\" \/>\n<meta property=\"og:site_name\" content=\"La P&#039;tite Cerise\" \/>\n<meta property=\"article:publisher\" content=\"https:\/\/www.facebook.com\/laptitecerise\/\" \/>\n<meta property=\"og:image\" content=\"https:\/\/la-ptite-cerise.be\/wp-content\/uploads\/2020\/12\/82761_1.jpeg\" \/>\n\t<meta property=\"og:image:width\" content=\"500\" \/>\n\t<meta property=\"og:image:height\" content=\"500\" \/>\n\t<meta property=\"og:image:type\" content=\"image\/jpeg\" \/>\n<meta name=\"twitter:card\" content=\"summary_large_image\" \/>\n<meta name=\"twitter:label1\" content=\"Est. reading time\" \/>\n\t<meta name=\"twitter:data1\" content=\"1 minute\" \/>\n<script type=\"application\/ld+json\" class=\"yoast-schema-graph\">{\"@context\":\"https:\/\/schema.org\",\"@graph\":[{\"@type\":\"WebPage\",\"@id\":\"https:\/\/la-ptite-cerise.be\/produit\/paix-interieur\/\",\"url\":\"https:\/\/la-ptite-cerise.be\/produit\/paix-interieur\/\",\"name\":\"Paix int\u00e9rieur - La P&#039;tite Cerise\",\"isPartOf\":{\"@id\":\"https:\/\/la-ptite-cerise.be\/#website\"},\"primaryImageOfPage\":{\"@id\":\"https:\/\/la-ptite-cerise.be\/produit\/paix-interieur\/#primaryimage\"},\"image\":{\"@id\":\"https:\/\/la-ptite-cerise.be\/produit\/paix-interieur\/#primaryimage\"},\"thumbnailUrl\":\"https:\/\/la-ptite-cerise.be\/wp-content\/uploads\/2020\/12\/82761_1.jpeg\",\"datePublished\":\"2020-12-08T21:32:18+00:00\",\"breadcrumb\":{\"@id\":\"https:\/\/la-ptite-cerise.be\/produit\/paix-interieur\/#breadcrumb\"},\"inLanguage\":\"en-US\",\"potentialAction\":[{\"@type\":\"ReadAction\",\"target\":[\"https:\/\/la-ptite-cerise.be\/produit\/paix-interieur\/\"]}]},{\"@type\":\"ImageObject\",\"inLanguage\":\"en-US\",\"@id\":\"https:\/\/la-ptite-cerise.be\/produit\/paix-interieur\/#primaryimage\",\"url\":\"https:\/\/la-ptite-cerise.be\/wp-content\/uploads\/2020\/12\/82761_1.jpeg\",\"contentUrl\":\"https:\/\/la-ptite-cerise.be\/wp-content\/uploads\/2020\/12\/82761_1.jpeg\",\"width\":500,\"height\":500},{\"@type\":\"BreadcrumbList\",\"@id\":\"https:\/\/la-ptite-cerise.be\/produit\/paix-interieur\/#breadcrumb\",\"itemListElement\":[{\"@type\":\"ListItem\",\"position\":1,\"name\":\"Accueil\",\"item\":\"https:\/\/la-ptite-cerise.be\/en\/\"},{\"@type\":\"ListItem\",\"position\":2,\"name\":\"Store\",\"item\":\"https:\/\/la-ptite-cerise.be\/boutique\/\"},{\"@type\":\"ListItem\",\"position\":3,\"name\":\"Paix int\u00e9rieur\"}]},{\"@type\":\"WebSite\",\"@id\":\"https:\/\/la-ptite-cerise.be\/#website\",\"url\":\"https:\/\/la-ptite-cerise.be\/\",\"name\":\"La P'tite Cerise\",\"description\":\"Artisan torr\u00e9facteur de caf\u00e9 de sp\u00e9cialit\u00e9. S\u00e9lection de th\u00e9s &amp; tisanes.\",\"publisher\":{\"@id\":\"https:\/\/la-ptite-cerise.be\/#organization\"},\"potentialAction\":[{\"@type\":\"SearchAction\",\"target\":{\"@type\":\"EntryPoint\",\"urlTemplate\":\"https:\/\/la-ptite-cerise.be\/?s={search_term_string}\"},\"query-input\":{\"@type\":\"PropertyValueSpecification\",\"valueRequired\":true,\"valueName\":\"search_term_string\"}}],\"inLanguage\":\"en-US\"},{\"@type\":\"Organization\",\"@id\":\"https:\/\/la-ptite-cerise.be\/#organization\",\"name\":\"La P'tite Cerise\",\"url\":\"https:\/\/la-ptite-cerise.be\/\",\"logo\":{\"@type\":\"ImageObject\",\"inLanguage\":\"en-US\",\"@id\":\"https:\/\/la-ptite-cerise.be\/#\/schema\/logo\/image\/\",\"url\":\"https:\/\/la-ptite-cerise.be\/wp-content\/uploads\/2020\/10\/logo-header-01.jpg\",\"contentUrl\":\"https:\/\/la-ptite-cerise.be\/wp-content\/uploads\/2020\/10\/logo-header-01.jpg\",\"width\":176,\"height\":100,\"caption\":\"La P'tite Cerise\"},\"image\":{\"@id\":\"https:\/\/la-ptite-cerise.be\/#\/schema\/logo\/image\/\"},\"sameAs\":[\"https:\/\/www.facebook.com\/laptitecerise\/\",\"https:\/\/www.instagram.com\/la.ptite_cerise\/\"]}]}<\/script>\n<!-- \/ Yoast SEO plugin. -->","yoast_head_json":{"title":"Paix int\u00e9rieur - La P&#039;tite Cerise","robots":{"index":"index","follow":"follow","max-snippet":"max-snippet:-1","max-image-preview":"max-image-preview:large","max-video-preview":"max-video-preview:-1"},"canonical":"https:\/\/la-ptite-cerise.be\/produit\/paix-interieur\/","og_locale":"en_US","og_type":"article","og_title":"Paix int\u00e9rieur - La P&#039;tite Cerise","og_description":"Non-flavoured herbal tea for calm and balance. 100 g pouch \u2013 naturally soothing.","og_url":"https:\/\/la-ptite-cerise.be\/produit\/paix-interieur\/","og_site_name":"La P&#039;tite Cerise","article_publisher":"https:\/\/www.facebook.com\/laptitecerise\/","og_image":[{"width":500,"height":500,"url":"https:\/\/la-ptite-cerise.be\/wp-content\/uploads\/2020\/12\/82761_1.jpeg","type":"image\/jpeg"}],"twitter_card":"summary_large_image","twitter_misc":{"Est. reading time":"1 minute"},"schema":{"@context":"https:\/\/schema.org","@graph":[{"@type":"WebPage","@id":"https:\/\/la-ptite-cerise.be\/produit\/paix-interieur\/","url":"https:\/\/la-ptite-cerise.be\/produit\/paix-interieur\/","name":"Paix int\u00e9rieur - La P&#039;tite Cerise","isPartOf":{"@id":"https:\/\/la-ptite-cerise.be\/#website"},"primaryImageOfPage":{"@id":"https:\/\/la-ptite-cerise.be\/produit\/paix-interieur\/#primaryimage"},"image":{"@id":"https:\/\/la-ptite-cerise.be\/produit\/paix-interieur\/#primaryimage"},"thumbnailUrl":"https:\/\/la-ptite-cerise.be\/wp-content\/uploads\/2020\/12\/82761_1.jpeg","datePublished":"2020-12-08T21:32:18+00:00","breadcrumb":{"@id":"https:\/\/la-ptite-cerise.be\/produit\/paix-interieur\/#breadcrumb"},"inLanguage":"en-US","potentialAction":[{"@type":"ReadAction","target":["https:\/\/la-ptite-cerise.be\/produit\/paix-interieur\/"]}]},{"@type":"ImageObject","inLanguage":"en-US","@id":"https:\/\/la-ptite-cerise.be\/produit\/paix-interieur\/#primaryimage","url":"https:\/\/la-ptite-cerise.be\/wp-content\/uploads\/2020\/12\/82761_1.jpeg","contentUrl":"https:\/\/la-ptite-cerise.be\/wp-content\/uploads\/2020\/12\/82761_1.jpeg","width":500,"height":500},{"@type":"BreadcrumbList","@id":"https:\/\/la-ptite-cerise.be\/produit\/paix-interieur\/#breadcrumb","itemListElement":[{"@type":"ListItem","position":1,"name":"Accueil","item":"https:\/\/la-ptite-cerise.be\/en\/"},{"@type":"ListItem","position":2,"name":"Store","item":"https:\/\/la-ptite-cerise.be\/boutique\/"},{"@type":"ListItem","position":3,"name":"Paix int\u00e9rieur"}]},{"@type":"WebSite","@id":"https:\/\/la-ptite-cerise.be\/#website","url":"https:\/\/la-ptite-cerise.be\/","name":"La P'tite Cerise","description":"Artisan torr\u00e9facteur de caf\u00e9 de sp\u00e9cialit\u00e9. S\u00e9lection de th\u00e9s &amp; tisanes.","publisher":{"@id":"https:\/\/la-ptite-cerise.be\/#organization"},"potentialAction":[{"@type":"SearchAction","target":{"@type":"EntryPoint","urlTemplate":"https:\/\/la-ptite-cerise.be\/?s={search_term_string}"},"query-input":{"@type":"PropertyValueSpecification","valueRequired":true,"valueName":"search_term_string"}}],"inLanguage":"en-US"},{"@type":"Organization","@id":"https:\/\/la-ptite-cerise.be\/#organization","name":"La P'tite Cerise","url":"https:\/\/la-ptite-cerise.be\/","logo":{"@type":"ImageObject","inLanguage":"en-US","@id":"https:\/\/la-ptite-cerise.be\/#\/schema\/logo\/image\/","url":"https:\/\/la-ptite-cerise.be\/wp-content\/uploads\/2020\/10\/logo-header-01.jpg","contentUrl":"https:\/\/la-ptite-cerise.be\/wp-content\/uploads\/2020\/10\/logo-header-01.jpg","width":176,"height":100,"caption":"La P'tite Cerise"},"image":{"@id":"https:\/\/la-ptite-cerise.be\/#\/schema\/logo\/image\/"},"sameAs":["https:\/\/www.facebook.com\/laptitecerise\/","https:\/\/www.instagram.com\/la.ptite_cerise\/"]}]}},"_links":{"self":[{"href":"https:\/\/la-ptite-cerise.be\/en\/wp-json\/wp\/v2\/product\/13607","targetHints":{"allow":["GET"]}}],"collection":[{"href":"https:\/\/la-ptite-cerise.be\/en\/wp-json\/wp\/v2\/product"}],"about":[{"href":"https:\/\/la-ptite-cerise.be\/en\/wp-json\/wp\/v2\/types\/product"}],"wp:featuredmedia":[{"embeddable":true,"href":"https:\/\/la-ptite-cerise.be\/en\/wp-json\/wp\/v2\/media\/13606"}],"wp:attachment":[{"href":"https:\/\/la-ptite-cerise.be\/en\/wp-json\/wp\/v2\/media?parent=13607"}],"wp:term":[{"taxonomy":"product_brand","embeddable":true,"href":"https:\/\/la-ptite-cerise.be\/en\/wp-json\/wp\/v2\/product_brand?post=13607"},{"taxonomy":"product_cat","embeddable":true,"href":"https:\/\/la-ptite-cerise.be\/en\/wp-json\/wp\/v2\/product_cat?post=13607"},{"taxonomy":"product_tag","embeddable":true,"href":"https:\/\/la-ptite-cerise.be\/en\/wp-json\/wp\/v2\/product_tag?post=13607"}],"curies":[{"name":"wp","href":"https:\/\/api.w.org\/{rel}","templated":true}]}}