{"id":13615,"date":"2020-12-08T22:28:32","date_gmt":"2020-12-08T21:28:32","guid":{"rendered":"https:\/\/la-ptite-cerise.be\/produit\/the-tout-en-finesse\/"},"modified":"2020-12-08T22:28:32","modified_gmt":"2020-12-08T21:28:32","slug":"the-tout-en-finesse","status":"publish","type":"product","link":"https:\/\/la-ptite-cerise.be\/en\/produit\/the-tout-en-finesse\/","title":{"rendered":"Th\u00e9 tout en finesse"},"content":{"rendered":"<h3 class=\"\" data-start=\"1695\" data-end=\"1752\"><strong data-start=\"1704\" data-end=\"1736\">Green Tea \u2013 Light &amp; Balanced<\/strong> (100 g pouch)<\/h3>\n<p class=\"\" data-start=\"1753\" data-end=\"1825\"><strong data-start=\"1753\" data-end=\"1825\">A refreshing and elegant tea blend with grapefruit and ginger notes.<\/strong><\/p>\n<p class=\"\" data-start=\"1827\" data-end=\"2081\">This balanced infusion combines China Chun Mee green tea with green mate, nettle, and dandelion for a gentle boost. Complemented by a mix of white, oolong, and rooibos green tea, rose petals, and tulsi, the result is light, citrusy and full of character.<\/p>\n<p class=\"\" data-start=\"2083\" data-end=\"2136\">\ud83d\udcac <em data-start=\"2086\" data-end=\"2136\">Enjoy hot or iced for a refined wellness moment.<\/em><\/p>\n<hr class=\"\" data-start=\"2138\" data-end=\"2141\" \/>\n<h3 class=\"\" data-start=\"2143\" data-end=\"2163\">\u2705 <strong data-start=\"2149\" data-end=\"2163\">Highlights<\/strong><\/h3>\n<ul data-start=\"2164\" data-end=\"2359\">\n<li class=\"\" data-start=\"2164\" data-end=\"2242\">\n<p class=\"\" data-start=\"2166\" data-end=\"2242\">Premium blend with sustainably sourced ingredients and natural flavourings<\/p>\n<\/li>\n<li class=\"\" data-start=\"2243\" data-end=\"2304\">\n<p class=\"\" data-start=\"2245\" data-end=\"2304\">Light citrus flavour with a vegetal and floral background<\/p>\n<\/li>\n<li class=\"\" data-start=\"2305\" data-end=\"2359\">\n<p class=\"\" data-start=\"2307\" data-end=\"2359\">Gentle stimulation from green tea, mate and ginger<\/p>\n<\/li>\n<\/ul>\n<hr class=\"\" data-start=\"2361\" data-end=\"2364\" \/>\n<h3 class=\"\" data-start=\"2366\" data-end=\"2390\">\ud83e\uddfe <strong data-start=\"2373\" data-end=\"2388\">Ingredients<\/strong><\/h3>\n<p class=\"\" data-start=\"2391\" data-end=\"2679\">China Chun Mee green tea (49%), green mate, ginger, nettle, natural grapefruit flavouring, dandelion, Darjeeling OP green tea (3%), Pai Mu Tan white tea (3%), blackberry leaves, rose petals, China oolong tea (2%), green rooibos, tulsi<br data-start=\"2625\" data-end=\"2628\" \/><strong data-start=\"2628\" data-end=\"2641\">Allergens<\/strong>: May contain traces of milk and nuts.<\/p>\n<hr class=\"\" data-start=\"2681\" data-end=\"2684\" \/>\n<h3 class=\"\" data-start=\"2686\" data-end=\"2710\">\ud83c\udf7d\ufe0f <strong data-start=\"2694\" data-end=\"2710\">Brewing tips<\/strong><\/h3>\n<ul data-start=\"2711\" data-end=\"2921\">\n<li class=\"\" data-start=\"2711\" data-end=\"2744\">\n<p class=\"\" data-start=\"2713\" data-end=\"2744\"><strong data-start=\"2713\" data-end=\"2734\">Water temperature<\/strong>: 100\u202f\u00b0C<\/p>\n<\/li>\n<li class=\"\" data-start=\"2745\" data-end=\"2777\">\n<p class=\"\" data-start=\"2747\" data-end=\"2777\"><strong data-start=\"2747\" data-end=\"2764\">Steeping time<\/strong>: 5 minutes<\/p>\n<\/li>\n<li class=\"\" data-start=\"2778\" data-end=\"2842\">\n<p class=\"\" data-start=\"2780\" data-end=\"2793\"><strong data-start=\"2780\" data-end=\"2792\">Quantity<\/strong>:<\/p>\n<ul data-start=\"2796\" data-end=\"2842\">\n<li class=\"\" data-start=\"2796\" data-end=\"2814\">\n<p class=\"\" data-start=\"2798\" data-end=\"2814\">3 g per 200 ml<\/p>\n<\/li>\n<li class=\"\" data-start=\"2817\" data-end=\"2842\">\n<p class=\"\" data-start=\"2819\" data-end=\"2842\"><strong data-start=\"2819\" data-end=\"2840\">15\u201320 g per litre<\/strong><\/p>\n<\/li>\n<\/ul>\n<\/li>\n<li class=\"\" data-start=\"2843\" data-end=\"2921\">\n<p class=\"\" data-start=\"2845\" data-end=\"2921\"><strong data-start=\"2845\" data-end=\"2867\">Serving suggestion<\/strong>: Delicious hot or over ice with a slice of grapefruit<\/p>\n<\/li>\n<\/ul>\n","protected":false},"excerpt":{"rendered":"<p>Green tea with grapefruit &amp; ginger notes. 100 g pouch \u2013 light, citrusy and energising.<\/p>\n","protected":false},"featured_media":13614,"template":"","meta":[],"product_brand":[],"product_cat":[143],"product_tag":[],"class_list":{"0":"post-13615","1":"product","2":"type-product","3":"status-publish","4":"has-post-thumbnail","6":"product_cat-tea","8":"first","9":"instock","10":"taxable","11":"shipping-taxable","12":"purchasable","13":"product-type-simple"},"yoast_head":"<!-- This site is optimized with the Yoast SEO plugin v25.7 - https:\/\/yoast.com\/wordpress\/plugins\/seo\/ -->\n<title>Th\u00e9 tout en finesse - La P&#039;tite Cerise<\/title>\n<meta name=\"robots\" content=\"index, follow, max-snippet:-1, max-image-preview:large, max-video-preview:-1\" \/>\n<link rel=\"canonical\" href=\"https:\/\/la-ptite-cerise.be\/produit\/the-tout-en-finesse\/\" \/>\n<meta property=\"og:locale\" content=\"en_US\" \/>\n<meta property=\"og:type\" content=\"article\" \/>\n<meta property=\"og:title\" content=\"Th\u00e9 tout en finesse - La P&#039;tite Cerise\" \/>\n<meta property=\"og:description\" content=\"Green tea with grapefruit &amp; ginger notes. 100 g pouch \u2013 light, citrusy and energising.\" \/>\n<meta property=\"og:url\" content=\"https:\/\/la-ptite-cerise.be\/produit\/the-tout-en-finesse\/\" \/>\n<meta property=\"og:site_name\" content=\"La P&#039;tite Cerise\" \/>\n<meta property=\"article:publisher\" content=\"https:\/\/www.facebook.com\/laptitecerise\/\" \/>\n<meta property=\"og:image\" content=\"https:\/\/la-ptite-cerise.be\/wp-content\/uploads\/2020\/12\/82493_1.jpeg\" \/>\n\t<meta property=\"og:image:width\" content=\"500\" \/>\n\t<meta property=\"og:image:height\" content=\"500\" \/>\n\t<meta property=\"og:image:type\" content=\"image\/jpeg\" \/>\n<meta name=\"twitter:card\" content=\"summary_large_image\" \/>\n<meta name=\"twitter:label1\" content=\"Est. reading time\" \/>\n\t<meta name=\"twitter:data1\" content=\"1 minute\" \/>\n<script type=\"application\/ld+json\" class=\"yoast-schema-graph\">{\"@context\":\"https:\/\/schema.org\",\"@graph\":[{\"@type\":\"WebPage\",\"@id\":\"https:\/\/la-ptite-cerise.be\/produit\/the-tout-en-finesse\/\",\"url\":\"https:\/\/la-ptite-cerise.be\/produit\/the-tout-en-finesse\/\",\"name\":\"Th\u00e9 tout en finesse - La P&#039;tite Cerise\",\"isPartOf\":{\"@id\":\"https:\/\/la-ptite-cerise.be\/#website\"},\"primaryImageOfPage\":{\"@id\":\"https:\/\/la-ptite-cerise.be\/produit\/the-tout-en-finesse\/#primaryimage\"},\"image\":{\"@id\":\"https:\/\/la-ptite-cerise.be\/produit\/the-tout-en-finesse\/#primaryimage\"},\"thumbnailUrl\":\"https:\/\/la-ptite-cerise.be\/wp-content\/uploads\/2020\/12\/82493_1.jpeg\",\"datePublished\":\"2020-12-08T21:28:32+00:00\",\"breadcrumb\":{\"@id\":\"https:\/\/la-ptite-cerise.be\/produit\/the-tout-en-finesse\/#breadcrumb\"},\"inLanguage\":\"en-US\",\"potentialAction\":[{\"@type\":\"ReadAction\",\"target\":[\"https:\/\/la-ptite-cerise.be\/produit\/the-tout-en-finesse\/\"]}]},{\"@type\":\"ImageObject\",\"inLanguage\":\"en-US\",\"@id\":\"https:\/\/la-ptite-cerise.be\/produit\/the-tout-en-finesse\/#primaryimage\",\"url\":\"https:\/\/la-ptite-cerise.be\/wp-content\/uploads\/2020\/12\/82493_1.jpeg\",\"contentUrl\":\"https:\/\/la-ptite-cerise.be\/wp-content\/uploads\/2020\/12\/82493_1.jpeg\",\"width\":500,\"height\":500},{\"@type\":\"BreadcrumbList\",\"@id\":\"https:\/\/la-ptite-cerise.be\/produit\/the-tout-en-finesse\/#breadcrumb\",\"itemListElement\":[{\"@type\":\"ListItem\",\"position\":1,\"name\":\"Accueil\",\"item\":\"https:\/\/la-ptite-cerise.be\/en\/\"},{\"@type\":\"ListItem\",\"position\":2,\"name\":\"Store\",\"item\":\"https:\/\/la-ptite-cerise.be\/boutique\/\"},{\"@type\":\"ListItem\",\"position\":3,\"name\":\"Th\u00e9 tout en finesse\"}]},{\"@type\":\"WebSite\",\"@id\":\"https:\/\/la-ptite-cerise.be\/#website\",\"url\":\"https:\/\/la-ptite-cerise.be\/\",\"name\":\"La P'tite Cerise\",\"description\":\"Artisan torr\u00e9facteur de caf\u00e9 de sp\u00e9cialit\u00e9. S\u00e9lection de th\u00e9s &amp; tisanes.\",\"publisher\":{\"@id\":\"https:\/\/la-ptite-cerise.be\/#organization\"},\"potentialAction\":[{\"@type\":\"SearchAction\",\"target\":{\"@type\":\"EntryPoint\",\"urlTemplate\":\"https:\/\/la-ptite-cerise.be\/?s={search_term_string}\"},\"query-input\":{\"@type\":\"PropertyValueSpecification\",\"valueRequired\":true,\"valueName\":\"search_term_string\"}}],\"inLanguage\":\"en-US\"},{\"@type\":\"Organization\",\"@id\":\"https:\/\/la-ptite-cerise.be\/#organization\",\"name\":\"La P'tite Cerise\",\"url\":\"https:\/\/la-ptite-cerise.be\/\",\"logo\":{\"@type\":\"ImageObject\",\"inLanguage\":\"en-US\",\"@id\":\"https:\/\/la-ptite-cerise.be\/#\/schema\/logo\/image\/\",\"url\":\"https:\/\/la-ptite-cerise.be\/wp-content\/uploads\/2020\/10\/logo-header-01.jpg\",\"contentUrl\":\"https:\/\/la-ptite-cerise.be\/wp-content\/uploads\/2020\/10\/logo-header-01.jpg\",\"width\":176,\"height\":100,\"caption\":\"La P'tite Cerise\"},\"image\":{\"@id\":\"https:\/\/la-ptite-cerise.be\/#\/schema\/logo\/image\/\"},\"sameAs\":[\"https:\/\/www.facebook.com\/laptitecerise\/\",\"https:\/\/www.instagram.com\/la.ptite_cerise\/\"]}]}<\/script>\n<!-- \/ Yoast SEO plugin. -->","yoast_head_json":{"title":"Th\u00e9 tout en finesse - La P&#039;tite Cerise","robots":{"index":"index","follow":"follow","max-snippet":"max-snippet:-1","max-image-preview":"max-image-preview:large","max-video-preview":"max-video-preview:-1"},"canonical":"https:\/\/la-ptite-cerise.be\/produit\/the-tout-en-finesse\/","og_locale":"en_US","og_type":"article","og_title":"Th\u00e9 tout en finesse - La P&#039;tite Cerise","og_description":"Green tea with grapefruit &amp; ginger notes. 100 g pouch \u2013 light, citrusy and energising.","og_url":"https:\/\/la-ptite-cerise.be\/produit\/the-tout-en-finesse\/","og_site_name":"La P&#039;tite Cerise","article_publisher":"https:\/\/www.facebook.com\/laptitecerise\/","og_image":[{"width":500,"height":500,"url":"https:\/\/la-ptite-cerise.be\/wp-content\/uploads\/2020\/12\/82493_1.jpeg","type":"image\/jpeg"}],"twitter_card":"summary_large_image","twitter_misc":{"Est. reading time":"1 minute"},"schema":{"@context":"https:\/\/schema.org","@graph":[{"@type":"WebPage","@id":"https:\/\/la-ptite-cerise.be\/produit\/the-tout-en-finesse\/","url":"https:\/\/la-ptite-cerise.be\/produit\/the-tout-en-finesse\/","name":"Th\u00e9 tout en finesse - La P&#039;tite Cerise","isPartOf":{"@id":"https:\/\/la-ptite-cerise.be\/#website"},"primaryImageOfPage":{"@id":"https:\/\/la-ptite-cerise.be\/produit\/the-tout-en-finesse\/#primaryimage"},"image":{"@id":"https:\/\/la-ptite-cerise.be\/produit\/the-tout-en-finesse\/#primaryimage"},"thumbnailUrl":"https:\/\/la-ptite-cerise.be\/wp-content\/uploads\/2020\/12\/82493_1.jpeg","datePublished":"2020-12-08T21:28:32+00:00","breadcrumb":{"@id":"https:\/\/la-ptite-cerise.be\/produit\/the-tout-en-finesse\/#breadcrumb"},"inLanguage":"en-US","potentialAction":[{"@type":"ReadAction","target":["https:\/\/la-ptite-cerise.be\/produit\/the-tout-en-finesse\/"]}]},{"@type":"ImageObject","inLanguage":"en-US","@id":"https:\/\/la-ptite-cerise.be\/produit\/the-tout-en-finesse\/#primaryimage","url":"https:\/\/la-ptite-cerise.be\/wp-content\/uploads\/2020\/12\/82493_1.jpeg","contentUrl":"https:\/\/la-ptite-cerise.be\/wp-content\/uploads\/2020\/12\/82493_1.jpeg","width":500,"height":500},{"@type":"BreadcrumbList","@id":"https:\/\/la-ptite-cerise.be\/produit\/the-tout-en-finesse\/#breadcrumb","itemListElement":[{"@type":"ListItem","position":1,"name":"Accueil","item":"https:\/\/la-ptite-cerise.be\/en\/"},{"@type":"ListItem","position":2,"name":"Store","item":"https:\/\/la-ptite-cerise.be\/boutique\/"},{"@type":"ListItem","position":3,"name":"Th\u00e9 tout en finesse"}]},{"@type":"WebSite","@id":"https:\/\/la-ptite-cerise.be\/#website","url":"https:\/\/la-ptite-cerise.be\/","name":"La P'tite Cerise","description":"Artisan torr\u00e9facteur de caf\u00e9 de sp\u00e9cialit\u00e9. S\u00e9lection de th\u00e9s &amp; tisanes.","publisher":{"@id":"https:\/\/la-ptite-cerise.be\/#organization"},"potentialAction":[{"@type":"SearchAction","target":{"@type":"EntryPoint","urlTemplate":"https:\/\/la-ptite-cerise.be\/?s={search_term_string}"},"query-input":{"@type":"PropertyValueSpecification","valueRequired":true,"valueName":"search_term_string"}}],"inLanguage":"en-US"},{"@type":"Organization","@id":"https:\/\/la-ptite-cerise.be\/#organization","name":"La P'tite Cerise","url":"https:\/\/la-ptite-cerise.be\/","logo":{"@type":"ImageObject","inLanguage":"en-US","@id":"https:\/\/la-ptite-cerise.be\/#\/schema\/logo\/image\/","url":"https:\/\/la-ptite-cerise.be\/wp-content\/uploads\/2020\/10\/logo-header-01.jpg","contentUrl":"https:\/\/la-ptite-cerise.be\/wp-content\/uploads\/2020\/10\/logo-header-01.jpg","width":176,"height":100,"caption":"La P'tite Cerise"},"image":{"@id":"https:\/\/la-ptite-cerise.be\/#\/schema\/logo\/image\/"},"sameAs":["https:\/\/www.facebook.com\/laptitecerise\/","https:\/\/www.instagram.com\/la.ptite_cerise\/"]}]}},"_links":{"self":[{"href":"https:\/\/la-ptite-cerise.be\/en\/wp-json\/wp\/v2\/product\/13615","targetHints":{"allow":["GET"]}}],"collection":[{"href":"https:\/\/la-ptite-cerise.be\/en\/wp-json\/wp\/v2\/product"}],"about":[{"href":"https:\/\/la-ptite-cerise.be\/en\/wp-json\/wp\/v2\/types\/product"}],"wp:featuredmedia":[{"embeddable":true,"href":"https:\/\/la-ptite-cerise.be\/en\/wp-json\/wp\/v2\/media\/13614"}],"wp:attachment":[{"href":"https:\/\/la-ptite-cerise.be\/en\/wp-json\/wp\/v2\/media?parent=13615"}],"wp:term":[{"taxonomy":"product_brand","embeddable":true,"href":"https:\/\/la-ptite-cerise.be\/en\/wp-json\/wp\/v2\/product_brand?post=13615"},{"taxonomy":"product_cat","embeddable":true,"href":"https:\/\/la-ptite-cerise.be\/en\/wp-json\/wp\/v2\/product_cat?post=13615"},{"taxonomy":"product_tag","embeddable":true,"href":"https:\/\/la-ptite-cerise.be\/en\/wp-json\/wp\/v2\/product_tag?post=13615"}],"curies":[{"name":"wp","href":"https:\/\/api.w.org\/{rel}","templated":true}]}}