{"id":13622,"date":"2020-12-08T21:53:32","date_gmt":"2020-12-08T20:53:32","guid":{"rendered":"https:\/\/la-ptite-cerise.be\/produit\/brise-seductrice\/"},"modified":"2020-12-08T21:53:32","modified_gmt":"2020-12-08T20:53:32","slug":"brise-seductrice","status":"publish","type":"product","link":"https:\/\/la-ptite-cerise.be\/en\/produit\/brise-seductrice\/","title":{"rendered":"Brise s\u00e9ductrice"},"content":{"rendered":"<h3 class=\"\" data-start=\"1697\" data-end=\"1754\"><strong data-start=\"1706\" data-end=\"1738\">Green Tea \u2013 Seductive Breeze<\/strong> (100 g pouch)<\/h3>\n<p class=\"\" data-start=\"1755\" data-end=\"1836\"><strong data-start=\"1755\" data-end=\"1836\">A daring and elegant green tea with strawberry, jasmine and a touch of spice.<\/strong><\/p>\n<p class=\"\" data-start=\"1838\" data-end=\"2061\">This captivating blend combines China Sencha green tea, jasmine tea and white Pai Mu Tan with strawberry, lavender and guarana. A hint of chili and natural jasmine flavour add warmth and depth to this floral and fruity cup.<\/p>\n<p class=\"\" data-start=\"2063\" data-end=\"2132\">\ud83d\udcac <em data-start=\"2066\" data-end=\"2132\">Ideal for those who enjoy a delicate yet vibrant tea experience.<\/em><\/p>\n<hr class=\"\" data-start=\"2134\" data-end=\"2137\" \/>\n<h3 class=\"\" data-start=\"2139\" data-end=\"2159\">\u2705 <strong data-start=\"2145\" data-end=\"2159\">Highlights<\/strong><\/h3>\n<ul data-start=\"2160\" data-end=\"2331\">\n<li class=\"\" data-start=\"2160\" data-end=\"2238\">\n<p class=\"\" data-start=\"2162\" data-end=\"2238\">Premium blend with sustainably sourced ingredients and natural flavourings<\/p>\n<\/li>\n<li class=\"\" data-start=\"2239\" data-end=\"2279\">\n<p class=\"\" data-start=\"2241\" data-end=\"2279\">Fruity and floral with a spicy twist<\/p>\n<\/li>\n<li class=\"\" data-start=\"2280\" data-end=\"2331\">\n<p class=\"\" data-start=\"2282\" data-end=\"2331\">Naturally energising with green tea and guarana<\/p>\n<\/li>\n<\/ul>\n<hr class=\"\" data-start=\"2333\" data-end=\"2336\" \/>\n<h3 class=\"\" data-start=\"2338\" data-end=\"2362\">\ud83e\uddfe <strong data-start=\"2345\" data-end=\"2360\">Ingredients<\/strong><\/h3>\n<p class=\"\" data-start=\"2363\" data-end=\"2603\">China Sencha green tea, China Jasmine green tea, natural strawberry flavouring, Pai Mu Tan white tea, strawberry, lavender, echinacea purpurea, chili, natural jasmine flavouring, guarana<br data-start=\"2549\" data-end=\"2552\" \/><strong data-start=\"2552\" data-end=\"2565\">Allergens<\/strong>: May contain traces of milk and nuts.<\/p>\n<hr class=\"\" data-start=\"2605\" data-end=\"2608\" \/>\n<h3 class=\"\" data-start=\"2610\" data-end=\"2634\">\ud83c\udf7d\ufe0f <strong data-start=\"2618\" data-end=\"2634\">Brewing tips<\/strong><\/h3>\n<ul data-start=\"2635\" data-end=\"2836\">\n<li class=\"\" data-start=\"2635\" data-end=\"2670\">\n<p class=\"\" data-start=\"2637\" data-end=\"2670\"><strong data-start=\"2637\" data-end=\"2658\">Water temperature<\/strong>: 70\u201380\u202f\u00b0C<\/p>\n<\/li>\n<li class=\"\" data-start=\"2671\" data-end=\"2705\">\n<p class=\"\" data-start=\"2673\" data-end=\"2705\"><strong data-start=\"2673\" data-end=\"2690\">Steeping time<\/strong>: 2\u20133 minutes<\/p>\n<\/li>\n<li class=\"\" data-start=\"2706\" data-end=\"2770\">\n<p class=\"\" data-start=\"2708\" data-end=\"2721\"><strong data-start=\"2708\" data-end=\"2720\">Quantity<\/strong>:<\/p>\n<ul data-start=\"2724\" data-end=\"2770\">\n<li class=\"\" data-start=\"2724\" data-end=\"2742\">\n<p class=\"\" data-start=\"2726\" data-end=\"2742\">3 g per 200 ml<\/p>\n<\/li>\n<li class=\"\" data-start=\"2745\" data-end=\"2770\">\n<p class=\"\" data-start=\"2747\" data-end=\"2770\"><strong data-start=\"2747\" data-end=\"2768\">12\u201315 g per litre<\/strong><\/p>\n<\/li>\n<\/ul>\n<\/li>\n<li class=\"\" data-start=\"2771\" data-end=\"2836\">\n<p class=\"\" data-start=\"2773\" data-end=\"2836\"><strong data-start=\"2773\" data-end=\"2795\">Serving suggestion<\/strong>: Enjoy plain or with a hint of sweetness<\/p>\n<\/li>\n<\/ul>\n","protected":false},"excerpt":{"rendered":"<p class=\"\" data-start=\"3022\" data-end=\"3115\">Green tea with strawberry, jasmine and chili. 100 g pouch \u2013 elegant, fruity and subtly spicy.<\/p>\n","protected":false},"featured_media":13621,"template":"","meta":[],"product_brand":[],"product_cat":[143],"product_tag":[],"class_list":{"0":"post-13622","1":"product","2":"type-product","3":"status-publish","4":"has-post-thumbnail","6":"product_cat-tea","8":"first","9":"instock","10":"taxable","11":"shipping-taxable","12":"purchasable","13":"product-type-simple"},"yoast_head":"<!-- This site is optimized with the Yoast SEO plugin v25.7 - https:\/\/yoast.com\/wordpress\/plugins\/seo\/ -->\n<title>Brise s\u00e9ductrice - La P&#039;tite Cerise<\/title>\n<meta name=\"robots\" content=\"index, follow, max-snippet:-1, max-image-preview:large, max-video-preview:-1\" \/>\n<link rel=\"canonical\" href=\"https:\/\/la-ptite-cerise.be\/produit\/brise-seductrice\/\" \/>\n<meta property=\"og:locale\" content=\"en_US\" \/>\n<meta property=\"og:type\" content=\"article\" \/>\n<meta property=\"og:title\" content=\"Brise s\u00e9ductrice - La P&#039;tite Cerise\" \/>\n<meta property=\"og:description\" content=\"Green tea with strawberry, jasmine and chili. 100 g pouch \u2013 elegant, fruity and subtly spicy.\" \/>\n<meta property=\"og:url\" content=\"https:\/\/la-ptite-cerise.be\/produit\/brise-seductrice\/\" \/>\n<meta property=\"og:site_name\" content=\"La P&#039;tite Cerise\" \/>\n<meta property=\"article:publisher\" content=\"https:\/\/www.facebook.com\/laptitecerise\/\" \/>\n<meta property=\"og:image\" content=\"https:\/\/la-ptite-cerise.be\/wp-content\/uploads\/2020\/12\/83137_1.jpeg\" \/>\n\t<meta property=\"og:image:width\" content=\"500\" \/>\n\t<meta property=\"og:image:height\" content=\"500\" \/>\n\t<meta property=\"og:image:type\" content=\"image\/jpeg\" \/>\n<meta name=\"twitter:card\" content=\"summary_large_image\" \/>\n<meta name=\"twitter:label1\" content=\"Est. reading time\" \/>\n\t<meta name=\"twitter:data1\" content=\"1 minute\" \/>\n<script type=\"application\/ld+json\" class=\"yoast-schema-graph\">{\"@context\":\"https:\/\/schema.org\",\"@graph\":[{\"@type\":\"WebPage\",\"@id\":\"https:\/\/la-ptite-cerise.be\/produit\/brise-seductrice\/\",\"url\":\"https:\/\/la-ptite-cerise.be\/produit\/brise-seductrice\/\",\"name\":\"Brise s\u00e9ductrice - La P&#039;tite Cerise\",\"isPartOf\":{\"@id\":\"https:\/\/la-ptite-cerise.be\/#website\"},\"primaryImageOfPage\":{\"@id\":\"https:\/\/la-ptite-cerise.be\/produit\/brise-seductrice\/#primaryimage\"},\"image\":{\"@id\":\"https:\/\/la-ptite-cerise.be\/produit\/brise-seductrice\/#primaryimage\"},\"thumbnailUrl\":\"https:\/\/la-ptite-cerise.be\/wp-content\/uploads\/2020\/12\/83137_1.jpeg\",\"datePublished\":\"2020-12-08T20:53:32+00:00\",\"breadcrumb\":{\"@id\":\"https:\/\/la-ptite-cerise.be\/produit\/brise-seductrice\/#breadcrumb\"},\"inLanguage\":\"en-US\",\"potentialAction\":[{\"@type\":\"ReadAction\",\"target\":[\"https:\/\/la-ptite-cerise.be\/produit\/brise-seductrice\/\"]}]},{\"@type\":\"ImageObject\",\"inLanguage\":\"en-US\",\"@id\":\"https:\/\/la-ptite-cerise.be\/produit\/brise-seductrice\/#primaryimage\",\"url\":\"https:\/\/la-ptite-cerise.be\/wp-content\/uploads\/2020\/12\/83137_1.jpeg\",\"contentUrl\":\"https:\/\/la-ptite-cerise.be\/wp-content\/uploads\/2020\/12\/83137_1.jpeg\",\"width\":500,\"height\":500},{\"@type\":\"BreadcrumbList\",\"@id\":\"https:\/\/la-ptite-cerise.be\/produit\/brise-seductrice\/#breadcrumb\",\"itemListElement\":[{\"@type\":\"ListItem\",\"position\":1,\"name\":\"Accueil\",\"item\":\"https:\/\/la-ptite-cerise.be\/en\/\"},{\"@type\":\"ListItem\",\"position\":2,\"name\":\"Store\",\"item\":\"https:\/\/la-ptite-cerise.be\/boutique\/\"},{\"@type\":\"ListItem\",\"position\":3,\"name\":\"Brise s\u00e9ductrice\"}]},{\"@type\":\"WebSite\",\"@id\":\"https:\/\/la-ptite-cerise.be\/#website\",\"url\":\"https:\/\/la-ptite-cerise.be\/\",\"name\":\"La P'tite Cerise\",\"description\":\"Artisan torr\u00e9facteur de caf\u00e9 de sp\u00e9cialit\u00e9. S\u00e9lection de th\u00e9s &amp; tisanes.\",\"publisher\":{\"@id\":\"https:\/\/la-ptite-cerise.be\/#organization\"},\"potentialAction\":[{\"@type\":\"SearchAction\",\"target\":{\"@type\":\"EntryPoint\",\"urlTemplate\":\"https:\/\/la-ptite-cerise.be\/?s={search_term_string}\"},\"query-input\":{\"@type\":\"PropertyValueSpecification\",\"valueRequired\":true,\"valueName\":\"search_term_string\"}}],\"inLanguage\":\"en-US\"},{\"@type\":\"Organization\",\"@id\":\"https:\/\/la-ptite-cerise.be\/#organization\",\"name\":\"La P'tite Cerise\",\"url\":\"https:\/\/la-ptite-cerise.be\/\",\"logo\":{\"@type\":\"ImageObject\",\"inLanguage\":\"en-US\",\"@id\":\"https:\/\/la-ptite-cerise.be\/#\/schema\/logo\/image\/\",\"url\":\"https:\/\/la-ptite-cerise.be\/wp-content\/uploads\/2020\/10\/logo-header-01.jpg\",\"contentUrl\":\"https:\/\/la-ptite-cerise.be\/wp-content\/uploads\/2020\/10\/logo-header-01.jpg\",\"width\":176,\"height\":100,\"caption\":\"La P'tite Cerise\"},\"image\":{\"@id\":\"https:\/\/la-ptite-cerise.be\/#\/schema\/logo\/image\/\"},\"sameAs\":[\"https:\/\/www.facebook.com\/laptitecerise\/\",\"https:\/\/www.instagram.com\/la.ptite_cerise\/\"]}]}<\/script>\n<!-- \/ Yoast SEO plugin. -->","yoast_head_json":{"title":"Brise s\u00e9ductrice - La P&#039;tite Cerise","robots":{"index":"index","follow":"follow","max-snippet":"max-snippet:-1","max-image-preview":"max-image-preview:large","max-video-preview":"max-video-preview:-1"},"canonical":"https:\/\/la-ptite-cerise.be\/produit\/brise-seductrice\/","og_locale":"en_US","og_type":"article","og_title":"Brise s\u00e9ductrice - La P&#039;tite Cerise","og_description":"Green tea with strawberry, jasmine and chili. 100 g pouch \u2013 elegant, fruity and subtly spicy.","og_url":"https:\/\/la-ptite-cerise.be\/produit\/brise-seductrice\/","og_site_name":"La P&#039;tite Cerise","article_publisher":"https:\/\/www.facebook.com\/laptitecerise\/","og_image":[{"width":500,"height":500,"url":"https:\/\/la-ptite-cerise.be\/wp-content\/uploads\/2020\/12\/83137_1.jpeg","type":"image\/jpeg"}],"twitter_card":"summary_large_image","twitter_misc":{"Est. reading time":"1 minute"},"schema":{"@context":"https:\/\/schema.org","@graph":[{"@type":"WebPage","@id":"https:\/\/la-ptite-cerise.be\/produit\/brise-seductrice\/","url":"https:\/\/la-ptite-cerise.be\/produit\/brise-seductrice\/","name":"Brise s\u00e9ductrice - La P&#039;tite Cerise","isPartOf":{"@id":"https:\/\/la-ptite-cerise.be\/#website"},"primaryImageOfPage":{"@id":"https:\/\/la-ptite-cerise.be\/produit\/brise-seductrice\/#primaryimage"},"image":{"@id":"https:\/\/la-ptite-cerise.be\/produit\/brise-seductrice\/#primaryimage"},"thumbnailUrl":"https:\/\/la-ptite-cerise.be\/wp-content\/uploads\/2020\/12\/83137_1.jpeg","datePublished":"2020-12-08T20:53:32+00:00","breadcrumb":{"@id":"https:\/\/la-ptite-cerise.be\/produit\/brise-seductrice\/#breadcrumb"},"inLanguage":"en-US","potentialAction":[{"@type":"ReadAction","target":["https:\/\/la-ptite-cerise.be\/produit\/brise-seductrice\/"]}]},{"@type":"ImageObject","inLanguage":"en-US","@id":"https:\/\/la-ptite-cerise.be\/produit\/brise-seductrice\/#primaryimage","url":"https:\/\/la-ptite-cerise.be\/wp-content\/uploads\/2020\/12\/83137_1.jpeg","contentUrl":"https:\/\/la-ptite-cerise.be\/wp-content\/uploads\/2020\/12\/83137_1.jpeg","width":500,"height":500},{"@type":"BreadcrumbList","@id":"https:\/\/la-ptite-cerise.be\/produit\/brise-seductrice\/#breadcrumb","itemListElement":[{"@type":"ListItem","position":1,"name":"Accueil","item":"https:\/\/la-ptite-cerise.be\/en\/"},{"@type":"ListItem","position":2,"name":"Store","item":"https:\/\/la-ptite-cerise.be\/boutique\/"},{"@type":"ListItem","position":3,"name":"Brise s\u00e9ductrice"}]},{"@type":"WebSite","@id":"https:\/\/la-ptite-cerise.be\/#website","url":"https:\/\/la-ptite-cerise.be\/","name":"La P'tite Cerise","description":"Artisan torr\u00e9facteur de caf\u00e9 de sp\u00e9cialit\u00e9. S\u00e9lection de th\u00e9s &amp; tisanes.","publisher":{"@id":"https:\/\/la-ptite-cerise.be\/#organization"},"potentialAction":[{"@type":"SearchAction","target":{"@type":"EntryPoint","urlTemplate":"https:\/\/la-ptite-cerise.be\/?s={search_term_string}"},"query-input":{"@type":"PropertyValueSpecification","valueRequired":true,"valueName":"search_term_string"}}],"inLanguage":"en-US"},{"@type":"Organization","@id":"https:\/\/la-ptite-cerise.be\/#organization","name":"La P'tite Cerise","url":"https:\/\/la-ptite-cerise.be\/","logo":{"@type":"ImageObject","inLanguage":"en-US","@id":"https:\/\/la-ptite-cerise.be\/#\/schema\/logo\/image\/","url":"https:\/\/la-ptite-cerise.be\/wp-content\/uploads\/2020\/10\/logo-header-01.jpg","contentUrl":"https:\/\/la-ptite-cerise.be\/wp-content\/uploads\/2020\/10\/logo-header-01.jpg","width":176,"height":100,"caption":"La P'tite Cerise"},"image":{"@id":"https:\/\/la-ptite-cerise.be\/#\/schema\/logo\/image\/"},"sameAs":["https:\/\/www.facebook.com\/laptitecerise\/","https:\/\/www.instagram.com\/la.ptite_cerise\/"]}]}},"_links":{"self":[{"href":"https:\/\/la-ptite-cerise.be\/en\/wp-json\/wp\/v2\/product\/13622","targetHints":{"allow":["GET"]}}],"collection":[{"href":"https:\/\/la-ptite-cerise.be\/en\/wp-json\/wp\/v2\/product"}],"about":[{"href":"https:\/\/la-ptite-cerise.be\/en\/wp-json\/wp\/v2\/types\/product"}],"wp:featuredmedia":[{"embeddable":true,"href":"https:\/\/la-ptite-cerise.be\/en\/wp-json\/wp\/v2\/media\/13621"}],"wp:attachment":[{"href":"https:\/\/la-ptite-cerise.be\/en\/wp-json\/wp\/v2\/media?parent=13622"}],"wp:term":[{"taxonomy":"product_brand","embeddable":true,"href":"https:\/\/la-ptite-cerise.be\/en\/wp-json\/wp\/v2\/product_brand?post=13622"},{"taxonomy":"product_cat","embeddable":true,"href":"https:\/\/la-ptite-cerise.be\/en\/wp-json\/wp\/v2\/product_cat?post=13622"},{"taxonomy":"product_tag","embeddable":true,"href":"https:\/\/la-ptite-cerise.be\/en\/wp-json\/wp\/v2\/product_tag?post=13622"}],"curies":[{"name":"wp","href":"https:\/\/api.w.org\/{rel}","templated":true}]}}