{"id":13630,"date":"2020-12-08T21:47:18","date_gmt":"2020-12-08T20:47:18","guid":{"rendered":"https:\/\/la-ptite-cerise.be\/produit\/feu-du-dragon\/"},"modified":"2020-12-08T21:47:18","modified_gmt":"2020-12-08T20:47:18","slug":"feu-du-dragon","status":"publish","type":"product","link":"https:\/\/la-ptite-cerise.be\/en\/produit\/feu-du-dragon\/","title":{"rendered":"Feu du dragon"},"content":{"rendered":"<h3 class=\"\" data-start=\"1687\" data-end=\"1741\"><strong data-start=\"1696\" data-end=\"1725\">Green Tea \u2013 Dragon\u2019s Fire<\/strong> (100 g pouch)<\/h3>\n<p class=\"\" data-start=\"1742\" data-end=\"1814\"><strong data-start=\"1742\" data-end=\"1814\">A bold and fruity green tea with apple, redcurrant and citrus spice.<\/strong><\/p>\n<p class=\"\" data-start=\"1816\" data-end=\"2076\">This vibrant blend pairs China Sencha green tea with China White Monkey white tea, enhanced by hibiscus, apple, and redcurrant. Natural flavourings of pear, green apple and blackcurrant, along with pink pepper and lime essential oil, add brightness and warmth.<\/p>\n<p class=\"\" data-start=\"2078\" data-end=\"2133\">\ud83d\udcac <em data-start=\"2081\" data-end=\"2133\">An energising infusion for adventurous tea lovers.<\/em><\/p>\n<hr class=\"\" data-start=\"2135\" data-end=\"2138\" \/>\n<h3 class=\"\" data-start=\"2140\" data-end=\"2160\">\u2705 <strong data-start=\"2146\" data-end=\"2160\">Highlights<\/strong><\/h3>\n<ul data-start=\"2161\" data-end=\"2322\">\n<li class=\"\" data-start=\"2161\" data-end=\"2239\">\n<p class=\"\" data-start=\"2163\" data-end=\"2239\">Premium blend with sustainably sourced ingredients and natural flavourings<\/p>\n<\/li>\n<li class=\"\" data-start=\"2240\" data-end=\"2276\">\n<p class=\"\" data-start=\"2242\" data-end=\"2276\">Fruity, floral and spicy profile<\/p>\n<\/li>\n<li class=\"\" data-start=\"2277\" data-end=\"2322\">\n<p class=\"\" data-start=\"2279\" data-end=\"2322\">Refreshing and complex, great hot or iced<\/p>\n<\/li>\n<\/ul>\n<hr class=\"\" data-start=\"2324\" data-end=\"2327\" \/>\n<h3 class=\"\" data-start=\"2329\" data-end=\"2353\">\ud83e\uddfe <strong data-start=\"2336\" data-end=\"2351\">Ingredients<\/strong><\/h3>\n<p class=\"\" data-start=\"2354\" data-end=\"2624\">China Sencha green tea, hibiscus, China White Monkey white tea, natural pear flavouring, apple, lemon peel, pink pepper, natural green apple flavouring, redcurrant, natural blackcurrant flavouring, lime essential oil<br data-start=\"2570\" data-end=\"2573\" \/><strong data-start=\"2573\" data-end=\"2586\">Allergens<\/strong>: May contain traces of milk and nuts.<\/p>\n<hr class=\"\" data-start=\"2626\" data-end=\"2629\" \/>\n<h3 class=\"\" data-start=\"2631\" data-end=\"2655\">\ud83c\udf7d\ufe0f <strong data-start=\"2639\" data-end=\"2655\">Brewing tips<\/strong><\/h3>\n<ul data-start=\"2656\" data-end=\"2868\">\n<li class=\"\" data-start=\"2656\" data-end=\"2691\">\n<p class=\"\" data-start=\"2658\" data-end=\"2691\"><strong data-start=\"2658\" data-end=\"2679\">Water temperature<\/strong>: 70\u201380\u202f\u00b0C<\/p>\n<\/li>\n<li class=\"\" data-start=\"2692\" data-end=\"2726\">\n<p class=\"\" data-start=\"2694\" data-end=\"2726\"><strong data-start=\"2694\" data-end=\"2711\">Steeping time<\/strong>: 2\u20133 minutes<\/p>\n<\/li>\n<li class=\"\" data-start=\"2727\" data-end=\"2791\">\n<p class=\"\" data-start=\"2729\" data-end=\"2742\"><strong data-start=\"2729\" data-end=\"2741\">Quantity<\/strong>:<\/p>\n<ul data-start=\"2745\" data-end=\"2791\">\n<li class=\"\" data-start=\"2745\" data-end=\"2763\">\n<p class=\"\" data-start=\"2747\" data-end=\"2763\">3 g per 200 ml<\/p>\n<\/li>\n<li class=\"\" data-start=\"2766\" data-end=\"2791\">\n<p class=\"\" data-start=\"2768\" data-end=\"2791\"><strong data-start=\"2768\" data-end=\"2789\">12\u201315 g per litre<\/strong><\/p>\n<\/li>\n<\/ul>\n<\/li>\n<li class=\"\" data-start=\"2792\" data-end=\"2868\">\n<p class=\"\" data-start=\"2794\" data-end=\"2868\"><strong data-start=\"2794\" data-end=\"2816\">Serving suggestion<\/strong>: Enjoy hot for depth, or iced for a refreshing zing<\/p>\n<\/li>\n<\/ul>\n","protected":false},"excerpt":{"rendered":"<p>Fruity green tea with apple, redcurrant and lime. 100 g pouch \u2013 vibrant and spicy.<\/p>\n","protected":false},"featured_media":13629,"template":"","meta":[],"product_brand":[],"product_cat":[143],"product_tag":[],"class_list":{"0":"post-13630","1":"product","2":"type-product","3":"status-publish","4":"has-post-thumbnail","6":"product_cat-tea","8":"first","9":"instock","10":"taxable","11":"shipping-taxable","12":"purchasable","13":"product-type-simple"},"yoast_head":"<!-- This site is optimized with the Yoast SEO plugin v25.7 - https:\/\/yoast.com\/wordpress\/plugins\/seo\/ -->\n<title>Feu du dragon - La P&#039;tite Cerise<\/title>\n<meta name=\"robots\" content=\"index, follow, max-snippet:-1, max-image-preview:large, max-video-preview:-1\" \/>\n<link rel=\"canonical\" href=\"https:\/\/la-ptite-cerise.be\/produit\/feu-du-dragon\/\" \/>\n<meta property=\"og:locale\" content=\"en_US\" \/>\n<meta property=\"og:type\" content=\"article\" \/>\n<meta property=\"og:title\" content=\"Feu du dragon - La P&#039;tite Cerise\" \/>\n<meta property=\"og:description\" content=\"Fruity green tea with apple, redcurrant and lime. 100 g pouch \u2013 vibrant and spicy.\" \/>\n<meta property=\"og:url\" content=\"https:\/\/la-ptite-cerise.be\/produit\/feu-du-dragon\/\" \/>\n<meta property=\"og:site_name\" content=\"La P&#039;tite Cerise\" \/>\n<meta property=\"article:publisher\" content=\"https:\/\/www.facebook.com\/laptitecerise\/\" \/>\n<meta property=\"og:image\" content=\"https:\/\/la-ptite-cerise.be\/wp-content\/uploads\/2020\/12\/83493_1.jpeg\" \/>\n\t<meta property=\"og:image:width\" content=\"500\" \/>\n\t<meta property=\"og:image:height\" content=\"500\" \/>\n\t<meta property=\"og:image:type\" content=\"image\/jpeg\" \/>\n<meta name=\"twitter:card\" content=\"summary_large_image\" \/>\n<meta name=\"twitter:label1\" content=\"Est. reading time\" \/>\n\t<meta name=\"twitter:data1\" content=\"1 minute\" \/>\n<script type=\"application\/ld+json\" class=\"yoast-schema-graph\">{\"@context\":\"https:\/\/schema.org\",\"@graph\":[{\"@type\":\"WebPage\",\"@id\":\"https:\/\/la-ptite-cerise.be\/produit\/feu-du-dragon\/\",\"url\":\"https:\/\/la-ptite-cerise.be\/produit\/feu-du-dragon\/\",\"name\":\"Feu du dragon - La P&#039;tite Cerise\",\"isPartOf\":{\"@id\":\"https:\/\/la-ptite-cerise.be\/#website\"},\"primaryImageOfPage\":{\"@id\":\"https:\/\/la-ptite-cerise.be\/produit\/feu-du-dragon\/#primaryimage\"},\"image\":{\"@id\":\"https:\/\/la-ptite-cerise.be\/produit\/feu-du-dragon\/#primaryimage\"},\"thumbnailUrl\":\"https:\/\/la-ptite-cerise.be\/wp-content\/uploads\/2020\/12\/83493_1.jpeg\",\"datePublished\":\"2020-12-08T20:47:18+00:00\",\"breadcrumb\":{\"@id\":\"https:\/\/la-ptite-cerise.be\/produit\/feu-du-dragon\/#breadcrumb\"},\"inLanguage\":\"en-US\",\"potentialAction\":[{\"@type\":\"ReadAction\",\"target\":[\"https:\/\/la-ptite-cerise.be\/produit\/feu-du-dragon\/\"]}]},{\"@type\":\"ImageObject\",\"inLanguage\":\"en-US\",\"@id\":\"https:\/\/la-ptite-cerise.be\/produit\/feu-du-dragon\/#primaryimage\",\"url\":\"https:\/\/la-ptite-cerise.be\/wp-content\/uploads\/2020\/12\/83493_1.jpeg\",\"contentUrl\":\"https:\/\/la-ptite-cerise.be\/wp-content\/uploads\/2020\/12\/83493_1.jpeg\",\"width\":500,\"height\":500},{\"@type\":\"BreadcrumbList\",\"@id\":\"https:\/\/la-ptite-cerise.be\/produit\/feu-du-dragon\/#breadcrumb\",\"itemListElement\":[{\"@type\":\"ListItem\",\"position\":1,\"name\":\"Accueil\",\"item\":\"https:\/\/la-ptite-cerise.be\/en\/\"},{\"@type\":\"ListItem\",\"position\":2,\"name\":\"Store\",\"item\":\"https:\/\/la-ptite-cerise.be\/boutique\/\"},{\"@type\":\"ListItem\",\"position\":3,\"name\":\"Feu du dragon\"}]},{\"@type\":\"WebSite\",\"@id\":\"https:\/\/la-ptite-cerise.be\/#website\",\"url\":\"https:\/\/la-ptite-cerise.be\/\",\"name\":\"La P'tite Cerise\",\"description\":\"Artisan torr\u00e9facteur de caf\u00e9 de sp\u00e9cialit\u00e9. S\u00e9lection de th\u00e9s &amp; tisanes.\",\"publisher\":{\"@id\":\"https:\/\/la-ptite-cerise.be\/#organization\"},\"potentialAction\":[{\"@type\":\"SearchAction\",\"target\":{\"@type\":\"EntryPoint\",\"urlTemplate\":\"https:\/\/la-ptite-cerise.be\/?s={search_term_string}\"},\"query-input\":{\"@type\":\"PropertyValueSpecification\",\"valueRequired\":true,\"valueName\":\"search_term_string\"}}],\"inLanguage\":\"en-US\"},{\"@type\":\"Organization\",\"@id\":\"https:\/\/la-ptite-cerise.be\/#organization\",\"name\":\"La P'tite Cerise\",\"url\":\"https:\/\/la-ptite-cerise.be\/\",\"logo\":{\"@type\":\"ImageObject\",\"inLanguage\":\"en-US\",\"@id\":\"https:\/\/la-ptite-cerise.be\/#\/schema\/logo\/image\/\",\"url\":\"https:\/\/la-ptite-cerise.be\/wp-content\/uploads\/2020\/10\/logo-header-01.jpg\",\"contentUrl\":\"https:\/\/la-ptite-cerise.be\/wp-content\/uploads\/2020\/10\/logo-header-01.jpg\",\"width\":176,\"height\":100,\"caption\":\"La P'tite Cerise\"},\"image\":{\"@id\":\"https:\/\/la-ptite-cerise.be\/#\/schema\/logo\/image\/\"},\"sameAs\":[\"https:\/\/www.facebook.com\/laptitecerise\/\",\"https:\/\/www.instagram.com\/la.ptite_cerise\/\"]}]}<\/script>\n<!-- \/ Yoast SEO plugin. -->","yoast_head_json":{"title":"Feu du dragon - La P&#039;tite Cerise","robots":{"index":"index","follow":"follow","max-snippet":"max-snippet:-1","max-image-preview":"max-image-preview:large","max-video-preview":"max-video-preview:-1"},"canonical":"https:\/\/la-ptite-cerise.be\/produit\/feu-du-dragon\/","og_locale":"en_US","og_type":"article","og_title":"Feu du dragon - La P&#039;tite Cerise","og_description":"Fruity green tea with apple, redcurrant and lime. 100 g pouch \u2013 vibrant and spicy.","og_url":"https:\/\/la-ptite-cerise.be\/produit\/feu-du-dragon\/","og_site_name":"La P&#039;tite Cerise","article_publisher":"https:\/\/www.facebook.com\/laptitecerise\/","og_image":[{"width":500,"height":500,"url":"https:\/\/la-ptite-cerise.be\/wp-content\/uploads\/2020\/12\/83493_1.jpeg","type":"image\/jpeg"}],"twitter_card":"summary_large_image","twitter_misc":{"Est. reading time":"1 minute"},"schema":{"@context":"https:\/\/schema.org","@graph":[{"@type":"WebPage","@id":"https:\/\/la-ptite-cerise.be\/produit\/feu-du-dragon\/","url":"https:\/\/la-ptite-cerise.be\/produit\/feu-du-dragon\/","name":"Feu du dragon - La P&#039;tite Cerise","isPartOf":{"@id":"https:\/\/la-ptite-cerise.be\/#website"},"primaryImageOfPage":{"@id":"https:\/\/la-ptite-cerise.be\/produit\/feu-du-dragon\/#primaryimage"},"image":{"@id":"https:\/\/la-ptite-cerise.be\/produit\/feu-du-dragon\/#primaryimage"},"thumbnailUrl":"https:\/\/la-ptite-cerise.be\/wp-content\/uploads\/2020\/12\/83493_1.jpeg","datePublished":"2020-12-08T20:47:18+00:00","breadcrumb":{"@id":"https:\/\/la-ptite-cerise.be\/produit\/feu-du-dragon\/#breadcrumb"},"inLanguage":"en-US","potentialAction":[{"@type":"ReadAction","target":["https:\/\/la-ptite-cerise.be\/produit\/feu-du-dragon\/"]}]},{"@type":"ImageObject","inLanguage":"en-US","@id":"https:\/\/la-ptite-cerise.be\/produit\/feu-du-dragon\/#primaryimage","url":"https:\/\/la-ptite-cerise.be\/wp-content\/uploads\/2020\/12\/83493_1.jpeg","contentUrl":"https:\/\/la-ptite-cerise.be\/wp-content\/uploads\/2020\/12\/83493_1.jpeg","width":500,"height":500},{"@type":"BreadcrumbList","@id":"https:\/\/la-ptite-cerise.be\/produit\/feu-du-dragon\/#breadcrumb","itemListElement":[{"@type":"ListItem","position":1,"name":"Accueil","item":"https:\/\/la-ptite-cerise.be\/en\/"},{"@type":"ListItem","position":2,"name":"Store","item":"https:\/\/la-ptite-cerise.be\/boutique\/"},{"@type":"ListItem","position":3,"name":"Feu du dragon"}]},{"@type":"WebSite","@id":"https:\/\/la-ptite-cerise.be\/#website","url":"https:\/\/la-ptite-cerise.be\/","name":"La P'tite Cerise","description":"Artisan torr\u00e9facteur de caf\u00e9 de sp\u00e9cialit\u00e9. S\u00e9lection de th\u00e9s &amp; tisanes.","publisher":{"@id":"https:\/\/la-ptite-cerise.be\/#organization"},"potentialAction":[{"@type":"SearchAction","target":{"@type":"EntryPoint","urlTemplate":"https:\/\/la-ptite-cerise.be\/?s={search_term_string}"},"query-input":{"@type":"PropertyValueSpecification","valueRequired":true,"valueName":"search_term_string"}}],"inLanguage":"en-US"},{"@type":"Organization","@id":"https:\/\/la-ptite-cerise.be\/#organization","name":"La P'tite Cerise","url":"https:\/\/la-ptite-cerise.be\/","logo":{"@type":"ImageObject","inLanguage":"en-US","@id":"https:\/\/la-ptite-cerise.be\/#\/schema\/logo\/image\/","url":"https:\/\/la-ptite-cerise.be\/wp-content\/uploads\/2020\/10\/logo-header-01.jpg","contentUrl":"https:\/\/la-ptite-cerise.be\/wp-content\/uploads\/2020\/10\/logo-header-01.jpg","width":176,"height":100,"caption":"La P'tite Cerise"},"image":{"@id":"https:\/\/la-ptite-cerise.be\/#\/schema\/logo\/image\/"},"sameAs":["https:\/\/www.facebook.com\/laptitecerise\/","https:\/\/www.instagram.com\/la.ptite_cerise\/"]}]}},"_links":{"self":[{"href":"https:\/\/la-ptite-cerise.be\/en\/wp-json\/wp\/v2\/product\/13630","targetHints":{"allow":["GET"]}}],"collection":[{"href":"https:\/\/la-ptite-cerise.be\/en\/wp-json\/wp\/v2\/product"}],"about":[{"href":"https:\/\/la-ptite-cerise.be\/en\/wp-json\/wp\/v2\/types\/product"}],"wp:featuredmedia":[{"embeddable":true,"href":"https:\/\/la-ptite-cerise.be\/en\/wp-json\/wp\/v2\/media\/13629"}],"wp:attachment":[{"href":"https:\/\/la-ptite-cerise.be\/en\/wp-json\/wp\/v2\/media?parent=13630"}],"wp:term":[{"taxonomy":"product_brand","embeddable":true,"href":"https:\/\/la-ptite-cerise.be\/en\/wp-json\/wp\/v2\/product_brand?post=13630"},{"taxonomy":"product_cat","embeddable":true,"href":"https:\/\/la-ptite-cerise.be\/en\/wp-json\/wp\/v2\/product_cat?post=13630"},{"taxonomy":"product_tag","embeddable":true,"href":"https:\/\/la-ptite-cerise.be\/en\/wp-json\/wp\/v2\/product_tag?post=13630"}],"curies":[{"name":"wp","href":"https:\/\/api.w.org\/{rel}","templated":true}]}}